{"id":3476,"date":"2025-03-25T06:18:43","date_gmt":"2025-03-25T06:18:43","guid":{"rendered":"https:\/\/fumotxpress.de\/?post_type=product&#038;p=3476"},"modified":"2025-12-12T09:20:37","modified_gmt":"2025-12-12T09:20:37","slug":"smpo-tron35000-puffs-nicotina-comprar-original-authentisch-recarregavel-descartavel-vapes-pen","status":"publish","type":"product","link":"https:\/\/fumotxpress.de\/pt\/produto\/smpo-tron35000-puffs-nicotina-comprar-original-authentisch-recarregavel-descartavel-vapes-pen\/","title":{"rendered":"SMPO TRON35000 Puffs Nicotina Compre Original Aut\u00eantico Vapes Pen Recarreg\u00e1vel Descart\u00e1vel"},"content":{"rendered":"<article class=\"group\/turn w-full text-token-text-primary focus-visible:outline-none\" dir=\"auto\" tabindex=\"-1\" data-testid=\"conversation-turn-4\" data-scroll-anchor=\"true\">\n<div class=\"text-base my-auto mx-auto py-5 px-6\">\n<div class=\"mx-auto flex flex-1 text-base gap-4 md:gap-5 lg:gap-6 md:max-w-3xl lg:max-w-[40rem] xl:max-w-[48rem]\">\n<div class=\"group\/conversation-turn relative flex w-full min-w-0 flex-col agent-turn @xs\/thread:px-0 @sm\/thread:px-1.5 @md\/thread:px-4\">\n<div class=\"relative flex-col gap-1 md:gap-3\">\n<div class=\"flex max-w-full flex-col flex-grow\">\n<div class=\"min-h-8 text-message relative flex w-full flex-col items-end gap-2 whitespace-normal break-words text-start [.text-message+&amp;]:mt-5\" dir=\"auto\" data-message-author-role=\"assistant\" data-message-id=\"7b9d3162-65e3-476c-a359-47808af6c3e8\" data-message-model-slug=\"gpt-4o\">\n<div class=\"flex w-full flex-col gap-1 empty:hidden first:pt-[3px]\">\n<div class=\"markdown prose w-full break-words dark:prose-invert light\">\n<h2 class=\"\" data-start=\"0\" data-end=\"75\">SMPO TRON35000 Puffs Caneta Vape Descart\u00e1vel: A Experi\u00eancia Shisha Definitiva<\/h2>\n<div style=\"width: 1020px;\" class=\"wp-video\"><!--[if lt IE 9]><script>document.createElement('video');<\/script><![endif]-->\n<video class=\"wp-video-shortcode\" id=\"video-3476-1\" width=\"1020\" height=\"574\" preload=\"metadata\" controls=\"controls\"><source type=\"video\/mp4\" src=\"https:\/\/fumotxpress.de\/wp-content\/uploads\/2025\/03\/Smpo-TRON35000-Shisha-\uff082\uff09.mp4?_=1\" \/><a href=\"https:\/\/fumotxpress.de\/wp-content\/uploads\/2025\/03\/Smpo-TRON35000-Shisha-\uff082\uff09.mp4\">https:\/\/fumotxpress.de\/wp-content\/uploads\/2025\/03\/Smpo-TRON35000-Shisha-\uff082\uff09.mp4<\/a><\/video><\/div>\n<p class=\"\" data-start=\"77\" data-end=\"763\">O <strong data-start=\"81\" data-end=\"125\">Caneta Vape Descart\u00e1vel SMPO TRON35000 Puffs<\/strong> \u00e9 um dispositivo de vaporiza\u00e7\u00e3o de ponta que oferece uma experi\u00eancia incompar\u00e1vel para aqueles que amam vapor suave e saboroso. Com um <strong data-start=\"245\" data-end=\"269\">35.000 capacidade de puff<\/strong>, <strong data-start=\"271\" data-end=\"294\">baixos n\u00edveis de nicotina<\/strong>, e uma variedade de recursos inovadores, este dispositivo leva o vape descart\u00e1vel a novas alturas. Ideal para quem busca uma experi\u00eancia de vape premium e sem complica\u00e7\u00f5es, o SMPO TRON35000 re\u00fane tecnologia, conveni\u00eancia e sabor excepcional em um pacote recarreg\u00e1vel elegante. Dispon\u00edvel para compra exclusivamente em <strong data-start=\"608\" data-end=\"626\">FumotXpress.de<\/strong>, a maior plataforma de varejo online para vaporizadores descart\u00e1veis na Alemanha, este dispositivo promete autenticidade e satisfa\u00e7\u00e3o a cada tragada.<\/p>\n<h3 class=\"\" data-start=\"765\" data-end=\"825\">Por que escolher o SMPO TRON35000 Puffs Vape Pen Descart\u00e1vel?<\/h3>\n<p class=\"\" data-start=\"827\" data-end=\"1282\">O SMPO TRON35000 se destaca dos outros vapes descart\u00e1veis no mercado, oferecendo uma combina\u00e7\u00e3o \u00fanica de materiais de alta qualidade, recursos avan\u00e7ados e tecnologia de ponta. Se voc\u00ea \u00e9 um vaper experiente ou novo no mundo dos vapes descart\u00e1veis, este dispositivo foi projetado para fornecer uma experi\u00eancia excepcional a cada uso. Vamos dar uma olhada mais de perto nos recursos e benef\u00edcios que tornam o SMPO TRON35000 a escolha ideal para suas necessidades de vaporiza\u00e7\u00e3o.<\/p>\n<p data-start=\"827\" data-end=\"1282\"><img loading=\"lazy\" decoding=\"async\" class=\"alignnone size-full wp-image-3479\" src=\"https:\/\/fumotxpress.de\/wp-content\/uploads\/2025\/03\/01-scaled.jpg\" alt=\"\" width=\"2560\" height=\"2560\" srcset=\"https:\/\/fumotxpress.de\/wp-content\/uploads\/2025\/03\/01-scaled.jpg 2560w, https:\/\/fumotxpress.de\/wp-content\/uploads\/2025\/03\/01-300x300.jpg 300w, https:\/\/fumotxpress.de\/wp-content\/uploads\/2025\/03\/01-1024x1024.jpg 1024w, https:\/\/fumotxpress.de\/wp-content\/uploads\/2025\/03\/01-150x150.jpg 150w, https:\/\/fumotxpress.de\/wp-content\/uploads\/2025\/03\/01-768x768.jpg 768w, https:\/\/fumotxpress.de\/wp-content\/uploads\/2025\/03\/01-1536x1536.jpg 1536w, https:\/\/fumotxpress.de\/wp-content\/uploads\/2025\/03\/01-2048x2048.jpg 2048w, https:\/\/fumotxpress.de\/wp-content\/uploads\/2025\/03\/01-12x12.jpg 12w, https:\/\/fumotxpress.de\/wp-content\/uploads\/2025\/03\/01-247x247.jpg 247w, https:\/\/fumotxpress.de\/wp-content\/uploads\/2025\/03\/01-600x600.jpg 600w, https:\/\/fumotxpress.de\/wp-content\/uploads\/2025\/03\/01-100x100.jpg 100w\" sizes=\"auto, (max-width: 2560px) 100vw, 2560px\" \/><\/p>\n<h3 class=\"\" data-start=\"1284\" data-end=\"1344\">Caracter\u00edsticas do SMPO TRON35000 Puffs Vape Pen Descart\u00e1vel<\/h3>\n<ul data-start=\"1346\" data-end=\"4600\">\n<li class=\"\" data-start=\"1346\" data-end=\"1740\">\n<p class=\"\" data-start=\"1348\" data-end=\"1740\"><strong data-start=\"1348\" data-end=\"1372\">35.000 Puffs de Capacidade<\/strong>Uma das caracter\u00edsticas mais impressionais do SMPO TRON35000 \u00e9 sua extraordin\u00e1ria <strong data-start=\"1453\" data-end=\"1477\">35.000 capacidade de puff<\/strong>Isso significa que os usu\u00e1rios podem desfrutar de sess\u00f5es de vaporiza\u00e7\u00e3o prolongadas e ininterruptas sem precisar substituir ou recarregar o dispositivo com frequ\u00eancia. Seja voc\u00ea um vaper ocasional ou um usu\u00e1rio frequente, essa alta contagem de puffs garante que voc\u00ea obtenha um excelente valor pelo seu dinheiro.<\/p>\n<\/li>\n<li class=\"\" data-start=\"1744\" data-end=\"2159\">\n<p class=\"\" data-start=\"1746\" data-end=\"2159\"><strong data-start=\"1746\" data-end=\"1773\">Sistema de Bobina Tripla Mesh<\/strong>: Equipado com um avan\u00e7ado <strong data-start=\"1801\" data-end=\"1828\">Sistema de Bobina Tripla Malha<\/strong>, o SMPO TRON35000 garante uma produ\u00e7\u00e3o de vapor suave e consistente em cada tragada. As bobinas de malha permitem uma distribui\u00e7\u00e3o uniforme do calor, resultando em sabores ricos e intensos sem qualquer sabor queimado. A tecnologia de bobina aprimorada garante que voc\u00ea experimente todo o potencial de cada e-l\u00edquido, tornando cada tragada t\u00e3o satisfat\u00f3ria quanto a \u00faltima.<\/p>\n<\/li>\n<li class=\"\" data-start=\"2161\" data-end=\"2621\">\n<p class=\"\" data-start=\"2163\" data-end=\"2621\"><strong data-start=\"2163\" data-end=\"2212\">Baixa For\u00e7a de Nicotina para uma Experi\u00eancia Mais Suave<\/strong>: O <strong data-start=\"2218\" data-end=\"2234\">baixo teor de nicotina<\/strong> A formula\u00e7\u00e3o do SMPO TRON35000 torna-o ideal para quem prefere uma experi\u00eancia de vaporiza\u00e7\u00e3o mais suave e agrad\u00e1vel. Oferece exatamente o equil\u00edbrio certo entre sabor e for\u00e7a de nicotina sem causar qualquer sensa\u00e7\u00e3o de irrita\u00e7\u00e3o na garganta, permitindo uma sess\u00e3o f\u00e1cil e relaxante. Isto torna-o perfeito para quem procura mudar para uma ingest\u00e3o de nicotina mais baixa ou para quem gosta de um vapor mais suave.<\/p>\n<\/li>\n<li class=\"\" data-start=\"2623\" data-end=\"3033\">\n<p class=\"\" data-start=\"2625\" data-end=\"3033\"><strong data-start=\"2625\" data-end=\"2653\">Conveni\u00eancia Recarreg\u00e1vel<\/strong>: Ao contr\u00e1rio da maioria dos vaporizadores descart\u00e1veis tradicionais, o <strong data-start=\"2701\" data-end=\"2719\">SMPO TRON35000<\/strong> \u00e9 <strong data-start=\"2723\" data-end=\"2739\">recarreg\u00e1vel<\/strong>, oferecendo uma op\u00e7\u00e3o mais sustent\u00e1vel e duradoura. Simplesmente recarregue o dispositivo quando a bateria acabar, e voc\u00ea poder\u00e1 continuar desfrutando do mesmo grande desempenho sem precisar descartar todo o vape. Este recurso ecol\u00f3gico reduz o desperd\u00edcio e maximiza o valor de cada compra.<\/p>\n<\/li>\n<li class=\"\" data-start=\"3035\" data-end=\"3471\">\n<p class=\"\" data-start=\"3037\" data-end=\"3471\"><strong data-start=\"3037\" data-end=\"3082\">Tela LED Inteligente para Monitoramento em Tempo Real<\/strong>: O <strong data-start=\"3088\" data-end=\"3108\">tela LED inteligente<\/strong> integrado no SMPO TRON35000 oferece uma funcionalidade moderna e pr\u00e1tica para os usu\u00e1rios. Ele fornece informa\u00e7\u00f5es em tempo real sobre ambos os <strong data-start=\"3239\" data-end=\"3250\">bateria<\/strong> e <strong data-start=\"3255\" data-end=\"3274\">N\u00edveis de e-l\u00edquido<\/strong>, para que voc\u00ea sempre saiba exatamente quando \u00e9 hora de recarregar ou reabastecer. Isso ajuda a garantir que voc\u00ea nunca acabe com a energia ou o l\u00edquido eletr\u00f4nico inesperadamente, proporcionando uma experi\u00eancia de vaporiza\u00e7\u00e3o suave e sem problemas.<\/p>\n<\/li>\n<li class=\"\" data-start=\"3473\" data-end=\"3831\">\n<p class=\"\" data-start=\"3475\" data-end=\"3831\"><strong data-start=\"3475\" data-end=\"3501\">Design elegante e port\u00e1til<\/strong>O SMPO TRON35000 foi projetado com a portabilidade em mente. Seu corpo elegante e leve facilita o transporte, permitindo que voc\u00ea o leve consigo sem sacrificar estilo ou funcionalidade. O design compacto garante que ele caiba confortavelmente na sua m\u00e3o ou bolso, tornando-o o vape ideal para aqueles que valorizam conveni\u00eancia e mobilidade.<\/p>\n<\/li>\n<li class=\"\" data-start=\"3833\" data-end=\"4252\">\n<p class=\"\" data-start=\"3835\" data-end=\"4252\"><strong data-start=\"3835\" data-end=\"3856\">Qualidade Aut\u00eantica<\/strong>Quando voc\u00ea compra o <strong data-start=\"3880\" data-end=\"3898\">SMPO TRON35000<\/strong> de <strong data-start=\"3904\" data-end=\"3922\">FumotXpress.de<\/strong>, voc\u00ea est\u00e1 garantido um <strong data-start=\"3945\" data-end=\"3976\">produto aut\u00eantico, original<\/strong>.FumotXpress.de compromete-se a fornecer apenas vaporizadores descart\u00e1veis genu\u00ednos e de alta qualidade, adquiridos diretamente de marcas confi\u00e1veis como <strong data-start=\"4106\" data-end=\"4114\">SMPO<\/strong>Nossos clientes podem desfrutar com confian\u00e7a de sua experi\u00eancia de vaporiza\u00e7\u00e3o, sabendo que est\u00e3o usando um produto constru\u00eddo com qualidade e confiabilidade em mente.<\/p>\n<\/li>\n<li class=\"\" data-start=\"4254\" data-end=\"4600\">\n<p class=\"\" data-start=\"4256\" data-end=\"4600\"><strong data-start=\"4256\" data-end=\"4287\">Entrega R\u00e1pida dentro da UE<\/strong>: Como o maior varejista de vaporizadores descart\u00e1veis na Alemanha, <strong data-start=\"4341\" data-end=\"4359\">FumotXpress.de<\/strong> embarca diretamente de nossos <strong data-start=\"4384\" data-end=\"4406\">Armaz\u00e9m europeu<\/strong>, garantindo que seus pedidos cheguem dentro <strong data-start=\"4448\" data-end=\"4460\">3-7 dias<\/strong>N\u00e3o h\u00e1 quantidade m\u00ednima de pedido e atendemos tanto a compradores individuais quanto a grupos varejistas, facilitando a compra conforme necess\u00e1rio.<\/p>\n<\/li>\n<\/ul>\n<hr class=\"\" data-start=\"4602\" data-end=\"4605\" \/>\n<h3 class=\"\" data-start=\"4607\" data-end=\"4660\">SMPO TRON35000 Sabores: Um Sabor para Cada Paladar<\/h3>\n<p class=\"\" data-start=\"4662\" data-end=\"4981\">Um dos aspectos mais emocionais do <strong data-start=\"4702\" data-end=\"4720\">SMPO TRON35000<\/strong> \u00e9 a ampla variedade de sabores deliciosos que oferece. Se voc\u00ea est\u00e1 com vontade de uma mistura frutada, um chute cl\u00e1ssico de hortel\u00e3 ou algo mais ex\u00f3tico, h\u00e1 um sabor para atender a todos os gostos. Abaixo est\u00e1 uma vis\u00e3o detalhada dos sabores dispon\u00edveis na cole\u00e7\u00e3o SMPO TRON35000.<\/p>\n<ol data-start=\"4983\" data-end=\"7063\">\n<li class=\"\" data-start=\"4983\" data-end=\"5279\">\n<p class=\"\" data-start=\"4986\" data-end=\"5279\"><strong data-start=\"4986\" data-end=\"5001\">Explos\u00e3o de Frutas<\/strong>Uma combina\u00e7\u00e3o refrescante de frutas vermelhas doces e \u00e1cidas, <strong data-start=\"5053\" data-end=\"5068\">Explos\u00e3o de Frutas<\/strong> oferece uma explos\u00e3o de do\u00e7ura frutada em cada tragada. O equil\u00edbrio de morango, framboesa e mirtilo cria uma experi\u00eancia deliciosa que \u00e9 perfeita para aqueles que amam sabores vibrantes e refrescantes.<\/p>\n<\/li>\n<li class=\"\" data-start=\"5281\" data-end=\"5538\">\n<p class=\"\" data-start=\"5284\" data-end=\"5538\"><strong data-start=\"5284\" data-end=\"5297\">Cool Mint \nn\u00e3o, Mint Cool \nou \nMenta Gelada<\/strong>: Para aqueles que apreciam um vape crocante e revigorante, <strong data-start=\"5347\" data-end=\"5360\">Cool Mint \nn\u00e3o, Mint Cool \nou \nMenta Gelada<\/strong> oferece uma mistura satisfat\u00f3ria de mentol fresco com uma do\u00e7ura sutil. \u00c9 a escolha perfeita para quem procura um golpe refrescante que deixa a boca sentindo-se fresca e limpa.<\/p>\n<\/li>\n<li class=\"\" data-start=\"5540\" data-end=\"5800\">\n<p class=\"\" data-start=\"5543\" data-end=\"5800\"><strong data-start=\"5543\" data-end=\"5561\">Tropical Mango<\/strong>: <strong data-start=\"5563\" data-end=\"5581\">Tropical Mango<\/strong> transporta voc\u00ea direto para uma praia ensolarada com seu sabor rico e suculento de manga. A do\u00e7ura tropical combinada com um acabamento suave e cremoso torna este sabor uma escolha irresist\u00edvel para aqueles que gostam de misturas de frutas ex\u00f3ticas.<\/p>\n<\/li>\n<li class=\"\" data-start=\"5802\" data-end=\"6043\">\n<p class=\"\" data-start=\"5805\" data-end=\"6043\"><strong data-start=\"5805\" data-end=\"5823\">Melancia Gelo<\/strong>: <strong data-start=\"5825\" data-end=\"5843\">Melancia Gelo<\/strong> \u00e9 a combina\u00e7\u00e3o perfeita de mel\u00e3o refrescante e mentol gelado. Este sabor oferece uma sensa\u00e7\u00e3o crocante e refrescante a cada tragada, ideal para quem anseia por algo doce, fresco e satisfat\u00f3rio.<\/p>\n<\/li>\n<li class=\"\" data-start=\"6045\" data-end=\"6285\">\n<p class=\"\" data-start=\"6048\" data-end=\"6285\"><strong data-start=\"6048\" data-end=\"6067\">Suco de Lim\u00e3o C\u00edtrico<\/strong>: Para um toque picante e c\u00edtrico, <strong data-start=\"6099\" data-end=\"6118\">Suco de Lim\u00e3o C\u00edtrico<\/strong> \u00e9 um absoluto prazer. O sabor c\u00edtrico de lim\u00e3o \u00e9 perfeitamente equilibrado com um toque de do\u00e7ura, proporcionando um sabor ousado, por\u00e9m refrescante, que \u00e9 perfeito para vaporizar o dia todo.<\/p>\n<\/li>\n<li class=\"\" data-start=\"6287\" data-end=\"6523\">\n<p class=\"\" data-start=\"6290\" data-end=\"6523\"><strong data-start=\"6290\" data-end=\"6306\">Fus\u00e3o de Uva<\/strong>: <strong data-start=\"6308\" data-end=\"6324\">Fus\u00e3o de Uva<\/strong> combina o sabor doce e rico de uvas maduras com um toque de notas subjacentes suaves e a\u00e7ucaradas. Este sabor \u00e9 perfeito para aqueles que gostam de um vape ousado e cheio de frutas que \u00e9 ao mesmo tempo satisfat\u00f3rio e saboroso.<\/p>\n<\/li>\n<li class=\"\" data-start=\"6525\" data-end=\"6779\">\n<p class=\"\" data-start=\"6528\" data-end=\"6779\"><strong data-start=\"6528\" data-end=\"6545\">P\u00eassego Ao Nascer Do Sol<\/strong>: O <strong data-start=\"6551\" data-end=\"6568\">P\u00eassego Ao Nascer Do Sol<\/strong> O sabor \u00e9 de um p\u00eassego doce e suculento com um toque c\u00edtrico que \u00e9 perfeito para o ver\u00e3o. Ele entrega um sabor tropical e frutado que \u00e9 refrescante e calmante, perfeito para aqueles que gostam de um vape suave, mas com sabor.<\/p>\n<\/li>\n<li class=\"\" data-start=\"6781\" data-end=\"7063\">\n<p class=\"\" data-start=\"6784\" data-end=\"7063\"><strong data-start=\"6784\" data-end=\"6802\">Morango Gelo<\/strong>: Para um sabor de fruta cl\u00e1ssico com um toque gelado, <strong data-start=\"6850\" data-end=\"6868\">Morango Gelo<\/strong> \u00e9 a escolha perfeita. Ele combina a do\u00e7ura de morangos maduros com um efeito refrescante de mentol, proporcionando uma experi\u00eancia refrescante ideal para quem deseja um sabor frutado, por\u00e9m crocante.<\/p>\n<\/li>\n<\/ol>\n<hr class=\"\" data-start=\"7065\" data-end=\"7068\" \/>\n<h3 class=\"\" data-start=\"7070\" data-end=\"7122\">Por que comprar SMPO TRON35000 da FumotXpress.de?<\/h3>\n<p class=\"\" data-start=\"7124\" data-end=\"7495\">Em <strong data-start=\"7127\" data-end=\"7145\">FumotXpress.de<\/strong>, temos orgulho de oferecer o <strong data-start=\"7173\" data-end=\"7217\">Caneta Vape Descart\u00e1vel SMPO TRON35000 Puffs<\/strong> e outros vaporizadores descart\u00e1veis de alta qualidade diretamente aos clientes na Alemanha e em toda a UE. Como o <strong data-start=\"7316\" data-end=\"7386\">maior plataforma de varejo online para vaporizadores descart\u00e1veis na Alemanha<\/strong>, nos concentramos em fornecer uma experi\u00eancia de compras f\u00e1cil e conveniente, entrega r\u00e1pida e produtos de alta qualidade.<\/p>\n<p class=\"\" data-start=\"7497\" data-end=\"7541\">Ao escolher FumotXpress.de, voc\u00ea tem a garantia:<\/p>\n<ul data-start=\"7543\" data-end=\"7835\">\n<li class=\"\" data-start=\"7543\" data-end=\"7616\">\n<p class=\"\" data-start=\"7545\" data-end=\"7616\"><strong data-start=\"7545\" data-end=\"7567\">Produtos Aut\u00eanticos<\/strong>: Apenas vaporizadores descart\u00e1veis genu\u00ednos e de alta qualidade.<\/p>\n<\/li>\n<li class=\"\" data-start=\"7617\" data-end=\"7692\">\n<p class=\"\" data-start=\"7619\" data-end=\"7692\"><strong data-start=\"7619\" data-end=\"7636\">Entrega R\u00e1pida<\/strong>: Entregue em 3-7 dias a partir do nosso armaz\u00e9m europeu.<\/p>\n<\/li>\n<li class=\"\" data-start=\"7693\" data-end=\"7757\">\n<p class=\"\" data-start=\"7695\" data-end=\"7757\"><strong data-start=\"7695\" data-end=\"7715\">Sem Pedido M\u00ednimo<\/strong>: Voc\u00ea pode comprar t\u00e3o poucos como 1 pe\u00e7a de cada vez.<\/p>\n<\/li>\n<li class=\"\" data-start=\"7758\" data-end=\"7835\">\n<p class=\"\" data-start=\"7760\" data-end=\"7835\"><strong data-start=\"7760\" data-end=\"7776\">Ampla Variedade<\/strong>: Explore uma variedade de produtos de vape premium de marcas l\u00edderes.<\/p>\n<\/li>\n<\/ul>\n<p><img loading=\"lazy\" decoding=\"async\" class=\"alignnone size-full wp-image-3478\" src=\"https:\/\/fumotxpress.de\/wp-content\/uploads\/2025\/03\/05-scaled.jpg\" alt=\"\" width=\"2560\" height=\"2560\" srcset=\"https:\/\/fumotxpress.de\/wp-content\/uploads\/2025\/03\/05-scaled.jpg 2560w, https:\/\/fumotxpress.de\/wp-content\/uploads\/2025\/03\/05-300x300.jpg 300w, https:\/\/fumotxpress.de\/wp-content\/uploads\/2025\/03\/05-1024x1024.jpg 1024w, https:\/\/fumotxpress.de\/wp-content\/uploads\/2025\/03\/05-150x150.jpg 150w, https:\/\/fumotxpress.de\/wp-content\/uploads\/2025\/03\/05-768x768.jpg 768w, https:\/\/fumotxpress.de\/wp-content\/uploads\/2025\/03\/05-1536x1536.jpg 1536w, https:\/\/fumotxpress.de\/wp-content\/uploads\/2025\/03\/05-2048x2048.jpg 2048w, https:\/\/fumotxpress.de\/wp-content\/uploads\/2025\/03\/05-12x12.jpg 12w, https:\/\/fumotxpress.de\/wp-content\/uploads\/2025\/03\/05-247x247.jpg 247w, https:\/\/fumotxpress.de\/wp-content\/uploads\/2025\/03\/05-600x600.jpg 600w, https:\/\/fumotxpress.de\/wp-content\/uploads\/2025\/03\/05-100x100.jpg 100w\" sizes=\"auto, (max-width: 2560px) 100vw, 2560px\" \/><\/p>\n<p>&nbsp;<\/p>\n<p class=\"\" data-start=\"7837\" data-end=\"8020\">Pronto para experimentar o melhor em vaporiza\u00e7\u00e3o descart\u00e1vel? Dirija-se a <strong data-start=\"7896\" data-end=\"7914\">FumotXpress.de<\/strong> Hoje e descubra por que somos a plataforma de refer\u00eancia para <strong data-start=\"7968\" data-end=\"8008\">aut\u00eanticos vaporizadores descart\u00e1veis originais<\/strong> na Alemanha!<\/p>\n<\/div>\n<\/div>\n<\/div>\n<\/div>\n<div class=\"flex justify-start\">\n<div class=\"-me-1 -ms-2.5 flex select-none items-center p-1 touch:-me-2 touch:-ms-3.5 -mt-1 transition-[mask-position] [mask-image:linear-gradient(to_var(--mask-direction),black_33%,transparent_66%)] [mask-position:var(--mask-from-pos)] [mask-size:300%_100%] [--mask-direction:right] [--mask-from-pos:100%_0] [--mask-to-pos:0_0] duration-[1.5s]\"><\/div>\n<\/div>\n<div class=\"mt-3 w-full empty:hidden\">\n<div class=\"text-center\"><\/div>\n<\/div>\n<\/div>\n<div class=\"absolute\">\n<div class=\"flex items-center justify-center\"><\/div>\n<\/div>\n<\/div>\n<\/div>\n<\/div>\n<\/article>\n<div class=\"pointer-events-none h-px w-px\" aria-hidden=\"true\" data-edge=\"true\"><\/div>","protected":false},"excerpt":{"rendered":"<p>O \nder \n\u00e9 \num \nartigo \ndefinido \nem \nalem\u00e3o \ne \npode \nser \ntraduzido \ncomo \n\"o\" \nou \n\"a\" \nno \nportugu\u00eas. \nNo \nentanto, \nsem \numa \nfrase \nou \ncontexto \nespec\u00edfico, \na \ntradu\u00e7\u00e3o \nmais \nsimples \nseria \n\"O\". <strong data-start=\"4\" data-end=\"48\">Caneta Vape Descart\u00e1vel SMPO TRON35000 Puffs<\/strong> Oferece, com seu inovador sistema de bobina tripla mesh, uma capacidade de 35.000 tragadas e um visor LED inteligente para l\u00edquido e n\u00edvel de bateria, uma experi\u00eancia de vaporiza\u00e7\u00e3o incompar\u00e1vel, ao mesmo tempo em que mant\u00e9m baixos n\u00edveis de nicotina.<\/p>","protected":false},"featured_media":3750,"comment_status":"open","ping_status":"closed","template":"","meta":{"om_disable_all_campaigns":false},"product_brand":[],"product_cat":[119],"product_tag":[],"class_list":{"0":"post-3476","1":"product","2":"type-product","3":"status-publish","4":"has-post-thumbnail","6":"product_cat-smpo-tron35000-puffs","8":"first","9":"instock","10":"shipping-taxable","11":"purchasable","12":"product-type-variable"},"_links":{"self":[{"href":"https:\/\/fumotxpress.de\/pt\/wp-json\/wp\/v2\/product\/3476","targetHints":{"allow":["GET"]}}],"collection":[{"href":"https:\/\/fumotxpress.de\/pt\/wp-json\/wp\/v2\/product"}],"about":[{"href":"https:\/\/fumotxpress.de\/pt\/wp-json\/wp\/v2\/types\/product"}],"replies":[{"embeddable":true,"href":"https:\/\/fumotxpress.de\/pt\/wp-json\/wp\/v2\/comments?post=3476"}],"wp:featuredmedia":[{"embeddable":true,"href":"https:\/\/fumotxpress.de\/pt\/wp-json\/wp\/v2\/media\/3750"}],"wp:attachment":[{"href":"https:\/\/fumotxpress.de\/pt\/wp-json\/wp\/v2\/media?parent=3476"}],"wp:term":[{"taxonomy":"product_brand","embeddable":true,"href":"https:\/\/fumotxpress.de\/pt\/wp-json\/wp\/v2\/product_brand?post=3476"},{"taxonomy":"product_cat","embeddable":true,"href":"https:\/\/fumotxpress.de\/pt\/wp-json\/wp\/v2\/product_cat?post=3476"},{"taxonomy":"product_tag","embeddable":true,"href":"https:\/\/fumotxpress.de\/pt\/wp-json\/wp\/v2\/product_tag?post=3476"}],"curies":[{"name":"wp","href":"https:\/\/api.w.org\/{rel}","templated":true}]}}