{"id":2115,"date":"2024-12-07T01:32:41","date_gmt":"2024-12-07T01:32:41","guid":{"rendered":"https:\/\/fumotxpress.de\/?post_type=product&#038;p=2115"},"modified":"2025-05-20T09:51:56","modified_gmt":"2025-05-20T09:51:56","slug":"arymi-i-fun-40k-puffs-compre-caneta-vaporizadora-descartavel-recarregavel-autentica-e-original-2","status":"publish","type":"product","link":"https:\/\/fumotxpress.de\/pt\/produto\/arymi-i-fun-40k-puffs-compre-caneta-vaporizadora-descartavel-recarregavel-autentica-e-original-2\/","title":{"rendered":"Armaz\u00e9m Europeu Arymi Hookalit 40000 Puffs Baixo Nicotina Compre Original Aut\u00eantico Vapes Pen Recarreg\u00e1vel Descart\u00e1vel"},"content":{"rendered":"<h2><strong>Caneta Vape Descart\u00e1vel Recarreg\u00e1vel Arymi Hookalit 40000 Puffs - A Experi\u00eancia de Vapeo Definitiva<\/strong><strong>Introdu\u00e7\u00e3o ao Arymi Hookalit 40000 Puffs<\/strong><\/h2>\n<div style=\"width: 1020px;\" class=\"wp-video\"><!--[if lt IE 9]><script>document.createElement('video');<\/script><![endif]-->\n<video class=\"wp-video-shortcode\" id=\"video-2115-1\" width=\"1020\" height=\"574\" preload=\"metadata\" controls=\"controls\"><source type=\"video\/mp4\" src=\"https:\/\/fumotxpress.de\/wp-content\/uploads\/2024\/12\/ARYMI\u89c6\u9891.mp4?_=1\" \/><a href=\"https:\/\/fumotxpress.de\/wp-content\/uploads\/2024\/12\/ARYMI.mp4\">https:\/\/fumotxpress.de\/wp-content\/uploads\/2024\/12\/ARYMI.mp4<\/a><\/video><\/div>\n<p>O Arymi Hookalit 40000 Puffs Recarreg\u00e1vel Caneta Vape Descart\u00e1vel \u00e9 o companheiro perfeito para aqueles que buscam uma experi\u00eancia de vaporiza\u00e7\u00e3o extraordin\u00e1ria. Elaborado com precis\u00e3o e projetado para fornecer at\u00e9 48.000 puffs, este vape premium oferece uma combina\u00e7\u00e3o excepcional de durabilidade, sabor e versatilidade. Se voc\u00ea \u00e9 um vaper experiente ou novo no mundo dos vapes descart\u00e1veis, o Arymi I Fun 48K promete atender e superar suas expectativas com seus recursos e desempenho excepcionais.<\/p>\n<p>Na FumotXpress.de, a maior plataforma de varejo online de vaporizadores descart\u00e1veis na Alemanha e na Europa, temos orgulho de oferecer o Arymi Hookalit 40000 Puffs a pre\u00e7os competitivos. Nossa plataforma \u00e9 especializada em fornecer produtos de vaporiza\u00e7\u00e3o de primeira linha, incluindo marcas populares como Al Fakher, Fizzy, OBEELAB HHC e SMPO DL02. Sem requisitos m\u00ednimos de pedido e entrega r\u00e1pida em 3-7 dias de nossos armaz\u00e9ns europeus, comprar vaporizadores descart\u00e1veis nunca foi t\u00e3o f\u00e1cil.<\/p>\n<h2>Caracter\u00edsticas Principais do Arymi Hookalit 40000 Puffs Vape Pen Descart\u00e1vel<\/h2>\n<p>O Arymi Hookalit 40000 Puffs se destaca no mercado de vape lotado devido \u00e0s suas caracter\u00edsticas avan\u00e7adas e design centrado no usu\u00e1rio. Aqui est\u00e1 uma vis\u00e3o geral detalhada de suas principais caracter\u00edsticas:<\/p>\n<h3>1. <strong>Capacidade de Puff Inigual\u00e1vel<\/strong><\/h3>\n<ul>\n<li>Com uma capacidade incr\u00edvel de at\u00e9 <strong>48.000 puffs<\/strong>, o Arymi Hookalit 40000 Puffs \u00e9 um dos vapes descart\u00e1veis \u200b\u200bcom maior durabilidade dispon\u00edveis hoje. Se voc\u00ea \u00e9 um usu\u00e1rio casual ou um vaper pesado, este dispositivo garante que voc\u00ea n\u00e3o precise se preocupar em acabar com os puffs t\u00e3o cedo.<\/li>\n<\/ul>\n<h3>2. <strong>Grande Reservat\u00f3rio de E-L\u00edquido (50ml)<\/strong><\/h3>\n<ul>\n<li>O vape \u00e9 equipado com um <strong>Capacidade de e-l\u00edquido de 50ml<\/strong>, reduzindo significativamente a necessidade de reabastecimentos frequentes. Isso o torna ideal para uso a longo prazo, proporcionando sabor consistente e satisfa\u00e7\u00e3o a cada tragada.<\/li>\n<\/ul>\n<h3>3. <strong>Bateria Recarreg\u00e1vel (1300mAh)<\/strong><\/h3>\n<ul>\n<li>Alimentado por um <strong>Bateria recarreg\u00e1vel de 1300mAh<\/strong>, este dispositivo oferece desempenho confi\u00e1vel ao longo de sua vida \u00fatil. Quando a bateria acabar, simplesmente recarregue-a para continuar a desfrutar de suas sess\u00f5es de vaporiza\u00e7\u00e3o sem a necessidade de uma substitui\u00e7\u00e3o completa.<\/li>\n<\/ul>\n<h3>4. <strong>Fluxo de Ar Ajust\u00e1vel para Vape Personalizado<\/strong><\/h3>\n<ul>\n<li>O Arymi Hookalit 40000 Puffs permite que voc\u00ea ajuste sua experi\u00eancia de vaporiza\u00e7\u00e3o com seu <strong>sistema de fluxo de ar ajust\u00e1vel<\/strong>Alternar entre <strong>MTL (Boca-Pulm\u00e3o)<\/strong> e <strong>DTL (Direto-Ao-Pulm\u00e3o)<\/strong> estilos para uma experi\u00eancia de vaporiza\u00e7\u00e3o mais personalizada. Este recurso permite que voc\u00ea ajuste a intensidade e a suavidade da tragada de acordo com suas prefer\u00eancias.<\/li>\n<\/ul>\n<h3>5. <strong>Design Leve e Port\u00e1til<\/strong><\/h3>\n<ul>\n<li>Projetado com a conveni\u00eancia em mente, o Arymi Hookalit 40000 Puffs \u00e9 <strong>leve e port\u00e1til<\/strong>, tornando f\u00e1cil de carregar para onde voc\u00ea v\u00e1. Seu design ergon\u00f4mico garante um aperto confort\u00e1vel, mesmo durante sess\u00f5es prolongadas de vaporiza\u00e7\u00e3o.<\/li>\n<\/ul>\n<h3>6. <strong>Est\u00e9tica Estilosa e Moderna<\/strong><\/h3>\n<ul>\n<li>O design elegante e moderno do Arymi Hookalit 40000 Puffs combina sofistica\u00e7\u00e3o com funcionalidade. Dispon\u00edvel em uma variedade de cores, o dispositivo tamb\u00e9m oferece op\u00e7\u00f5es de personaliza\u00e7\u00e3o para combinar com o seu estilo pessoal. Se voc\u00ea prefere um acabamento met\u00e1lico elegante ou uma apar\u00eancia mais vibrante, o Arymi Hookalit 40000 Puffs complementa a sua personalidade.<\/li>\n<\/ul>\n<h3>7. <strong>Pr\u00e9-preenchidos com E-L\u00edquidos Premium<\/strong><\/h3>\n<ul>\n<li>O Arymi Hookalit 40000 Puffs vem pr\u00e9-preenchido com <strong>E-l\u00edquidos premium<\/strong>, oferecendo sabores ricos e aut\u00eanticos que aprimoram sua experi\u00eancia de vaporiza\u00e7\u00e3o. Com uma variedade de op\u00e7\u00f5es de sabores, cada tragada promete um sabor satisfat\u00f3rio e agrad\u00e1vel.<\/li>\n<\/ul>\n<h3>8. <strong>Op\u00e7\u00f5es de For\u00e7a de Nicotina<\/strong><\/h3>\n<ul>\n<li>O Arymi Hookalit 40000 Puffs est\u00e1 dispon\u00edvel em diferentes <strong>Op\u00e7\u00f5es de for\u00e7a de nicotina<\/strong>, permitindo que voc\u00ea selecione o n\u00edvel ideal com base em suas prefer\u00eancias. Se voc\u00ea preferir um impacto forte ou uma experi\u00eancia mais suave, h\u00e1 uma intensidade de nicotina para todos.<\/li>\n<\/ul>\n<p>&nbsp;<\/p>\n<p><img loading=\"lazy\" decoding=\"async\" class=\"alignnone wp-image-2118 size-full\" src=\"https:\/\/fumotxpress.de\/wp-content\/uploads\/2024\/12\/ARymi-40k.webp\" alt=\"Armaz\u00e9m Europeu Arymi Hookalit 40000 Puffs Baixo Nicotina Compre Original Aut\u00eantico Vapes Pen Recarreg\u00e1vel Descart\u00e1vel\" width=\"2000\" height=\"2000\" srcset=\"https:\/\/fumotxpress.de\/wp-content\/uploads\/2024\/12\/ARymi-40k.webp 2000w, https:\/\/fumotxpress.de\/wp-content\/uploads\/2024\/12\/ARymi-40k-300x300.webp 300w, https:\/\/fumotxpress.de\/wp-content\/uploads\/2024\/12\/ARymi-40k-1024x1024.webp 1024w, https:\/\/fumotxpress.de\/wp-content\/uploads\/2024\/12\/ARymi-40k-150x150.webp 150w, https:\/\/fumotxpress.de\/wp-content\/uploads\/2024\/12\/ARymi-40k-768x768.webp 768w, https:\/\/fumotxpress.de\/wp-content\/uploads\/2024\/12\/ARymi-40k-1536x1536.webp 1536w, https:\/\/fumotxpress.de\/wp-content\/uploads\/2024\/12\/ARymi-40k-12x12.webp 12w, https:\/\/fumotxpress.de\/wp-content\/uploads\/2024\/12\/ARymi-40k-247x247.webp 247w, https:\/\/fumotxpress.de\/wp-content\/uploads\/2024\/12\/ARymi-40k-600x600.webp 600w, https:\/\/fumotxpress.de\/wp-content\/uploads\/2024\/12\/ARymi-40k-100x100.webp 100w\" sizes=\"auto, (max-width: 2000px) 100vw, 2000px\" \/><\/p>\n<h2>Sabores Dispon\u00edveis de Arymi Hookalit 40000 Puffs<\/h2>\n<p>Um dos pontos fortes do Arymi Hookalit 40000 Puffs \u00e9 sua ampla gama de sabores deliciosos e \u00fanicos. Aqui est\u00e3o as op\u00e7\u00f5es de sabores dispon\u00edveis, cuidadosamente elaboradas para proporcionar uma experi\u00eancia de sabor rica e satisfat\u00f3ria:<\/p>\n<h3>1. <strong>Tropical Mango<\/strong><\/h3>\n<ul>\n<li>Desfrute do sabor ex\u00f3tico e suculento de <strong>Tropical Mango<\/strong>Este sabor oferece uma combina\u00e7\u00e3o perfeita de mangos maduros e doces com um toque sutil que transportar\u00e1 seus sentidos para um para\u00edso tropical.<\/li>\n<\/ul>\n<h3>2. <strong>Misto de Frutas Vermelhas Explos\u00e3o<\/strong><\/h3>\n<ul>\n<li><strong>Misto de Frutas Vermelhas Explos\u00e3o<\/strong> combina a do\u00e7ura vibrante de morangos, mirtilos e framboesas para uma experi\u00eancia de vaporiza\u00e7\u00e3o refrescante e \u00e1cida. \u00c9 o sonho de um amante de frutas vermelhas, proporcionando uma explos\u00e3o de bondade frutada em cada tragada.<\/li>\n<\/ul>\n<h3>3. <strong>Fresco de Hortel\u00e3<\/strong><\/h3>\n<ul>\n<li>Para quem gosta de uma sensa\u00e7\u00e3o refrescante, o <strong>Fresco de Hortel\u00e3<\/strong> O sabor entrega uma menta fresca e gelada que refresca o seu paladar. \u00c9 perfeito para vapers que amam um golpe suave e mentolado com um toque de frescura.<\/li>\n<\/ul>\n<h3>4. <strong>Melancia Splash<\/strong><\/h3>\n<ul>\n<li>Desfrute do sabor suculento e doce de maduro <strong>melancia<\/strong> em cada tragada. O <strong>Melancia Splash<\/strong> \u00e9 um sabor doce e refrescante que oferece o equil\u00edbrio perfeito de frutas suculentas, tornando-o ideal para vaporiza\u00e7\u00e3o em clima quente.<\/li>\n<\/ul>\n<h3>5. <strong>Tropical Pineapple \nn\u00e3o necessita de tradu\u00e7\u00e3o, mas se for um produto, \n seria  Abacate Tropical \nou apenas \n Abacaxi Tropical<\/strong><\/h3>\n<ul>\n<li>O <strong>Tropical Pineapple \nn\u00e3o necessita de tradu\u00e7\u00e3o, mas se for um produto, \n seria  Abacate Tropical \nou apenas \n Abacaxi Tropical<\/strong> O sabor \u00e9 um perfil doce, \u00e1cido e ligeiramente azedo que captura a ess\u00eancia do abacaxi fresco. Este sabor \u00e9 perfeito para aqueles que anseiam uma escapada tropical a cada tragada.<\/li>\n<\/ul>\n<h3>6. <strong>P\u00eassego Gelo<\/strong><\/h3>\n<ul>\n<li><strong>P\u00eassego Gelo<\/strong> oferece um delicioso sabor de p\u00eassego suave com um toque de mentol. A do\u00e7ura natural do p\u00eassego \u00e9 complementada por um final fresco e gelado, tornando-o um vape perfeito para o dia todo.<\/li>\n<\/ul>\n<h3>7. <strong>Morango Kiwi<\/strong><\/h3>\n<ul>\n<li>combina\u00e7\u00e3o de morangos maduros e kiwi azedo no <strong>Morango Kiwi<\/strong> Este sabor cria uma mistura de frutas equilibrada e harmoniosa. Este sabor \u00e9 doce, refrescante e perfeito para os amantes de frutas.<\/li>\n<\/ul>\n<h3>8. <strong>Sonho de Uva<\/strong><\/h3>\n<ul>\n<li><strong>Sonho de Uva<\/strong> entrega a do\u00e7ura profunda e rica de uvas maduras. O sabor \u00e9 de corpo inteiro e suave, com um leve toque \u00e1cido no final que equilibra a do\u00e7ura, criando uma experi\u00eancia de vaporiza\u00e7\u00e3o satisfat\u00f3ria.<\/li>\n<\/ul>\n<h3>9. <strong>Lush Ice<\/strong><\/h3>\n<ul>\n<li>Para aqueles que apreciam uma experi\u00eancia ousada e refrescante, o <strong>Lush Ice<\/strong> O sabor combina a do\u00e7ura do mel\u00e3o com um toque frio e mentolado gelado. \u00c9 perfeito para uma experi\u00eancia de vaporiza\u00e7\u00e3o fresca e suave.<\/li>\n<\/ul>\n<h3>10. <strong>Suco de Lim\u00e3o com Mirtilo<\/strong><\/h3>\n<ul>\n<li>O <strong>Suco de Lim\u00e3o com Mirtilo<\/strong> O sabor combina a acidez do limonada fresca e a do\u00e7ura de mirtilos maduros. \u00c9 uma mistura \u00e1cida e refrescante, ideal para uma sess\u00e3o de vaporiza\u00e7\u00e3o revigorante.<\/li>\n<\/ul>\n<h2>Por que escolher o Arymi Hookalit 40000 Puffs Vape Pen Descart\u00e1vel?<\/h2>\n<p>Existem v\u00e1rias raz\u00f5es pelas quais o Arymi Hookalit 40000 Puffs Descart\u00e1vel Vape Pen \u00e9 a escolha perfeita para voc\u00ea:<\/p>\n<ul>\n<li><strong>Desempenho Duradouro<\/strong>: Com at\u00e9 48.000 tragadas, ele supera a maioria dos vapes descart\u00e1veis do mercado, oferecendo uma experi\u00eancia de vaporiza\u00e7\u00e3o confi\u00e1vel e sem complica\u00e7\u00f5es.<\/li>\n<li><strong>Sele\u00e7\u00e3o de Sabor Premium<\/strong>: Desfrute de uma variedade de sabores ricos e vibrantes que atendem a todos os gostos, desde frutados at\u00e9 refrescantes e tropicais.<\/li>\n<li><strong>Conveni\u00eancia<\/strong>: O dispositivo \u00e9 recarreg\u00e1vel, permitindo um uso mais prolongado sem necessidade de uma substitui\u00e7\u00e3o completa.<\/li>\n<li><strong>Personaliza\u00e7\u00e3o<\/strong>: Personalize sua experi\u00eancia de vaporiza\u00e7\u00e3o com fluxo de ar ajust\u00e1vel e escolha entre uma ampla sele\u00e7\u00e3o de n\u00edveis de nicotina.<\/li>\n<li><strong>Sem Pedido M\u00ednimo<\/strong>: Na FumotXpress.de, voc\u00ea pode comprar apenas uma pe\u00e7a ou mais, sem quantidade m\u00ednima de pedido. Atendemos tanto a clientes individuais quanto a grupos varejistas em toda a Europa.<\/li>\n<\/ul>\n<h2>Como Comprar Arymi Hookalit 40000 Puffs de FumotXpress.de<\/h2>\n<p>Pronto para elevar sua experi\u00eancia de vaporiza\u00e7\u00e3o? Visite <a href=\"https:\/\/fumotxpress.de\/pt\/\"><strong>FumotXpress.de<\/strong><\/a>, a maior plataforma online da Europa para vaporizadores descart\u00e1veis, e pegue em suas m\u00e3os o Arymi Hookalit 40000 Puffs Recarreg\u00e1vel Caneta Vape Descart\u00e1vel hoje. Com envio r\u00e1pido dos nossos armaz\u00e9ns europeus e sem encomenda m\u00ednima, nunca foi t\u00e3o f\u00e1cil aceder a vaporizadores de alta qualidade. Encomende agora e experimente o pr\u00f3ximo n\u00edvel de satisfa\u00e7\u00e3o de vaporiza\u00e7\u00e3o!<\/p>\n<hr \/>\n<p>Para aqueles que est\u00e3o procurando comprar vaporizadores descart\u00e1veis de alta qualidade na Alemanha e na Europa, a FumotXpress.de oferece o servi\u00e7o mais confi\u00e1vel, uma ampla sele\u00e7\u00e3o de produtos e op\u00e7\u00f5es de entrega r\u00e1pida. Compre seu Arymi Hookalit 40000 Puffs hoje mesmo e desfrute da experi\u00eancia de vaporiza\u00e7\u00e3o definitiva com facilidade!<\/p>","protected":false},"excerpt":{"rendered":"<p>Pronto para elevar sua experi\u00eancia de vaporiza\u00e7\u00e3o? Visite <a href=\"https:\/\/fumotxpress.de\/pt\/\"><strong>FumotXpress.de<\/strong><\/a>, a maior plataforma online da Europa para vaporizadores descart\u00e1veis, e compre hoje mesmo o Arymi Hookalit 40000 Puffs Vape Pen Recarreg\u00e1vel Descart\u00e1vel.<\/p>","protected":false},"featured_media":2116,"comment_status":"open","ping_status":"closed","template":"","meta":{"om_disable_all_campaigns":false},"product_brand":[],"product_cat":[39,91,92,93,94,97,99,100,101,102,103,104,105,106,107,108,111,112,78,79,80,81,82,83,84,85,86,87,88,89,90,70,113,56,61,63,64,65,67,68],"product_tag":[],"class_list":{"0":"post-2115","1":"product","2":"type-product","3":"status-publish","4":"has-post-thumbnail","6":"product_cat-arymi-i-fun-28000-28k-puff","7":"product_cat-buy-best-disposable-vape-flavors","8":"product_cat-apple-flavor-disposable-vapes","9":"product_cat-blue-razz-flavor-disposable-vapes","10":"product_cat-blueberry-flavor-disposable-vapes","11":"product_cat-grape-flavor-disposable-vapes","12":"product_cat-ice-flavor-disposable-vapes","13":"product_cat-kiwi-flavor-disposable-vapes","14":"product_cat-lemon-flavor-disposable-vapes","15":"product_cat-lush-flavor-disposable-vapes","16":"product_cat-mango-flavor-disposable-vapes","17":"product_cat-mint-flavor-disposable-vapes","18":"product_cat-mixed-berries-flavor-disposable-vapes","19":"product_cat-passion-fruit-flavor-disposable-vapes","20":"product_cat-peach-flavor-disposable-vapes","21":"product_cat-pineapple-flavor-disposable-vapes","22":"product_cat-strawberry-flavor-disposable-vapes","23":"product_cat-watermelon-flavor-disposable-vapes","24":"product_cat-best-disposable-vape-in-europe","25":"product_cat-buy-disposable-vapes-in-austria","26":"product_cat-buy-disposable-vapes-in-belgium","27":"product_cat-buy-disposable-vapes-in-france","28":"product_cat-buy-disposable-vapes-in-germany","29":"product_cat-buy-disposable-vapes-in-italy","30":"product_cat-buy-disposable-vapes-in-netherlands","31":"product_cat-buy-disposable-vapes-in-norway","32":"product_cat-buy-disposable-vapes-in-poland","33":"product_cat-buy-disposable-vapes-in-portugal","34":"product_cat-buy-disposable-vapes-in-spain","35":"product_cat-buy-disposable-vapes-in-sweden","36":"product_cat-buy-disposable-vapes-in-switzerland","37":"product_cat-shop-disposable-vapes-by-puffs","38":"product_cat-40000-puff-disposable-vape","39":"product_cat-disposable-vape-types","40":"product_cat-big-puffs-disposable-vapes","41":"product_cat-digital-box-disposable-vapes","42":"product_cat-dual-mesh-disposable-vapes","43":"product_cat-lower-nicotine-disposable-vapes","44":"product_cat-rechargeable-disposable-vapes","45":"product_cat-shisha-hookah-disposable-vapes","47":"first","48":"instock","49":"shipping-taxable","50":"purchasable","51":"product-type-variable"},"_links":{"self":[{"href":"https:\/\/fumotxpress.de\/pt\/wp-json\/wp\/v2\/product\/2115","targetHints":{"allow":["GET"]}}],"collection":[{"href":"https:\/\/fumotxpress.de\/pt\/wp-json\/wp\/v2\/product"}],"about":[{"href":"https:\/\/fumotxpress.de\/pt\/wp-json\/wp\/v2\/types\/product"}],"replies":[{"embeddable":true,"href":"https:\/\/fumotxpress.de\/pt\/wp-json\/wp\/v2\/comments?post=2115"}],"wp:featuredmedia":[{"embeddable":true,"href":"https:\/\/fumotxpress.de\/pt\/wp-json\/wp\/v2\/media\/2116"}],"wp:attachment":[{"href":"https:\/\/fumotxpress.de\/pt\/wp-json\/wp\/v2\/media?parent=2115"}],"wp:term":[{"taxonomy":"product_brand","embeddable":true,"href":"https:\/\/fumotxpress.de\/pt\/wp-json\/wp\/v2\/product_brand?post=2115"},{"taxonomy":"product_cat","embeddable":true,"href":"https:\/\/fumotxpress.de\/pt\/wp-json\/wp\/v2\/product_cat?post=2115"},{"taxonomy":"product_tag","embeddable":true,"href":"https:\/\/fumotxpress.de\/pt\/wp-json\/wp\/v2\/product_tag?post=2115"}],"curies":[{"name":"wp","href":"https:\/\/api.w.org\/{rel}","templated":true}]}}