{"id":1723,"date":"2024-11-25T09:51:02","date_gmt":"2024-11-25T09:51:02","guid":{"rendered":"https:\/\/fumotxpress.de\/?post_type=product&#038;p=1723"},"modified":"2025-05-20T04:44:34","modified_gmt":"2025-05-20T04:44:34","slug":"armazem-europeu-lavande-bm18000-puffs-comprar-caneta-vapes-descartavel-autentica-e-original-2","status":"publish","type":"product","link":"https:\/\/fumotxpress.de\/pt\/produto\/armazem-europeu-lavande-bm18000-puffs-comprar-caneta-vapes-descartavel-autentica-e-original-2\/","title":{"rendered":"Armaz\u00e9m Europeu Lavande BM18000 Puffs Compre Original Aut\u00eantico Vapes Pen Recarreg\u00e1vel Descart\u00e1vel"},"content":{"rendered":"<h2><strong>Lavande BM 18000 Puffs \u2013 A Experi\u00eancia Suprema de Vape Descart\u00e1vel<\/strong><\/h2>\n<p>Se voc\u00ea est\u00e1 procurando por uma experi\u00eancia de vaporiza\u00e7\u00e3o avan\u00e7ada e eficiente, o Lavande BM 18000 Puffs \u00e9 a escolha definitiva para vapers exigentes. Com seu design sofisticado, tecnologia de ponta e recursos impressionantes, ele se destaca como uma das melhores canetas vape descart\u00e1veis recarreg\u00e1veis dispon\u00edveis hoje. Como uma das op\u00e7\u00f5es mais dur\u00e1veis do mercado, o Lavande BM 18000 Puffs oferece desempenho incompar\u00e1vel, conveni\u00eancia e sabor em que voc\u00ea pode confiar.<\/p>\n<p>Em <a href=\"https:\/\/fumotxpress.de\/pt\/\"><strong>FumotXpress.de<\/strong><\/a>, oferecemos orgulhosamente este produto revolucion\u00e1rio, juntamente com uma ampla gama de canetas vape descart\u00e1veis premium de marcas confi\u00e1veis, como <strong>Al Fakher<\/strong>, <strong>Fizzy<\/strong>, <strong>OBEELAB HHC<\/strong>, <strong>Randm Fumot<\/strong>e <strong>SMPO DL02<\/strong>Seja voc\u00ea um varejista ou um entusiasta de vape procurando por produtos de alta qualidade, somos a maior plataforma de vendas online de vaporizadores descart\u00e1veis na Alemanha. Enviamos diretamente de nossos <strong>Armaz\u00e9m europeu<\/strong>, garantindo que voc\u00ea receba seus produtos rapidamente - em at\u00e9 3 a 7 dias. Nosso servi\u00e7o \u00e9 personalizado para atender \u00e0s necessidades de grupos varejistas, sem quantidade m\u00ednima de pedido e pre\u00e7os acess\u00edveis a partir de apenas uma pe\u00e7a.<\/p>\n<p>Vamos mergulhar mais fundo nas caracter\u00edsticas e benef\u00edcios exclusivos do Lavande BM 18000 Puffs.<\/p>\n<p><img loading=\"lazy\" decoding=\"async\" class=\"alignnone size-full wp-image-1788\" src=\"https:\/\/fumotxpress.de\/wp-content\/uploads\/2024\/11\/Lavande-BM18000\uff085\uff09.webp\" alt=\"Lavande-BM18000\" width=\"800\" height=\"800\" srcset=\"https:\/\/fumotxpress.de\/wp-content\/uploads\/2024\/11\/Lavande-BM18000\uff085\uff09.webp 800w, https:\/\/fumotxpress.de\/wp-content\/uploads\/2024\/11\/Lavande-BM18000\uff085\uff09-300x300.webp 300w, https:\/\/fumotxpress.de\/wp-content\/uploads\/2024\/11\/Lavande-BM18000\uff085\uff09-150x150.webp 150w, https:\/\/fumotxpress.de\/wp-content\/uploads\/2024\/11\/Lavande-BM18000\uff085\uff09-768x768.webp 768w, https:\/\/fumotxpress.de\/wp-content\/uploads\/2024\/11\/Lavande-BM18000\uff085\uff09-12x12.webp 12w, https:\/\/fumotxpress.de\/wp-content\/uploads\/2024\/11\/Lavande-BM18000\uff085\uff09-247x247.webp 247w, https:\/\/fumotxpress.de\/wp-content\/uploads\/2024\/11\/Lavande-BM18000\uff085\uff09-600x600.webp 600w, https:\/\/fumotxpress.de\/wp-content\/uploads\/2024\/11\/Lavande-BM18000\uff085\uff09-100x100.webp 100w\" sizes=\"auto, (max-width: 800px) 100vw, 800px\" \/><\/p>\n<h3>Lavande BM 18000 Puffs: Caracter\u00edsticas do Produto e Desempenho<\/h3>\n<p>O Lavande BM 18000 Puffs \u00e9 uma caneta vape descart\u00e1vel recarreg\u00e1vel excepcional que proporciona uma experi\u00eancia de vaporiza\u00e7\u00e3o extraordin\u00e1ria. Aqui est\u00e1 uma vis\u00e3o detalhada do que torna este dispositivo indispens\u00e1vel para os aficionados de vaporiza\u00e7\u00e3o:<\/p>\n<ul>\n<li><strong>Capacidade de E-L\u00edquido Pr\u00e9-Preenchida<\/strong>: O Lavande BM vem com uma capacidade de e-l\u00edquido pr\u00e9-preenchida de 24ml, garantindo que voc\u00ea tenha suco suficiente para durar por muito tempo sem precisar de reabastecimentos frequentes.<\/li>\n<li><strong>Puffs de Longa Dura\u00e7\u00e3o<\/strong>Com impressionantes 18.000 puffs, este dispositivo proporciona uma experi\u00eancia de vaporiza\u00e7\u00e3o duradoura, ideal tanto para vapers ocasionais quanto di\u00e1rios. Voc\u00ea n\u00e3o precisar\u00e1 se preocupar em substituir o dispositivo constantemente.<\/li>\n<li><strong>Recarreg\u00e1vel e Sustent\u00e1vel<\/strong>: Ao contr\u00e1rio dos vapes descart\u00e1veis tradicionais projetados para uso \u00fanico, o Lavande BM \u00e9 recarreg\u00e1vel via <strong>USB Tipo-C<\/strong>, reduzindo o desperd\u00edcio e dando mais valor ao seu dinheiro.<\/li>\n<li><strong>Tecnologia de Aquecimento por Bobina de Malha<\/strong>: Equipado com 6 bobinas de malha, esta caneta vape melhora o sabor e a qualidade do vapor, proporcionando nuvens suaves e ricas em cada tragada. O sistema de aquecimento por malha garante consist\u00eancia e alto desempenho.<\/li>\n<li><strong>Capacidade da bateria<\/strong>: Uma bateria robusta de 650mAh alimenta o dispositivo, oferecendo bastante uso entre as cargas. Ele \u00e9 otimizado para durar at\u00e9 18.000 puffs, proporcionando desempenho eficiente e est\u00e1vel.<\/li>\n<li><strong>Opera\u00e7\u00e3o Ativada por Desenho<\/strong>O Lavande BM 18000 Puffs \u00e9 incrivelmente f\u00e1cil de usar. A fun\u00e7\u00e3o ativada por aspira\u00e7\u00e3o significa que voc\u00ea n\u00e3o precisa pressionar nenhum bot\u00e3o; simplesmente inale e o dispositivo ativa automaticamente, proporcionando satisfa\u00e7\u00e3o instant\u00e2nea.<\/li>\n<li><strong>Personaliza\u00e7\u00e3o<\/strong>: Se voc\u00ea prefere uma experi\u00eancia de vaporiza\u00e7\u00e3o padr\u00e3o ou deseja aumentar o sabor, o dispositivo possui recursos <strong>Modo Normal<\/strong> e <strong>Modo Turbo<\/strong>O modo boost intensifica o sabor para aqueles que gostam de uma experi\u00eancia mais potente.<\/li>\n<li><strong>Tela de exibi\u00e7\u00e3o<\/strong>: O dispositivo tem um <strong>Tela Mega Full HD de 3,0\u201d<\/strong>, permitindo que voc\u00ea monitore informa\u00e7\u00f5es importantes como contagem de puffs, vida \u00fatil da bateria e configura\u00e7\u00f5es do dispositivo com facilidade. Essa funcionalidade adicional torna a experi\u00eancia de vape mais amig\u00e1vel e eficiente.<\/li>\n<\/ul>\n<h3>Por que escolher o Lavande BM 18000 Puffs?<\/h3>\n<ol>\n<li><strong>Prazer de Vape de Longo Prazo<\/strong>: Com 18.000 puffs, o Lavande BM foi projetado para durar, garantindo que voc\u00ea n\u00e3o precise se preocupar com substitui\u00e7\u00f5es frequentes. Quer voc\u00ea vape ocasionalmente ou como parte de sua rotina di\u00e1ria, este dispositivo foi criado para proporcionar uma experi\u00eancia de vaporiza\u00e7\u00e3o prolongada sem compromisso.<\/li>\n<li><strong>Sabor Premium e Qualidade de Vapor<\/strong>: A tecnologia de bobina de malha 6x faz uma diferen\u00e7a not\u00e1vel na qualidade do vapor e do sabor. Se voc\u00ea \u00e9 um f\u00e3 de sabores frutados, mentolados ou de sobremesa, o Lavande BM fornece nuvens suaves e satisfat\u00f3rias que s\u00e3o consistentemente agrad\u00e1veis.<\/li>\n<li><strong>Recarregabilidade<\/strong>: A caracter\u00edstica recarreg\u00e1vel diferencia o Lavande BM dos t\u00edpicos vapes descart\u00e1veis. Ele oferece sustentabilidade e conveni\u00eancia, reduzindo o desperd\u00edcio sem sacrificar o desempenho. Uma recarga r\u00e1pida garante que voc\u00ea esteja sempre pronto para sua pr\u00f3xima sess\u00e3o de vape.<\/li>\n<li><strong>Experi\u00eancia Amig\u00e1vel ao Usu\u00e1rio<\/strong>: Projetado com a simplicidade em mente, a opera\u00e7\u00e3o ativada por desenho \u00e9 perfeita tanto para iniciantes quanto para vapers experientes. A adi\u00e7\u00e3o de um <strong>modo turbo<\/strong> garante que voc\u00ea possa ajustar a intensidade do seu vape de acordo com sua prefer\u00eancia.<\/li>\n<li><strong>Carregamento R\u00e1pido e Eficiente<\/strong>: Gra\u00e7as a <strong>USB Tipo-C<\/strong> carregando, o Lavande BM recarrega rapidamente, minimizando o tempo de inatividade e maximizando o seu prazer de vaporizar. \u00c9 ideal para vapers em movimento que precisam que o dispositivo esteja pronto o mais r\u00e1pido poss\u00edvel.<\/li>\n<li><strong>Design Elegante e Moderno<\/strong>Com seu design elegante, port\u00e1til e discreto, o Lavande BM 18000 Puffs parece t\u00e3o bom quanto performa. \u00c9 o dispositivo perfeito para carregar no bolso ou na bolsa sem chamar aten\u00e7\u00e3o, oferecendo uma experi\u00eancia de vaporiza\u00e7\u00e3o sofisticada a qualquer hora e em qualquer lugar.<\/li>\n<\/ol>\n<h3>Perfil de Sabor do Lavande BM 18000 Puffs<\/h3>\n<p>O Lavande BM 18000 Puffs oferece uma ampla sele\u00e7\u00e3o de sabores deliciosos que atendem a v\u00e1rias prefer\u00eancias. Os seguintes sabores s\u00e3o apenas alguns exemplos do que voc\u00ea pode desfrutar:<\/p>\n<ol>\n<li><strong>Mirtilo<\/strong><br \/>\nDesfrute do doce frescor e da do\u00e7ura \u00e1cida de mirtilos maduros em cada tragada. Este sabor oferece um gosto de frutas silvestres suave e doce com uma ligeira acidez que o faz querer voltar para mais. Perfeito para f\u00e3s de vapores frutados e refrescantes.<\/li>\n<li><strong>Morangos-silvestres<\/strong><br \/>\nUm sabor de framboesa vibrante e \u00e1cido, esta op\u00e7\u00e3o oferece o equil\u00edbrio perfeito entre notas doces e \u00e1cidas. \u00c9 ideal para quem aprecia sabores de frutas ousados que s\u00e3o refrescantes e satisfat\u00f3rios.<\/li>\n<li><strong>Lavanda Felicidade<\/strong><br \/>\nUm sabor floral e calmante com um toque de do\u00e7ura, <strong>Lavanda Felicidade<\/strong> oferece uma experi\u00eancia singularmente calmante. Suas qualidades herbais e arom\u00e1ticas o tornam uma escolha fant\u00e1stica para quem aprecia sabores delicados e fragrantes.<\/li>\n<li><strong>Brisa Tropical<\/strong><br \/>\nEsta mistura ex\u00f3tica re\u00fane uma combina\u00e7\u00e3o de frutas tropicais, incluindo manga, abacaxi e papaia. \u00c9 uma combina\u00e7\u00e3o doce e suculenta que transporta seus sentidos gustativos para um para\u00edso quente e ensolarado a cada tragada.<\/li>\n<li><strong>Fresco de Hortel\u00e3<\/strong><br \/>\nAgrad\u00e1vel e fresco, <strong>Fresco de Hortel\u00e3<\/strong> oferece uma experi\u00eancia refrescante de hortel\u00e3. \u00c9 a escolha perfeita para os amantes de hortel\u00e3, oferecendo um sabor acentuado e limpo com um acabamento refrescante que deixa a boca se sentir renovada.<\/li>\n<li><strong>Limonada de Gelo<\/strong><br \/>\nO tange picante do lim\u00e3o combinado com um final mentolado frio cria um vape refrescante e crocante, perfeito para um dia quente de ver\u00e3o. \u00c9 uma mistura revigorante que equilibra notas c\u00edtricas com frieza gelada.<\/li>\n<li><strong>Fus\u00e3o de Uva<\/strong><br \/>\nUm sabor de uva suculento e doce, tanto ousado quanto satisfat\u00f3rio. O <strong>Fus\u00e3o de Uva<\/strong> entrega um sabor de uva natural e encorpado, tornando-o perfeito para aqueles que apreciam a riqueza de vapores frutados.<\/li>\n<\/ol>\n<h3>Como Comprar o Lavande BM 18000 Puffs<\/h3>\n<p>Quando estiver pronto para atualizar sua experi\u00eancia de vaporiza\u00e7\u00e3o, voc\u00ea pode convenientemente comprar o <a href=\"https:\/\/fumotxpress.de\/pt\/\"><strong>Lavande BM 18000 Puffs<\/strong> <\/a>e outras canetas vape descart\u00e1veis premium diretamente de <strong>FumotXpress.de<\/strong>Nossa plataforma oferece:<\/p>\n<ul>\n<li><strong>Sem Quantidade M\u00ednima de Pedido<\/strong>: Voc\u00ea pode encomendar a partir de uma pe\u00e7a, tornando f\u00e1cil tanto para os varejistas como para os compradores individuais abastecerem-se dos seus produtos favoritos.<\/li>\n<li><strong>Entrega R\u00e1pida<\/strong>: Enviamos diretamente de nossos <a href=\"https:\/\/fumotxpress.de\/pt\/\"><strong>Armaz\u00e9m europeu<\/strong><\/a>, garantindo que seu pedido chegue em 3-7 dias.<\/li>\n<li><strong>Pre\u00e7os Competitivos<\/strong>: Como a maior plataforma de vendas online de vaporizadores descart\u00e1veis na Alemanha, oferecemos os melhores pre\u00e7os do mercado para produtos de alta qualidade.<\/li>\n<\/ul>\n<p>Aproveite a conveni\u00eancia de comprar conosco e experimente vaporizadores descart\u00e1veis premium entregues diretamente \u00e0 sua porta. N\u00e3o perca a oportunidade de <strong>Lavande BM 18000 Puffs<\/strong>\u2014Compre agora e eleve sua experi\u00eancia de vaporiza\u00e7\u00e3o para o pr\u00f3ximo n\u00edvel.<\/p>","protected":false},"excerpt":{"rendered":"<p>Compre o <strong>Caneta vape descart\u00e1vel recarreg\u00e1vel Lavande BM 18000 Puffs<\/strong> com sabores de Mirtilo e Framboesa. Desfrute de vaporiza\u00e7\u00e3o duradoura e saborosa com envio r\u00e1pido do nosso armaz\u00e9m europeu.<\/p>","protected":false},"featured_media":2190,"comment_status":"open","ping_status":"closed","template":"","meta":{"om_disable_all_campaigns":false},"product_brand":[],"product_cat":[54,91,92,94,97,99,101,103,104,107,108,109,111,112,78,79,80,81,82,83,84,85,86,87,88,89,90,70,115,56,61,63,65,67],"product_tag":[],"class_list":{"0":"post-1723","1":"product","2":"type-product","3":"status-publish","4":"has-post-thumbnail","6":"product_cat-lavande-disposable-vapes","7":"product_cat-buy-best-disposable-vape-flavors","8":"product_cat-apple-flavor-disposable-vapes","9":"product_cat-blueberry-flavor-disposable-vapes","10":"product_cat-grape-flavor-disposable-vapes","11":"product_cat-ice-flavor-disposable-vapes","12":"product_cat-lemon-flavor-disposable-vapes","13":"product_cat-mango-flavor-disposable-vapes","14":"product_cat-mint-flavor-disposable-vapes","15":"product_cat-peach-flavor-disposable-vapes","16":"product_cat-pineapple-flavor-disposable-vapes","17":"product_cat-raspberry-flavor-disposable-vapes","18":"product_cat-strawberry-flavor-disposable-vapes","19":"product_cat-watermelon-flavor-disposable-vapes","20":"product_cat-best-disposable-vape-in-europe","21":"product_cat-buy-disposable-vapes-in-austria","22":"product_cat-buy-disposable-vapes-in-belgium","23":"product_cat-buy-disposable-vapes-in-france","24":"product_cat-buy-disposable-vapes-in-germany","25":"product_cat-buy-disposable-vapes-in-italy","26":"product_cat-buy-disposable-vapes-in-netherlands","27":"product_cat-buy-disposable-vapes-in-norway","28":"product_cat-buy-disposable-vapes-in-poland","29":"product_cat-buy-disposable-vapes-in-portugal","30":"product_cat-buy-disposable-vapes-in-spain","31":"product_cat-buy-disposable-vapes-in-sweden","32":"product_cat-buy-disposable-vapes-in-switzerland","33":"product_cat-shop-disposable-vapes-by-puffs","34":"product_cat-18000-puff-disposable-vape","35":"product_cat-disposable-vape-types","36":"product_cat-big-puffs-disposable-vapes","37":"product_cat-digital-box-disposable-vapes","38":"product_cat-lower-nicotine-disposable-vapes","39":"product_cat-rechargeable-disposable-vapes","41":"first","42":"outofstock","43":"shipping-taxable","44":"product-type-variable"},"_links":{"self":[{"href":"https:\/\/fumotxpress.de\/pt\/wp-json\/wp\/v2\/product\/1723","targetHints":{"allow":["GET"]}}],"collection":[{"href":"https:\/\/fumotxpress.de\/pt\/wp-json\/wp\/v2\/product"}],"about":[{"href":"https:\/\/fumotxpress.de\/pt\/wp-json\/wp\/v2\/types\/product"}],"replies":[{"embeddable":true,"href":"https:\/\/fumotxpress.de\/pt\/wp-json\/wp\/v2\/comments?post=1723"}],"wp:featuredmedia":[{"embeddable":true,"href":"https:\/\/fumotxpress.de\/pt\/wp-json\/wp\/v2\/media\/2190"}],"wp:attachment":[{"href":"https:\/\/fumotxpress.de\/pt\/wp-json\/wp\/v2\/media?parent=1723"}],"wp:term":[{"taxonomy":"product_brand","embeddable":true,"href":"https:\/\/fumotxpress.de\/pt\/wp-json\/wp\/v2\/product_brand?post=1723"},{"taxonomy":"product_cat","embeddable":true,"href":"https:\/\/fumotxpress.de\/pt\/wp-json\/wp\/v2\/product_cat?post=1723"},{"taxonomy":"product_tag","embeddable":true,"href":"https:\/\/fumotxpress.de\/pt\/wp-json\/wp\/v2\/product_tag?post=1723"}],"curies":[{"name":"wp","href":"https:\/\/api.w.org\/{rel}","templated":true}]}}