{"id":1280,"date":"2024-11-09T09:06:45","date_gmt":"2024-11-09T09:06:45","guid":{"rendered":"https:\/\/fumotxpress.de\/?page_id=1280"},"modified":"2024-11-09T09:06:45","modified_gmt":"2024-11-09T09:06:45","slug":"como-comprar-vapes-descartaveis-no-fumotxpress","status":"publish","type":"page","link":"https:\/\/fumotxpress.de\/pt\/como-comprar-vapes-descartaveis-no-fumotxpress\/","title":{"rendered":"Como Comprar Vapes Descart\u00e1veis no Fumotxpress"},"content":{"rendered":"<p>Bem-vindo ao Fumotxpress \u2013 sua fonte confi\u00e1vel para vaporizadores descart\u00e1veis premium entregues de forma r\u00e1pida e segura em toda a Europa. Se voc\u00ea \u00e9 um entusiasta experiente de vaporizadores ou novo no mundo dos vaporizadores descart\u00e1veis, fazer compras conosco \u00e9 simples e conveniente. Siga estes passos f\u00e1ceis para fazer seu pedido e desfrutar de produtos de vaporizadores de alta qualidade de marcas renomadas como Al Fakher, Fizzy, SMPO DL02 e OBEELAB HHC.<\/p>\n<h4>1. <strong>Explore Nossa Extensa Cole\u00e7\u00e3o de Vapes<\/strong><\/h4>\n<p>Comece explorando nossa diversificada sele\u00e7\u00e3o de vaporizadores descart\u00e1veis. Oferecemos uma variedade de sabores e n\u00edveis de nicotina, todos provenientes de algumas das marcas mais respeitadas do setor. Se voc\u00ea est\u00e1 procurando op\u00e7\u00f5es suaves e frutadas ou algo mais ex\u00f3tico, temos algo para todos. Basta navegar pelas nossas categorias de produtos, onde voc\u00ea encontrar\u00e1:<\/p>\n<ul>\n<li><strong>Al Fakher<\/strong>: Conhecido por seus sabores ricos e aut\u00eanticos.<\/li>\n<li><strong>Fizzy<\/strong>Uma escolha premium para uma experi\u00eancia de vaporiza\u00e7\u00e3o refrescante.<\/li>\n<li><strong>SMPO DL02<\/strong>: Para aqueles que procuram um efeito suave e satisfat\u00f3rio.<\/li>\n<li><strong>OBEELAB HHC<\/strong>: Um vape descart\u00e1vel de ponta e de alta qualidade com uma experi\u00eancia \u00fanica.<\/li>\n<\/ul>\n<p>Cada listagem de produto inclui descri\u00e7\u00f5es detalhadas, op\u00e7\u00f5es de sabor e pre\u00e7os para que voc\u00ea possa tomar uma decis\u00e3o informada.<\/p>\n<h4>2. <strong>Escolha as Quantidades Desejadas<\/strong><\/h4>\n<p>Depois de selecionar seus vapes descart\u00e1veis favoritos, voc\u00ea pode escolher a quantidade que deseja comprar. Na Fumotxpress, n\u00e3o exigimos um pedido m\u00ednimo - seja voc\u00ea querendo apenas um vape ou v\u00e1rios, a escolha \u00e9 totalmente sua. Adicione suas sele\u00e7\u00f5es ao carrinho de compras e voc\u00ea estar\u00e1 pronto para passar para a pr\u00f3xima etapa.<\/p>\n<h4>3. <strong>Prosseguir para o Pagamento<\/strong><\/h4>\n<p>Quando estiver pronto para concluir a sua compra, simplesmente v\u00e1 para a p\u00e1gina de checkout. Aqui, ser\u00e1 solicitado que forne\u00e7a os seus detalhes de envio, incluindo o seu nome, endere\u00e7o e informa\u00e7\u00f5es de contato. Certifique-se de que tudo est\u00e1 correto para garantir uma entrega r\u00e1pida e precisa. Se voc\u00ea estiver enviando dentro da Alemanha ou da UE em geral, certifique-se de verificar as nossas ofertas de envio gratuito:<\/p>\n<ul>\n<li><strong>Frete gr\u00e1tis na Alemanha<\/strong> em pedidos acima de \u20ac49,99.<\/li>\n<li><strong>Frete gr\u00e1tis dentro da UE<\/strong> em pedidos acima de \u20ac99,99.<\/li>\n<\/ul>\n<h4>4. <strong>Selecione o M\u00e9todo de Pagamento<\/strong><\/h4>\n<p>Na Fumotxpress, oferecemos m\u00faltiplas op\u00e7\u00f5es de pagamento seguras para garantir uma transa\u00e7\u00e3o suave e conveniente:<\/p>\n<ul>\n<li><strong>PayPal<\/strong>: R\u00e1pido e seguro, com prote\u00e7\u00e3o ao comprador.<\/li>\n<li><strong>Criptomoeda<\/strong>: Para aqueles que preferem usar moedas digitais.<\/li>\n<li><strong>Transfer\u00eancia Banc\u00e1ria SEPA<\/strong>: Dispon\u00edvel para clientes na UE, fornecendo uma op\u00e7\u00e3o de transfer\u00eancia banc\u00e1ria confi\u00e1vel.<\/li>\n<\/ul>\n<p>Depois que seu m\u00e9todo de pagamento for selecionado, siga as instru\u00e7\u00f5es para concluir o pagamento com seguran\u00e7a.<\/p>\n<h4>5. <strong>Desfrute de Entregas R\u00e1pidas e Confi\u00e1veis<\/strong><\/h4>\n<p>Assim que o seu pedido for colocado e o pagamento for confirmado, a nossa equipa ir\u00e1 processar e expedir rapidamente os seus produtos a partir do nosso armaz\u00e9m europeu. Compreendemos como \u00e9 importante receber os seus produtos a tempo, raz\u00e3o pela qual nos esfor\u00e7amos para efectuar a entrega no prazo de <strong>3-7 dias<\/strong>.<\/p>\n<ul>\n<li><strong>Frete Gr\u00e1tis<\/strong>: Desfrute de frete gr\u00e1tis dentro da Alemanha em pedidos acima de \u20ac49,99 e em toda a UE em pedidos acima de \u20ac99,99.<\/li>\n<li><strong>Rastreamento<\/strong>: Voc\u00ea receber\u00e1 os detalhes de rastreamento assim que seu pedido for enviado, para que possa acompanhar seu progresso at\u00e9 a sua porta.<\/li>\n<\/ul>\n<h4>6. <strong>Suporte ao Cliente \u2013 Estamos Aqui para Voc\u00ea<\/strong><\/h4>\n<p>Se tiver alguma d\u00favida ou precisar de assist\u00eancia durante a sua experi\u00eancia de compras, a nossa equipa de servi\u00e7o ao cliente est\u00e1 sempre pronta para ajudar. Pode contactar-nos por e-mail em <strong><a rel=\"noopener\">info@fumotxpress.de<\/a><\/strong>Seja voc\u00ea precise de ajuda para escolher um produto, rastrear seu pedido ou tiver qualquer outra d\u00favida, estamos aqui para garantir que sua experi\u00eancia seja a mais tranquila poss\u00edvel.<\/p>\n<hr \/>\n<h3>Por que escolher Fumotxpress?<\/h3>\n<ul>\n<li><strong>Produtos Premium<\/strong>: Oferecemos apenas os melhores vaporizadores descart\u00e1veis de marcas confi\u00e1veis, garantindo uma experi\u00eancia de alta qualidade em cada compra.<\/li>\n<li><strong>Entrega R\u00e1pida<\/strong>: Com nosso sistema de envio eficiente, voc\u00ea pode esperar que seu pedido chegue em 3-7 dias em toda a Europa.<\/li>\n<li><strong>Op\u00e7\u00f5es de Pagamento Flex\u00edveis<\/strong>: Pague com PayPal, criptomoeda ou transfer\u00eancia banc\u00e1ria SEPA para uma transa\u00e7\u00e3o sem complica\u00e7\u00f5es.<\/li>\n<li><strong>Sem Pedido M\u00ednimo<\/strong>: Se voc\u00ea precisar de um \u00fanico vape descart\u00e1vel ou v\u00e1rios, n\u00e3o temos requisito m\u00ednimo de pedido.<\/li>\n<\/ul>\n<hr \/>\n<p>Aproveite sua experi\u00eancia de compras na Fumotxpress, onde a conveni\u00eancia encontra a qualidade. Estamos ansiosos para atender \u00e0s suas necessidades de vaporiza\u00e7\u00e3o com os melhores produtos, entrega r\u00e1pida e excelente atendimento ao cliente.<\/p>","protected":false},"excerpt":{"rendered":"<p>Bem-vindo ao Fumotxpress \u2013 sua fonte confi\u00e1vel para vaporizadores descart\u00e1veis premium entregues de forma r\u00e1pida e segura em toda a Europa. Se voc\u00ea \u00e9 um entusiasta experiente de vaporizadores ou novo no mundo dos vaporizadores descart\u00e1veis, fazer compras conosco \u00e9 simples e conveniente. Siga estes passos f\u00e1ceis para fazer seu pedido e desfrutar de produtos de vaporizadores de alta qualidade de marcas renomadas como [...]","protected":false},"author":1,"featured_media":0,"parent":0,"menu_order":0,"comment_status":"closed","ping_status":"closed","template":"page-blank-title-center.php","meta":{"om_disable_all_campaigns":false,"footnotes":""},"class_list":["post-1280","page","type-page","status-publish","hentry"],"_links":{"self":[{"href":"https:\/\/fumotxpress.de\/pt\/wp-json\/wp\/v2\/pages\/1280","targetHints":{"allow":["GET"]}}],"collection":[{"href":"https:\/\/fumotxpress.de\/pt\/wp-json\/wp\/v2\/pages"}],"about":[{"href":"https:\/\/fumotxpress.de\/pt\/wp-json\/wp\/v2\/types\/page"}],"author":[{"embeddable":true,"href":"https:\/\/fumotxpress.de\/pt\/wp-json\/wp\/v2\/users\/1"}],"replies":[{"embeddable":true,"href":"https:\/\/fumotxpress.de\/pt\/wp-json\/wp\/v2\/comments?post=1280"}],"version-history":[{"count":0,"href":"https:\/\/fumotxpress.de\/pt\/wp-json\/wp\/v2\/pages\/1280\/revisions"}],"wp:attachment":[{"href":"https:\/\/fumotxpress.de\/pt\/wp-json\/wp\/v2\/media?parent=1280"}],"curies":[{"name":"wp","href":"https:\/\/api.w.org\/{rel}","templated":true}]}}