{"id":1277,"date":"2024-11-09T08:25:46","date_gmt":"2024-11-09T08:25:46","guid":{"rendered":"https:\/\/fumotxpress.de\/?page_id=1277"},"modified":"2024-11-09T08:25:46","modified_gmt":"2024-11-09T08:25:46","slug":"politica-de-idade-fumotxpress","status":"publish","type":"page","link":"https:\/\/fumotxpress.de\/pt\/politica-de-idade-fumotxpress\/","title":{"rendered":"Pol\u00edtica de Idade do Fumotxpress"},"content":{"rendered":"<p>Em <strong>Fumotxpress.de<\/strong>, estamos comprometidos em fornecer uma experi\u00eancia de vaporiza\u00e7\u00e3o respons\u00e1vel e legal para nossos clientes em toda a Uni\u00e3o Europeia. Nossos produtos s\u00e3o estritamente destinados para <strong>uso adulto apenas<\/strong>e n\u00f3s defendemos os mais altos padr\u00f5es para garantir a conformidade com todos os regulamentos legais que regem a venda de produtos de vaporiza\u00e7\u00e3o.<\/p>\n<h3>1. Requisito de Idade<\/h3>\n<p>De acordo com os regulamentos da UE, voc\u00ea deve ter pelo menos <strong>18 anos de idade<\/strong> para comprar nossos produtos. Ao visitar e comprar de <strong>Fumotxpress.de<\/strong>, voc\u00ea confirma que tem idade legal em seu pa\u00eds de resid\u00eancia para comprar produtos de vaporiza\u00e7\u00e3o. Se voc\u00ea n\u00e3o tiver idade legal, solicitamos educadamente que se abstenha de usar nosso site.<\/p>\n<h3>2. Verifica\u00e7\u00e3o de Idade<\/h3>\n<p>A fim de garantir a conformidade com os regulamentos relacionados \u00e0 idade, <strong>Fumotxpress.de<\/strong> pode implementar etapas adicionais de verifica\u00e7\u00e3o de idade no ponto de venda. Isso pode envolver:<\/p>\n<ul>\n<li><strong>Verifica\u00e7\u00e3o manual de idade<\/strong>Quando voc\u00ea fizer um pedido, podemos exigir prova de idade (como uma c\u00f3pia do seu cart\u00e3o de identifica\u00e7\u00e3o ou passaporte) para confirmar sua elegibilidade.<\/li>\n<li><strong>Servi\u00e7os de verifica\u00e7\u00e3o de idade de terceiros<\/strong>: Podemos trabalhar com servi\u00e7os de terceiros para verificar a idade de nossos clientes antes de processar os pedidos.<\/li>\n<\/ul>\n<h3>3. Conformidade Legal<\/h3>\n<p>N\u00f3s levamos a nossa responsabilidade de cumprir com <strong>todas as leis locais<\/strong> dentro da UE muito a s\u00e9rio. Isso inclui aderir a regulamenta\u00e7\u00f5es espec\u00edficas do pa\u00eds que podem impor requisitos de idade mais rigorosos. Como parte do nosso compromisso, s\u00f3 vendemos os nossos produtos a indiv\u00edduos localizados dentro da UE. Se voc\u00ea reside fora da UE, n\u00e3o podemos processar o seu pedido.<\/p>\n<h3>4. Responsabilidade dos Usu\u00e1rios<\/h3>\n<p>Como um usu\u00e1rio de <strong>Fumotxpress.de<\/strong>\u00e9 sua responsabilidade garantir que:<\/p>\n<ul>\n<li>Voc\u00ea atende ao requisito de idade legal para produtos de vaporiza\u00e7\u00e3o em seu pa\u00eds.<\/li>\n<li>Voc\u00ea n\u00e3o tenta fazer uma compra em nome de algu\u00e9m que n\u00e3o atende aos crit\u00e9rios de idade.<\/li>\n<li>Voc\u00ea fornece informa\u00e7\u00f5es verdadeiras e precisas durante o processo de checkout.<\/li>\n<\/ul>\n<p>Se descobrirmos que uma compra foi feita por um menor ou algu\u00e9m com idade inferior \u00e0 idade legal para vaporizar em sua jurisdi\u00e7\u00e3o, cancelaremos o pedido imediatamente e reembolsaremos qualquer pagamento efetuado. Tentativas repetidas de contornar esta pol\u00edtica podem levar a uma proibi\u00e7\u00e3o permanente de nosso site.<\/p>\n<h3>5. Atualiza\u00e7\u00f5es da Pol\u00edtica de Idade<\/h3>\n<p>Nossa Pol\u00edtica de Verifica\u00e7\u00e3o de Idade pode ser atualizada periodicamente em resposta a altera\u00e7\u00f5es nos regulamentos da UE ou outros requisitos legais relevantes. Quaisquer altera\u00e7\u00f5es ser\u00e3o refletidas nesta p\u00e1gina, por isso recomendamos que voc\u00ea revise nossa pol\u00edtica regularmente.<\/p>\n<hr \/>\n<h3>Por que a Verifica\u00e7\u00e3o de Idade \u00e9 Importante<\/h3>\n<p>Entendemos a import\u00e2ncia de fornecer um ambiente seguro e legal para a compra de produtos de vaporiza\u00e7\u00e3o. <strong>Fumotxpress.de<\/strong> orgulha-se de oferecer <strong>Vapes descart\u00e1veis premium<\/strong> de marcas confi\u00e1veis como <strong>Al Fakher, Fizzy, OBEELAB HHC,<\/strong> e <strong>SMPO DL02<\/strong>, projetado exclusivamente para usu\u00e1rios adultos que desfrutam de sua experi\u00eancia de vaporiza\u00e7\u00e3o de forma respons\u00e1vel.<\/p>\n<p>Estamos dedicados a apoiar a sa\u00fade p\u00fablica e a proteger os menores de acessar produtos potencialmente prejudiciais. Agradecemos a sua coopera\u00e7\u00e3o em aderir \u00e0 nossa Pol\u00edtica de Verifica\u00e7\u00e3o de Idade, garantindo que possamos continuar a servir o mercado da UE de forma respons\u00e1vel e legal.<\/p>\n<hr \/>\n<p>Se tiver alguma d\u00favida ou preocupa\u00e7\u00e3o relacionada \u00e0 nossa Pol\u00edtica de Verifica\u00e7\u00e3o de Idade ou \u00e0 sua elegibilidade para comprar conosco, entre em contato conosco em <strong><a rel=\"noopener\">info@fumotxpress.de<\/a><\/strong>.<\/p>","protected":false},"excerpt":{"rendered":"<p>Em Fumotxpress.de, estamos comprometidos em fornecer uma experi\u00eancia de vaporiza\u00e7\u00e3o respons\u00e1vel e legal para nossos clientes em toda a Uni\u00e3o Europeia. Nossos produtos s\u00e3o estritamente destinados ao uso adulto apenas e mantemos os mais altos padr\u00f5es para garantir a conformidade com todas as regulamenta\u00e7\u00f5es legais que regem a venda de produtos de vaporiza\u00e7\u00e3o. 1. Requisito de Idade De acordo com a UE [\u2026]","protected":false},"author":1,"featured_media":0,"parent":0,"menu_order":0,"comment_status":"closed","ping_status":"closed","template":"page-blank-title-center.php","meta":{"om_disable_all_campaigns":false,"footnotes":""},"class_list":["post-1277","page","type-page","status-publish","hentry"],"_links":{"self":[{"href":"https:\/\/fumotxpress.de\/pt\/wp-json\/wp\/v2\/pages\/1277","targetHints":{"allow":["GET"]}}],"collection":[{"href":"https:\/\/fumotxpress.de\/pt\/wp-json\/wp\/v2\/pages"}],"about":[{"href":"https:\/\/fumotxpress.de\/pt\/wp-json\/wp\/v2\/types\/page"}],"author":[{"embeddable":true,"href":"https:\/\/fumotxpress.de\/pt\/wp-json\/wp\/v2\/users\/1"}],"replies":[{"embeddable":true,"href":"https:\/\/fumotxpress.de\/pt\/wp-json\/wp\/v2\/comments?post=1277"}],"version-history":[{"count":0,"href":"https:\/\/fumotxpress.de\/pt\/wp-json\/wp\/v2\/pages\/1277\/revisions"}],"wp:attachment":[{"href":"https:\/\/fumotxpress.de\/pt\/wp-json\/wp\/v2\/media?parent=1277"}],"curies":[{"name":"wp","href":"https:\/\/api.w.org\/{rel}","templated":true}]}}