{"id":1268,"date":"2024-11-09T08:08:21","date_gmt":"2024-11-09T08:08:21","guid":{"rendered":"https:\/\/fumotxpress.de\/?page_id=1268"},"modified":"2024-11-09T08:08:21","modified_gmt":"2024-11-09T08:08:21","slug":"politica-de-reembolso-fumotxpress","status":"publish","type":"page","link":"https:\/\/fumotxpress.de\/pt\/politica-de-reembolso-fumotxpress\/","title":{"rendered":"Pol\u00edtica de Reembolso da Fumotxpress"},"content":{"rendered":"<p>Em <strong>Fumotxpress<\/strong>Orgulhamo-nos de entregar vaporizadores descart\u00e1veis de alta qualidade \u00e0 sua porta em toda a Europa. A sua satisfa\u00e7\u00e3o \u00e9 a nossa prioridade n\u00famero um e estamos empenhados em proporcionar uma experi\u00eancia suave e fi\u00e1vel para todos os nossos clientes. Abaixo est\u00e1 um guia detalhado sobre a nossa pol\u00edtica de reembolso:<\/p>\n<h4>1. <strong>Elegibilidade para Reembolsos<\/strong><\/h4>\n<p>Desejamos que voc\u00ea esteja totalmente satisfeito com sua compra. Se, por qualquer motivo, voc\u00ea n\u00e3o estiver completamente feliz com seu produto, oferecemos uma pol\u00edtica de reembolso simples. Reembolsos est\u00e3o dispon\u00edveis sob as seguintes condi\u00e7\u00f5es:<\/p>\n<ul>\n<li><strong>Produtos danificados ou defeituosos:<\/strong> Se voc\u00ea receber um item que estiver com defeito ou danificado durante o transporte, por favor nos notifique dentro de <strong>14 dias<\/strong> do recebimento do seu pedido. Teremos prazer em emitir um reembolso total ou trocar o item com defeito sem custo adicional.<\/li>\n<li><strong>Item Errado Recebido:<\/strong> No caso raro de o item errado ter sido entregue a voc\u00ea, entre em contato conosco dentro de <strong>14 dias<\/strong> A partir do recibo. Enviaremos o item correto e emitiremos um reembolso total ou faremos a troca, dependendo de sua prefer\u00eancia.<\/li>\n<li><strong>Cancelamentos de Pedidos:<\/strong> Se mudar de ideia e desejar cancelar seu pedido, entre em contato conosco antes que o pedido seja enviado. Se o item ainda n\u00e3o saiu do nosso armaz\u00e9m, processaremos o cancelamento e emitiremos um reembolso total. Infelizmente, uma vez que um pedido tenha sido enviado, os cancelamentos n\u00e3o podem ser processados.<\/li>\n<\/ul>\n<h4>2. <strong>Processo de Devolu\u00e7\u00e3o<\/strong><\/h4>\n<ul>\n<li>Para iniciar o processo de reembolso, por favor <strong>Entre em contato conosco<\/strong> em \nno \na \npara \nde \nna \npor \ncom \ncontra \nsem \nsob \nsobre \nap\u00f3s \nantes \ndurante \nentre \ndesde \ndentro \nfora \nmediante \npara \nsem \nsob \nsobre \natr\u00e1s \nperto \nlonge \ndiante \njunto \nacima \nabaixo \nal\u00e9m \naqu\u00e9m \naqui \n acol\u00e1 \nl\u00e1 \nca \neu \ntu \nele \nn\u00f3s \nv\u00f3s \neles \nme \nte \no \na \nse \nnos \nvos \nse \nsi \nmim \nti \nsi \nn\u00f3s \nv\u00f3s \neles \nse \nme \nte \nse \nnos \nvos \nsi \nmim \nti \nsi \neu \ntu \nele \nn\u00f3s \nv\u00f3s \neles \nde \na \no \nque \nquem \nqual \nquais \nque \nquais \ncujo \ncuja \ncujos \ncuja \ncujas \nque \nquem \nque \no \na \nos \nas \nolhando \nolhando \nvendo \nvendo \nouvindo \nouvindo \nfazendo \ndizendo \ndisser \ndissera \ndisse \ndizia \ndize \ndizei \ndiz \ndizem \ndizia \ndiz\u00edamos \ndiz\u00edeis \ndiziam \ndiz \ndiz \ndize \ndizemos \ndizeis \ndizem \ndizia \ndizias \ndizia \ndiz\u00edamos \ndiz\u00edeis \ndiziam \ndiz \ndiz \ndize \ndiz \ndizemos \ndizei \ndiz \ndizem \ndissera \ndisseras \ndissera \ndisseramos \ndisserdes \ndisseram \ndisse \ndisser \ndisse \ndissera \ndisseramos \ndisserdes \ndisseram \ndisse \ndisser \ndisse \ndisser \ndisse \ndisser \ndisse \ndisser \ndisse \ndisser \ndisse \ndisser \ndisse \ndisser \ndisse \ndisser \ndisse \ndisser \ndisse \ndisser \ndisse \ndisser \ndisse \ndisser \ndisse \ndisser \ndisse \ndisser \ndisse \ndisser \ndisse \ndisser \ndisse \ndisser \ndisse \ndisser \ndisse \ndisser \ndisse \ndisser \ndisse \ndisser \ndisse \ndisser \ndisse \ndisser \ndisse \ndisser \ndisse \ndisser \ndisse \ndisser \ndisse \ndisser \ndisse \ndisser \ndisse \ndisser \ndisse \ndisser \ndisse \ndisser \ndisse \ndisser \ndisse \ndisser \ndisse \ndisser \ndisse \ndisser \ndisse \ndisser \ndisse \ndisser \ndisse \ndisser \ndisse \ndisser \ndisse \ndisser \ndisse \ndisser \ndisse \ndisser \ndisse \ndisser \ndisse \ndisser \ndisse \ndisser \ndisse \ndisser \ndisse \ndisser \ndisse \ndisser \ndisse \ndisser \ndisse \ndisser \ndisse \ndisser \ndisse \ndisser \ndisse \ndisser \ndisse \ndisser \ndisse \ndisser \ndisse \ndisser \ndisse \ndisser \ndisse \ndisassistant\n\nat -&gt; em \nNo entanto, \"at\" geralmente \u00e9 traduzido como \"em\" ou \"no\". Sem mais contexto, a melhor tradu\u00e7\u00e3o \u00e9:\n\nem <a rel=\"noopener\">info@fumotxpress.de<\/a> com os detalhes da sua encomenda e uma descri\u00e7\u00e3o do problema. Um representante da nossa equipa de servi\u00e7o ao cliente ir\u00e1 gui\u00e1-lo atrav\u00e9s do procedimento de devolu\u00e7\u00e3o ou reembolso.<\/li>\n<li>Mantenha o produto em sua condi\u00e7\u00e3o original e n\u00e3o usado para se qualificar para um reembolso. Itens usados ou abertos, por raz\u00f5es de higiene e seguran\u00e7a, n\u00e3o s\u00e3o eleg\u00edveis para devolu\u00e7\u00f5es.<\/li>\n<li>Se voc\u00ea estiver devolvendo um produto, certifique-se de que ele esteja embalado de forma segura para evitar qualquer dano adicional durante o transporte. O custo do frete de devolu\u00e7\u00e3o \u00e9 responsabilidade do cliente, a menos que o item seja defeituoso ou incorreto.<\/li>\n<\/ul>\n<h4>3. <strong>Processamento de Reembolso<\/strong><\/h4>\n<p>Assim que sua solicita\u00e7\u00e3o de devolu\u00e7\u00e3o ou reembolso for aprovada, voc\u00ea receber\u00e1 um e-mail de confirma\u00e7\u00e3o. Os reembolsos ser\u00e3o processados para o m\u00e9todo de pagamento original, que pode incluir PayPal, cart\u00e3o de cr\u00e9dito ou transfer\u00eancia banc\u00e1ria (dependendo do seu m\u00e9todo de pagamento).<\/p>\n<ul>\n<li><strong>Transa\u00e7\u00f5es do PayPal:<\/strong> Se voc\u00ea pagou via PayPal, o reembolso ser\u00e1 creditado em sua conta do PayPal dentro de <strong>5-7 dias \u00fateis<\/strong>.<\/li>\n<li><strong>Pagamentos com Cart\u00e3o de Cr\u00e9dito\/SEPA:<\/strong> Os reembolsos efectuados por cart\u00e3o de cr\u00e9dito ou transfer\u00eancia banc\u00e1ria SEPA podem levar <strong>at\u00e9 10 dias \u00fateis<\/strong> para processar.<\/li>\n<li><strong>Pagamentos de criptomoeda:<\/strong> Se voc\u00ea pagou usando criptomoedas, os reembolsos ser\u00e3o processados na mesma criptomoeda que foi usada para o pagamento original.<\/li>\n<\/ul>\n<h4>4. <strong>Itens N\u00e3o Reembols\u00e1veis<\/strong><\/h4>\n<p>Por raz\u00f5es de sa\u00fade e higiene, certos itens n\u00e3o s\u00e3o retorn\u00e1veis e n\u00e3o s\u00e3o reembols\u00e1veis, incluindo:<\/p>\n<ul>\n<li>Vapes descart\u00e1veis abertos ou usados<\/li>\n<li>E-l\u00edquidos e outros produtos consum\u00edveis<\/li>\n<li>Produtos que foram adquiridos em liquida\u00e7\u00e3o ou com descontos promocionais (a menos que sejam defeituosos)<\/li>\n<\/ul>\n<h4>5. <strong>Taxas de Envio<\/strong><\/h4>\n<p>Observamos que as taxas de envio geralmente n\u00e3o s\u00e3o reembols\u00e1veis, a menos que o produto seja defeituoso ou danificado. No caso de itens defeituosos ou incorretos, <strong>Fumotxpress<\/strong> cobrir\u00e1 os custos de envio de devolu\u00e7\u00e3o.<\/p>\n<h4>6. <strong>Bolsas de valores<\/strong><\/h4>\n<p>Se preferir uma troca por um item diferente (como outro sabor ou modelo), organizaremos a troca ap\u00f3s o recebimento do seu produto devolvido. Qualquer diferen\u00e7a de pre\u00e7o entre os itens originais e trocados ser\u00e1 cobrada ou reembolsada de acordo.<\/p>\n<h4>7. <strong>Pedido N\u00e3o Recebido \/ Perdido em Tr\u00e2nsito<\/strong><\/h4>\n<p>Caso o seu pedido seja perdido ou n\u00e3o seja entregue dentro do prazo estabelecido (3-7 dias \u00fateis para a maioria dos pa\u00edses europeus), por favor, entre em contato imediatamente com a nossa equipe de atendimento ao cliente. Iremos ajud\u00e1-lo a rastrear o pacote ou iniciar uma reclama\u00e7\u00e3o junto ao transportador para localizar a encomenda. Se o pedido n\u00e3o puder ser encontrado, ofereceremos uma substitui\u00e7\u00e3o ou reembolso, dependendo da sua prefer\u00eancia.<\/p>\n<h4>8. <strong>Atendimento ao Cliente<\/strong><\/h4>\n<p>Para todas as consultas relacionadas a reembolsos ou devolu\u00e7\u00f5es, entre em contato com nossa equipe de atendimento ao cliente em <a rel=\"noopener\">info@fumotxpress.de<\/a>Estamos dispon\u00edveis para ajud\u00e1-lo com quaisquer problemas que voc\u00ea possa enfrentar e garantir que sua experi\u00eancia com <strong>Fumotxpress<\/strong> \u00e9 livre de problemas.<\/p>\n<hr \/>\n<p><strong>Fumotxpress<\/strong> procura fornecer uma experi\u00eancia de compras perfeita com produtos de alta qualidade e estamos empenhados em resolver quaisquer problemas com o m\u00e1ximo profissionalismo e cuidado.<\/p>\n<p>Obrigado por escolher <strong>Fumotxpress<\/strong> \u2013 Vapes Descart\u00e1veis Premium da Alemanha!<\/p>","protected":false},"excerpt":{"rendered":"<p>Na Fumotxpress, temos orgulho de entregar vaporizadores descart\u00e1veis de alta qualidade \u00e0 sua porta em toda a Europa. A sua satisfa\u00e7\u00e3o \u00e9 a nossa prioridade n\u00famero um e estamos empenhados em proporcionar uma experi\u00eancia suave e fi\u00e1vel para todos os nossos clientes. Abaixo est\u00e1 um guia detalhado sobre a nossa pol\u00edtica de reembolso: 1. Elegibilidade para Reembolsos Queremos que voc\u00ea esteja totalmente [\u2026]","protected":false},"author":1,"featured_media":0,"parent":0,"menu_order":0,"comment_status":"closed","ping_status":"closed","template":"page-blank-title-center.php","meta":{"om_disable_all_campaigns":false,"footnotes":""},"class_list":["post-1268","page","type-page","status-publish","hentry"],"_links":{"self":[{"href":"https:\/\/fumotxpress.de\/pt\/wp-json\/wp\/v2\/pages\/1268","targetHints":{"allow":["GET"]}}],"collection":[{"href":"https:\/\/fumotxpress.de\/pt\/wp-json\/wp\/v2\/pages"}],"about":[{"href":"https:\/\/fumotxpress.de\/pt\/wp-json\/wp\/v2\/types\/page"}],"author":[{"embeddable":true,"href":"https:\/\/fumotxpress.de\/pt\/wp-json\/wp\/v2\/users\/1"}],"replies":[{"embeddable":true,"href":"https:\/\/fumotxpress.de\/pt\/wp-json\/wp\/v2\/comments?post=1268"}],"version-history":[{"count":0,"href":"https:\/\/fumotxpress.de\/pt\/wp-json\/wp\/v2\/pages\/1268\/revisions"}],"wp:attachment":[{"href":"https:\/\/fumotxpress.de\/pt\/wp-json\/wp\/v2\/media?parent=1268"}],"curies":[{"name":"wp","href":"https:\/\/api.w.org\/{rel}","templated":true}]}}