{"id":1266,"date":"2024-11-09T08:05:03","date_gmt":"2024-11-09T08:05:03","guid":{"rendered":"https:\/\/fumotxpress.de\/?page_id=1266"},"modified":"2024-11-09T08:05:03","modified_gmt":"2024-11-09T08:05:03","slug":"politica-de-envio-fumotxpress","status":"publish","type":"page","link":"https:\/\/fumotxpress.de\/pt\/politica-de-envio-fumotxpress\/","title":{"rendered":"Pol\u00edtica de Envio da Fumotxpress"},"content":{"rendered":"<p>Na Fumotxpress, temos orgulho de entregar vaporizadores descart\u00e1veis de alta qualidade diretamente do nosso armaz\u00e9m na Alemanha at\u00e9 \u00e0 sua porta. Nosso objetivo \u00e9 oferecer envio r\u00e1pido, confi\u00e1vel e seguro para todos os pedidos em toda a Uni\u00e3o Europeia.<\/p>\n<p><strong>Tempo de Processamento do Pedido:<\/strong><br \/>\nN\u00f3s processamos os pedidos em 1-2 dias \u00fateis. Por favor, note que durante per\u00edodos movimentados ou feriados, pode haver pequenos atrasos, mas sempre nos esfor\u00e7amos para enviar seu pedido o mais r\u00e1pido poss\u00edvel.<\/p>\n<p><strong>Tempo de Envio:<\/strong><br \/>\nAssim que o seu pedido for processado, n\u00f3s o enviamos diretamente do nosso armaz\u00e9m europeu. Os tempos de entrega geralmente variam de 3 a 7 dias \u00fateis, dependendo do pa\u00eds de destino. Voc\u00ea receber\u00e1 um n\u00famero de rastreamento assim que o seu pedido for enviado, para que possa monitorar facilmente o seu progresso.<\/p>\n<p><strong>Frete Gr\u00e1tis:<\/strong><\/p>\n<ul>\n<li><strong>Alemanha:<\/strong> Oferecemos frete gr\u00e1tis em todos os pedidos acima de <strong>\u20ac49.99<\/strong>.<\/li>\n<li><strong>Uni\u00e3o Europeia:<\/strong> Aproveite frete gr\u00e1tis em todos os pedidos acima de <strong>\u20ac99.99<\/strong>.<br \/>\nPara pedidos abaixo do limite de frete gr\u00e1tis, os custos de envio ser\u00e3o calculados na finaliza\u00e7\u00e3o da compra com base no local de entrega.<\/li>\n<\/ul>\n<p><strong>Transportadora:<\/strong><br \/>\nParceriamos com servi\u00e7os de courier confi\u00e1veis para garantir que seu pedido seja entregue com seguran\u00e7a e rapidez. Dependendo da sua localiza\u00e7\u00e3o, o transportador pode variar, mas tenha certeza de que todos os pedidos s\u00e3o totalmente rastre\u00e1veis.<\/p>\n<p><strong>M\u00e9todos de Pagamento:<\/strong><br \/>\nPara tornar sua experi\u00eancia de compras o mais conveniente poss\u00edvel, aceitamos uma variedade de m\u00e9todos de pagamento, incluindo:<\/p>\n<ul>\n<li><strong>PayPal<\/strong> \u2013 A maneira r\u00e1pida e segura de pagar online.<\/li>\n<li><strong>Criptomoeda<\/strong> \u2013 Tamb\u00e9m aceitamos uma variedade de criptomoedas para uma op\u00e7\u00e3o de pagamento mais flex\u00edvel.<\/li>\n<li><strong>Transfer\u00eancia Banc\u00e1ria SEPA<\/strong> \u2013 Para nossos clientes europeus, transfer\u00eancias banc\u00e1rias SEPA tamb\u00e9m est\u00e3o dispon\u00edveis como m\u00e9todo de pagamento.<\/li>\n<\/ul>\n<p><strong>Confirma\u00e7\u00e3o de Pedido e Rastreamento:<\/strong><br \/>\nAssim que o seu pedido for efetuado, voc\u00ea receber\u00e1 um e-mail de confirma\u00e7\u00e3o do pedido com todos os detalhes relevantes. Assim que o seu pedido for enviado, enviaremos um n\u00famero de rastreamento para que voc\u00ea possa acompanhar sua viagem.<\/p>\n<p><strong>Suporte ao Cliente:<\/strong><br \/>\nSe tiver alguma d\u00favida ou problema relacionado \u00e0 sua encomenda, envio ou qualquer outro aspeto da sua compra, sinta-se \u00e0 vontade para entrar em contacto com a nossa equipa de servi\u00e7o ao cliente em <strong><a rel=\"noopener\">info@fumotxpress.de<\/a><\/strong>Nos esfor\u00e7amos para responder a todas as consultas o mais r\u00e1pido poss\u00edvel, normalmente dentro de 1 dia \u00fatil.<\/p>\n<p><strong>Notas Importantes:<\/strong><\/p>\n<ul>\n<li>Certifique-se de que o seu endere\u00e7o de envio est\u00e1 completo e preciso para evitar atrasos ou problemas de entrega.<\/li>\n<li>Se um pedido for devolvido para n\u00f3s devido a um endere\u00e7o incorreto ou se o destinat\u00e1rio estiver indispon\u00edvel para a entrega, podemos cobrar uma taxa de envio adicional para reenviar o pedido.<\/li>\n<\/ul>\n<p>Obrigado por escolher a Fumotxpress para suas necessidades de vape descart\u00e1vel premium. Estamos dedicados a fornecer a voc\u00ea uma experi\u00eancia de compra perfeita e produtos de alta qualidade entregues diretamente \u00e0 sua porta.<\/p>","protected":false},"excerpt":{"rendered":"<p>Na Fumotxpress, temos orgulho de entregar vaporizadores descart\u00e1veis de alta qualidade diretamente do nosso armaz\u00e9m na Alemanha at\u00e9 \u00e0 sua porta. Nosso objetivo \u00e9 oferecer envio r\u00e1pido, confi\u00e1vel e seguro para todos os pedidos em toda a Uni\u00e3o Europeia. Tempo de Processamento do Pedido: Processamos os pedidos dentro de 1-2 dias \u00fateis. Por favor, note que durante per\u00edodos de alta demanda ou feriados, pode haver [\u2026]","protected":false},"author":1,"featured_media":0,"parent":0,"menu_order":0,"comment_status":"closed","ping_status":"closed","template":"page-blank-title-center.php","meta":{"om_disable_all_campaigns":false,"footnotes":""},"class_list":["post-1266","page","type-page","status-publish","hentry"],"_links":{"self":[{"href":"https:\/\/fumotxpress.de\/pt\/wp-json\/wp\/v2\/pages\/1266","targetHints":{"allow":["GET"]}}],"collection":[{"href":"https:\/\/fumotxpress.de\/pt\/wp-json\/wp\/v2\/pages"}],"about":[{"href":"https:\/\/fumotxpress.de\/pt\/wp-json\/wp\/v2\/types\/page"}],"author":[{"embeddable":true,"href":"https:\/\/fumotxpress.de\/pt\/wp-json\/wp\/v2\/users\/1"}],"replies":[{"embeddable":true,"href":"https:\/\/fumotxpress.de\/pt\/wp-json\/wp\/v2\/comments?post=1266"}],"version-history":[{"count":0,"href":"https:\/\/fumotxpress.de\/pt\/wp-json\/wp\/v2\/pages\/1266\/revisions"}],"wp:attachment":[{"href":"https:\/\/fumotxpress.de\/pt\/wp-json\/wp\/v2\/media?parent=1266"}],"curies":[{"name":"wp","href":"https:\/\/api.w.org\/{rel}","templated":true}]}}