{"id":1259,"date":"2024-11-08T13:46:27","date_gmt":"2024-11-08T13:46:27","guid":{"rendered":"https:\/\/fumotxpress.de\/?page_id=1259"},"modified":"2024-11-08T13:51:40","modified_gmt":"2024-11-08T13:51:40","slug":"ofertas-de-cupons-fumotxpress","status":"publish","type":"page","link":"https:\/\/fumotxpress.de\/pt\/ofertas-de-cupons-fumotxpress\/","title":{"rendered":"Cup\u00f5es e Ofertas Fumotxpress"},"content":{"rendered":"<section class=\"section\" id=\"section_495931686\">\n\t\t<div class=\"section-bg fill\" >\n\t\t\t\t\t\t\t\t\t\n\t\t\t\n\n\t\t<\/div>\n\n\t\t\n\n\t\t<div class=\"section-content relative\">\n\t\t\t\n\t<div id=\"gap-596140492\" class=\"gap-element clearfix\" style=\"display:block; height:auto;\">\n\t\t\n<style>\n#gap-596140492 {\n  padding-top: 30px;\n}\n<\/style>\n\t<\/div>\n\t\n<div class=\"row row-large\"  id=\"row-273676521\">\n\n\t<div id=\"col-1575132527\" class=\"col medium-12 small-12 large-6\"  >\n\t\t\t\t<div class=\"col-inner\"  >\n\t\t\t\n\t\t\t\n\t<div id=\"text-1537539397\" class=\"text\">\n\t\t\n<p><strong>Cup\u00f5es Fumotxpress &amp; Ofertas - Economize Muito em Vapes Descart\u00e1veis Premium<\/strong><\/p>\n\t\t\n<style>\n#text-1537539397 {\n  font-size: 1.5rem;\n}\n<\/style>\n\t<\/div>\n\t\n<p>Na Fumotxpress, estamos dedicados a oferecer os melhores vaporizadores descart\u00e1veis a pre\u00e7os inigual\u00e1veis. Seja voc\u00ea comprando uma \u00fanica unidade ou fazendo um pedido em grande quantidade, nossos cupons exclusivos e promo\u00e7\u00f5es ajudam voc\u00ea a economizar em marcas premium como Al Fakher, Fizzy, OBEELAB HHC e SMPO DL02. Verifique frequentemente para obter os \u00faltimos descontos, ofertas sazonais e neg\u00f3cios de compras em grande quantidade.<\/p>\n<p><strong>Como Obter Cupons Fumotxpress<\/strong><\/p>\n<ul>\n<li><strong>Inscreva-se para o nosso boletim informativo:<\/strong> Mantenha-se atualizado com c\u00f3digos de cupom exclusivos e ofertas especiais diretamente na sua caixa de entrada.<\/li>\n<li><strong>Siga-nos nas Redes Sociais:<\/strong> Fique por dentro de vendas rel\u00e2mpago e promo\u00e7\u00f5es especiais nos seguindo no Instagram, Facebook e Twitter.<\/li>\n<li><strong>Verifique Nossa P\u00e1gina de Promo\u00e7\u00f5es Regularmente:<\/strong> Visite o nosso site para encontrar descontos sazonais atualizados e c\u00f3digos de cupom para todos os seus vaporizadores descart\u00e1veis favoritos.<\/li>\n<\/ul>\n<p><strong>Ofertas Atuais<\/strong><\/p>\n<ul>\n<li><strong>Frete Gr\u00e1tis:<\/strong> Pedidos acima de \u20ac49,99 dentro da Alemanha e \u20ac99,99 dentro da UE qualificam-se para envio gratuito.<\/li>\n<li><strong>Descontos Exclusivos:<\/strong> Fique atento a c\u00f3digos promocionais com tempo limitado e ofertas sazonais.<\/li>\n<\/ul>\n<p><strong>Termos e Condi\u00e7\u00f5es<\/strong> Os cupons est\u00e3o sujeitos a termos e condi\u00e7\u00f5es. Descontos n\u00e3o podem ser combinados e algumas exclus\u00f5es podem se aplicar. Para mais detalhes, entre em contato com nossa equipe de suporte ao cliente.<\/p>\n<p><strong>Comece a Economizar Hoje!<\/strong> Explore nossa cole\u00e7\u00e3o premium de vaporizadores descart\u00e1veis e use nossos \u00faltimos cupons para obter os melhores pre\u00e7os. Fumotxpress entrega diretamente do nosso armaz\u00e9m europeu, garantindo entrega r\u00e1pida em 3-7 dias.<\/p>\n<p>Para obter mais informa\u00e7\u00f5es ou tirar d\u00favidas, entre em contato conosco pelo: <a rel=\"noopener\">info@fumotxpress.de<\/a>.<\/p>\n<a href=\"https:\/\/vapebaz.com\/shop\/\" class=\"button primary\" target=\"_blank\" rel=\"noopener\">\n\t\t<span>Pe\u00e7a Agora!<\/span>\n\t<\/a>\n\n\t\t<\/div>\n\t\t\t\t\t<\/div>\n\n\t\n\n\t<div id=\"col-1194214530\" class=\"col medium-12 small-12 large-6\"  >\n\t\t\t\t<div class=\"col-inner\"  >\n\t\t\t\n\t\t\t\n\n\t\t<div class=\"icon-box featured-box icon-box-left text-left\"  >\n\t\t\t\t\t<div class=\"icon-box-img\" style=\"width: 50px\">\n\t\t\t\t<div class=\"icon\">\n\t\t\t\t\t<div class=\"icon-inner\" >\n\t\t\t\t\t\t\t\t\t\t\t<\/div>\n\t\t\t\t<\/div>\n\t\t\t<\/div>\n\t\t\t\t<div class=\"icon-box-text last-reset\">\n\t\t\t\t\t\t\t\t\t\n<h3>GET 1% OFF<\/h3>\n<h4><strong>GANHE 11% DE DESCONTO EM PEDIDOS ACIMA DE \u20ac100<\/strong><\/h4>\n<p>Vencimento em: 31\/12\/2024<\/p>\n<a class=\"button primary\"  >\n\t\t<span>Cupom: fumotx1<\/span>\n\t<\/a>\n\n\t\t<\/div>\n\t<\/div>\n\t\n\t\n\t<div id=\"gap-1584688682\" class=\"gap-element clearfix\" style=\"display:block; height:auto;\">\n\t\t\n<style>\n#gap-1584688682 {\n  padding-top: 30px;\n}\n<\/style>\n\t<\/div>\n\t\n\n\t\t<div class=\"icon-box featured-box icon-box-left text-left\"  >\n\t\t\t\t\t<div class=\"icon-box-img\" style=\"width: 50px\">\n\t\t\t\t<div class=\"icon\">\n\t\t\t\t\t<div class=\"icon-inner\" >\n\t\t\t\t\t\t\t\t\t\t\t<\/div>\n\t\t\t\t<\/div>\n\t\t\t<\/div>\n\t\t\t\t<div class=\"icon-box-text last-reset\">\n\t\t\t\t\t\t\t\t\t\n<h3>GET 2% OFF<\/h3>\n<h4><strong>GET 21% OFF EM PEDIDOS ACIMA DE \u20ac250\/ 1% 250<\/strong><\/h4>\n<p>Vencimento em: 31\/12\/2024<\/p>\n<a class=\"button primary\"  >\n\t\t<span>Cupom: fumotx2<\/span>\n\t<\/a>\n\n\t\t<\/div>\n\t<\/div>\n\t\n\t\n\t<div id=\"gap-475444736\" class=\"gap-element clearfix\" style=\"display:block; height:auto;\">\n\t\t\n<style>\n#gap-475444736 {\n  padding-top: 30px;\n}\n<\/style>\n\t<\/div>\n\t\n\n\t\t<div class=\"icon-box featured-box icon-box-left text-left\"  >\n\t\t\t\t\t<div class=\"icon-box-img\" style=\"width: 50px\">\n\t\t\t\t<div class=\"icon\">\n\t\t\t\t\t<div class=\"icon-inner\" >\n\t\t\t\t\t\t\t\t\t\t\t<\/div>\n\t\t\t\t<\/div>\n\t\t\t<\/div>\n\t\t\t\t<div class=\"icon-box-text last-reset\">\n\t\t\t\t\t\t\t\t\t\n<h3>GET 3% OFF<\/h3>\n<h4><strong>GET 3% OFF EM PEDIDOS ACIMA DE \u20ac500\/$500<\/strong><\/h4>\n<p>Vencimento em: 31\/12\/2024<\/p>\n<a class=\"button primary\"  >\n\t\t<span>Cupom: fumotx3<\/span>\n\t<\/a>\n\n\t\t<\/div>\n\t<\/div>\n\t\n\t\n\t<div id=\"gap-756750938\" class=\"gap-element clearfix\" style=\"display:block; height:auto;\">\n\t\t\n<style>\n#gap-756750938 {\n  padding-top: 50px;\n}\n<\/style>\n\t<\/div>\n\t\n\n  <div class=\"banner has-hover\" id=\"banner-1236234203\">\n          <div class=\"banner-inner fill\">\n        <div class=\"banner-bg fill\" >\n            <img loading=\"lazy\" decoding=\"async\" width=\"1000\" height=\"1000\" src=\"https:\/\/fumotxpress.de\/wp-content\/uploads\/2024\/11\/Fumot-RandM-Digital-Box-12000.webp\" class=\"bg attachment-original size-original\" alt=\"Fumot-RandM-Digital-Box-12000.\" \/>                                    \n                    <\/div>\n\t\t\n        <div class=\"banner-layers container\">\n            <div class=\"fill banner-link\"><\/div>            \n   <div id=\"text-box-1940364456\" class=\"text-box banner-layer x50 md-x50 lg-x50 y50 md-y50 lg-y50 res-text\">\n                                <div class=\"text-box-content text dark\">\n              \n              <div class=\"text-inner text-center\">\n                  \n              <\/div>\n           <\/div>\n                            \n<style>\n#text-box-1940364456 {\n  width: 60%;\n}\n#text-box-1940364456 .text-box-content {\n  font-size: 100%;\n}\n@media (min-width:550px) {\n  #text-box-1940364456 {\n    width: 60%;\n  }\n}\n<\/style>\n    <\/div>\n \n        <\/div>\n      <\/div>\n\n            \n<style>\n#banner-1236234203 {\n  padding-top: 99%;\n}\n#banner-1236234203 .banner-bg img {\n  object-position: 18% 0%;\n}\n<\/style>\n  <\/div>\n\n\n\t\t<\/div>\n\t\t\t\t\t<\/div>\n\n\t\n<\/div>\n\t\t<\/div>\n\n\t\t\n<style>\n#section_495931686 {\n  padding-top: 30px;\n  padding-bottom: 30px;\n}\n<\/style>\n\t<\/section>","protected":false},"excerpt":{"rendered":"","protected":false},"author":1,"featured_media":0,"parent":0,"menu_order":0,"comment_status":"closed","ping_status":"closed","template":"page-blank-title-center.php","meta":{"om_disable_all_campaigns":false,"footnotes":""},"class_list":["post-1259","page","type-page","status-publish","hentry"],"_links":{"self":[{"href":"https:\/\/fumotxpress.de\/pt\/wp-json\/wp\/v2\/pages\/1259","targetHints":{"allow":["GET"]}}],"collection":[{"href":"https:\/\/fumotxpress.de\/pt\/wp-json\/wp\/v2\/pages"}],"about":[{"href":"https:\/\/fumotxpress.de\/pt\/wp-json\/wp\/v2\/types\/page"}],"author":[{"embeddable":true,"href":"https:\/\/fumotxpress.de\/pt\/wp-json\/wp\/v2\/users\/1"}],"replies":[{"embeddable":true,"href":"https:\/\/fumotxpress.de\/pt\/wp-json\/wp\/v2\/comments?post=1259"}],"version-history":[{"count":0,"href":"https:\/\/fumotxpress.de\/pt\/wp-json\/wp\/v2\/pages\/1259\/revisions"}],"wp:attachment":[{"href":"https:\/\/fumotxpress.de\/pt\/wp-json\/wp\/v2\/media?parent=1259"}],"curies":[{"name":"wp","href":"https:\/\/api.w.org\/{rel}","templated":true}]}}