{"id":1247,"date":"2024-11-08T13:04:08","date_gmt":"2024-11-08T13:04:08","guid":{"rendered":"https:\/\/fumotxpress.de\/?page_id=1247"},"modified":"2024-11-09T09:11:45","modified_gmt":"2024-11-09T09:11:45","slug":"perguntas-frequentes-sobre-fumotxpress","status":"publish","type":"page","link":"https:\/\/fumotxpress.de\/pt\/perguntas-frequentes-sobre-fumotxpress\/","title":{"rendered":"Fumotxpress FAQs\n N\u00e3o necessita de tradu\u00e7\u00e3o, manter como est\u00e1: Fumotxpress Perguntas Frequentes"},"content":{"rendered":"<h4><strong>Quais marcas de vaporizadores descart\u00e1veis voc\u00ea vende?<\/strong><\/h4>\n<p>Em Fumotxpress, oferecemos orgulhosamente uma gama de vaporizadores descart\u00e1veis premium de marcas renomadas como <strong>Al Fakher<\/strong>, <strong>Fizzy<\/strong>, <strong>OBEELAB HHC<\/strong>e <strong>SMPO DL02<\/strong>Cada marca \u00e9 conhecida por seus perfis de sabor \u00fanicos, ingredientes de alta qualidade e desempenho confi\u00e1vel, garantindo que voc\u00ea obtenha uma experi\u00eancia de vaporiza\u00e7\u00e3o superior todas as vezes.<\/p>\n<h4><strong>2. Existe uma quantidade m\u00ednima de pedido?<\/strong><\/h4>\n<p>N\u00e3o, n\u00e3o h\u00e1 requisito m\u00ednimo de pedido na Fumotxpress. Quer voc\u00ea queira comprar um \u00fanico vape ou v\u00e1rios, voc\u00ea pode fazer um pedido que atenda \u00e0s suas necessidades. Nosso objetivo \u00e9 oferecer conveni\u00eancia e flexibilidade a todos os nossos clientes.<\/p>\n<h4><strong>3. Voc\u00ea oferece frete gr\u00e1tis?<\/strong><\/h4>\n<p>Sim, oferecemos <strong>frete gr\u00e1tis<\/strong> dentro <strong>Alemanha<\/strong> em pedidos acima de \u20ac49,99 e em toda a <strong>UE<\/strong> para pedidos superiores a \u20ac99,99. Se o seu pedido n\u00e3o atingir esses limites, uma taxa de envio padr\u00e3o ser\u00e1 aplicada no checkout. Nosso objetivo \u00e9 manter sua experi\u00eancia de compra o mais suave e econ\u00f4mico poss\u00edvel.<\/p>\n<h4><strong>4. Quanto tempo levar\u00e1 para minha encomenda chegar?<\/strong><\/h4>\n<p>Todos os pedidos s\u00e3o processados e expedidos do nosso armaz\u00e9m europeu. Voc\u00ea pode esperar entrega em at\u00e9 <strong>3-7 dias<\/strong> para a maioria dos pa\u00edses da UE. N\u00f3s nos esfor\u00e7amos para garantir que sua encomenda chegue o mais r\u00e1pido poss\u00edvel. Durante per\u00edodos de pico ou feriados p\u00fablicos, pode haver pequenos atrasos, mas manteremos voc\u00ea informado sobre o status de sua encomenda.<\/p>\n<h4><strong>5. Para quais pa\u00edses voc\u00ea envia?<\/strong><\/h4>\n<p>Atualmente enviamos para todo o <strong>Uni\u00e3o Europeia<\/strong>Quer esteja na Alemanha, Fran\u00e7a, Espanha, It\u00e1lia ou em qualquer outro pa\u00eds da UE, entregamos diretamente \u00e0 sua porta.<\/p>\n<h4><strong>6. Quais m\u00e9todos de pagamento voc\u00ea aceita?<\/strong><\/h4>\n<p>Oferecemos uma variedade de m\u00e9todos de pagamento seguros para sua conveni\u00eancia. Voc\u00ea pode pagar usando:<\/p>\n<ul>\n<li><strong>PayPal<\/strong><\/li>\n<li><strong>Criptomoedas<\/strong> (Bitcoin, Ethereum, etc.)<\/li>\n<li><strong>Transfer\u00eancias banc\u00e1rias SEPA<\/strong> (dispon\u00edvel para clientes baseados na UE)<\/li>\n<\/ul>\n<p>Basta escolher o m\u00e9todo de pagamento que melhor se adequa a voc\u00ea na finaliza\u00e7\u00e3o da compra.<\/p>\n<h4><strong>7. Posso rastrear meu pedido?<\/strong><\/h4>\n<p>Sim! Uma vez que o seu pedido tenha sido enviado, voc\u00ea receber\u00e1 um e-mail contendo um n\u00famero de rastreamento e um link para rastrear o seu pacote. Isso permite que voc\u00ea siga a jornada do seu pedido e antecipe a sua chegada.<\/p>\n<h4><strong>8. Posso alterar meu pedido depois de ter sido feito?<\/strong><\/h4>\n<p>Assim que um pedido \u00e9 feito e confirmado, come\u00e7amos imediatamente a process\u00e1-lo para garantir a entrega no prazo. Infelizmente, n\u00e3o podemos fazer altera\u00e7\u00f5es no pedido depois que ele foi confirmado. No entanto, voc\u00ea sempre pode entrar em contato com nossa equipe de suporte ao cliente em <strong><a rel=\"noopener\">info@fumotxpress.de<\/a><\/strong> para assist\u00eancia adicional.<\/p>\n<h4><strong>9. Voc\u00ea aceita devolu\u00e7\u00f5es ou trocas?<\/strong><\/h4>\n<p>Buscamos atingir 100% de satisfa\u00e7\u00e3o do cliente. Se voc\u00ea receber um produto defeituoso ou danificado, entre em contato conosco dentro de <strong>7 dias<\/strong> de recebimento do seu pedido. Iremos ajud\u00e1-lo a devolver o item e emitir uma substitui\u00e7\u00e3o ou reembolso. Infelizmente, por raz\u00f5es de higiene, n\u00e3o podemos aceitar devolu\u00e7\u00f5es ou trocas de produtos que foram abertos ou usados.<\/p>\n<h4><strong>10. \u00c9 seguro usar vaporizadores descart\u00e1veis?<\/strong><\/h4>\n<p>Sim, nossos vaporizadores descart\u00e1veis s\u00e3o provenientes de marcas confi\u00e1veis que priorizam a qualidade e a seguran\u00e7a. Todos os produtos cumprem com os regulamentos de sa\u00fade e seguran\u00e7a europeus. No entanto, aconselhamos os clientes a seguir as instru\u00e7\u00f5es do fabricante para uso e a estar cientes dos riscos potenciais para a sa\u00fade associados ao vaping, especialmente se voc\u00ea est\u00e1 come\u00e7ando agora.<\/p>\n<h4><strong>11. Posso comprar vaporizadores em massa para minha loja ou empresa?<\/strong><\/h4>\n<p>Sim, oferecemos op\u00e7\u00f5es de compra em massa para varejistas e empresas. Se voc\u00ea estiver interessado em fazer um pedido em massa, entre em contato conosco pelo <strong><a rel=\"noopener\">info@fumotxpress.de<\/a><\/strong> para obter mais informa\u00e7\u00f5es sobre pre\u00e7os, disponibilidade e op\u00e7\u00f5es de envio.<\/p>\n<h4><strong>12. Como eu entro em contato com o suporte ao cliente?<\/strong><\/h4>\n<p>Se tiver alguma d\u00favida ou precisar de assist\u00eancia com o seu pedido, por favor, sinta-se \u00e0 vontade para entrar em contacto com a nossa equipa de apoio ao cliente:<\/p>\n<ul>\n<li><strong>E-mail:<\/strong> <strong><a rel=\"noopener\">info@fumotxpress.de<\/a><\/strong><\/li>\n<\/ul>\n<h4><strong>13. Como posso saber se o vape \u00e9 aut\u00eantico?<\/strong><\/h4>\n<p>N\u00f3s adquirimos nossos vaporizadores descart\u00e1veis diretamente de distribuidores autorizados e fabricantes confi\u00e1veis. Cada produto \u00e9 genu\u00edno e atende aos padr\u00f5es regulat\u00f3rios da Uni\u00e3o Europeia. Para ter certeza, voc\u00ea tamb\u00e9m pode verificar a embalagem em busca de adesivos de seguran\u00e7a hologr\u00e1ficos ou c\u00f3digos QR que verificam a autenticidade.<\/p>\n<h4><strong>14. Posso comprar produtos para entrega fora da UE?<\/strong><\/h4>\n<p>Atualmente, enviamos apenas para pa\u00edses dentro da Uni\u00e3o Europeia. Se voc\u00ea estiver localizado fora da UE e estiver interessado em fazer uma compra conosco, entre em contato com nossa equipe de suporte ao cliente em <strong><a rel=\"noopener\">info@fumotxpress.de<\/a><\/strong> para discutir op\u00e7\u00f5es de envio potenciais.<\/p>\n<h4><strong>15. Oferecemos algum programa de fidelidade ou descontos?<\/strong><\/h4>\n<p>Na Fumotxpress, ocasionalmente oferecemos promo\u00e7\u00f5es e descontos. Para se manter atualizado sobre as \u00faltimas ofertas, recomendamos se inscrever em nosso boletim informativo. Voc\u00ea ser\u00e1 o primeiro a saber sobre ofertas exclusivas, descontos por tempo limitado e ofertas especiais.<\/p>","protected":false},"excerpt":{"rendered":"<p>1. Quais marcas de vaporizadores descart\u00e1veis voc\u00ea vende? Na Fumotxpress, oferecemos orgulhosamente uma variedade de vaporizadores descart\u00e1veis premium de marcas renomadas como Al Fakher, Fizzy, OBEELAB HHC e SMPO DL02. Cada marca \u00e9 conhecida por seus perfis de sabor \u00fanicos, ingredientes de alta qualidade e desempenho confi\u00e1vel, garantindo que voc\u00ea obtenha uma experi\u00eancia de vaporiza\u00e7\u00e3o superior em cada [\u2026]","protected":false},"author":1,"featured_media":0,"parent":0,"menu_order":0,"comment_status":"closed","ping_status":"closed","template":"page-blank-title-center.php","meta":{"om_disable_all_campaigns":false,"footnotes":""},"class_list":["post-1247","page","type-page","status-publish","hentry"],"_links":{"self":[{"href":"https:\/\/fumotxpress.de\/pt\/wp-json\/wp\/v2\/pages\/1247","targetHints":{"allow":["GET"]}}],"collection":[{"href":"https:\/\/fumotxpress.de\/pt\/wp-json\/wp\/v2\/pages"}],"about":[{"href":"https:\/\/fumotxpress.de\/pt\/wp-json\/wp\/v2\/types\/page"}],"author":[{"embeddable":true,"href":"https:\/\/fumotxpress.de\/pt\/wp-json\/wp\/v2\/users\/1"}],"replies":[{"embeddable":true,"href":"https:\/\/fumotxpress.de\/pt\/wp-json\/wp\/v2\/comments?post=1247"}],"version-history":[{"count":0,"href":"https:\/\/fumotxpress.de\/pt\/wp-json\/wp\/v2\/pages\/1247\/revisions"}],"wp:attachment":[{"href":"https:\/\/fumotxpress.de\/pt\/wp-json\/wp\/v2\/media?parent=1247"}],"curies":[{"name":"wp","href":"https:\/\/api.w.org\/{rel}","templated":true}]}}