{"id":1231,"date":"2024-11-08T12:25:27","date_gmt":"2024-11-08T12:25:27","guid":{"rendered":"https:\/\/fumotxpress.de\/?page_id=1231"},"modified":"2024-11-08T12:34:04","modified_gmt":"2024-11-08T12:34:04","slug":"sobre-fumotxpress","status":"publish","type":"page","link":"https:\/\/fumotxpress.de\/pt\/sobre-fumotxpress\/","title":{"rendered":"Sobre Fumotxpress"},"content":{"rendered":"<h2><strong>Vapes Descart\u00e1veis Premium da Alemanha<\/strong><\/h2>\n<p>Bem-vindo ao <strong>Fumotxpress<\/strong>, sua fonte confi\u00e1vel para vaporizadores descart\u00e1veis premium, oferecendo uma sele\u00e7\u00e3o selecionada dos melhores produtos do setor. Com sede na Alemanha e enviando para toda a Uni\u00e3o Europeia, estamos comprometidos em entregar produtos de alta qualidade para vaporizar diretamente \u00e0 sua porta com servi\u00e7o r\u00e1pido, confi\u00e1vel e com o m\u00e1ximo de conveni\u00eancia.<\/p>\n<p>Em <strong>Fumotxpress<\/strong>N\u00f3s acreditamos em proporcionar aos nossos clientes uma experi\u00eancia excepcional de vaporiza\u00e7\u00e3o. \u00c9 por isso que selecionamos cuidadosamente as melhores marcas do mercado, garantindo que cada vape que oferecemos seja elaborado com os mais altos padr\u00f5es de qualidade. Nossa gama exclusiva inclui marcas populares como <strong>Al Fakher<\/strong>, <strong>Fizzy<\/strong>, <strong>OBEELAB HHC<\/strong>e <strong>SMPO DL02<\/strong>, cada um conhecido por seus sabores distintos e desempenho superior. Se voc\u00ea \u00e9 novo no vaping ou um entusiasta experiente, temos algo para todos.<\/p>\n<h3>Por que escolher Fumotxpress?<\/h3>\n<p><strong>1. Vapes Descart\u00e1veis Premium<\/strong><\/p>\n<p>N\u00f3s nos concentramos em trazer para voc\u00ea apenas os melhores vaporizadores descart\u00e1veis de marcas confi\u00e1veis e estabelecidas. Nossos produtos s\u00e3o projetados para conveni\u00eancia e confiabilidade, proporcionando a voc\u00ea uma experi\u00eancia de vaporiza\u00e7\u00e3o suave e satisfat\u00f3ria todas as vezes. Se voc\u00ea est\u00e1 procurando pelos sabores ricos de Al Fakher, pelo sabor refrescante de Fizzy ou pelas op\u00e7\u00f5es inovadoras de HHC da OBEELAB, voc\u00ea encontrar\u00e1 tudo aqui em <strong>Fumotxpress<\/strong>.<\/p>\n<p><strong>2. Envio R\u00e1pido e Confi\u00e1vel<\/strong><\/p>\n<p>Entendemos que, ao fazer um pedido, voc\u00ea deseja que ele chegue rapidamente e em perfeito estado. \u00c9 por isso que enviamos todos os pedidos diretamente de nossos <strong>Armaz\u00e9m europeu<\/strong>, garantindo que seus produtos cheguem at\u00e9 voc\u00ea em 3-7 dias. N\u00e3o h\u00e1 mais longas esperas ou atrasos no envio - apenas um servi\u00e7o r\u00e1pido e eficiente.<\/p>\n<p><strong>3. Frete Gr\u00e1tis em Pedidos Acima de \u20ac49,99 (Alemanha) e \u20ac99,99 (UE)<\/strong><\/p>\n<p>Acreditamos em oferecer grande valor aos nossos clientes. \u00c9 por isso que oferecemos <strong>frete gr\u00e1tis<\/strong> em pedidos acima de \u20ac49,99 dentro da Alemanha e acima de \u20ac99,99 em toda a Uni\u00e3o Europeia. \u00c9 a nossa forma de tornar a sua experi\u00eancia de vaporiza\u00e7\u00e3o n\u00e3o apenas conveniente, mas tamb\u00e9m eficaz em termos de custos.<\/p>\n<p><strong>4. Sem requisito de pedido m\u00ednimo<\/strong><\/p>\n<p>Se voc\u00ea est\u00e1 procurando por um \u00fanico vape para experimentar ou fazendo um pedido maior para abastecer, <strong>Fumotxpress<\/strong> tem tudo coberto. N\u00e3o temos requisitos m\u00ednimos de pedido, ent\u00e3o voc\u00ea pode comprar o m\u00ednimo ou o m\u00e1ximo que precisar - com flexibilidade e sem press\u00e3o.<\/p>\n<p><strong>5. Op\u00e7\u00f5es de Pagamento Seguras<\/strong><\/p>\n<p>Oferecemos v\u00e1rios m\u00e9todos de pagamento para garantir uma transa\u00e7\u00e3o suave e segura. Voc\u00ea pode pagar pelo seu pedido com <strong>PayPal<\/strong>, <strong>cart\u00f5es de cr\u00e9dito<\/strong>e <strong>criptomoeda<\/strong>, proporcionando-lhe tranquilidade, independentemente da forma como prefere pagar. Al\u00e9m disso, para clientes em toda a Europa, aceitamos <strong>Transfer\u00eancias banc\u00e1rias SEPA<\/strong>, proporcionando uma camada extra de conveni\u00eancia para compradores europeus.<\/p>\n<p><strong>6. Servi\u00e7o de Atendimento ao Cliente Excepcional<\/strong><\/p>\n<p>Orgulhamo-nos de oferecer um excelente servi\u00e7o ao cliente e estamos sempre prontos para ajud\u00e1-lo. Se tiver alguma d\u00favida, preocupa\u00e7\u00e3o ou precisar de ajuda para escolher o produto certo, a nossa equipa est\u00e1 apenas a um e-mail de dist\u00e2ncia. Contacte-nos em <strong><a rel=\"noopener\">info@fumotxpress.de<\/a><\/strong> e ficaremos felizes em ajudar.<\/p>\n<hr \/>\n<h3>Nossa Promessa<\/h3>\n<p>Em <strong>Fumotxpress<\/strong>N\u00e3o vendemos apenas vaporizadores descart\u00e1veis - oferecemos uma experi\u00eancia. Desde o momento em que voc\u00ea faz o pedido at\u00e9 o momento em que ele chega \u00e0 sua porta, garantimos um processo tranquilo e satisfat\u00f3rio. Somos apaixonados pelo que fazemos e comprometidos em trazer a voc\u00ea os produtos de vaporiza\u00e7\u00e3o de maior qualidade, apoiados por um servi\u00e7o de atendimento ao cliente excepcional.<\/p>\n<p><strong>Sua jornada de vaporiza\u00e7\u00e3o come\u00e7a aqui<\/strong> \u2013 com produtos premium, entrega r\u00e1pida e satisfa\u00e7\u00e3o do cliente inigual\u00e1vel.<\/p>\n<p>Obrigado por escolher <strong>Fumotxpress<\/strong>Estamos ansiosos para sermos seu destino de refer\u00eancia para tudo relacionado a vape!<\/p>","protected":false},"excerpt":{"rendered":"<p>Vapes Descart\u00e1veis Premium da Alemanha Bem-vindo ao Fumotxpress, sua fonte confi\u00e1vel para vapes descart\u00e1veis premium, oferecendo uma sele\u00e7\u00e3o selecionada dos melhores produtos do setor. Com sede na Alemanha e enviando para toda a Uni\u00e3o Europeia, estamos comprometidos em entregar produtos de vaporiza\u00e7\u00e3o de alta qualidade diretamente \u00e0 sua porta com servi\u00e7o r\u00e1pido, confi\u00e1vel e com o m\u00e1ximo de conveni\u00eancia.","protected":false},"author":1,"featured_media":0,"parent":0,"menu_order":0,"comment_status":"closed","ping_status":"closed","template":"page-blank-title-center.php","meta":{"om_disable_all_campaigns":false,"footnotes":""},"class_list":["post-1231","page","type-page","status-publish","hentry"],"_links":{"self":[{"href":"https:\/\/fumotxpress.de\/pt\/wp-json\/wp\/v2\/pages\/1231","targetHints":{"allow":["GET"]}}],"collection":[{"href":"https:\/\/fumotxpress.de\/pt\/wp-json\/wp\/v2\/pages"}],"about":[{"href":"https:\/\/fumotxpress.de\/pt\/wp-json\/wp\/v2\/types\/page"}],"author":[{"embeddable":true,"href":"https:\/\/fumotxpress.de\/pt\/wp-json\/wp\/v2\/users\/1"}],"replies":[{"embeddable":true,"href":"https:\/\/fumotxpress.de\/pt\/wp-json\/wp\/v2\/comments?post=1231"}],"version-history":[{"count":0,"href":"https:\/\/fumotxpress.de\/pt\/wp-json\/wp\/v2\/pages\/1231\/revisions"}],"wp:attachment":[{"href":"https:\/\/fumotxpress.de\/pt\/wp-json\/wp\/v2\/media?parent=1231"}],"curies":[{"name":"wp","href":"https:\/\/api.w.org\/{rel}","templated":true}]}}