{"id":960,"date":"2024-11-06T09:57:30","date_gmt":"2024-11-06T09:57:30","guid":{"rendered":"https:\/\/fumotxpress.de\/?post_type=product&#038;p=960"},"modified":"2025-05-20T09:51:57","modified_gmt":"2025-05-20T09:51:57","slug":"europejski-magazyn-fumot-randm-digital-box-12000-zaciagniec-o-niskiej-zawartosci-nikotyny-kup-oryginalny-authentisch-akumulator-jednorazowe-vapes-pen","status":"publish","type":"product","link":"https:\/\/fumotxpress.de\/pl\/produkt\/europejski-magazyn-fumot-randm-digital-box-12000-zaciagniec-o-niskiej-zawartosci-nikotyny-kup-oryginalny-authentisch-akumulator-jednorazowe-vapes-pen\/","title":{"rendered":"Europejski Magazyn Fumot RandM Cyfrowy Box 12000 Puff\u00f3w Nisk\u0105 zawarto\u015b\u0107 Nikotyny  Oryginalna Autentyczna  Rechargeable  Jednorazowe  Vapes  Pi\u00f3ro"},"content":{"rendered":"<h1>Europejski Magazyn Fumot RandM Cyfrowy Box 12000 Puff\u00f3w Nisk\u0105 zawarto\u015b\u0107 nikotyny  Rechargeable  Jednorazowa  Waporyzator  d\u0142ugopis<\/h1>\n<p><strong>Poznaj Najwy\u017csze Do\u015bwiadczenie Vapingu z Fumot RandM Digital Box 12000 Puffs<\/strong><\/p>\n<p>The \nnie wymaga t\u0142umaczenia <a href=\"https:\/\/fumotxpress.de\/pl\/produkt\/europejski-magazyn-fumot-randm-digital-box-12000-zaciagniec-o-niskiej-zawartosci-nikotyny-kup-oryginalny-authentisch-akumulator-jednorazowe-vapes-pen\/\"><strong>Fumot RandM Digital Box 12000 Puffs \nnie wymaga t\u0142umaczenia<\/strong> <\/a>jest rewolucyjnym jednorazowym waporyzatorem, kt\u00f3ry \u0142\u0105czy wydajno\u015b\u0107, styl i wygod\u0119, co sprawia, \u017ce jest idealnym wyborem zar\u00f3wno dla do\u015bwiadczonych waper\u00f3w, jak i nowicjuszy. Zaprojektowany, aby zapewni\u0107 wyj\u0105tkowe do\u015bwiadczenie wapowania od pierwszego do ostatniego zaci\u0105gni\u0119cia, to innowacyjne urz\u0105dzenie oferuje do 12 000 zaci\u0105gni\u0119\u0107, gwarantuj\u0105c d\u0142ugotrwa\u0142e zadowolenie bez konieczno\u015bci ci\u0105g\u0142ego uzupe\u0142niania lub wymiany.<\/p>\n<p>Wy\u0142\u0105cznie dost\u0119pne na <strong>FumotXpress.de<\/strong>, wiod\u0105cy internetowy sprzedawca jednorazowych waporyzator\u00f3w w Niemczech, <strong>Fumot RandM Digital Box<\/strong> jest wysy\u0142any bezpo\u015brednio z naszego europejskiego magazynu, zapewniaj\u0105c szybk\u0105 dostaw\u0119 na terenie UE. Niezale\u017cnie od tego, czy kupujesz jedn\u0105 vape pen czy hurtowo, FumotXpress.de zapewnia szybk\u0105 i niezawodn\u0105 us\u0142ug\u0119 bez wymogu minimalnej ilo\u015bci zam\u00f3wienia.<\/p>\n<h3>Przegl\u0105d Produktu Fumot RandM Digital Box 12000 Puff\u00f3w<\/h3>\n<p>The \nnie wymaga t\u0142umaczenia <a href=\"https:\/\/fumotxpress.de\/pl\/\"><strong>Fumot RandM Digital Box 12000 Puffs \nnie wymaga t\u0142umaczenia<\/strong><\/a> jest zaawansowanym, akumulatorowym, jednorazowym waporyzatorem, kt\u00f3ry \u0142\u0105czy wysok\u0105 wydajno\u015b\u0107 z eleganckim i przyjaznym dla u\u017cytkownika designem. Z <strong>20ml wst\u0119pnie nape\u0142niona e-ciecz<\/strong> pojemno\u015b\u0107 i <strong>do 12 000 pff\u00f3w<\/strong>Urz\u0105dzenie to zosta\u0142o stworzone do d\u0142ugotrwa\u0142ego u\u017cytkowania, zapewniaj\u0105c niezr\u00f3wnany komfort i jako\u015b\u0107.<\/p>\n<p>The \nnie wymaga t\u0142umaczenia<a href=\"https:\/\/fumotxpress.de\/pl\/\"> <strong>Fumot RandM Digital Box<\/strong><\/a> prezentuje <strong>Port \u0142adowania typu C<\/strong>umo\u017cliwiaj\u0105c szybkie i efektywne \u0142adowanie <strong>Bateria 550mAh<\/strong>zapewniaj\u0105c, \u017ce Twoje urz\u0105dzenie jest zawsze gotowe do u\u017cytku. Dodatkowo, mo\u017ce pochwali\u0107 si\u0119 intuicyjnym <strong>Ekran LED<\/strong> kt\u00f3ry wy\u015bwietla zar\u00f3wno poziom baterii, jak i pojemno\u015b\u0107 e-p\u0142ynu, informuj\u0105c Ci\u0119 o Twoim do\u015bwiadczeniu z wapowaniem.<\/p>\n<p>Poza wydajno\u015bci\u0105, ta vape pen oferuje funkcje, kt\u00f3re mo\u017cna dostosowa\u0107 do w\u0142asnych potrzeb, w tym <strong>O\u015bwietlenie RGB<\/strong> z sze\u015bcioma opcjami kolorystycznymi, co dodaje odrobin\u0119 personalizacji i stylu ka\u017cdej sesji. Niezale\u017cnie od tego, czy szukasz klasycznego wygl\u0105du, czy bardziej \u017cywego wy\u015bwietlenia, <strong>Fumot RandM Digital Box<\/strong> Dopasowuje si\u0119 do Twoich preferencji.<\/p>\n<h3>G\u0142\u00f3wne cechy Fumot RandM Digital Box 12000 Puffs<\/h3>\n<ol>\n<li><strong>Imponuj\u0105ca pojemno\u015b\u0107 Puff:<\/strong> Z <strong>do 12 000 pff\u00f3w<\/strong>, the \nbrak t\u0142umaczenia, zwrot nie wymaga t\u0142umaczenia <strong>Fumot RandM Digital Box<\/strong> Zapewnia d\u0142ugotrwa\u0142e do\u015bwiadczenie wapowania, idealne dla os\u00f3b, kt\u00f3re chc\u0105 przed\u0142u\u017conego, bezproblemowego rozwi\u0105zania.<\/li>\n<li><strong>Szczodra obj\u0119to\u015b\u0107 e-p\u0142ynu:<\/strong> Wst\u0119pnie wype\u0142niony z <strong>20ml e-liquidu<\/strong>Urz\u0105dzenie to eliminuje konieczno\u015b\u0107 ci\u0105g\u0142ego uzupe\u0142niania, zapewniaj\u0105c, \u017ce mo\u017cesz cieszy\u0107 si\u0119 sta\u0142ym i satysfakcjonuj\u0105cym wapowaniem przez d\u0142u\u017cszy czas.<\/li>\n<li><strong>Bateria akumulatorowa z portem Type-C:<\/strong> Wyposa\u017cony w <strong>Bateria akumulatorowa 550mAh<\/strong>, the \nbrak t\u0142umaczenia, zwrot nie wymaga t\u0142umaczenia <strong>Fumot RandM Digital Box<\/strong> szybsze i bardziej efektywne \u0142adowanie z do\u0142\u0105czonym <strong>Port \u0142adowania typu C<\/strong>, upewniaj\u0105c si\u0119, \u017ce Twoje urz\u0105dzenie jest zawsze gotowe, kiedy Ty jeste\u015b.<\/li>\n<li><strong>Wska\u017anik baterii LED i poziomu cieczy:<\/strong> The \nnie wymaga t\u0142umaczenia <strong>Ekran LED<\/strong> wyra\u017anie wy\u015bwietla zar\u00f3wno twoje <strong>czas pracy baterii<\/strong> pozosta\u0142e <strong>e-liquid<\/strong> poziom, pozwalaj\u0105cy \u0142atwo monitorowa\u0107 wydajno\u015b\u0107 urz\u0105dzenia i unikn\u0105\u0107 niespodzianek.<\/li>\n<li><strong>Dostosowywalne Efekty \u015awiat\u0142a RGB:<\/strong> Wybierz z <strong>sze\u015b\u0107 \u017cywych kolor\u00f3w<\/strong> aby o\u015bwietli\u0107 sw\u00f3j waporyzator i cieszy\u0107 si\u0119 spersonalizowanym do\u015bwiadczeniem z ka\u017cdym zaci\u0105gni\u0119ciem. O\u015bwietlenie RGB poprawia zar\u00f3wno estetyk\u0119, jak i zabaw\u0119 z wapowania.<\/li>\n<li><strong>Opcje mocy nikotyny:<\/strong> The \nnie wymaga t\u0142umaczenia <strong>Fumot RandM Digital Box<\/strong> oferty <strong>dwie opcje mocy nikotyny<\/strong>, umo\u017cliwiaj\u0105c wyb\u00f3r pomi\u0119dzy <strong>5%<\/strong> (50mg\/ml) lub <strong>2%<\/strong> (20mg\/ml) st\u0119\u017cenie nikotyny, aby dopasowa\u0107 Twoje preferencje.<\/li>\n<li><strong>Regulacja przep\u0142ywu powietrza:<\/strong> Dostosuj swoje do\u015bwiadczenie wapowania dzi\u0119ki p\u0142ynnej, regulowanej kontroli przep\u0142ywu powietrza, umo\u017cliwiaj\u0105cej personalizacj\u0119 zaci\u0105gni\u0119cia zgodnie z Twoimi upodobaniami.<\/li>\n<li><strong>48 Wyrazistych Smak\u00f3w:<\/strong> Wyb\u00f3r <strong>48 unikalnych smak\u00f3w<\/strong>, the \nbrak t\u0142umaczenia, zwrot nie wymaga t\u0142umaczenia <strong>Fumot RandM Digital Box<\/strong> zapewnia, \u017ce ka\u017cdy znajdzie co\u015b dla siebie, niezale\u017cnie od tego, czy preferuje owocowe, mi\u0119towe czy deserowe profile.<\/li>\n<\/ol>\n<h3>Dlaczego wybra\u0107 Fumot RandM Digital Box 12000 Puffs?<\/h3>\n<p>The \nnie wymaga t\u0142umaczenia <strong>Fumot RandM Digital Box 12000 Puffs \nnie wymaga t\u0142umaczenia<\/strong> To jest co\u015b wi\u0119cej ni\u017c tylko jednorazowa e-papieros; to akcesorium lifestyle'owe, kt\u00f3re \u0142\u0105czy styl, wydajno\u015b\u0107 i wszechstronno\u015b\u0107. Dzi\u0119ki swoim imponuj\u0105cym cechom, wyd\u0142u\u017conej liczbie zaci\u0105gni\u0119\u0107 i konfigurowalnemu o\u015bwietleniu, urz\u0105dzenie vape wyr\u00f3\u017cnia si\u0119 na zat\u0142oczonym rynku. Niezale\u017cnie od tego, czy jeste\u015b w domu, czy w podr\u00f3\u017cy, <strong>Fumot RandM Digital Box<\/strong> jest niezawodnym i przyjemnym wyborem dla Twoich potrzeb zwi\u0105zanych z wapowaniem.<\/p>\n<ol>\n<li><strong>D\u0142ugotrwa\u0142a Wydajno\u015b\u0107<\/strong>: Z maksymalnie <strong>12 000 pff\u00f3w<\/strong>mo\u017cesz polega\u0107 na <strong>Fumot RandM Digital Box<\/strong> aby zapewni\u0107 przed\u0142u\u017cone u\u017cytkowanie bez konieczno\u015bci cz\u0119stej wymiany, co sprawia, \u017ce jest to bardzo ekonomiczny wyb\u00f3r.<\/li>\n<li><strong>Spersonalizowane do\u015bwiadczenie<\/strong>: The <strong>Efekty \u015bwietlne RGB<\/strong> i <strong>regulowany przep\u0142yw powietrza<\/strong> umo\u017cliwiaj\u0105 dostosowanie do\u015bwiadczenia zwi\u0105zanego z wapowaniem, podczas gdy <strong>Wy\u015bwietlacz LED<\/strong> zawsze informuje Ci\u0119 o stanie Twojego urz\u0105dzenia.<\/li>\n<li><strong>Wygoda i styl<\/strong>: Elegancki, kompaktowy design sprawia, \u017ce urz\u0105dzenie jest \u0142atwe w przenoszeniu i u\u017cytkowaniu, a akumulator wymagaj\u0105cy do\u0142adowywania oraz <strong>Port \u0142adowania typu C<\/strong> Zapewnij szybkie i bezproblemowe do\u0142adowywanie.<\/li>\n<li><strong>Premiumowe Smaki<\/strong>Z <strong>48 r\u00f3\u017cnych smak\u00f3w<\/strong> wyb\u00f3r z, <strong>Fumot RandM Digital Box<\/strong> zaspokaja ka\u017cdy gust, dostarczaj\u0105c konsekwentnie aromatyczne p\u0105czki za ka\u017cdym razem.<\/li>\n<\/ol>\n<h3>Fumot RandM Cyfrowy Box 12000 Puff\u00f3w Przewodnik po Smakach<\/h3>\n<p>Jednym z g\u0142\u00f3wnych punkt\u00f3w programu <strong>Fumot RandM Digital Box 12000 Puffs \nnie wymaga t\u0142umaczenia<\/strong> jest jego wyj\u0105tkowy zakres smak\u00f3w. Tworzone przy u\u017cyciu wysokiej jako\u015bci sk\u0142adnik\u00f3w, ka\u017cdy profil smakowy zosta\u0142 opracowany, aby zapewni\u0107 wyj\u0105tkowe i satysfakcjonuj\u0105ce do\u015bwiadczenie wapowania. Niezale\u017cnie od tego, czy masz ochot\u0119 na co\u015b s\u0142odkiego, owocowego czy orze\u017awiaj\u0105cego, znajdziesz smak, kt\u00f3ry odpowiada twoim preferencjom. Oto spojrzenie na niekt\u00f3re z najpopularniejszych opcji:<\/p>\n<ol>\n<li><strong>Mango l\u00f3d<\/strong>: Klasyka tropik\u00f3w, <strong>Mango l\u00f3d<\/strong> \u0141\u0105czy soczysty, s\u0142odki smak dojrza\u0142ych mango z ch\u0142odnym mentolowym finiszem. Ta orze\u017awiaj\u0105ca mieszanka jest idealna dla tych, kt\u00f3rzy lubi\u0105 s\u0142odkie, a zarazem orze\u017awiaj\u0105ce do\u015bwiadczenie z wapowaniem.<\/li>\n<li><strong>Arbuz<\/strong>: Uchwycenie esencji lata, <strong>Arbuz<\/strong> Dostarcza orze\u017awiaj\u0105cy smak dojrza\u0142ej, soczystej arbuza w ka\u017cdym puffie. Jest lekki, s\u0142odki i idealny do nawil\u017caj\u0105cego do\u015bwiadczenia vape.<\/li>\n<li><strong>Cola<\/strong>: Je\u015bli t\u0119sknisz za gazowanym, mocnym waporyzatorem, <strong>Cola<\/strong> jest smakiem dla Ciebie. Ten nostalgiczny profil na\u015bladuje smak Twojego ulubionego napoju gazowanego, oferuj\u0105c s\u0142odki i lekko kwa\u015bny waporyzator z efektem gazowania.<\/li>\n<li><strong>Bor\u00f3wka Mi\u0119ta<\/strong>: Po\u0142\u0105czenie <strong>dojrza\u0142e jagody bor\u00f3wki<\/strong> i <strong>mi\u0119towy \nmi\u0119ta<\/strong> tworzy idealn\u0105 r\u00f3wnowag\u0119 mi\u0119dzy s\u0142odkim a orze\u017awiaj\u0105cym. <strong>Bor\u00f3wka Mi\u0119ta<\/strong> jest aromatyczn\u0105 i orze\u017awiaj\u0105c\u0105 opcj\u0105 na ka\u017cd\u0105 por\u0119 dnia.<\/li>\n<li><strong>Nap\u00f3j Energetyzuj\u0105cy<\/strong>Dla tych, kt\u00f3rzy kochaj\u0105 zastrzyk energii, <strong>Nap\u00f3j Energetyzuj\u0105cy<\/strong> smak oddaje esencj\u0119 i \u017cywio\u0142owo\u015b\u0107 napoju energetycznego, zapewniaj\u0105c pikantne i aromatyczne do\u015bwiadczenie, kt\u00f3re z pewno\u015bci\u0105 obudzi Twoje zmys\u0142y.<\/li>\n<li><strong>Czekoladowy sernik truskawkowy<\/strong>: Rozkoszuj si\u0119 kremow\u0105, deserow\u0105 nut\u0105 smaku <strong>Czekoladowy sernik truskawkowy<\/strong>kt\u00f3ry \u0142\u0105czy s\u0142odkie, dojrza\u0142e truskawki z bogatym, g\u0142adkim serem kremowym dla rozkosznego przysmaku.<\/li>\n<li><strong>Ananas Kokosowy<\/strong>: Przenie\u015b si\u0119 do tropikalnego raju z po\u0142\u0105czeniem <strong>s\u0142odka ananas<\/strong> i g\u0142adki <strong>kokos<\/strong>, tworz\u0105c inspirowany pla\u017c\u0105 waporyzator, kt\u00f3ry jest zar\u00f3wno s\u0142odki, jak i orze\u017awiaj\u0105cy.<\/li>\n<li><strong>L\u00f3d Winogronowy<\/strong>: <strong>L\u00f3d Winogronowy<\/strong> oferuje g\u0142\u0119boki, owocowy smak winogron, uzupe\u0142niony ch\u0142odz\u0105cym finiszem mentolowym. Ta kombinacja jest idealna dla tych, kt\u00f3rzy kochaj\u0105 orze\u017awiaj\u0105cy, s\u0142odki smak owoc\u00f3w z lodowatym akcentem.<\/li>\n<li><strong>Krem waniliowy<\/strong>: Dla mi\u0142o\u015bnik\u00f3w deser\u00f3w, <strong>Krem waniliowy<\/strong> zapewnia bogaty, kremowy smak wanilii z g\u0142adkim, kremowym finiszem. Jest to s\u0142odki, luksusowy wyb\u00f3r dla tych, kt\u00f3rzy ceni\u0105 sobie komfortowy, deserowy waporyzator.<\/li>\n<li><strong>Apple Ice<\/strong>: Ten smak oddaje chrupi\u0105cy, \u015bwie\u017cy posmak \u015bwie\u017co zerwanego jab\u0142ka, wzmocniony ch\u0142odnym mentolowym finiszem. <strong>Apple Ice<\/strong> jest idealn\u0105 mieszank\u0105 s\u0142odkiego i orze\u017awiaj\u0105cego z ch\u0142odn\u0105 nut\u0105.<\/li>\n<\/ol>\n<p>Z \u0142\u0105cznie <strong>48 smak\u00f3w<\/strong> by odkry\u0107, nie brakuje r\u00f3\u017cnorodno\u015bci, aby si\u0119 cieszy\u0107 z <strong>Fumot RandM Digital Box 12000 Puffs \nnie wymaga t\u0142umaczenia<\/strong>Czy szukasz czego\u015b owocowego, mi\u0119towego czy inspirowanego deserem, znajdziesz idealny smak dopasowany do Twojego nastroju.<\/p>\n<h3>Zam\u00f3w Fumot RandM Digital Box 12000 Puffs z FumotXpress.de<\/h3>\n<p>W <strong>FumotXpress.de<\/strong>, jeste\u015bmy dumni z bycia najwi\u0119ksz\u0105 internetow\u0105 platform\u0105 handlow\u0105 dla jednorazowych waporyzator\u00f3w w Niemczech. Oferujemy szeroki wyb\u00f3r wysokiej jako\u015bci waporyzator\u00f3w, w tym <strong>Fumot RandM Digital Box 12000 Puffs \nnie wymaga t\u0142umaczenia<\/strong>, kt\u00f3re mo\u017cna zakupi\u0107 bez minimalnej ilo\u015bci zam\u00f3wienia. Niezale\u017cnie od tego, czy potrzebujesz jednej sztuki, czy zam\u00f3wienia hurtowego dla grup detalicznych, mamy Ci\u0119 pokryte. Wszystkie nasze produkty s\u0105 wysy\u0142ane bezpo\u015brednio z naszego europejskiego magazynu, zapewniaj\u0105c szybk\u0105 dostaw\u0119 w ci\u0105gu <strong>3-7 dni<\/strong>.<\/p>\n<p>Kiedy robisz zakupy z <a href=\"https:\/\/fumotxpress.de\/pl\/\"><strong>FumotXpress.de<\/strong>,<\/a> Jeste\u015b gwarantowany, \u017ce otrzymasz oryginalne, autentyczne produkty, kt\u00f3re spe\u0142niaj\u0105 najwy\u017csze standardy jako\u015bci. Nasza \u0142atwa w u\u017cyciu strona internetowa i niezawodna obs\u0142uga klienta zapewniaj\u0105 bezproblemowe zakupy jednorazowych waporyzator\u00f3w.<\/p>\n<h3>Wniosek<\/h3>\n<p>The \nnie wymaga t\u0142umaczenia <a href=\"https:\/\/fumotxpress.de\/pl\/\"><strong>Fumot RandM Digital Box 12000 Puffs \nnie wymaga t\u0142umaczenia<\/strong> <\/a>jest ostatecznym wyborem dla waper\u00f3w, kt\u00f3rzy wymagaj\u0105 jako\u015bci, stylu i wydajno\u015bci. Dzi\u0119ki swojej d\u0142ugotrwa\u0142ej pojemno\u015bci, premium obj\u0119to\u015bci e-p\u0142ynu, akumulatorowi z mo\u017cliwo\u015bci\u0105 \u0142adowania oraz szerokiej gamie opcji smakowych, urz\u0105dzenie to zapewnia wszystko, czego potrzebujesz do doskona\u0142ego do\u015bwiadczenia z wapowaniem. Zakupy w <strong>FumotXpress.de<\/strong> dzi\u015b i ciesz si\u0119 szybk\u0105, niezawodn\u0105 wysy\u0142k\u0105 bezpo\u015brednio z naszego europejskiego magazynu. Niezale\u017cnie od tego, czy jeste\u015b przypadkowym vaperem, czy oddanym entuzjast\u0105,<\/p>","protected":false},"excerpt":{"rendered":"<p>Kup Fumot RandM Digital Box 12000 Puff\u00f3w, akumulatorowy, jednorazowy waporyzator  na stronie FumotXpress.de, z nisk\u0105 zawarto\u015bci\u0105 nikotyny, premium smakami i szybk\u0105 dostaw\u0105 z naszego europejskiego magazynu.<\/p>","protected":false},"featured_media":2455,"comment_status":"open","ping_status":"closed","template":"","meta":{"om_disable_all_campaigns":false},"product_brand":[],"product_cat":[24,91,92,94,95,96,97,99,101,103,104,107,108,109,111,112,78,79,80,81,82,83,84,85,86,87,88,89,90,70,73,56,61,63,65,67],"product_tag":[],"class_list":{"0":"post-960","1":"product","2":"type-product","3":"status-publish","4":"has-post-thumbnail","6":"product_cat-fumot-tornado-disposable-vapes","7":"product_cat-buy-best-disposable-vape-flavors","8":"product_cat-apple-flavor-disposable-vapes","9":"product_cat-blueberry-flavor-disposable-vapes","10":"product_cat-cherry-flavor-disposable-vapes","11":"product_cat-cola-flavor-disposable-vapes","12":"product_cat-grape-flavor-disposable-vapes","13":"product_cat-ice-flavor-disposable-vapes","14":"product_cat-lemon-flavor-disposable-vapes","15":"product_cat-mango-flavor-disposable-vapes","16":"product_cat-mint-flavor-disposable-vapes","17":"product_cat-peach-flavor-disposable-vapes","18":"product_cat-pineapple-flavor-disposable-vapes","19":"product_cat-raspberry-flavor-disposable-vapes","20":"product_cat-strawberry-flavor-disposable-vapes","21":"product_cat-watermelon-flavor-disposable-vapes","22":"product_cat-best-disposable-vape-in-europe","23":"product_cat-buy-disposable-vapes-in-austria","24":"product_cat-buy-disposable-vapes-in-belgium","25":"product_cat-buy-disposable-vapes-in-france","26":"product_cat-buy-disposable-vapes-in-germany","27":"product_cat-buy-disposable-vapes-in-italy","28":"product_cat-buy-disposable-vapes-in-netherlands","29":"product_cat-buy-disposable-vapes-in-norway","30":"product_cat-buy-disposable-vapes-in-poland","31":"product_cat-buy-disposable-vapes-in-portugal","32":"product_cat-buy-disposable-vapes-in-spain","33":"product_cat-buy-disposable-vapes-in-sweden","34":"product_cat-buy-disposable-vapes-in-switzerland","35":"product_cat-shop-disposable-vapes-by-puffs","36":"product_cat-12000-puff-disposable-vape","37":"product_cat-disposable-vape-types","38":"product_cat-big-puffs-disposable-vapes","39":"product_cat-digital-box-disposable-vapes","40":"product_cat-lower-nicotine-disposable-vapes","41":"product_cat-rechargeable-disposable-vapes","43":"first","44":"instock","45":"shipping-taxable","46":"purchasable","47":"product-type-variable"},"_links":{"self":[{"href":"https:\/\/fumotxpress.de\/pl\/wp-json\/wp\/v2\/product\/960","targetHints":{"allow":["GET"]}}],"collection":[{"href":"https:\/\/fumotxpress.de\/pl\/wp-json\/wp\/v2\/product"}],"about":[{"href":"https:\/\/fumotxpress.de\/pl\/wp-json\/wp\/v2\/types\/product"}],"replies":[{"embeddable":true,"href":"https:\/\/fumotxpress.de\/pl\/wp-json\/wp\/v2\/comments?post=960"}],"wp:featuredmedia":[{"embeddable":true,"href":"https:\/\/fumotxpress.de\/pl\/wp-json\/wp\/v2\/media\/2455"}],"wp:attachment":[{"href":"https:\/\/fumotxpress.de\/pl\/wp-json\/wp\/v2\/media?parent=960"}],"wp:term":[{"taxonomy":"product_brand","embeddable":true,"href":"https:\/\/fumotxpress.de\/pl\/wp-json\/wp\/v2\/product_brand?post=960"},{"taxonomy":"product_cat","embeddable":true,"href":"https:\/\/fumotxpress.de\/pl\/wp-json\/wp\/v2\/product_cat?post=960"},{"taxonomy":"product_tag","embeddable":true,"href":"https:\/\/fumotxpress.de\/pl\/wp-json\/wp\/v2\/product_tag?post=960"}],"curies":[{"name":"wp","href":"https:\/\/api.w.org\/{rel}","templated":true}]}}