{"id":4602,"date":"2025-11-28T12:37:27","date_gmt":"2025-11-28T12:37:27","guid":{"rendered":"https:\/\/fumotxpress.de\/?post_type=product&#038;p=4602"},"modified":"2025-11-28T12:45:51","modified_gmt":"2025-11-28T12:45:51","slug":"al-fakher-30k-jednorazowy-waporyzator-kup-dzisiaj-z-europejskiego-magazynu-bez-minimalnej-ilosci-zamowienia","status":"publish","type":"product","link":"https:\/\/fumotxpress.de\/pl\/produkt\/al-fakher-30k-jednorazowy-waporyzator-kup-dzisiaj-z-europejskiego-magazynu-bez-minimalnej-ilosci-zamowienia\/","title":{"rendered":"Al Fakher 30K Jednorazowy Waporyzator: Kup Dzisiaj z Europejskiego Magazynu, Bez MOQ."},"content":{"rendered":"<p>&nbsp;<\/p>\n<article style=\"background-color: #2c2c2c; color: #ffffff; font-family: Arial, sans-serif; padding: 20px; border-radius: 10px;\">\n<h2 style=\"font-family: Arial, sans-serif; color: #f1f1f1;\">Tw\u00f3j Super D\u0142ugotrwa\u0142y Towarzysz Smaku: The <a href=\"https:\/\/fumotxpress.de\/pl\/\">Al Fakher 30K Hypermax<\/a>!<\/h2>\n<p style=\"font-family: Arial, sans-serif; font-size: 16px; line-height: 1.6; color: #f1f1f1;\">Czy masz do\u015b\u0107 waporyzator\u00f3w, kt\u00f3re zbyt szybko trac\u0105 sw\u00f3j urok? C\u00f3\u017c, przygotuj si\u0119 na festiwal smak\u00f3w, kt\u00f3ry wydaje si\u0119 nie mie\u0107 ko\u0144ca dzi\u0119ki Al Fakher 30K Hypermax! Wyobra\u017a sobie, \u017ce mo\u017cesz uzyska\u0107 nawet 30 000 niesamowitych zaci\u0105gni\u0119\u0107 z jednego urz\u0105dzenia. To jak mie\u0107 kieszonkow\u0105 t\u0119cz\u0119 smak\u00f3w, kt\u00f3ra ci\u0105gle si\u0119 odnawia! Zosta\u0142 zaprojektowany, aby by\u0142 niezwykle \u0142atwy w u\u017cyciu, co sprawia, \u017ce jest idealny dla wszystkich.<\/p>\n<p style=\"font-family: Arial, sans-serif; font-size: 16px; line-height: 1.6; color: #f1f1f1;\">Mo\u017cesz chwyci\u0107 t\u0119 ma\u0142\u0105 pot\u0119g\u0119 smaku w\u0142a\u015bnie tutaj na naszej stronie internetowej, fumotxpress.de! Jeste\u015bmy super fajn\u0105 platform\u0105 internetow\u0105 dla hurtowych zakup\u00f3w jednorazowych waporyzator\u00f3w w Europie. I najlepsza cz\u0119\u015b\u0107? Nie ma minimalnej ilo\u015bci zam\u00f3wienia (brak MOQ), wi\u0119c mo\u017cesz kupi\u0107 tylko jeden, aby zacz\u0105\u0107. Wysy\u0142amy go prosto z naszego europejskiego magazynu, co oznacza, \u017ce dostaniesz go super szybko, w ci\u0105gu 2 do 7 dni!<\/p>\n<h3 style=\"font-family: Arial, sans-serif; color: #f1f1f1;\">Co sprawia, \u017ce Al Fakher 30K Hypermax jest tak niesamowity?<\/h3>\n<ul style=\"color: #f1f1f1;\">\n<li style=\"font-family: Arial, sans-serif; font-size: 16px; line-height: 1.6;\">Nigdy nieko\u0144cz\u0105ca si\u0119 historia p\u0105czk\u00f3w!: Z ogromnymi 30 000 p\u0105czkami mo\u017cesz cieszy\u0107 si\u0119 swoimi ulubionymi smakami przez tygodnie i tygodnie!<\/li>\n<li style=\"font-family: Arial, sans-serif; font-size: 16px; line-height: 1.6;\">Du\u017cy basen smaku:  Przychodzi wst\u0119pnie nape\u0142niony 20ml super pysznego e-p\u0142ynu.  To tona pysznych chmur czekaj\u0105cych na Ciebie!<\/li>\n<li style=\"font-family: Arial, sans-serif; font-size: 16px; line-height: 1.6;\">G\u0142adki i Delikatny: Ma 2% zawarto\u015b\u0107 nikotyny, co jest idealne dla relaksuj\u0105cego i g\u0142adkiego do\u015bwiadczenia.<\/li>\n<li style=\"font-family: Arial, sans-serif; font-size: 16px; line-height: 1.6;\">Power Up i Go!: bateria o pojemno\u015bci 650 mAh jest mocna i \u0142adowana za pomoc\u0105 prostego kabla Type-C. Nigdy nie zmarnujesz ani kropli energii!<\/li>\n<li style=\"font-family: Arial, sans-serif; font-size: 16px; line-height: 1.6;\">Idealnie le\u017cy w d\u0142oni: Zosta\u0142 zaprojektowany tak, aby by\u0142 niezwykle wygodny w trzymaniu i noszeniu z sob\u0105 podczas wszystkich przyg\u00f3d.<\/li>\n<li style=\"font-family: Arial, sans-serif; font-size: 16px; line-height: 1.6;\">Czysty, pyszny smak: Specjalna siatka 1,2 ohma zapewnia, \u017ce ka\u017cdy zaci\u0105g jest wype\u0142niony prawdziwym, niesamowitym smakiem, bez \u017cadnego spalonego smaku.<\/li>\n<\/ul>\n<h3 style=\"font-family: Arial, sans-serif; color: #f1f1f1;\">Wybierz Swoj\u0105 Ulubion\u0105 Przygod\u0119 Smakow\u0105!<\/h3>\n<p style=\"font-family: Arial, sans-serif; font-size: 16px; line-height: 1.6; color: #f1f1f1;\">Przygotuj si\u0119 na odkrycie \u015bwiata smak\u00f3w! Kt\u00f3ry z nich b\u0119dzie twoim ulubionym?<\/p>\n<div style=\"font-family: Arial, sans-serif; font-size: 16px; line-height: 1.6; color: #f1f1f1; column-count: 2;\">\n<p>Mi\u0119ta<\/p>\n<p>Truskawkowy Puncher<\/p>\n<p>Magiczna Mi\u0142o\u015b\u0107<\/p>\n<p>Mentol<\/p>\n<p>Mieszane jagody<\/p>\n<p>Cytryna Limonka<\/p>\n<p>Mi\u0119ta Winogronowa<\/p>\n<p>Cytrynowy Mi\u0119ta<\/p>\n<p>Jagoda Wi\u015bniowa<\/p>\n<p>Mango Ananas<\/p>\n<p>Bor\u00f3wka Mi\u0119ta<\/p>\n<p>Lato marze\u0144<\/p>\n<\/div>\n<h3 style=\"font-family: Arial, sans-serif; color: #f1f1f1;\">Zobacz Jak To \u015awieci Ja\u015bniej!<\/h3>\n<div style=\"margin: 20px auto; width: 90%; overflow-x: auto;\">\n<table style=\"width: 100%; border-collapse: collapse; font-family: Arial, sans-serif; border-radius: 8px; box-shadow: 0 4px 8px 0 rgba(0,0,0,0.5); background-color: #3d3d3d;\">\n<thead>\n<tr>\n<th style=\"padding: 12px; text-align: left; background-color: #1e1e1e; color: #ffffff;\">Cecha<\/th>\n<th style=\"padding: 12px; text-align: left; background-color: #87ceeb; color: #ffffff;\">Al Fakher 30K Hypermax<\/th>\n<th style=\"padding: 12px; text-align: left; background-color: #1e1e1e; color: #ffffff;\">Inne Vapy<\/th>\n<\/tr>\n<\/thead>\n<tbody>\n<tr>\n<td style=\"padding: 12px; border-bottom: 1px solid #555; color: #000000;\">Licznik Puff\u00f3w<\/td>\n<td style=\"padding: 12px; border-bottom: 1px solid #555; color: #000000;\">A\u017c 30 000!<\/td>\n<td style=\"padding: 12px; border-bottom: 1px solid #555; color: #000000;\">Zwykle znacznie mniej (oko\u0142o 600-800)<\/td>\n<\/tr>\n<tr style=\"background-color: #4c4c4c;\">\n<td style=\"padding: 12px; border-bottom: 1px solid #555; color: #000000;\">Ilo\u015b\u0107 e-p\u0142ynu<\/td>\n<td style=\"padding: 12px; border-bottom: 1px solid #555; color: #000000;\">Du\u017cy 20ml!<\/td>\n<td style=\"padding: 12px; border-bottom: 1px solid #555; color: #000000;\">Znacznie mniejsze czo\u0142gi<\/td>\n<\/tr>\n<tr>\n<td style=\"padding: 12px; border-bottom: 1px solid #555; color: #000000;\">Bateria<\/td>\n<td style=\"padding: 12px; border-bottom: 1px solid #555; color: #000000;\">Zasilany przez USB-C!<\/td>\n<td style=\"padding: 12px; border-bottom: 1px solid #555; color: #000000;\">Cz\u0119sto nie mo\u017cna ich ponownie na\u0142adowa\u0107<\/td>\n<\/tr>\n<tr style=\"background-color: #4c4c4c;\">\n<td style=\"padding: 12px; color: #000000;\">Zamawianie na fumotxpress.de<\/td>\n<td style=\"padding: 12px; color: #000000;\">Kup tylko jeden! Nie ma minimalnej ilo\u015bci zam\u00f3wienia!<\/td>\n<td style=\"padding: 12px; color: #000000;\">Cz\u0119sto musz\u0105 kupowa\u0107 w du\u017cych pude\u0142kach<\/td>\n<\/tr>\n<\/tbody>\n<\/table>\n<\/div>\n<h3 style=\"font-family: Arial, sans-serif; color: #f1f1f1;\">Twoje pytania, Odpowiedzi!<\/h3>\n<div style=\"font-family: Arial, sans-serif; font-size: 16px; line-height: 1.6;\">\n<div style=\"background-color: #223344; border-left: 5px solid #87CEEB; padding: 15px; margin-bottom: 10px; border-radius: 5px; color: #ffffff;\">\n<p><strong>Jak go u\u017cy\u0107?<\/strong>To jest super proste! Urz\u0105dzenie jest aktywowane przez poci\u0105gni\u0119cie, co oznacza, \u017ce wystarczy poci\u0105gn\u0105\u0107 przez nie, aby zacz\u0105\u0107. Nie ma przycisk\u00f3w do naciskania ani skomplikowanych ustawie\u0144, kt\u00f3re trzeba rozgry\u017a\u0107!<\/p>\n<\/div>\n<div style=\"background-color: #223344; border-left: 5px solid #87CEEB; padding: 15px; margin-bottom: 10px; border-radius: 5px; color: #ffffff;\">\n<p><strong>Czy ma ekran, kt\u00f3ry pokazuje bateri\u0119?<\/strong>Tak, wiele modeli wyposa\u017conych jest w wygodny wy\u015bwietlacz LED, kt\u00f3ry informuje o poziomie na\u0142adowania baterii i liczbie zaci\u0105gni\u0119\u0107. W ten spos\u00f3b zawsze b\u0119dziesz wiedzie\u0107, kiedy nadszed\u0142 czas na ponowne \u0142adowanie.<\/p>\n<\/div>\n<div style=\"background-color: #223344; border-left: 5px solid #87CEEB; padding: 15px; margin-bottom: 10px; border-radius: 5px; color: #ffffff;\">\n<p><strong>Dlaczego fumotxpress.de jest najlepszym miejscem do zakupu?<\/strong>Poniewa\u017c jeste\u015bmy Twoimi kumplami w Europie, je\u015bli chodzi o vapy! Wysy\u0142amy bardzo szybko (2-7 dni) prosto z naszego europejskiego magazynu. I co najlepsze? Bez minimalnej ilo\u015bci zam\u00f3wienia! Mo\u017cesz kupi\u0107 tylko jeden, \u017ceby zobaczy\u0107, jak bardzo go kochasz. To naj\u0142atwiejszy i najbardziej przyjazny spos\u00f3b na zakup Twojego nowego vapa.<\/p>\n<\/div>\n<div style=\"background-color: #223344; border-left: 5px solid #87CEEB; padding: 15px; margin-bottom: 10px; border-radius: 5px; color: #ffffff;\">\n<p><strong>Czy mog\u0119 uzupe\u0142ni\u0107 vape innym sokiem?<\/strong>Nie! To jest wst\u0119pnie nape\u0142niona vape, wi\u0119c nie musisz si\u0119 martwi\u0107 o ba\u0142agan zwi\u0105zany z uzupe\u0142nianiem. Wszystko chodzi o wygod\u0119. Kiedy ju\u017c zrobisz wszystkie zaci\u0105gni\u0119cia, mo\u017cesz po prostu zacz\u0105\u0107 now\u0105.<\/p>\n<\/div>\n<\/div>\n<\/article>","protected":false},"excerpt":{"rendered":"<p>Al Fakher 30K Hypermax: Twoja przygoda z 30 000 zaci\u0105g\u00f3w smaku\u201d<\/p>","protected":false},"featured_media":4600,"comment_status":"open","ping_status":"closed","template":"","meta":{"om_disable_all_campaigns":false},"product_brand":[],"product_cat":[132],"product_tag":[],"class_list":{"0":"post-4602","1":"product","2":"type-product","3":"status-publish","4":"has-post-thumbnail","6":"product_cat-al-fakher-30k-hypermax","8":"first","9":"instock","10":"shipping-taxable","11":"purchasable","12":"product-type-variable"},"_links":{"self":[{"href":"https:\/\/fumotxpress.de\/pl\/wp-json\/wp\/v2\/product\/4602","targetHints":{"allow":["GET"]}}],"collection":[{"href":"https:\/\/fumotxpress.de\/pl\/wp-json\/wp\/v2\/product"}],"about":[{"href":"https:\/\/fumotxpress.de\/pl\/wp-json\/wp\/v2\/types\/product"}],"replies":[{"embeddable":true,"href":"https:\/\/fumotxpress.de\/pl\/wp-json\/wp\/v2\/comments?post=4602"}],"wp:featuredmedia":[{"embeddable":true,"href":"https:\/\/fumotxpress.de\/pl\/wp-json\/wp\/v2\/media\/4600"}],"wp:attachment":[{"href":"https:\/\/fumotxpress.de\/pl\/wp-json\/wp\/v2\/media?parent=4602"}],"wp:term":[{"taxonomy":"product_brand","embeddable":true,"href":"https:\/\/fumotxpress.de\/pl\/wp-json\/wp\/v2\/product_brand?post=4602"},{"taxonomy":"product_cat","embeddable":true,"href":"https:\/\/fumotxpress.de\/pl\/wp-json\/wp\/v2\/product_cat?post=4602"},{"taxonomy":"product_tag","embeddable":true,"href":"https:\/\/fumotxpress.de\/pl\/wp-json\/wp\/v2\/product_tag?post=4602"}],"curies":[{"name":"wp","href":"https:\/\/api.w.org\/{rel}","templated":true}]}}