{"id":4413,"date":"2025-07-25T05:07:59","date_gmt":"2025-07-25T05:07:59","guid":{"rendered":"https:\/\/fumotxpress.de\/?post_type=product&#038;p=4413"},"modified":"2025-07-26T04:49:24","modified_gmt":"2025-07-26T04:49:24","slug":"elfbar-combo-pro-30000-puffow-jednorazowa-vape","status":"publish","type":"product","link":"https:\/\/fumotxpress.de\/pl\/produkt\/elfbar-combo-pro-30000-puffow-jednorazowa-vape\/","title":{"rendered":"ELFBAR Combo Pro 30000 Puff\u00f3w JednorazowaWaporyzator  Jedna skrzynka (10 sztuk)"},"content":{"rendered":"<h2><strong>Szczeg\u00f3\u0142y:<\/strong>maksymalna liczba poci\u0105g\u00f3w\u00a0<strong>ELF Bar Combo Pro 30000<\/strong><\/h2>\n<p>nie jest wymagane t\u0142umaczenie, prosz\u0119 o podanie tekstu do t\u0142umaczenia \n Podano : \n betr\u00e4gt 30000 Z\u00fcge. Dieses innovative Einweg-Vape-Ger\u00e4t vereint drei Geschmacksrichtungen, zwei Modi und zwei Airflow-Systeme in einem Ger\u00e4t und bietet so ein unvergleichliches Dampferlebnis. Dies gelingt durch den Einsatz modernster Designkonzepte und Fertigungstechniken. Das duale Airflow-Design und die Geschmackskombination des ELF Bar Combo Pro 30000 sind seine gr\u00f6\u00dften St\u00e4rken. Der Combo-Schalter erm\u00f6glicht drei Varianten des Combo Pro 30000. Jede der drei Schalterpositionen \u2013 seitlich und in der Mitte \u2013 stellt einen anderen Geschmacksmodus dar. Beide Seiten des Combo-Schalters sind einstellbar.\n\nWynik \n wynosi 30000 zaci\u0105gni\u0119\u0107. To innowacyjne urz\u0105dzenie do wapowania jednorazowego u\u017cytku \u0142\u0105czy trzy smaki, dwie tryby i dwie systemy przep\u0142ywu powietrza w jednym urz\u0105dzeniu, zapewniaj\u0105c niezr\u00f3wnane do\u015bwiadczenie wapowania.  Udaje si\u0119 to dzi\u0119ki zastosowaniu najnowocze\u015bniejszych koncepcji projektowych i technik produkcji.  Podw\u00f3jna konstrukcja przep\u0142ywu powietrza i kombinacja smak\u00f3w ELF Bar Combo Pro 30000 to jego najwi\u0119ksze mocne strony.  Prze\u0142\u0105cznik Combo umo\u017cliwia trzy warianty Combo Pro 30000.  Ka\u017cda z trzech pozycji prze\u0142\u0105cznika - boczna i \u015brodkowa - reprezentuje inny tryb smakowy.  Oba boki prze\u0142\u0105cznika Combo s\u0105 regulowane.<\/p>\n<p><strong>Dane techniczne:<\/strong><br \/>\n700 mAh akumulator<br \/>\n17 ml Fassungsverm\u00f6gen \n nie wymaga t\u0142umaczenia, pozostaje 17 ml Fassungsverm\u00f6gen<br \/>\n5 1\/3 St\u00e4rke<br \/>\nDo 30 000 poci\u0105g\u00f3w<br \/>\nDoppeltes Luftstromsystem<br \/>\nWy\u015bwietlacz<br \/>\nTyp-C-Ladeanschluss \n nie wymaga t\u0142umaczenia, pozostaje: Typ-C-Ladeanschluss<\/p>\n<p><strong>Pakiet zawiera:<\/strong><br \/>\n1 sztuka* ELF Bar Combo Pro 30000 jednorazowy zestaw<\/p>\n<p><img decoding=\"async\" src=\"https:\/\/fumotxpress.de\/wp-content\/uploads\/2025\/07\/1750413917740.png\" alt=\"\" \/><\/p>","protected":false},"excerpt":{"rendered":"<p>700 mAh akumulator<br \/>\n17 ml Fassungsverm\u00f6gen \n nie wymaga t\u0142umaczenia, pozostaje 17 ml Fassungsverm\u00f6gen<br \/>\n5 1\/3 St\u00e4rke<br \/>\nDo 30 000 poci\u0105g\u00f3w<br \/>\nDoppeltes Luftstromsystem<br \/>\nWy\u015bwietlacz<br \/>\nTyp-C-Ladeanschluss \n nie wymaga t\u0142umaczenia, pozostaje: Typ-C-Ladeanschluss<\/p>","protected":false},"featured_media":4414,"comment_status":"open","ping_status":"closed","template":"","meta":{"om_disable_all_campaigns":false},"product_brand":[],"product_cat":[130],"product_tag":[],"class_list":{"0":"post-4413","1":"product","2":"type-product","3":"status-publish","4":"has-post-thumbnail","6":"product_cat-elfbar-combo-pro-30000-puffs","8":"first","9":"instock","10":"shipping-taxable","11":"purchasable","12":"product-type-variable"},"_links":{"self":[{"href":"https:\/\/fumotxpress.de\/pl\/wp-json\/wp\/v2\/product\/4413","targetHints":{"allow":["GET"]}}],"collection":[{"href":"https:\/\/fumotxpress.de\/pl\/wp-json\/wp\/v2\/product"}],"about":[{"href":"https:\/\/fumotxpress.de\/pl\/wp-json\/wp\/v2\/types\/product"}],"replies":[{"embeddable":true,"href":"https:\/\/fumotxpress.de\/pl\/wp-json\/wp\/v2\/comments?post=4413"}],"wp:featuredmedia":[{"embeddable":true,"href":"https:\/\/fumotxpress.de\/pl\/wp-json\/wp\/v2\/media\/4414"}],"wp:attachment":[{"href":"https:\/\/fumotxpress.de\/pl\/wp-json\/wp\/v2\/media?parent=4413"}],"wp:term":[{"taxonomy":"product_brand","embeddable":true,"href":"https:\/\/fumotxpress.de\/pl\/wp-json\/wp\/v2\/product_brand?post=4413"},{"taxonomy":"product_cat","embeddable":true,"href":"https:\/\/fumotxpress.de\/pl\/wp-json\/wp\/v2\/product_cat?post=4413"},{"taxonomy":"product_tag","embeddable":true,"href":"https:\/\/fumotxpress.de\/pl\/wp-json\/wp\/v2\/product_tag?post=4413"}],"curies":[{"name":"wp","href":"https:\/\/api.w.org\/{rel}","templated":true}]}}