{"id":4109,"date":"2025-07-17T06:54:16","date_gmt":"2025-07-17T06:54:16","guid":{"rendered":"https:\/\/fumotxpress.de\/?post_type=product&#038;p=4109"},"modified":"2025-08-07T15:46:01","modified_gmt":"2025-08-07T15:46:01","slug":"fumot-lampart-40k-40000-pff-jednorazowa-vape-hurtownia","status":"publish","type":"product","link":"https:\/\/fumotxpress.de\/pl\/produkt\/fumot-lampart-40k-40000-pff-jednorazowa-vape-hurtownia\/","title":{"rendered":"Fumot Leopard 40000 Puff\u00f3w Jednorazowa Waporyzator Hurt"},"content":{"rendered":"<p>The \nnie wymaga t\u0142umaczenia\u00a0<a title=\"Fumot\" href=\"https:\/\/www.vape4wholesale.com\/product_brand\/fumot\" target=\"_blank\" rel=\"noopener\">Fumot<\/a>\u00a0Leopard 40K to jednorazowa e-papieros o du\u017cej pojemno\u015bci, oferuj\u0105ca do 40 000 zaci\u0105gni\u0119\u0107. Zaprojektowany z podw\u00f3jnymi cewkami siatkowymi i przezroczyst\u0105 zewn\u0119trzn\u0105 pow\u0142ok\u0105, charakteryzuje si\u0119 odwa\u017cn\u0105 ilustracj\u0105 lamparta, kt\u00f3ra dodaje unikalnego wizualnego akcentu. Wbudowany wska\u017anik LED nie tylko pokazuje poziomy e-liquidu i baterii, ale tak\u017ce dostarcza \u017cywych efekt\u00f3w \u015bwietlnych. Leopard 40K jest dost\u0119pny w 25 smakach i oferuje 4 opcje st\u0119\u017cenia nikotyny, aby zadowoli\u0107 r\u00f3\u017cnorodne preferencje.<\/p>\n<p>Podw\u00f3jna siatka vape wykorzystuje element grzejny z dwoma warstwami materia\u0142u siatkowego, tworz\u0105c wi\u0119ksz\u0105 powierzchni\u0119 styku dla e-p\u0142ynu i r\u00f3wnomiernego ogrzewania. Wynikiem tego jest g\u0142adszy i bardziej satysfakcjonuj\u0105cy smak, a tak\u017ce bardziej stabilny smak przez ca\u0142y okres u\u017cytkowania vape.<\/p>\n<p>Wy\u015bwietlacz Leopard 40k pokazuje r\u00f3wnie\u017c poziom mocy i e-p\u0142yn ! Liczba po lewej stronie (nad symbolem kropli wody) reprezentuje ilo\u015b\u0107 e-p\u0142ynu pozosta\u0142ego w urz\u0105dzeniu, a liczba po prawej stronie (nad symbolem baterii) reprezentuje bie\u017c\u0105cy stan mocy urz\u0105dzenia.<\/p>\n<p>Leopard 40K charakteryzuje si\u0119 krystalicznie czyst\u0105 przezroczyst\u0105 obudow\u0105, kt\u00f3ra genialnie prezentuje ol\u015bniewaj\u0105c\u0105 ilustracj\u0119 lamparta w pe\u0142nym szczeg\u00f3le. Ka\u017cda linia, kolor i wyraz dzie\u0142a sztuki s\u0105 o\u017cywione, tworz\u0105c odwa\u017cne wizualne o\u015bwiadczenie, kt\u00f3re wyr\u00f3\u017cnia go na tle zwyk\u0142ych projekt\u00f3w vape.<\/p>\n<p>USB-C lub USB typu C to najnowszy uniwersalny standard przewodowego po\u0142\u0105czenia inteligentnych urz\u0105dze\u0144. Jest nast\u0119pc\u0105 starszych standard\u00f3w, takich jak Micro-USB i USB-A, kt\u00f3re s\u0105 nadal powszechne, ale szybko zyskuj\u0105 na popularno\u015bci. Wbudowana bateria o pojemno\u015bci 700 mAh jest akumulatorem, dzi\u0119ki czemu nie b\u0119dziesz musia\u0142 si\u0119 martwi\u0107 o wyczerpanie si\u0119 jednorazowych baterii, dop\u00f3ki nie sko\u0144czy si\u0119 e-liquid.<\/p>\n<h2><strong>Fumot Leopard 40K Puffs Jednorazowa Waporyzator Szczeg\u00f3\u0142y<\/strong><\/h2>\n<ul>\n<li>\n<p class=\"ds-markdown-paragraph\"><strong>Si\u0142a nikotyny:<\/strong> 2% (20mg)<\/p>\n<\/li>\n<li>\n<p class=\"ds-markdown-paragraph\"><strong>Bateria:<\/strong>\u00a0700mAh Akumulator (USB Typ-C)<\/p>\n<\/li>\n<li>\n<p class=\"ds-markdown-paragraph\"><strong>Licznik Puff\u00f3w:<\/strong>\u00a0Do\u00a0<strong>40 000 pff\u00f3w<\/strong><\/p>\n<\/li>\n<li>\n<p class=\"ds-markdown-paragraph\"><strong>Technologia cewek:<\/strong>\u00a0<strong>Podw\u00f3jna Cewka Siatkowa<\/strong>\u00a0dla bogatszego smaku<\/p>\n<\/li>\n<li>\n<p class=\"ds-markdown-paragraph\"><strong>Smak:<\/strong>\u00a0<strong>16 opcji premium<\/strong><\/p>\n<\/li>\n<li>\n<p class=\"ds-markdown-paragraph\"><strong>Wy\u015bwietl:<\/strong>\u00a0<strong>Ekran HD<\/strong>\u00a0(wska\u017aniki e-liquidu i baterii)<\/p>\n<\/li>\n<\/ul>\n<h2><strong>Dost\u0119pne smaki<\/strong><\/h2>\n<ol>\n<li>Mieszane jagody<\/li>\n<li>Jagoda Bor\u00f3wka Malina<\/li>\n<li>Truskawkowy Arbuz<\/li>\n<li>Strawberry Ice<\/li>\n<li>Cere\u015bniowy L\u00f3d<\/li>\n<li>Wodny L\u00f3d<\/li>\n<li>Kiwi Marakuja Guawa<\/li>\n<li>Dr Blue<\/li>\n<li>Bor\u00f3wka na lodzie<\/li>\n<li>Peach Berry<\/li>\n<li>R\u00f3\u017cowy sok z cytryny<\/li>\n<li>Truskawkowy Banan<\/li>\n<li>Wodny Melon Bubblegum<\/li>\n<li>Peachy Mango Ananas<\/li>\n<li>Czarny Smok L\u00f3d<\/li>\n<li>Bor\u00f3wka Wi\u015bnia \u017burawina<\/li>\n<\/ol>\n<figure id=\"attachment_23232\" class=\"wp-caption alignnone\" aria-describedby=\"caption-attachment-23232\"><img loading=\"lazy\" decoding=\"async\" class=\"size-full wp-image-23232\" title=\"Fumot Leopard 40K 40000 Puff\u00f3w Jednorazowa Waporyzator\" src=\"https:\/\/fumotxpress.de\/wp-content\/uploads\/2025\/07\/Fumot-Leopard-40K-40000-Puffs-Disposable-Vape-scaled.webp\" sizes=\"auto, (max-width: 2560px) 100vw, 2560px\" srcset=\"https:\/\/fumotxpress.de\/wp-content\/uploads\/2025\/07\/Fumot-Leopard-40K-40000-Puffs-Disposable-Vape-scaled.webp 2560w, https:\/\/fumotxpress.de\/wp-content\/uploads\/2025\/07\/Fumot-Leopard-40K-40000-Puffs-Disposable-Vape-300x180.webp 300w, https:\/\/fumotxpress.de\/wp-content\/uploads\/2025\/07\/Fumot-Leopard-40K-40000-Puffs-Disposable-Vape-1024x614.webp 1024w, https:\/\/fumotxpress.de\/wp-content\/uploads\/2025\/07\/Fumot-Leopard-40K-40000-Puffs-Disposable-Vape-768x461.webp 768w, https:\/\/fumotxpress.de\/wp-content\/uploads\/2025\/07\/Fumot-Leopard-40K-40000-Puffs-Disposable-Vape-1536x922.webp 1536w, https:\/\/fumotxpress.de\/wp-content\/uploads\/2025\/07\/Fumot-Leopard-40K-40000-Puffs-Disposable-Vape-2048x1229.webp 2048w, https:\/\/fumotxpress.de\/wp-content\/uploads\/2025\/07\/Fumot-Leopard-40K-40000-Puffs-Disposable-Vape-18x12.webp 18w, https:\/\/fumotxpress.de\/wp-content\/uploads\/2025\/07\/Fumot-Leopard-40K-40000-Puffs-Disposable-Vape-510x306.webp 510w, https:\/\/fumotxpress.de\/wp-content\/uploads\/2025\/07\/Fumot-Leopard-40K-40000-Puffs-Disposable-Vape-64x38.webp 64w\" alt=\"Fumot Leopard 40K 40000 Puff\u00f3w Jednorazowa Waporyzator\" width=\"2560\" height=\"1536\" \/><figcaption id=\"caption-attachment-23232\" class=\"wp-caption-text\">Fumot Leopard 40K 40000 Puff\u00f3w Jednorazowa Waporyzator<\/figcaption><\/figure>\n<h2>DLACZEGO MY?<\/h2>\n<ul>\n<li>Rzetelne, godne zaufania i profesjonalne \u017ar\u00f3d\u0142o vape.<\/li>\n<li>100% Autentyczna gwarancja: Zapewniamy wy\u0142\u0105cznie oryginalne i autentyczne produkty, odmawiamy sprzeda\u017cy podrobionych towar\u00f3w.<\/li>\n<li>100% Gwarancja Dostawy: U\u017cywamy najlepszej metody wysy\u0142ki, aby zapewni\u0107, \u017ce otrzymasz zam\u00f3wienie 100%.<\/li>\n<li>Przeka\u017cemy wam numer \u015bledzenia oraz etykiet\u0119 wysy\u0142kow\u0105 po nadaniu przesy\u0142ki i b\u0119dziemy \u015bledzi\u0107 towar dla was, a\u017c do momentu jego odbioru przez was.<\/li>\n<li>Brak problem\u00f3w celnych, brak taryf<\/li>\n<\/ul>","protected":false},"excerpt":{"rendered":"<ul>\n<li>\n<p class=\"ds-markdown-paragraph\"><strong>Si\u0142a nikotyny:<\/strong> 2% (20mg)<\/p>\n<\/li>\n<li>\n<h4 class=\"ds-markdown-paragraph\"><strong>Bateria:<\/strong>\u00a0700mAh Akumulator (USB Typ-C)<\/h4>\n<\/li>\n<\/ul>","protected":false},"featured_media":4110,"comment_status":"open","ping_status":"closed","template":"","meta":{"om_disable_all_campaigns":false},"product_brand":[],"product_cat":[24,123],"product_tag":[],"class_list":{"0":"post-4109","1":"product","2":"type-product","3":"status-publish","4":"has-post-thumbnail","6":"product_cat-fumot-tornado-disposable-vapes","7":"product_cat-fumot-leopard-40k-40000-puffs","9":"first","10":"instock","11":"shipping-taxable","12":"purchasable","13":"product-type-variable"},"_links":{"self":[{"href":"https:\/\/fumotxpress.de\/pl\/wp-json\/wp\/v2\/product\/4109","targetHints":{"allow":["GET"]}}],"collection":[{"href":"https:\/\/fumotxpress.de\/pl\/wp-json\/wp\/v2\/product"}],"about":[{"href":"https:\/\/fumotxpress.de\/pl\/wp-json\/wp\/v2\/types\/product"}],"replies":[{"embeddable":true,"href":"https:\/\/fumotxpress.de\/pl\/wp-json\/wp\/v2\/comments?post=4109"}],"wp:featuredmedia":[{"embeddable":true,"href":"https:\/\/fumotxpress.de\/pl\/wp-json\/wp\/v2\/media\/4110"}],"wp:attachment":[{"href":"https:\/\/fumotxpress.de\/pl\/wp-json\/wp\/v2\/media?parent=4109"}],"wp:term":[{"taxonomy":"product_brand","embeddable":true,"href":"https:\/\/fumotxpress.de\/pl\/wp-json\/wp\/v2\/product_brand?post=4109"},{"taxonomy":"product_cat","embeddable":true,"href":"https:\/\/fumotxpress.de\/pl\/wp-json\/wp\/v2\/product_cat?post=4109"},{"taxonomy":"product_tag","embeddable":true,"href":"https:\/\/fumotxpress.de\/pl\/wp-json\/wp\/v2\/product_tag?post=4109"}],"curies":[{"name":"wp","href":"https:\/\/api.w.org\/{rel}","templated":true}]}}