{"id":4063,"date":"2025-07-16T07:48:22","date_gmt":"2025-07-16T07:48:22","guid":{"rendered":"https:\/\/fumotxpress.de\/?post_type=product&#038;p=4063"},"modified":"2025-07-18T04:50:04","modified_gmt":"2025-07-18T04:50:04","slug":"nr-mega-shisha-hookah-100k-wiederaufladbares-einweg-kit-60ml-becomes-nr-mega-shisha-hookah-100k-wiederaufladbares-einweg-kit-60ml","status":"publish","type":"product","link":"https:\/\/fumotxpress.de\/pl\/produkt\/nr-mega-shisha-hookah-100k-wiederaufladbares-einweg-kit-60ml-becomes-nr-mega-shisha-hookah-100k-wiederaufladbares-einweg-kit-60ml\/","title":{"rendered":"NR Mega Shisha Hookah 100K Wiederaufladbares Einweg Kit 60ml \n\nbez zmian \n\n (nie wymaga t\u0142umaczenia) \nNR Mega Shisha Hookah 100K Wiederaufladbares Einweg Kit 60ml"},"content":{"rendered":"<p><strong>Szczeg\u00f3\u0142y:<\/strong><br \/>\nDas\u00a0<strong><a href=\"https:\/\/fumotxpress.de\/pl\/produkt\/nr-mega-shisha-hookah-100k-wiederaufladbares-einweg-kit-60ml-becomes-nr-mega-shisha-hookah-100k-wiederaufladbares-einweg-kit-60ml\/\">JNR Mega Shisha Hookah 100K<\/a> Jednorazowy zestaw<\/strong>\u00a0Jest to imponuj\u0105cy, d\u0142ugotrwa\u0142y jednorazowy waporyzator. Posiada cewk\u0119 siatkow\u0105 o rezystancji 0,2 \u03a9, pojemno\u015b\u0107 60 ml i do 100 000 zaci\u0105gni\u0119\u0107. Dzi\u0119ki akumulatorowi o pojemno\u015bci 2200 mAh i funkcji \u0142adowania przez USB-C, jest gotowy do ci\u0105g\u0142ego u\u017cytku - a wszystko to w kompaktowej wielko\u015bci z 2 trybami mocy. Oferuje kompatybilno\u015b\u0107 z szisz\u0105 sto\u0142ow\u0105, regulowany przep\u0142yw powietrza i waporyzacj\u0119 DTL dla indywidualnego do\u015bwiadczenia. Ciesz si\u0119 wygod\u0105 dw\u00f3ch ustnik\u00f3w, 8 sekundowym czasem parowania i automatyczn\u0105 ochron\u0105 przed przegrzaniem.<\/p>\n<p><strong>Dane techniczne:<\/strong><br \/>\n\u2022 Wiederaufladbarer integrierter 2200-mAh-Akku \n\n becomes \n\n\u2022 Rechargeable integrated 2200 mAh battery \n\n NO, only translation to Authentic Polish \n\n\u2022 Akumulator 2200 mAh, zintegrowany, wielokrotnego \u0142adowania<br \/>\n\u2022 Wst\u0119pnie nape\u0142niony (60 ml)<br \/>\n\u2022 60 W mocy wyj\u015bciowej<br \/>\n\u2022 Regulacja przep\u0142ywu powietrza<br \/>\n\u2022 Do 100 000 poci\u0105g\u00f3w<br \/>\n\u2022 DTL-parowanie obs\u0142uguje<br \/>\n\u2022 Kompatybilny z urz\u0105dzeniami do sziszy sto\u0142owych<br \/>\n\u2022 Wy\u015bwietlacz inteligentny i \u015bwiat\u0142o oddechowe<br \/>\n\u2022 Podw\u00f3jne elementy ustne<br \/>\n\u2022 Regulacja przep\u0142ywu powietrza<br \/>\n\u2022 2 razy wi\u0119ksza moc pary<br \/>\n\u2022 Funkcja \u0142adowania przez USB typu C (nie jest zawarta w opakowaniu)<\/p>\n<p><strong>Pakiet zawiera:<\/strong><br \/>\n1* JNR Mega Shisha Hookah 100K Wiederaufladbares Einweg Kit 60ml \n\nbez t\u0142umaczenia \n\npozostaje: \n1* JNR Mega Shisha Hookah 100K Wiederaufladbares Einweg Kit 60ml<\/p>\n<p>brak tekstu do t\u0142umaczenia<img decoding=\"async\" src=\"https:\/\/fumotxpress.de\/wp-content\/uploads\/2025\/07\/JMSH100K20250312_2.jpg\" alt=\"\" \/><\/p>\n<div><iframe title=\"JNR Mega Shisha Hookah 100K\" src=\"https:\/\/player.vimeo.com\/video\/1064999286?badge=0&amp;autopause=0&amp;player_id=0&amp;app_id=58479\" data-ready=\"true\" data-mce-fragment=\"1\"><\/iframe><\/div>","protected":false},"excerpt":{"rendered":"<p>Szczeg\u00f3\u0142y:  JNR Mega Shisha Hookah 100K Einweg Kit  to niezwykle trwa\u0142y jednorazowy waporyzator. Posiada cewk\u0119 siatkow\u0105 o rezystancji 0,2 \u03a9, pojemno\u015b\u0107 60 ml i do 100 000 zaci\u0105gni\u0119\u0107. Dzi\u0119ki akumulatorowi o pojemno\u015bci 2200 mAh i funkcji \u0142adowania przez USB typu C, jest gotowy do ci\u0105g\u0142ego u\u017cytku - a wszystko to w kompaktowej wielko\u015bci z 2 poziomami mocy. Oferuje kompatybilno\u015b\u0107 z szisz\u0105 stacjonarn\u0105, regulowany przep\u0142yw powietrza i wapowanie DTL.","protected":false},"featured_media":4092,"comment_status":"open","ping_status":"closed","template":"","meta":{"om_disable_all_campaigns":false},"product_brand":[],"product_cat":[124],"product_tag":[],"class_list":{"0":"post-4063","1":"product","2":"type-product","3":"status-publish","4":"has-post-thumbnail","6":"product_cat-nr-mega-shisha-hookah-100k","8":"first","9":"instock","10":"shipping-taxable","11":"purchasable","12":"product-type-variable"},"_links":{"self":[{"href":"https:\/\/fumotxpress.de\/pl\/wp-json\/wp\/v2\/product\/4063","targetHints":{"allow":["GET"]}}],"collection":[{"href":"https:\/\/fumotxpress.de\/pl\/wp-json\/wp\/v2\/product"}],"about":[{"href":"https:\/\/fumotxpress.de\/pl\/wp-json\/wp\/v2\/types\/product"}],"replies":[{"embeddable":true,"href":"https:\/\/fumotxpress.de\/pl\/wp-json\/wp\/v2\/comments?post=4063"}],"wp:featuredmedia":[{"embeddable":true,"href":"https:\/\/fumotxpress.de\/pl\/wp-json\/wp\/v2\/media\/4092"}],"wp:attachment":[{"href":"https:\/\/fumotxpress.de\/pl\/wp-json\/wp\/v2\/media?parent=4063"}],"wp:term":[{"taxonomy":"product_brand","embeddable":true,"href":"https:\/\/fumotxpress.de\/pl\/wp-json\/wp\/v2\/product_brand?post=4063"},{"taxonomy":"product_cat","embeddable":true,"href":"https:\/\/fumotxpress.de\/pl\/wp-json\/wp\/v2\/product_cat?post=4063"},{"taxonomy":"product_tag","embeddable":true,"href":"https:\/\/fumotxpress.de\/pl\/wp-json\/wp\/v2\/product_tag?post=4063"}],"curies":[{"name":"wp","href":"https:\/\/api.w.org\/{rel}","templated":true}]}}