{"id":3650,"date":"2025-04-07T12:39:00","date_gmt":"2025-04-07T12:39:00","guid":{"rendered":"https:\/\/fumotxpress.de\/?post_type=product&#038;p=3650"},"modified":"2025-11-24T07:50:49","modified_gmt":"2025-11-24T07:50:49","slug":"request-failed-with-status-code-565","status":"publish","type":"product","link":"https:\/\/fumotxpress.de\/pl\/produkt\/request-failed-with-status-code-565\/","title":{"rendered":"RandM Tornado 30000 \u015awiat\u0142o Pokazowe Oryginalna Autentyczna Akumulatorowa Jednorazowa Waporyzator Pen"},"content":{"rendered":"<h2 class=\"\" data-start=\"0\" data-end=\"93\">RandM Tornado 30000 Efekt \u015awietlny \u2013 Kup oryginalne, autentyczne, akumulatorowe jednorazowe vape pen<\/h2>\n<div style=\"width: 1020px;\" class=\"wp-video\"><!--[if lt IE 9]><script>document.createElement('video');<\/script><![endif]-->\n<video class=\"wp-video-shortcode\" id=\"video-3650-1\" width=\"1020\" height=\"574\" preload=\"metadata\" controls=\"controls\"><source type=\"video\/mp4\" src=\"https:\/\/fumotxpress.de\/wp-content\/uploads\/2025\/04\/tornado-30k-music-\u5b9e\u62cd\u58f0\u63a7\u5f00\u517311-5.mp4?_=1\" \/><a href=\"https:\/\/fumotxpress.de\/wp-content\/uploads\/2025\/04\/tornado-30k-music-\u5b9e\u62cd\u58f0\u63a7\u5f00\u517311-5.mp4\">https:\/\/fumotxpress.de\/wp-content\/uploads\/2025\/04\/tornado-30k-music-\u5b9e\u62cd\u58f0\u63a7\u5f00\u517311-5.mp4<\/a><\/video><\/div>\n<p>&nbsp;<\/p>\n<p>&nbsp;<\/p>\n<p class=\"\" data-start=\"95\" data-end=\"485\">The \nnie wymaga t\u0142umaczenia <strong data-start=\"99\" data-end=\"122\">RandM Tornado 30000<\/strong> Przenosi wapowanie na nowy poziom, \u0142\u0105cz\u0105c smak, wydajno\u015b\u0107 i rozrywk\u0119 w jednym niezwyk\u0142ym urz\u0105dzeniu. Z imponuj\u0105c\u0105 pojemno\u015bci\u0105 30 000 zaci\u0105gni\u0119\u0107, zintegrowan\u0105 funkcj\u0105 muzyczn\u0105 i konfigurowalnym pokazem \u015bwiate\u0142 RGB, Tornado 30000 oferuje nie tylko intensywn\u0105 produkcj\u0119 pary - to kompletne do\u015bwiadczenie sensoryczne, kt\u00f3re wnosi podekscytowanie do Twojego codziennego \u017cycia.<\/p>\n<h3 class=\"\" data-start=\"487\" data-end=\"553\">Najlepsze Do\u015bwiadczenie Vapingu z Ol\u015bniewaj\u0105cymi Wizualnymi Efektami i D\u017awi\u0119kiem<\/h3>\n<p class=\"\" data-start=\"555\" data-end=\"1077\">RandM Tornado 30000 to nie zwyk\u0142y jednorazowy pi\u00f3ropis vape.  Zosta\u0142 zaprojektowany dla os\u00f3b, kt\u00f3re pragn\u0105 czego\u015b wi\u0119cej ni\u017c tylko smaku - urz\u0105dzenie to wzbogaca do\u015bwiadczenie wapowania o immersyjne pokazy \u015bwiat\u0142a i d\u017awi\u0119ku, kt\u00f3re dostosowuj\u0105 si\u0119 do Twojej muzyki. Wbudowany pokaz \u015bwiate\u0142 RGB ta\u0144czy zgodnie z rytmem Twoich ulubionych melodii, tworz\u0105c dynamiczny, wizualny spektakl, kt\u00f3ry z pewno\u015bci\u0105 zwr\u00f3ci uwag\u0119 wszystkich, niezale\u017cnie od tego, gdzie jeste\u015b. Niezale\u017cnie od tego, czy jeste\u015b w domu, relaksuj\u0105c si\u0119, czy z przyjaci\u00f3\u0142mi, Tornado 30000 podnosi Twoje sesje wapowania do poziomu pe\u0142nego do\u015bwiadczenia rozrywkowego.<\/p>\n<p class=\"\" data-start=\"1079\" data-end=\"1449\">Funkcja muzyczna jest w pe\u0142ni konfigurowalna, dzi\u0119ki czemu masz kontrol\u0119 nad tym, kiedy aktywowa\u0107 spektakl \u015bwietlny. Mo\u017cesz zdecydowa\u0107 si\u0119 na korzystanie z \u017cywych \u015bwiate\u0142 lub wy\u0142\u0105czy\u0107 je dla bardziej dyskretnej sesji wapowania, w zale\u017cno\u015bci od Twojego nastroju. Ta elastyczno\u015b\u0107 zapewnia, \u017ce Tornado 30000 idealnie pasuje do ka\u017cdego \u015brodowiska, czy chcesz go jako spokojnego towarzysza czy jako zabawny pocz\u0105tek rozmowy.<\/p>\n<h3 class=\"\" data-start=\"1451\" data-end=\"1495\">D\u0142ugotrwa\u0142a przyjemno\u015b\u0107 z 30 000 zaci\u0105gni\u0119\u0107<\/h3>\n<p class=\"\" data-start=\"1497\" data-end=\"1992\">Dzi\u0119ki olbrzymiej liczbie 30 000 pff\u00f3w, RandM Tornado 30000 zosta\u0142 zaprojektowany z my\u015bl\u0105 o d\u0142u\u017cszych sesjach. Do\u015bwiadczysz niezawodnej, g\u0142adkiej pary przez ca\u0142y okres u\u017cytkowania urz\u0105dzenia. Wysokowydajna cewka o rezystancji 0,9 Ohma zapewnia idealny balans intensywnego smaku i g\u0119stej pary, pozwalaj\u0105c cieszy\u0107 si\u0119 satysfakcjonuj\u0105cym zaci\u0105gni\u0119ciem za ka\u017cdym razem. Niezale\u017cnie od tego, czy jeste\u015b okazjonalnym waporyzatorem, czy kim\u015b, kto lubi d\u0142u\u017csze sesje, Tornado 30000 gwarantuje sta\u0142e i wysokiej jako\u015bci do\u015bwiadczenie waporyzacji, kt\u00f3re nie rozczaruje.<\/p>\n<p class=\"\" data-start=\"1994\" data-end=\"2288\">Ta pot\u0119\u017cna technologia cewki jest idealna dla tych, kt\u00f3rzy wymagaj\u0105 bogatego, intensywnego smaku z jednorazowych waporyzator\u00f3w. Niezale\u017cnie od tego, czy preferujesz owocowe, mi\u0119towe czy deserowe smaki, Tornado 30000 dostarcza ka\u017cdy zaci\u0105g z wyj\u0105tkow\u0105 intensywno\u015bci\u0105, o\u017cywiaj\u0105c Twoje ulubione smaki z ka\u017cdym wdechem.<\/p>\n<h3 class=\"\" data-start=\"2290\" data-end=\"2328\">Wydajna Moc i Szybkie \u0141adowanie<\/h3>\n<p class=\"\" data-start=\"2330\" data-end=\"2717\">Nigdy nie martw si\u0119 o wyczerpanie si\u0119 baterii podczas sesji wapowania. RandM Tornado 30000 jest wyposa\u017cony w bateri\u0119 o pojemno\u015bci 600mAh, zapewniaj\u0105c wystarczaj\u0105c\u0105 ilo\u015b\u0107 energii na ca\u0142y dzie\u0144 wapowania. Gdy nadchodzi czas na\u0142adowa\u0107 urz\u0105dzenie, port szybkiego \u0142adowania Type-C gwarantuje, \u017ce Twoje urz\u0105dzenie b\u0119dzie gotowe w kr\u00f3tkim czasie. Sp\u0119dzaj mniej czasu czekaj\u0105c na na\u0142adowanie i wi\u0119cej czasu ciesz\u0105c si\u0119 swoimi ulubionymi smakami i efektami \u015bwietlnymi.<\/p>\n<p class=\"\" data-start=\"2719\" data-end=\"2917\">Zastosowanie \u0142adowania Type-C to prawdziwa zmiana w grze, zapewniaj\u0105ca szybsze i bardziej efektywne dostarczanie energii. Oznacza to mniej przerwa w cieszeniu si\u0119 wapowaniem oraz wi\u0119cej wygody dla os\u00f3b w podr\u00f3\u017cy.<\/p>\n<h3 class=\"\" data-start=\"2919\" data-end=\"2947\">Wyj\u0105tkowy Design<\/h3>\n<p class=\"\" data-start=\"2949\" data-end=\"3374\">Inspiruj\u0105c si\u0119 popularnym modelem Tornado 9000, Tornado 30000 charakteryzuje si\u0119 eleganckim, nowoczesnym designem, kt\u00f3ry jest zar\u00f3wno stylowy, jak i funkcjonalny. Solidna konstrukcja urz\u0105dzenia zapewnia trwa\u0142o\u015b\u0107, a jego przyci\u0105gaj\u0105cy uwag\u0119 wygl\u0105d sprawia, \u017ce jest to efektowny akcesorium, niezale\u017cnie od tego, czy jeste\u015b w domu, czy w podr\u00f3\u017cy. Dzi\u0119ki g\u0142adkiej powierzchni, wygodnemu kszta\u0142towi i \u017cywym kolorom, Tornado 30000 robi wra\u017cenie w \u015bwiecie jednorazowych waporyzator\u00f3w.<\/p>\n<p class=\"\" data-start=\"3376\" data-end=\"3599\">Jego kompaktowa forma i premiumowa konstrukcja zapewniaj\u0105 \u0142atwo\u015b\u0107 przenoszenia, co sprawia, \u017ce jest idealny do podr\u00f3\u017cy, imprez lub codziennego u\u017cytku. Ponadto jego ergonomiczna konstrukcja pozwala na wygodny chwyt, nawet podczas d\u0142u\u017cszych sesji wapowania.<\/p>\n<h3 class=\"\" data-start=\"3601\" data-end=\"3644\">Kluczowe cechy RandM Tornado 30000<\/h3>\n<ul data-start=\"3646\" data-end=\"4217\">\n<li class=\"\" data-start=\"3646\" data-end=\"3720\">\n<p class=\"\" data-start=\"3648\" data-end=\"3720\"><strong data-start=\"3648\" data-end=\"3665\">30 000 Puffs:<\/strong> D\u0142ugotrwa\u0142a, jednorazowa vape do przed\u0142u\u017conego u\u017cytkowania.<\/p>\n<\/li>\n<li class=\"\" data-start=\"3721\" data-end=\"3813\">\n<p class=\"\" data-start=\"3723\" data-end=\"3813\"><strong data-start=\"3723\" data-end=\"3755\">Dostosowywany pokaz \u015bwiate\u0142 RGB:<\/strong> Synchronizuje si\u0119 z muzyk\u0105 dla w pe\u0142ni immersyjnego do\u015bwiadczenia.<\/p>\n<\/li>\n<li class=\"\" data-start=\"3814\" data-end=\"3896\">\n<p class=\"\" data-start=\"3816\" data-end=\"3896\"><strong data-start=\"3816\" data-end=\"3836\">Muzycznie aktywowany:<\/strong> \u015awietlny pokaz poruszaj\u0105cy si\u0119 zgodnie z rytmem Twoich ulubionych melodii.<\/p>\n<\/li>\n<li class=\"\" data-start=\"3897\" data-end=\"3967\">\n<p class=\"\" data-start=\"3899\" data-end=\"3967\"><strong data-start=\"3899\" data-end=\"3916\">0,9 Ohm Cewka:<\/strong> Dostarcza intensywny smak i bogat\u0105 produkcj\u0119 pary.<\/p>\n<\/li>\n<li class=\"\" data-start=\"3968\" data-end=\"4054\">\n<p class=\"\" data-start=\"3970\" data-end=\"4054\"><strong data-start=\"3970\" data-end=\"4010\">Bateria 600mAh z \u0142adowaniem przez Type-C:<\/strong> Szybkie i niezawodne \u0142adowanie do ca\u0142odniowego u\u017cytku.<\/p>\n<\/li>\n<li class=\"\" data-start=\"4055\" data-end=\"4131\">\n<p class=\"\" data-start=\"4057\" data-end=\"4131\"><strong data-start=\"4057\" data-end=\"4086\">Smuk\u0142a i Trwa\u0142a Konstrukcja:<\/strong> Kompaktowy, stylowy i stworzony dla wygody.<\/p>\n<\/li>\n<li class=\"\" data-start=\"4132\" data-end=\"4217\">\n<p class=\"\" data-start=\"4134\" data-end=\"4217\"><strong data-start=\"4134\" data-end=\"4151\">\u0141adowalny:<\/strong> Mo\u017cna go ponownie na\u0142adowa\u0107 dla d\u0142u\u017cszego u\u017cytkowania, w przeciwie\u0144stwie do typowych jednorazowych waporyzator\u00f3w.<\/p>\n<\/li>\n<\/ul>\n<h3 class=\"\" data-start=\"4219\" data-end=\"4257\">Smak RandM Tornado 30000<\/h3>\n<p class=\"\" data-start=\"4259\" data-end=\"4438\">RandM Tornado 30000 oferuje szerok\u0105 gam\u0119 premium smak\u00f3w, zaprojektowanych tak, aby zapewni\u0107 satysfakcjonuj\u0105ce i przyjemne do\u015bwiadczenie wapowania. Oto lista najlepszych dost\u0119pnych smak\u00f3w:<\/p>\n<ol data-start=\"4440\" data-end=\"5951\">\n<li class=\"\" data-start=\"4440\" data-end=\"4613\">\n<p class=\"\" data-start=\"4443\" data-end=\"4613\"><strong data-start=\"4443\" data-end=\"4457\">Mango lody:<\/strong> Tropikalna eksplozja dojrza\u0142ych mango, perfekcyjnie zr\u00f3wnowa\u017cona z orze\u017awiaj\u0105cym, lodowato ch\u0142odnym finiszem. Idealna dla tych, kt\u00f3rzy lubi\u0105 s\u0142odki, owocowy waporyzator z chrupi\u0105cym wydechem.<\/p>\n<\/li>\n<li class=\"\" data-start=\"4614\" data-end=\"4780\">\n<p class=\"\" data-start=\"4617\" data-end=\"4780\"><strong data-start=\"4617\" data-end=\"4641\">Bor\u00f3wka Malina:<\/strong> Oto po\u0142\u0105czenie s\u0142odkich bor\u00f3wek i kwa\u015bnych malin, tworz\u0105cych zr\u00f3wnowa\u017cony, pe\u0142en jag\u00f3d smak z nut\u0105 kwaskowo\u015bci.<\/p>\n<\/li>\n<li class=\"\" data-start=\"4781\" data-end=\"4918\">\n<p class=\"\" data-start=\"4784\" data-end=\"4918\"><strong data-start=\"4784\" data-end=\"4804\">Truskawka Kiwi:<\/strong> S\u0142odziak i kwa\u015bny mix \u015bwie\u017cych truskawek i egzotycznego kiwi, zapewniaj\u0105cy soczysty, orze\u017awiaj\u0105cy vape z ka\u017cdym zaci\u0105gni\u0119ciem.<\/p>\n<\/li>\n<li class=\"\" data-start=\"4919\" data-end=\"5067\">\n<p class=\"\" data-start=\"4922\" data-end=\"5067\"><strong data-start=\"4922\" data-end=\"4936\">Peach Ice:<\/strong> G\u0142adki, soczysty smak brzoskwi\u0144 z lodowato ch\u0142odnym finiszem, kt\u00f3ry \u0142\u0105czy to, co najlepsze z obu \u015bwiat\u00f3w - s\u0142odkie owoce i mro\u017c\u0105cy efekt.<\/p>\n<\/li>\n<li class=\"\" data-start=\"5068\" data-end=\"5229\">\n<p class=\"\" data-start=\"5071\" data-end=\"5229\"><strong data-start=\"5071\" data-end=\"5095\">Woda Melonowa z Cytryn\u0105:<\/strong> Sok z arbuza o soczystym smaku w po\u0142\u0105czeniu z kwa\u015bn\u0105 i ostr\u0105 baz\u0105 lemoniadow\u0105, tworz\u0105cy \u017cywio\u0142owy, orze\u017awiaj\u0105cy smak idealny na ciep\u0142e dni.<\/p>\n<\/li>\n<li class=\"\" data-start=\"5230\" data-end=\"5359\">\n<p class=\"\" data-start=\"5233\" data-end=\"5359\"><strong data-start=\"5233\" data-end=\"5247\">L\u00f3d Winogronowy:<\/strong> Bogatemu, intensywnemu smakowi winogrona towarzyszy ch\u0142odny podton, zapewniaj\u0105c g\u0142adkie, s\u0142odkie i zimne do\u015bwiadczenie wapowania.<\/p>\n<\/li>\n<li class=\"\" data-start=\"5360\" data-end=\"5499\">\n<p class=\"\" data-start=\"5363\" data-end=\"5499\"><strong data-start=\"5363\" data-end=\"5385\">Ananas Kokosowy:<\/strong> Tropikalna uczta s\u0142odkiej ananasa z kremowym wyko\u0144czeniem kokosowym, zapewniaj\u0105ca g\u0142adkie i egzotyczne do\u015bwiadczenie wapowania.<\/p>\n<\/li>\n<li class=\"\" data-start=\"5500\" data-end=\"5664\">\n<p class=\"\" data-start=\"5503\" data-end=\"5664\"><strong data-start=\"5503\" data-end=\"5520\">Energy Drink: \nEnergetyczny Nap\u00f3j:<\/strong> Od\u015bwie\u017caj\u0105cy smak inspirowany Twoim ulubionym napojem energetycznym, z cytrusowymi i lekko kwa\u015bnymi nutami, kt\u00f3re zapewniaj\u0105 orze\u017awiaj\u0105cy wybuch smaku.<\/p>\n<\/li>\n<li class=\"\" data-start=\"5665\" data-end=\"5818\">\n<p class=\"\" data-start=\"5668\" data-end=\"5818\"><strong data-start=\"5668\" data-end=\"5684\">Jab\u0142ko Jagoda:<\/strong> Pyszna fuzja chrupi\u0105cego jab\u0142ka i s\u0142odkich, dojrza\u0142ych jag\u00f3d, tworz\u0105cych soczysty i aromatyczny waporyzator, kt\u00f3ry jest zar\u00f3wno orze\u017awiaj\u0105cy, jak i satysfakcjonuj\u0105cy.<\/p>\n<\/li>\n<li class=\"\" data-start=\"5819\" data-end=\"5951\">\n<p class=\"\" data-start=\"5823\" data-end=\"5951\"><strong data-start=\"5823\" data-end=\"5842\">Tropikalny Poncz:<\/strong> Mieszanka punch owocowy z r\u00f3\u017cnych owoc\u00f3w tropikalnych, zapewniaj\u0105ca s\u0142odk\u0105 i kwa\u015bn\u0105 eksplozj\u0119 smaku z ka\u017cdym oddechem.<\/p>\n<\/li>\n<\/ol>\n<p class=\"\" data-start=\"5953\" data-end=\"6233\">Ka\u017cdy z tych smak\u00f3w zosta\u0142 starannie opracowany, aby zapewni\u0107 maksymalne zadowolenie, zapewniaj\u0105c satysfakcjonuj\u0105ce i aromatyczne do\u015bwiadczenie z wapowania, kt\u00f3re trwa przez ka\u017cdy zaci\u0105g. Niezale\u017cnie od tego, czy lubisz owocowe, mentolowe czy deserowe profile, Tornado 30000 ma co\u015b dla ka\u017cdego podniebienia.<\/p>\n<h3 class=\"\" data-start=\"6235\" data-end=\"6291\">Dlaczego warto kupi\u0107 RandM Tornado 30000 z FumotXpress.de?<\/h3>\n<p class=\"\" data-start=\"6293\" data-end=\"6712\">FumotXpress.de jest wiod\u0105c\u0105 platform\u0105 internetow\u0105 dla zakupu premium jednorazowych waporyzator\u00f3w w Niemczech. Oferujemy szeroki wyb\u00f3r produkt\u00f3w, w tym <strong data-start=\"6444\" data-end=\"6467\">RandM Tornado 30000<\/strong>, <strong data-start=\"6469\" data-end=\"6482\">Al Fakher<\/strong>, <strong data-start=\"6484\" data-end=\"6493\">Fizzy<\/strong>, <strong data-start=\"6495\" data-end=\"6510\">OBEELAB HHC<\/strong>i <strong data-start=\"6516\" data-end=\"6529\">SMPO DL02<\/strong> Marki, wszystkie w konkurencyjnych cenach. Nasze produkty s\u0105 sprzedawane od pojedynczej sztuki, bez minimalnej ilo\u015bci zam\u00f3wienia, co sprawia, \u017ce s\u0105 idealne zar\u00f3wno dla grup detalicznych, jak i indywidualnych nabywc\u00f3w.<\/p>\n<p class=\"\" data-start=\"6714\" data-end=\"7054\">Cieszymy si\u0119, \u017ce mo\u017cemy zaoferowa\u0107 szybk\u0105 i niezawodn\u0105 wysy\u0142k\u0119 z naszego europejskiego magazynu. Twoje zam\u00f3wienie dotrze ju\u017c za 3-7 dni, dzi\u0119ki czemu b\u0119dziesz m\u00f3g\u0142 cieszy\u0107 si\u0119 swoimi ulubionymi waporyzatorami bez op\u00f3\u017anie\u0144. Niezale\u017cnie od tego, czy jeste\u015b do\u015bwiadczonym waporyzatorem, czy nowicjuszem w tej dziedzinie, jeste\u015bmy tutaj, aby zapewni\u0107 Ci bezproblemowe do\u015bwiadczenie zakupowe i doskona\u0142\u0105 obs\u0142ug\u0119 klienta.<\/p>\n<h3 class=\"\" data-start=\"7056\" data-end=\"7107\">Kup Teraz i Podnie\u015b Swoje Do\u015bwiadczenie z Paleniem<\/h3>\n<p class=\"\" data-start=\"7109\" data-end=\"7532\">Gdy b\u0119dziesz gotowy ulepszy\u0107 swoje do\u015bwiadczenie z wapowaniem, <strong data-start=\"7166\" data-end=\"7189\">RandM Tornado 30000<\/strong> jest idealnym wyborem. Dzi\u0119ki innowacyjnym funkcjom, d\u0142ugo trwa\u0142ej baterii, konfigurowalnej prezentacji \u015bwiate\u0142 oraz wyj\u0105tkowym opcjom smaku, jest to urz\u0105dzenie, kt\u00f3re oferuje znacznie wi\u0119cej ni\u017c tylko par\u0119 \u2013 zapewnia pe\u0142ne, immersyjne do\u015bwiadczenie. Odwied\u017a <strong data-start=\"7422\" data-end=\"7440\">FumotXpress.de<\/strong> dzi\u015b aby kupi\u0107 <strong data-start=\"7463\" data-end=\"7486\">RandM Tornado 30000<\/strong> i odkryj nowy \u015bwiat przyjemno\u015bci z wapowania.<\/p>\n<p class=\"\" data-start=\"7534\" data-end=\"7675\">Nie zadowalaj si\u0119 przeci\u0119tno\u015bci\u0105 - zdob\u0105d\u017a <strong data-start=\"7582\" data-end=\"7625\">originalny, autentyczny RandM Tornado 30000<\/strong> Teraz i podnie\u015b sw\u00f3j waporyzacja na zupe\u0142nie nowy poziom!<\/p>","protected":false},"excerpt":{"rendered":"<p><strong data-start=\"7166\" data-end=\"7189\">RandM Tornado 30000<\/strong> jest idealnym wyborem. Dzi\u0119ki innowacyjnym funkcjom, d\u0142ugo trwa\u0142ej baterii, konfigurowalnej prezentacji \u015bwiate\u0142 oraz wyj\u0105tkowym opcjom smaku,<\/p>","protected":false},"featured_media":3655,"comment_status":"open","ping_status":"closed","template":"","meta":{"om_disable_all_campaigns":false},"product_brand":[],"product_cat":[24],"product_tag":[],"class_list":{"0":"post-3650","1":"product","2":"type-product","3":"status-publish","4":"has-post-thumbnail","6":"product_cat-fumot-tornado-disposable-vapes","8":"first","9":"instock","10":"shipping-taxable","11":"purchasable","12":"product-type-variable"},"_links":{"self":[{"href":"https:\/\/fumotxpress.de\/pl\/wp-json\/wp\/v2\/product\/3650","targetHints":{"allow":["GET"]}}],"collection":[{"href":"https:\/\/fumotxpress.de\/pl\/wp-json\/wp\/v2\/product"}],"about":[{"href":"https:\/\/fumotxpress.de\/pl\/wp-json\/wp\/v2\/types\/product"}],"replies":[{"embeddable":true,"href":"https:\/\/fumotxpress.de\/pl\/wp-json\/wp\/v2\/comments?post=3650"}],"wp:featuredmedia":[{"embeddable":true,"href":"https:\/\/fumotxpress.de\/pl\/wp-json\/wp\/v2\/media\/3655"}],"wp:attachment":[{"href":"https:\/\/fumotxpress.de\/pl\/wp-json\/wp\/v2\/media?parent=3650"}],"wp:term":[{"taxonomy":"product_brand","embeddable":true,"href":"https:\/\/fumotxpress.de\/pl\/wp-json\/wp\/v2\/product_brand?post=3650"},{"taxonomy":"product_cat","embeddable":true,"href":"https:\/\/fumotxpress.de\/pl\/wp-json\/wp\/v2\/product_cat?post=3650"},{"taxonomy":"product_tag","embeddable":true,"href":"https:\/\/fumotxpress.de\/pl\/wp-json\/wp\/v2\/product_tag?post=3650"}],"curies":[{"name":"wp","href":"https:\/\/api.w.org\/{rel}","templated":true}]}}