{"id":30,"date":"2024-09-23T05:11:47","date_gmt":"2024-09-23T05:11:47","guid":{"rendered":"https:\/\/fumotxpress.de\/?post_type=product&#038;p=30"},"modified":"2025-07-13T13:11:13","modified_gmt":"2025-07-13T13:11:13","slug":"obee-hhc-einwegstift-1000-mg-gramm-bar-magazyn-akumulator-jednorazowe-pioro-vapes","status":"publish","type":"product","link":"https:\/\/fumotxpress.de\/pl\/produkt\/obee-hhc-einwegstift-1000-mg-gramm-bar-magazyn-akumulator-jednorazowe-pioro-vapes\/","title":{"rendered":"OBEE HHC EINWEGSTIFT-1000MG GRAMM Bar Magazynowa Akumulatorowa Jednorazowa Pi\u00f3ro Vape"},"content":{"rendered":"<h2><strong>OBEE HHC Einwegstift \u2013 1000 mg: Akumulatorowy jednorazowy waporyzator dla premiumowego do\u015bwiadczenia<\/strong><\/h2>\n<p>Do\u015bwiadcz nowego poziomu wapowania z<a href=\"https:\/\/fumotxpress.de\/pl\/\"> <strong>OBEE HHC Einwegstift \u2013 1000 mg \nnie wymaga t\u0142umaczenia<\/strong>,<\/a> obecnie dost\u0119pne wy\u0142\u0105cznie na <a href=\"https:\/\/fumotxpress.de\/pl\/\" target=\"_new\" rel=\"noopener\">FumotXpress.de<\/a>Ten akumulatorowy, jednorazowy waporyzator \u0142\u0105czy najnowocze\u015bniejsz\u0105 technologi\u0119 z unikalnymi w\u0142a\u015bciwo\u015bciami HHC, kannabinoidu znanego ze swoich \u0142agodnych i d\u0142ugotrwa\u0142ych efekt\u00f3w. OBEE HHC Einwegstift zosta\u0142 zaprojektowany dla waper\u00f3w, kt\u00f3rzy ceni\u0105 jako\u015b\u0107 i wyj\u0105tkowe do\u015bwiadczenie smakowe. Kompaktowy, \u0142atwy w u\u017cyciu i charakteryzuj\u0105cy si\u0119 eleganckim designem, ten waporyzator jest odpowiedni zar\u00f3wno dla pocz\u0105tkuj\u0105cych, jak i do\u015bwiadczonych u\u017cytkownik\u00f3w, zapewniaj\u0105c bezproblemowe i aromatyczne do\u015bwiadczenie wapowania.<\/p>\n<p>Jako najwi\u0119ksza internetowa platforma handlowa dla jednorazowych waporyzator\u00f3w w Niemczech, FumotXpress.de z dum\u0105 oferuje wyselekcjonowany wyb\u00f3r premium marek, takich jak Al Fakher, Fizzy, OBEELAB HHC i SMPO DL02. Dzi\u0119ki naszemu europejskiemu magazynowi gwarantujemy szybk\u0105 wysy\u0142k\u0119 i niezawodn\u0105 obs\u0142ug\u0119 na terenie UE, realizuj\u0105c indywidualne zam\u00f3wienia bez wymaganego minimalnego ilo\u015bci. Zanurz si\u0119 w \u015bwiecie wysokiej jako\u015bci wapowania z nami ju\u017c dzi\u015b.<\/p>\n<h2>OBEE HHC EINWEGSTIFT-1000MG GRAMM Bar\u00a0 Co to jest HHC?<\/h2>\n<p><strong>heksahydrokanabinol (HHC)<\/strong> jest kannabinoidem ekstrahowanym z ro\u015bliny konopi, podobnym do THC, ale z wyra\u017anymi zaletami. HHC jest znany ze swojej stabilno\u015bci i odporno\u015bci na utlenianie oraz \u015bwiat\u0142o UV, co sprawia, \u017ce jest doskona\u0142\u0105 opcj\u0105 dla produkt\u00f3w do wapowania. U\u017cytkownicy cz\u0119sto zg\u0142aszaj\u0105, \u017ce efekty HHC s\u0105 \u0142agodniejsze i bardziej zno\u015bne ni\u017c THC, oferuj\u0105c poczucie relaksu i spokoju bez intensywnych efekt\u00f3w psychoaktywnych. To sprawia, \u017ce HHC jest idealny dla os\u00f3b poszukuj\u0105cych delikatnego relaksu bez uczucia przyt\u0142oczenia, poniewa\u017c zapewnia kontrolowane i przyjemne do\u015bwiadczenie.<\/p>\n<h2>OBEE HHC EINWEGSTIFT-1000MG Zalety wapowania z OBEE HHC<\/h2>\n<ul>\n<li><strong>Unikalne Do\u015bwiadczenie Smakowe<\/strong>: OBEE HHC Einwegstift dostarcza bogaty i tropikalny aromat, przenosz\u0105c Twoje zmys\u0142y do s\u0142onecznego raju.<\/li>\n<li><strong>Kompaktowy i przeno\u015bny<\/strong>: Ma\u0142y rozmiar i wygodny, ten 1 ml jednorazowy waporyzator jest idealny do u\u017cytku w podr\u00f3\u017cy.<\/li>\n<li><strong>Wysokiej jako\u015bci tre\u015bci HHC<\/strong>: Ka\u017cda pi\u00f3ra zawiera wysokiej jako\u015bci HHC, starannie wybrane, aby zapewni\u0107 pot\u0119\u017cne, a zarazem g\u0142adkie do\u015bwiadczenie wapowania.<\/li>\n<li><strong>Przyjazny dla u\u017cytkownika design<\/strong>: Po prostu w\u0142\u0105cz i ciesz si\u0119; nie wymagana jest \ubcf5\uc7a1owa konfiguracja ani regulacje.<\/li>\n<li><strong>Szykowny Estetyzm<\/strong>: Elegancki wygl\u0105d jednorazowego pi\u00f3ra OBEE HHC zosta\u0142 zaprojektowany tak, aby uzupe\u0142nia\u0107 Tw\u00f3j styl, oferuj\u0105c jednocze\u015bnie najwy\u017csz\u0105 funkcjonalno\u015b\u0107.<\/li>\n<\/ul>\n<h2>OBEE HHC EINWEGSTIFT-1000MG GRAMM\u00a0 \u00a0Profil smakowy: Tropicana Cookies<\/h2>\n<p>The \nnie wymaga t\u0142umaczenia <strong>Tropicana Cookies<\/strong> flavor oferuje sensoryczn\u0105 rozkosz, kt\u00f3ra \u0142\u0105czy egzotyczne tropikalne owoce z ciep\u0142ymi, mas\u0142anymi nutami \u015bwie\u017co upieczonych ciastek. Ka\u017cde zaci\u0105gni\u0119cie si\u0119 ujawnia warstwy s\u0142odkich, dojrza\u0142ych owoc\u00f3w - przywodz\u0105cych na my\u015bl mango i ananas - zr\u00f3wnowa\u017conych z subteln\u0105 podtonacj\u0105 ciasta, kt\u00f3ra zapewnia ciep\u0142e i zapraszaj\u0105ce wyko\u0144czenie. Do\u015bwiadczenie jest zar\u00f3wno orze\u017awiaj\u0105ce, jak i satysfakcjonuj\u0105ce, przy czym ka\u017cde zaci\u0105gni\u0119cie si\u0119 utrzymuje swoj\u0105 bogato\u015b\u0107 nawet po kilku zaci\u0105gni\u0119ciach. Tropicana Cookies jest idealna dla os\u00f3b poszukuj\u0105cych niezapomnianej, aromatycznej podr\u00f3\u017cy z ka\u017cdym zaci\u0105gni\u0119ciem si\u0119.<\/p>\n<p>Z ka\u017cdym oddechem mieszanka owocowych i mas\u0142owych nut rozkwita pi\u0119knie, zapewniaj\u0105c naprawd\u0119 wielowymiarowe do\u015bwiadczenie smakowe. Ten profil smakowy odpowiada tym, kt\u00f3rzy lubi\u0105 zar\u00f3wno orze\u017awiaj\u0105ce, jak i dekadenckie smaki, oferuj\u0105c satysfakcjonuj\u0105ce do\u015bwiadczenie dla ka\u017cdego podniebienia.<\/p>\n<h2>Dlaczego wybra\u0107 FumotXpress.de dla swoich potrzeb zwi\u0105zanych z wapowaniem?<\/h2>\n<p>W <a href=\"https:\/\/fumotxpress.de\/pl\/\" target=\"_new\" rel=\"noopener\">FumotXpress.de<\/a>Jeste\u015bmy oddani dostarczaniu Wam tylko najlepszych produkt\u00f3w z kategorii jednorazowych waporyzator\u00f3w. Nasza platforma ugruntowa\u0142a swoj\u0105 pozycj\u0119 jako najwi\u0119kszy i najbardziej zaufany sprzedawca detaliczny jednorazowych waporyzator\u00f3w w Niemczech, obs\u0142uguj\u0105cy szerokie grono klient\u00f3w detalicznych w ca\u0142ej UE. Dumnie stawiamy na dostarczanie produkt\u00f3w wysokiej jako\u015bci i wyj\u0105tkowej obs\u0142ugi klienta, gwarantuj\u0105c, \u017ce ka\u017cdy klient znajdzie satysfakcj\u0119 w naszej ofercie.<\/p>\n<p>Niezale\u017cnie od tego, czy szukasz r\u00f3\u017cnorodno\u015bci smak\u00f3w, czy efekt\u00f3w uspokajaj\u0105cych HHC, OBEE HHC Einwegstift \u2013 1000 mg oferuje idealn\u0105 r\u00f3wnowag\u0119. Odwied\u017a nasz\u0105 stron\u0119 internetow\u0105 ju\u017c dzi\u015b, aby zapozna\u0107 si\u0119 z nasz\u0105 pe\u0142n\u0105 ofert\u0105 i do\u015bwiadczy\u0107 niezr\u00f3wnanego wsparcia klienta, szybkiej dostawy z magazynu w UE oraz zaanga\u017cowania w zapewnienie najwy\u017cszej jako\u015bci do\u015bwiadcze\u0144 zwi\u0105zanych z wapowaniem.<\/p>\n<h2>Wyr\u00f3\u017cnienia i cechy produktu OBEE HHC Einwegstift \u2013 1000 mg<\/h2>\n<ul>\n<li><strong>Potencja\u0142 HHC Zawarto\u015b\u0107<\/strong>: Zawiera 1000 mg czystego, wysokiej jako\u015bci HHC dla zr\u00f3wnowa\u017conego, relaksuj\u0105cego do\u015bwiadczenia.<\/li>\n<li><strong>Zasilany akumulatorem, Wymienny akumulator<\/strong>: Wyposa\u017cony w niezawodn\u0105 akumulator, kt\u00f3ry zapewnia, \u017ce vape pen wytrzyma przez ka\u017cde poci\u0105gni\u0119cie.<\/li>\n<li><strong>Tropikalny Profil Smakowy<\/strong>Tropicana Cookies oferuje zachwycaj\u0105c\u0105 mieszank\u0119 tropikalnych owoc\u00f3w z bogatym wyko\u0144czeniem ciastka.<\/li>\n<li><strong>\u0141atwy w u\u017cyciu<\/strong>Gotowy do wapowania bez konieczno\u015bci skomplikowanej konfiguracji lub dodatkowych krok\u00f3w.<\/li>\n<li><strong>Podr\u00f3\u017cniczy<\/strong>Jego kompaktowy rozmiar i lekka konstrukcja sprawiaj\u0105, \u017ce jest idealnym towarzyszem w podr\u00f3\u017cy.<\/li>\n<li><strong>Wysoka Jako\u015b\u0107 Wykonania<\/strong>: Zaprojektowany z nowoczesn\u0105 estetyk\u0105 i wytrzyma\u0142ymi materia\u0142ami, zapewniaj\u0105c d\u0142ugowieczno\u015b\u0107 i styl.<\/li>\n<\/ul>\n<h2>OBEE HHC EINWEGSTIFT-1000MG Dlaczego HHC jest idealnym wyborem dla waper\u00f3w<\/h2>\n<p>HHC wyr\u00f3\u017cnia si\u0119 dzi\u0119ki swoim unikalnym korzy\u015bciom. Jako kannabinoid, oferuje u\u017cytkownikom relaksuj\u0105ce do\u015bwiadczenie podobne do THC, ale bez intensywnych psychoaktywnych efekt\u00f3w, co sprawia, \u017ce jest to preferowany wyb\u00f3r dla os\u00f3b poszukuj\u0105cych relaksu bez przyt\u0142aczaj\u0105cego haju. Jego stabilno\u015b\u0107 wobec utleniania i promieni UV dodatkowo zwi\u0119ksza jego przydatno\u015b\u0107 do produkt\u00f3w do wapowania, poniewa\u017c utrzymuje potencj\u0119 i integralno\u015b\u0107 smaku w czasie. Ta cecha sprawia, \u017ce HHC jest doskona\u0142ym wyborem dla os\u00f3b, kt\u00f3re preferuj\u0105 bardziej stabilne, \u0142agodne i przyjemne do\u015bwiadczenie.<\/p>\n<p>Dzi\u0119ki HHC, vaperzy mog\u0105 cieszy\u0107 si\u0119 g\u0142adkim i zr\u00f3wnowa\u017conym efektem, idealnym do relaksu po d\u0142ugim dniu lub po prostu do delektowania si\u0119 aromatyczn\u0105 sesj\u0105 wapowania bez intensywnych efekt\u00f3w.<\/p>\n<h2>Wyb\u00f3r smaku<\/h2>\n<p>Nasze <a href=\"https:\/\/fumotxpress.de\/pl\/\">OBEE HHC<\/a> Jednorazowy sztyft \u2013 1000 mg jest obecnie dost\u0119pny w apetycznym smaku Tropicana Cookies, przy czym inne smaki mog\u0105 by\u0107 dost\u0119pne w przysz\u0142ych wydaniach. Poni\u017cej przedstawiamy rozk\u0142ad profilu smakowego Tropicana Cookies:<\/p>\n<ul>\n<li><strong>Tropicana Cookies<\/strong>: Unikalna fuzja bujnych tropikalnych owoc\u00f3w w po\u0142\u0105czeniu z mas\u0142owym podk\u0142adem herbatnika. Pocz\u0105tkowe nuty s\u0142odkiej mango i ananasa witaj\u0105 Ci\u0119 podczas wdechu, podczas gdy delikatna wskaz\u00f3wka \u015bwie\u017co upieczonego herbatnika uzupe\u0142nia do\u015bwiadczenie podczas wydechu. Ka\u017cde poci\u0105gni\u0119cie to balans \u015bwie\u017co\u015bci i rozkoszy, zapewniaj\u0105c naprawd\u0119 satysfakcjonuj\u0105ce do\u015bwiadczenie wapowania.<\/li>\n<\/ul>\n<h2>Zam\u00f3w z FumotXpress.de<\/h2>\n<p>Jako wiod\u0105ca niemiecka platforma internetowa dla jednorazowych waporyzator\u00f3w, FumotXpress.de jest Twoim zaufanym \u017ar\u00f3d\u0142em premium waporyzator\u00f3w i e-p\u0142yn\u00f3w. Rozumiemy potrzeby naszych klient\u00f3w, oferuj\u0105c zakres wysokiej jako\u015bci produkt\u00f3w, szybk\u0105 wysy\u0142k\u0119 z naszego magazynu w UE oraz brak minimalnych wymaga\u0144 dotycz\u0105cych zam\u00f3wienia. Niezale\u017cnie od tego, czy szukasz jednego waporyzatora, czy te\u017c eksplorujesz wiele marek, mamy opcj\u0119 odpowiedni\u0105 dla ka\u017cdego gustu.<\/p>\n<h3>Dlaczego warto kupowa\u0107 od FumotXpress.de?<\/h3>\n<ul>\n<li><strong>Zapewnienie Jako\u015bci<\/strong>: Wybieramy tylko najlepsze marki jednorazowych waporyzator\u00f3w do naszego sklepu, gwarantuj\u0105c, \u017ce ka\u017cdy produkt spe\u0142nia nasze wysokie standardy.<\/li>\n<li><strong>Konkurencyjne ceny<\/strong>: Ciesz si\u0119 przyst\u0119pnymi opcjami we wszystkich naszych markach bez minimalnej kwoty zam\u00f3wienia, co u\u0142atwia pr\u00f3bowanie nowych smak\u00f3w lub zaopatrywanie si\u0119 w ulubione produkty.<\/li>\n<li><strong>Szybka wysy\u0142ka w UE<\/strong>: Nasze produkty s\u0105 wysy\u0142ane z europejskiego magazynu, gwarantuj\u0105c dostaw\u0119 w ci\u0105gu 3-7 dni dla wygody i szybko\u015bci.<\/li>\n<li><strong>Wyj\u0105tkowe Wsparcie Klienta<\/strong>: Nasz zesp\u00f3\u0142 jest tutaj, aby pom\u00f3c z wszelkimi pytaniami lub w\u0105tpliwo\u015bciami, zapewniaj\u0105c bezproblemowe do\u015bwiadczenie zakupowe.<\/li>\n<\/ul>\n<h2>OBEE HHC EINWEGSTIFT-1000MG Ko\u0144cowe my\u015bli<\/h2>\n<p>OBEE HHC Einwegstift \u2013 1000 mg oferuje wyrafinowane do\u015bwiadczenie wapowania z smakiem i efektem, kt\u00f3re s\u0105 zar\u00f3wno przyjemne, jak i zr\u00f3wnowa\u017cone. \u0141\u0105cz\u0105c wysokiej jako\u015bci HHC z pysznym smakiem Tropicana Cookies, ta vape pen jest stworzona dla tych, kt\u00f3rzy ceni\u0105 sobie produkty premium i satysfakcjonuj\u0105ce. Zam\u00f3w ju\u017c dzi\u015b na FumotXpress.de i do\u015bwiadcz wyj\u0105tkowej mieszanki smaku i relaksu - dostarczonej bezpo\u015brednio do Ciebie z naszego europejskiego magazynu dla szybkiej i niezawodnej obs\u0142ugi.<\/p>\n<p>Nie przegap tego wyj\u0105tkowego do\u015bwiadczenia z wapowaniem. Odwied\u017a <a href=\"https:\/\/fumotxpress.de\/pl\/\" target=\"_new\" rel=\"noopener\">FumotXpress.de<\/a> Teraz czas na poznanie OBEE HHC Einwegstift i odkrycie nowego sposobu na cieszenie si\u0119 HHC z ka\u017cdym aromatycznym zaci\u0105gni\u0119ciem.<\/p>","protected":false},"excerpt":{"rendered":"<p>\u201cOdkryj OBEE HHC 1000 mg Jednorazow\u0105 Waporyzator  na FumotXpress.de \u2013 wiod\u0105cym sprzedawcy vape w Niemczech, oferuj\u0105cym szybk\u0105 wysy\u0142k\u0119 w UE i premium smaki dla p\u0142ynnego do\u015bwiadczenia wapowania.\u201d<\/p>","protected":false},"featured_media":29,"comment_status":"open","ping_status":"closed","template":"","meta":{"om_disable_all_campaigns":false},"product_brand":[],"product_cat":[18,91,92,94,99,101,102,103,104,107,108,111,78,79,80,81,82,83,84,85,86,87,88,89,90,70,56,61,65,67],"product_tag":[],"class_list":{"0":"post-30","1":"product","2":"type-product","3":"status-publish","4":"has-post-thumbnail","6":"product_cat-hhc-obee-disposable-vapes","7":"product_cat-buy-best-disposable-vape-flavors","8":"product_cat-apple-flavor-disposable-vapes","9":"product_cat-blueberry-flavor-disposable-vapes","10":"product_cat-ice-flavor-disposable-vapes","11":"product_cat-lemon-flavor-disposable-vapes","12":"product_cat-lush-flavor-disposable-vapes","13":"product_cat-mango-flavor-disposable-vapes","14":"product_cat-mint-flavor-disposable-vapes","15":"product_cat-peach-flavor-disposable-vapes","16":"product_cat-pineapple-flavor-disposable-vapes","17":"product_cat-strawberry-flavor-disposable-vapes","18":"product_cat-best-disposable-vape-in-europe","19":"product_cat-buy-disposable-vapes-in-austria","20":"product_cat-buy-disposable-vapes-in-belgium","21":"product_cat-buy-disposable-vapes-in-france","22":"product_cat-buy-disposable-vapes-in-germany","23":"product_cat-buy-disposable-vapes-in-italy","24":"product_cat-buy-disposable-vapes-in-netherlands","25":"product_cat-buy-disposable-vapes-in-norway","26":"product_cat-buy-disposable-vapes-in-poland","27":"product_cat-buy-disposable-vapes-in-portugal","28":"product_cat-buy-disposable-vapes-in-spain","29":"product_cat-buy-disposable-vapes-in-sweden","30":"product_cat-buy-disposable-vapes-in-switzerland","31":"product_cat-shop-disposable-vapes-by-puffs","32":"product_cat-disposable-vape-types","33":"product_cat-big-puffs-disposable-vapes","34":"product_cat-lower-nicotine-disposable-vapes","35":"product_cat-rechargeable-disposable-vapes","37":"first","38":"instock","39":"shipping-taxable","40":"purchasable","41":"product-type-variable"},"_links":{"self":[{"href":"https:\/\/fumotxpress.de\/pl\/wp-json\/wp\/v2\/product\/30","targetHints":{"allow":["GET"]}}],"collection":[{"href":"https:\/\/fumotxpress.de\/pl\/wp-json\/wp\/v2\/product"}],"about":[{"href":"https:\/\/fumotxpress.de\/pl\/wp-json\/wp\/v2\/types\/product"}],"replies":[{"embeddable":true,"href":"https:\/\/fumotxpress.de\/pl\/wp-json\/wp\/v2\/comments?post=30"}],"wp:featuredmedia":[{"embeddable":true,"href":"https:\/\/fumotxpress.de\/pl\/wp-json\/wp\/v2\/media\/29"}],"wp:attachment":[{"href":"https:\/\/fumotxpress.de\/pl\/wp-json\/wp\/v2\/media?parent=30"}],"wp:term":[{"taxonomy":"product_brand","embeddable":true,"href":"https:\/\/fumotxpress.de\/pl\/wp-json\/wp\/v2\/product_brand?post=30"},{"taxonomy":"product_cat","embeddable":true,"href":"https:\/\/fumotxpress.de\/pl\/wp-json\/wp\/v2\/product_cat?post=30"},{"taxonomy":"product_tag","embeddable":true,"href":"https:\/\/fumotxpress.de\/pl\/wp-json\/wp\/v2\/product_tag?post=30"}],"curies":[{"name":"wp","href":"https:\/\/api.w.org\/{rel}","templated":true}]}}