{"id":2961,"date":"2025-01-01T04:25:57","date_gmt":"2025-01-01T04:25:57","guid":{"rendered":"https:\/\/fumotxpress.de\/?post_type=product&#038;p=2961"},"modified":"2025-07-16T07:27:51","modified_gmt":"2025-07-16T07:27:51","slug":"magazyn-europejski-smpo-dl02-10000-zaciagniec-o-niskiej-zawartosci-nikotyny-kup-oryginalny-authentisch-akumulator-jednorazowy-dlugopis-vapes-2","status":"publish","type":"product","link":"https:\/\/fumotxpress.de\/pl\/produkt\/magazyn-europejski-smpo-dl02-10000-zaciagniec-o-niskiej-zawartosci-nikotyny-kup-oryginalny-authentisch-akumulator-jednorazowy-dlugopis-vapes-2\/","title":{"rendered":"Europejski Magazyn SMPO Shisha 10000  Puffs Niski Nikotyna Kup oryginalne Autentyczne \u0141adowalne Jednorazowe Vapes-Pen"},"content":{"rendered":"<h2>Magazyn Europejski <strong>SMPO Shisha 10000 Puff\u00f3w 10000 Puff\u00f3w<\/strong> Wielokrotnego u\u017cytku, jednorazowa e-papierosowa pi\u00f3ro: Premiumowe do\u015bwiadczenie wapowania dla niemieckich entuzjast\u00f3w wapowania<\/h2>\n<p>W FumotXpress, najwi\u0119kszej niemieckiej platformie internetowej dla jednorazowych waporyzator\u00f3w, z przyjemno\u015bci\u0105 prezentujemy\u00a0<a href=\"https:\/\/fumotxpress.de\/pl\/produkt\/magazyn-europejski-smpo-dl02-10000-zaciagniec-o-niskiej-zawartosci-nikotyny-kup-oryginalny-authentisch-akumulator-jednorazowy-dlugopis-vapes\/\"><strong>SMPO Shisha DL02 10000 Puff\u00f3w Rechargeable Jednorazowa Pi\u00f3ro Vape<\/strong><\/a>Zaprojektowany dla os\u00f3b poszukuj\u0105cych najwy\u017cszej jako\u015bci osi\u0105g\u00f3w vape bez kompromis\u00f3w, SMPO DL02 oferuje do 10 000 zaci\u0105gni\u0119\u0107 premium smaku i sta\u0142\u0105 produkcj\u0119 pary. Niezale\u017cnie od tego, czy jeste\u015b do\u015bwiadczonym waperem, czy dopiero zaczynasz swoj\u0105 przygod\u0119 z vapingiem, urz\u0105dzenie to zosta\u0142o zaprojektowane tak, aby zapewni\u0107 wyj\u0105tkowe do\u015bwiadczenie od pierwszego do ostatniego zaci\u0105gni\u0119cia.<\/p>\n<p>Ten produkt jest dost\u0119pny w wygodnych opakowaniach zbiorczych, umo\u017cliwiaj\u0105c zaopatrzenie si\u0119 na d\u0142u\u017cszy okres u\u017cytkowania lub do cel\u00f3w detalicznych. Bez minimalnej ilo\u015bci zam\u00f3wienia i szybkiej wysy\u0142ki z naszego europejskiego magazynu, FumotXpress gwarantuje, \u017ce Twoje potrzeby zwi\u0105zane z wapowaniem s\u0105 szybko i skutecznie zaspokojone w ca\u0142ej UE.<\/p>\n<p><img loading=\"lazy\" decoding=\"async\" class=\"alignnone size-full wp-image-815\" src=\"https:\/\/fumotxpress.de\/wp-content\/uploads\/2024\/11\/SMPO-DL02-10000-Zuge-4-scaled-1.webp\" alt=\"SMPO-DL02-10000-Zuge\" width=\"2560\" height=\"2560\" srcset=\"https:\/\/fumotxpress.de\/wp-content\/uploads\/2024\/11\/SMPO-DL02-10000-Zuge-4-scaled-1.webp 2560w, https:\/\/fumotxpress.de\/wp-content\/uploads\/2024\/11\/SMPO-DL02-10000-Zuge-4-scaled-1-247x247.webp 247w, https:\/\/fumotxpress.de\/wp-content\/uploads\/2024\/11\/SMPO-DL02-10000-Zuge-4-scaled-1-100x100.webp 100w, https:\/\/fumotxpress.de\/wp-content\/uploads\/2024\/11\/SMPO-DL02-10000-Zuge-4-scaled-1-600x600.webp 600w, https:\/\/fumotxpress.de\/wp-content\/uploads\/2024\/11\/SMPO-DL02-10000-Zuge-4-scaled-1-300x300.webp 300w, https:\/\/fumotxpress.de\/wp-content\/uploads\/2024\/11\/SMPO-DL02-10000-Zuge-4-scaled-1-1024x1024.webp 1024w, https:\/\/fumotxpress.de\/wp-content\/uploads\/2024\/11\/SMPO-DL02-10000-Zuge-4-scaled-1-150x150.webp 150w, https:\/\/fumotxpress.de\/wp-content\/uploads\/2024\/11\/SMPO-DL02-10000-Zuge-4-scaled-1-768x768.webp 768w, https:\/\/fumotxpress.de\/wp-content\/uploads\/2024\/11\/SMPO-DL02-10000-Zuge-4-scaled-1-1536x1536.webp 1536w, https:\/\/fumotxpress.de\/wp-content\/uploads\/2024\/11\/SMPO-DL02-10000-Zuge-4-scaled-1-2048x2048.webp 2048w\" sizes=\"auto, (max-width: 2560px) 100vw, 2560px\" \/><\/p>\n<h3>Dlaczego wybra\u0107 jednorazow\u0105 vape pen SMPO DL02?<\/h3>\n<p>The \nnie wymaga t\u0142umaczenia\u00a0<a href=\"https:\/\/fumotxpress.de\/pl\/\"><strong>SMPOShisha DL02<\/strong>\u00a0<\/a>Wyr\u00f3\u017cnia si\u0119 w\u015br\u00f3d jednorazowych pi\u00f3r vape dzi\u0119ki swojej niezwyk\u0142ej trwa\u0142o\u015bci i najnowocze\u015bniejszym funkcjom. Urz\u0105dzenie to zosta\u0142o zaprojektowane tak, aby zapewni\u0107 p\u0142ynne do\u015bwiadczenie wapowania z d\u0142ugotrwa\u0142\u0105 wydajno\u015bci\u0105 i zadowalaj\u0105cym zakresem smak\u00f3w. Oto dlaczego\u00a0<strong>SMPO shisha DL02<\/strong>\u00a0jest najlepszym wyborem dla waporyzuj\u0105cych:<\/p>\n<ul>\n<li><strong>10 000 pojemno\u015bci Puff<\/strong>: Z niesamowitymi 10 000 zaci\u0105gni\u0119ciami na urz\u0105dzenie, SMPO DL02 oferuje jedno z najd\u0142u\u017cej trwaj\u0105cych do\u015bwiadcze\u0144 w kategorii jednorazowych waporyzator\u00f3w. Ta rozszerzona pojemno\u015b\u0107 gwarantuje, \u017ce b\u0119dziesz m\u00f3g\u0142 cieszy\u0107 si\u0119 waporyzacj\u0105 przez d\u0142u\u017cszy okres bez obawy o cz\u0119ste wymiany.<\/li>\n<li><strong>Bateria Akumulatorowa 750mAh<\/strong>: Pot\u0119\u017cna, akumulatorowa bateria zapewnia niezawodn\u0105 prac\u0119 przez ca\u0142y cykl \u017cycia urz\u0105dzenia. Po prostu na\u0142aduj przez USB-C, aby kontynuowa\u0107 u\u017cytkowanie.<\/li>\n<li><strong>Technologia Ochrony Przed Suchym Ciep\u0142em CRUX<\/strong>: Ta innowacyjna funkcja zapobiega przegrzewaniu si\u0119 i zapewnia, \u017ce tw\u00f3j waporyzator produkuje sta\u0142y smak z ka\u017cdym zaci\u0105gni\u0119ciem.<\/li>\n<li><strong>0,6\u03a9 Cewka siatki<\/strong>: Cewka siatkowa zapewnia szybkie ogrzewanie i g\u0142adk\u0105 par\u0119, optymalizuj\u0105c zu\u017cycie energii dla d\u0142u\u017cej trwa\u0142ego i bardziej efektywnego do\u015bwiadczenia z wapowaniem.<\/li>\n<li><strong>20ml pojemno\u015b\u0107 e-p\u0142ynu<\/strong>: Dzi\u0119ki hojnemu zbiornikowi na p\u0142yn elektroniczny, SMPO DL02 zapewnia, \u017ce masz wystarczaj\u0105c\u0105 ilo\u015b\u0107 p\u0142ynu na d\u0142ugie, przyjemne sesje, dzi\u0119ki czemu uzupe\u0142nianie staje si\u0119 przesz\u0142o\u015bci\u0105.<\/li>\n<li><strong>Regulacja Przep\u0142ywu Powietrza<\/strong>: Spersonalizuj swoje do\u015bwiadczenie z wapowaniem dzi\u0119ki regulowanemu przep\u0142ywowi powietrza, kt\u00f3ry pozwala Ci dostosowa\u0107 g\u0119sto\u015b\u0107 pary do Twoich preferencji, niezale\u017cnie od tego, czy lubisz delikatne uderzenia, czy g\u0119ste chmury.<\/li>\n<li><strong>Ergonomiczny i kompaktowy design<\/strong>: Elegantna, ergonomiczna konstrukcja sprawia, \u017ce SMPO Shisha DL02 jest wygodna w trzymaniu i \u0142atwa do przenoszenia, co sprawia, \u017ce jest idealna do u\u017cytku w podr\u00f3\u017cy.<\/li>\n<\/ul>\n<h3>SMPO DL02 \u2013 premiumowy wyb\u00f3r dla waper\u00f3w<\/h3>\n<p>The \nnie wymaga t\u0142umaczenia\u00a0<strong>SMPO Shisha DL02 10000 Puff\u00f3w Jednorazowa Waporyzator<\/strong>\u00a0jest stworzony, aby spe\u0142ni\u0107 potrzeby nowoczesnych waporyzator\u00f3w, kt\u00f3rzy priorytetowo traktuj\u0105 wydajno\u015b\u0107, smak i wygod\u0119. Niezale\u017cnie od tego, czy jeste\u015b okazjonalnym waporyzatorem, czy regularnym u\u017cytkownikiem, ta vape pen gwarantuje satysfakcj\u0119 dzi\u0119ki po\u0142\u0105czeniu trwa\u0142ej konstrukcji i innowacyjnych funkcji.<\/p>\n<p>W\u00a0<strong>FumotXpress<\/strong>Z dum\u0105 oferujemy ten produkt premium, pozyskiwany bezpo\u015brednio od zaufanych producent\u00f3w. Mo\u017cesz go kupi\u0107 luzem, bez wymogu minimalnej ilo\u015bci zam\u00f3wienia, co sprawia, \u017ce jest to doskona\u0142a opcja zar\u00f3wno dla u\u017cytkownik\u00f3w indywidualnych, jak i grup detalicznych. Wysy\u0142amy bezpo\u015brednio z naszego europejskiego magazynu, zapewniaj\u0105c szybkie czasy dostawy w ci\u0105gu 3-7 dni na terenie ca\u0142ej UE.<\/p>\n<h3>Wyb\u00f3r smaku: Spektrum bogatych smak\u00f3w<\/h3>\n<p>The \nnie wymaga t\u0142umaczenia\u00a0<strong>SMPO DL02<\/strong>\u00a0<a href=\"https:\/\/fumotxpress.de\/pl\/\">Jednorazowa Pi\u00f3ro Vape<\/a> jest dost\u0119pny w szerokiej gamie smak\u00f3w, pozwalaj\u0105c cieszy\u0107 si\u0119 nowym do\u015bwiadczeniem z ka\u017cdym zaci\u0105gni\u0119ciem. Poni\u017cej znajduje si\u0119 szczeg\u00f3\u0142owy przegl\u0105d r\u00f3\u017cnych profili smakowych, z kt\u00f3rych mo\u017cesz wybiera\u0107:<\/p>\n<ol>\n<li><strong>Sok z mango<\/strong><br \/>\nTen tropikalny smak eksploduje s\u0142odycz\u0105 dojrza\u0142ych mango, oferuj\u0105c orze\u017awiaj\u0105cy, egzotyczny posmak, kt\u00f3ry przenosi Ci\u0119 prosto na s\u0142oneczn\u0105 pla\u017c\u0119. Idealny dla tych, kt\u00f3rzy t\u0119skni\u0105 za owocowym, s\u0142odkim do\u015bwiadczeniem.<\/li>\n<li><strong>Mas\u0142o orzechowe<\/strong><br \/>\nUnikalny i luksusowy smak, kt\u00f3ry \u0142\u0105czy kremow\u0105, orzechow\u0105 bogato\u015b\u0107 mas\u0142a orzechowego z g\u0142adkim wyko\u0144czeniem. Idealny dla tych, kt\u00f3rzy ceni\u0105 bardziej wytrawne do\u015bwiadczenie wapowania, jest doskona\u0142y do codziennego u\u017cytku.<\/li>\n<li><strong>Lody Truskawkowe<\/strong><br \/>\nS\u0142odziutka i kremowa mieszanka \u015bwie\u017cych truskawek i aksamitnego lod\u00f3w, ten smak zapewnia satysfakcjonuj\u0105ce do\u015bwiadczenie deserowe. Jest to g\u0142adka i orze\u017awiaj\u0105ca opcja, kt\u00f3ra zapewnia zachwycaj\u0105c\u0105 r\u00f3wnowag\u0119 owocowych i kremowych nut.<\/li>\n<li><strong>Cukierki Cytrynowe<\/strong><br \/>\nJe\u015bli jeste\u015b fanem smak\u00f3w cytrusowych, ta orze\u017awiaj\u0105ca, kwa\u015bna nota cytrynowa zmieszana z cukrow\u0105 s\u0142odycz\u0105 zostawi Twoje kubki smakowe mrowi\u0105ce. Jest to idealny wyb\u00f3r dla tych, kt\u00f3rzy preferuj\u0105 \u015bwie\u017cy, ostry profil smakowy z s\u0142odkim finiszem.<\/li>\n<li><strong>Mieszane jagody<\/strong><br \/>\n\u017bywa mieszanka jag\u00f3d, ten smak \u0142\u0105czy s\u0142odkie truskawki, kwa\u015bne maliny i soczyste bor\u00f3wki. To idealna r\u00f3wnowaga owocowych smak\u00f3w, kt\u00f3ra jest zar\u00f3wno orze\u017awiaj\u0105ca, jak i satysfakcjonuj\u0105ca.<\/li>\n<li><strong>Truskawka Kiwi<\/strong><br \/>\nDoskona\u0142e po\u0142\u0105czenie s\u0142odkich truskawek i kwa\u015bnego kiwi, ta kombinacja oferuje \u015bwie\u017cy, \u017cywy smak, kt\u00f3ry jest zar\u00f3wno kwa\u015bny, jak i s\u0142odki. To smak, kt\u00f3ry spodoba si\u0119 wielu, idealny dla mi\u0142o\u015bnik\u00f3w owocowych waporyzator\u00f3w.<\/li>\n<li><strong>\u017burawina Winogrono<\/strong><br \/>\nTen dynamiczny smak \u0142\u0105czy kwa\u015bno\u015b\u0107 \u017curawiny z g\u0142\u0119bok\u0105 s\u0142odycz\u0105 winogrona. Rezultatem jest idealnie zr\u00f3wnowa\u017cona vape, kt\u00f3ra oferuje zar\u00f3wno z\u0142o\u017cono\u015b\u0107, jak i satysfakcj\u0119 w ka\u017cdym zaci\u0105gni\u0119ciu.<\/li>\n<li><strong>Wodny L\u00f3d<\/strong><br \/>\nJe\u015bli kochasz ch\u0142odne, orze\u017awiaj\u0105ce smaki,\u00a0<strong>Wodny L\u00f3d<\/strong>\u00a0Trafi\u0105 idealnie w sedno. Soczysty, s\u0142odki smak arbuza jest uzupe\u0142niony przez ch\u0142odz\u0105ce, lodowe wyko\u0144czenie, kt\u00f3re jest idealne na gor\u0105ce dni lub gdy chcesz czego\u015b lekkiego i orze\u017awiaj\u0105cego.<\/li>\n<li><strong>Blueberry Ice<\/strong><br \/>\nTen smak \u0142\u0105czy dojrza\u0142e jagody z chrupi\u0105cym, ch\u0142odnym mentolem. Rezultatem jest g\u0142adki, orze\u017awiaj\u0105cy waporyzator o s\u0142odkiej owocowej podstawie i mi\u0119towym finiszu, co sprawia, \u017ce jest to idealny waporyzator na ca\u0142y dzie\u0144.<\/li>\n<li><strong>Vanilla Tobacco<\/strong><br \/>\nDla tych, kt\u00f3rzy wol\u0105 bardziej klasyczny smak,\u00a0<strong>Vanilla Tobacco<\/strong>\u00a0oferuje g\u0142adk\u0105, bogat\u0105 kombinacj\u0119 mocnego tytoniu i subtelnej s\u0142odyczy wanilii. To wyrafinowany i zr\u00f3wnowa\u017cony smak, idealny dla tych, kt\u00f3rzy lubi\u0105 bardziej tradycyjne wapowanie z odrobin\u0105 s\u0142odyczy.<\/li>\n<\/ol>\n<h3>Dlaczego warto kupi\u0107 jednorazow\u0105 vape pen SMPO DL02?<\/h3>\n<p>Istnieje kilka powod\u00f3w, dlaczego\u00a0<strong>SMPO Shishi DL02 10000 Puff\u00f3w Jednorazowa Waporyzator<\/strong>\u00a0jest doskona\u0142ym wyborem dla Twoich potrzeb zwi\u0105zanych z wapowaniem:<\/p>\n<ul>\n<li><strong>D\u0142ugotrwa\u0142a Wydajno\u015b\u0107<\/strong>: Dzi\u0119ki swojej imponuj\u0105cej pojemno\u015bci 10 000 puff\u00f3w mo\u017cesz cieszy\u0107 si\u0119 przed\u0142u\u017conymi sesjami wapowania bez konieczno\u015bci cz\u0119stej wymiany.<\/li>\n<li><strong>Zasilanie akumulatorowe Convenience<\/strong>: Akumulator o pojemno\u015bci 750 mAh, kt\u00f3ry mo\u017cna \u0142adowa\u0107, zapewnia mo\u017cliwo\u015b\u0107 d\u0142ugotrwa\u0142ego u\u017cytkowania waporyzatora przed konieczno\u015bci\u0105 ponownego \u0142adowania, zmniejszaj\u0105c ilo\u015b\u0107 odpad\u00f3w i poprawiaj\u0105c Twoje do\u015bwiadczenie.<\/li>\n<li><strong>Zaawansowane funkcje<\/strong>: Ochrona CRUX przed suchym ciep\u0142em, technologia siatkowej cewki oraz regulowany przep\u0142yw powietrza zapewniaj\u0105 lepsze do\u015bwiadczenie wapowania, kt\u00f3re przewy\u017csza inne jednorazowe produkty dost\u0119pne na rynku.<\/li>\n<li><strong>Szeroki wyb\u00f3r smak\u00f3w<\/strong>: Dzi\u0119ki r\u00f3\u017cnorodnej gamie ekscytuj\u0105cych smak\u00f3w,\u00a0<strong>SMPO DL02<\/strong>\u00a0jest idealny dla tych, kt\u00f3rzy chc\u0105 odkrywa\u0107 r\u00f3\u017cne doznania smakowe.<\/li>\n<li><strong>Brak minimalnych wymaga\u0144 dotycz\u0105cych zam\u00f3wienia<\/strong>: Niezale\u017cnie od tego, czy dokonujesz zakupu na u\u017cytek osobisty, czy detaliczny, mo\u017cesz kupi\u0107 nawet jedno pi\u00f3ro bez minimalnej ilo\u015bci zam\u00f3wienia.<\/li>\n<li><strong>Szybka wysy\u0142ka w UE<\/strong>: FumotXpress oferuje szybk\u0105 i niezawodn\u0105 wysy\u0142k\u0119 w ca\u0142ej UE, a produkty s\u0105 dostarczane w ci\u0105gu 3-7 dni.<\/li>\n<\/ul>\n<h3>Zam\u00f3w sw\u00f3j SMPO DL02 10000 Puffs Jednorazowy Pi\u00f3ro Vape Dzisiaj<\/h3>\n<p>The \nnie wymaga t\u0142umaczenia\u00a0<strong><a href=\"https:\/\/fumotxpress.de\/pl\/\">SMPO Shashi DL02 10000 Puffs<\/a> Jednorazowa Pi\u00f3ro Vape<\/strong>\u00a0jest teraz dost\u0119pny do zakupu w FumotXpress.de, wiod\u0105cym sprzedawcy Niemiec zajmuj\u0105cym si\u0119 jednorazowymi waporyzatorami. Dzi\u0119ki szerokiemu wyborowi smak\u00f3w, funkcjom o wysokiej wydajno\u015bci i szybkiej wysy\u0142ce z naszego europejskiego magazynu, jest to urz\u0105dzenie idealne zar\u00f3wno dla casualowych waper\u00f3w, jak i entuzjast\u00f3w. Odwied\u017a\u00a0<a href=\"https:\/\/fumotxpress.de\/pl\/\"><strong>FumotXpress.de<\/strong><\/a>\u00a0Zam\u00f3w ju\u017c teraz i ciesz si\u0119 szybk\u0105 i niezawodn\u0105 dostaw\u0105 prosto do Twoich drzwi.<\/p>\n<p>Dla wszystkich Twoich potrzeb zwi\u0105zanych z jednorazowymi waporyzatorami, zaufaj FumotXpress dla jako\u015bci, serwisu i satysfakcji!<\/p>","protected":false},"excerpt":{"rendered":"<p>Kup <strong>SMPO DL02 10000 Puff\u00f3w Akumulatorowa Jednorazowa Waporyzator Pen<\/strong> w FumotXpress.de. Ciesz si\u0119 d\u0142ugotrwa\u0142\u0105 wydajno\u015bci\u0105, g\u0142adkim parowaniem i szerokim wyborem smak\u00f3w z szybk\u0105 wysy\u0142k\u0105 w UE!<\/p>","protected":false},"featured_media":875,"comment_status":"open","ping_status":"closed","template":"","meta":{"om_disable_all_campaigns":false},"product_brand":[],"product_cat":[22,91,94,97,99,100,101,103,104,105,111,112,78,79,80,81,82,83,84,85,86,87,88,89,90,70,72,56,61,65,67],"product_tag":[],"class_list":{"0":"post-2961","1":"product","2":"type-product","3":"status-publish","4":"has-post-thumbnail","6":"product_cat-smpo-dl02-disposable-vapes","7":"product_cat-buy-best-disposable-vape-flavors","8":"product_cat-blueberry-flavor-disposable-vapes","9":"product_cat-grape-flavor-disposable-vapes","10":"product_cat-ice-flavor-disposable-vapes","11":"product_cat-kiwi-flavor-disposable-vapes","12":"product_cat-lemon-flavor-disposable-vapes","13":"product_cat-mango-flavor-disposable-vapes","14":"product_cat-mint-flavor-disposable-vapes","15":"product_cat-mixed-berries-flavor-disposable-vapes","16":"product_cat-strawberry-flavor-disposable-vapes","17":"product_cat-watermelon-flavor-disposable-vapes","18":"product_cat-best-disposable-vape-in-europe","19":"product_cat-buy-disposable-vapes-in-austria","20":"product_cat-buy-disposable-vapes-in-belgium","21":"product_cat-buy-disposable-vapes-in-france","22":"product_cat-buy-disposable-vapes-in-germany","23":"product_cat-buy-disposable-vapes-in-italy","24":"product_cat-buy-disposable-vapes-in-netherlands","25":"product_cat-buy-disposable-vapes-in-norway","26":"product_cat-buy-disposable-vapes-in-poland","27":"product_cat-buy-disposable-vapes-in-portugal","28":"product_cat-buy-disposable-vapes-in-spain","29":"product_cat-buy-disposable-vapes-in-sweden","30":"product_cat-buy-disposable-vapes-in-switzerland","31":"product_cat-shop-disposable-vapes-by-puffs","32":"product_cat-10000-puff-disposable-vape","33":"product_cat-disposable-vape-types","34":"product_cat-big-puffs-disposable-vapes","35":"product_cat-lower-nicotine-disposable-vapes","36":"product_cat-rechargeable-disposable-vapes","38":"first","39":"outofstock","40":"shipping-taxable","41":"product-type-variable"},"_links":{"self":[{"href":"https:\/\/fumotxpress.de\/pl\/wp-json\/wp\/v2\/product\/2961","targetHints":{"allow":["GET"]}}],"collection":[{"href":"https:\/\/fumotxpress.de\/pl\/wp-json\/wp\/v2\/product"}],"about":[{"href":"https:\/\/fumotxpress.de\/pl\/wp-json\/wp\/v2\/types\/product"}],"replies":[{"embeddable":true,"href":"https:\/\/fumotxpress.de\/pl\/wp-json\/wp\/v2\/comments?post=2961"}],"wp:featuredmedia":[{"embeddable":true,"href":"https:\/\/fumotxpress.de\/pl\/wp-json\/wp\/v2\/media\/875"}],"wp:attachment":[{"href":"https:\/\/fumotxpress.de\/pl\/wp-json\/wp\/v2\/media?parent=2961"}],"wp:term":[{"taxonomy":"product_brand","embeddable":true,"href":"https:\/\/fumotxpress.de\/pl\/wp-json\/wp\/v2\/product_brand?post=2961"},{"taxonomy":"product_cat","embeddable":true,"href":"https:\/\/fumotxpress.de\/pl\/wp-json\/wp\/v2\/product_cat?post=2961"},{"taxonomy":"product_tag","embeddable":true,"href":"https:\/\/fumotxpress.de\/pl\/wp-json\/wp\/v2\/product_tag?post=2961"}],"curies":[{"name":"wp","href":"https:\/\/api.w.org\/{rel}","templated":true}]}}