{"id":2403,"date":"2024-12-12T05:12:19","date_gmt":"2024-12-12T05:12:19","guid":{"rendered":"https:\/\/fumotxpress.de\/?post_type=product&#038;p=2403"},"modified":"2025-05-20T04:44:33","modified_gmt":"2025-05-20T04:44:33","slug":"magazyn-europejski-solobar-solo-30000-zaciagniec-o-niskiej-zawartosci-nikotyny-kup-oryginalny-authentisch-akumulator-jednorazowy-dlugopis-vapes","status":"publish","type":"product","link":"https:\/\/fumotxpress.de\/pl\/produkt\/magazyn-europejski-solobar-solo-30000-zaciagniec-o-niskiej-zawartosci-nikotyny-kup-oryginalny-authentisch-akumulator-jednorazowy-dlugopis-vapes\/","title":{"rendered":"Magazyn Europejski Solobar Solo 30000 Puff\u00f3w Niski Nikotyna Kup oryginalny Autentyczny Rechargeable Disposable Vapes Pen"},"content":{"rendered":"<h2 data-pm-slice=\"1 1 []\"><strong>Odkryj <a href=\"https:\/\/fumotxpress.de\/pl\/produkt\/magazyn-europejski-solobar-solo-30000-zaciagniec-o-niskiej-zawartosci-nikotyny-kup-oryginalny-authentisch-akumulator-jednorazowy-dlugopis-vapes\/\">Solobar Solo 30 000 Puff\u00f3w Jednorazowa Waporyzator<\/a>: Redefiniowanie doskona\u0142o\u015bci wapowania<\/strong><\/h2>\n<div style=\"width: 1020px;\" class=\"wp-video\"><!--[if lt IE 9]><script>document.createElement('video');<\/script><![endif]-->\n<video class=\"wp-video-shortcode\" id=\"video-2403-1\" width=\"1020\" height=\"574\" preload=\"metadata\" controls=\"controls\"><source type=\"video\/mp4\" src=\"https:\/\/fumotxpress.de\/wp-content\/uploads\/2024\/12\/solobar-solo-30000-2.mp4?_=1\" \/><a href=\"https:\/\/fumotxpress.de\/wp-content\/uploads\/2024\/12\/solobar-solo-30000-2.mp4\">https:\/\/fumotxpress.de\/wp-content\/uploads\/2024\/12\/solobar-solo-30000-2.mp4<\/a><\/video><\/div>\n<p>Dla entuzjast\u00f3w wapowania poszukuj\u0105cych d\u0142ugotrwa\u0142ej wydajno\u015bci i lepszego smaku, <a href=\"https:\/\/fumotxpress.de\/pl\/\">Solobar Solo 30 000 Puff\u00f3w Jednorazowa Waporyzator<\/a> jest rewolucyjnym urz\u0105dzeniem. Dzi\u0119ki zaawansowanym funkcjom, mo\u017cliwo\u015bci ponownego \u0142adowania i r\u00f3\u017cnorodnym profilom smakowym, urz\u0105dzenie to zosta\u0142o stworzone, aby podnie\u015b\u0107 Twoje do\u015bwiadczenie z wapowania. Niezale\u017cnie od tego, czy jeste\u015b pocz\u0105tkuj\u0105cym, czy do\u015bwiadczonym u\u017cytkownikiem, Solobar Solo \u0142\u0105czy wygod\u0119, innowacyjno\u015b\u0107 i jako\u015b\u0107 w spos\u00f3b, jakiego nie ma \u017cadne inne urz\u0105dzenie.<\/p>\n<h3>Szczeg\u00f3\u0142owy opis produktu<\/h3>\n<p>The \nnie wymaga t\u0142umaczenia <a href=\"https:\/\/fumotxpress.de\/pl\/\">Solobar Solo<\/a> 30 000 Puff\u00f3w Jednorazowa Waporyzator reprezentuje szczyt innowacji w dziedzinie waporyzacji, zaprojektowany dla u\u017cytkownik\u00f3w, kt\u00f3rzy ceni\u0105 trwa\u0142o\u015b\u0107 i satysfakcj\u0119. Jego bezprecedensowa pojemno\u015b\u0107 puf\u00f3w zapewnia przed\u0142u\u017cone u\u017cytkowanie, eliminuj\u0105c k\u0142opot zwi\u0105zany z cz\u0119stymi wymianami. Elegancki design urz\u0105dzenia, w po\u0142\u0105czeniu z zaawansowanymi cechami technologicznymi, oferuje bezproblemow\u0105 i przyjemn\u0105 podr\u00f3\u017c waporyzacyjn\u0105. Niezale\u017cnie od tego, czy szukasz przeno\u015bnego, wysokowydajnego rozwi\u0105zania, czy te\u017c ekonomicznego rozwi\u0105zania do waporyzacji, ta jednorazowa waporyzator spe\u0142nia oczekiwania we wszystkich aspektach.<\/p>\n<p>Wyposa\u017cony w solidn\u0105, 880 mAh akumulator, kt\u00f3ry mo\u017cna \u0142adowa\u0107, Solobar Solo zapewnia sta\u0142y poziom mocy, co sprawia, \u017ce jest to wyb\u00f3r przyjazny dla \u015brodowiska, bez konieczno\u015bci rezygnowania z wydajno\u015bci. Intuicyjny ekran LED zapewnia aktualizacje w czasie rzeczywistym dotycz\u0105ce \u017cywotno\u015bci baterii i liczby zaci\u0105gni\u0119\u0107, dzi\u0119ki czemu u\u017cytkownik jest poinformowany i pozostaje w kontroli. Funkcja kontroli przep\u0142ywu powietrza pozwala u\u017cytkownikom na dostosowanie swojego stylu wapowania, dzi\u0119ki czemu ka\u017cde zaci\u0105gni\u0119cie jest dopasowane do indywidualnych preferencji. Technologia podw\u00f3jnej siatki grzewczej wzmacnia intensywno\u015b\u0107 smaku, zapewniaj\u0105c g\u0142adkie i bogate do\u015bwiadczenie wapowania.<\/p>\n<p>Stworzony dla wygody, Solobar Solo jest idealny zar\u00f3wno dla lekkich, jak i ci\u0119\u017ckich u\u017cytkownik\u00f3w. Jego akumulatorowy design zapewnia maksymalne wykorzystanie, a kompaktowa i lekka konstrukcja sprawia, \u017ce jest doskona\u0142ym towarzyszem podr\u00f3\u017cy. Z zakresem mocy wyj\u015bciowej od 10 do 30W, urz\u0105dzenie to spe\u0142nia r\u00f3\u017cne preferencje, od delikatnych zaci\u0105gni\u0119\u0107 po intensywne chmury. Dodatkowo, funkcja \u015bwiat\u0142a otoczenia dodaje odrobin\u0119 stylu, czyni\u0105c do\u015bwiadczenie wapowania bardziej dynamicznym i wizualnie atrakcyjnym.<\/p>\n<p>&nbsp;<\/p>\n<h3>G\u0142\u00f3wne cechy <a href=\"https:\/\/fumotxpress.de\/pl\/\">Solobar Solo 30 000 Puffs<\/a> Jednorazowa E-papieros<\/h3>\n<ul data-spread=\"false\">\n<li><strong>Niezr\u00f3wnana Pojemno\u015b\u0107 Puff:<\/strong> 30 000 pff\u00f3w do d\u0142ugotrwa\u0142ego u\u017cytkowania bez cz\u0119stej wymiany.<\/li>\n<li><strong>Bateria Akumulatorowa<\/strong> Bateria 880 mAh dla przed\u0142u\u017conego \u017cycia i ekologicznego u\u017cytkowania.<\/li>\n<li><strong>Wy\u015bwietlacz LED:<\/strong> Wyra\u017any wy\u015bwietlacz stanu baterii i liczby zaci\u0105gni\u0119\u0107 dla bezproblemowego monitorowania.<\/li>\n<li><strong>Regulacja przep\u0142ywu powietrza:<\/strong> Spersonalizuj swoje do\u015bwiadczenie z wapowaniem dzi\u0119ki regulowanemu przep\u0142ywowi powietrza.<\/li>\n<li><strong>Technologia podw\u00f3jnej cewki siatkowej:<\/strong> Zwi\u0119kszona dostawa smaku i p\u0142ynniejsze zaci\u0105ganie.<\/li>\n<li><strong>Zakres mocy wyj\u015bciowej:<\/strong> 10-30W dla wszechstronnych styl\u00f3w wapowania.<\/li>\n<li><strong>Stylowe o\u015bwietlenie otoczenia:<\/strong> Opcjonalna funkcja o\u015bwietlenia dla immersyjnego do\u015bwiadczenia wapowania.<\/li>\n<li><strong>Przyjazny dla pocz\u0105tkuj\u0105cych projekt:<\/strong> Prosta obs\u0142uga odpowiednia dla wszystkich poziom\u00f3w waporyzacji.<\/li>\n<\/ul>\n<div style=\"width: 1020px;\" class=\"wp-video\"><video class=\"wp-video-shortcode\" id=\"video-2403-2\" width=\"1020\" height=\"574\" preload=\"metadata\" controls=\"controls\"><source type=\"video\/mp4\" src=\"https:\/\/fumotxpress.de\/wp-content\/uploads\/2024\/12\/solobar-solo-30000.mp4?_=2\" \/><a href=\"https:\/\/fumotxpress.de\/wp-content\/uploads\/2024\/12\/solobar-solo-30000.mp4\">https:\/\/fumotxpress.de\/wp-content\/uploads\/2024\/12\/solobar-solo-30000.mp4<\/a><\/video><\/div>\n<p>&nbsp;<\/p>\n<h3>Poznaj Wy\u015bmienite Smaki Solobar Solo<\/h3>\n<p>Solobar Solo 30 000 Puffs to nie tylko urz\u0105dzenie o wysokiej wydajno\u015bci; to brama do \u015bwiata premium smak\u00f3w. Ka\u017cda opcja jest starannie dopracowana, aby zapewni\u0107 wyj\u0105tkowy i satysfakcjonuj\u0105cy smak, kt\u00f3ry uzupe\u0142nia Twoje do\u015bwiadczenie z wapowaniem. Poni\u017cej znajduje si\u0119 lista dost\u0119pnych smak\u00f3w, ka\u017cdy szczeg\u00f3\u0142owo opisany, aby pokaza\u0107 jego charakterystyczn\u0105 atrakcyjno\u015b\u0107:<\/p>\n<ol start=\"1\" data-spread=\"false\">\n<li><strong>Blue Razz Ice:<\/strong> Rozkoszna mieszanka kwa\u015bnej niebieskiej maliny z orze\u017awiaj\u0105cym mentolowym finiszem. Idealna dla tych, kt\u00f3rzy lubi\u0105 s\u0142odki i mro\u017any waporyzator.<\/li>\n<li><strong>Sokowaty Brzoskwiniowy:<\/strong> Poznaj soczyst\u0105 s\u0142odycz dojrza\u0142ych brzoskwi\u0144, zapewniaj\u0105c\u0105 g\u0142adkie i luksusowe doznania podczas wapowania.<\/li>\n<li><strong>Mango lody:<\/strong> Tropikalna fuzja bogatego, soczystego mango w po\u0142\u0105czeniu z ch\u0142odnym, mentolowym powiewem, oferuj\u0105ca smak raju.<\/li>\n<li><strong>Ananas Jab\u0142ko Gruszka:<\/strong> \u017bywa mieszanka tropikalnego ananasa, chrupi\u0105cego jab\u0142ka i soczystej gruszki dla dobrze zr\u00f3wnowa\u017conego owocowego rozkoszy.<\/li>\n<li><strong>Peach Berry L\u00f3d:<\/strong> S\u0142odycz dojrza\u0142ych brzoskwi\u0144 w po\u0142\u0105czeniu z kwa\u015bnymi jagodami i orze\u017awiaj\u0105cym mentolowym akcentem.<\/li>\n<li><strong>Raspberry Cherry Ice:<\/strong> Ostre i kwa\u015bne po\u0142\u0105czenie malin i wi\u015bni, wzmocnione przez ch\u0142odny mentolowy podton.<\/li>\n<li><strong>Kwasowe Jab\u0142ko:<\/strong> Odwa\u017cny i wartki smak, kt\u00f3ry oddaje esencj\u0119 chrupi\u0105cych, kwa\u015bnych jab\u0142ek z nut\u0105 s\u0142odyczy.<\/li>\n<li><strong>Truskawkowy Arbuz:<\/strong> Klasyczne po\u0142\u0105czenie soczystych truskawek i orze\u017awiaj\u0105cego arbuza dla satysfakcjonuj\u0105cego owocowego wapowania.<\/li>\n<li><strong>Mr\u00f3z Truskawkowo-Kiwiowy:<\/strong> Tropikalna harmonia truskawek i kiwi, uzupe\u0142niona ch\u0142odnym mentolowym kopni\u0119ciem.<\/li>\n<li><strong>L\u00f3d Arbuzowy:<\/strong> S\u0142odka i soczysta arbuz z chrupi\u0105cym, orze\u017awiaj\u0105cym finiszem mentolowym, idealna na letnie klimaty.<\/li>\n<\/ol>\n<p><img loading=\"lazy\" decoding=\"async\" class=\"alignnone size-full wp-image-2424\" src=\"https:\/\/fumotxpress.de\/wp-content\/uploads\/2024\/12\/solobar-solo-30000-2.webp\" alt=\"solobar-solo-30000-\" width=\"1024\" height=\"494\" srcset=\"https:\/\/fumotxpress.de\/wp-content\/uploads\/2024\/12\/solobar-solo-30000-2.webp 1024w, https:\/\/fumotxpress.de\/wp-content\/uploads\/2024\/12\/solobar-solo-30000-2-300x145.webp 300w, https:\/\/fumotxpress.de\/wp-content\/uploads\/2024\/12\/solobar-solo-30000-2-768x371.webp 768w, https:\/\/fumotxpress.de\/wp-content\/uploads\/2024\/12\/solobar-solo-30000-2-18x9.webp 18w, https:\/\/fumotxpress.de\/wp-content\/uploads\/2024\/12\/solobar-solo-30000-2-600x289.webp 600w\" sizes=\"auto, (max-width: 1024px) 100vw, 1024px\" \/><\/p>\n<h3>Dlaczego wybra\u0107 FumotXpress.de dla swojego Solobar Solo 30000 Puffs?<\/h3>\n<p>W FumotXpress.de jeste\u015bmy dumni z bycia najwi\u0119ksz\u0105 internetow\u0105 platform\u0105 handlow\u0105 dla jednorazowych waporyzator\u00f3w w Niemczech. Nasza obszerna oferta obejmuje najlepsze marki, takie jak Al Fakher, Fizzy, OBEELAB HHC oraz SMPO DL02. Oto dlaczego warto u nas robi\u0107 zakupy:<\/p>\n<ul data-spread=\"false\">\n<li><strong>Brak minimalnej ilo\u015bci zam\u00f3wienia:<\/strong> Kup nawet jedn\u0105 sztuk\u0119, aby dostosowa\u0107 si\u0119 do Twoich potrzeb.<\/li>\n<li><strong>Szybka i Niezawodna Wysy\u0142ka:<\/strong> Zam\u00f3wienia wysy\u0142ane s\u0105 z naszego europejskiego magazynu, co gwarantuje dostaw\u0119 w ci\u0105gu 3-7 dni w ca\u0142ej UE.<\/li>\n<li><strong>Autentyczno\u015b\u0107 gwarantowana:<\/strong> Wszystkie produkty s\u0105 oryginalne 100% i autentyczne w celu zapewnienia jako\u015bci.<\/li>\n<li><strong>Wyczerpuj\u0105cy wyb\u00f3r:<\/strong> Wybierz spo\u015br\u00f3d szerokiej gamy premium jednorazowych opcji vape.<\/li>\n<li><strong>Us\u0142ugi zorientowane na klienta<\/strong> Ciesz si\u0119 p\u0142ynnym do\u015bwiadczeniem zakupowym z elastycznymi opcjami p\u0142atno\u015bci i dedykowanym wsparciem.<\/li>\n<\/ul>\n<h3>Wniosek<\/h3>\n<p>Solobar Solo 30 000 Puff\u00f3w Jednorazowa Waporyzator jest \u015bwiadectwem zaawansowanej technologii wapowania, oferuj\u0105cej niezr\u00f3wnan\u0105 wydajno\u015b\u0107, wygod\u0119 i r\u00f3\u017cnorodno\u015b\u0107 smak\u00f3w. Niezale\u017cnie od tego, czy szukasz d\u0142ugotrwa\u0142ego u\u017cytkowania, konfigurowalnych funkcji czy ekscytuj\u0105cego zakresu smak\u00f3w, urz\u0105dzenie to zosta\u0142o zaprojektowane, aby przekroczy\u0107 oczekiwania. Odwied\u017a <a href=\"https:\/\/fumotxpress.de\/pl\/\">FumotXpress.de<\/a> dzi\u015b kupi\u0107 sw\u00f3j Solobar Solo 30,000 Puffs i do\u015bwiadczy\u0107 wy\u017cszej jako\u015bci wapowania dopasowanego do Twoich preferencji. Dzi\u0119ki naszej niezawodnej obs\u0142udze i premium produktom mo\u017cesz wapowa\u0107 z pewno\u015bci\u0105 i stylem.<\/p>","protected":false},"excerpt":{"rendered":"<p>Solobar Solo 30,000 Puffs Disposable Vape jest \u015bwiadectwem zaawansowanej technologii wapowania, oferuj\u0105cej niezr\u00f3wnan\u0105 wydajno\u015b\u0107, wygod\u0119 i r\u00f3\u017cnorodno\u015b\u0107 smak\u00f3w. Niezale\u017cnie od tego, czy szukasz d\u0142ugotrwa\u0142ego u\u017cytkowania, konfigurowalnych funkcji czy ekscytuj\u0105cego zakresu smak\u00f3w, urz\u0105dzenie to zosta\u0142o zaprojektowane tak, aby przewy\u017cszy\u0107 oczekiwania.<\/p>","protected":false},"featured_media":2406,"comment_status":"open","ping_status":"closed","template":"","meta":{"om_disable_all_campaigns":false},"product_brand":[],"product_cat":[43,91,92,93,95,99,100,103,107,108,109,111,112,78,79,80,81,82,83,84,85,86,87,88,89,90,70,77,56,61,63,64,65,67],"product_tag":[],"class_list":{"0":"post-2403","1":"product","2":"type-product","3":"status-publish","4":"has-post-thumbnail","6":"product_cat-solobar-disposable-vapes","7":"product_cat-buy-best-disposable-vape-flavors","8":"product_cat-apple-flavor-disposable-vapes","9":"product_cat-blue-razz-flavor-disposable-vapes","10":"product_cat-cherry-flavor-disposable-vapes","11":"product_cat-ice-flavor-disposable-vapes","12":"product_cat-kiwi-flavor-disposable-vapes","13":"product_cat-mango-flavor-disposable-vapes","14":"product_cat-peach-flavor-disposable-vapes","15":"product_cat-pineapple-flavor-disposable-vapes","16":"product_cat-raspberry-flavor-disposable-vapes","17":"product_cat-strawberry-flavor-disposable-vapes","18":"product_cat-watermelon-flavor-disposable-vapes","19":"product_cat-best-disposable-vape-in-europe","20":"product_cat-buy-disposable-vapes-in-austria","21":"product_cat-buy-disposable-vapes-in-belgium","22":"product_cat-buy-disposable-vapes-in-france","23":"product_cat-buy-disposable-vapes-in-germany","24":"product_cat-buy-disposable-vapes-in-italy","25":"product_cat-buy-disposable-vapes-in-netherlands","26":"product_cat-buy-disposable-vapes-in-norway","27":"product_cat-buy-disposable-vapes-in-poland","28":"product_cat-buy-disposable-vapes-in-portugal","29":"product_cat-buy-disposable-vapes-in-spain","30":"product_cat-buy-disposable-vapes-in-sweden","31":"product_cat-buy-disposable-vapes-in-switzerland","32":"product_cat-shop-disposable-vapes-by-puffs","33":"product_cat-30000-puff-disposable-vape","34":"product_cat-disposable-vape-types","35":"product_cat-big-puffs-disposable-vapes","36":"product_cat-digital-box-disposable-vapes","37":"product_cat-dual-mesh-disposable-vapes","38":"product_cat-lower-nicotine-disposable-vapes","39":"product_cat-rechargeable-disposable-vapes","41":"first","42":"outofstock","43":"shipping-taxable","44":"product-type-variable"},"_links":{"self":[{"href":"https:\/\/fumotxpress.de\/pl\/wp-json\/wp\/v2\/product\/2403","targetHints":{"allow":["GET"]}}],"collection":[{"href":"https:\/\/fumotxpress.de\/pl\/wp-json\/wp\/v2\/product"}],"about":[{"href":"https:\/\/fumotxpress.de\/pl\/wp-json\/wp\/v2\/types\/product"}],"replies":[{"embeddable":true,"href":"https:\/\/fumotxpress.de\/pl\/wp-json\/wp\/v2\/comments?post=2403"}],"wp:featuredmedia":[{"embeddable":true,"href":"https:\/\/fumotxpress.de\/pl\/wp-json\/wp\/v2\/media\/2406"}],"wp:attachment":[{"href":"https:\/\/fumotxpress.de\/pl\/wp-json\/wp\/v2\/media?parent=2403"}],"wp:term":[{"taxonomy":"product_brand","embeddable":true,"href":"https:\/\/fumotxpress.de\/pl\/wp-json\/wp\/v2\/product_brand?post=2403"},{"taxonomy":"product_cat","embeddable":true,"href":"https:\/\/fumotxpress.de\/pl\/wp-json\/wp\/v2\/product_cat?post=2403"},{"taxonomy":"product_tag","embeddable":true,"href":"https:\/\/fumotxpress.de\/pl\/wp-json\/wp\/v2\/product_tag?post=2403"}],"curies":[{"name":"wp","href":"https:\/\/api.w.org\/{rel}","templated":true}]}}