{"id":2229,"date":"2024-12-10T08:30:28","date_gmt":"2024-12-10T08:30:28","guid":{"rendered":"https:\/\/fumotxpress.de\/?post_type=product&#038;p=2229"},"modified":"2025-11-24T07:50:10","modified_gmt":"2025-11-24T07:50:10","slug":"europejski-magazyn-losowy-tornado-12000-zaciagniec-niska-nikotyna-kup-oryginalny-authentisch-akumulator-jednorazowe-vapes-dlugopis-10pc-box","status":"publish","type":"product","link":"https:\/\/fumotxpress.de\/pl\/produkt\/europejski-magazyn-losowy-tornado-12000-zaciagniec-niska-nikotyna-kup-oryginalny-authentisch-akumulator-jednorazowe-vapes-dlugopis-10pc-box\/","title":{"rendered":"Europejski Magazyn Losowy Tornado 12000 Puff\u00f3w Nisk\u0105 Zawarto\u015b\u0107 Nikotyny Oryginalna Autentyczna Rechargeable Jednorazowa Vape'a Pi\u00f3ro - 10 sztuk pude\u0142ko"},"content":{"rendered":"<h2><strong>Europejski Magazyn Losowy Tornado 12000 Puff\u00f3w Nisk\u0105 Zawarto\u015b\u0107 Nikotyny \u0141adowalna Jednorazowa Waporyzator - 10 sztuk w pude\u0142ku<\/strong><\/h2>\n<p>Dla wymagaj\u0105cych vaper\u00f3w poszukuj\u0105cych najwy\u017cszej jako\u015bci, d\u0142ugotrwa\u0142ego do\u015bwiadczenia, <a href=\"https:\/\/fumotxpress.de\/pl\/?post_type=product&amp;p=2229&amp;preview=true\"><strong>Losowa Tornado 12000 Puff\u00f3w Akumulatorowa Jednorazowa Waporyzator<\/strong><\/a> jest ostatecznym rozwi\u0105zaniem. To innowacyjne urz\u0105dzenie zosta\u0142o zaprojektowane, aby zapewni\u0107 wyj\u0105tkowy smak, znaczn\u0105 liczb\u0119 zaci\u0105gni\u0119\u0107 oraz wygod\u0119 ponownego \u0142adowania, wszystko to zawarte w eleganckiej i przeno\u015bnej formie. Dost\u0119pne w 10-sztukowej skrzynce, Random Tornado Vape Pen jest idealny dla grup detalicznych oraz indywidualnych waper\u00f3w poszukuj\u0105cych wysokiej jako\u015bci produkt\u00f3w z zaufanego europejskiego magazynu.<\/p>\n<h3>Przegl\u0105d Produktu: Nieprzeci\u0119tna Wydajno\u015b\u0107 i Wygoda<\/h3>\n<p>The \nnie wymaga t\u0142umaczenia <strong>Losowy Tornado<\/strong> Wyr\u00f3\u017cnia si\u0119 na zat\u0142oczonym rynku jednorazowych waporyzator\u00f3w swoj\u0105 imponuj\u0105c\u0105 kombinacj\u0105 funkcji. Zapewniaj\u0105c <strong>do 12 000 pff\u00f3w na urz\u0105dzenie<\/strong>Ten waporyzator jest idealny zar\u00f3wno dla intensywnych waper\u00f3w, jak i tych, kt\u00f3rzy chc\u0105 mie\u0107 d\u0142ugotrwa\u0142e i bezproblemowe do\u015bwiadczenie. <strong>20 ml pojemno\u015b\u0107 e-p\u0142ynu<\/strong> oznacza, \u017ce mo\u017cesz wapowa\u0107 bez ci\u0105g\u0142ego zmartwienia o uzupe\u0142nianie lub wymian\u0119 urz\u0105dzenia, zapewniaj\u0105c nieprzerwan\u0105 satysfakcj\u0119.<\/p>\n<p>To, co naprawd\u0119 wyr\u00f3\u017cnia t\u0119 vape pen, to <strong>design z mo\u017cliwo\u015bci\u0105 ponownego \u0142adowania<\/strong>. Nap\u0119dzany przez <strong>Bateria 850 mAh<\/strong>, losowy Tornado oferuje co\u015b wi\u0119cej ni\u017c tylko jednorazow\u0105 opcj\u0119. Dzi\u0119ki <strong>Port \u0142adowania typu C<\/strong>U\u017cytkownicy mog\u0105 szybko do\u0142adowa\u0107 pi\u00f3ro, dzi\u0119ki czemu jest ono gotowe do nast\u0119pnej sesji wapowania, bez konieczno\u015bci cz\u0119stej wymiany. Ta funkcja sprawia, \u017ce jest ono r\u00f3wnie\u017c bardziej przyjazne dla \u015brodowiska, zmniejsza ilo\u015b\u0107 odpad\u00f3w i zapewnia doskona\u0142\u0105 warto\u015b\u0107 za pieni\u0105dze.<\/p>\n<p>Ponadto, <strong>6 \u015bwiate\u0142 RGB<\/strong> kt\u00f3re o\u015bwietlaj\u0105 si\u0119 z ka\u017cdym wdechem, dodaj\u0105 ekscytuj\u0105cy wizualny element do do\u015bwiadczenia wapowania, podnosz\u0105c Twoje sesje kolorowymi, przyci\u0105gaj\u0105cymi wzrok efektami. Ta unikalna cecha wyr\u00f3\u017cnia si\u0119 w\u015br\u00f3d waporyzator\u00f3w, kt\u00f3rzy ceni\u0105 zar\u00f3wno wydajno\u015b\u0107, jak i estetyk\u0119.<\/p>\n<p>Czy jeste\u015b do\u015bwiadczonym waperem czy nowicjuszem na rynku jednorazowych produkt\u00f3w, <a href=\"https:\/\/fumotxpress.de\/pl\/\"><strong>Losowy Tornado 12000 Puffs<\/strong> <\/a>Wielokrotnego u\u017cytku, jednorazowa e-pi\u00f3ro oferuje wszystko, czego potrzebujesz do satysfakcjonuj\u0105cego i spersonalizowanego do\u015bwiadczenia wapowania. Funkcja regulacji przep\u0142ywu powietrza pozwala dostosowa\u0107 styl wapowania, zapewniaj\u0105c idealne zaci\u0105gni\u0119cie, niezale\u017cnie od tego, czy preferujesz cia\u015bniejsze ssanie, czy bardziej przewiewne, ob\u0142okowe chmurki.<\/p>\n<h3>Kluczowe cechy Random Tornado 12000 Puffs Rechargeable Disposable Vape Pen<\/h3>\n<ul>\n<li><strong>12 000 pff\u00f3w na urz\u0105dzenie<\/strong>: Jeden z najd\u0142u\u017cej dzia\u0142aj\u0105cych jednorazowych waporyzator\u00f3w na rynku, zapewniaj\u0105cy doskona\u0142\u0105 warto\u015b\u0107 dla regularnych waper\u00f3w.<\/li>\n<li><strong>20 ml pojemno\u015b\u0107 e-p\u0142ynu<\/strong>: Wst\u0119pnie nape\u0142niony premium p\u0142ynem elektronicznym, aby zmniejszy\u0107 potrzeb\u0119 cz\u0119stych uzupe\u0142nie\u0144.<\/li>\n<li><strong>2% Zawarto\u015b\u0107 nikotyny (20 mg)<\/strong>: Zapewnia g\u0142adkie i satysfakcjonuj\u0105ce uderzenie w gard\u0142o, idealne dla tych, kt\u00f3rzy lubi\u0105 niskie poziomy nikotyny.<\/li>\n<li><strong>Bateria akumulatorowa 850 mAh<\/strong>: D\u0142u\u017cej utrzymuj\u0105cy si\u0119 zasilacz z mo\u017cliwo\u015bci\u0105 wielokrotnego \u0142adowania, aby zapewni\u0107 nieprzerwane sesje.<\/li>\n<li><strong>Port \u0142adowania typu C<\/strong>: Szybkie i efektywne \u0142adowanie dla szybkiego powrotu do sesji vape.<\/li>\n<li><strong>6 \u015bwiate\u0142 RGB<\/strong>: O\u015bwietla si\u0119 z ka\u017cdym wdechem, dodaj\u0105c kolorowe wizualne do\u015bwiadczenie do Twojej rutyny wapowania.<\/li>\n<li><strong>Regulacja Przep\u0142ywu Powietrza<\/strong>: Dostosuj sw\u00f3j spos\u00f3b zaci\u0105gania si\u0119 do osobistych preferencji, aby uzyska\u0107 dopasowane do\u015bwiadczenie wapowania.<\/li>\n<li><strong>Kompaktowy i przeno\u015bny<\/strong>: Lekki, \u0142atwy do przenoszenia design idealny do wapowania w podr\u00f3\u017cy.<\/li>\n<\/ul>\n<h3>Dlaczego wybra\u0107 Random Tornado 12000 Puffs?<\/h3>\n<p>The \nnie wymaga t\u0142umaczenia <strong>Losowa Tornado 12000 Puff\u00f3w Akumulatorowa Jednorazowa Waporyzator<\/strong> nie jest zwyk\u0142ym jednorazowym waporyzatorem; jest wszechstronnym, d\u0142ugotrwa\u0142ym rozwi\u0105zaniem dla wszystkich Twoich potrzeb zwi\u0105zanych z wapowaniem. Oto tylko kilka powod\u00f3w, dla kt\u00f3rych ta waporyzator jest idealnym wyborem dla wielu:<\/p>\n<ul>\n<li><strong>Przed\u0142u\u017cone u\u017cytkowanie<\/strong>: Dzi\u0119ki 12 000 zaci\u0105gni\u0119\u0107 oraz 20 ml e-p\u0142ynu, urz\u0105dzenie to gwarantuje, \u017ce b\u0119dziesz m\u00f3g\u0142 cieszy\u0107 si\u0119 do\u015bwiadczeniem wapowania przez d\u0142u\u017cszy czas bez konieczno\u015bci cz\u0119stej wymiany.<\/li>\n<li><strong>Zasilanie akumulatorowe Convenience<\/strong>: W przeciwie\u0144stwie do wi\u0119kszo\u015bci jednorazowych opcji, t\u0119 vape pen mo\u017cna \u0142adowa\u0107, przed\u0142u\u017caj\u0105c jej \u017cywotno\u015b\u0107 i zmniejszaj\u0105c zb\u0119dne odpady.<\/li>\n<li><strong>Konfigurowalny Airflow<\/strong>: Niezale\u017cnie od tego, czy preferujesz g\u0142adki, precyzyjny ci\u0105g, czy te\u017c bardziej mglisty, przewiewny efekt, regulowany przep\u0142yw powietrza pozwala Ci wybra\u0107 Tw\u00f3j ulubiony styl.<\/li>\n<li><strong>Premiumowe Smaki<\/strong>: Dost\u0119pne w r\u00f3\u017cnych pysznych smakach, ka\u017cdy zaprojektowany tak, aby zapewni\u0107 bogate, satysfakcjonuj\u0105ce wapowanie za ka\u017cdym razem.<\/li>\n<li><strong>Stylowe o\u015bwietlenie RGB<\/strong>: Jasne \u015bwiat\u0142a RGB, kt\u00f3re \u015bwiec\u0105 si\u0119 przy ka\u017cdym zaci\u0105gni\u0119ciu, wyr\u00f3\u017cniaj\u0105 Random Tornado i dodaj\u0105 zabawy, spersonalizowany charakter twoim sesjom wapowania.<\/li>\n<li><strong>Szybka, Niezawodna Wysy\u0142ka<\/strong>: Wszystkie zam\u00f3wienia s\u0105 szybko wysy\u0142ane z naszego <strong>Magazyn europejski<\/strong>Zapewniaj\u0105c dostaw\u0119 w ci\u0105gu 3-7 dni.<\/li>\n<li><strong>Autentyczno\u015b\u0107 zagwarantowana<\/strong>: Kupuj\u0105c od nas, masz pewno\u015b\u0107 otrzymania <strong>autentyczny<\/strong> produkt, bezpo\u015brednio od producenta.<\/li>\n<\/ul>\n<h3>Poznaj Szerok\u0105 Gam\u0119 Smak\u00f3w<\/h3>\n<p>The \nnie wymaga t\u0142umaczenia <strong>Losowy Tornado 12000 Puffs<\/strong> Wielorazowa, jednorazowa vape pen jest dost\u0119pna w szerokim wyborze <strong>premiumowe smaki p\u0142yn\u00f3w do e-papieros\u00f3w<\/strong>, zaprojektowany, aby podnie\u015b\u0107 Twoje do\u015bwiadczenie z wapowaniem z ka\u017cdym zaci\u0105gni\u0119ciem. Oto szczeg\u00f3\u0142owy podzia\u0142 najbardziej popularnych dost\u0119pnych smak\u00f3w:<\/p>\n<ol>\n<li><strong>Bubblegum<\/strong>S\u0142odki, nostalgiczny smak, kt\u00f3ry przenosi Ci\u0119 z powrotem do dzieci\u0119cych dni. Jego cukrowy, ci\u0105gn\u0105cy si\u0119 profil oferuje satysfakcjonuj\u0105ce do\u015bwiadczenie wapowania, idealne dla tych, kt\u00f3rzy lubi\u0105 zabawne i radosne smaki.<\/li>\n<li><strong>Cerry Cola \nnie,  Cherry Cola<\/strong>: Fizyczna, orze\u017awiaj\u0105ca mieszanka, kt\u00f3ra \u0142\u0105czy kwa\u015bno\u015b\u0107 wi\u015bni z klasycznym smakiem coli. Ten smak jest idealny dla waporyzator\u00f3w, kt\u00f3rzy t\u0119skni\u0105 za b\u0105belkowym i owocowym do\u015bwiadczeniem.<\/li>\n<li><strong>L\u00f3d Winogronowy<\/strong>: G\u0142adki i s\u0142odki smak winogrona, perfekcyjnie zbalansowany z ch\u0142odnym, orze\u017awiaj\u0105cym skr\u0119tem mentolu. Ten smak jest \u015bwietny dla tych, kt\u00f3rzy lubi\u0105 owocowe waporyzatory z ch\u0142odnym finiszem.<\/li>\n<li><strong>Lodzik<\/strong>: Ten kwa\u015bny i s\u0142odki smak na\u015bladuje smak owocowego loda. Ch\u0142odz\u0105ce doznanie podczas wdechu sprawia, \u017ce jest to doskona\u0142y wyb\u00f3r dla os\u00f3b, kt\u00f3re kochaj\u0105 s\u0142odki, orze\u017awiaj\u0105cy waporyzator.<\/li>\n<li><strong>Mango On Ice<\/strong>: Tropikalna s\u0142odycz dojrza\u0142ych mango w po\u0142\u0105czeniu z chrupi\u0105cym mentolowym kopni\u0119ciem. Ten smak zapewnia idealn\u0105 r\u00f3wnowag\u0119 owocowej s\u0142odyczy i orze\u017awiaj\u0105cego ch\u0142odu.<\/li>\n<li><strong>Mi\u0119ta<\/strong>: Czysty, orze\u017awiaj\u0105cy smak mi\u0119ty, kt\u00f3ry od\u015bwie\u017ca podniebienie z ka\u017cdym zaci\u0105gni\u0119ciem. To idealny wyb\u00f3r dla waper\u00f3w, kt\u00f3rzy ceni\u0105 sobie czyst\u0105, ch\u0142odn\u0105 sensacj\u0119.<\/li>\n<li><strong>Mieszane jagody<\/strong>: \u017bywy mix r\u00f3\u017cnych jag\u00f3d, oferuj\u0105cy s\u0142odki i kwa\u015bny profil smakowy, kt\u00f3ry a\u017c kipi\u0105 od owocowej dobroci. Ten smak to \u015bwietny wyb\u00f3r dla tych, kt\u00f3rzy kochaj\u0105 z\u0142o\u017cone, warstwowe nuty jagodowe.<\/li>\n<li><strong>Peach Ice<\/strong>Sokowaty smak brzoskwi z g\u0142adkim, ch\u0142odz\u0105cym wyko\u0144czeniem mentolowym. Idealna r\u00f3wnowaga s\u0142odyczy i ch\u0142odu sprawia, \u017ce smak ten jest idealny na gor\u0105ce dni lub dla ka\u017cdego, kto t\u0119skni za od\u015bwie\u017caj\u0105cym, owocowym waporyzatorem.<\/li>\n<li><strong>Truskawkowy Banan<\/strong>Kremowa, g\u0142adka kombinacja dojrza\u0142ych truskawek i banan\u00f3w. Ten smak oferuje s\u0142odki, \u0142agodny waporyzator, kt\u00f3ry jest zar\u00f3wno rozkoszny, jak i satysfakcjonuj\u0105cy.<\/li>\n<\/ol>\n<h3>Idealny Wyb\u00f3r dla Ka\u017cdego Vapera<\/h3>\n<p>Niezale\u017cnie od tego, czy jeste\u015b do\u015bwiadczonym waporyzatorem, czy dopiero zaczynasz, <strong><a href=\"https:\/\/fumotxpress.de\/pl\/\">Losowy Tornado 12000 Puffs<\/a> Wielokrotnego u\u017cytku jednorazowa vape pen<\/strong> oferuje niezr\u00f3wnan\u0105 wydajno\u015b\u0107, trwa\u0142o\u015b\u0107 i r\u00f3\u017cnorodno\u015b\u0107 smak\u00f3w. Jego d\u0142ugotrwa\u0142a konstrukcja gwarantuje, \u017ce nie b\u0119dziesz musia\u0142 cz\u0119sto wymienia\u0107 urz\u0105dzenia, podczas gdy regulowany przep\u0142yw powietrza i mo\u017cliwo\u015b\u0107 ponownego \u0142adowania zapewniaj\u0105 spersonalizowane do\u015bwiadczenie.<\/p>\n<p>Z ol\u015bniewaj\u0105cym wyborem <strong>smaki premium<\/strong> znajdziesz co\u015b, co odpowiada ka\u017cdemu gustowi. Dodatkowo, <strong>\u015awiat\u0142a RGB<\/strong> dodaj ekscytuj\u0105cy element wizualny, czyni\u0105c twoje do\u015bwiadczenie z waporyzacj\u0105 naprawd\u0119 wyj\u0105tkowym.<\/p>\n<h3>Dlaczego warto robi\u0107 zakupy w FumotXpress.de?<\/h3>\n<p>W <strong>FumotXpress.de<\/strong>, jeste\u015bmy dumne z bycia najwi\u0119ksz\u0105 internetow\u0105 platform\u0105 handlow\u0105 dla <strong>jednorazowe e-papierosy w Niemczech<\/strong>Nasze <strong>Magazyn europejski<\/strong> zapewnia, \u017ce Twoje zam\u00f3wienia s\u0105 szybko wysy\u0142ane i zazwyczaj docieraj\u0105 w ci\u0105gu 3-7 dni. Oferujemy szeroki wyb\u00f3r produkt\u00f3w premium marek takich jak <strong>Al Fakher<\/strong>, <strong>Fizzy<\/strong>, <strong>OBEELAB HHC<\/strong>i <strong>SMPO DL02<\/strong> aby zapewni\u0107 otrzymywanie tylko najlepszych produkt\u00f3w.<\/p>\n<p>Kiedy dokonujesz zakupu u nas, mo\u017cesz by\u0107 pewien, \u017ce otrzymujesz <strong>oryginalne, autentyczne produkty<\/strong> za konkurencyjne ceny, wraz z <strong>brak minimalnej ilo\u015bci zam\u00f3wienia<\/strong>G\u0142\u00f3wnie obs\u0142ugujemy grupy detaliczne, dzi\u0119ki czemu mo\u017cesz \u0142atwo kupi\u0107 hurtowo i skorzysta\u0107 z naszej wyj\u0105tkowej obs\u0142ugi.<\/p>\n<h3>Gotowy do ulepszenia swojego do\u015bwiadczenia z wapowaniem?<\/h3>\n<p>Nie przegap okazji, aby cieszy\u0107 si\u0119 <strong>Losowa Tornado 12000 Puff\u00f3w Akumulatorowa Jednorazowa Waporyzator<\/strong>Dost\u0119pne w opakowaniach po <strong>10 d\u0142ugopis\u00f3w<\/strong>jest idealnym wyborem dla os\u00f3b poszukuj\u0105cych niezawodnego, d\u0142ugotrwa\u0142ego waporyzatora o wyj\u0105tkowym smaku i wydajno\u015bci. Odwied\u017a<a href=\"https:\/\/fumotxpress.de\/pl\/\"> <strong>FumotXpress.de<\/strong><\/a> dzi\u015b, aby z\u0142o\u017cy\u0107 zam\u00f3wienie i do\u015bwiadczy\u0107 najwy\u017cszego poziomu wygody vapowania!<\/p>","protected":false},"excerpt":{"rendered":"<p>\u201cKup <strong>Losowa Tornado 12000 Puff\u00f3w Akumulatorowa Jednorazowa Waporyzator<\/strong> z 20ml e-liquidiem, zapewniaj\u0105cym d\u0142ugotrwa\u0142y smak, regulowany przep\u0142yw powietrza oraz szybk\u0105 dostaw\u0119 z naszego europejskiego magazynu.<\/p>","protected":false},"featured_media":2230,"comment_status":"open","ping_status":"closed","template":"","meta":{"om_disable_all_campaigns":false},"product_brand":[],"product_cat":[46,91,95,96,97,99,102,103,104,105,107,111,112,78,79,80,81,82,83,84,85,86,87,88,89,90,70,73,56,61,63,65,67],"product_tag":[],"class_list":{"0":"post-2229","1":"product","2":"type-product","3":"status-publish","4":"has-post-thumbnail","6":"product_cat-random-disposable-vapes","7":"product_cat-buy-best-disposable-vape-flavors","8":"product_cat-cherry-flavor-disposable-vapes","9":"product_cat-cola-flavor-disposable-vapes","10":"product_cat-grape-flavor-disposable-vapes","11":"product_cat-ice-flavor-disposable-vapes","12":"product_cat-lush-flavor-disposable-vapes","13":"product_cat-mango-flavor-disposable-vapes","14":"product_cat-mint-flavor-disposable-vapes","15":"product_cat-mixed-berries-flavor-disposable-vapes","16":"product_cat-peach-flavor-disposable-vapes","17":"product_cat-strawberry-flavor-disposable-vapes","18":"product_cat-watermelon-flavor-disposable-vapes","19":"product_cat-best-disposable-vape-in-europe","20":"product_cat-buy-disposable-vapes-in-austria","21":"product_cat-buy-disposable-vapes-in-belgium","22":"product_cat-buy-disposable-vapes-in-france","23":"product_cat-buy-disposable-vapes-in-germany","24":"product_cat-buy-disposable-vapes-in-italy","25":"product_cat-buy-disposable-vapes-in-netherlands","26":"product_cat-buy-disposable-vapes-in-norway","27":"product_cat-buy-disposable-vapes-in-poland","28":"product_cat-buy-disposable-vapes-in-portugal","29":"product_cat-buy-disposable-vapes-in-spain","30":"product_cat-buy-disposable-vapes-in-sweden","31":"product_cat-buy-disposable-vapes-in-switzerland","32":"product_cat-shop-disposable-vapes-by-puffs","33":"product_cat-12000-puff-disposable-vape","34":"product_cat-disposable-vape-types","35":"product_cat-big-puffs-disposable-vapes","36":"product_cat-digital-box-disposable-vapes","37":"product_cat-lower-nicotine-disposable-vapes","38":"product_cat-rechargeable-disposable-vapes","40":"first","41":"instock","42":"shipping-taxable","43":"purchasable","44":"product-type-variable"},"_links":{"self":[{"href":"https:\/\/fumotxpress.de\/pl\/wp-json\/wp\/v2\/product\/2229","targetHints":{"allow":["GET"]}}],"collection":[{"href":"https:\/\/fumotxpress.de\/pl\/wp-json\/wp\/v2\/product"}],"about":[{"href":"https:\/\/fumotxpress.de\/pl\/wp-json\/wp\/v2\/types\/product"}],"replies":[{"embeddable":true,"href":"https:\/\/fumotxpress.de\/pl\/wp-json\/wp\/v2\/comments?post=2229"}],"wp:featuredmedia":[{"embeddable":true,"href":"https:\/\/fumotxpress.de\/pl\/wp-json\/wp\/v2\/media\/2230"}],"wp:attachment":[{"href":"https:\/\/fumotxpress.de\/pl\/wp-json\/wp\/v2\/media?parent=2229"}],"wp:term":[{"taxonomy":"product_brand","embeddable":true,"href":"https:\/\/fumotxpress.de\/pl\/wp-json\/wp\/v2\/product_brand?post=2229"},{"taxonomy":"product_cat","embeddable":true,"href":"https:\/\/fumotxpress.de\/pl\/wp-json\/wp\/v2\/product_cat?post=2229"},{"taxonomy":"product_tag","embeddable":true,"href":"https:\/\/fumotxpress.de\/pl\/wp-json\/wp\/v2\/product_tag?post=2229"}],"curies":[{"name":"wp","href":"https:\/\/api.w.org\/{rel}","templated":true}]}}