{"id":1832,"date":"2024-11-29T05:42:01","date_gmt":"2024-11-29T05:42:01","guid":{"rendered":"https:\/\/fumotxpress.de\/?post_type=product&#038;p=1832"},"modified":"2025-05-20T09:51:56","modified_gmt":"2025-05-20T09:51:56","slug":"magic-bar-alpha-20000-puff-kup-oryginalny-jednorazowy-akumulatorowy-dlugopis-vape-firmy-autentisch","status":"publish","type":"product","link":"https:\/\/fumotxpress.de\/pl\/produkt\/magic-bar-alpha-20000-puff-kup-oryginalny-jednorazowy-akumulatorowy-dlugopis-vape-firmy-autentisch\/","title":{"rendered":"Magic Bar Alpha 20000 Puff\u00f3w Oryginalna Autentyczna Waporyzator Jednorazowy  Ponownie \u0141adowalna"},"content":{"rendered":"<h2><strong>Magic Bar Alpha 20000 Puffs \u2013 Najlepszy Jednorazowy Waporyzator na Akumulatorze<\/strong><\/h2>\n<p>Chodzi o jednorazowe waporyzatory, <a href=\"https:\/\/fumotxpress.de\/pl\/?post_type=product&amp;p=1832&amp;preview=true\">Magic Bar Alpha 20000 Puff<\/a> Wyr\u00f3\u017cnia si\u0119 jako prawdziwa pot\u0119ga w bran\u017cy wapowania. Zaprojektowany dla entuzjast\u00f3w Direct-to-Lung (DTL) i u\u017cytkownik\u00f3w, kt\u00f3rzy wymagaj\u0105 wysokiej jako\u015bci, d\u0142ugotrwa\u0142ego do\u015bwiadczenia, to innowacyjne urz\u0105dzenie zmienia zasady gry. Dost\u0119pny wy\u0142\u0105cznie na FumotXpress.de, najwi\u0119kszej platformie sprzeda\u017cy internetowej dla jednorazowych waporyzator\u00f3w w Niemczech, Magic Bar Alpha oferuje wyj\u0105tkowe do\u015bwiadczenie wapowania, kt\u00f3re \u0142\u0105czy wygod\u0119, trwa\u0142o\u015b\u0107 i niezr\u00f3wnany smak.<\/p>\n<p>Niezale\u017cnie od tego, czy jeste\u015b do\u015bwiadczonym waperem, czy dopiero zaczynasz swoj\u0105 przygod\u0119 z wapowaniem, Magic Bar Alpha 20000 Puff dostarcza wszystko, czego potrzebujesz w jednym eleganckim i przyjaznym dla u\u017cytkownika opakowaniu. Z ogromn\u0105 ilo\u015bci\u0105 20 000 zaci\u0105gni\u0119\u0107, akumulatorem, kt\u00f3ry mo\u017cna \u0142adowa\u0107 ponownie, oraz du\u017c\u0105 pojemno\u015bci\u0105 e-p\u0142ynu, urz\u0105dzenie to obiecuje d\u0142ugotrwa\u0142\u0105 przyjemno\u015b\u0107 bez k\u0142opot\u00f3w zwi\u0105zanych z ci\u0105g\u0142ym uzupe\u0142nianiem lub wymian\u0105.<\/p>\n<p><img loading=\"lazy\" decoding=\"async\" class=\"alignnone size-full wp-image-1881\" src=\"https:\/\/fumotxpress.de\/wp-content\/uploads\/2024\/11\/11Magic-Bar-Alpha-20000-scaled.webp\" alt=\"1Magic-Bar-Alpha-20000.\" width=\"2560\" height=\"2560\" srcset=\"https:\/\/fumotxpress.de\/wp-content\/uploads\/2024\/11\/11Magic-Bar-Alpha-20000-scaled.webp 2560w, https:\/\/fumotxpress.de\/wp-content\/uploads\/2024\/11\/11Magic-Bar-Alpha-20000-300x300.webp 300w, https:\/\/fumotxpress.de\/wp-content\/uploads\/2024\/11\/11Magic-Bar-Alpha-20000-1024x1024.webp 1024w, https:\/\/fumotxpress.de\/wp-content\/uploads\/2024\/11\/11Magic-Bar-Alpha-20000-150x150.webp 150w, https:\/\/fumotxpress.de\/wp-content\/uploads\/2024\/11\/11Magic-Bar-Alpha-20000-768x768.webp 768w, https:\/\/fumotxpress.de\/wp-content\/uploads\/2024\/11\/11Magic-Bar-Alpha-20000-1536x1536.webp 1536w, https:\/\/fumotxpress.de\/wp-content\/uploads\/2024\/11\/11Magic-Bar-Alpha-20000-2048x2048.webp 2048w, https:\/\/fumotxpress.de\/wp-content\/uploads\/2024\/11\/11Magic-Bar-Alpha-20000-12x12.webp 12w, https:\/\/fumotxpress.de\/wp-content\/uploads\/2024\/11\/11Magic-Bar-Alpha-20000-247x247.webp 247w, https:\/\/fumotxpress.de\/wp-content\/uploads\/2024\/11\/11Magic-Bar-Alpha-20000-600x600.webp 600w, https:\/\/fumotxpress.de\/wp-content\/uploads\/2024\/11\/11Magic-Bar-Alpha-20000-100x100.webp 100w\" sizes=\"auto, (max-width: 2560px) 100vw, 2560px\" \/><\/p>\n<h3>Kluczowe cechy Magic Bar Alpha 20000 Puff<\/h3>\n<p>The Magic Bar \n nie wymaga t\u0142umaczenia \nThe Magic Bar <a href=\"https:\/\/fumotxpress.de\/pl\/\">Alpha 20000 Puffs<\/a> jest po\u0142\u0105czeniem najnowocze\u015bniejszej technologii i przemy\u015blanego designu, co sprawia, \u017ce jest jednym z najbardziej niezawodnych jednorazowych waporyzator\u00f3w na rynku. Poni\u017cej przedstawiamy wyr\u00f3\u017cniaj\u0105ce si\u0119 cechy, kt\u00f3re wyr\u00f3\u017cniaj\u0105 to urz\u0105dzenie:<\/p>\n<ul>\n<li><strong>20 000 Puff\u00f3w dla Przed\u0142u\u017conego U\u017cycia<\/strong><br \/>\nThe Magic Bar Alpha 20000 Puff zosta\u0142a zaprojektowana tak, aby wytrzyma\u0107, oferuj\u0105c imponuj\u0105ce 20 000 zaci\u0105gni\u0119\u0107 na urz\u0105dzenie. Niezale\u017cnie od tego, czy jeste\u015b cz\u0119stym waporyzatorem, czy kim\u015b, kto lubi zrelaksowane do\u015bwiadczenie wapowania, urz\u0105dzenie to zosta\u0142o stworzone tak, aby nad\u0105\u017cy\u0107 za Twoimi potrzebami bez ci\u0105g\u0142ego zmartwienia o wyczerpanie si\u0119 e-p\u0142ynu lub konieczno\u015bci wymiany urz\u0105dzenia.<\/li>\n<li><strong>Akumulatorek 650mAh z mo\u017cliwo\u015bci\u0105 ponownego \u0142adowania<\/strong><br \/>\nW przeciwie\u0144stwie do wielu jednorazowych waporyzator\u00f3w, Magic Bar Alpha jest wyposa\u017cony w akumulator o pojemno\u015bci 650 mAh, kt\u00f3ry mo\u017cna \u0142adowa\u0107. Ta funkcja zapewnia, \u017ce urz\u0105dzenie pozostaje zasilane przez d\u0142u\u017cszy czas, pozwalaj\u0105c cieszy\u0107 si\u0119 sta\u0142\u0105 wydajno\u015bci\u0105 przez ca\u0142y okres jego u\u017cytkowania. Akumulator mo\u017cna \u0142atwo \u0142adowa\u0107 za pomoc\u0105 portu USB, co sprawia, \u017ce jest to wygodny wyb\u00f3r dla waporyzator\u00f3w, kt\u00f3rzy s\u0105 zawsze w podr\u00f3\u017cy.<\/li>\n<li><strong>25ml pojemno\u015b\u0107 e-p\u0142ynu<\/strong><br \/>\n25 ml premiumowej e-cieczy zawartej w Magic Bar Alpha 20000 Puff zapewnia bogate, tre\u015bciwe do\u015bwiadczenie wapowania przy ka\u017cdym zaci\u0105gni\u0119ciu. Ta du\u017ca pojemno\u015b\u0107 e-cieczy zmniejsza potrzeb\u0119 cz\u0119stych uzupe\u0142nie\u0144, pozwalaj\u0105c cieszy\u0107 si\u0119 nieprzerwanymi sesjami wapowania.<\/li>\n<li><strong>0,5\u03a9 Cewka siatkowa dla wzmocnionego smaku<\/strong><br \/>\nUrz\u0105dzenie wyposa\u017cone jest w siatkow\u0105 cewk\u0119 o oporno\u015bci 0,5 \u03a9, zaprojektowan\u0105 do dostarczania g\u0142adkiego i r\u00f3wnomiernego wytwarzania pary. Dzi\u0119ki temu mo\u017cesz cieszy\u0107 si\u0119 sp\u00f3jnym, pe\u0142nym smaku do\u015bwiadczeniem z ka\u017cdym zaci\u0105gni\u0119ciem, idealnym dla tych, kt\u00f3rzy ceni\u0105 bogate i satysfakcjonuj\u0105ce chmury pary.<\/li>\n<li><strong>Technologia DTL (bezpo\u015brednio do p\u0142uc) vapowania<\/strong><br \/>\nTechnologia Direct-to-Lung (DTL) jest zoptymalizowana w Magic Bar Alpha, zapewniaj\u0105c wi\u0119ksze chmury pary i bardziej intensywny smak z ka\u017cdym wdechem. To sprawia, \u017ce urz\u0105dzenie jest idealne dla \u0142owc\u00f3w chmur i u\u017cytkownik\u00f3w, kt\u00f3rzy lubi\u0105 bardziej immersyjne do\u015bwiadczenie wapowania.<\/li>\n<li><strong>Kompaktowa i przeno\u015bna konstrukcja<\/strong><br \/>\nThe Magic Bar Alpha 20000 Puff jest lekki i kompaktowy, wa\u017c\u0105cy tylko 110g i mierz\u0105cy 40 x 29 x 110mm. Jego przeno\u015bna konstrukcja u\u0142atwia przenoszenie go w kieszeni lub torbie, zapewniaj\u0105c, \u017ce mo\u017cesz go zabra\u0107 ze sob\u0105 wsz\u0119dzie, bez konieczno\u015bci rezygnowania z wydajno\u015bci.<\/li>\n<li><strong>Dostosowywane poziomy nikotyny<\/strong><br \/>\nDostosuj swoje do\u015bwiadczenie z wapowaniem do swoich preferencji dzi\u0119ki wyborowi poziom\u00f3w nikotyny. Magic Bar Alpha 20000 Puff jest dost\u0119pny w poziomach nikotyny 0%, 2%, 3% i 5%, zapewniaj\u0105c, \u017ce u\u017cytkownicy o wszystkich preferencjach mog\u0105 znale\u017a\u0107 idealn\u0105 si\u0142\u0119 dla swoich potrzeb.<\/li>\n<li><img loading=\"lazy\" decoding=\"async\" class=\"alignnone size-full wp-image-1882\" src=\"https:\/\/fumotxpress.de\/wp-content\/uploads\/2024\/11\/14Magic-Bar-Alpha-20000-scaled.webp\" alt=\"Magic-Bar-Alpha-20000.\" width=\"2560\" height=\"2560\" srcset=\"https:\/\/fumotxpress.de\/wp-content\/uploads\/2024\/11\/14Magic-Bar-Alpha-20000-scaled.webp 2560w, https:\/\/fumotxpress.de\/wp-content\/uploads\/2024\/11\/14Magic-Bar-Alpha-20000-300x300.webp 300w, https:\/\/fumotxpress.de\/wp-content\/uploads\/2024\/11\/14Magic-Bar-Alpha-20000-1024x1024.webp 1024w, https:\/\/fumotxpress.de\/wp-content\/uploads\/2024\/11\/14Magic-Bar-Alpha-20000-150x150.webp 150w, https:\/\/fumotxpress.de\/wp-content\/uploads\/2024\/11\/14Magic-Bar-Alpha-20000-768x768.webp 768w, https:\/\/fumotxpress.de\/wp-content\/uploads\/2024\/11\/14Magic-Bar-Alpha-20000-1536x1536.webp 1536w, https:\/\/fumotxpress.de\/wp-content\/uploads\/2024\/11\/14Magic-Bar-Alpha-20000-2048x2048.webp 2048w, https:\/\/fumotxpress.de\/wp-content\/uploads\/2024\/11\/14Magic-Bar-Alpha-20000-12x12.webp 12w, https:\/\/fumotxpress.de\/wp-content\/uploads\/2024\/11\/14Magic-Bar-Alpha-20000-247x247.webp 247w, https:\/\/fumotxpress.de\/wp-content\/uploads\/2024\/11\/14Magic-Bar-Alpha-20000-600x600.webp 600w, https:\/\/fumotxpress.de\/wp-content\/uploads\/2024\/11\/14Magic-Bar-Alpha-20000-100x100.webp 100w\" sizes=\"auto, (max-width: 2560px) 100vw, 2560px\" \/><\/li>\n<\/ul>\n<h3>Dlaczego wybra\u0107 Magic Bar Alpha 20000 Puffs?<\/h3>\n<p>The Magic Bar Alpha 20000 Puff oferuje unikaln\u0105 kombinacj\u0119 trwa\u0142o\u015bci, wygody i smaku, kt\u00f3ra sprawia, \u017ce jest to najlepszy wyb\u00f3r w\u015br\u00f3d waporyzator\u00f3w. Oto dlaczego warto wybra\u0107 t\u0119 \u0142adowaln\u0105, jednorazow\u0105 waporyzator:<\/p>\n<ul>\n<li><strong>Niezr\u00f3wnana d\u0142ugowieczno\u015b\u0107<\/strong><br \/>\nDzi\u0119ki osza\u0142amiaj\u0105cej liczbie 20 000 zaci\u0105gni\u0119\u0107 Magic Bar Alpha zapewnia niezwykle d\u0142ug\u0105 \u017cywotno\u015b\u0107 w por\u00f3wnaniu z tradycyjnymi jednorazowymi waporyzatorami. Dzi\u0119ki temu nie b\u0119dziesz musia\u0142 martwi\u0107 si\u0119 o konieczno\u015b\u0107 wymiany urz\u0105dzenia w najbli\u017cszym czasie, co sprawia, \u017ce jest to op\u0142acalne rozwi\u0105zanie dla waporyzator\u00f3w, kt\u00f3rzy chc\u0105 mie\u0107 sta\u0142\u0105 jako\u015b\u0107 bez cz\u0119stych zakup\u00f3w.<\/li>\n<li><strong>\u0141adowalno\u015b\u0107 dla d\u0142ugoterminowej wygody<\/strong><br \/>\nBateria wielokrotnego \u0142adowania zapewnia, \u017ce Twoje urz\u0105dzenie jest zawsze gotowe do u\u017cytku bez konieczno\u015bci wyrzucania go po jednorazowym u\u017cyciu. Dzi\u0119ki temu jest to bardziej zr\u00f3wnowa\u017cona i przyjazna dla \u015brodowiska opcja w por\u00f3wnaniu z jednorazowymi, niewielokrotnego u\u017cytku waporyzatorami.<\/li>\n<li><strong>Sleek i przeno\u015bny<\/strong><br \/>\nSmuk\u0142a, kompaktowa konstrukcja Magic Bar Alpha 20000 Puff u\u0142atwia przenoszenie, zapewniaj\u0105c jednocze\u015bnie pot\u0119\u017cn\u0105 wydajno\u015b\u0107 wi\u0119kszych urz\u0105dze\u0144. Jest idealna dla os\u00f3b, kt\u00f3re s\u0105 zawsze w ruchu i chc\u0105 cieszy\u0107 si\u0119 satysfakcjonuj\u0105cym do\u015bwiadczeniem wapowania, gdziekolwiek id\u0105.<\/li>\n<li><strong>Szeroki wyb\u00f3r smak\u00f3w<\/strong><br \/>\nThe Magic Bar Alpha jest dost\u0119pna w r\u00f3\u017cnorodnym zakresie smakowych wariant\u00f3w. Niezale\u017cnie od tego, czy preferujesz owocowe, mi\u0119towe czy s\u0142odkie profile smakowe, urz\u0105dzenie to zaspokoi wszystkie gusta dzi\u0119ki r\u00f3\u017cnorodnym ekscytuj\u0105cym opcjom.<\/li>\n<\/ul>\n<h3>Poznaj pyszne smaki Magic Bar Alpha 20000 Puff<\/h3>\n<p>Jedn\u0105 z wyr\u00f3\u017cniaj\u0105cych si\u0119 cech Magic Bar Alpha 20000 Puff jest jego szeroka gama smak\u00f3w. Ka\u017cdy smak jest starannie opracowany, aby zapewni\u0107 wyj\u0105tkowe i satysfakcjonuj\u0105ce do\u015bwiadczenie wapowania. Oto niekt\u00f3re z najpopularniejszych smak\u00f3w, kt\u00f3re mo\u017cesz wybra\u0107:<\/p>\n<ol>\n<li><strong>Blueberry Ice<\/strong><br \/>\nIdealne po\u0142\u0105czenie s\u0142odkich, soczystych bor\u00f3wek i orze\u017awiaj\u0105cego mentolowego kopa. Ten smak oferuje owocowe, ch\u0142odz\u0105ce doznanie, kt\u00f3re jest idealne dla tych, kt\u00f3rzy lubi\u0105 owocowy, a zarazem orze\u017awiaj\u0105cy waporyzator.<\/li>\n<li><strong>Cola Ice<\/strong><br \/>\nKlasyczny smak coli w po\u0142\u0105czeniu z lodowatym finiszem. Przypomina przyjemno\u015b\u0107 z picia sch\u0142odzonego sody w gor\u0105cy dzie\u0144, zapewniaj\u0105c satysfakcjonuj\u0105ce i ch\u0142odz\u0105ce do\u015bwiadczenie z wapowaniem.<\/li>\n<li><strong>Podw\u00f3jne Jab\u0142ko<\/strong><br \/>\nMieszanka czerwonych i zielonych jab\u0142ek, oferuj\u0105ca chrupi\u0105cy, s\u0142odki i lekko kwa\u015bny smak. Ten smak jest idealny dla tych, kt\u00f3rzy kochaj\u0105 naturalny, \u015bwie\u017cy smak jab\u0142ek zr\u00f3wnowa\u017con\u0105 s\u0142odycz\u0105.<\/li>\n<li><strong>Gum Mi\u0119towy<\/strong><br \/>\nNostalgiczny smak gumy do \u017cucia \u0142\u0105czy si\u0119 ze \u015bwie\u017co\u015bci\u0105 mi\u0119ty. Ta kombinacja oferuje g\u0142adk\u0105, delikatn\u0105 s\u0142odycz z ch\u0142odnym, orze\u017awiaj\u0105cym posmakiem, idealnym na ca\u0142y dzie\u0144.<\/li>\n<li><strong>Lady Killer<\/strong><br \/>\nTropikalna mieszanka mango, papai i ananasa, tworz\u0105ca egzotyczn\u0105, owocow\u0105 ucieczk\u0119 z ka\u017cdym zaci\u0105gni\u0119ciem. Ten smak jest idealny dla tych, kt\u00f3rzy kochaj\u0105 wyraziste, tropikalne owoce.<\/li>\n<li><strong>Cytryna Limonka<\/strong><br \/>\n\u017bywio\u0142owa mieszanka kwa\u015bnego cytryny i limonu, dostarczaj\u0105ca cytrusowego kopa, kt\u00f3ry obudzi Twoje zmys\u0142y. To idealny wyb\u00f3r dla tych, kt\u00f3rzy lubi\u0105 jasne, orze\u017awiaj\u0105ce smaki cytrusowe.<\/li>\n<li><strong>Cytrynowy Mi\u0119ta<\/strong><br \/>\nOd\u015bwie\u017caj\u0105ca kombinacja kwa\u015bnego cytryny i ch\u0142odnej mi\u0119ty. Ten smak zapewnia orze\u017awiaj\u0105cy, chrupi\u0105cy posmak idealny dla cieplejszej pogody lub dla tych, kt\u00f3rzy lubi\u0105 od\u015bwie\u017caj\u0105cy waporyzator.<\/li>\n<li><strong>Love 212<\/strong><br \/>\nEgzotyczna mieszanka owoc\u00f3w, kt\u00f3ra tworzy tajemniczy i intryguj\u0105cy profil smakowy. Po\u0142\u0105czenie r\u00f3\u017cnych owoc\u00f3w tropikalnych sprawia, \u017ce ka\u017cdy p\u0105czek jest wyj\u0105tkowym do\u015bwiadczeniem.<\/li>\n<li><strong>Mix Berry -&gt; Mieszanka Jagodowa \nnie,  Mix Berry<\/strong><br \/>\nBogat\u0105 mieszank\u0119 jag\u00f3d, oferuj\u0105c\u0105 idealn\u0105 r\u00f3wnowag\u0119 s\u0142odyczy i kwasowo\u015bci. Ten smak to zachwycaj\u0105cy wyb\u00f3r dla mi\u0142o\u015bnik\u00f3w jag\u00f3d, kt\u00f3rzy chc\u0105 pe\u0142nowarto\u015bciowego, owocowego wapowania.<\/li>\n<li><strong>Peach Ice<\/strong><br \/>\nS\u0142odki, soczysty smak brzoskwi\u0144, uzupe\u0142niony ch\u0142odnym mentolowym podtonem. Ten smak zapewnia idealn\u0105 r\u00f3wnowag\u0119 owocowej s\u0142odyczy i orze\u017awiaj\u0105cego ch\u0142odu.<\/li>\n<li><strong>R\u00f3\u017cowy sok z cytryny<\/strong><br \/>\nPo\u0142\u0105czenie s\u0142odkiego lemoniady i nuty maliny, wywo\u0142uj\u0105ce klasyczny orze\u017awiaj\u0105cy smak lata. Ten smak jest idealny dla os\u00f3b, kt\u00f3re lubi\u0105 owocowy, kwa\u015bny waporyzator.<\/li>\n<li><strong>Malina Arbuz<\/strong><br \/>\nPyszne po\u0142\u0105czenie dojrza\u0142ych malin i soczystego arbuza. Ten smak oferuje wielowarstwowe do\u015bwiadczenie owocowe z s\u0142odkim i kwa\u015bnym finiszem.<\/li>\n<li><strong>Truskawkowy Banan<\/strong><br \/>\nKremowa mieszanka dojrza\u0142ych truskawek i banan\u00f3w. Ten smak oferuje g\u0142adkie, satysfakcjonuj\u0105ce do\u015bwiadczenie wapowania, idealne dla tych, kt\u00f3rzy kochaj\u0105 owocowe, deserowe smaki.<\/li>\n<li><strong>Strawberry Ice<\/strong><br \/>\n\u015awie\u017cy, s\u0142odki smak truskawki z lodowatym mentolowym finiszem. To idealny wyb\u00f3r dla ka\u017cdego, kto lubi owocowe wapowanie z ch\u0142odnym, orze\u017awiaj\u0105cym akcentem.<\/li>\n<li><strong>Truskawkowy Arbuz<\/strong><br \/>\nPo\u0142\u0105czenie soczystego arbuza i s\u0142odkiej truskawki. Ten smak jest ulubionym w\u015br\u00f3d t\u0142umu, oferuj\u0105c zr\u00f3wnowa\u017cone, s\u0142odkie i owocowe do\u015bwiadczenie z ka\u017cdym zaci\u0105gni\u0119ciem.<\/li>\n<li><strong>Woda Melonowa Guma<\/strong><br \/>\nKlasyczne po\u0142\u0105czenie soczystego arbuza i s\u0142odkiego smaku gumy balonowej. Ten smak przenosi Ci\u0119 z ka\u017cdym dmuchni\u0119ciem z powrotem do dzieci\u0119cych wspomnie\u0144.<\/li>\n<li><strong>Wodny L\u00f3d<\/strong><br \/>\nOd\u015bwie\u017caj\u0105cy smak arbuza z ch\u0142odnym finiszem mentolu. Ten smak jest idealny do rewitalizuj\u0105cego, od\u015bwie\u017caj\u0105cego do\u015bwiadczenia z wapowaniem.<\/li>\n<\/ol>\n<h3>Dlaczego warto kupi\u0107 Magic Bar Alpha 20000 Puffs od <a href=\"https:\/\/fumotxpress.de\/pl\/\">FumotXpress.de<\/a>?<\/h3>\n<p>FumotXpress.de jest premierowym miejscem docelowym dla jednorazowych waporyzator\u00f3w w Niemczech i w ca\u0142ej UE. Oferujemy wy\u0142\u0105cznie produkty najwy\u017cszej jako\u015bci, w tym Magic Bar Alpha 20000 Puff, gwarantuj\u0105c naszym klientom autentyczne, oryginalne urz\u0105dzenia. Bez wymogu minimalnej zam\u00f3wienia, obs\u0142ugujemy zar\u00f3wno indywidualnych waper\u00f3w, jak i grupy detaliczne. Wszystkie zam\u00f3wienia s\u0105 wysy\u0142ane z naszych europejskich magazyn\u00f3w, gwarantuj\u0105c dostaw\u0119 w ci\u0105gu 3-7 dni.<\/p>\n<p>Wybierz FumotXpress.de dla swojego kolejnego zakupu jednorazowej e-papierosy i do\u015bwiadcz wygody, jako\u015bci i satysfakcji z Magic Bar Alpha 20000 Puff. Niezale\u017cnie od tego, czy szukasz e-papierosy z mo\u017cliwo\u015bci\u0105 \u0142adowania, d\u0142ugotrwa\u0142ej pracy, czy r\u00f3\u017cnorodno\u015bci pysznych smak\u00f3w, mamy to, czego potrzebujesz.<\/p>","protected":false},"excerpt":{"rendered":"<p>FumotXpress.de jest premierowym miejscem docelowym dla jednorazowych waporyzator\u00f3w w Niemczech i w ca\u0142ej UE. Oferujemy wy\u0142\u0105cznie produkty najwy\u017cszej jako\u015bci, w tym Magic Bar Alpha 20000 Puff, gwarantuj\u0105c, \u017ce nasi klienci otrzymuj\u0105 autentyczne, oryginalne urz\u0105dzenia. Bez wymogu minimalnej zam\u00f3wienia, obs\u0142ugujemy zar\u00f3wno indywidualnych waper\u00f3w, jak i grupy detaliczne.<\/p>","protected":false},"featured_media":1893,"comment_status":"open","ping_status":"closed","template":"","meta":{"om_disable_all_campaigns":false},"product_brand":[],"product_cat":[34,91,92,94,96,99,101,103,104,107,108,109,111,112,78,79,80,81,82,83,84,85,86,87,88,89,90,70,76,56,61,63,60,65,67],"product_tag":[],"class_list":{"0":"post-1832","1":"product","2":"type-product","3":"status-publish","4":"has-post-thumbnail","6":"product_cat-magic-bar-disposable-vapes","7":"product_cat-buy-best-disposable-vape-flavors","8":"product_cat-apple-flavor-disposable-vapes","9":"product_cat-blueberry-flavor-disposable-vapes","10":"product_cat-cola-flavor-disposable-vapes","11":"product_cat-ice-flavor-disposable-vapes","12":"product_cat-lemon-flavor-disposable-vapes","13":"product_cat-mango-flavor-disposable-vapes","14":"product_cat-mint-flavor-disposable-vapes","15":"product_cat-peach-flavor-disposable-vapes","16":"product_cat-pineapple-flavor-disposable-vapes","17":"product_cat-raspberry-flavor-disposable-vapes","18":"product_cat-strawberry-flavor-disposable-vapes","19":"product_cat-watermelon-flavor-disposable-vapes","20":"product_cat-best-disposable-vape-in-europe","21":"product_cat-buy-disposable-vapes-in-austria","22":"product_cat-buy-disposable-vapes-in-belgium","23":"product_cat-buy-disposable-vapes-in-france","24":"product_cat-buy-disposable-vapes-in-germany","25":"product_cat-buy-disposable-vapes-in-italy","26":"product_cat-buy-disposable-vapes-in-netherlands","27":"product_cat-buy-disposable-vapes-in-norway","28":"product_cat-buy-disposable-vapes-in-poland","29":"product_cat-buy-disposable-vapes-in-portugal","30":"product_cat-buy-disposable-vapes-in-spain","31":"product_cat-buy-disposable-vapes-in-sweden","32":"product_cat-buy-disposable-vapes-in-switzerland","33":"product_cat-shop-disposable-vapes-by-puffs","34":"product_cat-20000-puff-disposable-vape","35":"product_cat-disposable-vape-types","36":"product_cat-big-puffs-disposable-vapes","37":"product_cat-digital-box-disposable-vapes","38":"product_cat-full-screen-disposable-vapes","39":"product_cat-lower-nicotine-disposable-vapes","40":"product_cat-rechargeable-disposable-vapes","42":"first","43":"instock","44":"shipping-taxable","45":"purchasable","46":"product-type-variable"},"_links":{"self":[{"href":"https:\/\/fumotxpress.de\/pl\/wp-json\/wp\/v2\/product\/1832","targetHints":{"allow":["GET"]}}],"collection":[{"href":"https:\/\/fumotxpress.de\/pl\/wp-json\/wp\/v2\/product"}],"about":[{"href":"https:\/\/fumotxpress.de\/pl\/wp-json\/wp\/v2\/types\/product"}],"replies":[{"embeddable":true,"href":"https:\/\/fumotxpress.de\/pl\/wp-json\/wp\/v2\/comments?post=1832"}],"wp:featuredmedia":[{"embeddable":true,"href":"https:\/\/fumotxpress.de\/pl\/wp-json\/wp\/v2\/media\/1893"}],"wp:attachment":[{"href":"https:\/\/fumotxpress.de\/pl\/wp-json\/wp\/v2\/media?parent=1832"}],"wp:term":[{"taxonomy":"product_brand","embeddable":true,"href":"https:\/\/fumotxpress.de\/pl\/wp-json\/wp\/v2\/product_brand?post=1832"},{"taxonomy":"product_cat","embeddable":true,"href":"https:\/\/fumotxpress.de\/pl\/wp-json\/wp\/v2\/product_cat?post=1832"},{"taxonomy":"product_tag","embeddable":true,"href":"https:\/\/fumotxpress.de\/pl\/wp-json\/wp\/v2\/product_tag?post=1832"}],"curies":[{"name":"wp","href":"https:\/\/api.w.org\/{rel}","templated":true}]}}