{"id":1812,"date":"2024-11-27T07:37:47","date_gmt":"2024-11-27T07:37:47","guid":{"rendered":"https:\/\/fumotxpress.de\/?post_type=product&#038;p=1812"},"modified":"2025-11-28T13:31:37","modified_gmt":"2025-11-28T13:31:37","slug":"adalya-16000-puffow-kup-oryginalny-authentisch-jednorazowy-dlugopis-vapes-z-mozliwoscia-ladowania","status":"publish","type":"product","link":"https:\/\/fumotxpress.de\/pl\/produkt\/adalya-16000-puffow-kup-oryginalny-authentisch-jednorazowy-dlugopis-vapes-z-mozliwoscia-ladowania\/","title":{"rendered":"Adalya 16000 Jednorazowy Waporyzator: Brak MOQ Przy Zakupie z Naszego Europejskiego Magazynu."},"content":{"rendered":"<p>&nbsp;<\/p>\n<article style=\"background-color: #2c2c2c; color: #f1f1f1; padding: 20px; border-radius: 10px;\">\n<h2 style=\"font-family: Arial, sans-serif; color: #ffffff;\">Witamy na Festiwalu Smak\u00f3w: The <a href=\"https:\/\/fumotxpress.de\/pl\/w\/\">Adalya 16000<\/a> Puffs Vape!<\/h2>\n<p style=\"font-family: Arial, sans-serif; font-size: 16px; line-height: 1.6; color: #f1f1f1;\">Cze\u015b\u0107, mi\u0142o\u015bniku smak\u00f3w! Szukasz e-papierosa, kt\u00f3ry jest wype\u0142niony \u015bwiatowej s\u0142awy smakami i wytrzymuje niezwykle d\u0142ugo? Poznaj swojego nowego najlepszego przyjaciela, Adalya 16000! To niesamowite ma\u0142e urz\u0105dzenie zapewnia Ci do 16 000 zaci\u0105gni\u0119\u0107 czystej rado\u015bci. To jak mie\u0107 nieko\u0144cz\u0105c\u0105 si\u0119 imprez\u0119 pysznych chmur w kieszeni! Jest idealne dla ka\u017cdego, kto kocha legendarne smaki sziszy Adalya i chce e-papierosa, kt\u00f3ry jest niezwykle \u0142atwy i przyjemny w u\u017cyciu.<\/p>\n<p style=\"font-family: Arial, sans-serif; font-size: 16px; line-height: 1.6; color: #f1f1f1;\">I tutaj jest najbardziej ekscytuj\u0105ca wiadomo\u015b\u0107! Mo\u017cesz kupi\u0107 sw\u00f3j w\u0142asny Adalya 16000 w\u0142a\u015bnie teraz z naszej niesamowitej strony internetowej, fumotxpress.de! Jeste\u015bmy gigantycznym internetowym sklepem hurtowym z jednorazowymi waporyzatorami w Europie. Najlepsze jest to, \u017ce nie musisz kupowa\u0107 ca\u0142ej partii. Nie mamy minimalnej ilo\u015bci zam\u00f3wienia (to znaczy No MOQ!), wi\u0119c mo\u017cesz po prostu kupi\u0107 jeden, aby rozpocz\u0105\u0107 swoj\u0105 przygod\u0119 z smakami. Wysy\u0142amy bezpo\u015brednio z naszego europejskiego magazynu, wi\u0119c dotrze do Ciebie w ci\u0105gu zaledwie 2 do 7 dni!<\/p>\n<h3 style=\"font-family: Arial, sans-serif; color: #e0e0e0;\">Jakie jest najwi\u0119ksze sekretne za\u0142o\u017cenie sukcesu Adalya 16000?<\/h3>\n<ul style=\"color: #f1f1f1;\">\n<li style=\"font-family: Arial, sans-serif; font-size: 16px; line-height: 1.6;\"><strong>Puffy kt\u00f3re po prostu nieustannie nadchodz\u0105!:<\/strong> Z ogromn\u0105 ilo\u015bci\u0105 16 000 zaci\u0105gni\u0119\u0107, ta vape jest prawdziwym marato\u0144czykiem. Mo\u017cesz cieszy\u0107 si\u0119 swoimi ulubionymi smakami przez tygodnie!<\/li>\n<li style=\"font-family: Arial, sans-serif; font-size: 16px; line-height: 1.6;\"><strong>Ogromny Zbiornik Szcz\u0119\u015bcia:<\/strong> Jest wst\u0119pnie nape\u0142niony gigantyczn\u0105 porcj\u0105 20 ml super smacznego e-liquidu. To ca\u0142a masa pyszno\u015bci przygotowanej dla Ciebie!<\/li>\n<li style=\"font-family: Arial, sans-serif; font-size: 16px; line-height: 1.6;\"><strong>G\u0142adki i Jak Trzeba:<\/strong> Ma poziom nikotyny 2%, co jest idealne dla delikatnego i bardzo satysfakcjonuj\u0105cego do\u015bwiadczenia.<\/li>\n<li style=\"font-family: Arial, sans-serif; font-size: 16px; line-height: 1.6;\"><strong>Bateria, kt\u00f3ra nie chce si\u0119 podda\u0107:<\/strong> Bateria o pojemno\u015bci 650mAh to ma\u0142a elektrownia! Co wi\u0119cej, jest \u0142adowalna za pomoc\u0105 kabla Type-C, wi\u0119c mo\u017cesz by\u0107 pewien, \u017ce wykorzystasz ka\u017cd\u0105 ostatni\u0105 kropl\u0119 pysznego soku w \u015brodku.<\/li>\n<li style=\"font-family: Arial, sans-serif; font-size: 16px; line-height: 1.6;\"><strong>Cudownie trzyma\u0107:<\/strong> Zosta\u0142 zaprojektowany, aby idealnie pasowa\u0142 do Twojej d\u0142oni, co sprawia, \u017ce jest wygodnym towarzyszem, niezale\u017cnie od tego, gdzie idziesz.<\/li>\n<li style=\"font-family: Arial, sans-serif; font-size: 16px; line-height: 1.6;\"><strong>Najsmaczniejsze Chmury Kiedy\u015b:<\/strong> Cewka o rezystancji 1,2 oma wewn\u0105trz jest jak ma\u0142y mistrz smaku, gwarantuj\u0105cy, \u017ce ka\u017cdy zaci\u0105g jest przepe\u0142niony czystym, wspania\u0142ym smakiem od pierwszego do ostatniego.<\/li>\n<\/ul>\n<h3 style=\"font-family: Arial, sans-serif; color: #e0e0e0;\">\u015awiat Znanych Smak\u00f3w Czeka!<\/h3>\n<p style=\"font-family: Arial, sans-serif; font-size: 16px; line-height: 1.6; color: #f1f1f1;\">Przygotuj si\u0119 do skosztowania legendy! Adalya jest znana z najlepszych smak\u00f3w sziszy na \u015bwiecie i teraz mo\u017cesz ich do\u015bwiadczy\u0107 w tym niezwykle \u0142atwym w u\u017cyciu waporyzatorze. Kt\u00f3ry b\u0119dzie twoim ulubionym?<\/p>\n<div style=\"font-family: Arial, sans-serif; font-size: 16px; line-height: 1.6; color: #f1f1f1;\">\n<p>1. Punkt Mi\u0119ty<\/p>\n<p>2. Lady Killer<\/p>\n<p>3. Berlin Nights \n przet\u0142umaczony tekst nie wymaga t\u0142umaczenia, pozostaje: \n3. Berlin Nights<\/p>\n<p>4. Kocham 66<\/p>\n<p>5. Wieczory moskiewskie<\/p>\n<p>6. Hawaje<\/p>\n<p>7. Mi Amor \nnie wymaga t\u0142umaczenia, pozostaje: \n7. Mi Amor<\/p>\n<\/div>\n<h3 style=\"font-family: Arial, sans-serif; color: #e0e0e0;\">Zobaczmy Jak Adalya 16000 Si\u0119 Prezentuje!<\/h3>\n<div style=\"margin: 20px auto; width: 90%; overflow-x: auto;\">\n<table style=\"width: 100%; border-collapse: collapse; font-family: Arial, sans-serif; border-radius: 8px; box-shadow: 0 4px 8px 0 rgba(0,0,0,0.5);\">\n<thead>\n<tr style=\"background-color: #1e1e1e; color: #ffffff;\">\n<th style=\"padding: 12px; text-align: left;\">Fajna funkcja<\/th>\n<th style=\"padding: 12px; text-align: left; background-color: #87ceeb; color: #ffffff;\">The Amazing Adalya 16000<\/th>\n<th style=\"padding: 12px; text-align: left;\">Nudne stare vape'y<\/th>\n<\/tr>\n<\/thead>\n<tbody>\n<tr style=\"background-color: #3d3d3d; color: #f1f1f1;\">\n<td style=\"padding: 12px; border-bottom: 1px solid #555;\">Licznik Puff\u00f3w<\/td>\n<td style=\"padding: 12px; border-bottom: 1px solid #555;\">Bardzo d\u0142ugi 16 000!<\/td>\n<td style=\"padding: 12px; border-bottom: 1px solid #555;\">Szybko si\u0119 ko\u0144czy<\/td>\n<\/tr>\n<tr style=\"background-color: #4c4c4c; color: #f1f1f1;\">\n<td style=\"padding: 12px; border-bottom: 1px solid #555;\">E-Liquid \nnie wymaga t\u0142umaczenia, pozostaje: E-Liquid<\/td>\n<td style=\"padding: 12px; border-bottom: 1px solid #555;\">Ogromny 20ml zbiornik zabawy<\/td>\n<td style=\"padding: 12px; border-bottom: 1px solid #555;\">Bardzo ma\u0142y zbiornik<\/td>\n<\/tr>\n<tr style=\"background-color: #3d3d3d; color: #f1f1f1;\">\n<td style=\"padding: 12px; border-bottom: 1px solid #555;\">Bateria<\/td>\n<td style=\"padding: 12px; border-bottom: 1px solid #555;\">Mo\u017cesz j\u0105 na\u0142adowa\u0107! \u26a1<\/td>\n<td style=\"padding: 12px; border-bottom: 1px solid #555;\">Jeden i basta<\/td>\n<\/tr>\n<tr style=\"background-color: #4c4c4c; color: #f1f1f1;\">\n<td style=\"padding: 12px;\">Zakupy na fumotxpress.de<\/td>\n<td style=\"padding: 12px;\">Kup tylko jeden, \u017cadnych problem\u00f3w!<\/td>\n<td style=\"padding: 12px;\">Musisz kupi\u0107 ca\u0142\u0105 skrzynk\u0119<\/td>\n<\/tr>\n<\/tbody>\n<\/table>\n<\/div>\n<h3 style=\"font-family: Arial, sans-serif; color: #e0e0e0;\">Masz pytania? My mamy odpowiedzi!<\/h3>\n<div style=\"font-family: Arial, sans-serif; font-size: 16px; line-height: 1.6;\">\n<div style=\"background-color: #223344; border-left: 5px solid #87CEEB; padding: 15px; margin-bottom: 10px; border-radius: 5px; color: #ffffff;\">\n<p><strong>Jak zacz\u0105\u0107 zabaw\u0119?<\/strong>\u0141atwiej ni\u017c zje\u015b\u0107 ciastko! Wystarczy wzi\u0105\u0107 ma\u0142y wdech z g\u00f3ry i w\u0142\u0105cza si\u0119 jak magia. \u017badnych przycisk\u00f3w, \u017cadnych skomplikowanych rzeczy, tylko zabawa!<\/p>\n<\/div>\n<div style=\"background-color: #223344; border-left: 5px solid #87CEEB; padding: 15px; margin-bottom: 10px; border-radius: 5px; color: #ffffff;\">\n<p><strong>Sk\u0105d mam wiedzie\u0107, kiedy nale\u017cy \u0142adowa\u0107 bateri\u0119?<\/strong>Wiele z tych waporyzator\u00f3w ma fajn\u0105 ma\u0142\u0105 lampk\u0119 lub ekran, kt\u00f3ry informuje Ci\u0119, kiedy bateria zaczyna si\u0119 wyczerpywa\u0107. Po prostu pod\u0142\u0105cz kabel Type-C, a b\u0119dzie znowu gotowy do dzia\u0142ania w kr\u00f3tkim czasie!<\/p>\n<\/div>\n<div style=\"background-color: #223344; border-left: 5px solid #87CEEB; padding: 15px; margin-bottom: 10px; border-radius: 5px; color: #ffffff;\">\n<p><strong>Dlaczego powinienem kupowa\u0107 od fumotxpress.de?<\/strong>Poniewa\u017c jeste\u015bmy najlepszymi przyjaci\u00f3\u0142mi dla waporyzator\u00f3w w Europie! Wys\u0142ujemy Twoje zam\u00f3wienie z naszego europejskiego magazynu, wi\u0119c dotarcie do Ciebie zajmuje super szybko (w 2-7 dni). A poniewa\u017c nie mamy minimalnej ilo\u015bci zam\u00f3wienia, mo\u017cesz zam\u00f3wi\u0107 tylko jeden. To naj\u0142atwiejszy, najszybszy i najciekawszy spos\u00f3b na zakup Twojego waporyzatora Adalya!<\/p>\n<\/div>\n<div style=\"background-color: #223344; border-left: 5px solid #87CEEB; padding: 15px; margin-bottom: 10px; border-radius: 5px; color: #ffffff;\">\n<p><strong>Czy mog\u0119 go uzupe\u0142ni\u0107 innymi smakami?<\/strong>To jest jednorazowa vape, co oznacza, \u017ce przychodzi gotowa do zabawy ze specjalnym smakiem ju\u017c w \u015brodku. Nie musisz si\u0119 martwi\u0107 o ba\u0142agan zwi\u0105zany z uzupe\u0142nianiem. Kiedy wszystko jest gotowe, mo\u017cesz<\/p>\n<p>Zacznij zupe\u0142nie now\u0105 przygod\u0119 smakow\u0105 z zupe\u0142nie nowym!<\/p>\n<p><img loading=\"lazy\" decoding=\"async\" class=\"alignnone size-full wp-image-4631\" src=\"https:\/\/fumotxpress.de\/wp-content\/uploads\/2024\/11\/ADALYA-TWO-APPLES-16000-PUFFS.webp\" alt=\"ADALYA-DWA-JAB\u0141KA-16000-PUFFS\" width=\"984\" height=\"985\" srcset=\"https:\/\/fumotxpress.de\/wp-content\/uploads\/2024\/11\/ADALYA-TWO-APPLES-16000-PUFFS.webp 984w, https:\/\/fumotxpress.de\/wp-content\/uploads\/2024\/11\/ADALYA-TWO-APPLES-16000-PUFFS-300x300.webp 300w, https:\/\/fumotxpress.de\/wp-content\/uploads\/2024\/11\/ADALYA-TWO-APPLES-16000-PUFFS-150x150.webp 150w, https:\/\/fumotxpress.de\/wp-content\/uploads\/2024\/11\/ADALYA-TWO-APPLES-16000-PUFFS-768x769.webp 768w, https:\/\/fumotxpress.de\/wp-content\/uploads\/2024\/11\/ADALYA-TWO-APPLES-16000-PUFFS-12x12.webp 12w, https:\/\/fumotxpress.de\/wp-content\/uploads\/2024\/11\/ADALYA-TWO-APPLES-16000-PUFFS-247x247.webp 247w, https:\/\/fumotxpress.de\/wp-content\/uploads\/2024\/11\/ADALYA-TWO-APPLES-16000-PUFFS-600x601.webp 600w, https:\/\/fumotxpress.de\/wp-content\/uploads\/2024\/11\/ADALYA-TWO-APPLES-16000-PUFFS-100x100.webp 100w\" sizes=\"auto, (max-width: 984px) 100vw, 984px\" \/><\/p>\n<\/div>\n<\/div>\n<\/article>","protected":false},"excerpt":{"rendered":"<p><strong class=\"ng-star-inserted\"><span class=\"ng-star-inserted\">Adalya 16000: D\u0142ugotrwa\u0142a jednorazowa e-papieros dla mi\u0142o\u015bnik\u00f3w smaku<\/span><\/strong><\/p>","protected":false},"featured_media":1811,"comment_status":"open","ping_status":"closed","template":"","meta":{"om_disable_all_campaigns":false},"product_brand":[],"product_cat":[33,91,92,94,96,97,99,100,101,103,104,107,108,109,111,112,78,79,80,81,82,83,84,85,86,87,88,89,90,70,75,56,61,63,65,67],"product_tag":[],"class_list":{"0":"post-1812","1":"product","2":"type-product","3":"status-publish","4":"has-post-thumbnail","6":"product_cat-adalya-disposable-vapes","7":"product_cat-buy-best-disposable-vape-flavors","8":"product_cat-apple-flavor-disposable-vapes","9":"product_cat-blueberry-flavor-disposable-vapes","10":"product_cat-cola-flavor-disposable-vapes","11":"product_cat-grape-flavor-disposable-vapes","12":"product_cat-ice-flavor-disposable-vapes","13":"product_cat-kiwi-flavor-disposable-vapes","14":"product_cat-lemon-flavor-disposable-vapes","15":"product_cat-mango-flavor-disposable-vapes","16":"product_cat-mint-flavor-disposable-vapes","17":"product_cat-peach-flavor-disposable-vapes","18":"product_cat-pineapple-flavor-disposable-vapes","19":"product_cat-raspberry-flavor-disposable-vapes","20":"product_cat-strawberry-flavor-disposable-vapes","21":"product_cat-watermelon-flavor-disposable-vapes","22":"product_cat-best-disposable-vape-in-europe","23":"product_cat-buy-disposable-vapes-in-austria","24":"product_cat-buy-disposable-vapes-in-belgium","25":"product_cat-buy-disposable-vapes-in-france","26":"product_cat-buy-disposable-vapes-in-germany","27":"product_cat-buy-disposable-vapes-in-italy","28":"product_cat-buy-disposable-vapes-in-netherlands","29":"product_cat-buy-disposable-vapes-in-norway","30":"product_cat-buy-disposable-vapes-in-poland","31":"product_cat-buy-disposable-vapes-in-portugal","32":"product_cat-buy-disposable-vapes-in-spain","33":"product_cat-buy-disposable-vapes-in-sweden","34":"product_cat-buy-disposable-vapes-in-switzerland","35":"product_cat-shop-disposable-vapes-by-puffs","36":"product_cat-16000-puff-disposable-vape","37":"product_cat-disposable-vape-types","38":"product_cat-big-puffs-disposable-vapes","39":"product_cat-digital-box-disposable-vapes","40":"product_cat-lower-nicotine-disposable-vapes","41":"product_cat-rechargeable-disposable-vapes","43":"first","44":"instock","45":"shipping-taxable","46":"purchasable","47":"product-type-variable","48":"has-default-attributes"},"_links":{"self":[{"href":"https:\/\/fumotxpress.de\/pl\/wp-json\/wp\/v2\/product\/1812","targetHints":{"allow":["GET"]}}],"collection":[{"href":"https:\/\/fumotxpress.de\/pl\/wp-json\/wp\/v2\/product"}],"about":[{"href":"https:\/\/fumotxpress.de\/pl\/wp-json\/wp\/v2\/types\/product"}],"replies":[{"embeddable":true,"href":"https:\/\/fumotxpress.de\/pl\/wp-json\/wp\/v2\/comments?post=1812"}],"wp:featuredmedia":[{"embeddable":true,"href":"https:\/\/fumotxpress.de\/pl\/wp-json\/wp\/v2\/media\/1811"}],"wp:attachment":[{"href":"https:\/\/fumotxpress.de\/pl\/wp-json\/wp\/v2\/media?parent=1812"}],"wp:term":[{"taxonomy":"product_brand","embeddable":true,"href":"https:\/\/fumotxpress.de\/pl\/wp-json\/wp\/v2\/product_brand?post=1812"},{"taxonomy":"product_cat","embeddable":true,"href":"https:\/\/fumotxpress.de\/pl\/wp-json\/wp\/v2\/product_cat?post=1812"},{"taxonomy":"product_tag","embeddable":true,"href":"https:\/\/fumotxpress.de\/pl\/wp-json\/wp\/v2\/product_tag?post=1812"}],"curies":[{"name":"wp","href":"https:\/\/api.w.org\/{rel}","templated":true}]}}