{"id":1723,"date":"2024-11-25T09:51:02","date_gmt":"2024-11-25T09:51:02","guid":{"rendered":"https:\/\/fumotxpress.de\/?post_type=product&#038;p=1723"},"modified":"2025-05-20T04:44:34","modified_gmt":"2025-05-20T04:44:34","slug":"europejski-magazyn-lavande-bm18000-puffs-kup-oryginalny-authentisch-akumulatorowy-jednorazowy-dlugopis-vapes-2","status":"publish","type":"product","link":"https:\/\/fumotxpress.de\/pl\/produkt\/europejski-magazyn-lavande-bm18000-puffs-kup-oryginalny-authentisch-akumulatorowy-jednorazowy-dlugopis-vapes-2\/","title":{"rendered":"Europejski Magazyn Lavande BM18000 Puffs Kup oryginalny autentyczny akumulatorowy jednorazowy waporyzator Disposable Vapes Pen"},"content":{"rendered":"<h2><strong>Lavande BM 18000 Puffs \u2013 Najlepsze Do\u015bwiadczenie z Jednorazow\u0105 Waporyzacj\u0105<\/strong><\/h2>\n<p>Je\u015bli szukasz zaawansowanego i efektywnego do\u015bwiadczenia z wapowania, Lavande BM 18000 Puffs jest najlepszym wyborem dla wymagaj\u0105cych waper\u00f3w. Dzi\u0119ki swojemu wyrafinowanemu designowi, najnowocze\u015bniejszej technologii i imponuj\u0105cym funkcjom, jest jednym z najlepszych dost\u0119pnych obecnie na rynku wielokrotnie \u0142adowalnych jednorazowych waporyzator\u00f3w. Jako jedna z najd\u0142u\u017cej trwaj\u0105cych opcji na rynku, Lavande BM 18000 Puffs oferuje niezr\u00f3wnan\u0105 wydajno\u015b\u0107, wygod\u0119 i smak, na kt\u00f3ry mo\u017cesz liczy\u0107.<\/p>\n<p>W <a href=\"https:\/\/fumotxpress.de\/pl\/\"><strong>FumotXpress.de<\/strong><\/a>, z dum\u0105 oferujemy ten rewolucyjny produkt wraz z szerok\u0105 gam\u0105 premium jednorazowych vape pen\u00f3w od zaufanych marek, takich jak <strong>Al Fakher<\/strong>, <strong>Fizzy<\/strong>, <strong>OBEELAB HHC<\/strong>, <strong>Randm Fumot<\/strong>i <strong>SMPO DL02<\/strong>. Niezale\u017cnie od tego, czy jeste\u015b sprzedawc\u0105 detalicznym, czy entuzjast\u0105 vape'a szukaj\u0105cym produkt\u00f3w wysokiej jako\u015bci, jeste\u015bmy najwi\u0119ksz\u0105 platform\u0105 sprzeda\u017cy detalicznej online dla jednorazowych vape'\u00f3w w Niemczech. Wysy\u0142amy bezpo\u015brednio z naszego <strong>Magazyn europejski<\/strong>, zapewniaj\u0105c szybk\u0105 dostaw\u0119 produkt\u00f3w w ci\u0105gu 3 do 7 dni. Nasza us\u0142uga jest dostosowana do potrzeb grup detalicznych, bez minimalnej ilo\u015bci zam\u00f3wienia i przyst\u0119pnych cenach zaczynaj\u0105cych si\u0119 od jednej sztuki.<\/p>\n<p>Zanurzmy si\u0119 g\u0142\u0119biej w unikalne cechy i korzy\u015bci Lavande BM 18000 Puffs.<\/p>\n<p><img loading=\"lazy\" decoding=\"async\" class=\"alignnone size-full wp-image-1788\" src=\"https:\/\/fumotxpress.de\/wp-content\/uploads\/2024\/11\/Lavande-BM18000\uff085\uff09.webp\" alt=\"Lavande-BM18000\" width=\"800\" height=\"800\" srcset=\"https:\/\/fumotxpress.de\/wp-content\/uploads\/2024\/11\/Lavande-BM18000\uff085\uff09.webp 800w, https:\/\/fumotxpress.de\/wp-content\/uploads\/2024\/11\/Lavande-BM18000\uff085\uff09-300x300.webp 300w, https:\/\/fumotxpress.de\/wp-content\/uploads\/2024\/11\/Lavande-BM18000\uff085\uff09-150x150.webp 150w, https:\/\/fumotxpress.de\/wp-content\/uploads\/2024\/11\/Lavande-BM18000\uff085\uff09-768x768.webp 768w, https:\/\/fumotxpress.de\/wp-content\/uploads\/2024\/11\/Lavande-BM18000\uff085\uff09-12x12.webp 12w, https:\/\/fumotxpress.de\/wp-content\/uploads\/2024\/11\/Lavande-BM18000\uff085\uff09-247x247.webp 247w, https:\/\/fumotxpress.de\/wp-content\/uploads\/2024\/11\/Lavande-BM18000\uff085\uff09-600x600.webp 600w, https:\/\/fumotxpress.de\/wp-content\/uploads\/2024\/11\/Lavande-BM18000\uff085\uff09-100x100.webp 100w\" sizes=\"auto, (max-width: 800px) 100vw, 800px\" \/><\/p>\n<h3>Lavande BM 18000 Puffs: Cechy Produktu i Wydajno\u015b\u0107<\/h3>\n<p>Lavande BM 18000 Puffs to wybitny, wielokrotnie \u0142adowalny, jednorazowy waporyzator, kt\u00f3ry zapewnia niezwykle przyjemne do\u015bwiadczenie z wapowaniem. Oto szczeg\u00f3\u0142owe spojrzenie na to, co sprawia, \u017ce urz\u0105dzenie to jest obowi\u0105zkowe dla mi\u0142o\u015bnik\u00f3w wapowania:<\/p>\n<ul>\n<li><strong>Wst\u0119pnie nape\u0142niona pojemno\u015b\u0107 e-liquidu<\/strong>: Lavande BM jest wyposa\u017cona w 24 ml wst\u0119pnie nape\u0142nion\u0105 pojemno\u015b\u0107 e-p\u0142ynu, zapewniaj\u0105c, \u017ce masz wystarczaj\u0105c\u0105 ilo\u015b\u0107 soku, aby wytrzyma\u0107 przez d\u0142ugi czas bez konieczno\u015bci cz\u0119stego uzupe\u0142niania.<\/li>\n<li><strong>D\u0142ugotrwa\u0142e Puffy<\/strong>: Z imponuj\u0105cymi 18 000 zaci\u0105gni\u0119ciami, urz\u0105dzenie to zapewnia d\u0142ugotrwa\u0142e do\u015bwiadczenie wapowania, idealne zar\u00f3wno dla okazjonalnych, jak i codziennych waper\u00f3w. Nie musisz si\u0119 martwi\u0107 o ci\u0105g\u0142\u0105 wymian\u0119 urz\u0105dzenia.<\/li>\n<li><strong>\u0141adowalne i Zr\u00f3wnowa\u017cone<\/strong>: W przeciwie\u0144stwie do tradycyjnych jednorazowych waporyzator\u00f3w zaprojektowanych do jednorazowego u\u017cytku, Lavande BM jest \u0142adowalny <strong>USB typu C<\/strong>, redukuj\u0105c ilo\u015b\u0107 odpad\u00f3w i zapewniaj\u0105c lepsz\u0105 warto\u015b\u0107 za pieni\u0105dze.<\/li>\n<li><strong>Technologia Grzania z Siatk\u0105 Grzewcz\u0105<\/strong>: Wyposa\u017cony w 6 siatkowych cewek, ten vape pen poprawia smak i jako\u015b\u0107 pary, dostarczaj\u0105c g\u0142adkie i bogate chmury z ka\u017cdym zaci\u0105gni\u0119ciem. System grzania siatkowego zapewnia sp\u00f3jno\u015b\u0107 i wysok\u0105 wydajno\u015b\u0107.<\/li>\n<li><strong>Pojemno\u015b\u0107 baterii<\/strong>: Solidna bateria o pojemno\u015bci 650 mAh zasila urz\u0105dzenie, zapewniaj\u0105c wystarczaj\u0105c\u0105 ilo\u015b\u0107 energii pomi\u0119dzy \u0142adowaniami. Zoptymalizowano j\u0105 tak, aby wytrzyma\u0142a przez 18 000 zaci\u0105gni\u0119\u0107, zapewniaj\u0105c efektywn\u0105 i stabiln\u0105 prac\u0119.<\/li>\n<li><strong>Operacja aktywowana przez rysunek<\/strong>: Lavande BM 18000 Puffs jest niezwykle przyjazny w u\u017cyciu. Funkcja aktywacji przez zaci\u0105gni\u0119cie oznacza, \u017ce nie musisz naciska\u0107 \u017cadnych przycisk\u00f3w; po prostu wdychaj, a urz\u0105dzenie aktywuje si\u0119 automatycznie, zapewniaj\u0105c natychmiastow\u0105 satysfakcj\u0119.<\/li>\n<li><strong>Dostosowanie<\/strong>: Niezale\u017cnie od tego, czy wolisz standardowe do\u015bwiadczenie wapowania, czy chcesz wzmocni\u0107 smak, urz\u0105dzenie oferuje <strong>Tryb normalny<\/strong> i <strong>Tryb Turbo<\/strong>Tryb boost zwi\u0119ksza smak dla tych, kt\u00f3rzy lubi\u0105 bardziej intensywne doznania.<\/li>\n<li><strong>Ekran wy\u015bwietlacza<\/strong>Urz\u0105dzenie posiada <strong>3,0\u201d Pe\u0142ny ekran HD Mega<\/strong>, umo\u017cliwiaj\u0105c \u0142atwe monitorowanie kluczowych informacji, takich jak liczba zaci\u0105gni\u0119\u0107, \u017cywotno\u015b\u0107 baterii i ustawienia urz\u0105dzenia. Ta dodatkowa funkcjonalno\u015b\u0107 sprawia, \u017ce do\u015bwiadczenie vapingowe jest bardziej przyjazne dla u\u017cytkownika i efektywne.<\/li>\n<\/ul>\n<h3>Dlaczego wybra\u0107 Lavande BM 18000 Puffs?<\/h3>\n<ol>\n<li><strong>D\u0142ugoterminowa przyjemno\u015b\u0107 z wapowania<\/strong>: Z 18 000 zaci\u0105gni\u0119ciami, Lavande BM zosta\u0142 zaprojektowany tak, aby wytrzyma\u0107 d\u0142u\u017cej, dzi\u0119ki czemu nie musisz si\u0119 martwi\u0107 o cz\u0119ste wymiany. Niezale\u017cnie od tego, czy wapujesz okazjonalnie, czy jako cz\u0119\u015b\u0107 codziennej rutyny, urz\u0105dzenie to zosta\u0142o stworzone, aby zapewni\u0107 przed\u0142u\u017cone do\u015bwiadczenie wapowania bez kompromis\u00f3w.<\/li>\n<li><strong>Premiumowy smak i jako\u015b\u0107 pary<\/strong>Technologia 6x mesh coil sprawia zauwa\u017caln\u0105 r\u00f3\u017cnic\u0119 w jako\u015bci pary i smaku. Niezale\u017cnie od tego, czy jeste\u015b fanem owocowych, mentolowych czy deserowych smak\u00f3w, Lavande BM zapewnia g\u0142adkie, satysfakcjonuj\u0105ce chmury, kt\u00f3re s\u0105 konsekwentnie przyjemne.<\/li>\n<li><strong>\u0141adowalno\u015b\u0107<\/strong>: Funkcja wielokrotnego \u0142adowania wyr\u00f3\u017cnia Lavande BM w\u015br\u00f3d typowych jednorazowych waporyzator\u00f3w. Oferuje zr\u00f3wnowa\u017cono\u015b\u0107 i wygod\u0119, zmniejszaj\u0105c ilo\u015b\u0107 odpad\u00f3w bez po\u015bwi\u0119cania wydajno\u015bci. Szybkie do\u0142adowanie zapewnia, \u017ce zawsze jeste\u015b gotowy do nast\u0119pnej sesji waporyzacji.<\/li>\n<li><strong>Do\u015bwiadczenie przyjazne dla u\u017cytkownika<\/strong>: Zaprojektowany z my\u015bl\u0105 o prostocie, tryb dzia\u0142ania aktywowany przez zaci\u0105gni\u0119cie jest idealny zar\u00f3wno dla pocz\u0105tkuj\u0105cych, jak i do\u015bwiadczonych vaper\u00f3w. Dodanie <strong>tryb turbo<\/strong> Zapewnia mo\u017cliwo\u015b\u0107 dostosowania intensywno\u015bci wapowania do Twoich osobistych preferencji.<\/li>\n<li><strong>Szybkie i efektywne \u0142adowanie<\/strong>Dzi\u0119ki <strong>USB typu C<\/strong> \u0141adowanie, Lavande BM \u0142aduje si\u0119 szybko, minimalizuj\u0105c czas przestoju i maksymalizuj\u0105c przyjemno\u015b\u0107 z wapowania. Jest idealny dla wapuj\u0105cych w podr\u00f3\u017cy, kt\u00f3rzy potrzebuj\u0105, aby ich urz\u0105dzenie by\u0142o gotowe jak najszybciej.<\/li>\n<li><strong>Sleek and Modern Design \n\n Elegancki i nowoczesny design<\/strong>Dzi\u0119ki swojemu eleganckiemu, przeno\u015bnemu i dyskretnemu designowi, Lavande BM 18000 Puffs wygl\u0105da r\u00f3wnie dobrze, jak dzia\u0142a. Jest to idealne urz\u0105dzenie do noszenia w kieszeni lub torbie bez przyci\u0105gania uwagi, oferuj\u0105ce wyrafinowane do\u015bwiadczenie wapowania w dowolnym miejscu i czasie.<\/li>\n<\/ol>\n<h3>Profil smakowy Lavande BM 18000 Puffs<\/h3>\n<p>Lavande BM 18000 Puffs oferuje szeroki wyb\u00f3r smakowitych aromat\u00f3w, kt\u00f3re odpowiadaj\u0105 r\u00f3\u017cnym preferencjom. Poni\u017csze smaki to tylko kilka przyk\u0142ad\u00f3w tego, co mo\u017cesz cieszy\u0107 si\u0119:<\/p>\n<ol>\n<li><strong>Bor\u00f3wka<\/strong><br \/>\nCiesz si\u0119 orze\u017awiaj\u0105c\u0105, kwa\u015bn\u0105 s\u0142odycz\u0105 dojrza\u0142ych bor\u00f3wek w ka\u017cdym puffie. Ten smak oferuje g\u0142adki i s\u0142odki smak jag\u00f3d z lekk\u0105 kwa\u015bno\u015bci\u0105, kt\u00f3ra sprawia, \u017ce wracasz po wi\u0119cej. Idealny dla fan\u00f3w owocowych, orze\u017awiaj\u0105cych waporyzacji.<\/li>\n<li><strong>Malina<\/strong><br \/>\nKwa\u015bny i \u017cywy smak maliny, ta opcja zapewnia idealn\u0105 r\u00f3wnowag\u0119 mi\u0119dzy s\u0142odkimi i kwa\u015bnymi nutami. Jest idealna dla os\u00f3b, kt\u00f3re ceni\u0105 sobie wyraziste smaki owocowe, zar\u00f3wno orze\u017awiaj\u0105ce, jak i satysfakcjonuj\u0105ce.<\/li>\n<li><strong>Lawendowa Rozkosz<\/strong><br \/>\nKwiatowy i uspokajaj\u0105cy smak z nut\u0105 s\u0142odyczy, <strong>Lawendowa Rozkosz<\/strong> oferuje wyj\u0105tkowo koj\u0105cy experience. Jego zio\u0142owe, aromatyczne w\u0142a\u015bciwo\u015bci sprawiaj\u0105, \u017ce jest to fantastyczny wyb\u00f3r dla os\u00f3b, kt\u00f3re lubi\u0105 delikatne, pachn\u0105ce smaki.<\/li>\n<li><strong>Tropikalny Wiaterek<\/strong><br \/>\nTa egzotyczna mieszanka \u0142\u0105czy w sobie zestaw tropikalnych owoc\u00f3w, w tym mango, ananas i papaj\u0119. To s\u0142odka, soczysta kombinacja, kt\u00f3ra przenosi Twoje kubki smakowe do ciep\u0142ego, nas\u0142onecznionego raju z ka\u017cdym zaci\u0105gni\u0119ciem.<\/li>\n<li><strong>\u015awie\u017cy Mi\u0119ta<\/strong><br \/>\nCh\u0142odny i orze\u017awiaj\u0105cy, <strong>\u015awie\u017cy Mi\u0119ta<\/strong> Zapewnia orze\u017awiaj\u0105ce do\u015bwiadczenie mi\u0119towe. Jest idealnym wyborem dla mi\u0142o\u015bnik\u00f3w mi\u0119ty, oferuj\u0105c ostry, czysty smak z ch\u0142odnym finiszem, kt\u00f3ry pozostawia usta \u015bwie\u017cymi.<\/li>\n<li><strong>Limonada Zimowa<\/strong><br \/>\nOstre, kwa\u015bne nuty lemoniady w po\u0142\u0105czeniu z ch\u0142odnym mentolowym finiszem tworz\u0105 orze\u017awiaj\u0105cy, chrupi\u0105cy vape idealny na gor\u0105cy letni dzie\u0144. To orze\u017awiaj\u0105ca mieszanka, kt\u00f3ra balansuje cytrusowe nuty z lodowat\u0105 ch\u0142odno\u015bci\u0105.<\/li>\n<li><strong>Fuzja Winogronowa<\/strong><br \/>\nSokowaty i s\u0142odki smak winogrona, kt\u00f3ry jest zar\u00f3wno odwa\u017cny, jak i satysfakcjonuj\u0105cy. The <strong>Fuzja Winogronowa<\/strong> dostarcza pe\u0142nowarto\u015bciowy, naturalny smak winogrona, czyni\u0105c go idealnym dla tych, kt\u00f3rzy lubi\u0105 bogactwo owocowych waporyzacji.<\/li>\n<\/ol>\n<h3>Jak kupi\u0107 Lavande BM 18000 Puffs<\/h3>\n<p>Gdy b\u0119dziesz gotowy ulepszy\u0107 swoje do\u015bwiadczenie z wapowaniem, mo\u017cesz wygodnie kupi\u0107 <a href=\"https:\/\/fumotxpress.de\/pl\/\"><strong>Lavande BM 18000 Puffs<\/strong> <\/a>i inne premium jednorazowe vape pensy bezpo\u015brednio z <strong>FumotXpress.de<\/strong>Nasza platforma oferuje:<\/p>\n<ul>\n<li><strong>Brak minimalnej ilo\u015bci zam\u00f3wienia<\/strong>Mo\u017cesz zam\u00f3wi\u0107 nawet jedn\u0105 sztuk\u0119, co u\u0142atwia zar\u00f3wno sprzedawcom detalicznym, jak i indywidualnym nabywcom zaopatrywanie si\u0119 w ulubione produkty.<\/li>\n<li><strong>Szybka wysy\u0142ka<\/strong>: Wysy\u0142amy bezpo\u015brednio z naszego <a href=\"https:\/\/fumotxpress.de\/pl\/\"><strong>Magazyn europejski<\/strong><\/a>, gwarantuj\u0105c \u017ce Twoje zam\u00f3wienie dotrze w ci\u0105gu 3-7 dni.<\/li>\n<li><strong>Konkurencyjne ceny<\/strong>: Jako najwi\u0119ksza platforma sprzeda\u017cy internetowej dla jednorazowych waporyzator\u00f3w w Niemczech, oferujemy najlepsze ceny na rynku dla produkt\u00f3w wysokiej jako\u015bci.<\/li>\n<\/ul>\n<p>Ciesz si\u0119 wygod\u0105 zakup\u00f3w z nami i do\u015bwiadcz premium jednorazowych waporyzator\u00f3w dostarczanych prosto do Twojego domu. Nie przegap <strong>Lavande BM 18000 Puffs<\/strong>\u2014Kup teraz i wynie\u015b swoje do\u015bwiadczenie z wapowania na wy\u017cszy poziom.<\/p>","protected":false},"excerpt":{"rendered":"<p>Kup <strong>Lavande BM 18000 Puffs \u0142adowalna jednorazowa vape pen<\/strong> z smakami Bor\u00f3wki i Maliny. Ciesz si\u0119 d\u0142ugotrwa\u0142ym, aromatycznym wapowaniem z szybk\u0105 dostaw\u0105 z naszego europejskiego magazynu.<\/p>","protected":false},"featured_media":2190,"comment_status":"open","ping_status":"closed","template":"","meta":{"om_disable_all_campaigns":false},"product_brand":[],"product_cat":[54,91,92,94,97,99,101,103,104,107,108,109,111,112,78,79,80,81,82,83,84,85,86,87,88,89,90,70,115,56,61,63,65,67],"product_tag":[],"class_list":{"0":"post-1723","1":"product","2":"type-product","3":"status-publish","4":"has-post-thumbnail","6":"product_cat-lavande-disposable-vapes","7":"product_cat-buy-best-disposable-vape-flavors","8":"product_cat-apple-flavor-disposable-vapes","9":"product_cat-blueberry-flavor-disposable-vapes","10":"product_cat-grape-flavor-disposable-vapes","11":"product_cat-ice-flavor-disposable-vapes","12":"product_cat-lemon-flavor-disposable-vapes","13":"product_cat-mango-flavor-disposable-vapes","14":"product_cat-mint-flavor-disposable-vapes","15":"product_cat-peach-flavor-disposable-vapes","16":"product_cat-pineapple-flavor-disposable-vapes","17":"product_cat-raspberry-flavor-disposable-vapes","18":"product_cat-strawberry-flavor-disposable-vapes","19":"product_cat-watermelon-flavor-disposable-vapes","20":"product_cat-best-disposable-vape-in-europe","21":"product_cat-buy-disposable-vapes-in-austria","22":"product_cat-buy-disposable-vapes-in-belgium","23":"product_cat-buy-disposable-vapes-in-france","24":"product_cat-buy-disposable-vapes-in-germany","25":"product_cat-buy-disposable-vapes-in-italy","26":"product_cat-buy-disposable-vapes-in-netherlands","27":"product_cat-buy-disposable-vapes-in-norway","28":"product_cat-buy-disposable-vapes-in-poland","29":"product_cat-buy-disposable-vapes-in-portugal","30":"product_cat-buy-disposable-vapes-in-spain","31":"product_cat-buy-disposable-vapes-in-sweden","32":"product_cat-buy-disposable-vapes-in-switzerland","33":"product_cat-shop-disposable-vapes-by-puffs","34":"product_cat-18000-puff-disposable-vape","35":"product_cat-disposable-vape-types","36":"product_cat-big-puffs-disposable-vapes","37":"product_cat-digital-box-disposable-vapes","38":"product_cat-lower-nicotine-disposable-vapes","39":"product_cat-rechargeable-disposable-vapes","41":"first","42":"outofstock","43":"shipping-taxable","44":"product-type-variable"},"_links":{"self":[{"href":"https:\/\/fumotxpress.de\/pl\/wp-json\/wp\/v2\/product\/1723","targetHints":{"allow":["GET"]}}],"collection":[{"href":"https:\/\/fumotxpress.de\/pl\/wp-json\/wp\/v2\/product"}],"about":[{"href":"https:\/\/fumotxpress.de\/pl\/wp-json\/wp\/v2\/types\/product"}],"replies":[{"embeddable":true,"href":"https:\/\/fumotxpress.de\/pl\/wp-json\/wp\/v2\/comments?post=1723"}],"wp:featuredmedia":[{"embeddable":true,"href":"https:\/\/fumotxpress.de\/pl\/wp-json\/wp\/v2\/media\/2190"}],"wp:attachment":[{"href":"https:\/\/fumotxpress.de\/pl\/wp-json\/wp\/v2\/media?parent=1723"}],"wp:term":[{"taxonomy":"product_brand","embeddable":true,"href":"https:\/\/fumotxpress.de\/pl\/wp-json\/wp\/v2\/product_brand?post=1723"},{"taxonomy":"product_cat","embeddable":true,"href":"https:\/\/fumotxpress.de\/pl\/wp-json\/wp\/v2\/product_cat?post=1723"},{"taxonomy":"product_tag","embeddable":true,"href":"https:\/\/fumotxpress.de\/pl\/wp-json\/wp\/v2\/product_tag?post=1723"}],"curies":[{"name":"wp","href":"https:\/\/api.w.org\/{rel}","templated":true}]}}