{"id":1664,"date":"2024-11-24T05:13:19","date_gmt":"2024-11-24T05:13:19","guid":{"rendered":"https:\/\/fumotxpress.de\/?post_type=product&#038;p=1664"},"modified":"2025-09-24T10:03:15","modified_gmt":"2025-09-24T10:03:15","slug":"al-fakher-korona-bar-pro-8000-zuge-einweg-e-zigarette-mit-nikotin","status":"publish","type":"product","link":"https:\/\/fumotxpress.de\/pl\/produkt\/al-fakher-korona-bar-pro-8000-zuge-einweg-e-zigarette-mit-nikotin\/","title":{"rendered":"Europejski Magazyn Vape AL Fakher Crown Bar Pro 8000 Puff\u00f3w - Najlepsza Akumulatorowa Jednorazowa Vape"},"content":{"rendered":"<h2>Do\u015bwiadcz Najwy\u017cszej Przyjemno\u015bci z Parowania z AL Fakher Crown Bar Pro 8000 Puffs<\/h2>\n<p>The \nnie wymaga t\u0142umaczenia<a href=\"https:\/\/fumotxpress.de\/pl\/?post_type=product&amp;p=1664&amp;preview=true\"> <strong>AL Fakher Crown Bar Pro 8000 Puffs \nnie wymaga t\u0142umaczenia \nwiec \nAL Fakher Crown Bar Pro 8000 Puffs<\/strong><\/a> ustala nowy standard dla jednorazowych waporyzator\u00f3w, \u0142\u0105cz\u0105c innowacyjn\u0105 technologi\u0119, elegancki design i wyj\u0105tkowe opcje smak\u00f3w, tworz\u0105c niezr\u00f3wnane do\u015bwiadczenie wapowania. Dzi\u0119ki imponuj\u0105cym 8000 zaci\u0105gni\u0119ciom na urz\u0105dzenie, zaawansowanej technologii siatkowej cewki i wysokiej jako\u015bci e-p\u0142ynu, urz\u0105dzenie to zosta\u0142o zaprojektowane, aby zapewni\u0107 d\u0142ugotrwa\u0142e i satysfakcjonuj\u0105ce do\u015bwiadczenie wapowania. Niezale\u017cnie od tego, czy jeste\u015b do\u015bwiadczonym waporyzatorem, czy dopiero zaczynasz, <strong>AL Fakher Crown Bar Pro<\/strong> oferuje wszystko, czego potrzebujesz, aby cieszy\u0107 si\u0119 g\u0142adkim, aromatycznym wapowaniem od pierwszego do ostatniego zaci\u0105gni\u0119cia.<\/p>\n<p>W <strong>FumotXpress.de<\/strong>, dumneamy si\u0119 na byciu najwi\u0119ksz\u0105 internetow\u0105 platform\u0105 handlow\u0105 dla jednorazowych waporyzator\u00f3w w Niemczech. Oferujemy szybk\u0105 i niezawodn\u0105 wysy\u0142k\u0119 w obr\u0119bie UE, specjalizujemy si\u0119 w markach wysokiej jako\u015bci, takich jak <strong>AL Fakher<\/strong>, <strong>Fizzy<\/strong>, <strong>OBEELAB HHC<\/strong>i <strong>SMPO DL02<\/strong>Bez minimalnej ilo\u015bci zam\u00f3wienia i szybkiej dostawy w ci\u0105gu 3-7 dni z naszego europejskiego magazynu mo\u017cesz wygodnie zaopatrzy\u0107 si\u0119 w swoje ulubione jednorazowe vape'y, wszystko to z komfortu Twojego domu.<\/p>\n<p>&nbsp;<\/p>\n<p><img loading=\"lazy\" decoding=\"async\" class=\"alignnone size-full wp-image-1677\" src=\"https:\/\/fumotxpress.de\/wp-content\/uploads\/2024\/11\/AL-Fakher-Crown-Bar-Pro-8000-Zuge-Einweg-E-Zigarette-Mit-Nikotin-Strawberry-Punch-2.webp\" alt=\"AL-Fakher-Crown-Bar-Pro-8000-Zuge-\" width=\"1080\" height=\"1080\" srcset=\"https:\/\/fumotxpress.de\/wp-content\/uploads\/2024\/11\/AL-Fakher-Crown-Bar-Pro-8000-Zuge-Einweg-E-Zigarette-Mit-Nikotin-Strawberry-Punch-2.webp 1080w, https:\/\/fumotxpress.de\/wp-content\/uploads\/2024\/11\/AL-Fakher-Crown-Bar-Pro-8000-Zuge-Einweg-E-Zigarette-Mit-Nikotin-Strawberry-Punch-2-300x300.webp 300w, https:\/\/fumotxpress.de\/wp-content\/uploads\/2024\/11\/AL-Fakher-Crown-Bar-Pro-8000-Zuge-Einweg-E-Zigarette-Mit-Nikotin-Strawberry-Punch-2-1024x1024.webp 1024w, https:\/\/fumotxpress.de\/wp-content\/uploads\/2024\/11\/AL-Fakher-Crown-Bar-Pro-8000-Zuge-Einweg-E-Zigarette-Mit-Nikotin-Strawberry-Punch-2-150x150.webp 150w, https:\/\/fumotxpress.de\/wp-content\/uploads\/2024\/11\/AL-Fakher-Crown-Bar-Pro-8000-Zuge-Einweg-E-Zigarette-Mit-Nikotin-Strawberry-Punch-2-768x768.webp 768w, https:\/\/fumotxpress.de\/wp-content\/uploads\/2024\/11\/AL-Fakher-Crown-Bar-Pro-8000-Zuge-Einweg-E-Zigarette-Mit-Nikotin-Strawberry-Punch-2-12x12.webp 12w, https:\/\/fumotxpress.de\/wp-content\/uploads\/2024\/11\/AL-Fakher-Crown-Bar-Pro-8000-Zuge-Einweg-E-Zigarette-Mit-Nikotin-Strawberry-Punch-2-247x247.webp 247w, https:\/\/fumotxpress.de\/wp-content\/uploads\/2024\/11\/AL-Fakher-Crown-Bar-Pro-8000-Zuge-Einweg-E-Zigarette-Mit-Nikotin-Strawberry-Punch-2-600x600.webp 600w, https:\/\/fumotxpress.de\/wp-content\/uploads\/2024\/11\/AL-Fakher-Crown-Bar-Pro-8000-Zuge-Einweg-E-Zigarette-Mit-Nikotin-Strawberry-Punch-2-100x100.webp 100w\" sizes=\"auto, (max-width: 1080px) 100vw, 1080px\" \/><\/p>\n<h2>Cechy produktu AL Fakher Crown Bar Pro 8000 Puffs<\/h2>\n<p>The \nnie wymaga t\u0142umaczenia <strong>AL Fakher Crown Bar Pro 8000 Puffs \nnie wymaga t\u0142umaczenia \nwiec \nAL Fakher Crown Bar Pro 8000 Puffs<\/strong> \u0141\u0105czy najnowocze\u015bniejsze funkcje maj\u0105ce na celu popraw\u0119 do\u015bwiadczenia wapowania. Skupiaj\u0105c si\u0119 na smaku, wydajno\u015bci i \u0142atwo\u015bci u\u017cytkowania, urz\u0105dzenie to wyr\u00f3\u017cnia si\u0119 na konkurencyjnym rynku jednorazowych waporyzator\u00f3w.<\/p>\n<h3><strong>1. Wysoki odczyt puchu dla przed\u0142u\u017conego u\u017cytkowania<\/strong><\/h3>\n<p>The \nnie wymaga t\u0142umaczenia <strong>8000 pff\u00f3w<\/strong> na urz\u0105dzenie zapewnia, \u017ce uzyskujesz d\u0142ugotrwa\u0142e u\u017cytkowanie przed konieczno\u015bci\u0105 wymiany. Niezale\u017cnie od tego, czy jeste\u015b okazjonalnym waporyzatorem, czy te\u017c osob\u0105, kt\u00f3ra lubi wiele sesji przez ca\u0142y dzie\u0144, urz\u0105dzenie to zapewnia wystarczaj\u0105c\u0105 ilo\u015b\u0107 e-p\u0142ynu dla przed\u0142u\u017conego przyjemno\u015bci.<\/p>\n<h3><strong>2. Zaawansowana cewka siatkowa dla wzmocnionego smaku<\/strong><\/h3>\n<p>Dzi\u0119ki <strong>technologia siatkowych cewek<\/strong>, the \nbrak t\u0142umaczenia, zwrot nie wymaga t\u0142umaczenia <strong>AL Fakher Crown Bar Pro<\/strong> oferuje bardziej p\u0142ynne do\u015bwiadczenie wapowania z bogatszym nat\u0119\u017ceniem smaku. Cewka siatkowa umo\u017cliwia r\u00f3wnomierne ogrzewanie p\u0142ynu elektronicznego, dostarczaj\u0105c pe\u0142niejsze i bardziej sp\u00f3jne wytwarzanie pary z ka\u017cdym zaci\u0105gni\u0119ciem.<\/p>\n<h3><strong>3. Du\u017ca pojemno\u015b\u0107 e-p\u0142ynu<\/strong><\/h3>\n<p>Z <strong>18ml pojemno\u015b\u0107 e-p\u0142ynu<\/strong>Ten waporyzator zawiera du\u017c\u0105 ilo\u015b\u0107 premiumowego e-p\u0142ynu, pozwalaj\u0105c cieszy\u0107 si\u0119 nieprzerwanymi sesjami bez ci\u0105g\u0142ego sprawdzania poziomu. Du\u017ca pojemno\u015b\u0107 gwarantuje, \u017ce mo\u017cesz cieszy\u0107 si\u0119 ulubionymi smakami przez ca\u0142y dzie\u0144 bez konieczno\u015bci cz\u0119stego uzupe\u0142niania.<\/p>\n<h3><strong>4. Konstrukcja z mo\u017cliwo\u015bci\u0105 ponownego \u0142adowania i wygodna w u\u017cyciu<\/strong><\/h3>\n<p>Wyposa\u017cony w <strong>Bateria akumulatorowa 600mAh<\/strong>, the \nbrak t\u0142umaczenia, zwrot nie wymaga t\u0142umaczenia <strong>AL Fakher Crown Bar Pro<\/strong> oferuje du\u017c\u0105 moc dla d\u0142ugotrwa\u0142ych sesji. The <strong>Port \u0142adowania typu C<\/strong> Zapewnia szybkie i efektywne \u0142adowanie, minimalizuj\u0105c czas przestoju i pozwalaj\u0105c na szybkie do\u0142adowanie oraz powr\u00f3t do korzystania z e-papierosa.<\/p>\n<h3><strong>5. Kompaktowy, Ergonomiczny Kszta\u0142t<\/strong><\/h3>\n<p>Pomimo du\u017cej pojemno\u015bci e-liquidu i wysokiej liczby zaci\u0105gni\u0119\u0107, <strong>AL Fakher Crown Bar Pro<\/strong> jest zaskakuj\u0105co kompaktowy. Jego wymiary wynosz\u0105 <strong>19 x 109mm<\/strong>, zosta\u0142 zaprojektowany, aby by\u0142 przeno\u015bny, lekki i \u0142atwy do przenoszenia. Ergonomiczna konstrukcja sprawia, \u017ce jest wygodny w trzymaniu, zapewniaj\u0105c satysfakcjonuj\u0105cy chwyt podczas ka\u017cdego u\u017cycia.<\/p>\n<h3><strong>6. Optymalny Poziom Nikotyny<\/strong><\/h3>\n<p>Urz\u0105dzenie zawiera <strong>0,5% nikotyna (5mg)<\/strong>kt\u00f3ry zapewnia idealn\u0105 r\u00f3wnowag\u0119 dla os\u00f3b szukaj\u0105cych satysfakcjonuj\u0105cego do\u015bwiadczenia nikotynowego bez przyt\u0142aczaj\u0105cego efektu. Zapewnia odpowiedni\u0105 ilo\u015b\u0107 satysfakcji z ka\u017cdym zaci\u0105gni\u0119ciem.<\/p>\n<h3><strong>7. Odporno\u015b\u0107 na temperatur\u0119<\/strong><\/h3>\n<p>Czy vape'ujesz w gor\u0105cym czy zimnym powietrzu, <strong>AL Fakher Crown Bar Pro<\/strong> jest zbudowany do pracy w zakresie temperatur, od <strong>-10\u00b0C do +40\u00b0C<\/strong>Jego niezawodna wydajno\u015b\u0107 sprawia, \u017ce jest to idealny wyb\u00f3r dla waporyzuj\u0105cych u\u017cytkownik\u00f3w, niezale\u017cnie od klimatu.<\/p>\n<h2>Odkryj Bogate i R\u00f3\u017cnorodne Smaki AL Fakher Crown Bar Pro 8000 Puffs<\/h2>\n<p>The \nnie wymaga t\u0142umaczenia <strong>AL Fakher Crown Bar Pro 8000 Puffs \nnie wymaga t\u0142umaczenia \nwiec \nAL Fakher Crown Bar Pro 8000 Puffs<\/strong> jest dost\u0119pna w szerokiej gamie apetycznych smak\u00f3w, gwarantuj\u0105c, \u017ce ka\u017cdy znajdzie co\u015b dla swojego gustu. Od owocowych i orze\u017awiaj\u0105cych po ch\u0142odne i mentolowe, ka\u017cdy smak jest starannie opracowany, aby zapewni\u0107 satysfakcjonuj\u0105ce do\u015bwiadczenie. Oto bli\u017cszy rzut oka na ofert\u0119 smakow\u0105:<\/p>\n<h3><strong>1. Dwa Jab\u0142ka<\/strong><\/h3>\n<p>Ten smak to zachwycaj\u0105ca mieszanka s\u0142odkich i kwa\u015bnych jab\u0142ek, zapewniaj\u0105ca orze\u017awiaj\u0105cy i chrupi\u0105cy posmak z ka\u017cdym zaci\u0105gni\u0119ciem. Mieszanka r\u00f3\u017cnych odmian jab\u0142ek tworzy dobrze zr\u00f3wnowa\u017cony profil smakowy, kt\u00f3ry jest zar\u00f3wno orze\u017awiaj\u0105cy, jak i znajomy. <strong>Dwa Jab\u0142ka<\/strong> jest idealnym wyborem dla ka\u017cdego, kto lubi owocowe, soczyste wapowanie.<\/p>\n<h3><strong>2. Winogrono-Mi\u0119ta<\/strong><\/h3>\n<p>Je\u015bli lubisz po\u0142\u0105czenie s\u0142odkich owoc\u00f3w i ch\u0142odnego, orze\u017awiaj\u0105cego akcentu, <strong>Mi\u0119ta Winogronowa<\/strong> jest konieczno\u015bci\u0105 do wypr\u00f3bowania. Dojrza\u0142y, soczysty smak winogrona idealnie komponuje si\u0119 z orze\u017awiaj\u0105cym wybuchem mi\u0119ty, oferuj\u0105c g\u0142adkie i s\u0142odkie wapowanie z ch\u0142odnym finiszem. Jest to idealny wyb\u00f3r na ciep\u0142\u0105 pogod\u0119 lub dla ka\u017cdego, kto lubi mentolowy kopniak.<\/p>\n<h3><strong>Lush Ice<\/strong><\/h3>\n<p>Dla tych, kt\u00f3rzy wol\u0105 po\u0142\u0105czenie owocowo\u015bci z mentolowym ch\u0142odzeniem, <strong>Lush Ice<\/strong> jest doskona\u0142\u0105 opcj\u0105. Ten smak \u0142\u0105czy s\u0142odki, soczysty smak melona z ch\u0142odz\u0105cym dzia\u0142aniem mentolu, zapewniaj\u0105c od\u015bwie\u017caj\u0105ce i g\u0142adkie do\u015bwiadczenie. <strong>Lush Ice<\/strong> jest idealny dla ka\u017cdego, kto szuka owocowego smaku z ch\u0142odnym akcentem.<\/p>\n<h3><strong>4. Brzoskwiowy L\u00f3d<\/strong><\/h3>\n<p>Urocze po\u0142\u0105czenie s\u0142odkich brzoskwi\u0144 i orze\u017awiaj\u0105cego mentolu, <strong>Peach Ice<\/strong> oferuje g\u0142adki i ch\u0142odz\u0105cy vape o s\u0142odkim, tropikalnym smaku. Naturalna s\u0142odycz dojrza\u0142ych brzoskwi\u0144 jest uzupe\u0142niona chrupi\u0105cym mentolowym finiszem, co sprawia, \u017ce jest to satysfakcjonuj\u0105cy i przyjemny vape.<\/p>\n<h3><strong>5. Mi\u0119ta Gumowa<\/strong><\/h3>\n<p><strong>Gum Mi\u0119towy<\/strong> Przynosi nostalgiczny smak gumy do \u017cucia w po\u0142\u0105czeniu z mi\u0119towym akcentem. Jest to zabawny i s\u0142odki smak z ch\u0142odnym posmakiem, wywo\u0142uj\u0105cy wspomnienia dzieci\u0144stwa, jednocze\u015bnie oferuj\u0105c od\u015bwie\u017caj\u0105ce do\u015bwiadczenie wapowania. Idealny dla tych, kt\u00f3rzy lubi\u0105 zar\u00f3wno s\u0142odkie, jak i mi\u0119towe smaki.<\/p>\n<h3><strong>6. \u017belki Bor\u00f3wkowe<\/strong><\/h3>\n<p>Ta aromatyczna opcja \u0142\u0105czy soczyste jagody z s\u0142odkim, ci\u0105gn\u0105cym si\u0119 smakiem gumy do \u017cucia, tworz\u0105c wype\u0142niony jagodami waporyzator, kt\u00f3ry jest zar\u00f3wno satysfakcjonuj\u0105cy, jak i zabawny. <strong>\u017bywicka Guma<\/strong> jest idealnym wyborem dla tych, kt\u00f3rzy kochaj\u0105 owocowe smaki z s\u0142odkim akcentem.<\/p>\n<h3><strong>7. Cytrynowy Mi\u0119ta<\/strong><\/h3>\n<p>Dla pikantnego i orze\u017awiaj\u0105cego do\u015bwiadczenia, <strong>Cytrynowy Mi\u0119ta<\/strong> oferuje kwaskowat\u0105 jasno\u015b\u0107 \u015bwie\u017cego cytryny, uzupe\u0142nion\u0105 przez ch\u0142odny mi\u0119towy posmak. Ten smak zapewnia odwa\u017cne, cytrusowe uderzenie, idealne dla ka\u017cdego, kto szuka chrupi\u0105cego i orze\u017awiaj\u0105cego wapowania.<\/p>\n<h3><strong>8. Magiczna Mi\u0142o\u015b\u0107<\/strong><\/h3>\n<p>Mysteriouszna i egzotyczna mieszanka, <strong>Magiczna Mi\u0142o\u015b\u0107<\/strong> oferuje owocowy profil z s\u0142odkimi i tropikalnymi nutami, kt\u00f3re zmieniaj\u0105 si\u0119 z ka\u017cdym zaci\u0105gni\u0119ciem. Ten smak jest idealny dla os\u00f3b szukaj\u0105cych wyj\u0105tkowego i pe\u0142nego przyg\u00f3d do\u015bwiadczenia z wapowaniem.<\/p>\n<h3><strong>Czarna Porzeczka L\u00f3d<\/strong><\/h3>\n<p>Bogatych, intensywnych owoc\u00f3w czarnej porzeczki w po\u0142\u0105czeniu z ch\u0142odno\u015bci\u0105 mentolu sprawia, \u017ce <strong>Czarny Porzeczkowy L\u00f3d<\/strong> Odwa\u017cna, satysfakcjonuj\u0105ca opcja. G\u0142\u0119bia smaku jagodowego i orze\u017awiaj\u0105ce wyko\u0144czenie mentolowe sprawiaj\u0105, \u017ce jest to doskona\u0142y wyb\u00f3r dla mi\u0142o\u015bnik\u00f3w jag\u00f3d.<\/p>\n<h3><strong>10. Puncherz truskawkowy<\/strong><\/h3>\n<p>\u017bywa mieszanka dojrza\u0142ych truskawek z s\u0142odkim, cukierkowym podtonem, <strong>Truskawkowy Puncher<\/strong> jest klasycznym faworytem. Jego s\u0142odki i soczysty profil dostarcza owocnego, orze\u017awiaj\u0105cego doznania vape, idealnego na ka\u017cd\u0105 por\u0119 dnia.<\/p>\n<h3><strong>11. S\u0142odki Pasjafruit<\/strong><\/h3>\n<p>Dla tych, kt\u00f3rzy kochaj\u0105 tropikalne smaki, <strong>S\u0142odki Pasjonat<\/strong> oferuje bujny, egzotyczny smak, kt\u00f3ry przenosi Ci\u0119 do s\u0142onecznego raju. S\u0142odki i kwa\u015bny smak pasiflorowy zapewnia wyj\u0105tkowe i przyjemne do\u015bwiadczenie wapowania.<\/p>\n<h3><strong>12. Berry Ice<\/strong><\/h3>\n<p>Mieszanka jag\u00f3d z orze\u017awiaj\u0105cym akcentem mentolu, <strong>Berry Ice<\/strong> dostarcza aromatycznego i orze\u017awiaj\u0105cego wapowania. Po\u0142\u0105czenie s\u0142odkich jag\u00f3d i ch\u0142odz\u0105cego mentolu tworzy idealn\u0105 r\u00f3wnowag\u0119 dla tych, kt\u00f3rzy lubi\u0105 owocowe, ch\u0142odne wapowanie.<\/p>\n<h3><strong>13. Mi\u0119ta<\/strong><\/h3>\n<p>Proste, a zarazem satysfakcjonuj\u0105ce, <strong>Mi\u0119ta<\/strong> oferuje czysty, orze\u017awiaj\u0105cy smak mentolu, kt\u00f3ry jest \u015bwie\u017cy i czysty. Jest idealnym wyborem dla ka\u017cdego, kto lubi prosty, ch\u0142odny smak bez dodatk\u00f3w.<\/p>\n<h2>Dlaczego wybra\u0107 AL Fakher Crown Bar Pro 8000 Puffs?<\/h2>\n<p>The \nnie wymaga t\u0142umaczenia <strong>AL Fakher Crown Bar Pro 8000 Puffs \nnie wymaga t\u0142umaczenia \nwiec \nAL Fakher Crown Bar Pro 8000 Puffs<\/strong> jest czym\u015b wi\u0119cej ni\u017c tylko urz\u0105dzeniem do wapowania; to inwestycja w jako\u015b\u0107, trwa\u0142o\u015b\u0107 i wygod\u0119. Kiedy kupujesz od<a href=\"https:\/\/fumotxpress.de\/pl\/\"> <strong>FumotXpress.de<\/strong><\/a>, masz gwarancj\u0119 autentycznego produktu, popartego doskona\u0142\u0105 obs\u0142ug\u0105 klienta oraz szybk\u0105 i niezawodn\u0105 wysy\u0142k\u0105 w obr\u0119bie UE. Oto kluczowe korzy\u015bci:<\/p>\n<h3><strong>1. Rozszerzone u\u017cytkowanie<\/strong><\/h3>\n<p>Do nawet <strong>8000 pff\u00f3w<\/strong> na urz\u0105dzenie, <strong><a href=\"https:\/\/fumotxpress.de\/pl\/\">AL Fakher<\/a> Crown Bar Pro<\/strong> oferuje jedno z najd\u0142u\u017cej trwaj\u0105cych do\u015bwiadcze\u0144 zwi\u0105zanych z wapowaniem dost\u0119pnych w jednorazowym waporyzatorze. Ciesz si\u0119 swoimi ulubionymi smakami bez konieczno\u015bci ci\u0105g\u0142ej wymiany urz\u0105dzenia.<\/p>\n<h3><strong>2. Wysoka Jako\u015b\u0107<\/strong><\/h3>\n<p>AL Fakher jest znany ze swojego zaanga\u017cowania w jako\u015b\u0107, gwarantuj\u0105c, \u017ce ka\u017cde urz\u0105dzenie zapewnia sta\u0142\u0105 wydajno\u015b\u0107 i satysfakcjonuj\u0105ce do\u015bwiadczenie wapowania. Wysokiej jako\u015bci e-p\u0142yn stosowany w ka\u017cdym urz\u0105dzeniu zachowuje swoj\u0105 integralno\u015b\u0107 smakow\u0105 przez ca\u0142y okres u\u017cytkowania.<\/p>\n<h3><strong>3. Wygodny i przyjazny dla u\u017cytkownika<\/strong><\/h3>\n<p>The \nnie wymaga t\u0142umaczenia <strong>AL Fakher Crown Bar Pro<\/strong> Gotowy do u\u017cytku od razu po wyj\u0119ciu z opakowania. Po prostu \u0142aduj go w razie potrzeby i ciesz si\u0119 g\u0142adkim, satysfakcjonuj\u0105cym parowaniem z ka\u017cdym zaci\u0105gni\u0119ciem. Jego przyjazna dla u\u017cytkownika konstrukcja zapewnia bezproblemowe do\u015bwiadczenie dla wszystkich waporyzuj\u0105cych.<\/p>\n<h3><strong>4. Szybka wysy\u0142ka w UE<\/strong><\/h3>\n<p>W <strong>FumotXpress.de<\/strong>, oferujemy szybk\u0105 wysy\u0142k\u0119 z naszego europejskiego magazynu, dzi\u0119ki czemu mo\u017cesz cieszy\u0107 si\u0119 swoim <strong>AL Fakher Crown Bar Pro<\/strong> w ramach <strong>3\u20137 dni<\/strong>. Nie wi\u0119cej d\u0142ugich czek\u00f3w na mi\u0119dzynarodowe przesy\u0142ki!<\/p>\n<h3><strong>5. Brak minimalnej ilo\u015bci zam\u00f3wienia<\/strong><\/h3>\n<p>Niezale\u017cnie od tego, czy kupujesz jedn\u0105 sztuk\u0119, czy hurtowo, <a href=\"https:\/\/fumotxpress.de\/pl\/\"><strong>FumotXpress.de<\/strong><\/a> nie ma minimalnej ilo\u015bci zam\u00f3wienia. Zam\u00f3w tyle lub tak ma\u0142o, jak potrzebujesz i ciesz si\u0119 elastyczno\u015bci\u0105 zakup\u00f3w zgodnie z Twoimi preferencjami.<\/p>\n<h2>Ostateczne my\u015bli<\/h2>\n<p>The \nnie wymaga t\u0142umaczenia<a href=\"https:\/\/fumotxpress.de\/pl\/\"> <strong>AL Fakher Crown Bar Pro 8000 Puffs \nnie wymaga t\u0142umaczenia \nwiec \nAL Fakher Crown Bar Pro 8000 Puffs<\/strong> <\/a>jest wyj\u0105tkowym wyborem dla ka\u017cdego, kto szuka premiumowego do\u015bwiadczenia z wapowaniem. Dzi\u0119ki imponuj\u0105cej liczbie zaci\u0105gni\u0119\u0107, wysokiej jako\u015bci funkcjom i r\u00f3\u017cnorodnej gamie smak\u00f3w, ustanawia nowy standard dla jednorazowych waporyzator\u00f3w. Odwied\u017a <strong>FumotXpress.de<\/strong> dzi\u015b, aby zapozna\u0107 si\u0119 z nasz\u0105 szerok\u0105 ofert\u0105 jednorazowych waporyzator\u00f3w i<\/p>","protected":false},"excerpt":{"rendered":"<p>Do\u015bwiadcz Najwy\u017cszej Przyjemno\u015bci z Parowania z AL Fakher Crown Bar Pro 8000 Puffs AL Fakher Crown Bar Pro 8000 Puffs ustanawia nowy standard dla jednorazowych waporyzator\u00f3w, \u0142\u0105cz\u0105c innowacyjn\u0105 technologi\u0119, elegancki design i wyj\u0105tkowe opcje smakowe, aby stworzy\u0107 niezr\u00f3wnane do\u015bwiadczenie parowania. Z jego imponuj\u0105cymi 8000 zaci\u0105gni\u0119ciami na urz\u0105dzenie, zaawansowan\u0105 technologi\u0105 cewki siatkowej i [\u2026]","protected":false},"featured_media":2191,"comment_status":"open","ping_status":"closed","template":"","meta":{"om_disable_all_campaigns":false},"product_brand":[],"product_cat":[16,91,92,94,97,99,101,102,104,105,106,107,111,78,79,80,81,82,83,84,85,86,87,88,89,90,70,71,56,61,63,60,65,67,68],"product_tag":[],"class_list":{"0":"post-1664","1":"product","2":"type-product","3":"status-publish","4":"has-post-thumbnail","6":"product_cat-al-fakher-disposable-vapes","7":"product_cat-buy-best-disposable-vape-flavors","8":"product_cat-apple-flavor-disposable-vapes","9":"product_cat-blueberry-flavor-disposable-vapes","10":"product_cat-grape-flavor-disposable-vapes","11":"product_cat-ice-flavor-disposable-vapes","12":"product_cat-lemon-flavor-disposable-vapes","13":"product_cat-lush-flavor-disposable-vapes","14":"product_cat-mint-flavor-disposable-vapes","15":"product_cat-mixed-berries-flavor-disposable-vapes","16":"product_cat-passion-fruit-flavor-disposable-vapes","17":"product_cat-peach-flavor-disposable-vapes","18":"product_cat-strawberry-flavor-disposable-vapes","19":"product_cat-best-disposable-vape-in-europe","20":"product_cat-buy-disposable-vapes-in-austria","21":"product_cat-buy-disposable-vapes-in-belgium","22":"product_cat-buy-disposable-vapes-in-france","23":"product_cat-buy-disposable-vapes-in-germany","24":"product_cat-buy-disposable-vapes-in-italy","25":"product_cat-buy-disposable-vapes-in-netherlands","26":"product_cat-buy-disposable-vapes-in-norway","27":"product_cat-buy-disposable-vapes-in-poland","28":"product_cat-buy-disposable-vapes-in-portugal","29":"product_cat-buy-disposable-vapes-in-spain","30":"product_cat-buy-disposable-vapes-in-sweden","31":"product_cat-buy-disposable-vapes-in-switzerland","32":"product_cat-shop-disposable-vapes-by-puffs","33":"product_cat-8000-puff-disposable-vape","34":"product_cat-disposable-vape-types","35":"product_cat-big-puffs-disposable-vapes","36":"product_cat-digital-box-disposable-vapes","37":"product_cat-full-screen-disposable-vapes","38":"product_cat-lower-nicotine-disposable-vapes","39":"product_cat-rechargeable-disposable-vapes","40":"product_cat-shisha-hookah-disposable-vapes","42":"first","43":"instock","44":"shipping-taxable","45":"purchasable","46":"product-type-variable"},"_links":{"self":[{"href":"https:\/\/fumotxpress.de\/pl\/wp-json\/wp\/v2\/product\/1664","targetHints":{"allow":["GET"]}}],"collection":[{"href":"https:\/\/fumotxpress.de\/pl\/wp-json\/wp\/v2\/product"}],"about":[{"href":"https:\/\/fumotxpress.de\/pl\/wp-json\/wp\/v2\/types\/product"}],"replies":[{"embeddable":true,"href":"https:\/\/fumotxpress.de\/pl\/wp-json\/wp\/v2\/comments?post=1664"}],"wp:featuredmedia":[{"embeddable":true,"href":"https:\/\/fumotxpress.de\/pl\/wp-json\/wp\/v2\/media\/2191"}],"wp:attachment":[{"href":"https:\/\/fumotxpress.de\/pl\/wp-json\/wp\/v2\/media?parent=1664"}],"wp:term":[{"taxonomy":"product_brand","embeddable":true,"href":"https:\/\/fumotxpress.de\/pl\/wp-json\/wp\/v2\/product_brand?post=1664"},{"taxonomy":"product_cat","embeddable":true,"href":"https:\/\/fumotxpress.de\/pl\/wp-json\/wp\/v2\/product_cat?post=1664"},{"taxonomy":"product_tag","embeddable":true,"href":"https:\/\/fumotxpress.de\/pl\/wp-json\/wp\/v2\/product_tag?post=1664"}],"curies":[{"name":"wp","href":"https:\/\/api.w.org\/{rel}","templated":true}]}}