{"id":1633,"date":"2024-11-22T06:43:15","date_gmt":"2024-11-22T06:43:15","guid":{"rendered":"https:\/\/fumotxpress.de\/?post_type=product&#038;p=1633"},"modified":"2025-05-23T08:35:04","modified_gmt":"2025-05-23T08:35:04","slug":"magazyn-europejski-last-love-20000-zaciagniec-o-niskiej-zawartosci-nikotyny-kup-oryginalny-authentisch-akumulatorowy-jednorazowy-dlugopis-vapes","status":"publish","type":"product","link":"https:\/\/fumotxpress.de\/pl\/produkt\/magazyn-europejski-last-love-20000-zaciagniec-o-niskiej-zawartosci-nikotyny-kup-oryginalny-authentisch-akumulatorowy-jednorazowy-dlugopis-vapes\/","title":{"rendered":"Europejski Magazyn Ostatnia Mi\u0142o\u015b\u0107 20000 Puff\u00f3w Niski Nikotyna Kup oryginalny Autentyczny Rechargeable Jednorazowe Vapes Pen"},"content":{"rendered":"<div class=\"flex max-w-full flex-col flex-grow\">\n<div class=\"min-h-8 text-message flex w-full flex-col items-end gap-2 whitespace-normal break-words [.text-message+&amp;]:mt-5\" dir=\"auto\" data-message-author-role=\"assistant\" data-message-id=\"7774bd88-5843-480b-a616-9aa0730633a5\" data-client-thread-id=\"WEB:5163763a-dd3e-4377-a6ad-548896bb6062\" data-message-model-slug=\"gpt-4o\">\n<div class=\"flex w-full flex-col gap-1 empty:hidden first:pt-[3px]\">\n<div class=\"markdown prose w-full break-words dark:prose-invert light\">\n<h2><strong>Europejski Magazyn Ostatnia Mi\u0142o\u015b\u0107 20000 Puff\u00f3w Niski Nikotyna Kup oryginalny Autentyczny Rechargeable Jednorazowe Vapes Pen<\/strong><\/h2>\n<p>The \nnie wymaga t\u0142umaczenia <strong><a href=\"https:\/\/fumotxpress.de\/pl\/\">Ostatnia Mi\u0142o\u015b\u0107 20000 Puff\u00f3w Akumulatorowa Jednorazowa Waporyzator<\/a> Kit<\/strong> Redefiniuje standardy wygody, wydajno\u015bci i stylu w wapowaniu. Zaprojektowane z my\u015bl\u0105 o nowoczesnych waperach, to innowacyjne urz\u0105dzenie oferuje d\u0142ugotrwa\u0142e, premium do\u015bwiadczenie bez konieczno\u015bci cz\u0119stej wymiany. Niezale\u017cnie od tego, czy jeste\u015b okazjonalnym u\u017cytkownikiem, czy do\u015bwiadczonym waperem, <a href=\"https:\/\/fumotxpress.de\/pl\/\"><strong>Ostatni zestaw vape Last Love<\/strong><\/a> Zapewnia, \u017ce ka\u017cdy puff jest aromatyczny, g\u0142adki i satysfakcjonuj\u0105cy.<\/p>\n<p>Do nawet <strong>20 000 pff\u00f3w<\/strong>, elegancki design na temat EURO2024 oraz funkcj\u0119 \u0142adowania, zestaw vape \u0142\u0105czy zaawansowan\u0105 technologi\u0119 z praktyczno\u015bci\u0105. Dost\u0119pny w <strong>12 charakterystycznych smak\u00f3w<\/strong>, urz\u0105dzenie to gwarantuje spersonalizowane do\u015bwiadczenie wapowania, dostosowane do ka\u017cdego gustu.<\/p>\n<hr \/>\n<h2><strong>Europejskie Magazyny Ostatnia Mi\u0142o\u015b\u0107 20000 Puffs\u00a0<\/strong><strong>Szczeg\u00f3\u0142owy opis produktu<\/strong><\/h2>\n<p>The \nnie wymaga t\u0142umaczenia <strong>Ostatnia Mi\u0142o\u015b\u0107 20000 Puff\u00f3w Akumulatorowa Jednorazowa Waporyzator Kit<\/strong> jest cudem in\u017cynierii i estetycznej doskona\u0142o\u015bci. Stworzony dla tych, kt\u00f3rzy szukaj\u0105 niezawodno\u015bci i stylu, vape pen charakteryzuje si\u0119 wytrzyma\u0142\u0105 konstrukcj\u0105 i du\u017cymi <strong>22ml pojemnik na p\u0142yn elektroniczny<\/strong>i zintegrowany <strong>Bateria akumulatorowa 800mAh<\/strong>.<\/p>\n<p>To <strong>EURO2024 Wydanie Limitowane<\/strong> design celebruje globaln\u0105 pasj\u0119 do pi\u0142ki no\u017cnej, zapewniaj\u0105c jednocze\u015bnie optymaln\u0105 wydajno\u015b\u0107 wapowania. Urz\u0105dzenie zosta\u0142o stworzone w celu redukcji odpad\u00f3w i wyposa\u017cone w wygodny port \u0142adowania u do\u0142u, umo\u017cliwiaj\u0105c wykorzystanie ka\u017cdej kropli e-p\u0142ynu przed utylizacj\u0105.<\/p>\n<h2><strong>Europejskie Magazyny Ostatnia Mi\u0142o\u015b\u0107 20000 Puffs <\/strong><strong>Nisk\u0105 zawarto\u015b\u0107 nikotyny dla zr\u00f3wnowa\u017conego do\u015bwiadczenia<\/strong><\/h2>\n<p>Urz\u0105dzenie jest wst\u0119pnie nape\u0142nione <strong>2% nikotyna (20mg)<\/strong>oferuj\u0105c g\u0142adkie, a zarazem satysfakcjonuj\u0105ce do\u015bwiadczenie, odpowiednie zar\u00f3wno dla pocz\u0105tkuj\u0105cych, jak i do\u015bwiadczonych u\u017cytkownik\u00f3w. Ta niska koncentracja nikotyny zapewnia idealn\u0105 r\u00f3wnowag\u0119 dla cieszenia si\u0119 bogatymi smakami bez przyt\u0142aczaj\u0105cej intensywno\u015bci.<\/p>\n<h2><strong>Europejskie Magazyny Ostatnia Mi\u0142o\u015b\u0107 20000 Puffs <\/strong><strong>Zaawansowana Technologia dla Bezproblemowego Palenia<\/strong><\/h2>\n<p>Wbudowany <strong>0,6 Mesh Coil<\/strong> Podnosi do\u015bwiadczenie wapowania na wy\u017cszy poziom dzi\u0119ki produkcji sp\u00f3jnej, g\u0119stej pary. Produkcja pary jest p\u0142ynna, co podkre\u015bla profil smakowy ka\u017cdego zaci\u0105gni\u0119cia. Dodatkowo, intuicyjna bateria i wy\u015bwietlacz poziomu p\u0142ynu informuj\u0105 u\u017cytkownika o stanie urz\u0105dzenia, zapewniaj\u0105c bezproblemow\u0105 sesj\u0119 wapowania.<\/p>\n<hr \/>\n<h2><strong>Europejskie Magazyny Ostatnia Mi\u0142o\u015b\u0107 20000 Puffs <\/strong><strong>G\u0142\u00f3wne cechy Last Love 20000 Puffs Vape Kit<\/strong><\/h2>\n<ul>\n<li><strong>20 000 pff\u00f3w na urz\u0105dzenie<\/strong><br \/>\nCiesz si\u0119 przed\u0142u\u017conym do\u015bwiadczeniem wapowania z imponuj\u0105c\u0105 liczb\u0105 zaci\u0105gni\u0119\u0107, kt\u00f3ra przewy\u017csza wi\u0119kszo\u015b\u0107 jednorazowych zestaw\u00f3w vape.<\/li>\n<li><strong>22ml pojemnik na p\u0142yn elektroniczny<\/strong><br \/>\nDu\u017cy zbiornik eliminuje konieczno\u015b\u0107 cz\u0119stego uzupe\u0142niania, zapewniaj\u0105c nieprzerwane korzystanie.<\/li>\n<li><strong>Port \u0141adowalny<\/strong><br \/>\nZnajduj\u0105cy si\u0119 u podstawy urz\u0105dzenia port do \u0142adowania maksymalizuje u\u017cyteczno\u015b\u0107, zapewniaj\u0105c, \u017ce \u017cadna e-ciecz nie zostanie zmarnowana.<\/li>\n<li><strong>Bateria zintegrowana 800mAh<\/strong><br \/>\nTa pot\u0119\u017cna i akumulatorowa bateria obs\u0142uguje d\u0142ugie sesje wapowania, co sprawia, \u017ce jest wyborem op\u0142acalnym i przyjaznym dla \u015brodowiska.<\/li>\n<li><strong>0,6 Technologia Cewki Siatkowej<\/strong><br \/>\nPoprawia jako\u015b\u0107 pary i intensywno\u015b\u0107 smaku, zapewniaj\u0105c stale g\u0142adkie do\u015bwiadczenie wapowania.<\/li>\n<li><strong>Wska\u017aniki poziomu baterii i cieczy<\/strong><br \/>\nB\u0105d\u017a na bie\u017c\u0105co z monitorowaniem w czasie rzeczywistym poziomu baterii i poziomu e-p\u0142yn\u00f3w dla p\u0142ynnego u\u017cytkowania.<\/li>\n<li><strong>EURO2024 Wydanie Limitowane Design<\/strong><br \/>\nPrzyci\u0105gaj\u0105cy wzrok, tematycznie pi\u0142karski design, kt\u00f3ry uzupe\u0142nia premium funkcjonalno\u015b\u0107 urz\u0105dzenia.<\/li>\n<li><strong>Szeroki wyb\u00f3r smak\u00f3w<\/strong><br \/>\nWybierz jeden z 12 unikalnych i ekscytuj\u0105cych smak\u00f3w, ka\u017cdy stworzony dla niezapomnianego do\u015bwiadczenia z wapowaniem.<\/li>\n<\/ul>\n<hr \/>\n<h2><strong>Europejskie Magazyny Ostatnia Mi\u0142o\u015b\u0107 20000 Puffs <\/strong><strong>Przegl\u0105d smak\u00f3w<\/strong><\/h2>\n<h3><strong>Wyb\u00f3r Smak\u00f3w<\/strong><\/h3>\n<ol>\n<li><strong>Lush Arbuz<\/strong><br \/>\nSokowaty, s\u0142odki i orze\u017awiaj\u0105cy, ten smak oddaje esencj\u0119 dojrza\u0142ych arbuz\u00f3w z chrupi\u0105cym, ch\u0142odnym finiszem.<\/li>\n<li><strong>Mango Delight<\/strong><br \/>\nTropikalna eksplozja soczystych mango, dostarczaj\u0105ca bogaty, owocowy smak z g\u0142adkim posmakiem.<\/li>\n<li><strong>Blueberry Bliss \nnie wymaga t\u0142umaczenia, pozostaje: Blueberry Bliss<\/strong><br \/>\nWybuch \u015bwie\u017cych bor\u00f3wek z nut\u0105 s\u0142odyczy, idealny dla mi\u0142o\u015bnik\u00f3w owoc\u00f3w.<\/li>\n<li><strong>Ch\u0142odna Mi\u0119ta<\/strong><br \/>\nOd\u015bwie\u017caj\u0105ce, mi\u0119towe doznanie, kt\u00f3re pozostawia chrupi\u0105cy, czysty i ch\u0142odny efekt z ka\u017cdym zaci\u0105gni\u0119ciem.<\/li>\n<li><strong>Truskawkowy Wybuch<\/strong><br \/>\nS\u0142odziak i wykwintny, ten smak \u0142\u0105czy naturalne pi\u0119kno truskawek z zadowalaj\u0105c\u0105 g\u0142\u0119bi\u0105.<\/li>\n<li><strong>Tropikalna Mieszanka<\/strong><br \/>\nMieszanka egzotycznych owoc\u00f3w po\u0142\u0105czonych w harmonijny i \u017cywy tropikalny raj.<\/li>\n<li><strong>Krem waniliowy<\/strong><br \/>\nG\u0142adki i kremowy, ten luksusowy smak zapewnia dekadenckie do\u015bwiadczenie podobne do deseru.<\/li>\n<li><strong>Apple Ice<\/strong><br \/>\nKwa\u015bny, a zarazem s\u0142odki smak jab\u0142ka z ch\u0142odnym, lodowatym akcentem, kt\u00f3ry orze\u017awia podniebienie.<\/li>\n<li><strong>Eksplozja Winogron<\/strong><br \/>\nOdwa\u017cny i soczysty, ten smak oddaje bogactwo \u015bwie\u017cych winogron z lekko kwa\u015bnym podtonem.<\/li>\n<li><strong>Wi\u015bniowy Mr\u00f3z<\/strong><br \/>\nS\u0142odkie wi\u015bnie spotykaj\u0105 si\u0119 z chrupi\u0105cym, mro\u017anym finiszem, zapewniaj\u0105c przyjemne i zr\u00f3wnowa\u017cone do\u015bwiadczenie wapowania.<\/li>\n<li><strong>Cola Fizz<\/strong><br \/>\nCiesz si\u0119 nostalgicznym smakiem gazowanej coli z nut\u0105 cytrusowej \u015bwie\u017co\u015bci dla pysznego, musuj\u0105cego przysmaku.<\/li>\n<li><strong>Peach Bliss<\/strong><br \/>\nS\u0142odka, mi\u0119kka i aromatyczna, ta brzoskwi\u0144owa esencja zapewnia lekkie i przyjemne doznania podczas wapowania.<\/li>\n<\/ol>\n<hr \/>\n<h2><strong>Europejskie Magazyny Ostatnia Mi\u0142o\u015b\u0107 20000 Puffs <\/strong><strong>Dlaczego warto kupowa\u0107 od FumotXpress.de?<\/strong><\/h2>\n<p>W <strong>FumotXpress.de<\/strong>, specjalizujemy si\u0119 w oferowaniu najwy\u017cszej jako\u015bci jednorazowych waporyzator\u00f3w, w tym zaufanych marek takich jak <strong>Al Fakher<\/strong>, <strong>Fizzy<\/strong>, <strong>OBEELAB HHC<\/strong>i <strong>SMPO DL02<\/strong>Oto dlaczego warto u nas robi\u0107 zakupy:<\/p>\n<ul>\n<li><strong>Najwi\u0119kszy internetowy sprzedawca detaliczny w Niemczech<\/strong><br \/>\nJeste\u015bmy najlepsz\u0105 platform\u0105 do zakupu autentycznych jednorazowych waporyzator\u00f3w w UE.<\/li>\n<li><strong>Brak minimalnej ilo\u015bci zam\u00f3wienia<\/strong><br \/>\nKup jedn\u0105 sztuk\u0119 lub zaopatrz si\u0119 hurtowo - wszystko to wygodnie.<\/li>\n<li><strong>Szybka europejska wysy\u0142ka<\/strong><br \/>\nNasze <strong>Magazyn europejski<\/strong> zapewnia, \u017ce Twoje zam\u00f3wienie dotrze w ci\u0105gu <strong>3-7 dni<\/strong>, gwarantuj\u0105c szybki i niezawodny proces dostawy.<\/li>\n<li><strong>Autentyczno\u015b\u0107 zagwarantowana<\/strong><br \/>\nZakupy z pewno\u015bci\u0105 - wiedz\u0105c, \u017ce kupujesz oryginalne produkty poparte doskona\u0142\u0105 obs\u0142ug\u0105 klienta.<\/li>\n<\/ul>\n<hr \/>\n<h2><strong>Europejskie Magazyny Ostatnia Mi\u0142o\u015b\u0107 20000 Puffs <\/strong><strong>Ostateczne my\u015bli<\/strong><\/h2>\n<p>The \nnie wymaga t\u0142umaczenia <strong>Ostatnia Mi\u0142o\u015b\u0107 20000 Puff\u00f3w Akumulatorowa Jednorazowa Waporyzator Kit<\/strong> jest najlepszym wyborem dla ka\u017cdego, kto szuka premiumowego do\u015bwiadczenia z wapowaniem, kt\u00f3remu towarzyszy niezr\u00f3wnana wygoda. Od imponuj\u0105cej liczby zaci\u0105gni\u0119\u0107 po przyjazn\u0105 dla \u015brodowiska, \u0142adowaln\u0105 konstrukcj\u0119, urz\u0105dzenie to jest \u015bwiadectwem nowoczesnej innowacji w dziedzinie wapowania.<\/p>\n<p>Odwied\u017a <a href=\"https:\/\/fumotxpress.de\/pl\/\"><strong>FumotXpress.de<\/strong><\/a> dzi\u015b, aby odkry\u0107 nasz szeroki zakres jednorazowych waporyzator\u00f3w i do\u015bwiadczy\u0107 najlepszej jako\u015bci i serwisu. Bez minimalnych wymaga\u0144 dotycz\u0105cych zam\u00f3wienia i szybkiej wysy\u0142ki w UE, wapowanie nigdy nie by\u0142o tak \u0142atwe ani dost\u0119pne!<\/p>\n<\/div>\n<\/div>\n<\/div>\n<\/div>","protected":false},"excerpt":{"rendered":"<p>\u201eOdkryj Last Love 20000 Puffs Rechargeable Disposable Vape Pen - autentyczny, d\u0142ugotrwa\u0142y i nisk\u0105 zawarto\u015bci\u0105 nikotyny, dost\u0119pny z naszego europejskiego magazynu z szybk\u0105 wysy\u0142k\u0105!\u201d<\/p>","protected":false},"featured_media":1632,"comment_status":"open","ping_status":"closed","template":"","meta":{"om_disable_all_campaigns":false},"product_brand":[],"product_cat":[29,91,92,94,95,96,97,99,101,102,103,104,106,107,111,112,78,79,80,81,82,83,84,85,86,87,88,89,90,70,76,56,61,63,65,67],"product_tag":[],"class_list":{"0":"post-1633","1":"product","2":"type-product","3":"status-publish","4":"has-post-thumbnail","6":"product_cat-last-love-disposable-vapes","7":"product_cat-buy-best-disposable-vape-flavors","8":"product_cat-apple-flavor-disposable-vapes","9":"product_cat-blueberry-flavor-disposable-vapes","10":"product_cat-cherry-flavor-disposable-vapes","11":"product_cat-cola-flavor-disposable-vapes","12":"product_cat-grape-flavor-disposable-vapes","13":"product_cat-ice-flavor-disposable-vapes","14":"product_cat-lemon-flavor-disposable-vapes","15":"product_cat-lush-flavor-disposable-vapes","16":"product_cat-mango-flavor-disposable-vapes","17":"product_cat-mint-flavor-disposable-vapes","18":"product_cat-passion-fruit-flavor-disposable-vapes","19":"product_cat-peach-flavor-disposable-vapes","20":"product_cat-strawberry-flavor-disposable-vapes","21":"product_cat-watermelon-flavor-disposable-vapes","22":"product_cat-best-disposable-vape-in-europe","23":"product_cat-buy-disposable-vapes-in-austria","24":"product_cat-buy-disposable-vapes-in-belgium","25":"product_cat-buy-disposable-vapes-in-france","26":"product_cat-buy-disposable-vapes-in-germany","27":"product_cat-buy-disposable-vapes-in-italy","28":"product_cat-buy-disposable-vapes-in-netherlands","29":"product_cat-buy-disposable-vapes-in-norway","30":"product_cat-buy-disposable-vapes-in-poland","31":"product_cat-buy-disposable-vapes-in-portugal","32":"product_cat-buy-disposable-vapes-in-spain","33":"product_cat-buy-disposable-vapes-in-sweden","34":"product_cat-buy-disposable-vapes-in-switzerland","35":"product_cat-shop-disposable-vapes-by-puffs","36":"product_cat-20000-puff-disposable-vape","37":"product_cat-disposable-vape-types","38":"product_cat-big-puffs-disposable-vapes","39":"product_cat-digital-box-disposable-vapes","40":"product_cat-lower-nicotine-disposable-vapes","41":"product_cat-rechargeable-disposable-vapes","43":"first","44":"instock","45":"shipping-taxable","46":"purchasable","47":"product-type-variable"},"_links":{"self":[{"href":"https:\/\/fumotxpress.de\/pl\/wp-json\/wp\/v2\/product\/1633","targetHints":{"allow":["GET"]}}],"collection":[{"href":"https:\/\/fumotxpress.de\/pl\/wp-json\/wp\/v2\/product"}],"about":[{"href":"https:\/\/fumotxpress.de\/pl\/wp-json\/wp\/v2\/types\/product"}],"replies":[{"embeddable":true,"href":"https:\/\/fumotxpress.de\/pl\/wp-json\/wp\/v2\/comments?post=1633"}],"wp:featuredmedia":[{"embeddable":true,"href":"https:\/\/fumotxpress.de\/pl\/wp-json\/wp\/v2\/media\/1632"}],"wp:attachment":[{"href":"https:\/\/fumotxpress.de\/pl\/wp-json\/wp\/v2\/media?parent=1633"}],"wp:term":[{"taxonomy":"product_brand","embeddable":true,"href":"https:\/\/fumotxpress.de\/pl\/wp-json\/wp\/v2\/product_brand?post=1633"},{"taxonomy":"product_cat","embeddable":true,"href":"https:\/\/fumotxpress.de\/pl\/wp-json\/wp\/v2\/product_cat?post=1633"},{"taxonomy":"product_tag","embeddable":true,"href":"https:\/\/fumotxpress.de\/pl\/wp-json\/wp\/v2\/product_tag?post=1633"}],"curies":[{"name":"wp","href":"https:\/\/api.w.org\/{rel}","templated":true}]}}