{"id":1548,"date":"2024-11-21T09:08:13","date_gmt":"2024-11-21T09:08:13","guid":{"rendered":"https:\/\/fumotxpress.de\/?post_type=product&#038;p=1548"},"modified":"2026-02-11T13:46:46","modified_gmt":"2026-02-11T13:46:46","slug":"groshandel-vozol-star-20000-puffow-einweg-vape-ciesz-sie-waporyzacja-premium-bez-minimalnego-zamowienia-i-szybka-dostawa-z-naszego-europejskiego-magazynu","status":"publish","type":"product","link":"https:\/\/fumotxpress.de\/pl\/produkt\/groshandel-vozol-star-20000-puffow-einweg-vape-ciesz-sie-waporyzacja-premium-bez-minimalnego-zamowienia-i-szybka-dostawa-z-naszego-europejskiego-magazynu\/","title":{"rendered":"Wielkogabarytowy Vozol Star 20000 Puffs Jednorazowy Vape Ciesz si\u0119 premium wapowaniem bez minimalnej ilo\u015bci zam\u00f3wienia i szybk\u0105 dostaw\u0105 z naszego europejskiego magazynu."},"content":{"rendered":"<h2><strong>Wielkopowierzchniowy Vozol Star 20000 Puffs Jednorazowy Nisk\u0105 Zawarto\u015b\u0107 Nikotyny Kup oryginalny Autentyczny \u0141adowalny Jednorazowy Vape Pen<\/strong><\/h2>\n<p>Witamy <a href=\"https:\/\/fumotxpress.de\/pl\/?post_type=product&amp;p=1548&amp;preview=true\"><strong>FumotXpress.de<\/strong>,<\/a> wiod\u0105ca platforma internetowa w Niemczech oferuj\u0105ca wysokiej jako\u015bci jednorazowe waporyzatory, w tym marki takie jak Al Fakher, Fizzy, OBEELAB HHC i SMPO DL02. Bez wymogu minimalnej zam\u00f3wienia, obs\u0142ugujemy zar\u00f3wno indywidualnych nabywc\u00f3w, jak i grupy detaliczne w ca\u0142ej UE. Oferuj\u0105c szybk\u0105 dostaw\u0119 z europejskich magazyn\u00f3w (przybywaj\u0105c\u0105 w ci\u0105gu 3-7 dni), zapewniamy bezproblemowe do\u015bwiadczenie wapowania dla wszystkich. Poznaj imponuj\u0105ce funkcje <a href=\"https:\/\/fumotxpress.de\/pl\/kategoria-produktu\/jednorazowe-waporyzatory-vozol\/\"><strong>Vozol Star 20000 Puff\u00f3w Jednorazowa Waporyzator<\/strong><\/a>, ostateczna mieszanka wydajno\u015bci, wygody i stylu.<\/p>\n<hr \/>\n<h2>Vozol Star 20000 Puffs: Redefiniowanie Do\u015bwiadczenia Palenia<\/h2>\n<p>The \nnie wymaga t\u0142umaczenia <strong>Vozol Star 20000 Puff\u00f3w Jednorazowa Waporyzator<\/strong> jest rewolucj\u0105 na rynku wapowania. Jego konstrukcja o du\u017cej pojemno\u015bci zapewnia d\u0142ugotrwa\u0142\u0105 wydajno\u015b\u0107, podczas gdy zaawansowane funkcje, takie jak podw\u00f3jne cewki siatkowe, mo\u017cliwo\u015b\u0107 \u0142adowania oraz konfigurowalne tryby, czyni\u0105 go niezr\u00f3wnanym wyborem dla wapuj\u0105cych na ka\u017cdym poziomie. Stworzony dla tych, kt\u00f3rzy wymagaj\u0105 jako\u015bci i stylu, ten waporyzator dostarcza bogate smaki i g\u0119ste chmury z ka\u017cdym zaci\u0105gni\u0119ciem.<\/p>\n<p><img loading=\"lazy\" decoding=\"async\" class=\"alignnone size-full wp-image-1550\" src=\"https:\/\/fumotxpress.de\/wp-content\/uploads\/2024\/11\/1_82a9ac81-f0f9-43ea-8bcb-f80f45eed111.webp\" alt=\"vozol-star-20000-BLUE-\" width=\"1920\" height=\"1080\" srcset=\"https:\/\/fumotxpress.de\/wp-content\/uploads\/2024\/11\/1_82a9ac81-f0f9-43ea-8bcb-f80f45eed111.webp 1920w, https:\/\/fumotxpress.de\/wp-content\/uploads\/2024\/11\/1_82a9ac81-f0f9-43ea-8bcb-f80f45eed111-300x169.webp 300w, https:\/\/fumotxpress.de\/wp-content\/uploads\/2024\/11\/1_82a9ac81-f0f9-43ea-8bcb-f80f45eed111-1024x576.webp 1024w, https:\/\/fumotxpress.de\/wp-content\/uploads\/2024\/11\/1_82a9ac81-f0f9-43ea-8bcb-f80f45eed111-768x432.webp 768w, https:\/\/fumotxpress.de\/wp-content\/uploads\/2024\/11\/1_82a9ac81-f0f9-43ea-8bcb-f80f45eed111-1536x864.webp 1536w, https:\/\/fumotxpress.de\/wp-content\/uploads\/2024\/11\/1_82a9ac81-f0f9-43ea-8bcb-f80f45eed111-18x10.webp 18w, https:\/\/fumotxpress.de\/wp-content\/uploads\/2024\/11\/1_82a9ac81-f0f9-43ea-8bcb-f80f45eed111-600x338.webp 600w\" sizes=\"auto, (max-width: 1920px) 100vw, 1920px\" \/><\/p>\n<hr \/>\n<h2><strong>Wielkopowierzchniowy Vozol Star 20000 Puffs <\/strong>Szczeg\u00f3\u0142owy opis produktu<\/h2>\n<p>Vozol Star 20000 to nie tylko jednoraz\u00f3wka vape - to do\u015bwiadczenie. Zaprojektowany, aby zapewni\u0107 do 20 000 zaci\u0105gni\u0119\u0107, gwarantuje przed\u0142u\u017cone u\u017cytkowanie bez cz\u0119stej wymiany. Niezale\u017cnie od tego, czy jeste\u015b nowicjuszem, czy do\u015bwiadczonym waperem, jego innowacyjne funkcje i wyrafinowany design sprawiaj\u0105, \u017ce jest to wyr\u00f3\u017cniaj\u0105cy si\u0119 wyb\u00f3r.<\/p>\n<h3>Kluczowe informacje:<\/h3>\n<ul>\n<li><strong>Przed\u0142u\u017cone D\u0142ugowieczno\u015b\u0107:<\/strong> Dzi\u0119ki pojemno\u015bci 20 000 zaci\u0105gni\u0119\u0107, urz\u0105dzenie to idealnie nadaje si\u0119 dla os\u00f3b szukaj\u0105cych d\u0142ugotrwa\u0142ego do\u015bwiadczenia z wapowaniem.<\/li>\n<li><strong>Bateria Akumulatorowa<\/strong> W przeciwie\u0144stwie do tradycyjnych jednorazowych waporyzator\u00f3w, Vozol Star jest \u0142adowalny, co sprawia, \u017ce jest przyjazny dla \u015brodowiska i ekonomiczny.<\/li>\n<li><strong>Podw\u00f3jne Cewki Siatkowe:<\/strong> Zaprojektowane, aby wzmocni\u0107 smak i produkcj\u0119 pary, podw\u00f3jne cewki siatkowe zapewniaj\u0105, \u017ce ka\u017cdy zaci\u0105gni\u0119cie jest r\u00f3wnie satysfakcjonuj\u0105cy jak poprzedni.<\/li>\n<li><strong>Kompaktowa konstrukcja:<\/strong> Sleek i przeno\u015bny Vozol Star wygodnie mie\u015bci si\u0119 w kieszeni lub torbie, zapewniaj\u0105c wygod\u0119 wherever jeste\u015b.<\/li>\n<\/ul>\n<p>&nbsp;<\/p>\n<p><img loading=\"lazy\" decoding=\"async\" class=\"alignnone size-full wp-image-1552\" src=\"https:\/\/fumotxpress.de\/wp-content\/uploads\/2024\/11\/3_4c79a799-a1b7-4bb6-8b7b-adb09cd32534.webp\" alt=\"vozol-star-20000-BLUE-\" width=\"1920\" height=\"1080\" srcset=\"https:\/\/fumotxpress.de\/wp-content\/uploads\/2024\/11\/3_4c79a799-a1b7-4bb6-8b7b-adb09cd32534.webp 1920w, https:\/\/fumotxpress.de\/wp-content\/uploads\/2024\/11\/3_4c79a799-a1b7-4bb6-8b7b-adb09cd32534-300x169.webp 300w, https:\/\/fumotxpress.de\/wp-content\/uploads\/2024\/11\/3_4c79a799-a1b7-4bb6-8b7b-adb09cd32534-1024x576.webp 1024w, https:\/\/fumotxpress.de\/wp-content\/uploads\/2024\/11\/3_4c79a799-a1b7-4bb6-8b7b-adb09cd32534-768x432.webp 768w, https:\/\/fumotxpress.de\/wp-content\/uploads\/2024\/11\/3_4c79a799-a1b7-4bb6-8b7b-adb09cd32534-1536x864.webp 1536w, https:\/\/fumotxpress.de\/wp-content\/uploads\/2024\/11\/3_4c79a799-a1b7-4bb6-8b7b-adb09cd32534-18x10.webp 18w, https:\/\/fumotxpress.de\/wp-content\/uploads\/2024\/11\/3_4c79a799-a1b7-4bb6-8b7b-adb09cd32534-600x338.webp 600w\" sizes=\"auto, (max-width: 1920px) 100vw, 1920px\" \/><\/p>\n<hr \/>\n<h2><strong>Wielkopowierzchniowy Vozol Star 20000 Puffs <\/strong>Bogaty w funkcje opis<\/h2>\n<p>Vozol Star 20000 Puffs jest wyposa\u017cony w zaawansowane funkcje, kt\u00f3re maj\u0105 na celu podnie\u015b\u0107 Twoje do\u015bwiadczenie z wapowania:<\/p>\n<h3>1. <strong>Olbrzymia pojemno\u015b\u0107 20 000 zaci\u0105gni\u0119\u0107<\/strong><\/h3>\n<p>Ciesz si\u0119 przed\u0142u\u017conymi sesjami wapowania bez obawy o wyczerpanie si\u0119 mocy lub e-p\u0142ynu. To sprawia, \u017ce jest to op\u0142acalny wyb\u00f3r dla regularnych u\u017cytkownik\u00f3w.<\/p>\n<h3>2. <strong>\u0141adowalne i przyjazne dla \u015brodowiska<\/strong><\/h3>\n<p>Zmniejsz ilo\u015b\u0107 odpad\u00f3w i zaoszcz\u0119d\u017a pieni\u0105dze dzi\u0119ki akumulatorowi wielokrotnego u\u017cytku, kt\u00f3ry mo\u017cna w pe\u0142ni na\u0142adowa\u0107 w zaledwie 30 minut. Kompatybilno\u015b\u0107 z USB-C zapewnia szybkie i efektywne \u0142adowanie.<\/p>\n<h3>3. <strong>Technologia podw\u00f3jnej cewki siatkowej<\/strong><\/h3>\n<p>Do\u015bwiadcz najczystszych smak\u00f3w i g\u0119stszych chmur z podw\u00f3jnymi cewkami siatkowymi, kt\u00f3re optymalizuj\u0105 ka\u017cde zaci\u0105gni\u0119cie, zapewniaj\u0105c konsekwentnie g\u0142adkie i bogate do\u015bwiadczenie wapowania.<\/p>\n<h3>4. <strong>Tryby podw\u00f3jne dla personalizacji<\/strong><\/h3>\n<ul>\n<li><strong>Tryb Eco:<\/strong> Oferuje \u0142agodniejsz\u0105 par\u0119 dla tych, kt\u00f3rzy preferuj\u0105 l\u017cejsze i bardziej subtelne do\u015bwiadczenie.<\/li>\n<li><strong>Tryb zasilania:<\/strong> Dostarcza intensywne chmury i solidny profil smakowy dla pe\u0142niejszego do\u015bwiadczenia.<\/li>\n<\/ul>\n<h3>5. <strong>Lustrzany wy\u015bwietlacz LED HD<\/strong><\/h3>\n<p>B\u0105d\u017a na bie\u017c\u0105co z aktualizacjami w czasie rzeczywistym dotycz\u0105cymi poziomu baterii i e-p\u0142yn\u00f3w, wy\u015bwietlanymi wyra\u017anie na eleganckim ekranie LED.<\/p>\n<h3>6. <strong>Higieniczny Projekt Nak\u0142adki<\/strong><\/h3>\n<p>Os\u0142ona ochronna zapewnia, \u017ce ustnik pozostaje czysty i wolny od zanieczyszcze\u0144, gdy nie jest u\u017cywany, utrzymuj\u0105c higien\u0119.<\/p>\n<h3>7. <strong>5% Zawarto\u015b\u0107 nikotyny<\/strong><\/h3>\n<p>Doskona\u0142e, zr\u00f3wnowa\u017cone poziomy nikotyny zapewniaj\u0105 satysfakcjonuj\u0105ce do\u015bwiadczenie zar\u00f3wno dla palaczy zmieniaj\u0105cych spos\u00f3b konsumpcji, jak i do\u015bwiadczonych waper\u00f3w.<\/p>\n<h3>8. <strong>Projekt MTL<\/strong><\/h3>\n<p>Konstrukcja Mouth-to-Lung (MTL) na\u015bladuje doznania tradycyjnego palenia, co sprawia, \u017ce jest doskona\u0142ym wyborem dla os\u00f3b nowych do wapowania.<\/p>\n<h3>9. <strong>Stylowa i ergonomiczna konstrukcja<\/strong><\/h3>\n<p>Dzi\u0119ki gradientowemu wyko\u0144czeniu metalicznemu i kompaktowej konstrukcji, urz\u0105dzenie \u0142\u0105czy estetyk\u0119 z przeno\u015bno\u015bci\u0105, zapewniaj\u0105c stylowe wapowanie wherever you go.<\/p>\n<p>&nbsp;<\/p>\n<hr \/>\n<h2><strong>Wielkopowierzchniowy Vozol Star 20000 Puffs <\/strong>Smak: \u015awiat wybor\u00f3w<\/h2>\n<p>Vozol Star 20000 Puffs jest dost\u0119pny w r\u00f3\u017cnych nieodpartych smakach, starannie opracowanych, aby zaspokoi\u0107 ka\u017cdy gust. Ka\u017cdy smak to podr\u00f3\u017c po \u015bwiecie smak\u00f3w, oferuj\u0105ca unikalne profile, aby wzbogaci\u0107 Twoje do\u015bwiadczenie zwi\u0105zane z wapowaniem.<\/p>\n<ol>\n<li><strong>Mango Marakuja<\/strong><br \/>\nTropikalna mieszanka s\u0142odkich mango i kwa\u015bnych owoc\u00f3w m\u0119czennicy, zapewniaj\u0105ca \u017cywio\u0142owe i soczyste doznanie z ka\u017cdym zaci\u0105gni\u0119ciem.<\/li>\n<li><strong>Blueberry Ice<\/strong><br \/>\nOd\u015bwie\u017caj\u0105cy ch\u0142\u00f3d lodowych bor\u00f3wek sprawia, \u017ce ten smak jest idealnym wyborem dla ch\u0142odnego i owocowego do\u015bwiadczenia.<\/li>\n<li><strong>Wodny Melon Bubblegum<\/strong><br \/>\nWspomniana kombinacja soczystego arbuza i s\u0142odkiej gumy balonowej, wybuchaj\u0105ca zabawnymi smakami.<\/li>\n<li><strong>Truskawka Kiwi<\/strong><br \/>\nRozkoszna mieszanka dojrza\u0142ych truskawek i kwa\u015bnego kiwi, zapewniaj\u0105ca zr\u00f3wnowa\u017cone i orze\u017awiaj\u0105ce wapowanie.<\/li>\n<li><strong>Peach Lychee \nNie wymaga t\u0142umaczenia. \nMore information -  Brzoskwinia Lychee \nBrzoskwinia to rodzaj owoc\u00f3w, a Lychee to inny rodzaj owoc\u00f3w, wi\u0119c \nPeach Lychee \nBrzoskwinia Lychee<\/strong><br \/>\nS\u0142odkie, soczne brzoskwinie \u0142\u0105cz\u0105 si\u0119 z egzotycznym liczi dla g\u0142adkiego i luksusowego do\u015bwiadczenia wapowania.<\/li>\n<li><strong>Mi\u0119ta Winogronowa<\/strong><br \/>\n\u015amia\u0142o\u015b\u0107 \u015bwie\u017cych winogron w po\u0142\u0105czeniu z ch\u0142odz\u0105cym podtonem mi\u0119ty, tworz\u0105c chrupi\u0105cy i orze\u017awiaj\u0105cy smak.<\/li>\n<li><strong>Cola Lime<\/strong><br \/>\nGazowana cola z od\u015bwie\u017caj\u0105cym cytrynowym akcentem, idealna dla orze\u017awiaj\u0105cego i kwa\u015bnego do\u015bwiadczenia z wapowaniem.<\/li>\n<li><strong>Tropikalny Poncz<\/strong><br \/>\nMieszanka egzotycznych owoc\u00f3w doskonale wymieszanych, zapewniaj\u0105ca \u017cywio\u0142owy i s\u0142oneczny smak w ka\u017cdym zaci\u0105gni\u0119ciu.<\/li>\n<li><strong>Ananas Kokosowy<\/strong><br \/>\nKremowy kokos \u0142\u0105czy si\u0119 z kwa\u015bnym ananasem dla bogatego i tropikalnego vape'owego rozkoszy.<\/li>\n<li><strong>Cerry Mentol<\/strong><br \/>\nS\u0142odycz wi\u015bni zr\u00f3wnowa\u017cona ch\u0142odnym powiewem mentolu, zapewniaj\u0105ca odwa\u017cny, a zarazem orze\u017awiaj\u0105cy smak.<\/li>\n<\/ol>\n<hr \/>\n<h2><strong>Wielkopowierzchniowy Vozol Star 20000 Puffs <\/strong>Dlaczego warto kupowa\u0107 od FumotXpress.de?<\/h2>\n<p>W <strong>FumotXpress.de<\/strong>, zobowi\u0105zujemy si\u0119 do dostarczania najlepszych produkt\u00f3w do wapowania po konkurencyjnych cenach. Oto dlaczego jeste\u015bmy Twoim najlepszym wyborem dla jednorazowych waporyzator\u00f3w w Niemczech i UE:<\/p>\n<ul>\n<li><strong>Najwi\u0119kszy wyb\u00f3r online:<\/strong> Oferujemy szeroki zakres jednorazowych waporyzator\u00f3w, w tym Vozol Star, Al Fakher, Fizzy, OBEELAB HHC i wiele innych.<\/li>\n<li><strong>Elastyczne Zamawianie:<\/strong> Bez minimalnej ilo\u015bci zam\u00f3wienia mo\u017cesz kupi\u0107 nawet jedn\u0105 sztuk\u0119, co sprawia, \u017ce jest to wygodne zar\u00f3wno dla potrzeb osobistych, jak i detalicznych.<\/li>\n<li><strong>Szybka Wysy\u0142ka:<\/strong> Wszystkie zam\u00f3wienia s\u0105 wysy\u0142ane z naszych europejskich magazyn\u00f3w, co gwarantuje dostaw\u0119 w ci\u0105gu 3-7 dni.<\/li>\n<li><strong>Autentyczne Produkty:<\/strong> Zapewniamy, \u017ce ka\u017cdy produkt na naszej platformie jest w 100% autentyczny i sprawdzony pod wzgl\u0119dem jako\u015bci.<\/li>\n<\/ul>\n<hr \/>\n<h2>Wniosek<\/h2>\n<p>The \nnie wymaga t\u0142umaczenia <strong>Vozol Star 20000 Puff\u00f3w Jednorazowa Waporyzator<\/strong> jest czym\u015b wi\u0119cej ni\u017c tylko urz\u0105dzeniem - to rewolucja w wapowaniu. Dzi\u0119ki swojej d\u0142ugotrwa\u0142ej wydajno\u015bci, konfigurowalnym funkcjom i r\u00f3\u017cnorodnym opcjom smakowym, oferuje niezr\u00f3wnane do\u015bwiadczenie zar\u00f3wno dla pocz\u0105tkuj\u0105cych, jak i ekspert\u00f3w. Zakup teraz w <a href=\"https:\/\/fumotxpress.de\/pl\/?post_type=product&amp;p=1548&amp;preview=true\"><strong>FumotXpress.de<\/strong> <\/a>i podnie\u015b sw\u00f3j experience zwi\u0105zany z wapowaniem dzi\u0119ki najlepszym jednorazowym waporizerom w Europie. Niezale\u017cnie od tego, czy szukasz jednego urz\u0105dzenia, czy te\u017c robisz zapas na sprzeda\u017c detaliczn\u0105, mamy Ci\u0119 pokryte!<\/p>","protected":false},"excerpt":{"rendered":"<p>Odkryj Vozol Star 20000 Puffs Disposable Vape -  z mo\u017cliwo\u015bci\u0105 ponownego \u0142adowania, d\u0142ugotrwa\u0142y i wype\u0142niony bogatymi smakami. Kup autentyczne, niskonikotynowe vape'y ju\u017c teraz na FumotXpress.de!<\/p>","protected":false},"featured_media":1549,"comment_status":"open","ping_status":"closed","template":"","meta":{"om_disable_all_campaigns":false},"product_brand":[],"product_cat":[23,91,92,93,94,95,96,97,99,100,101,103,104,105,106,107,108,109,111,112,78,79,80,81,82,83,84,85,86,87,88,89,90,70,76,56,61,63,60,65,67],"product_tag":[],"class_list":{"0":"post-1548","1":"product","2":"type-product","3":"status-publish","4":"has-post-thumbnail","6":"product_cat-vozol-disposable-vapes","7":"product_cat-buy-best-disposable-vape-flavors","8":"product_cat-apple-flavor-disposable-vapes","9":"product_cat-blue-razz-flavor-disposable-vapes","10":"product_cat-blueberry-flavor-disposable-vapes","11":"product_cat-cherry-flavor-disposable-vapes","12":"product_cat-cola-flavor-disposable-vapes","13":"product_cat-grape-flavor-disposable-vapes","14":"product_cat-ice-flavor-disposable-vapes","15":"product_cat-kiwi-flavor-disposable-vapes","16":"product_cat-lemon-flavor-disposable-vapes","17":"product_cat-mango-flavor-disposable-vapes","18":"product_cat-mint-flavor-disposable-vapes","19":"product_cat-mixed-berries-flavor-disposable-vapes","20":"product_cat-passion-fruit-flavor-disposable-vapes","21":"product_cat-peach-flavor-disposable-vapes","22":"product_cat-pineapple-flavor-disposable-vapes","23":"product_cat-raspberry-flavor-disposable-vapes","24":"product_cat-strawberry-flavor-disposable-vapes","25":"product_cat-watermelon-flavor-disposable-vapes","26":"product_cat-best-disposable-vape-in-europe","27":"product_cat-buy-disposable-vapes-in-austria","28":"product_cat-buy-disposable-vapes-in-belgium","29":"product_cat-buy-disposable-vapes-in-france","30":"product_cat-buy-disposable-vapes-in-germany","31":"product_cat-buy-disposable-vapes-in-italy","32":"product_cat-buy-disposable-vapes-in-netherlands","33":"product_cat-buy-disposable-vapes-in-norway","34":"product_cat-buy-disposable-vapes-in-poland","35":"product_cat-buy-disposable-vapes-in-portugal","36":"product_cat-buy-disposable-vapes-in-spain","37":"product_cat-buy-disposable-vapes-in-sweden","38":"product_cat-buy-disposable-vapes-in-switzerland","39":"product_cat-shop-disposable-vapes-by-puffs","40":"product_cat-20000-puff-disposable-vape","41":"product_cat-disposable-vape-types","42":"product_cat-big-puffs-disposable-vapes","43":"product_cat-digital-box-disposable-vapes","44":"product_cat-full-screen-disposable-vapes","45":"product_cat-lower-nicotine-disposable-vapes","46":"product_cat-rechargeable-disposable-vapes","48":"first","49":"instock","50":"shipping-taxable","51":"purchasable","52":"product-type-variable"},"_links":{"self":[{"href":"https:\/\/fumotxpress.de\/pl\/wp-json\/wp\/v2\/product\/1548","targetHints":{"allow":["GET"]}}],"collection":[{"href":"https:\/\/fumotxpress.de\/pl\/wp-json\/wp\/v2\/product"}],"about":[{"href":"https:\/\/fumotxpress.de\/pl\/wp-json\/wp\/v2\/types\/product"}],"replies":[{"embeddable":true,"href":"https:\/\/fumotxpress.de\/pl\/wp-json\/wp\/v2\/comments?post=1548"}],"wp:featuredmedia":[{"embeddable":true,"href":"https:\/\/fumotxpress.de\/pl\/wp-json\/wp\/v2\/media\/1549"}],"wp:attachment":[{"href":"https:\/\/fumotxpress.de\/pl\/wp-json\/wp\/v2\/media?parent=1548"}],"wp:term":[{"taxonomy":"product_brand","embeddable":true,"href":"https:\/\/fumotxpress.de\/pl\/wp-json\/wp\/v2\/product_brand?post=1548"},{"taxonomy":"product_cat","embeddable":true,"href":"https:\/\/fumotxpress.de\/pl\/wp-json\/wp\/v2\/product_cat?post=1548"},{"taxonomy":"product_tag","embeddable":true,"href":"https:\/\/fumotxpress.de\/pl\/wp-json\/wp\/v2\/product_tag?post=1548"}],"curies":[{"name":"wp","href":"https:\/\/api.w.org\/{rel}","templated":true}]}}