{"id":1280,"date":"2024-11-09T09:06:45","date_gmt":"2024-11-09T09:06:45","guid":{"rendered":"https:\/\/fumotxpress.de\/?page_id=1280"},"modified":"2024-11-09T09:06:45","modified_gmt":"2024-11-09T09:06:45","slug":"jak-kupic-jednorazowe-waporyzatory-na-fumotxpress","status":"publish","type":"page","link":"https:\/\/fumotxpress.de\/pl\/jak-kupic-jednorazowe-waporyzatory-na-fumotxpress\/","title":{"rendered":"Jak kupi\u0107 jednorazowe vape'y na Fumotxpress"},"content":{"rendered":"<p>Witamy w Fumotxpress - Twoim zaufanym \u017ar\u00f3dle premium jednorazowych waporyzator\u00f3w dostarczanych szybko i bezpiecznie po Europie. Niezale\u017cnie od tego, czy jeste\u015b do\u015bwiadczonym entuzjast\u0105 waporyzacji, czy nowicjuszem w \u015bwiecie jednorazowych waporyzator\u00f3w, zakupy u nas s\u0105 proste i wygodne. Post\u0119puj zgodnie z tymi \u0142atwymi krokami, aby z\u0142o\u017cy\u0107 zam\u00f3wienie i cieszy\u0107 si\u0119 wysokiej jako\u015bci produktami do waporyzacji od renomowanych marek, takich jak Al Fakher, Fizzy, SMPO DL02 i OBEELAB HHC.<\/p>\n<h4>1. <strong>Przegl\u0105daj nasz\u0105 obszern\u0105 kolekcj\u0119 vape'\u00f3w<\/strong><\/h4>\n<p>Zacznij od eksploracji naszego r\u00f3\u017cnorodnego wyboru jednorazowych waporyzator\u00f3w. Oferujemy r\u00f3\u017cnorodne smaki i poziomy nikotyny, wszystkie pochodz\u0105ce od niekt\u00f3rych z najbardziej szanowanych marek w bran\u017cy. Niezale\u017cnie od tego, czy szukasz g\u0142adkich, owocowych opcji, czy czego\u015b bardziej egzotycznego, mamy co\u015b dla ka\u017cdego. Po prostu przejd\u017a przez nasze kategorie produkt\u00f3w, gdzie znajdziesz:<\/p>\n<ul>\n<li><strong>Al Fakher<\/strong>Znany z bogatych i autentycznych smak\u00f3w.<\/li>\n<li><strong>Fizzy<\/strong>: Premiumowy wyb\u00f3r dla od\u015bwie\u017caj\u0105cego do\u015bwiadczenia z wapowaniem.<\/li>\n<li><strong>SMPO DL02<\/strong>: Dla tych, kt\u00f3rzy szukaj\u0105 g\u0142adkiego i satysfakcjonuj\u0105cego hitu.<\/li>\n<li><strong>OBEELAB HHC<\/strong>: Najnowocze\u015bniejszy, wysokiej jako\u015bci jednorazowy waporyzator zapewniaj\u0105cy unikalne do\u015bwiadczenie.<\/li>\n<\/ul>\n<p>Ka\u017cde listing produktu zawiera szczeg\u00f3\u0142owe opisy, opcje smaku i ceny, dzi\u0119ki czemu mo\u017cesz podj\u0105\u0107 \u015bwiadom\u0105 decyzj\u0119.<\/p>\n<h4>2. <strong>Wybierz Po\u017c\u0105dane Ilo\u015bci<\/strong><\/h4>\n<p>Po wybraniu ulubionych jednorazowych waporyzator\u00f3w mo\u017cesz wybra\u0107 ilo\u015b\u0107, kt\u00f3r\u0105 chcesz kupi\u0107. W Fumotxpress nie wymagamy minimalnej ilo\u015bci zam\u00f3wienia \u2014 niezale\u017cnie od tego, czy chcesz tylko jeden waporyzator, czy kilka, wyb\u00f3r jest ca\u0142kowicie Tw\u00f3j. Dodaj wybrane produkty do koszyka i jeste\u015b gotowy przej\u015b\u0107 do nast\u0119pnego kroku.<\/p>\n<h4>3. <strong>Przejd\u017a do kasy<\/strong><\/h4>\n<p>Kiedy b\u0119dziesz gotowy do zako\u0144czenia zakupu, po prostu przejd\u017a do strony p\u0142atno\u015bci. Tutaj b\u0119dziesz musia\u0142 poda\u0107 szczeg\u00f3\u0142y wysy\u0142ki, w tym imi\u0119 i nazwisko, adres oraz informacje kontaktowe. Upewnij si\u0119, \u017ce wszystko jest prawid\u0142owe, aby zapewni\u0107 szybk\u0105 i dok\u0142adn\u0105 dostaw\u0119. Je\u015bli wysy\u0142asz towar w obr\u0119bie Niemiec lub szerszego UE, koniecznie zapoznaj si\u0119 z naszymi ofertami darmowej wysy\u0142ki:<\/p>\n<ul>\n<li><strong>Darmowa wysy\u0142ka w Niemczech<\/strong> przy zam\u00f3wieniach powy\u017cej 49,99 \u20ac.<\/li>\n<li><strong>Darmowa wysy\u0142ka w obr\u0119bie UE<\/strong> przy zam\u00f3wieniach powy\u017cej 99,99 \u20ac.<\/li>\n<\/ul>\n<h4>4. <strong>Wybierz Metod\u0119 P\u0142atno\u015bci<\/strong><\/h4>\n<p>W Fumotxpress oferujemy wiele bezpiecznych opcji p\u0142atno\u015bci, aby zapewni\u0107 p\u0142ynn\u0105 i wygodn\u0105 transakcj\u0119:<\/p>\n<ul>\n<li><strong>PayPal<\/strong>: Szybko i bezpiecznie, z ochron\u0105 kupuj\u0105cego.<\/li>\n<li><strong>Kryptowaluta<\/strong>: Dla tych, kt\u00f3rzy wol\u0105 korzysta\u0107 z waluty cyfrowej.<\/li>\n<li><strong>Przelew bankowy SEPA<\/strong>: Dost\u0119pne dla klient\u00f3w w UE, zapewniaj\u0105c niezawodn\u0105 opcj\u0119 przelewu bankowego.<\/li>\n<\/ul>\n<p>Po wybraniu metody p\u0142atno\u015bci post\u0119puj zgodnie z instrukcjami, aby bezpiecznie doko\u0144czy\u0107 p\u0142atno\u015b\u0107.<\/p>\n<h4>5. <strong>Ciesz si\u0119 Szybk\u0105 i Niezawodn\u0105 Wysy\u0142k\u0105<\/strong><\/h4>\n<p>Po z\u0142o\u017ceniu zam\u00f3wienia i potwierdzeniu p\u0142atno\u015bci, nasz zesp\u00f3\u0142 szybko przetworzy i wy\u015ble Twoje produkty z naszego europejskiego magazynu. Rozumiemy, jak wa\u017cne jest otrzymanie produkt\u00f3w na czas, dlatego naszym celem jest dostarczenie ich w ci\u0105gu <strong>3-7 dni<\/strong>.<\/p>\n<ul>\n<li><strong>Darmowa wysy\u0142ka<\/strong>: Ciesz si\u0119 darmow\u0105 wysy\u0142k\u0105 w Niemczech na zam\u00f3wienia powy\u017cej 49,99 \u20ac oraz w ca\u0142ej UE na zam\u00f3wienia powy\u017cej 99,99 \u20ac.<\/li>\n<li><strong>\u015aledzenie<\/strong>: Otrzymasz szczeg\u00f3\u0142y \u015bledzenia zam\u00f3wienia, gdy tylko zostanie ono wys\u0142ane, dzi\u0119ki czemu b\u0119dziesz m\u00f3g\u0142 \u015bledzi\u0107 jego post\u0119p a\u017c do progu Twojego domu.<\/li>\n<\/ul>\n<h4>6. <strong>Wsparcie Klienta \u2013 Jeste\u015bmy Dla Ciebie<\/strong><\/h4>\n<p>Je\u015bli masz jakie\u015b pytania lub potrzebujesz pomocy podczas zakup\u00f3w, nasz zesp\u00f3\u0142 obs\u0142ugi klienta jest zawsze gotowy do pomocy. Mo\u017cesz si\u0119 z nami skontaktowa\u0107 za pomoc\u0105 poczty elektronicznej pod adresem <strong><a rel=\"noopener\">info@fumotxpress.de<\/a><\/strong>. Niezale\u017cnie od tego, czy potrzebujesz pomocy przy wyborze produktu, \u015bledzeniu zam\u00f3wienia, czy masz jakiekolwiek inne pytania, jeste\u015bmy tutaj, aby zapewni\u0107, \u017ce Twoje do\u015bwiadczenie b\u0119dzie jak najbardziej p\u0142ynne.<\/p>\n<hr \/>\n<h3>Dlaczego wybra\u0107 Fumotxpress?<\/h3>\n<ul>\n<li><strong>Produkty Premium<\/strong>: Oferujemy wy\u0142\u0105cznie najlepsze jednorazowe vape'y od zaufanych marek, gwarantuj\u0105c wysokiej jako\u015bci do\u015bwiadczenie przy ka\u017cdej zakupie.<\/li>\n<li><strong>Szybka Dostawa<\/strong>: Dzi\u0119ki naszemu efektywnemu systemowi wysy\u0142ki mo\u017cesz oczekiwa\u0107, \u017ce Twoje zam\u00f3wienie dotrze w ci\u0105gu 3-7 dni w ca\u0142ej Europie.<\/li>\n<li><strong>Elastyczne opcje p\u0142atno\u015bci<\/strong>: P\u0142a\u0107 za pomoc\u0105 PayPal, kryptowaluty lub przelewu bankowego SEPA dla bezproblemowej transakcji.<\/li>\n<li><strong>Brak minimalnej kwoty zam\u00f3wienia<\/strong>: Niezale\u017cnie od tego, czy potrzebujesz jednego jednorazowego waporyzatora, czy kilku, nie mamy minimalnych wymaga\u0144 dotycz\u0105cych zam\u00f3wienia.<\/li>\n<\/ul>\n<hr \/>\n<p>Ciesz si\u0119 wygodnym zakupywaniem w Fumotxpress, gdzie wygoda spotyka si\u0119 z jako\u015bci\u0105. Z niecierpliwo\u015bci\u0105 oczekujemy na zaspokojenie Twoich potrzeb zwi\u0105zanych z wapowaniem najlepszymi produktami, szybk\u0105 dostaw\u0105 i doskona\u0142\u0105 obs\u0142ug\u0105 klienta.<\/p>","protected":false},"excerpt":{"rendered":"<p>Witamy w Fumotxpress \u2013 Twoim zaufanym \u017ar\u00f3dle premium jednorazowych waporyzator\u00f3w dostarczanych szybko i bezpiecznie po ca\u0142ej Europie. Niezale\u017cnie od tego, czy jeste\u015b do\u015bwiadczonym entuzjast\u0105 waporyzacji, czy nowicjuszem w \u015bwiecie jednorazowych waporyzator\u00f3w, zakupy u nas s\u0105 proste i wygodne. Post\u0119puj zgodnie z tymi \u0142atwymi krokami, aby z\u0142o\u017cy\u0107 zam\u00f3wienie i cieszy\u0107 si\u0119 wysokiej jako\u015bci produktami waporyzacyjnymi od renomowanych marek, takich jak [\u2026]","protected":false},"author":1,"featured_media":0,"parent":0,"menu_order":0,"comment_status":"closed","ping_status":"closed","template":"page-blank-title-center.php","meta":{"om_disable_all_campaigns":false,"footnotes":""},"class_list":["post-1280","page","type-page","status-publish","hentry"],"_links":{"self":[{"href":"https:\/\/fumotxpress.de\/pl\/wp-json\/wp\/v2\/pages\/1280","targetHints":{"allow":["GET"]}}],"collection":[{"href":"https:\/\/fumotxpress.de\/pl\/wp-json\/wp\/v2\/pages"}],"about":[{"href":"https:\/\/fumotxpress.de\/pl\/wp-json\/wp\/v2\/types\/page"}],"author":[{"embeddable":true,"href":"https:\/\/fumotxpress.de\/pl\/wp-json\/wp\/v2\/users\/1"}],"replies":[{"embeddable":true,"href":"https:\/\/fumotxpress.de\/pl\/wp-json\/wp\/v2\/comments?post=1280"}],"version-history":[{"count":0,"href":"https:\/\/fumotxpress.de\/pl\/wp-json\/wp\/v2\/pages\/1280\/revisions"}],"wp:attachment":[{"href":"https:\/\/fumotxpress.de\/pl\/wp-json\/wp\/v2\/media?parent=1280"}],"curies":[{"name":"wp","href":"https:\/\/api.w.org\/{rel}","templated":true}]}}