{"id":1277,"date":"2024-11-09T08:25:46","date_gmt":"2024-11-09T08:25:46","guid":{"rendered":"https:\/\/fumotxpress.de\/?page_id=1277"},"modified":"2024-11-09T08:25:46","modified_gmt":"2024-11-09T08:25:46","slug":"polityka-dotyczaca-wieku-fumotxpress","status":"publish","type":"page","link":"https:\/\/fumotxpress.de\/pl\/polityka-dotyczaca-wieku-fumotxpress\/","title":{"rendered":"Polityka Wiekowa Fumotxpress"},"content":{"rendered":"<p>W <strong>Fumotxpress.de<\/strong>Jeste\u015bmy zobowi\u0105zani do zapewnienia odpowiedzialnego i legalnego do\u015bwiadczenia wapowania dla naszych klient\u00f3w w ca\u0142ej Unii Europejskiej. Nasze produkty s\u0105 \u015bci\u015ble przeznaczone dla <strong>tylko dla doros\u0142ych<\/strong>i przestrzegamy najwy\u017cszych standard\u00f3w, aby zapewni\u0107 zgodno\u015b\u0107 ze wszystkimi przepisami prawnymi reguluj\u0105cymi sprzeda\u017c produkt\u00f3w do wapowania.<\/p>\n<h3>1. Wymagania wiekowe<\/h3>\n<p>Zgodnie z przepisami UE musisz mie\u0107 co najmniej <strong>18 lat<\/strong> aby zakupi\u0107 nasze produkty. Odwiedzaj\u0105c i kupuj\u0105c od <strong>Fumotxpress.de<\/strong>Potwierdzasz, \u017ce masz pe\u0142noletno\u015b\u0107 w kraju swojego zamieszkania, aby kupowa\u0107 produkty do wapowania. Je\u015bli nie masz pe\u0142noletno\u015bci, uprzejmie prosimy o powstrzymanie si\u0119 od korzystania z naszej strony internetowej.<\/p>\n<h3>2. Weryfikacja wieku<\/h3>\n<p>W celu zapewnienia zgodno\u015bci z przepisami dotycz\u0105cymi wieku, <strong>Fumotxpress.de<\/strong> mog\u0105 wprowadzi\u0107 dodatkowe kroki weryfikacji wieku w momencie zakupu. Mo\u017ce to obejmowa\u0107:<\/p>\n<ul>\n<li><strong>R\u0119czne sprawdzanie wieku<\/strong>: Podczas sk\u0142adania zam\u00f3wienia mo\u017cemy wymaga\u0107 dowodu wieku (na przyk\u0142ad kopii karty identyfikacyjnej lub paszportu), aby potwierdzi\u0107 Twoje uprawnienia.<\/li>\n<li><strong>Us\u0142ugi weryfikacji wieku stron trzecich<\/strong>: Mo\u017cemy wsp\u00f3\u0142pracowa\u0107 z us\u0142ugami stron trzecich w celu weryfikacji wieku naszych klient\u00f3w przed przetworzeniem zam\u00f3wie\u0144.<\/li>\n<\/ul>\n<h3>3. Zgodno\u015b\u0107 z przepisami prawa<\/h3>\n<p>Podejmujemy nasz\u0105 odpowiedzialno\u015b\u0107 za przestrzeganie <strong>wszystkie lokalne przepisy prawa<\/strong> W obr\u0119bie UE bardzo powa\u017cnie. Obejmuje to przestrzeganie przepis\u00f3w krajowych, kt\u00f3re mog\u0105 nak\u0142ada\u0107 bardziej rygorystyczne wymagania wiekowe. W ramach naszego zobowi\u0105zania sprzedajemy nasze produkty tylko osobom znajduj\u0105cym si\u0119 w obr\u0119bie UE. Je\u015bli mieszkasz poza UE, nie mo\u017cemy zrealizowa\u0107 Twojego zam\u00f3wienia.<\/p>\n<h3>4. Odpowiedzialno\u015b\u0107 U\u017cytkownik\u00f3w<\/h3>\n<p>Jako u\u017cytkownik <strong>Fumotxpress.de<\/strong>, to Twoja odpowiedzialno\u015b\u0107 zapewni\u0107, \u017ce:<\/p>\n<ul>\n<li>Spe\u0142niasz wymagania wiekowe dotycz\u0105ce produkt\u00f3w do wapowania w swoim kraju.<\/li>\n<li>Nie podejmujesz pr\u00f3by zakupu w imieniu osoby, kt\u00f3ra nie spe\u0142nia kryteri\u00f3w wiekowych.<\/li>\n<li>Zapewniasz prawdziwe i dok\u0142adne informacje podczas procesu zakupu.<\/li>\n<\/ul>\n<p>Je\u015bli stwierdzimy, \u017ce zakup zosta\u0142 dokonany przez osob\u0119 nieletni\u0105 lub kogo\u015b, kto nie osi\u0105gn\u0105\u0142 wieku okre\u015blonego przez prawo dla wapowania w swoim jurysdykcji, natychmiast anulujemy zam\u00f3wienie i zwr\u00f3cimy wszelkie dokonane p\u0142atno\u015bci. Wielokrotne pr\u00f3by obej\u015bcia tej polityki mog\u0105 skutkowa\u0107 trwa\u0142ym zablokowaniem dost\u0119pu do naszej strony internetowej.<\/p>\n<h3>5. Aktualizacje polityki wiekowej<\/h3>\n<p>Nasza Polityka Weryfikacji Wiekowej mo\u017ce by\u0107 aktualizowana okresowo w odpowiedzi na zmiany w przepisach UE lub innych odpowiednich wymogach prawnych. Wszelkie zmiany zostan\u0105 odzwierciedlone na tej stronie, dlatego zalecamy regularne sprawdzanie naszej polityki.<\/p>\n<hr \/>\n<h3>Dlaczego weryfikacja wieku ma znaczenie<\/h3>\n<p>Rozumiemy znaczenie zapewnienia bezpiecznego i legalnego \u015brodowiska dla zakupu produkt\u00f3w do wapowania. <strong>Fumotxpress.de<\/strong> jest dumne z oferowania <strong>premiumowe jednorazowe vape'y<\/strong> z zaufanych marek takich jak <strong>Al Fakher, Fizzy, OBEELAB HHC<\/strong> i <strong>SMPO DL02<\/strong>, zaprojektowany wy\u0142\u0105cznie dla doros\u0142ych u\u017cytkownik\u00f3w, kt\u00f3rzy odpowiedzialnie podchodz\u0105 do swojego do\u015bwiadczenia z wapowaniem.<\/p>\n<p>Jeste\u015bmy zaanga\u017cowani w wspieranie zdrowia publicznego i ochron\u0119 nieletnich przed dost\u0119pem do potencjalnie szkodliwych produkt\u00f3w. Cenimy sobie Pa\u0144stwa wsp\u00f3\u0142prac\u0119 w przestrzeganiu naszej Polityki Weryfikacji Wiekowej, kt\u00f3ra umo\u017cliwia nam dalsze \u015bwiadczenie us\u0142ug na rynku UE w odpowiedzialny i zgodny z prawem spos\u00f3b.<\/p>\n<hr \/>\n<p>Je\u015bli masz jakiekolwiek pytania lub w\u0105tpliwo\u015bci dotycz\u0105ce naszej Polityki Weryfikacji Wiekowej lub Twojej kwalifikacji do zakupu od nas, prosimy o kontakt z nami pod adresem <strong><a rel=\"noopener\">info@fumotxpress.de<\/a><\/strong>.<\/p>","protected":false},"excerpt":{"rendered":"<p>W Fumotxpress.de zobowi\u0105zujemy si\u0119 do zapewnienia odpowiedzialnego i legalnego do\u015bwiadczenia zwi\u0105zanego z wapowaniem dla naszych klient\u00f3w w ca\u0142ej Unii Europejskiej. Nasze produkty s\u0105 \u015bci\u015ble przeznaczone wy\u0142\u0105cznie dla os\u00f3b doros\u0142ych i przestrzegamy najwy\u017cszych standard\u00f3w, aby zapewni\u0107 zgodno\u015b\u0107 ze wszystkimi przepisami prawnymi reguluj\u0105cymi sprzeda\u017c produkt\u00f3w do wapowania. 1. Wymagania wiekowe Zgodnie z przepisami UE [\u2026]","protected":false},"author":1,"featured_media":0,"parent":0,"menu_order":0,"comment_status":"closed","ping_status":"closed","template":"page-blank-title-center.php","meta":{"om_disable_all_campaigns":false,"footnotes":""},"class_list":["post-1277","page","type-page","status-publish","hentry"],"_links":{"self":[{"href":"https:\/\/fumotxpress.de\/pl\/wp-json\/wp\/v2\/pages\/1277","targetHints":{"allow":["GET"]}}],"collection":[{"href":"https:\/\/fumotxpress.de\/pl\/wp-json\/wp\/v2\/pages"}],"about":[{"href":"https:\/\/fumotxpress.de\/pl\/wp-json\/wp\/v2\/types\/page"}],"author":[{"embeddable":true,"href":"https:\/\/fumotxpress.de\/pl\/wp-json\/wp\/v2\/users\/1"}],"replies":[{"embeddable":true,"href":"https:\/\/fumotxpress.de\/pl\/wp-json\/wp\/v2\/comments?post=1277"}],"version-history":[{"count":0,"href":"https:\/\/fumotxpress.de\/pl\/wp-json\/wp\/v2\/pages\/1277\/revisions"}],"wp:attachment":[{"href":"https:\/\/fumotxpress.de\/pl\/wp-json\/wp\/v2\/media?parent=1277"}],"curies":[{"name":"wp","href":"https:\/\/api.w.org\/{rel}","templated":true}]}}