{"id":1274,"date":"2024-11-09T08:16:55","date_gmt":"2024-11-09T08:16:55","guid":{"rendered":"https:\/\/fumotxpress.de\/?page_id=1274"},"modified":"2024-11-09T08:16:55","modified_gmt":"2024-11-09T08:16:55","slug":"polityka-prywatnosci-fumotxpress","status":"publish","type":"page","link":"https:\/\/fumotxpress.de\/pl\/polityka-prywatnosci-fumotxpress\/","title":{"rendered":"Polityka Prywatno\u015bci Fumotxpress"},"content":{"rendered":"<p>W Fumotxpress Twoja prywatno\u015b\u0107 ma ogromne znaczenie. Zobowi\u0105zujemy si\u0119 do ochrony danych osobowych naszych klient\u00f3w zgodnie z przepisami o ochronie danych, w tym z Og\u00f3lnym Rozporz\u0105dzeniem o Ochronie Danych (RODO) oraz przepisami obowi\u0105zuj\u0105cymi w Unii Europejskiej. Ta Polityka Prywatno\u015bci opisuje, jak zbieramy, wykorzystujemy i chronimy Twoje dane osobowe, gdy odwiedzasz nasz\u0105 stron\u0119 internetow\u0105 lub dokonujesz zakup\u00f3w w naszym sklepie internetowym.<\/p>\n<p><strong>1. Informacje, kt\u00f3re zbieramy<\/strong><\/p>\n<p>Zbieramy r\u00f3\u017cne rodzaje informacji, aby poprawi\u0107 Twoje do\u015bwiadczenie zakupowe i zapewni\u0107 bezproblemowe transakcje. Rodzaje danych osobowych, kt\u00f3re mo\u017cemy zbiera\u0107, obejmuj\u0105:<\/p>\n<ul>\n<li><strong>Informacje o identyfikacji osobistej:<\/strong> Obejmuje to Twoje imi\u0119, adres e-mail, numer telefonu, adres wysy\u0142ki oraz informacje o p\u0142atno\u015bci (takie jak dane PayPal, SEPA lub kryptowaluty).<\/li>\n<li><strong>Informacje transakcyjne:<\/strong> Obejmuje to szczeg\u00f3\u0142y Twoich zam\u00f3wie\u0144, w tym zakupione produkty, metod\u0119 p\u0142atno\u015bci, informacje o dostawie oraz wszelkie inne informacje zwi\u0105zane z Twoimi transakcjami.<\/li>\n<li><strong>Dane techniczne:<\/strong> Mo\u017cemy zbiera\u0107 adresy IP, typy przegl\u0105darek, dane o systemie operacyjnym oraz strony odwiedzone na naszej stronie w celach analitycznych oraz w celu poprawy funkcjonalno\u015bci strony.<\/li>\n<li><strong>Ciastka:<\/strong> Nasza strona internetowa wykorzystuje pliki cookie, aby poprawi\u0107 Twoje do\u015bwiadczenie i zbiera\u0107 dane o korzystaniu z witryny. Aby uzyska\u0107 wi\u0119cej informacji, zapoznaj si\u0119 z nasz\u0105 Polityk\u0105 plik\u00f3w cookie.<\/li>\n<\/ul>\n<p><strong>2. Jak Wykorzystujemy Twoje Informacje<\/strong><\/p>\n<p>U\u017cywamy danych osobowych, kt\u00f3re zbieramy w nast\u0119puj\u0105cych celach:<\/p>\n<ul>\n<li><strong>Przetwarzanie Zam\u00f3wie\u0144 i Wype\u0142nianie:<\/strong> Aby przetworzy\u0107 Twoje zam\u00f3wienia, zarz\u0105dza\u0107 dostawami oraz zapewni\u0107 p\u0142ynne rozpatrywanie zwrot\u00f3w lub zapyta\u0144 dotycz\u0105cych obs\u0142ugi klienta.<\/li>\n<li><strong>Komunikacja:<\/strong> Aby dostarcza\u0107 Ci aktualizacje dotycz\u0105ce statusu Twojego zam\u00f3wienia, odpowiada\u0107 na zapytania obs\u0142ugi klienta oraz wysy\u0142a\u0107 komunikaty marketingowe, je\u015bli wyrazi\u0142e\u015b\/a\u015b zgod\u0119.<\/li>\n<li><strong>Poprawa Us\u0142ug:<\/strong> Aby zwi\u0119kszy\u0107 funkcjonalno\u015b\u0107 i do\u015bwiadczenie u\u017cytkownika naszej strony internetowej oraz dopasowa\u0107 rekomendacje produkt\u00f3w i tre\u015bci.<\/li>\n<li><strong>Przetwarzanie p\u0142atno\u015bci:<\/strong> Przetwarzamy p\u0142atno\u015bci bezpiecznie za po\u015brednictwem zaufanych platform, takich jak PayPal, przelew bankowy SEPA lub kryptowaluta, zapewniaj\u0105c bezpieczne przetwarzanie danych p\u0142atno\u015bciowych.<\/li>\n<li><strong>Zgodno\u015b\u0107 z prawem:<\/strong> Aby spe\u0142ni\u0107 odpowiednie przepisy prawa oraz regulacje, w tym zapobieganie oszustwom i weryfikacja wieku, zgodnie z wymogami naszej dzia\u0142alno\u015bci gospodarczej.<\/li>\n<\/ul>\n<p><strong>3. Udost\u0119pnianie Twoich Informacji<\/strong><\/p>\n<p>Nie udost\u0119pniamy ani nie sprzedajemy Twoich danych osobowych podmiotom trzecim w celach marketingowych. Mo\u017cemy jednak udost\u0119pni\u0107 Twoje dane w nast\u0119puj\u0105cych okoliczno\u015bciach:<\/p>\n<ul>\n<li><strong>Dostawcy us\u0142ug:<\/strong> Wsp\u00f3\u0142pracujemy z zaufanymi dostawcami us\u0142ug stron trzecich, w tym z procesorami p\u0142atno\u015bci, przewo\u017anikami wysy\u0142kowymi oraz dostawcami us\u0142ug IT, aby wspom\u00f3c operacje biznesowe. Ci dostawcy us\u0142ug maj\u0105 dost\u0119p do Twoich danych osobowych tylko w zakresie niezb\u0119dnym do wykonywania ich funkcji.<\/li>\n<li><strong>Wymagania prawne:<\/strong> Je\u015bli jest to wymagane przez prawo lub w odpowiedzi na wa\u017cne procesy prawne, takie jak nakaz s\u0105dowy lub wniosek rz\u0105dowy, mo\u017cemy ujawni\u0107 Twoje informacje.<\/li>\n<li><strong>Przeniesienia dzia\u0142alno\u015bci:<\/strong> W przypadku po\u0142\u0105czenia biznesowego, przej\u0119cia lub sprzeda\u017cy Twoje informacje mog\u0105 zosta\u0107 przeniesione jako cz\u0119\u015b\u0107 aktyw\u00f3w.<\/li>\n<\/ul>\n<p><strong>4. Jak Chronimy Twoje Dane<\/strong><\/p>\n<p>Fumotxpress podejmuje odpowiednie \u015brodki bezpiecze\u0144stwa, aby chroni\u0107 Twoje dane osobowe przed nieautoryzowanym dost\u0119pem, ujawnieniem, zmian\u0105 i zniszczeniem. \u015arodki te obejmuj\u0105:<\/p>\n<ul>\n<li><strong>Szyfrowanie:<\/strong> U\u017cywamy bezpiecznych protoko\u0142\u00f3w szyfrowania (SSL\/TLS), aby chroni\u0107 Twoje dane p\u0142atno\u015bciowe i osobowe podczas transakcji.<\/li>\n<li><strong>Kontrola dost\u0119pu:<\/strong> Ograniczamy dost\u0119p do danych osobowych wy\u0142\u0105cznie do upowa\u017cnionego personelu, a wszyscy pracownicy i kontrahenci s\u0105 zwi\u0105zani umowami o poufno\u015bci.<\/li>\n<li><strong>Regularne audyty:<\/strong> Regularnie przegl\u0105damy nasze praktyki zwi\u0105zane z bezpiecze\u0144stwem danych i podejmujemy dzia\u0142ania naprawcze w razie potrzeby, aby zapewni\u0107 ci\u0105g\u0142e bezpiecze\u0144stwo Twoich danych osobowych.<\/li>\n<\/ul>\n<p><strong>5. Twoje Prawa<\/strong><\/p>\n<p>Jako mieszkaniec Unii Europejskiej masz okre\u015blone prawa dotycz\u0105ce swoich danych osobowych zgodnie z RODO, w tym:<\/p>\n<ul>\n<li><strong>Prawo dost\u0119pu:<\/strong> Mo\u017cesz poprosi\u0107 o dost\u0119p do danych osobowych, kt\u00f3re posiadamy na Tw\u00f3j temat.<\/li>\n<li><strong>Prawo do sprostowania:<\/strong> Mo\u017cesz poprosi\u0107 nas o poprawienie wszelkich niedok\u0142adnych lub niekompletnych informacji.<\/li>\n<li><strong>Prawo do usuni\u0119cia:<\/strong> Mo\u017cesz poprosi\u0107 o usuni\u0119cie swoich danych osobowych, z zastrze\u017ceniem pewnych wyj\u0105tk\u00f3w (takich jak zgodno\u015b\u0107 z prawem lub zobowi\u0105zania umowne).<\/li>\n<li><strong>Prawo do ograniczenia przetwarzania:<\/strong> Mo\u017cesz za\u017c\u0105da\u0107 ograniczenia przetwarzania swoich danych w okre\u015blonych warunkach.<\/li>\n<li><strong>Prawo do Przenoszenia Danych:<\/strong> Mo\u017cesz poprosi\u0107 o kopi\u0119 swoich danych osobowych w ustrukturyzowanym, powszechnie u\u017cywanym i maszynowo czytelnym formacie.<\/li>\n<li><strong>Prawo do sprzeciwu:<\/strong> Mo\u017cesz sprzeciwi\u0107 si\u0119 wobec przetwarzania Twoich danych w celu marketingu bezpo\u015bredniego lub innych uzasadnionych interes\u00f3w.<\/li>\n<\/ul>\n<p>Aby skorzysta\u0107 z kt\u00f3regokolwiek z tych praw, prosimy o kontakt z nami pod adresem <strong><a rel=\"noopener\">info@fumotxpress.de<\/a><\/strong>.<\/p>\n<p><strong>6. Pliki cookie i technologie \u015bledzenia<\/strong><\/p>\n<p>Nasza strona internetowa wykorzystuje pliki cookie, aby poprawi\u0107 funkcjonalno\u015b\u0107, spersonalizowa\u0107 tre\u015bci i analizowa\u0107 ruch. Korzystaj\u0105c z naszej strony internetowej, wyra\u017casz zgod\u0119 na u\u017cywanie plik\u00f3w cookie. Mo\u017cesz zarz\u0105dza\u0107 swoimi preferencjami dotycz\u0105cymi plik\u00f3w cookie za pomoc\u0105 ustawie\u0144 przegl\u0105darki. Aby uzyska\u0107 wi\u0119cej szczeg\u00f3\u0142\u00f3w, zapoznaj si\u0119 z nasz\u0105 Polityk\u0105 plik\u00f3w cookie.<\/p>\n<p><strong>7. Weryfikacja wieku<\/strong><\/p>\n<p>Musisz mie\u0107 co najmniej 18 lat, aby zakupi\u0107 jednorazowe waporyzatory lub jakiekolwiek powi\u0105zane produkty od Fumotxpress. Dokonuj\u0105c zakupu na naszej stronie, potwierdzasz, \u017ce masz odpowiedni wiek w kraju swojego miejsca zamieszkania.<\/p>\n<p><strong>8. Aktualizacje niniejszej Polityki Prywatno\u015bci<\/strong><\/p>\n<p>Mo\u017cemy aktualizowa\u0107 t\u0119 Polityk\u0119 Prywatno\u015bci z czasem.  Kiedy wprowadzimy zmiany, zaktualizujemy dat\u0119 \u201eOstatnia aktualizacja\u201d u g\u00f3ry tej strony. Zach\u0119camy Ci\u0119 do regularnego przegl\u0105dania tej polityki, aby by\u0107 na bie\u017c\u0105co z tym, jak chronimy Twoje dane osobowe.<\/p>\n<p><strong>9. Skontaktuj si\u0119 z nami<\/strong><\/p>\n<p>Je\u015bli masz jakie\u015b pytania dotycz\u0105ce tej Polityki Prywatno\u015bci lub sposobu, w jaki przetwarzamy Twoje dane osobowe, prosimy o kontakt z nami:<\/p>\n<p>Fumotxpress<br \/>\nE-mail: <strong><a rel=\"noopener\">info@fumotxpress.de<\/a><\/strong><br \/>\nStrona internetowa: <a href=\"https:\/\/fumotxpress.de\/pl\/\" target=\"_new\" rel=\"noopener\">fumotxpress.de<\/a><\/p>","protected":false},"excerpt":{"rendered":"<p>W Fumotxpress prywatno\u015b\u0107 ma dla nas ogromne znaczenie. Zobowi\u0105zujemy si\u0119 do ochrony danych osobowych naszych klient\u00f3w zgodnie z przepisami o ochronie danych, w tym z Og\u00f3lnym Rozporz\u0105dzeniem o Ochronie Danych (RODO) oraz przepisami obowi\u0105zuj\u0105cymi w Unii Europejskiej. Ta Polityka Prywatno\u015bci okre\u015bla, jak zbieramy, wykorzystujemy i chronimy Twoje dane osobowe, gdy [\u2026]","protected":false},"author":1,"featured_media":0,"parent":0,"menu_order":0,"comment_status":"closed","ping_status":"closed","template":"page-blank-title-center.php","meta":{"om_disable_all_campaigns":false,"footnotes":""},"class_list":["post-1274","page","type-page","status-publish","hentry"],"_links":{"self":[{"href":"https:\/\/fumotxpress.de\/pl\/wp-json\/wp\/v2\/pages\/1274","targetHints":{"allow":["GET"]}}],"collection":[{"href":"https:\/\/fumotxpress.de\/pl\/wp-json\/wp\/v2\/pages"}],"about":[{"href":"https:\/\/fumotxpress.de\/pl\/wp-json\/wp\/v2\/types\/page"}],"author":[{"embeddable":true,"href":"https:\/\/fumotxpress.de\/pl\/wp-json\/wp\/v2\/users\/1"}],"replies":[{"embeddable":true,"href":"https:\/\/fumotxpress.de\/pl\/wp-json\/wp\/v2\/comments?post=1274"}],"version-history":[{"count":0,"href":"https:\/\/fumotxpress.de\/pl\/wp-json\/wp\/v2\/pages\/1274\/revisions"}],"wp:attachment":[{"href":"https:\/\/fumotxpress.de\/pl\/wp-json\/wp\/v2\/media?parent=1274"}],"curies":[{"name":"wp","href":"https:\/\/api.w.org\/{rel}","templated":true}]}}