{"id":1268,"date":"2024-11-09T08:08:21","date_gmt":"2024-11-09T08:08:21","guid":{"rendered":"https:\/\/fumotxpress.de\/?page_id=1268"},"modified":"2024-11-09T08:08:21","modified_gmt":"2024-11-09T08:08:21","slug":"polityka-zwrotow-fumotxpress","status":"publish","type":"page","link":"https:\/\/fumotxpress.de\/pl\/polityka-zwrotow-fumotxpress\/","title":{"rendered":"Polityka Zwrotu Fumotxpress"},"content":{"rendered":"<p>W <strong>Fumotxpress<\/strong>Z dum\u0105 dostarczamy wysokiej jako\u015bci jednorazowe waporyzatory prosto do Twojego domu w ca\u0142ej Europie. Twoje zadowolenie jest naszym priorytetem i zobowi\u0105zujemy si\u0119 do zapewnienia p\u0142ynnego i niezawodnego do\u015bwiadczenia dla wszystkich naszych klient\u00f3w. Poni\u017cej znajdziesz szczeg\u00f3\u0142owy przewodnik po naszej polityce zwrot\u00f3w:<\/p>\n<h4>1. <strong>Uprawnienie do zwrotu pieni\u0119dzy<\/strong><\/h4>\n<p>Chcemy, aby\u015b by\u0142 ca\u0142kowicie zadowolony z zakupu. Je\u015bli z jakiegokolwiek powodu nie jeste\u015b ca\u0142kowicie zadowolony z produktu, oferujemy prost\u0105 polityk\u0119 zwrotu pieni\u0119dzy. Zwroty s\u0105 dost\u0119pne pod nast\u0119puj\u0105cymi warunkami:<\/p>\n<ul>\n<li><strong>Uszkodzone lub wadliwe produkty:<\/strong> Je\u015bli otrzymasz przedmiot, kt\u00f3ry jest wadliwy lub uszkodzony podczas transportu, prosimy o poinformowanie nas w ci\u0105gu <strong>14 dni<\/strong> otrzymania Twojego zam\u00f3wienia. Z przyjemno\u015bci\u0105 wydamy pe\u0142ny zwrot pieni\u0119dzy lub zast\u0105pimy wadliwy przedmiot bez dodatkowych koszt\u00f3w.<\/li>\n<li><strong>Nieodpowiedni Przedmiot Otrzymany:<\/strong> W rzadkim przypadku, gdy dostarczono do Ciebie niew\u0142a\u015bciwy przedmiot, skontaktuj si\u0119 z nami w ci\u0105gu <strong>14 dni<\/strong> Zgodnie z paragonem. Wy\u015blemy Ci prawid\u0142ow\u0105 rzecz oraz dokonamy pe\u0142nego zwrotu pieni\u0119dzy lub wymiany, w zale\u017cno\u015bci od Twojego wyboru.<\/li>\n<li><strong>anulowanie zam\u00f3wienia:<\/strong> Je\u015bli zmienisz zdanie i chcesz anulowa\u0107 zam\u00f3wienie, prosimy o kontakt z nami przed jego wysy\u0142k\u0105. Je\u015bli przedmiot jeszcze nie opu\u015bci\u0142 naszego magazynu, dokonamy anulowania i wydamy pe\u0142ny zwrot pieni\u0119dzy. Niestety, raz wys\u0142ane zam\u00f3wienia nie mog\u0105 by\u0107 anulowane.<\/li>\n<\/ul>\n<h4>2. <strong>Proces zwrotu<\/strong><\/h4>\n<ul>\n<li>Aby rozpocz\u0105\u0107 proces zwrotu, prosimy <strong>Skontaktuj si\u0119 z nami<\/strong> w <a rel=\"noopener\">info@fumotxpress.de<\/a> wraz ze szczeg\u00f3\u0142ami zam\u00f3wienia i opisem problemu. Przedstawiciel naszego zespo\u0142u obs\u0142ugi klienta przeprowadzi Ci\u0119 przez procedur\u0119 zwrotu lub zwrotu pieni\u0119dzy.<\/li>\n<li>Prosz\u0119 zachowa\u0107 produkt w jego oryginalnym, nieu\u017cytym stanie, aby kwalifikowa\u0107 si\u0119 do zwrotu. U\u017cyte lub otwarte przedmioty, ze wzgl\u0119d\u00f3w higienicznych i bezpiecze\u0144stwa, nie s\u0105 uprawnione do zwrotu.<\/li>\n<li>Je\u015bli zwracasz produkt, upewnij si\u0119, \u017ce jest on bezpiecznie zapakowany, aby unikn\u0105\u0107 dalszych uszkodze\u0144 podczas transportu. Koszt wysy\u0142ki zwrotnej jest odpowiedzialno\u015bci\u0105 klienta, chyba \u017ce przedmiot jest wadliwy lub nieprawid\u0142owy.<\/li>\n<\/ul>\n<h4>3. <strong>Przetwarzanie zwrot\u00f3w<\/strong><\/h4>\n<p>Po zatwierdzeniu wniosku o zwrot lub refundacj\u0119 otrzymasz e-mail z potwierdzeniem. Zwroty zostan\u0105 przetworzone do oryginalnej metody p\u0142atno\u015bci, kt\u00f3ra mo\u017ce obejmowa\u0107 PayPal, kart\u0119 kredytow\u0105 lub przelew bankowy (w zale\u017cno\u015bci od metody p\u0142atno\u015bci).<\/p>\n<ul>\n<li><strong>Transakcje PayPal:<\/strong> Je\u015bli zap\u0142aci\u0142e\u015b przez PayPal, zwrot zostanie zaksi\u0119gowany na Twoim koncie PayPal w ci\u0105gu <strong>5-7 dni roboczych<\/strong>.<\/li>\n<li><strong>P\u0142atno\u015bci kart\u0105 kredytow\u0105\/SEPA:<\/strong> Zwroty dokonane za pomoc\u0105 karty kredytowej lub przelewu bankowego SEPA mog\u0105 potrwa\u0107 <strong>do 10 dni roboczych<\/strong> przetworzy\u0107.<\/li>\n<li><strong>P\u0142atno\u015bci kryptowalutowe:<\/strong> Je\u015bli zap\u0142aci\u0142e\u015b za pomoc\u0105 kryptowaluty, zwroty zostan\u0105 przetworzone w tej samej kryptowalucie, kt\u00f3ra zosta\u0142a wykorzystana do pierwotnej p\u0142atno\u015bci.<\/li>\n<\/ul>\n<h4>4. <strong>Niewracalne Przedmioty<\/strong><\/h4>\n<p>Z powod\u00f3w zdrowotnych i higienicznych, niekt\u00f3re przedmioty s\u0105 nieodst\u0105pne i nie podlegaj\u0105 zwrotowi, w tym:<\/p>\n<ul>\n<li>Otwarte lub zu\u017cyte jednorazowe e-papierosy<\/li>\n<li>E-liquidy i inne produkty jednorazowego u\u017cytku<\/li>\n<li>Produkty zakupione w sprzeda\u017cy lub ze zni\u017ckami promocyjnymi (chyba \u017ce s\u0105 wadliwe)<\/li>\n<\/ul>\n<h4>5. <strong>Op\u0142aty za wysy\u0142k\u0119<\/strong><\/h4>\n<p>Prosz\u0119 zwr\u00f3ci\u0107 uwag\u0119, \u017ce op\u0142aty za wysy\u0142k\u0119 zazwyczaj nie podlegaj\u0105 zwrotowi, chyba \u017ce produkt jest wadliwy lub uszkodzony. W przypadku wadliwych lub nieprawid\u0142owych przedmiot\u00f3w, <strong>Fumotxpress<\/strong> Pokryje koszty zwrotu przesy\u0142ki.<\/p>\n<h4>6. <strong>Gie\u0142dy<\/strong><\/h4>\n<p>Je\u015bli wolisz\u4ea4\u63db na inny produkt (takiego jak inny smak lub model), za\u0142atwimy\u4ea4\u63db po otrzymaniu zwr\u00f3conego produktu. Wszelkie r\u00f3\u017cnice cenowe mi\u0119dzy oryginalnym a wymienionym produktem b\u0119d\u0105 odpowiednio naliczane lub zwracane.<\/p>\n<h4>7. <strong>Zam\u00f3wienie nie otrzymane \/ Zagubione w transporcie<\/strong><\/h4>\n<p>W przypadku, gdy Twoje zam\u00f3wienie zostanie zagubione lub nie zostanie dostarczone w okre\u015blonym terminie (3-7 dni roboczych dla wi\u0119kszo\u015bci kraj\u00f3w europejskich), prosimy o natychmiastowy kontakt z naszym zespo\u0142em obs\u0142ugi klienta. Pomo\u017cemy Ci w \u015bledzeniu paczki lub zainicjujemy wniosek z firm\u0105 przewozow\u0105 w celu odnalezienia przesy\u0142ki. Je\u015bli zam\u00f3wienia nie mo\u017cna znale\u017a\u0107, zaoferujemy jego wymian\u0119 lub zwrot pieni\u0119dzy, w zale\u017cno\u015bci od Twojego wyboru.<\/p>\n<h4>8. <strong>Obs\u0142uga Klienta<\/strong><\/h4>\n<p>Wszystkie pytania zwi\u0105zane ze zwrotami pieni\u0119dzy lub zwrotami towaru prosimy kierowa\u0107 do naszego zespo\u0142u obs\u0142ugi klienta pod adres: <a rel=\"noopener\">info@fumotxpress.de<\/a>Jeste\u015bmy dost\u0119pni, aby pom\u00f3c Ci z wszelkimi problemami, kt\u00f3re mog\u0105 si\u0119 pojawi\u0107 i zapewni\u0107 Ci pozytywne do\u015bwiadczenie z <strong>Fumotxpress<\/strong> nie sprawia problem\u00f3w.<\/p>\n<hr \/>\n<p><strong>Fumotxpress<\/strong> d\u0105\u017cy do zapewnienia p\u0142ynnego do\u015bwiadczenia zakupowego z produktami wysokiej jako\u015bci i zobowi\u0105zuje si\u0119 do rozwi\u0105zywania wszelkich problem\u00f3w z najwy\u017csz\u0105 profesjonalno\u015bci\u0105 i dba\u0142o\u015bci\u0105.<\/p>\n<p>Dzi\u0119kujemy za wyb\u00f3r <strong>Fumotxpress<\/strong> \u2013 Premiumowe jednorazowe vape'y z Niemiec!<\/p>","protected":false},"excerpt":{"rendered":"<p>W Fumotxpress z dum\u0105 dostarczamy wysokiej jako\u015bci jednorazowe waporyzatory prosto do Twojego domu w ca\u0142ej Europie. Twoje zadowolenie jest naszym priorytetem i zobowi\u0105zujemy si\u0119 do zapewnienia p\u0142ynnego i niezawodnego do\u015bwiadczenia dla wszystkich naszych klient\u00f3w. Poni\u017cej znajdziesz szczeg\u00f3\u0142owy przewodnik po naszej polityce zwrot\u00f3w: 1. Uprawnienie do zwrotu Chcemy, aby\u015b by\u0142 w pe\u0142ni [\u2026]","protected":false},"author":1,"featured_media":0,"parent":0,"menu_order":0,"comment_status":"closed","ping_status":"closed","template":"page-blank-title-center.php","meta":{"om_disable_all_campaigns":false,"footnotes":""},"class_list":["post-1268","page","type-page","status-publish","hentry"],"_links":{"self":[{"href":"https:\/\/fumotxpress.de\/pl\/wp-json\/wp\/v2\/pages\/1268","targetHints":{"allow":["GET"]}}],"collection":[{"href":"https:\/\/fumotxpress.de\/pl\/wp-json\/wp\/v2\/pages"}],"about":[{"href":"https:\/\/fumotxpress.de\/pl\/wp-json\/wp\/v2\/types\/page"}],"author":[{"embeddable":true,"href":"https:\/\/fumotxpress.de\/pl\/wp-json\/wp\/v2\/users\/1"}],"replies":[{"embeddable":true,"href":"https:\/\/fumotxpress.de\/pl\/wp-json\/wp\/v2\/comments?post=1268"}],"version-history":[{"count":0,"href":"https:\/\/fumotxpress.de\/pl\/wp-json\/wp\/v2\/pages\/1268\/revisions"}],"wp:attachment":[{"href":"https:\/\/fumotxpress.de\/pl\/wp-json\/wp\/v2\/media?parent=1268"}],"curies":[{"name":"wp","href":"https:\/\/api.w.org\/{rel}","templated":true}]}}