{"id":1266,"date":"2024-11-09T08:05:03","date_gmt":"2024-11-09T08:05:03","guid":{"rendered":"https:\/\/fumotxpress.de\/?page_id=1266"},"modified":"2024-11-09T08:05:03","modified_gmt":"2024-11-09T08:05:03","slug":"polityka-wysylki-fumotxpress","status":"publish","type":"page","link":"https:\/\/fumotxpress.de\/pl\/polityka-wysylki-fumotxpress\/","title":{"rendered":"Polityka Wysy\u0142ki Fumotxpress"},"content":{"rendered":"<p>W Fumotxpress z dum\u0105 dostarczamy wysokiej jako\u015bci jednorazowe vape'y bezpo\u015brednio z naszego magazynu w Niemczech prosto do Twoich drzwi. Naszym celem jest oferowanie szybkiej, niezawodnej i bezpiecznej wysy\u0142ki dla wszystkich zam\u00f3wie\u0144 na terenie Unii Europejskiej.<\/p>\n<p><strong>Czas Przetwarzania Zam\u00f3wienia:<\/strong><br \/>\nPrzetwarzamy zam\u00f3wienia w ci\u0105gu 1-2 dni roboczych. Prosz\u0119 zwr\u00f3ci\u0107 uwag\u0119, \u017ce w okresach wzmo\u017conego ruchu lub podczas \u015bwi\u0105t mog\u0105 wyst\u0105pi\u0107 niewielkie op\u00f3\u017anienia, ale zawsze staramy si\u0119 wysy\u0142a\u0107 Twoje zam\u00f3wienie jak najszybciej.<\/p>\n<p><strong>Czas dostawy:<\/strong><br \/>\nPo przetworzeniu zam\u00f3wienia, wysy\u0142amy je bezpo\u015brednio z naszego europejskiego magazynu. Czas dostawy zazwyczaj wynosi od 3 do 7 dni roboczych, w zale\u017cno\u015bci od kraju przeznaczenia. Otrzymasz numer \u015bledzenia po wys\u0142aniu zam\u00f3wienia, dzi\u0119ki czemu b\u0119dziesz m\u00f3g\u0142 \u0142atwo monitorowa\u0107 jego post\u0119p.<\/p>\n<p><strong>Darmowa wysy\u0142ka:<\/strong><\/p>\n<ul>\n<li><strong>Niemcy:<\/strong> Oferujemy darmow\u0105 wysy\u0142k\u0119 przy wszystkich zam\u00f3wieniach powy\u017cej <strong>\u20ac49.99<\/strong>.<\/li>\n<li><strong>Unia Europejska:<\/strong> Ciesz si\u0119 darmow\u0105 wysy\u0142k\u0105 na wszystkie zam\u00f3wienia powy\u017cej <strong>\u20ac99.99<\/strong>.<br \/>\nDla zam\u00f3wie\u0144 poni\u017cej progu darmowej wysy\u0142ki, koszty wysy\u0142ki zostan\u0105 obliczone podczas realizacji zam\u00f3wienia w zale\u017cno\u015bci od miejsca dostawy.<\/li>\n<\/ul>\n<p><strong>Przewo\u017anik:<\/strong><br \/>\nWsp\u00f3\u0142pracujemy z zaufanymi us\u0142ugami kurierskimi, aby zapewni\u0107 bezpieczn\u0105 i szybk\u0105 dostaw\u0119 Twojego zam\u00f3wienia. W zale\u017cno\u015bci od Twojej lokalizacji, przewo\u017anik mo\u017ce si\u0119 r\u00f3\u017cni\u0107, ale mo\u017cesz by\u0107 pewien, \u017ce wszystkie zam\u00f3wienia s\u0105 w pe\u0142ni \u015bledzone.<\/p>\n<p><strong>Metody p\u0142atno\u015bci:<\/strong><br \/>\nAby Twoje do\u015bwiadczenie zakupowe by\u0142o jak najbardziej wygodne, akceptujemy r\u00f3\u017cnorodne metody p\u0142atno\u015bci, w tym:<\/p>\n<ul>\n<li><strong>PayPal<\/strong> \u2013 Szybki i bezpieczny spos\u00f3b p\u0142atno\u015bci online.<\/li>\n<li><strong>Kryptowaluta<\/strong> \u2013 Akceptujemy r\u00f3wnie\u017c szereg kryptowalut dla bardziej elastycznej opcji p\u0142atno\u015bci.<\/li>\n<li><strong>Przelew bankowy SEPA<\/strong> \u2013 Dla naszych europejskich klient\u00f3w dost\u0119pny jest r\u00f3wnie\u017c przelew bankowy SEPA jako metoda p\u0142atno\u015bci.<\/li>\n<\/ul>\n<p><strong>Potwierdzenie Zam\u00f3wienia i \u015aledzenie:<\/strong><br \/>\nPo z\u0142o\u017ceniu zam\u00f3wienia otrzymasz e-mail z potwierdzeniem zam\u00f3wienia zawieraj\u0105cy wszystkie istotne szczeg\u00f3\u0142y. Gdy tylko Twoje zam\u00f3wienie zostanie wys\u0142ane, prze\u015blemy Ci numer \u015bledzenia, dzi\u0119ki kt\u00f3remu b\u0119dziesz m\u00f3g\u0142 \u015bledzi\u0107 jego drog\u0119.<\/p>\n<p><strong>Wsparcie Klienta:<\/strong><br \/>\nJe\u015bli masz jakiekolwiek pytania lub problemy dotycz\u0105ce zam\u00f3wienia, wysy\u0142ki lub jakiegokolwiek innego aspektu zakupu, prosimy o kontakt z naszym zespo\u0142em obs\u0142ugi klienta pod adresem <strong><a rel=\"noopener\">info@fumotxpress.de<\/a><\/strong>D\u0105\u017cymy do tego, aby odpowiada\u0107 na wszystkie zapytania jak najszybciej, zwykle w ci\u0105gu 1 dnia roboczego.<\/p>\n<p><strong>Wa\u017cne uwagi:<\/strong><\/p>\n<ul>\n<li>Upewnij si\u0119, \u017ce adres wysy\u0142ki jest kompletny i dok\u0142adny, aby unikn\u0105\u0107 op\u00f3\u017anie\u0144 lub problem\u00f3w z dostaw\u0105.<\/li>\n<li>Je\u015bli zam\u00f3wienie zostanie zwr\u00f3cone do nas z powodu nieprawid\u0142owego adresu lub je\u015bli odbiorca nie jest dost\u0119pny dla dor\u0119czenia, mo\u017cemy pobiera\u0107 dodatkow\u0105 op\u0142at\u0119 za przesy\u0142k\u0119 w celu ponownego przes\u0142ania zam\u00f3wienia.<\/li>\n<\/ul>\n<p>Dzi\u0119kujemy za wybranie Fumotxpress do Twoich potrzeb zwi\u0105zanych z premium jednorazowymi waporyzatorami. Jeste\u015bmy oddani zapewnianiu Ci bezproblemowego do\u015bwiadczenia zakupowego oraz wysokiej jako\u015bci produkt\u00f3w dostarczanych prosto do Twoich drzwi.<\/p>","protected":false},"excerpt":{"rendered":"<p>W Fumotxpress z dumy dostarczamy wysokiej jako\u015bci jednorazowe waporyzatory bezpo\u015brednio z naszego magazynu w Niemczech prosto do Twoich drzwi. Naszym celem jest oferowanie szybkiej, niezawodnej i bezpiecznej wysy\u0142ki dla wszystkich zam\u00f3wie\u0144 w Unii Europejskiej. Czas Przetwarzania Zam\u00f3wie\u0144: Zam\u00f3wienia przetwarzamy w ci\u0105gu 1-2 dni roboczych. Prosimy o uwag\u0119, \u017ce w okresach wzmo\u017conego ruchu lub podczas \u015bwi\u0105t mo\u017ce [\u2026]","protected":false},"author":1,"featured_media":0,"parent":0,"menu_order":0,"comment_status":"closed","ping_status":"closed","template":"page-blank-title-center.php","meta":{"om_disable_all_campaigns":false,"footnotes":""},"class_list":["post-1266","page","type-page","status-publish","hentry"],"_links":{"self":[{"href":"https:\/\/fumotxpress.de\/pl\/wp-json\/wp\/v2\/pages\/1266","targetHints":{"allow":["GET"]}}],"collection":[{"href":"https:\/\/fumotxpress.de\/pl\/wp-json\/wp\/v2\/pages"}],"about":[{"href":"https:\/\/fumotxpress.de\/pl\/wp-json\/wp\/v2\/types\/page"}],"author":[{"embeddable":true,"href":"https:\/\/fumotxpress.de\/pl\/wp-json\/wp\/v2\/users\/1"}],"replies":[{"embeddable":true,"href":"https:\/\/fumotxpress.de\/pl\/wp-json\/wp\/v2\/comments?post=1266"}],"version-history":[{"count":0,"href":"https:\/\/fumotxpress.de\/pl\/wp-json\/wp\/v2\/pages\/1266\/revisions"}],"wp:attachment":[{"href":"https:\/\/fumotxpress.de\/pl\/wp-json\/wp\/v2\/media?parent=1266"}],"curies":[{"name":"wp","href":"https:\/\/api.w.org\/{rel}","templated":true}]}}