{"id":1259,"date":"2024-11-08T13:46:27","date_gmt":"2024-11-08T13:46:27","guid":{"rendered":"https:\/\/fumotxpress.de\/?page_id=1259"},"modified":"2024-11-08T13:51:40","modified_gmt":"2024-11-08T13:51:40","slug":"oferty-kuponow-fumotxpress","status":"publish","type":"page","link":"https:\/\/fumotxpress.de\/pl\/oferty-kuponow-fumotxpress\/","title":{"rendered":"Fumotxpress Kody Rabatowe i Oferty"},"content":{"rendered":"<section class=\"section\" id=\"section_1231878992\">\n\t\t<div class=\"section-bg fill\" >\n\t\t\t\t\t\t\t\t\t\n\t\t\t\n\n\t\t<\/div>\n\n\t\t\n\n\t\t<div class=\"section-content relative\">\n\t\t\t\n\t<div id=\"gap-268822035\" class=\"gap-element clearfix\" style=\"display:block; height:auto;\">\n\t\t\n<style>\n#gap-268822035 {\n  padding-top: 30px;\n}\n<\/style>\n\t<\/div>\n\t\n<div class=\"row row-large\"  id=\"row-245043567\">\n\n\t<div id=\"col-1581822803\" class=\"col medium-12 small-12 large-6\"  >\n\t\t\t\t<div class=\"col-inner\"  >\n\t\t\t\n\t\t\t\n\t<div id=\"text-4075039494\" class=\"text\">\n\t\t\n<p><strong>Fumotxpress Kody Rabatowe i Oferty - Oszcz\u0119d\u017a Du\u017co na Premium Jednorazowych Waporyzatorach<\/strong><\/p>\n\t\t\n<style>\n#text-4075039494 {\n  font-size: 1.5rem;\n}\n<\/style>\n\t<\/div>\n\t\n<p>W Fumotxpress jeste\u015bmy zaanga\u017cowani w oferowanie najlepszych jednorazowych waporyzator\u00f3w po niepowtarzalnych cenach. Niezale\u017cnie od tego, czy kupujesz jedn\u0105 sztuk\u0119, czy sk\u0142adasz zam\u00f3wienie hurtowe, nasze ekskluzywne kupony i promocje pomagaj\u0105 Ci oszcz\u0119dza\u0107 na markach premium, takich jak Al Fakher, Fizzy, OBEELAB HHC i SMPO DL02. Cz\u0119sto sprawdzaj, aby uzyska\u0107 najnowsze rabaty, oferty sezonowe i oferty zakupu hurtowego.<\/p>\n<p><strong>Jak uzyska\u0107 kupony Fumotxpress<\/strong><\/p>\n<ul>\n<li><strong>Zapisz si\u0119 do naszego biuletynu:<\/strong> B\u0105d\u017a na bie\u017c\u0105co z ekskluzywnymi kodami rabatowymi i ofertami specjalnymi prosto do Twojej skrzynki odbiorczej.<\/li>\n<li><strong>Obserwuj nas w mediach spo\u0142eczno\u015bciowych:<\/strong> Otrzymuj powiadomienia o wyprzeda\u017cach i specjalnych ofertach, \u015bledz\u0105c nas na Instagramie, Facebooku i Twitterze.<\/li>\n<li><strong>Sprawdzaj Nasz\u0105 Stron\u0119 Promocji Regularnie:<\/strong> Odwied\u017a nasz\u0105 stron\u0119 internetow\u0105, aby znale\u017a\u0107 aktualne sezonowe zni\u017cki i kody rabatowe dla wszystkich Twoich ulubionych jednorazowych waporyzator\u00f3w.<\/li>\n<\/ul>\n<p><strong>Aktualne oferty<\/strong><\/p>\n<ul>\n<li><strong>Darmowa wysy\u0142ka:<\/strong> Zam\u00f3wienia powy\u017cej 49,99 \u20ac w Niemczech i 99,99 \u20ac w UE kwalifikuj\u0105 si\u0119 do darmowej wysy\u0142ki.<\/li>\n<li><strong>Wy\u0142\u0105czne zni\u017cki:<\/strong> Uwa\u017cnie \u015bled\u017a oferty promocyjne z ograniczonym czasem wa\u017cno\u015bci oraz sezonowe oferty.<\/li>\n<\/ul>\n<p><strong>Warunki i Zasady<\/strong> Kupony podlegaj\u0105 warunkom i zasadom. Zni\u017cek nie mo\u017cna \u0142\u0105czy\u0107, mog\u0105 by\u0107 r\u00f3wnie\u017c pewne wy\u0142\u0105czenia. Dla wi\u0119cej szczeg\u00f3\u0142\u00f3w, prosimy kontakt z naszym zespo\u0142em wsparcia klienta.<\/p>\n<p><strong>Zacznij Oszcz\u0119dza\u0107 Dzi\u015b!<\/strong> Przegl\u0105daj nasz\u0105 premium kolekcj\u0119 jednorazowych waporyzator\u00f3w i skorzystaj z naszych najnowszych kupon\u00f3w rabatowych, aby uzyska\u0107 najlepsze ceny. Fumotxpress dostarcza bezpo\u015brednio z naszego europejskiego magazynu, gwarantuj\u0105c szybk\u0105 dostaw\u0119 w ci\u0105gu 3-7 dni.<\/p>\n<p>W celu uzyskania dalszych informacji lub w razie pyta\u0144 prosimy o kontakt z nami pod adresem: <a rel=\"noopener\">info@fumotxpress.de<\/a>.<\/p>\n<a href=\"https:\/\/vapebaz.com\/shop\/\" class=\"button primary\" target=\"_blank\" rel=\"noopener\">\n\t\t<span>Zam\u00f3w ju\u017c teraz!<\/span>\n\t<\/a>\n\n\t\t<\/div>\n\t\t\t\t\t<\/div>\n\n\t\n\n\t<div id=\"col-1290203829\" class=\"col medium-12 small-12 large-6\"  >\n\t\t\t\t<div class=\"col-inner\"  >\n\t\t\t\n\t\t\t\n\n\t\t<div class=\"icon-box featured-box icon-box-left text-left\"  >\n\t\t\t\t\t<div class=\"icon-box-img\" style=\"width: 50px\">\n\t\t\t\t<div class=\"icon\">\n\t\t\t\t\t<div class=\"icon-inner\" >\n\t\t\t\t\t\t\t\t\t\t\t<\/div>\n\t\t\t\t<\/div>\n\t\t\t<\/div>\n\t\t\t\t<div class=\"icon-box-text last-reset\">\n\t\t\t\t\t\t\t\t\t\n<h3>GET 1% OFF<\/h3>\n<h4><strong>Otrzymaj 11% zni\u017cki na zam\u00f3wienia powy\u017cej 100\u20ac<\/strong><\/h4>\n<p>Wygasa dnia: 31\/12\/2024<\/p>\n<a class=\"button primary\"  >\n\t\t<span>fumotx1<\/span>\n\t<\/a>\n\n\t\t<\/div>\n\t<\/div>\n\t\n\t\n\t<div id=\"gap-555464420\" class=\"gap-element clearfix\" style=\"display:block; height:auto;\">\n\t\t\n<style>\n#gap-555464420 {\n  padding-top: 30px;\n}\n<\/style>\n\t<\/div>\n\t\n\n\t\t<div class=\"icon-box featured-box icon-box-left text-left\"  >\n\t\t\t\t\t<div class=\"icon-box-img\" style=\"width: 50px\">\n\t\t\t\t<div class=\"icon\">\n\t\t\t\t\t<div class=\"icon-inner\" >\n\t\t\t\t\t\t\t\t\t\t\t<\/div>\n\t\t\t\t<\/div>\n\t\t\t<\/div>\n\t\t\t\t<div class=\"icon-box-text last-reset\">\n\t\t\t\t\t\t\t\t\t\n<h3>GET 2% OFF<\/h3>\n<h4><strong>Otrzymaj 21% zni\u017cki na zam\u00f3wienia powy\u017cej 250\u20ac\/21% zni\u017cki na zam\u00f3wienia powy\u017cej 250<\/strong><\/h4>\n<p>Wygasa dnia: 31\/12\/2024<\/p>\n<a class=\"button primary\"  >\n\t\t<span>fumotx2<\/span>\n\t<\/a>\n\n\t\t<\/div>\n\t<\/div>\n\t\n\t\n\t<div id=\"gap-15787020\" class=\"gap-element clearfix\" style=\"display:block; height:auto;\">\n\t\t\n<style>\n#gap-15787020 {\n  padding-top: 30px;\n}\n<\/style>\n\t<\/div>\n\t\n\n\t\t<div class=\"icon-box featured-box icon-box-left text-left\"  >\n\t\t\t\t\t<div class=\"icon-box-img\" style=\"width: 50px\">\n\t\t\t\t<div class=\"icon\">\n\t\t\t\t\t<div class=\"icon-inner\" >\n\t\t\t\t\t\t\t\t\t\t\t<\/div>\n\t\t\t\t<\/div>\n\t\t\t<\/div>\n\t\t\t\t<div class=\"icon-box-text last-reset\">\n\t\t\t\t\t\t\t\t\t\n<h3>GET 3% OFF<\/h3>\n<h4><strong>Otrzymaj 3% zni\u017cki na zam\u00f3wienia powy\u017cej \u20ac500\/$500<\/strong><\/h4>\n<p>Wygasa dnia: 31\/12\/2024<\/p>\n<a class=\"button primary\"  >\n\t\t<span>fumotx3<\/span>\n\t<\/a>\n\n\t\t<\/div>\n\t<\/div>\n\t\n\t\n\t<div id=\"gap-2065685855\" class=\"gap-element clearfix\" style=\"display:block; height:auto;\">\n\t\t\n<style>\n#gap-2065685855 {\n  padding-top: 50px;\n}\n<\/style>\n\t<\/div>\n\t\n\n  <div class=\"banner has-hover\" id=\"banner-1322220147\">\n          <div class=\"banner-inner fill\">\n        <div class=\"banner-bg fill\" >\n            <img loading=\"lazy\" decoding=\"async\" width=\"1000\" height=\"1000\" src=\"https:\/\/fumotxpress.de\/wp-content\/uploads\/2024\/11\/Fumot-RandM-Digital-Box-12000.webp\" class=\"bg attachment-original size-original\" alt=\"Fumot-RandM-Digital-Box-12000.\" \/>                                    \n                    <\/div>\n\t\t\n        <div class=\"banner-layers container\">\n            <div class=\"fill banner-link\"><\/div>            \n   <div id=\"text-box-1509394830\" class=\"text-box banner-layer x50 md-x50 lg-x50 y50 md-y50 lg-y50 res-text\">\n                                <div class=\"text-box-content text dark\">\n              \n              <div class=\"text-inner text-center\">\n                  \n              <\/div>\n           <\/div>\n                            \n<style>\n#text-box-1509394830 {\n  width: 60%;\n}\n#text-box-1509394830 .text-box-content {\n  font-size: 100%;\n}\n@media (min-width:550px) {\n  #text-box-1509394830 {\n    width: 60%;\n  }\n}\n<\/style>\n    <\/div>\n \n        <\/div>\n      <\/div>\n\n            \n<style>\n#banner-1322220147 {\n  padding-top: 99%;\n}\n#banner-1322220147 .banner-bg img {\n  object-position: 18% 0%;\n}\n<\/style>\n  <\/div>\n\n\n\t\t<\/div>\n\t\t\t\t\t<\/div>\n\n\t\n<\/div>\n\t\t<\/div>\n\n\t\t\n<style>\n#section_1231878992 {\n  padding-top: 30px;\n  padding-bottom: 30px;\n}\n<\/style>\n\t<\/section>","protected":false},"excerpt":{"rendered":"","protected":false},"author":1,"featured_media":0,"parent":0,"menu_order":0,"comment_status":"closed","ping_status":"closed","template":"page-blank-title-center.php","meta":{"om_disable_all_campaigns":false,"footnotes":""},"class_list":["post-1259","page","type-page","status-publish","hentry"],"_links":{"self":[{"href":"https:\/\/fumotxpress.de\/pl\/wp-json\/wp\/v2\/pages\/1259","targetHints":{"allow":["GET"]}}],"collection":[{"href":"https:\/\/fumotxpress.de\/pl\/wp-json\/wp\/v2\/pages"}],"about":[{"href":"https:\/\/fumotxpress.de\/pl\/wp-json\/wp\/v2\/types\/page"}],"author":[{"embeddable":true,"href":"https:\/\/fumotxpress.de\/pl\/wp-json\/wp\/v2\/users\/1"}],"replies":[{"embeddable":true,"href":"https:\/\/fumotxpress.de\/pl\/wp-json\/wp\/v2\/comments?post=1259"}],"version-history":[{"count":0,"href":"https:\/\/fumotxpress.de\/pl\/wp-json\/wp\/v2\/pages\/1259\/revisions"}],"wp:attachment":[{"href":"https:\/\/fumotxpress.de\/pl\/wp-json\/wp\/v2\/media?parent=1259"}],"curies":[{"name":"wp","href":"https:\/\/api.w.org\/{rel}","templated":true}]}}