{"id":1231,"date":"2024-11-08T12:25:27","date_gmt":"2024-11-08T12:25:27","guid":{"rendered":"https:\/\/fumotxpress.de\/?page_id=1231"},"modified":"2024-11-08T12:34:04","modified_gmt":"2024-11-08T12:34:04","slug":"o-fumotxpress","status":"publish","type":"page","link":"https:\/\/fumotxpress.de\/pl\/o-fumotxpress\/","title":{"rendered":"O Fumotxpress"},"content":{"rendered":"<h2><strong>Premiumowe jednorazowe vape'y z Niemiec<\/strong><\/h2>\n<p>Witamy <strong>Fumotxpress<\/strong>, Twoje zaufane \u017ar\u00f3d\u0142o premium jednorazowych waporyzator\u00f3w, oferuj\u0105ce starannie wybran\u0105 kolekcj\u0119 najlepszych produkt\u00f3w w bran\u017cy. Z siedzib\u0105 w Niemczech i wysy\u0142k\u0105 w ca\u0142ej Unii Europejskiej, zobowi\u0105zujemy si\u0119 do dostarczania wysokiej jako\u015bci produkt\u00f3w do wapowania bezpo\u015brednio do Twoich drzwi z szybk\u0105, niezawodn\u0105 obs\u0142ug\u0105 i najwy\u017csz\u0105 wygod\u0105.<\/p>\n<p>W <strong>Fumotxpress<\/strong>, wierzymy w zapewnienie naszym klientom wyj\u0105tkowego do\u015bwiadczenia z wapowania. Dlatego starannie wybieramy najlepsze marki na rynku, gwarantuj\u0105c, \u017ce ka\u017cdy wap, kt\u00f3ry oferujemy, jest stworzony z najwy\u017cszymi standardami jako\u015bci. Nasza ekskluzywna gama obejmuje popularne marki, takie jak <strong>Al Fakher<\/strong>, <strong>Fizzy<\/strong>, <strong>OBEELAB HHC<\/strong>i <strong>SMPO DL02<\/strong>, ka\u017cdy znany z charakterystycznych smak\u00f3w i wyj\u0105tkowej wydajno\u015bci. Niezale\u017cnie od tego, czy jeste\u015b nowy w wapowaniu, czy do\u015bwiadczonym entuzjast\u0105, mamy co\u015b dla ka\u017cdego.<\/p>\n<h3>Dlaczego wybra\u0107 Fumotxpress?<\/h3>\n<p><strong>1. Premiumowe jednorazowe vape'y<\/strong><\/p>\n<p>Skupiamy si\u0119 na dostarczaniu wam tylko najlepszych jednorazowych waporyzator\u00f3w od zaufanych, renomowanych marek. Nasze produkty s\u0105 zaprojektowane z my\u015bl\u0105 o wygodzie i niezawodno\u015bci, zapewniaj\u0105c wam g\u0142adkie, satysfakcjonuj\u0105ce do\u015bwiadczenie wapowania za ka\u017cdym razem. Niezale\u017cnie od tego, czy szukasz bogatych smak\u00f3w Al Fakher, orze\u017awiaj\u0105cego smaku Fizzy, czy innowacyjnych opcji HHC od OBEELAB, znajdziesz to wszystko tutaj <strong>Fumotxpress<\/strong>.<\/p>\n<p><strong>2. Szybka i niezawodna wysy\u0142ka<\/strong><\/p>\n<p>Rozumiemy, \u017ce kiedy sk\u0142adaj\u0105 Pa\u0144stwo zam\u00f3wienie, chc\u0105 je Pa\u0144stwo otrzyma\u0107 szybko i w doskona\u0142ym stanie. Dlatego wszystkie zam\u00f3wienia wysy\u0142amy bezpo\u015brednio z naszego <strong>Magazyn europejski<\/strong>, gwarantuj\u0105c, \u017ce Twoje produkty dotr\u0105 do Ciebie w ci\u0105gu 3-7 dni. \u017badnych d\u0142ugich czek\u00f3w ani op\u00f3\u017anie\u0144 w wysy\u0142ce \u2013 tylko szybka i efektywna obs\u0142uga.<\/p>\n<p><strong>3. Darmowa wysy\u0142ka przy zam\u00f3wieniach powy\u017cej 49,99 \u20ac (Niemcy) i 99,99 \u20ac (UE)<\/strong><\/p>\n<p>Wierzymy w oferowanie ogromnej warto\u015bci naszym klientom. Dlatego oferujemy <strong>bezp\u0142atna wysy\u0142ka<\/strong> przy zam\u00f3wieniach powy\u017cej 49,99 \u20ac na terenie Niemiec i powy\u017cej 99,99 \u20ac w Unii Europejskiej. To nasz spos\u00f3b na to, aby Twoje do\u015bwiadczenie z wapowaniem by\u0142o nie tylko wygodne, ale r\u00f3wnie\u017c op\u0142acalne.<\/p>\n<p><strong>4. Brak minimalnych wymaga\u0144 dotycz\u0105cych zam\u00f3wienia<\/strong><\/p>\n<p>Niezale\u017cnie od tego, czy szukasz jednego waporyzatora do wypr\u00f3bowania, czy te\u017c sk\u0142adasz wi\u0119ksze zam\u00f3wienie, aby uzupe\u0142ni\u0107 zapasy, <strong>Fumotxpress<\/strong> Mamy Ci\u0119 covered. Nie mamy \u017cadnych minimalnych wymaga\u0144 dotycz\u0105cych zam\u00f3wienia, wi\u0119c mo\u017cesz kupi\u0107 tyle, ile potrzebujesz - z elastyczno\u015bci\u0105 i bez presji.<\/p>\n<p><strong>5. Bezpieczne opcje p\u0142atno\u015bci<\/strong><\/p>\n<p>Oferujemy wiele metod p\u0142atno\u015bci, aby zapewni\u0107 p\u0142ynn\u0105 i bezpieczn\u0105 transakcj\u0119. Mo\u017cesz zap\u0142aci\u0107 za swoje zam\u00f3wienie z <strong>PayPal<\/strong>, <strong>karty kredytowe<\/strong>i <strong>kryptowaluta<\/strong>, daj\u0105c Ci spok\u00f3j niezale\u017cnie od Twojego preferowanego sposobu p\u0142atno\u015bci. Dodatkowo, dla klient\u00f3w w ca\u0142ej Europie, akceptujemy <strong>Przelewy bankowe SEPA<\/strong>, zapewniaj\u0105c dodatkow\u0105 warstw\u0119 wygody dla europejskich nabywc\u00f3w.<\/p>\n<p><strong>6. Wyj\u0105tkowa obs\u0142uga klienta<\/strong><\/p>\n<p>Cieszymy si\u0119, \u017ce mo\u017cemy zaoferowa\u0107 doskona\u0142\u0105 obs\u0142ug\u0119 klienta i zawsze jeste\u015bmy gotowi pom\u00f3c. Je\u015bli masz jakie\u015b pytania, w\u0105tpliwo\u015bci lub potrzebujesz pomocy w wyborze odpowiedniego produktu, nasz zesp\u00f3\u0142 jest tylko jedn\u0105 wiadomo\u015b\u0107 e-mail away. Skontaktuj si\u0119 z nami pod adresem <strong><a rel=\"noopener\">info@fumotxpress.de<\/a><\/strong> i z ch\u0119ci\u0105 pomo\u017cemy.<\/p>\n<hr \/>\n<h3>Nasze Przyrzeczenie<\/h3>\n<p>W <strong>Fumotxpress<\/strong>Nie tylko sprzedajemy jednorazowe e-papierosy - zapewniamy do\u015bwiadczenie. Od momentu z\u0142o\u017cenia zam\u00f3wienia po dostarczenie go prosto do Twoich drzwi, gwarantujemy bezproblemowy i satysfakcjonuj\u0105cy proces. Jeste\u015bmy pasjonatami tego, co robimy i zaanga\u017cowani w dostarczanie Ci najwy\u017cszej jako\u015bci produkt\u00f3w do wapowania, popartych wyj\u0105tkow\u0105 obs\u0142ug\u0105 klienta.<\/p>\n<p><strong>Twoja podr\u00f3\u017c z wapowaniem zaczyna si\u0119 tutaj<\/strong> \u2013 z produktami premium, szybk\u0105 dostaw\u0105 i niezr\u00f3wnan\u0105 satysfakcj\u0105 klienta.<\/p>\n<p>Dzi\u0119kujemy za wyb\u00f3r <strong>Fumotxpress<\/strong>Czekamy z niecierpliwo\u015bci\u0105, aby sta\u0107 si\u0119 Twoim ulubionym miejscem docelowym dla wszystkiego, co zwi\u0105zane z wapowaniem!<\/p>","protected":false},"excerpt":{"rendered":"<p>Premiumowe jednorazowe e-papierosy z Niemiec Witamy w Fumotxpress, Twoim zaufanym \u017ar\u00f3dle premiumowych jednorazowych e-papieros\u00f3w, oferuj\u0105cym starannie wybran\u0105 kolekcj\u0119 najlepszych produkt\u00f3w w bran\u017cy. Z siedzib\u0105 w Niemczech i wysy\u0142k\u0105 po terenie Unii Europejskiej, zobowi\u0105zujemy si\u0119 do dostarczania wysokiej jako\u015bci produkt\u00f3w do wapowania bezpo\u015brednio do Twoich drzwi z szybk\u0105, niezawodn\u0105 obs\u0142ug\u0105 i najwy\u017csz\u0105 wygod\u0105.","protected":false},"author":1,"featured_media":0,"parent":0,"menu_order":0,"comment_status":"closed","ping_status":"closed","template":"page-blank-title-center.php","meta":{"om_disable_all_campaigns":false,"footnotes":""},"class_list":["post-1231","page","type-page","status-publish","hentry"],"_links":{"self":[{"href":"https:\/\/fumotxpress.de\/pl\/wp-json\/wp\/v2\/pages\/1231","targetHints":{"allow":["GET"]}}],"collection":[{"href":"https:\/\/fumotxpress.de\/pl\/wp-json\/wp\/v2\/pages"}],"about":[{"href":"https:\/\/fumotxpress.de\/pl\/wp-json\/wp\/v2\/types\/page"}],"author":[{"embeddable":true,"href":"https:\/\/fumotxpress.de\/pl\/wp-json\/wp\/v2\/users\/1"}],"replies":[{"embeddable":true,"href":"https:\/\/fumotxpress.de\/pl\/wp-json\/wp\/v2\/comments?post=1231"}],"version-history":[{"count":0,"href":"https:\/\/fumotxpress.de\/pl\/wp-json\/wp\/v2\/pages\/1231\/revisions"}],"wp:attachment":[{"href":"https:\/\/fumotxpress.de\/pl\/wp-json\/wp\/v2\/media?parent=1231"}],"curies":[{"name":"wp","href":"https:\/\/api.w.org\/{rel}","templated":true}]}}