{"id":3650,"date":"2025-04-07T12:39:00","date_gmt":"2025-04-07T12:39:00","guid":{"rendered":"https:\/\/fumotxpress.de\/?post_type=product&#038;p=3650"},"modified":"2025-11-24T07:50:49","modified_gmt":"2025-11-24T07:50:49","slug":"request-failed-with-status-code-566","status":"publish","type":"product","link":"https:\/\/fumotxpress.de\/nl\/product\/request-failed-with-status-code-566\/","title":{"rendered":"RandM Tornado 30000 Lichtshow Koop Origineel Authentieke Oplaadbare Wegwerp Vapes Pen"},"content":{"rendered":"<h2 class=\"\" data-start=\"0\" data-end=\"93\">RandM Tornado 30000 Lichtshow \u2013 Koop Origineel, Authentiek, Oplaadbaar Wegwerp Vape Pen<\/h2>\n<div style=\"width: 1020px;\" class=\"wp-video\"><!--[if lt IE 9]><script>document.createElement('video');<\/script><![endif]-->\n<video class=\"wp-video-shortcode\" id=\"video-3650-1\" width=\"1020\" height=\"574\" preload=\"metadata\" controls=\"controls\"><source type=\"video\/mp4\" src=\"https:\/\/fumotxpress.de\/wp-content\/uploads\/2025\/04\/tornado-30k-music-\u5b9e\u62cd\u58f0\u63a7\u5f00\u517311-5.mp4?_=1\" \/><a href=\"https:\/\/fumotxpress.de\/wp-content\/uploads\/2025\/04\/tornado-30k-music-\u5b9e\u62cd\u58f0\u63a7\u5f00\u517311-5.mp4\">https:\/\/fumotxpress.de\/wp-content\/uploads\/2025\/04\/tornado-30k-music-\u5b9e\u62cd\u58f0\u63a7\u5f00\u517311-5.mp4<\/a><\/video><\/div>\n<p>&nbsp;<\/p>\n<p>&nbsp;<\/p>\n<p class=\"\" data-start=\"95\" data-end=\"485\">De <strong data-start=\"99\" data-end=\"122\">RandM Tornado 30000<\/strong> neemt vapen naar een nieuw niveau door smaak, prestaties en entertainment te combineren in \u00e9\u00e9n buitengewoon apparaat. Met een indrukwekkende capaciteit van 30.000 trekjes, een ge\u00efntegreerde muziekfunctie en een aanpasbaar RGB-lichtshow, biedt de Tornado 30000 meer dan alleen intense dampproductie - het is een complete zintuiglijke ervaring die spanning brengt in je dagelijks leven.<\/p>\n<h3 class=\"\" data-start=\"487\" data-end=\"553\">De Ultieme Dampervaring met Opvallende Visuele Effecten en Geluid<\/h3>\n<p class=\"\" data-start=\"555\" data-end=\"1077\">De RandM Tornado 30000 is geen gewone wegwerpbare vape pen. Het is ontworpen voor degenen die meer willen dan alleen smaak - dit apparaat verbetert je vapenervaring met een meeslepend licht- en geluidsshow die zich aanpast aan je muziek. De ingebouwde RGB-lichtshow danst op het ritme van je favoriete nummers, waardoor een dynamisch, visueel spektakel ontstaat dat zeker aandacht zal trekken, waar je ook gaat. Of je nu thuis ontspant of met vrienden bent, de Tornado 30000 heft je vapensessies op tot een volledige entertainmentervaring.<\/p>\n<p class=\"\" data-start=\"1079\" data-end=\"1449\">De muziekfunctie is volledig aanpasbaar, waardoor je controle hebt over wanneer je het lichtshow activeert. Je kunt ervoor kiezen om te genieten van de levendige lichten of ze uit te schakelen voor een meer subtiele damp sessie, afhankelijk van je stemming. Deze flexibiliteit zorgt ervoor dat de Tornado 30000 perfect past in elke omgeving, of je hem nu wilt als een ontspannen metgezel of als een leuke conversatiestarter.<\/p>\n<h3 class=\"\" data-start=\"1451\" data-end=\"1495\">Langdurig Genieten met 30.000 Trekjes<\/h3>\n<p class=\"\" data-start=\"1497\" data-end=\"1992\">Met een kolossale 30.000 trekjes is de RandM Tornado 30000 ontwikkeld voor langere sessies. Je ervaart betrouwbare, soepele damp gedurende de hele levensduur van het apparaat. De hoogwaardige 0,9 Ohm-spoel zorgt voor een perfecte balans tussen intense smaak en dikke damp, waardoor je elke keer een bevredigende trek kunt genieten. Of je nu een casual vapper bent of iemand die langere sessies prefereert, de Tornado 30000 garandeert een consistente en hoogwaardige vapingervaring die niet teleurstelt.<\/p>\n<p class=\"\" data-start=\"1994\" data-end=\"2288\">Deze krachtige spoeltechnologie is ideaal voor degenen die een rijke, robuuste smaak van hun wegwerpbare vaporizers eisen. Of je nu fruitige, mentholachtige of dessert ge\u00efnspireerde smaken prefereert, de Tornado 30000 levert elke trek met uitzonderlijke intensiteit, waardoor je favoriete smaken tot leven komen met elke inhale.<\/p>\n<h3 class=\"\" data-start=\"2290\" data-end=\"2328\">Effici\u00ebnte Kracht en Snel Opladen<\/h3>\n<p class=\"\" data-start=\"2330\" data-end=\"2717\">Maak je nooit zorgen dat je tijdens je vapingsessies zonder stroom komt te zitten. De RandM Tornado 30000 is uitgerust met een 600mAh-batterij, die voldoende energie biedt voor een hele dag vapen. Als het tijd is om op te laden, zorgt de Type-C snelladerpoort ervoor dat je apparaat in korte tijd klaar is voor gebruik. Besteed minder tijd aan wachten op een oplading en meer tijd aan het genieten van je favoriete smaken en lichtshows.<\/p>\n<p class=\"\" data-start=\"2719\" data-end=\"2917\">De toevoeging van Type-C opladen is een game-changer, biedt snellere, effici\u00ebntere stroomlevering. Dit betekent minder onderbrekingen van je dampplezier en meer gemak voor onderweg.<\/p>\n<h3 class=\"\" data-start=\"2919\" data-end=\"2947\">Een ontwerp dat opvalt<\/h3>\n<p class=\"\" data-start=\"2949\" data-end=\"3374\">Ge\u00efnspireerd door de populaire Tornado 9000, heeft de Tornado 30000 een strak, modern ontwerp dat zowel stijlvol als functioneel is. De robuuste constructie van het apparaat zorgt voor duurzaamheid, terwijl zijn opvallende uiterlijk het een opvallend accessoire maakt, of je nu thuis bent of onderweg. Met zijn gladde afwerking, gemakkelijk vast te houden ontwerp en levendige kleuren, maakt de Tornado 30000 een gedurfde uitspraak in de wereld van wegwerpbare vapes.<\/p>\n<p class=\"\" data-start=\"3376\" data-end=\"3599\">Het compacte formaat en de premium bouw zorgen ervoor dat het gemakkelijk te dragen is, waardoor het perfect is voor reizen, feestjes of dagelijks gebruik. Bovendien zorgt het ergonomische ontwerp voor een comfortabele grip, zelfs tijdens langere vapingsessies.<\/p>\n<h3 class=\"\" data-start=\"3601\" data-end=\"3644\">Belangrijkste kenmerken van de RandM Tornado 30000<\/h3>\n<ul data-start=\"3646\" data-end=\"4217\">\n<li class=\"\" data-start=\"3646\" data-end=\"3720\">\n<p class=\"\" data-start=\"3648\" data-end=\"3720\"><strong data-start=\"3648\" data-end=\"3665\">30.000 Puffs:<\/strong> Een langdurige wegwerp vape voor verlengd genot.<\/p>\n<\/li>\n<li class=\"\" data-start=\"3721\" data-end=\"3813\">\n<p class=\"\" data-start=\"3723\" data-end=\"3813\"><strong data-start=\"3723\" data-end=\"3755\">Aanpasbaar RGB-lichtshow:<\/strong> Synchroniseert met muziek voor een volledig meeslepende ervaring.<\/p>\n<\/li>\n<li class=\"\" data-start=\"3814\" data-end=\"3896\">\n<p class=\"\" data-start=\"3816\" data-end=\"3896\"><strong data-start=\"3816\" data-end=\"3836\">Muziek-geactiveerd:<\/strong> Lichtshow die beweegt volgens het ritme van je favoriete nummers.<\/p>\n<\/li>\n<li class=\"\" data-start=\"3897\" data-end=\"3967\">\n<p class=\"\" data-start=\"3899\" data-end=\"3967\"><strong data-start=\"3899\" data-end=\"3916\">0,9 Ohm Coil:<\/strong> Levert intense smaak en rijke dampproductie.<\/p>\n<\/li>\n<li class=\"\" data-start=\"3968\" data-end=\"4054\">\n<p class=\"\" data-start=\"3970\" data-end=\"4054\"><strong data-start=\"3970\" data-end=\"4010\">600mAh-batterij met Type-C-opladen:<\/strong> Snel en betrouwbaar opladen voor het hele dag gebruik.<\/p>\n<\/li>\n<li class=\"\" data-start=\"4055\" data-end=\"4131\">\n<p class=\"\" data-start=\"4057\" data-end=\"4131\"><strong data-start=\"4057\" data-end=\"4086\">Slechts en Duurzame Ontwikkeling:<\/strong> Compact, stijlvol en gebouwd voor gemak.<\/p>\n<\/li>\n<li class=\"\" data-start=\"4132\" data-end=\"4217\">\n<p class=\"\" data-start=\"4134\" data-end=\"4217\"><strong data-start=\"4134\" data-end=\"4151\">Oplaadbaar:<\/strong> Kan worden opgeladen voor langer gebruik, in tegenstelling tot typische wegwerpbare vapes.<\/p>\n<\/li>\n<\/ul>\n<h3 class=\"\" data-start=\"4219\" data-end=\"4257\">Smaken van de RandM Tornado 30000<\/h3>\n<p class=\"\" data-start=\"4259\" data-end=\"4438\">De RandM Tornado 30000 wordt geleverd met een breed scala aan premium smaken die zijn ontworpen om een bevredigende en aangename dampervaring te bieden. Hier is een lijst van de beste beschikbare smaken:<\/p>\n<ol data-start=\"4440\" data-end=\"5951\">\n<li class=\"\" data-start=\"4440\" data-end=\"4613\">\n<p class=\"\" data-start=\"4443\" data-end=\"4613\"><strong data-start=\"4443\" data-end=\"4457\">Mango Ijs:<\/strong> Een tropische explosie van rijpe mango's, perfect in balans met een verfrissende ijskoude afwerking. Ideaal voor degenen die genieten van een zoete, fruitige vape met een knisperende uitademing.<\/p>\n<\/li>\n<li class=\"\" data-start=\"4614\" data-end=\"4780\">\n<p class=\"\" data-start=\"4617\" data-end=\"4780\"><strong data-start=\"4617\" data-end=\"4641\">Bosbes Framboos:<\/strong> Een watertandmakende combinatie van zoete blauwe bessen en zure frambozen, die een evenwichtige, met bessen gevulde smaak cre\u00ebert met een vleugje zuurtje.<\/p>\n<\/li>\n<li class=\"\" data-start=\"4781\" data-end=\"4918\">\n<p class=\"\" data-start=\"4784\" data-end=\"4918\"><strong data-start=\"4784\" data-end=\"4804\">Aardbei Kiwi:<\/strong> Een zoete en pittige mix van verse aardbeien en exotische kiwi, biedt een sappige, verfrissende damp met elke trek.<\/p>\n<\/li>\n<li class=\"\" data-start=\"4919\" data-end=\"5067\">\n<p class=\"\" data-start=\"4922\" data-end=\"5067\"><strong data-start=\"4922\" data-end=\"4936\">Perzikijs:<\/strong> Een gladde, sappige perziksmak met een ijskoude afwerking die het beste van beide werelden brengt - zoete vrucht en een verkoelend gevoel.<\/p>\n<\/li>\n<li class=\"\" data-start=\"5068\" data-end=\"5229\">\n<p class=\"\" data-start=\"5071\" data-end=\"5229\"><strong data-start=\"5071\" data-end=\"5095\">Watermeloen Limoenade:<\/strong> Een sappige watermeloen smaak gecombineerd met een zure, pittige limonadebasis, waardoor een levendige, dorstlessende smaak ontstaat die perfect is voor warme dagen.<\/p>\n<\/li>\n<li class=\"\" data-start=\"5230\" data-end=\"5359\">\n<p class=\"\" data-start=\"5233\" data-end=\"5359\"><strong data-start=\"5233\" data-end=\"5247\">Druivenijs:<\/strong> Een rijke, volle druivensmaak gecombineerd met een ijzige ondertoon, biedt een soepele, zoete en koude dampervaring.<\/p>\n<\/li>\n<li class=\"\" data-start=\"5360\" data-end=\"5499\">\n<p class=\"\" data-start=\"5363\" data-end=\"5499\"><strong data-start=\"5363\" data-end=\"5385\">Ananas Kokos:<\/strong> Een tropische traktatie van zoete ananas met een romige kokosnootafwerking, die een soepele en exotische dampervaring biedt.<\/p>\n<\/li>\n<li class=\"\" data-start=\"5500\" data-end=\"5664\">\n<p class=\"\" data-start=\"5503\" data-end=\"5664\"><strong data-start=\"5503\" data-end=\"5520\">Energiedrank:<\/strong> Een verfrissende smaak ge\u00efnspireerd door je favoriete energiedrank, met citrusachtige en licht zure tonen die een stimulerende uitbarsting van smaak bieden.<\/p>\n<\/li>\n<li class=\"\" data-start=\"5665\" data-end=\"5818\">\n<p class=\"\" data-start=\"5668\" data-end=\"5818\"><strong data-start=\"5668\" data-end=\"5684\">Appelbes<\/strong> Een heerlijke fusie van knapperige appel en zoete, rijpe bessen, waardoor een sappige en smaakvolle vape ontstaat die zowel verfrissend als bevredigend is.<\/p>\n<\/li>\n<li class=\"\" data-start=\"5819\" data-end=\"5951\">\n<p class=\"\" data-start=\"5823\" data-end=\"5951\"><strong data-start=\"5823\" data-end=\"5842\">Tropische Punch:<\/strong> Een fruitpunchmix van verschillende tropische vruchten, die een zoete en pittige smaakexplosie levert bij elke hap.<\/p>\n<\/li>\n<\/ol>\n<p class=\"\" data-start=\"5953\" data-end=\"6233\">Elk van deze smaken is zorgvuldig samengesteld om maximaal genot te bieden, waardoor u een bevredigende en smaakvolle dampervaring krijgt die elke trek duurt. Of u nu van fruitige, menthol- of dessert ge\u00efnspireerde profielen houdt, de Tornado 30000 heeft iets voor elke smaak.<\/p>\n<h3 class=\"\" data-start=\"6235\" data-end=\"6291\">Waarom de RandM Tornado 30000 kopen van FumotXpress.de?<\/h3>\n<p class=\"\" data-start=\"6293\" data-end=\"6712\">FumotXpress.de is het toonaangevende online platform voor het kopen van premium wegwerpbare vapes in Duitsland. We bieden een breed scala aan producten, waaronder de <strong data-start=\"6444\" data-end=\"6467\">RandM Tornado 30000<\/strong>, <strong data-start=\"6469\" data-end=\"6482\">Al Fakher<\/strong>, <strong data-start=\"6484\" data-end=\"6493\">Fizzy<\/strong>, <strong data-start=\"6495\" data-end=\"6510\">OBEELAB HHC<\/strong>, en <strong data-start=\"6516\" data-end=\"6529\">SMPO DL02<\/strong> merken, allemaal tegen concurrerende prijzen. Onze producten worden verkocht vanaf \u00e9\u00e9n stuk, zonder minimale bestelhoeveelheid, waardoor ze ideaal zijn voor zowel detailhandelgroepen als individuele kopers.<\/p>\n<p class=\"\" data-start=\"6714\" data-end=\"7054\">We zijn trots op het feit dat we snelle en betrouwbare verzending bieden vanuit ons Europese magazijn. Je bestelling arriveert binnen slechts 3-7 dagen, zodat je zonder vertraging van je favoriete vaporizers kunt genieten. Of je nu een ervaren vapper bent of nieuw bent in de wereld van vapen, we zijn hier om je een naadloze winkelervaring en uitstekende klantenservice te bieden.<\/p>\n<h3 class=\"\" data-start=\"7056\" data-end=\"7107\">Koop Nu en verhoog je Dampervaring<\/h3>\n<p class=\"\" data-start=\"7109\" data-end=\"7532\">Als je klaar bent om je damp ervaring te upgraden, de <strong data-start=\"7166\" data-end=\"7189\">RandM Tornado 30000<\/strong> is de perfecte keuze. Met zijn innovatieve functies, langdurige batterij, aanpasbare lichtshow en uitzonderlijke smaakopties, is het een apparaat dat veel meer biedt dan alleen damp - het biedt een volledige, meeslepende ervaring. Bezoek <strong data-start=\"7422\" data-end=\"7440\">FumotXpress.de<\/strong> vandaag om te kopen de <strong data-start=\"7463\" data-end=\"7486\">RandM Tornado 30000<\/strong> en ontdek een nieuwe wereld van vapenplezier.<\/p>\n<p class=\"\" data-start=\"7534\" data-end=\"7675\">Neem geen genoegen met gewoon - pak aan <strong data-start=\"7582\" data-end=\"7625\">originele, authentieke RandM Tornado 30000<\/strong> nu en till uw vapenexperience naar een geheel nieuw niveau!<\/p>","protected":false},"excerpt":{"rendered":"<p><strong data-start=\"7166\" data-end=\"7189\">RandM Tornado 30000<\/strong> is de perfecte keuze. Met zijn innovatieve functies, langdurige batterij, aanpasbare lichtshow en uitzonderlijke smaakopties,<\/p>","protected":false},"featured_media":3655,"comment_status":"open","ping_status":"closed","template":"","meta":{"om_disable_all_campaigns":false},"product_brand":[],"product_cat":[24],"product_tag":[],"class_list":{"0":"post-3650","1":"product","2":"type-product","3":"status-publish","4":"has-post-thumbnail","6":"product_cat-fumot-tornado-disposable-vapes","8":"first","9":"instock","10":"shipping-taxable","11":"purchasable","12":"product-type-variable"},"_links":{"self":[{"href":"https:\/\/fumotxpress.de\/nl\/wp-json\/wp\/v2\/product\/3650","targetHints":{"allow":["GET"]}}],"collection":[{"href":"https:\/\/fumotxpress.de\/nl\/wp-json\/wp\/v2\/product"}],"about":[{"href":"https:\/\/fumotxpress.de\/nl\/wp-json\/wp\/v2\/types\/product"}],"replies":[{"embeddable":true,"href":"https:\/\/fumotxpress.de\/nl\/wp-json\/wp\/v2\/comments?post=3650"}],"wp:featuredmedia":[{"embeddable":true,"href":"https:\/\/fumotxpress.de\/nl\/wp-json\/wp\/v2\/media\/3655"}],"wp:attachment":[{"href":"https:\/\/fumotxpress.de\/nl\/wp-json\/wp\/v2\/media?parent=3650"}],"wp:term":[{"taxonomy":"product_brand","embeddable":true,"href":"https:\/\/fumotxpress.de\/nl\/wp-json\/wp\/v2\/product_brand?post=3650"},{"taxonomy":"product_cat","embeddable":true,"href":"https:\/\/fumotxpress.de\/nl\/wp-json\/wp\/v2\/product_cat?post=3650"},{"taxonomy":"product_tag","embeddable":true,"href":"https:\/\/fumotxpress.de\/nl\/wp-json\/wp\/v2\/product_tag?post=3650"}],"curies":[{"name":"wp","href":"https:\/\/api.w.org\/{rel}","templated":true}]}}