{"id":4413,"date":"2025-07-25T05:07:59","date_gmt":"2025-07-25T05:07:59","guid":{"rendered":"https:\/\/fumotxpress.de\/?post_type=product&#038;p=4413"},"modified":"2025-07-26T04:49:24","modified_gmt":"2025-07-26T04:49:24","slug":"elfbar-combo-pro-30000-puff-fumo-usa-e-getta","status":"publish","type":"product","link":"https:\/\/fumotxpress.de\/it\/prodotto\/elfbar-combo-pro-30000-puff-fumo-usa-e-getta\/","title":{"rendered":"ELFBAR Combo Pro 30000 Puffs Disposable Vape  Una scatola (10PCS)"},"content":{"rendered":"<h2><strong>Dettagli:<\/strong>Die maximale Zuganzahl des\u00a0<strong>ELF Bar Combo Pro 30000<\/strong><\/h2>\n<p>consiste di 30000 tiri. Questo innovativo dispositivo di svapo monouso unisce tre sapori, due modalit\u00e0 e due sistemi di flusso d'aria in un unico dispositivo, offrendo cos\u00ec un'esperienza di svapo senza pari. Ci\u00f2 avviene attraverso l'uso di concetti di design all'avanguardia e tecniche di produzione. Il design a flusso d'aria duale e la combinazione di sapori dell'ELF Bar Combo Pro 30000 sono i suoi punti di forza pi\u00f9 grandi. L'interruttore combo consente tre varianti del Combo Pro 30000. Ciascuna delle tre posizioni dell'interruttore - laterale e centrale - rappresenta una diversa modalit\u00e0 di sapore. Entrambi i lati dell'interruttore combo sono regolabili.<\/p>\n<p><strong>Dati tecnici:<\/strong><br \/>\n700 mAh batteria<br \/>\n17 ml Fassungsverm\u00f6gen \n\nbecomes \n\n17 ml capacit\u00e0<br \/>\n5 % Forza<br \/>\nFino a 30.000 treni<br \/>\nDoppeltes Luftstromsystem<br \/>\nSchermo \nVisualizzazione \nMostra \nEsposizione \nRichiesta \nVisibilit\u00e0 \nManifestazione \nPresentazione \nEsibizione \nRaddoppia \nSpettacolo \nVanto \nOstentazione \nEsibizionismo \nApparizione \nRivelazione \nDetenzione \nMessa in mostra \nManifestare \nEsporre \nMostrare \nPresentare \nEsibire \nRendere visibile \nMettere in mostra \nPortare \nEsporre \nPubblicare \nPromuovere \nPubblicizzare \nRivelare \nRendere pubblico \nPortare alla luce \nMostrare pubblicamente \nRendere noto \nFar conoscere \nFar vedere \nFar apparire \nFar comparire \nFar risaltare \nFar notare \nFar vedere chiaramente \nFar comprendere \nFar capire \nFar sapere \nInformare \nAvvertire \nNotificare \nComunicare \nSegnalare \nRendere edotto \nIstruire \nEducare \nAddestrare \nInsegnare \nIllustrare \nDimostrare \nProvare \nEsemplificare \nIllustrare \nEvidenziare \nSottolineare \nRilevare \nRendere evidente \nMettere in evidenza \nFar risaltare \nFar notare \nFar capire \nFar comprendere \nFar vedere \nMostrare \nEsibire \nPresentare \nEsporre \nPubblicare \nPromuovere \nPubblicizzare \nRendere pubblico \nRendere noto \nFar conoscere \nFar vedere \nFar apparire \nFar comparire \nFar risaltare \nFar notare \nFar vedere chiaramente \nFar comprendere \nFar capire \nFar sapere \nInformare \nAvvertire \nNotificare \nComunicare \nSegnalare \nRendere edotto \nIstruire \nEducare \nAddestrare \nInsegnare \nIllustrare \nDimostrare \nProvare \nEsemplificare \nIllustrare \nEvidenziare \nSottolineare \nRilevare \nRendere evidente \nMettere in evidenza \nSchermi \nVisualizzazioni \nMostre \nEsposizioni \nRichieste \nVisibilit\u00e0 \nManifestazioni \nPresentazioni \nEsibizioni \nRaddoppia \nSpettacoli \nVanto \nOstentazioni \nEsibizionismi \n Apparizioni \nRivelazioni \nDetenzioni \nMesse in mostra \nManifestazioni \nEsposizioni \nMostre \nPresentazioni \nEsibizioni \nRendere visibili \nMettere in mostra \nPortare \nEsporre \nPubblicare \nPromuovere \nPubblicizzare \nRivelare \nRendere pubblico \nPortare alla luce \nMostrare pubblicamente \nRendere noto \nFar conoscere \nFar vedere \nFar apparire \nFar comparire \nFar risaltare \nFar notare \nFar vedere chiaramente \nFar comprendere \nFar capire \nFar sapere \nInformare \nAvvertire \nNotificare \nComunicare \nSegnalare \nRendere edotto \nIstruire \nEducare \nAddestrare \nInsegnare \nIllustrare \nDimostrare \nProvare \nEsemplificare \nIllustrare \nEvidenziare \nSottolineare \nRilevare \nRendere evidente \nMettere in evidenza \nFar risaltare \nFar notare \nFar capire \nFar comprendere \nFar vedere \nMostrare \nEsibire \nPresentare \nEsporre \nPubblicare \nPromuovere \nPubblicizzare \nRendere pubblico \nRendere noto \nFar conoscere \nFar vedere \nFar apparire \nFar comparire \nFar risaltare \nFar notare \nFar vedere chiaramente \nFar comprendere \nFar capire \nFar sapere \nInformare \nAvvertire \nNotificare \nComunicare \nSegnalare \nRendere edotto \nIstruire \nEducare \nAddestrare \nInsegnare \nIllustrare \nDimostrare \nProvare \nEsemplificare \nIllustrare \nEvidenziare \nSottolineare \nRilevare \nRendere evidente \nMettere in evidenza<br \/>\nTipo-C<\/p>\n<p><strong>Il pacchetto include:<\/strong><br \/>\n1 pezzo* ELF Bar Combo Pro 30000 monouso kit<\/p>\n<p><img decoding=\"async\" src=\"https:\/\/fumotxpress.de\/wp-content\/uploads\/2025\/07\/1750413917740.png\" alt=\"\" \/><\/p>","protected":false},"excerpt":{"rendered":"<p>700 mAh batteria<br \/>\n17 ml Fassungsverm\u00f6gen \n\nbecomes \n\n17 ml capacit\u00e0<br \/>\n5 % Forza<br \/>\nFino a 30.000 treni<br \/>\nDoppeltes Luftstromsystem<br \/>\nSchermo \nVisualizzazione \nMostra \nEsposizione \nRichiesta \nVisibilit\u00e0 \nManifestazione \nPresentazione \nEsibizione \nRaddoppia \nSpettacolo \nVanto \nOstentazione \nEsibizionismo \nApparizione \nRivelazione \nDetenzione \nMessa in mostra \nManifestare \nEsporre \nMostrare \nPresentare \nEsibire \nRendere visibile \nMettere in mostra \nPortare \nEsporre \nPubblicare \nPromuovere \nPubblicizzare \nRivelare \nRendere pubblico \nPortare alla luce \nMostrare pubblicamente \nRendere noto \nFar conoscere \nFar vedere \nFar apparire \nFar comparire \nFar risaltare \nFar notare \nFar vedere chiaramente \nFar comprendere \nFar capire \nFar sapere \nInformare \nAvvertire \nNotificare \nComunicare \nSegnalare \nRendere edotto \nIstruire \nEducare \nAddestrare \nInsegnare \nIllustrare \nDimostrare \nProvare \nEsemplificare \nIllustrare \nEvidenziare \nSottolineare \nRilevare \nRendere evidente \nMettere in evidenza \nFar risaltare \nFar notare \nFar capire \nFar comprendere \nFar vedere \nMostrare \nEsibire \nPresentare \nEsporre \nPubblicare \nPromuovere \nPubblicizzare \nRendere pubblico \nRendere noto \nFar conoscere \nFar vedere \nFar apparire \nFar comparire \nFar risaltare \nFar notare \nFar vedere chiaramente \nFar comprendere \nFar capire \nFar sapere \nInformare \nAvvertire \nNotificare \nComunicare \nSegnalare \nRendere edotto \nIstruire \nEducare \nAddestrare \nInsegnare \nIllustrare \nDimostrare \nProvare \nEsemplificare \nIllustrare \nEvidenziare \nSottolineare \nRilevare \nRendere evidente \nMettere in evidenza \nSchermi \nVisualizzazioni \nMostre \nEsposizioni \nRichieste \nVisibilit\u00e0 \nManifestazioni \nPresentazioni \nEsibizioni \nRaddoppia \nSpettacoli \nVanto \nOstentazioni \nEsibizionismi \n Apparizioni \nRivelazioni \nDetenzioni \nMesse in mostra \nManifestazioni \nEsposizioni \nMostre \nPresentazioni \nEsibizioni \nRendere visibili \nMettere in mostra \nPortare \nEsporre \nPubblicare \nPromuovere \nPubblicizzare \nRivelare \nRendere pubblico \nPortare alla luce \nMostrare pubblicamente \nRendere noto \nFar conoscere \nFar vedere \nFar apparire \nFar comparire \nFar risaltare \nFar notare \nFar vedere chiaramente \nFar comprendere \nFar capire \nFar sapere \nInformare \nAvvertire \nNotificare \nComunicare \nSegnalare \nRendere edotto \nIstruire \nEducare \nAddestrare \nInsegnare \nIllustrare \nDimostrare \nProvare \nEsemplificare \nIllustrare \nEvidenziare \nSottolineare \nRilevare \nRendere evidente \nMettere in evidenza \nFar risaltare \nFar notare \nFar capire \nFar comprendere \nFar vedere \nMostrare \nEsibire \nPresentare \nEsporre \nPubblicare \nPromuovere \nPubblicizzare \nRendere pubblico \nRendere noto \nFar conoscere \nFar vedere \nFar apparire \nFar comparire \nFar risaltare \nFar notare \nFar vedere chiaramente \nFar comprendere \nFar capire \nFar sapere \nInformare \nAvvertire \nNotificare \nComunicare \nSegnalare \nRendere edotto \nIstruire \nEducare \nAddestrare \nInsegnare \nIllustrare \nDimostrare \nProvare \nEsemplificare \nIllustrare \nEvidenziare \nSottolineare \nRilevare \nRendere evidente \nMettere in evidenza<br \/>\nTipo-C<\/p>","protected":false},"featured_media":4414,"comment_status":"open","ping_status":"closed","template":"","meta":{"om_disable_all_campaigns":false},"product_brand":[],"product_cat":[130],"product_tag":[],"class_list":{"0":"post-4413","1":"product","2":"type-product","3":"status-publish","4":"has-post-thumbnail","6":"product_cat-elfbar-combo-pro-30000-puffs","8":"first","9":"instock","10":"shipping-taxable","11":"purchasable","12":"product-type-variable"},"_links":{"self":[{"href":"https:\/\/fumotxpress.de\/it\/wp-json\/wp\/v2\/product\/4413","targetHints":{"allow":["GET"]}}],"collection":[{"href":"https:\/\/fumotxpress.de\/it\/wp-json\/wp\/v2\/product"}],"about":[{"href":"https:\/\/fumotxpress.de\/it\/wp-json\/wp\/v2\/types\/product"}],"replies":[{"embeddable":true,"href":"https:\/\/fumotxpress.de\/it\/wp-json\/wp\/v2\/comments?post=4413"}],"wp:featuredmedia":[{"embeddable":true,"href":"https:\/\/fumotxpress.de\/it\/wp-json\/wp\/v2\/media\/4414"}],"wp:attachment":[{"href":"https:\/\/fumotxpress.de\/it\/wp-json\/wp\/v2\/media?parent=4413"}],"wp:term":[{"taxonomy":"product_brand","embeddable":true,"href":"https:\/\/fumotxpress.de\/it\/wp-json\/wp\/v2\/product_brand?post=4413"},{"taxonomy":"product_cat","embeddable":true,"href":"https:\/\/fumotxpress.de\/it\/wp-json\/wp\/v2\/product_cat?post=4413"},{"taxonomy":"product_tag","embeddable":true,"href":"https:\/\/fumotxpress.de\/it\/wp-json\/wp\/v2\/product_tag?post=4413"}],"curies":[{"name":"wp","href":"https:\/\/api.w.org\/{rel}","templated":true}]}}