{"id":4141,"date":"2025-07-18T04:44:35","date_gmt":"2025-07-18T04:44:35","guid":{"rendered":"https:\/\/fumotxpress.de\/?post_type=product&#038;p=4141"},"modified":"2025-07-18T04:45:27","modified_gmt":"2025-07-18T04:45:27","slug":"jnr-falcon-16k-sigaretta-usa-e-getta-ad-alte-prestazioni-fino-a-16000-tiri","status":"publish","type":"product","link":"https:\/\/fumotxpress.de\/it\/prodotto\/jnr-falcon-16k-sigaretta-usa-e-getta-ad-alte-prestazioni-fino-a-16000-tiri\/","title":{"rendered":"JNR Falcon 16K \u2013 Vape monouso ad alte prestazioni, fino a 16.000 tiri"},"content":{"rendered":"<div class=\"elementor-element elementor-element-26edf861 wd-width-100 elementor-widget elementor-widget-wd_title\" data-id=\"26edf861\" data-element_type=\"widget\" data-widget_type=\"wd_title.default\">\n<div class=\"elementor-widget-container\">\n<div class=\"title-wrapper set-mb-s reset-last-child wd-title-color-default wd-title-style-default wd-title-size-default text-left\">\n<div class=\"liner-continer\">\n<p class=\"woodmart-title-container title wd-fontsize-l\">Descrizione<\/p>\n<\/div>\n<\/div>\n<\/div>\n<\/div>\n<div class=\"elementor-element elementor-element-4b992b6d wd-single-content elementor-widget elementor-widget-wd_single_product_content\" data-id=\"4b992b6d\" data-element_type=\"widget\" data-widget_type=\"wd_single_product_content.default\">\n<div class=\"elementor-widget-container\">\n<h2><strong>JNR Falcon 16K \u2013 Vape monouso ad alte prestazioni, fino a 16.000 tiri<\/strong><\/h2>\n<p>L\u00ec\u00a0<strong>JNR Falcon 16K<\/strong>\u00a0\u00e8 un\u00a0<strong>sigaretta elettronica usa e getta<\/strong>\u00a0rivoluzionario, progettato per offrire un'esperienza di svapo senza pari. Con una capacit\u00e0 impressionante di\u00a0<strong>16.000 puff<\/strong>un serbatoio di\u00a0<strong>22 ml di capacit\u00e0 e<\/strong>e una batteria ricaricabile di\u00a0<strong>850 mAh<\/strong>, combina durata, prestazioni e convenienza. Che tu sia un principiante o un utente esperto di svapo, questo dispositivo si adatta alle tue esigenze combinando tecnologia avanzata e opzioni eccezionali.<\/p>\n<h4><strong>Vape pi\u00f9 a lungo con fino a 16.000 puff<\/strong><\/h4>\n<p>Con una batteria dalla vita impressionante di\u00a0<strong>16.000 puff<\/strong>L\u00ec\u00a0<strong>JNR Falcon 16K<\/strong>\u00a0\u00e8 costruito per durare. Goditi un'esperienza pi\u00f9 lunga senza dover sostituire frequentemente il tuo dispositivo. Perfetto per i vaper regolari o per coloro che cercano una soluzione di lunga durata.<\/p>\n<p><img loading=\"lazy\" decoding=\"async\" class=\"alignnone size-full wp-image-4165\" src=\"https:\/\/fumotxpress.de\/wp-content\/uploads\/2025\/07\/JF16K20250214_8b1a1a94-8110-4845-b3e0-fb814c9b7924.webp\" alt=\"\" width=\"493\" height=\"1664\" srcset=\"https:\/\/fumotxpress.de\/wp-content\/uploads\/2025\/07\/JF16K20250214_8b1a1a94-8110-4845-b3e0-fb814c9b7924.webp 493w, https:\/\/fumotxpress.de\/wp-content\/uploads\/2025\/07\/JF16K20250214_8b1a1a94-8110-4845-b3e0-fb814c9b7924-89x300.webp 89w, https:\/\/fumotxpress.de\/wp-content\/uploads\/2025\/07\/JF16K20250214_8b1a1a94-8110-4845-b3e0-fb814c9b7924-303x1024.webp 303w, https:\/\/fumotxpress.de\/wp-content\/uploads\/2025\/07\/JF16K20250214_8b1a1a94-8110-4845-b3e0-fb814c9b7924-455x1536.webp 455w\" sizes=\"auto, (max-width: 493px) 100vw, 493px\" \/><\/p>\n<h4><strong>Batteria ricaricabile da 850 mAh: Affidabile e Duratura<\/strong><\/h4>\n<p>L\u00ec\u00a0<strong>JNR Falcon 16K<\/strong>\u00a0\u00e8 dotato di una batteria di\u00a0<strong>850 mAh<\/strong>fornendo prestazioni coerenti per tutta la sua durata.<\/p>\n<ul>\n<li><strong>Ricarica facile<\/strong>\u00a0attraverso i porti\u00a0<strong>Type-C<\/strong>\u00a0Oppure\u00a0<strong>Fulmine<\/strong>.<\/li>\n<li><strong>Ricarica rapida<\/strong>\u00a0per tornare a vaporizzare in pochissimo tempo.<\/li>\n<\/ul>\n<p>Non c'\u00e8 bisogno di preoccuparsi di esaurire la capacit\u00e0: questo puff \u00e8 sempre pronto all'uso.<\/p>\n<h4><strong>Serbatoio capiente da 22ml<\/strong><\/h4>\n<p>Con un\u00a0<strong>serbatoio da 22 ml<\/strong>L\u00ec\u00a0<strong>JNR Falcon 16K<\/strong>\u00a0Garantisce un'esperienza di svapo pi\u00f9 lunga. Meno ricariche, pi\u00f9 divertimento: assapora le tue opzioni preferite fino all'ultima goccia.<\/p>\n<h4><strong>Doppia Tecnologia a Maglia per Opzioni Intensive<\/strong><\/h4>\n<p>L\u00ec\u00a0<strong>doppia bobina a rete<\/strong>\u00a0avanzato garantisce:<\/p>\n<ul>\n<li>A\u00a0<strong>produzione di vapore denso e omogeneo<\/strong>.<\/li>\n<li>A\u00a0<strong>ottimale restituzione delle opzioni<\/strong>anche dopo lunghe sessioni.<\/li>\n<li>A\u00a0<strong>colpo alla gola potente<\/strong>\u00a0per un'esperienza soddisfacente ad ogni boccata.<\/li>\n<\/ul>\n<p>Sia che ti piacciano le grandi nuvole o colpi pi\u00f9 sottili, questa tecnologia garantisce prestazioni eccezionali.<\/p>\n<h4><strong>Una gamma di deliziosi opzioni per tutti i gusti<\/strong><\/h4>\n<p>Scopri una vasta gamma di opzioni, perfette per soddisfare tutte le tue voglie. Ecco le\u00a0<strong>20 opzioni disponibili<\/strong>\u00a0:<\/p>\n<ul>\n<li><strong>Ghiaccio alla Fragola e Anguria<\/strong>\u00a0\ud83c\udf53\ud83c\udf49\u2744\ufe0f: Fragola e anguria con una svolta ghiacciata.<\/li>\n<li><strong>Hubba Bubba Fragola<\/strong>\u00a0\ud83c\udf53\ud83c\udf6c: Gomma da masticare alla fragola, dolce e nostalgica.<\/li>\n<li><strong>Berry Burst<\/strong>\u00a0Esplosione di bacche rosse e blu.<\/li>\n<li><strong>Cola Ice<\/strong>\u00a0Sapore di cola ghiacciata frizzante.<\/li>\n<li><strong>Blue Razz Ice<\/strong>\u00a0Dolce e mentolato lampone blu.<\/li>\n<li><strong>Fragola Kiwi<\/strong>\u00a0Fragole dolci e kiwi acidulo.<\/li>\n<li><strong>Ananas Mango Arancia<\/strong>\u00a0\ud83c\udf4d\ud83e\udd6d\ud83c\udf4a: Tropicale ananas, mango e arancia.<\/li>\n<li><strong>Limone Rosa<\/strong>\u00a0Limone rosa: Agrumato e rinfrescante.<\/li>\n<li><strong>Frutta Mista<\/strong>\u00a0Misto ricco di frutti di bosco assortiti.<\/li>\n<li><strong>Passione di Frutto Kiwi<\/strong>\u00a0Frutto della passione e kiwi esotico.<\/li>\n<li><strong>Strawberry Ice<\/strong>\u00a0\ud83c\udf53\u2744\ufe0f: Fragola congelata, dolce e rinfrescante.<\/li>\n<li><strong>Grapefruit Limone Ghiaccio<\/strong>\u00a0Succo di pompelmo e limone freddo.<\/li>\n<li><strong>White Peach Razz<\/strong>\u00a0Pesca bianca e lampone blu.<\/li>\n<li><strong>Mirtillo Lampone Ciliegia<\/strong>\u00a0Mirtillo, lampone e ciliegia.<\/li>\n<li><strong>Mirtillo Lampone Rosso<\/strong>\u00a0Mirtillo e lampone rosso.<\/li>\n<li><strong>Ghiaccio di Mirtillo e Melagrana<\/strong>\u00a0Mirtillo e melone di melagrana congelati.<\/li>\n<li><strong>Gomma da Masticare al Watermelon<\/strong>\u00a0Anguria e gomma da masticare dolce.<\/li>\n<li><strong>Sakura Uva<\/strong>\u00a0Dolce e floreale motivo della sakura.<\/li>\n<li><strong>Fragola Pina Colada<\/strong>\u00a0Fragola e Pina Colada tropicale.<\/li>\n<li><strong>Anguria Mango Pesca<\/strong>\u00a0\ud83c\udf49\ud83e\udd6d\ud83c\udf51: Anguria, mango e pesca succosi.<\/li>\n<\/ul>\n<h4><strong>Perch\u00e9 scegliere il JNR Falcon 16K?<\/strong><\/h4>\n<p>Ecco perch\u00e9 il\u00a0<strong>JNR Falcon 16K<\/strong>\u00a0\u00e8 una scelta essenziale:<\/p>\n<ul>\n<li><strong>Sostenibilit\u00e0<\/strong>\u00a0: Fino a 16.000 puff e una batteria ricaricabile.<\/li>\n<li><strong>Tecnologia avanzata<\/strong>\u00a0: Doppia bobina a rete, porte di tipo C e Lightning.<\/li>\n<li><strong>Opzioni diverse<\/strong>\u00a0: 20 opzioni per soddisfare tutte le esigenze.<\/li>\n<li><strong>Facilit\u00e0 d'uso<\/strong>\u00a0: Design compatto e intuitivo.<\/li>\n<\/ul>\n<h4><strong>Consegna Veloce e Affidabile in Francia<\/strong><\/h4>\n<p>A casa di\u00a0<strong>JNR VAPE<\/strong>Sappiamo che il tempo \u00e8 importante. Approfitta del nostro\u00a0<strong>consegna rapida<\/strong>\u00a0:<\/p>\n<ul>\n<li><strong>3-5 giorni lavorativi<\/strong>\u00a0ovunque in Francia.<\/li>\n<li><strong>Consegna gratuita<\/strong>\u00a0da \u20ac50 di acquisto.<\/li>\n<li>Tracciamento in tempo reale per sapere dove si trova il tuo ordine.<\/li>\n<\/ul>\n<p>Ordina ora e ricevi il tuo\u00a0<strong>JNR Falcon 16K<\/strong>\u00a0direttamente a casa tua!<\/p>\n<h4><strong>Tassi in diminuzione per ulteriori risparmi<\/strong><\/h4>\n<p>Ordina di pi\u00f9, risparmia di pi\u00f9:<\/p>\n<ul>\n<li><strong>1 stanza<\/strong>\u00a0: Prezzo standard.<\/li>\n<li><strong>3 stanze<\/strong>\u00a0Sconti vantaggiosi.<\/li>\n<li><strong>5 stanze o pi\u00f9<\/strong>\u00a0: Sconti aggiuntivi, perfetti per testare pi\u00f9 opzioni o condividere con i propri cari.<\/li>\n<\/ul>\n<h4><strong>Riepilogo: Il tuo Vape Ideale Quotidiano<\/strong><\/h4>\n<p>L\u00ec\u00a0<strong>JNR Falcon 16K Disposable Puff<\/strong>\u00a0Si distingue per le sue prestazioni eccezionali, la grande capacit\u00e0 e le varie opzioni. Che tu sia un principiante o un utente esperto di svapo, offre un'esperienza ricca, comoda e soddisfacente. Ordina oggi stesso e scopri perch\u00e9 \u00e8 la scelta preferita dagli svapatori in Francia!<\/p>\n<\/div>\n<\/div>","protected":false},"excerpt":{"rendered":"<ul>\n<li dir=\"ltr\" role=\"presentation\">Grosso soffio<\/li>\n<li dir=\"ltr\" role=\"presentation\">Fino a 16000 puff<\/li>\n<li dir=\"ltr\" role=\"presentation\">Capacit\u00e0 della batteria 850mAh<\/li>\n<li dir=\"ltr\" role=\"presentation\">Doppia Mesh<\/li>\n<li dir=\"ltr\" role=\"presentation\">22ml E-liquid<\/li>\n<li dir=\"ltr\" role=\"presentation\">Nuvola pi\u00f9 grande &amp; Colpo alla gola forte<\/li>\n<li dir=\"ltr\" role=\"presentation\">Aroma persistente fino all'ultima boccata<\/li>\n<li dir=\"ltr\" role=\"presentation\">Doppie porte di ricarica<\/li>\n<li dir=\"ltr\" role=\"presentation\">Tipo C e Lightning inclusi<\/li>\n<\/ul>","protected":false},"featured_media":4142,"comment_status":"open","ping_status":"closed","template":"","meta":{"om_disable_all_campaigns":false},"product_brand":[],"product_cat":[122],"product_tag":[],"class_list":{"0":"post-4141","1":"product","2":"type-product","3":"status-publish","4":"has-post-thumbnail","6":"product_cat-jnr-falcon-16k","8":"first","9":"instock","10":"shipping-taxable","11":"purchasable","12":"product-type-variable"},"_links":{"self":[{"href":"https:\/\/fumotxpress.de\/it\/wp-json\/wp\/v2\/product\/4141","targetHints":{"allow":["GET"]}}],"collection":[{"href":"https:\/\/fumotxpress.de\/it\/wp-json\/wp\/v2\/product"}],"about":[{"href":"https:\/\/fumotxpress.de\/it\/wp-json\/wp\/v2\/types\/product"}],"replies":[{"embeddable":true,"href":"https:\/\/fumotxpress.de\/it\/wp-json\/wp\/v2\/comments?post=4141"}],"wp:featuredmedia":[{"embeddable":true,"href":"https:\/\/fumotxpress.de\/it\/wp-json\/wp\/v2\/media\/4142"}],"wp:attachment":[{"href":"https:\/\/fumotxpress.de\/it\/wp-json\/wp\/v2\/media?parent=4141"}],"wp:term":[{"taxonomy":"product_brand","embeddable":true,"href":"https:\/\/fumotxpress.de\/it\/wp-json\/wp\/v2\/product_brand?post=4141"},{"taxonomy":"product_cat","embeddable":true,"href":"https:\/\/fumotxpress.de\/it\/wp-json\/wp\/v2\/product_cat?post=4141"},{"taxonomy":"product_tag","embeddable":true,"href":"https:\/\/fumotxpress.de\/it\/wp-json\/wp\/v2\/product_tag?post=4141"}],"curies":[{"name":"wp","href":"https:\/\/api.w.org\/{rel}","templated":true}]}}