{"id":3713,"date":"2025-04-11T12:41:26","date_gmt":"2025-04-11T12:41:26","guid":{"rendered":"https:\/\/fumotxpress.de\/?post_type=product&#038;p=3713"},"modified":"2025-05-20T09:51:56","modified_gmt":"2025-05-20T09:51:56","slug":"request-failed-with-status-code-574","status":"publish","type":"product","link":"https:\/\/fumotxpress.de\/it\/prodotto\/request-failed-with-status-code-574\/","title":{"rendered":"Magazzino Europeo Fumot RandM Tornado 7000 Puffs Bassa Nicotina Acquista Vape Pen Monouso Ricaricabile Originale Autentico"},"content":{"rendered":"<h1 class=\"\" data-start=\"0\" data-end=\"81\"><a href=\"https:\/\/fumotxpress.de\/it\/\">FUMOT RandM Tornado 7000 Puffs Vape monouso<\/a> \u2013 L'esperienza di svapo definitiva<\/h1>\n<div style=\"width: 1020px;\" class=\"wp-video\"><!--[if lt IE 9]><script>document.createElement('video');<\/script><![endif]-->\n<video class=\"wp-video-shortcode\" id=\"video-3713-1\" width=\"1020\" height=\"574\" preload=\"metadata\" controls=\"controls\"><source type=\"video\/mp4\" src=\"https:\/\/fumotxpress.de\/wp-content\/uploads\/2025\/04\/AQOLfTyix6axaeO6TzluAYl6Rgo7NvU7N2qWjsiurqiQkUiM7ncEfMbEHWZKEcD4zPZgte2F6yGG9ZsX7hkJlXhH.mp4?_=1\" \/><a href=\"https:\/\/fumotxpress.de\/wp-content\/uploads\/2025\/04\/AQOLfTyix6axaeO6TzluAYl6Rgo7NvU7N2qWjsiurqiQkUiM7ncEfMbEHWZKEcD4zPZgte2F6yGG9ZsX7hkJlXhH.mp4\">https:\/\/fumotxpress.de\/wp-content\/uploads\/2025\/04\/AQOLfTyix6axaeO6TzluAYl6Rgo7NvU7N2qWjsiurqiQkUiM7ncEfMbEHWZKEcD4zPZgte2F6yGG9ZsX7hkJlXhH.mp4<\/a><\/video><\/div>\n<p class=\"\" data-start=\"83\" data-end=\"669\"><strong data-start=\"83\" data-end=\"118\">Rilascio dell'innovazione nel vaping<\/strong><br data-start=\"118\" data-end=\"121\" \/>Il FUMOT RandM Tornado 7000 Puffs Disposable Vape \u00e8 una vera rivoluzione nel mondo dello svapo. Progettato per coloro che apprezzano sia le alte prestazioni che lo stile, questa penna per svapo monouso ridefinisce lo standard. Che tu sia un utente esperto di svapo o un nuovo arrivato, il Tornado 7000 promette un'esperienza eccezionale che combina tecnologia potente con estetica moderna. Disponibile esclusivamente presso <strong data-start=\"512\" data-end=\"530\">FumotXpress.de<\/strong>, la pi\u00f9 grande piattaforma di vendita al dettaglio online per sigarette elettroniche usa e getta in Germania, questo prodotto \u00e8 la tua porta d'accesso alla migliore esperienza di svapo in Europa.<\/p>\n<p class=\"\" data-start=\"671\" data-end=\"1145\">Realizzato con meticolosa attenzione al dettaglio, l'FUMOT RandM Tornado 7000 non \u00e8 solo un'altra penna vape usa e getta, ma una fusione di qualit\u00e0 superiore, alta capacit\u00e0 e personalizzazione personalizzata. Dotato di un design ispirato ai graffiti, illuminazione RGB e una struttura ergonomica elegante, il Tornado 7000 \u00e8 tanto visivamente accattivante quanto funzionale. Perfetto per coloro che cercano convenienza, prestazioni e un'ampia gamma di sapori, questo dispositivo \u00e8 progettato per superare le aspettative.<\/p>\n<p class=\"\" data-start=\"1147\" data-end=\"1444\"><strong data-start=\"1147\" data-end=\"1190\">Disponibile esclusivamente su FumotXpress.de<\/strong>La nostra politica di nessun ordine minimo garantisce che sia gli acquirenti individuali che i gruppi di rivenditori possano accedere al Tornado 7000. Con una spedizione rapida e affidabile da parte nostra <strong data-start=\"1341\" data-end=\"1363\">Magazzino europeo<\/strong>, prevediamo che il tuo ordine arrivi entro 3-7 giorni, indipendentemente da dove ti trovi nell'UE.<\/p>\n<hr class=\"\" data-start=\"1446\" data-end=\"1449\" \/>\n<h2 class=\"\" data-start=\"1451\" data-end=\"1494\">Perch\u00e9 Scegliere il FUMOT<a href=\"https:\/\/fumotxpress.de\/it\/\"> RandM Tornado 7000<\/a>?<\/h2>\n<p class=\"\" data-start=\"1496\" data-end=\"1631\">Il FUMOT RandM Tornado 7000 \u00e8 pi\u00f9 di un semplice vaporizzatore usa e getta: \u00e8 una dichiarazione. Ecco perch\u00e9 si distingue nel mercato affollato dei vaporizzatori:<\/p>\n<h3 class=\"\" data-start=\"1633\" data-end=\"1672\"><strong data-start=\"1637\" data-end=\"1670\">Funzionalit\u00e0 principali e specifiche<\/strong><\/h3>\n<ul data-start=\"1674\" data-end=\"3283\">\n<li class=\"\" data-start=\"1674\" data-end=\"1870\">\n<p class=\"\" data-start=\"1676\" data-end=\"1870\"><strong data-start=\"1676\" data-end=\"1701\">7.000 Puffs per dispositivo<\/strong>: Perfetto per un uso a lungo termine, il Tornado 7000 offre fino a <strong data-start=\"1760\" data-end=\"1774\">7000 puff<\/strong> per dispositivo, fornendo un'esperienza di svapo prolungata senza la necessit\u00e0 di sostituzioni costanti.<\/p>\n<\/li>\n<li class=\"\" data-start=\"1874\" data-end=\"2051\">\n<p class=\"\" data-start=\"1876\" data-end=\"2051\"><strong data-start=\"1876\" data-end=\"1902\">Capacit\u00e0 di liquido elettronico 14ml<\/strong>: Pre-compilato con <strong data-start=\"1920\" data-end=\"1948\">e-liquid di alta qualit\u00e0 premium<\/strong>, il Tornado 7000 offre una generosa capacit\u00e0 di 14 ml, garantendo una lunga soddisfazione ad ogni aspirazione.<\/p>\n<\/li>\n<li class=\"\" data-start=\"2055\" data-end=\"2235\">\n<p class=\"\" data-start=\"2057\" data-end=\"2235\"><strong data-start=\"2057\" data-end=\"2092\">Concentrazioni di nicotina personalizzabili<\/strong>: Scegli tra <strong data-start=\"2106\" data-end=\"2136\">0%, 2%, 3% o 5% nicotina<\/strong> opzioni per soddisfare le tue preferenze personali, permettendoti di personalizzare l'esperienza in base alle tue esigenze.<\/p>\n<\/li>\n<li class=\"\" data-start=\"2239\" data-end=\"2414\">\n<p class=\"\" data-start=\"2241\" data-end=\"2414\"><strong data-start=\"2241\" data-end=\"2284\">Batteria ricaricabile integrata da 1000mAh<\/strong>: Presentando una <strong data-start=\"2298\" data-end=\"2326\">batteria ricaricabile USB<\/strong>, il Tornado 7000 ti permette di goderti il tuo dispositivo fino all'ultima goccia di e-liquid.<\/p>\n<\/li>\n<li class=\"\" data-start=\"2418\" data-end=\"2602\">\n<p class=\"\" data-start=\"2420\" data-end=\"2602\"><strong data-start=\"2420\" data-end=\"2449\">Sistema di flusso d'aria regolabile<\/strong>: Il <strong data-start=\"2455\" data-end=\"2477\">flusso d'aria regolabile<\/strong> La funzione ti consente di personalizzare la tua esperienza di svapo, sia che tu preferisca un'inspirazione pi\u00f9 stretta e controllata o una pi\u00f9 ariosa e aperta.<\/p>\n<\/li>\n<li class=\"\" data-start=\"2606\" data-end=\"2761\">\n<p class=\"\" data-start=\"2608\" data-end=\"2761\"><strong data-start=\"2608\" data-end=\"2632\">Tecnologia a Bobina Mesh<\/strong>: Il Tornado 7000 utilizza <strong data-start=\"2656\" data-end=\"2680\">tecnologia a rete a spirale<\/strong>, garantendo vapore pi\u00f9 liscio, tiri pi\u00f9 puliti e sapore pi\u00f9 intenso ad ogni soffio.<\/p>\n<\/li>\n<li class=\"\" data-start=\"2765\" data-end=\"2922\">\n<p class=\"\" data-start=\"2767\" data-end=\"2922\"><strong data-start=\"2767\" data-end=\"2787\">Design ergonomico<\/strong>: Dotato di un <strong data-start=\"2805\" data-end=\"2843\">bocchino in gomma morbida, adatta per alimenti<\/strong>, questa penna per vaporizzare garantisce un'esperienza di inalazione confortevole e premium ogni volta.<\/p>\n<\/li>\n<li class=\"\" data-start=\"2926\" data-end=\"3089\">\n<p class=\"\" data-start=\"2928\" data-end=\"3089\"><strong data-start=\"2928\" data-end=\"2949\">Display luminoso RGB<\/strong>: Aggiungendo un tocco visivo, il <strong data-start=\"2978\" data-end=\"3007\">display di luce RGB a 6 colori<\/strong> Rende il Tornado 7000 un dispositivo che attira l'attenzione, illuminandosi ad ogni soffio.<\/p>\n<\/li>\n<li class=\"\" data-start=\"3093\" data-end=\"3283\">\n<p class=\"\" data-start=\"3095\" data-end=\"3283\"><strong data-start=\"3095\" data-end=\"3121\">Confezionamento pronto per la vendita al dettaglio<\/strong>: Ideale per i rivenditori, il Tornado 7000 \u00e8 disponibile in <strong data-start=\"3170\" data-end=\"3195\">Scatole di esposizione da 10 unit\u00e0<\/strong> e <strong data-start=\"3200\" data-end=\"3224\">240 unit\u00e0 per cartone<\/strong>, rendendolo il prodotto perfetto per ordini al dettaglio e all'ingrosso.<\/p>\n<\/li>\n<\/ul>\n<hr class=\"\" data-start=\"3285\" data-end=\"3288\" \/>\n<h2 class=\"\" data-start=\"3290\" data-end=\"3356\">Esperienza di Sapore \u2013 20 Profili Diversi per Soddisfare Ogni Palato<\/h2>\n<p class=\"\" data-start=\"3358\" data-end=\"3735\">Uno degli aspetti principali di attrazione del FUMOT RandM Tornado 7000 \u00e8 la sua impressionante selezione di <strong data-start=\"3448\" data-end=\"3481\">20 sapori deliziosi e dinamici<\/strong>Sia che tu abbia voglia di miscele fruttate, rinfrescanti ghiacciati o dolci ispirati ai dessert, il Tornado 7000 ha qualcosa che piaccia a ogni vaper. Di seguito \u00e8 riportato l'elenco completo dei sapori disponibili, ciascuno accuratamente realizzato per offrire un'esperienza di svapo indimenticabile:<\/p>\n<h3 class=\"\" data-start=\"3737\" data-end=\"3766\"><strong data-start=\"3741\" data-end=\"3764\">Gelato di Ribes Nero<\/strong><\/h3>\n<p class=\"\" data-start=\"3767\" data-end=\"3903\">Una nota intensa e decisa di ribes nero, perfettamente bilanciata da una fresca sensazione di mentolo. Ideale per gli amanti della frutta che amano un rinfrescante refrigerio.<\/p>\n<h3 class=\"\" data-start=\"3905\" data-end=\"3925\"><strong data-start=\"3909\" data-end=\"3923\">2. Gelato<\/strong><\/h3>\n<p class=\"\" data-start=\"3926\" data-end=\"4062\">Una miscela nostalgica di sapori di gelato alla frutta che ti trasporta indietro all'estate. Il retrogusto rinfrescante di mentolo \u00e8 la ciliegia sulla torta.<\/p>\n<h3 class=\"\" data-start=\"4064\" data-end=\"4095\"><strong data-start=\"4068\" data-end=\"4093\">3. Bluesour Raspberry<\/strong><\/h3>\n<p class=\"\" data-start=\"4096\" data-end=\"4213\">Una fusione di lampone blu tangy con un calcio di agrumi che stuzzica le papille gustative. Un perfetto equilibrio di dolce e acido.<\/p>\n<h3 class=\"\" data-start=\"4215\" data-end=\"4245\"><strong data-start=\"4219\" data-end=\"4243\">4. Apple Berry Blast \nbecomes \n4. Esplosione di Mela e Frutto di Bosco<\/strong><\/h3>\n<p class=\"\" data-start=\"4246\" data-end=\"4355\">Una dolce e succosa miscela di mele mature combinate con un mix di frutti di bosco selvatici per un sapore rinfrescante e bilanciato.<\/p>\n<h3 class=\"\" data-start=\"4357\" data-end=\"4376\"><strong data-start=\"4361\" data-end=\"4374\">5. Ciliegia<\/strong><\/h3>\n<p class=\"\" data-start=\"4377\" data-end=\"4500\">Sapore di ciliegia puro e dolce con la giusta quantit\u00e0 di acidit\u00e0. Semplice ma soddisfacente, questo sapore \u00e8 un classico intramontabile.<\/p>\n<h3 class=\"\" data-start=\"4502\" data-end=\"4529\"><strong data-start=\"4506\" data-end=\"4527\">6. Pacific Cooler<\/strong><\/h3>\n<p class=\"\" data-start=\"4530\" data-end=\"4659\">Un punch tropicale di ananas, mango e agrumi, tutto avvolto in una fresca brezza mentolata. Un'esperienza veramente esotica e rinfrescante.<\/p>\n<h3 class=\"\" data-start=\"4661\" data-end=\"4688\"><strong data-start=\"4665\" data-end=\"4686\">7. Succo di Limone e Frutti di Bosco<\/strong><\/h3>\n<p class=\"\" data-start=\"4689\" data-end=\"4798\">Un mix perfetto di bacche mature e limonata aspra, creando un connubio dolce-agrumato che rinfresca ad ogni soffio.<\/p>\n<h3 class=\"\" data-start=\"4800\" data-end=\"4824\"><strong data-start=\"4804\" data-end=\"4822\">8. Sangue di Tigre<\/strong><\/h3>\n<p class=\"\" data-start=\"4825\" data-end=\"4936\">Un mix esotico di fragola, anguria e cocco, che offre un sapore fiero e audace che fa dichiarazione.<\/p>\n<h3 class=\"\" data-start=\"4938\" data-end=\"4958\"><strong data-start=\"4942\" data-end=\"4956\">9. Sig. Blue<\/strong><\/h3>\n<p class=\"\" data-start=\"4959\" data-end=\"5075\">Una misteriosa combinazione di bacche e mentolo, con un tocco di dolcezza che aggiunge una svolta fresca all'esperienza.<\/p>\n<h3 class=\"\" data-start=\"5077\" data-end=\"5105\"><strong data-start=\"5081\" data-end=\"5103\">10. Red Energy Ice<\/strong><\/h3>\n<p class=\"\" data-start=\"5106\" data-end=\"5254\">Ispirata dalle bevande energetiche, questo gusto offre un'esplosione energizzante con un finale mentolato fresco e rinfrescante. Perfetto per chi ha bisogno di una ricarica.<\/p>\n<h3 class=\"\" data-start=\"5256\" data-end=\"5283\"><strong data-start=\"5260\" data-end=\"5281\">11. Mela Rossa Ghiaccio<\/strong><\/h3>\n<p class=\"\" data-start=\"5284\" data-end=\"5415\">Sapore di mela rossa croccante completato da una nota di mentolo rinfrescante. Un vape delizioso e croccante che rinfresca ad ogni inalazione.<\/p>\n<h3 class=\"\" data-start=\"5417\" data-end=\"5457\"><strong data-start=\"5421\" data-end=\"5455\">12. Mirtillo Ciliegia Cranberry<\/strong><\/h3>\n<p class=\"\" data-start=\"5458\" data-end=\"5587\">Una trifecta di frutti - mirtillo, ciliegia e cranberry - che si uniscono per offrire un'esperienza dolce, tartara e tangente in una sola boccata.<\/p>\n<h3 class=\"\" data-start=\"5589\" data-end=\"5619\"><strong data-start=\"5593\" data-end=\"5617\">13. Blue Razz Cherry<\/strong><\/h3>\n<p class=\"\" data-start=\"5620\" data-end=\"5737\">Sapore di lampone blu vibrante fuso con ciliegia succosa per un'esperienza agrodolce che sicuramente piacer\u00e0 al tuo palato.<\/p>\n<h3 class=\"\" data-start=\"5739\" data-end=\"5762\"><strong data-start=\"5743\" data-end=\"5760\">14. Ghiaccio d'uva<\/strong><\/h3>\n<p class=\"\" data-start=\"5763\" data-end=\"5857\">Sapore di uva lussuoso e dolce stratificato con mentolo ghiacciato per un'esperienza di svapo fredda e corposa.<\/p>\n<h3 class=\"\" data-start=\"5859\" data-end=\"5882\"><strong data-start=\"5863\" data-end=\"5880\">15. Mango ghiaccio<\/strong><\/h3>\n<p class=\"\" data-start=\"5883\" data-end=\"5989\">Sapore di mango tropicale esotico complementato da un fresco respiro mentolato. La combinazione fruttata e fresca definitiva.<\/p>\n<h3 class=\"\" data-start=\"5991\" data-end=\"6021\"><strong data-start=\"5995\" data-end=\"6019\">16. Frullato di Banana<\/strong><\/h3>\n<p class=\"\" data-start=\"6022\" data-end=\"6157\">Un sapore di dessert alla banana cremoso e sognante che sembra indulgere in un milkshake ricco. Perfetto per un'esperienza di svapo dolce e liscia.<\/p>\n<h3 class=\"\" data-start=\"6159\" data-end=\"6194\"><strong data-start=\"6163\" data-end=\"6192\">17. Fragola Anguria<\/strong><\/h3>\n<p class=\"\" data-start=\"6195\" data-end=\"6325\">Un mix succoso e rinfrescante di frutti estivi, che combina fragola dolce e anguria per una vapata fruttata ideale per le giornate calde.<\/p>\n<h3 class=\"\" data-start=\"6327\" data-end=\"6350\"><strong data-start=\"6331\" data-end=\"6348\">18. Pesca ghiacciata<\/strong><\/h3>\n<p class=\"\" data-start=\"6351\" data-end=\"6461\">Delicato sapore di pesca con un finale rinfrescante di mentolo. Dolce e liscio, con la giusta quantit\u00e0 di freschezza.<\/p>\n<h3 class=\"\" data-start=\"6463\" data-end=\"6493\"><strong data-start=\"6467\" data-end=\"6491\">19. Mirtillo Sulla Ghiaccio<\/strong><\/h3>\n<p class=\"\" data-start=\"6494\" data-end=\"6595\">Morbidi mirtilli succosi abbinati a una rinfrescante brezza di mentolo, per un'esperienza di svapo fresca e ghiacciata.<\/p>\n<h3 class=\"\" data-start=\"6597\" data-end=\"6624\"><strong data-start=\"6601\" data-end=\"6622\">20. Limonata rosa<\/strong><\/h3>\n<p class=\"\" data-start=\"6625\" data-end=\"6733\">Una miscela di agrumi rosa piccanti con sapori acidi e dolci che creano un'esperienza di svapo unica e caratteristica.<\/p>\n<hr class=\"\" data-start=\"6735\" data-end=\"6738\" \/>\n<h2 class=\"\" data-start=\"6740\" data-end=\"6787\">Chi Dovrebbe Acquistare il FUMOT RandM Tornado 7000?<\/h2>\n<p class=\"\" data-start=\"6789\" data-end=\"7119\">Il <strong data-start=\"6793\" data-end=\"6821\">FUMOT RandM Tornado 7000<\/strong> \u00e8 progettato sia per i vaper esperti che per i nuovi arrivati. Se apprezzi le alte prestazioni, la facilit\u00e0 d'uso e un'ampia gamma di sapori, questo dispositivo \u00e8 la scelta perfetta. Che tu sia un singolo vaper o un rivenditore che cerca di offrire ai propri clienti sigarette elettroniche usa e getta di alta qualit\u00e0, il Tornado 7000 offre prestazioni eccezionali.<\/p>\n<p class=\"\" data-start=\"7121\" data-end=\"7420\">Per i rivenditori, <strong data-start=\"7136\" data-end=\"7154\">FumotXpress.de<\/strong> offre opzioni di acquisto flessibili con <strong data-start=\"7195\" data-end=\"7215\">nessun ordine minimo<\/strong>Sia che tu abbia bisogno di un solo pezzo o che desideri acquistare in grandi quantit\u00e0, abbiamo la soluzione per te. Spedizione rapida e affidabile direttamente da noi <strong data-start=\"7337\" data-end=\"7359\">Magazzino europeo<\/strong> garantisce che i tuoi prodotti arrivino prontamente, entro 3-7 giorni.<\/p>\n<hr class=\"\" data-start=\"7422\" data-end=\"7425\" \/>\n<h2 class=\"\" data-start=\"7427\" data-end=\"7457\">Perch\u00e9 fare acquisti su FumotXpress.de?<\/h2>\n<p class=\"\" data-start=\"7459\" data-end=\"7651\">At \n becomes \nPressoch\u00e9 <strong data-start=\"7462\" data-end=\"7480\">FumotXpress.de<\/strong>Ci vantiamo di offrire i migliori vaporizzatori usa e getta dei migliori marchi come <strong data-start=\"7560\" data-end=\"7604\"><a href=\"https:\/\/fumotxpress.de\/it\/\">FUMOT<\/a> Al Fakher, OBEELAB HHC, SMPO DL02<\/strong>E molto altro ancora. Ecco perch\u00e9 dovresti fare acquisti con noi:<\/p>\n<ul data-start=\"7653\" data-end=\"7994\">\n<li class=\"\" data-start=\"7653\" data-end=\"7710\">\n<p class=\"\" data-start=\"7655\" data-end=\"7710\"><strong data-start=\"7655\" data-end=\"7708\">Il pi\u00f9 grande rivenditore online tedesco di sigarette elettroniche usa e getta<\/strong><\/p>\n<\/li>\n<li class=\"\" data-start=\"7711\" data-end=\"7784\">\n<p class=\"\" data-start=\"7713\" data-end=\"7784\"><strong data-start=\"7713\" data-end=\"7732\">Solo i Migliori Marchi<\/strong> \u2013 FUMOT, Al Fakher, OBEELAB HHC, Fizzy e altri.<\/p>\n<\/li>\n<li class=\"\" data-start=\"7785\" data-end=\"7840\">\n<p class=\"\" data-start=\"7787\" data-end=\"7840\"><strong data-start=\"7787\" data-end=\"7807\">Nessun ordine minimo<\/strong> - Acquista da una sola unit\u00e0.<\/p>\n<\/li>\n<li class=\"\" data-start=\"7841\" data-end=\"7921\">\n<p class=\"\" data-start=\"7843\" data-end=\"7921\"><strong data-start=\"7843\" data-end=\"7864\">Spedizione rapida UE<\/strong> \u2013 Consegna rapida e affidabile dal nostro magazzino europeo.<\/p>\n<\/li>\n<li class=\"\" data-start=\"7922\" data-end=\"7994\">\n<p class=\"\" data-start=\"7924\" data-end=\"7994\"><strong data-start=\"7924\" data-end=\"7949\">Impegno per la Qualit\u00e0<\/strong> \u2013 Vendiamo solo prodotti originali e autentici.<\/p>\n<\/li>\n<\/ul>\n<hr class=\"\" data-start=\"7996\" data-end=\"7999\" \/>\n<h2 class=\"\" data-start=\"8001\" data-end=\"8008\">Domande frequenti<\/h2>\n<p class=\"\" data-start=\"8010\" data-end=\"8218\"><strong data-start=\"8010\" data-end=\"8075\">Il FUMOT RandM Tornado 7000 \u00e8 un dispositivo di svapo monouso non ricaricabile.<\/strong><br data-start=\"8075\" data-end=\"8078\" \/>S\u00ec, il Tornado 7000 dispone di un <strong data-start=\"8111\" data-end=\"8143\">batteria ricaricabile da 1000mAh<\/strong> che pu\u00f2 essere caricato tramite USB, assicurandoti di ottenere il massimo dal tuo dispositivo.<\/p>\n<p class=\"\" data-start=\"8220\" data-end=\"8375\"><strong data-start=\"8220\" data-end=\"8259\">Quali livelli di nicotina sono disponibili?<\/strong><br data-start=\"8259\" data-end=\"8262\" \/>Il Tornado 7000 offre <strong data-start=\"8286\" data-end=\"8317\">0%, 2%, 3% e 5% nicotina<\/strong> opzioni, in modo da poter selezionare il livello che meglio si adatta a te.<\/p>\n<p class=\"\" data-start=\"8377\" data-end=\"8521\"><strong data-start=\"8377\" data-end=\"8412\">\u00c8 adatto per i principianti?<\/strong><br data-start=\"8412\" data-end=\"8415\" \/>Assolutamente! Il Tornado 7000 \u00e8 incredibilmente facile da usare: basta semplicemente aprire la scatola, caricare (se necessario) e iniziare a svapare.<\/p>\n<p class=\"\" data-start=\"8523\" data-end=\"8659\"><strong data-start=\"8523\" data-end=\"8558\">Quanti sapori sono disponibili?<\/strong><br data-start=\"8558\" data-end=\"8561\" \/>Il Tornado 7000 \u00e8 dotato di <strong data-start=\"8589\" data-end=\"8613\">20 deliziosi sapori<\/strong>, che vanno dalle mentole fresche alle miscele fruttate.<\/p>\n<p class=\"\" data-start=\"8661\" data-end=\"8790\"><strong data-start=\"8661\" data-end=\"8697\">FumotXpress.de<\/strong><br data-start=\"8697\" data-end=\"8700\" \/>Operiamo dalla Germania e spediamo in tutta l'UE, direttamente dai nostri <strong data-start=\"8766\" data-end=\"8788\">Magazzino europeo<\/strong>.<\/p>\n<hr class=\"\" data-start=\"8792\" data-end=\"8795\" \/>\n<p class=\"\" data-start=\"8797\" data-end=\"8894\"><strong data-start=\"8797\" data-end=\"8827\">Acquista ora su<a href=\"https:\/\/fumotxpress.de\/it\/\"> FumotXpress.de<\/a><\/strong> e elevare la tua esperienza di svapo con **FUMOT RandM Tornado<\/p>","protected":false},"excerpt":{"rendered":"<p>Acquista il FUMOT RandM Tornado 7000 Puffs Disposable Vape su FumotXpress.de. Goditi fino a 7000 puff, opzioni di nicotina personalizzabili e un'ampia gamma di sapori premium. Spedizione rapida UE dal nostro magazzino europeo!<\/p>","protected":false},"featured_media":3737,"comment_status":"open","ping_status":"closed","template":"","meta":{"om_disable_all_campaigns":false},"product_brand":[],"product_cat":[24],"product_tag":[],"class_list":{"0":"post-3713","1":"product","2":"type-product","3":"status-publish","4":"has-post-thumbnail","6":"product_cat-fumot-tornado-disposable-vapes","8":"first","9":"instock","10":"shipping-taxable","11":"purchasable","12":"product-type-variable"},"_links":{"self":[{"href":"https:\/\/fumotxpress.de\/it\/wp-json\/wp\/v2\/product\/3713","targetHints":{"allow":["GET"]}}],"collection":[{"href":"https:\/\/fumotxpress.de\/it\/wp-json\/wp\/v2\/product"}],"about":[{"href":"https:\/\/fumotxpress.de\/it\/wp-json\/wp\/v2\/types\/product"}],"replies":[{"embeddable":true,"href":"https:\/\/fumotxpress.de\/it\/wp-json\/wp\/v2\/comments?post=3713"}],"wp:featuredmedia":[{"embeddable":true,"href":"https:\/\/fumotxpress.de\/it\/wp-json\/wp\/v2\/media\/3737"}],"wp:attachment":[{"href":"https:\/\/fumotxpress.de\/it\/wp-json\/wp\/v2\/media?parent=3713"}],"wp:term":[{"taxonomy":"product_brand","embeddable":true,"href":"https:\/\/fumotxpress.de\/it\/wp-json\/wp\/v2\/product_brand?post=3713"},{"taxonomy":"product_cat","embeddable":true,"href":"https:\/\/fumotxpress.de\/it\/wp-json\/wp\/v2\/product_cat?post=3713"},{"taxonomy":"product_tag","embeddable":true,"href":"https:\/\/fumotxpress.de\/it\/wp-json\/wp\/v2\/product_tag?post=3713"}],"curies":[{"name":"wp","href":"https:\/\/api.w.org\/{rel}","templated":true}]}}