{"id":3476,"date":"2025-03-25T06:18:43","date_gmt":"2025-03-25T06:18:43","guid":{"rendered":"https:\/\/fumotxpress.de\/?post_type=product&#038;p=3476"},"modified":"2025-12-12T09:20:37","modified_gmt":"2025-12-12T09:20:37","slug":"smpo-tron35000-soffi-nicotina-comprare-originale-authentisch-ricaricabile-usa-e-getta-vapes-penna","status":"publish","type":"product","link":"https:\/\/fumotxpress.de\/it\/prodotto\/smpo-tron35000-soffi-nicotina-comprare-originale-authentisch-ricaricabile-usa-e-getta-vapes-penna\/","title":{"rendered":"SMPO TRON35000 Puffs Nicotina Acquista Vape Pen Originale Autentico Ricaricabile Monouso"},"content":{"rendered":"<article class=\"group\/turn w-full text-token-text-primary focus-visible:outline-none\" dir=\"auto\" tabindex=\"-1\" data-testid=\"conversation-turn-4\" data-scroll-anchor=\"true\">\n<div class=\"text-base my-auto mx-auto py-5 px-6\">\n<div class=\"mx-auto flex flex-1 text-base gap-4 md:gap-5 lg:gap-6 md:max-w-3xl lg:max-w-[40rem] xl:max-w-[48rem]\">\n<div class=\"group\/conversation-turn relative flex w-full min-w-0 flex-col agent-turn @xs\/thread:px-0 @sm\/thread:px-1.5 @md\/thread:px-4\">\n<div class=\"relative flex-col gap-1 md:gap-3\">\n<div class=\"flex max-w-full flex-col flex-grow\">\n<div class=\"min-h-8 text-message relative flex w-full flex-col items-end gap-2 whitespace-normal break-words text-start [.text-message+&amp;]:mt-5\" dir=\"auto\" data-message-author-role=\"assistant\" data-message-id=\"7b9d3162-65e3-476c-a359-47808af6c3e8\" data-message-model-slug=\"gpt-4o\">\n<div class=\"flex w-full flex-col gap-1 empty:hidden first:pt-[3px]\">\n<div class=\"markdown prose w-full break-words dark:prose-invert light\">\n<h2 class=\"\" data-start=\"0\" data-end=\"75\">SMPO TRON35000 Puffs Penna Vape Monouso: L'Esperienza Shisha Ultima<\/h2>\n<div style=\"width: 1020px;\" class=\"wp-video\"><!--[if lt IE 9]><script>document.createElement('video');<\/script><![endif]-->\n<video class=\"wp-video-shortcode\" id=\"video-3476-1\" width=\"1020\" height=\"574\" preload=\"metadata\" controls=\"controls\"><source type=\"video\/mp4\" src=\"https:\/\/fumotxpress.de\/wp-content\/uploads\/2025\/03\/Smpo-TRON35000-Shisha-\uff082\uff09.mp4?_=1\" \/><a href=\"https:\/\/fumotxpress.de\/wp-content\/uploads\/2025\/03\/Smpo-TRON35000-Shisha-\uff082\uff09.mp4\">https:\/\/fumotxpress.de\/wp-content\/uploads\/2025\/03\/Smpo-TRON35000-Shisha-\uff082\uff09.mp4<\/a><\/video><\/div>\n<p class=\"\" data-start=\"77\" data-end=\"763\">Il <strong data-start=\"81\" data-end=\"125\">SMPO TRON35000 Puffs Vape Pen monouso<\/strong> \u00e8 un dispositivo di svapo all'avanguardia che offre un'esperienza senza pari per coloro che amano il vapore liscio e saporito. Con un <strong data-start=\"245\" data-end=\"269\">35.000 capacit\u00e0 di puff<\/strong>, <strong data-start=\"271\" data-end=\"294\">bassi livelli di nicotina<\/strong>, e una gamma di caratteristiche innovative, questo dispositivo porta il vaping usa e getta a nuove altezze. Ideale per coloro che cercano un'esperienza di vaping premium e senza problemi, l'SMPO TRON35000 riunisce tecnologia, convenienza e sapore eccezionale in un pacchetto ricaricabile elegante. Disponibile per l'acquisto esclusivamente presso <strong data-start=\"608\" data-end=\"626\">FumotXpress.de<\/strong>, la pi\u00f9 grande piattaforma di vendita al dettaglio online per sigarette elettroniche usa e getta in Germania, questo dispositivo promette autenticit\u00e0 e soddisfazione ad ogni soffio.<\/p>\n<h3 class=\"\" data-start=\"765\" data-end=\"825\">Perch\u00e9 scegliere la penna vaporizzatore monouso SMPO TRON35000 Puffs?<\/h3>\n<p class=\"\" data-start=\"827\" data-end=\"1282\">Lo SMPO TRON35000 si distingue dagli altri dispositivi di svapo monouso sul mercato, offrendo un'unicit\u00e0 di materiali di alta qualit\u00e0, funzionalit\u00e0 avanzate e tecnologia all'avanguardia. Che tu sia un utilizzatore esperto di svapo o nuovo nel mondo dei dispositivi di svapo monouso, questo dispositivo \u00e8 progettato per fornire un'esperienza eccezionale ad ogni utilizzo. Esaminiamo pi\u00f9 da vicino le caratteristiche e i benefici che rendono lo SMPO TRON35000 la scelta ideale per le tue esigenze di svapo.<\/p>\n<p data-start=\"827\" data-end=\"1282\"><img loading=\"lazy\" decoding=\"async\" class=\"alignnone size-full wp-image-3479\" src=\"https:\/\/fumotxpress.de\/wp-content\/uploads\/2025\/03\/01-scaled.jpg\" alt=\"\" width=\"2560\" height=\"2560\" srcset=\"https:\/\/fumotxpress.de\/wp-content\/uploads\/2025\/03\/01-scaled.jpg 2560w, https:\/\/fumotxpress.de\/wp-content\/uploads\/2025\/03\/01-300x300.jpg 300w, https:\/\/fumotxpress.de\/wp-content\/uploads\/2025\/03\/01-1024x1024.jpg 1024w, https:\/\/fumotxpress.de\/wp-content\/uploads\/2025\/03\/01-150x150.jpg 150w, https:\/\/fumotxpress.de\/wp-content\/uploads\/2025\/03\/01-768x768.jpg 768w, https:\/\/fumotxpress.de\/wp-content\/uploads\/2025\/03\/01-1536x1536.jpg 1536w, https:\/\/fumotxpress.de\/wp-content\/uploads\/2025\/03\/01-2048x2048.jpg 2048w, https:\/\/fumotxpress.de\/wp-content\/uploads\/2025\/03\/01-12x12.jpg 12w, https:\/\/fumotxpress.de\/wp-content\/uploads\/2025\/03\/01-247x247.jpg 247w, https:\/\/fumotxpress.de\/wp-content\/uploads\/2025\/03\/01-600x600.jpg 600w, https:\/\/fumotxpress.de\/wp-content\/uploads\/2025\/03\/01-100x100.jpg 100w\" sizes=\"auto, (max-width: 2560px) 100vw, 2560px\" \/><\/p>\n<h3 class=\"\" data-start=\"1284\" data-end=\"1344\">Caratteristiche dell'SMPO TRON35000 Puffs Disposable Vape Pen<\/h3>\n<ul data-start=\"1346\" data-end=\"4600\">\n<li class=\"\" data-start=\"1346\" data-end=\"1740\">\n<p class=\"\" data-start=\"1348\" data-end=\"1740\"><strong data-start=\"1348\" data-end=\"1372\">35.000 Puff Capacit\u00e0<\/strong>: Una delle caratteristiche pi\u00f9 impressionanti dell'SMPO TRON35000 \u00e8 la sua straordinaria <strong data-start=\"1453\" data-end=\"1477\">35.000 capacit\u00e0 di puff<\/strong>Ci\u00f2 significa che gli utenti possono godere di sessioni di svapo lunghe e ininterrotte senza dover sostituire o ricaricare frequentemente il dispositivo. Che tu sia un vaper occasionale o un utente frequente, questo elevato numero di puff garantisce un ottimo valore per i tuoi soldi.<\/p>\n<\/li>\n<li class=\"\" data-start=\"1744\" data-end=\"2159\">\n<p class=\"\" data-start=\"1746\" data-end=\"2159\"><strong data-start=\"1746\" data-end=\"1773\">Sistema a tripla bobina mesh<\/strong>: Dotato di un avanzato <strong data-start=\"1801\" data-end=\"1828\">Sistema a tripla bobina mesh<\/strong>Il SMPO TRON35000 garantisce una produzione di vapore liscia e costante ad ogni aspirazione. Le bobine a rete permettono una distribuzione uniforme del calore, dando come risultato sapori ricchi e intensi senza alcun gusto bruciato. La tecnologia avanzata delle bobine assicura che tu possa sperimentare tutto il potenziale di ogni e-liquid, rendendo ogni aspirazione soddisfacente come l'ultima.<\/p>\n<\/li>\n<li class=\"\" data-start=\"2161\" data-end=\"2621\">\n<p class=\"\" data-start=\"2163\" data-end=\"2621\"><strong data-start=\"2163\" data-end=\"2212\">Bassa concentrazione di nicotina per un'esperienza pi\u00f9 morbida<\/strong>: Il <strong data-start=\"2218\" data-end=\"2234\">bassa nicotina<\/strong> La formulazione dell'SMPO TRON35000 lo rende ideale per coloro che preferiscono un'esperienza di svapo pi\u00f9 leggera e piacevole. Offre il giusto equilibrio tra sapore e intensit\u00e0 di nicotina senza causare fastidiosi colpi alla gola, permettendo una sessione di svapo facile e rilassante. Ci\u00f2 lo rende perfetto per coloro che cercano di passare a un'intake di nicotina pi\u00f9 bassa o per coloro che amano uno svapo pi\u00f9 morbido.<\/p>\n<\/li>\n<li class=\"\" data-start=\"2623\" data-end=\"3033\">\n<p class=\"\" data-start=\"2625\" data-end=\"3033\"><strong data-start=\"2625\" data-end=\"2653\">Comodit\u00e0 ricaricabile<\/strong>: A differenza della maggior parte delle tradizionali sigarette elettroniche usa e getta, la <strong data-start=\"2701\" data-end=\"2719\">SMPO TRON35000<\/strong> \u00e8 <strong data-start=\"2723\" data-end=\"2739\">ricaricabile<\/strong>, offrendo un'opzione pi\u00f9 sostenibile e di lunga durata. Basta ricaricare il dispositivo quando la batteria \u00e8 scarica e potrai continuare a godere delle stesse prestazioni elevate senza dover smaltire l'intero dispositivo. Questa caratteristica ecologica riduce gli sprechi e massimizza il valore di ogni acquisto.<\/p>\n<\/li>\n<li class=\"\" data-start=\"3035\" data-end=\"3471\">\n<p class=\"\" data-start=\"3037\" data-end=\"3471\"><strong data-start=\"3037\" data-end=\"3082\">Schermo LED Intelligente per Monitoraggio in Tempo Reale<\/strong>: Il <strong data-start=\"3088\" data-end=\"3108\">schermo LED intelligente<\/strong> integrato nel SMPO TRON35000 offre una funzione moderna e pratica per gli utenti. Fornisce informazioni in tempo reale sia sul <strong data-start=\"3239\" data-end=\"3250\">batteria<\/strong> e <strong data-start=\"3255\" data-end=\"3274\">livelli di e-liquid<\/strong>, quindi saprai sempre esattamente quando \u00e8 il momento di ricaricare o rabboccare. Ci\u00f2 aiuta a garantire di non finire mai senza energia o e-liquid inaspettatamente, fornendo un'esperienza di svapo fluida e senza problemi.<\/p>\n<\/li>\n<li class=\"\" data-start=\"3473\" data-end=\"3831\">\n<p class=\"\" data-start=\"3475\" data-end=\"3831\"><strong data-start=\"3475\" data-end=\"3501\">Design compatto e portatile<\/strong>: L'SMPO TRON35000 \u00e8 progettato pensando alla portabilit\u00e0. Il suo corpo elegante e leggero lo rende facile da trasportare, permettendoti di prenderlo con te senza sacrificare stile o funzionalit\u00e0. Il design compatto assicura che si adatti comodamente nella mano o in tasca, rendendolo il vaporizzatore ideale per coloro che apprezzano la convenienza e la mobilit\u00e0.<\/p>\n<\/li>\n<li class=\"\" data-start=\"3833\" data-end=\"4252\">\n<p class=\"\" data-start=\"3835\" data-end=\"4252\"><strong data-start=\"3835\" data-end=\"3856\">Qualit\u00e0 Autentica<\/strong>Quando acquisti il <strong data-start=\"3880\" data-end=\"3898\">SMPO TRON35000<\/strong> da <strong data-start=\"3904\" data-end=\"3922\">FumotXpress.de<\/strong>, sei garantito un <strong data-start=\"3945\" data-end=\"3976\">prodotto autentico e originale<\/strong>FumotXpress.de si impegna a fornire solo svapare monouso genuine e di alta qualit\u00e0, acquistate direttamente da marchi fidati come <strong data-start=\"4106\" data-end=\"4114\">SMPO<\/strong>I nostri clienti possono godere con fiducia della loro esperienza di svapo, sapendo di utilizzare un prodotto costruito pensando alla qualit\u00e0 e all'affidabilit\u00e0.<\/p>\n<\/li>\n<li class=\"\" data-start=\"4254\" data-end=\"4600\">\n<p class=\"\" data-start=\"4256\" data-end=\"4600\"><strong data-start=\"4256\" data-end=\"4287\">Spedizione rapida all'interno dell'UE<\/strong>: Come il pi\u00f9 grande rivenditore di sigarette elettroniche usa e getta in Germania, <strong data-start=\"4341\" data-end=\"4359\">FumotXpress.de<\/strong> spedisci direttamente da noi <strong data-start=\"4384\" data-end=\"4406\">Magazzino europeo<\/strong>, assicurando che i tuoi ordini arrivino entro <strong data-start=\"4448\" data-end=\"4460\">3-7 giorni<\/strong>Non esiste una quantit\u00e0 minima di ordine e serviamo sia acquirenti individuali che gruppi di rivenditori, rendendo facile per te acquistare in base alle tue esigenze.<\/p>\n<\/li>\n<\/ul>\n<hr class=\"\" data-start=\"4602\" data-end=\"4605\" \/>\n<h3 class=\"\" data-start=\"4607\" data-end=\"4660\">SMPO TRON35000 Sapori: Un Sapore per Ogni Palato<\/h3>\n<p class=\"\" data-start=\"4662\" data-end=\"4981\">Uno degli aspetti pi\u00f9 emozionanti di <strong data-start=\"4702\" data-end=\"4720\">SMPO TRON35000<\/strong> \u00e8 la vasta gamma di deliziosi sapori che offre. Che tu abbia voglia di una miscela fruttata, di un classico calcio mentolato o di qualcosa di pi\u00f9 esotico, c'\u00e8 un sapore adatto ad ogni gusto. Di seguito \u00e8 riportata una panoramica dettagliata dei sapori disponibili nella collezione SMPO TRON35000.<\/p>\n<ol data-start=\"4983\" data-end=\"7063\">\n<li class=\"\" data-start=\"4983\" data-end=\"5279\">\n<p class=\"\" data-start=\"4986\" data-end=\"5279\"><strong data-start=\"4986\" data-end=\"5001\">Berry Burst<\/strong>Una combinazione rinfrescante di bacche dolci e agrodolci, <strong data-start=\"5053\" data-end=\"5068\">Berry Burst<\/strong> offre un'esplosione di dolcezza fruttata ad ogni soffio. L'equilibrio di fragola, lampone e mirtillo crea un'esperienza acquolina che \u00e8 perfetta per coloro che amano i sapori vivaci e rinfrescanti.<\/p>\n<\/li>\n<li class=\"\" data-start=\"5281\" data-end=\"5538\">\n<p class=\"\" data-start=\"5284\" data-end=\"5538\"><strong data-start=\"5284\" data-end=\"5297\">Cool Mint<\/strong>Per coloro che amano un vape fresco e rinvigorante, <strong data-start=\"5347\" data-end=\"5360\">Cool Mint<\/strong> offre una soddisfacente miscela di mentolo fresco con una sottile dolcezza. \u00c8 la scelta perfetta per chi cerca un colpo rinfrescante che lascia la bocca fresca e pulita.<\/p>\n<\/li>\n<li class=\"\" data-start=\"5540\" data-end=\"5800\">\n<p class=\"\" data-start=\"5543\" data-end=\"5800\"><strong data-start=\"5543\" data-end=\"5561\">Mango Tropicale<\/strong>: <strong data-start=\"5563\" data-end=\"5581\">Mango Tropicale<\/strong> trasporta direttamente in una spiaggia soleggiata con il suo ricco e succoso sapore di mango. La dolcezza tropicale combinata con un finale liscio e cremoso rende questo gusto una scelta irresistibile per coloro che amano le miscele di frutta esotica.<\/p>\n<\/li>\n<li class=\"\" data-start=\"5802\" data-end=\"6043\">\n<p class=\"\" data-start=\"5805\" data-end=\"6043\"><strong data-start=\"5805\" data-end=\"5823\">Ghiaccio di anguria<\/strong>: <strong data-start=\"5825\" data-end=\"5843\">Ghiaccio di anguria<\/strong> \u00e8 la combinazione perfetta di anguria rinfrescante e mentolo ghiacciato. Questo gusto offre una sensazione fresca e rinfrescante ad ogni aspirazione, ideale per coloro che bramano qualcosa di dolce, fresco e soddisfacente.<\/p>\n<\/li>\n<li class=\"\" data-start=\"6045\" data-end=\"6285\">\n<p class=\"\" data-start=\"6048\" data-end=\"6285\"><strong data-start=\"6048\" data-end=\"6067\">Limonata al Citrus<\/strong>Per un tocco piccante e agrumato, <strong data-start=\"6099\" data-end=\"6118\">Limonata al Citrus<\/strong> \u00e8 un vero e proprio piacere. Il sapore di limone fresco e intenso \u00e8 perfettamente bilanciato con un tocco di dolcezza, fornendo un gusto deciso ma rinfrescante, perfetto per la vaporizzazione durante tutta la giornata.<\/p>\n<\/li>\n<li class=\"\" data-start=\"6287\" data-end=\"6523\">\n<p class=\"\" data-start=\"6290\" data-end=\"6523\"><strong data-start=\"6290\" data-end=\"6306\">Fusion d'uva<\/strong>: <strong data-start=\"6308\" data-end=\"6324\">Fusion d'uva<\/strong> unisce il gusto dolce e ricco dell'uva matura con un tocco di note dolci e lisce. Questo gusto \u00e8 perfetto per coloro che amano una svapo audace e ricca di frutta, sia soddisfacente che saporita.<\/p>\n<\/li>\n<li class=\"\" data-start=\"6525\" data-end=\"6779\">\n<p class=\"\" data-start=\"6528\" data-end=\"6779\"><strong data-start=\"6528\" data-end=\"6545\">Peach Sunrise<\/strong>: Il <strong data-start=\"6551\" data-end=\"6568\">Peach Sunrise<\/strong> Il sapore \u00e8 una pesca dolce e succosa con una nota agrumata che \u00e8 perfetta per l'estate. Offre un sapore tropicale e fruttato che \u00e8 allo stesso tempo rinfrescante e rilassante, perfetto per coloro che apprezzano una svapo rilassata ma saporita.<\/p>\n<\/li>\n<li class=\"\" data-start=\"6781\" data-end=\"7063\">\n<p class=\"\" data-start=\"6784\" data-end=\"7063\"><strong data-start=\"6784\" data-end=\"6802\">Gelato alla Fragola<\/strong>Per un classico sapore di frutta con una svolta ghiacciata, <strong data-start=\"6850\" data-end=\"6868\">Gelato alla Fragola<\/strong> \u00e8 la scelta perfetta. Combina la dolcezza delle fragole mature con un effetto rinfrescante della mentolo, offrendo un'esperienza rinfrescante ideale per coloro che desiderano un sapore fruttato eppure fresco.<\/p>\n<\/li>\n<\/ol>\n<hr class=\"\" data-start=\"7065\" data-end=\"7068\" \/>\n<h3 class=\"\" data-start=\"7070\" data-end=\"7122\">Perch\u00e9 acquistare SMPO TRON35000 da FumotXpress.de?<\/h3>\n<p class=\"\" data-start=\"7124\" data-end=\"7495\">At \n becomes \nPressoch\u00e9 <strong data-start=\"7127\" data-end=\"7145\">FumotXpress.de<\/strong>, siamo orgogliosi di offrire il <strong data-start=\"7173\" data-end=\"7217\">SMPO TRON35000 Puffs Vape Pen monouso<\/strong> e altri dispositivi di svapo monouso di alta qualit\u00e0 direttamente ai clienti in Germania e in tutta l'UE. Come il <strong data-start=\"7316\" data-end=\"7386\">piattaforma di vendita al dettaglio online pi\u00f9 grande per sigarette elettroniche usa e getta in Germania<\/strong>, ci concentriamo sul fornire un'esperienza di acquisto facile e conveniente, consegna rapida e prodotti di alta qualit\u00e0.<\/p>\n<p class=\"\" data-start=\"7497\" data-end=\"7541\">Scegliendo FumotXpress.de, si \u00e8 assicurati:<\/p>\n<ul data-start=\"7543\" data-end=\"7835\">\n<li class=\"\" data-start=\"7543\" data-end=\"7616\">\n<p class=\"\" data-start=\"7545\" data-end=\"7616\"><strong data-start=\"7545\" data-end=\"7567\">Prodotti Autentici<\/strong>: Solo vape monouso genuine e di alta qualit\u00e0.<\/p>\n<\/li>\n<li class=\"\" data-start=\"7617\" data-end=\"7692\">\n<p class=\"\" data-start=\"7619\" data-end=\"7692\"><strong data-start=\"7619\" data-end=\"7636\">Spedizione Veloce<\/strong>: Consegna entro 3-7 giorni dal nostro magazzino europeo.<\/p>\n<\/li>\n<li class=\"\" data-start=\"7693\" data-end=\"7757\">\n<p class=\"\" data-start=\"7695\" data-end=\"7757\"><strong data-start=\"7695\" data-end=\"7715\">Nessun ordine minimo<\/strong>: Puoi comprare anche solo 1 pezzo alla volta.<\/p>\n<\/li>\n<li class=\"\" data-start=\"7758\" data-end=\"7835\">\n<p class=\"\" data-start=\"7760\" data-end=\"7835\"><strong data-start=\"7760\" data-end=\"7776\">Ampia Variet\u00e0<\/strong>: Esplora una gamma di prodotti premium per svapo di marche leader.<\/p>\n<\/li>\n<\/ul>\n<p><img loading=\"lazy\" decoding=\"async\" class=\"alignnone size-full wp-image-3478\" src=\"https:\/\/fumotxpress.de\/wp-content\/uploads\/2025\/03\/05-scaled.jpg\" alt=\"\" width=\"2560\" height=\"2560\" srcset=\"https:\/\/fumotxpress.de\/wp-content\/uploads\/2025\/03\/05-scaled.jpg 2560w, https:\/\/fumotxpress.de\/wp-content\/uploads\/2025\/03\/05-300x300.jpg 300w, https:\/\/fumotxpress.de\/wp-content\/uploads\/2025\/03\/05-1024x1024.jpg 1024w, https:\/\/fumotxpress.de\/wp-content\/uploads\/2025\/03\/05-150x150.jpg 150w, https:\/\/fumotxpress.de\/wp-content\/uploads\/2025\/03\/05-768x768.jpg 768w, https:\/\/fumotxpress.de\/wp-content\/uploads\/2025\/03\/05-1536x1536.jpg 1536w, https:\/\/fumotxpress.de\/wp-content\/uploads\/2025\/03\/05-2048x2048.jpg 2048w, https:\/\/fumotxpress.de\/wp-content\/uploads\/2025\/03\/05-12x12.jpg 12w, https:\/\/fumotxpress.de\/wp-content\/uploads\/2025\/03\/05-247x247.jpg 247w, https:\/\/fumotxpress.de\/wp-content\/uploads\/2025\/03\/05-600x600.jpg 600w, https:\/\/fumotxpress.de\/wp-content\/uploads\/2025\/03\/05-100x100.jpg 100w\" sizes=\"auto, (max-width: 2560px) 100vw, 2560px\" \/><\/p>\n<p>&nbsp;<\/p>\n<p class=\"\" data-start=\"7837\" data-end=\"8020\">Pronti a provare il meglio della vaporizzazione usa e getta? Dirigiti verso <strong data-start=\"7896\" data-end=\"7914\">FumotXpress.de<\/strong> Oggi e scopri perch\u00e9 siamo la piattaforma di riferimento per <strong data-start=\"7968\" data-end=\"8008\">Vape monouso originali e autentici<\/strong> in Germania!<\/p>\n<\/div>\n<\/div>\n<\/div>\n<\/div>\n<div class=\"flex justify-start\">\n<div class=\"-me-1 -ms-2.5 flex select-none items-center p-1 touch:-me-2 touch:-ms-3.5 -mt-1 transition-[mask-position] [mask-image:linear-gradient(to_var(--mask-direction),black_33%,transparent_66%)] [mask-position:var(--mask-from-pos)] [mask-size:300%_100%] [--mask-direction:right] [--mask-from-pos:100%_0] [--mask-to-pos:0_0] duration-[1.5s]\"><\/div>\n<\/div>\n<div class=\"mt-3 w-full empty:hidden\">\n<div class=\"text-center\"><\/div>\n<\/div>\n<\/div>\n<div class=\"absolute\">\n<div class=\"flex items-center justify-center\"><\/div>\n<\/div>\n<\/div>\n<\/div>\n<\/div>\n<\/article>\n<div class=\"pointer-events-none h-px w-px\" aria-hidden=\"true\" data-edge=\"true\"><\/div>","protected":false},"excerpt":{"rendered":"<p>Der <strong data-start=\"4\" data-end=\"48\">SMPO TRON35000 Puffs Vape Pen monouso<\/strong> Offre, con il suo innovativo sistema Triple Mesh Coil, una capacit\u00e0 di 35.000 tiri e un display LED intelligente per il livello del liquido e della batteria, un'esperienza di svapo senza pari con livelli di nicotina bassi.<\/p>","protected":false},"featured_media":3750,"comment_status":"open","ping_status":"closed","template":"","meta":{"om_disable_all_campaigns":false},"product_brand":[],"product_cat":[119],"product_tag":[],"class_list":{"0":"post-3476","1":"product","2":"type-product","3":"status-publish","4":"has-post-thumbnail","6":"product_cat-smpo-tron35000-puffs","8":"first","9":"instock","10":"shipping-taxable","11":"purchasable","12":"product-type-variable"},"_links":{"self":[{"href":"https:\/\/fumotxpress.de\/it\/wp-json\/wp\/v2\/product\/3476","targetHints":{"allow":["GET"]}}],"collection":[{"href":"https:\/\/fumotxpress.de\/it\/wp-json\/wp\/v2\/product"}],"about":[{"href":"https:\/\/fumotxpress.de\/it\/wp-json\/wp\/v2\/types\/product"}],"replies":[{"embeddable":true,"href":"https:\/\/fumotxpress.de\/it\/wp-json\/wp\/v2\/comments?post=3476"}],"wp:featuredmedia":[{"embeddable":true,"href":"https:\/\/fumotxpress.de\/it\/wp-json\/wp\/v2\/media\/3750"}],"wp:attachment":[{"href":"https:\/\/fumotxpress.de\/it\/wp-json\/wp\/v2\/media?parent=3476"}],"wp:term":[{"taxonomy":"product_brand","embeddable":true,"href":"https:\/\/fumotxpress.de\/it\/wp-json\/wp\/v2\/product_brand?post=3476"},{"taxonomy":"product_cat","embeddable":true,"href":"https:\/\/fumotxpress.de\/it\/wp-json\/wp\/v2\/product_cat?post=3476"},{"taxonomy":"product_tag","embeddable":true,"href":"https:\/\/fumotxpress.de\/it\/wp-json\/wp\/v2\/product_tag?post=3476"}],"curies":[{"name":"wp","href":"https:\/\/api.w.org\/{rel}","templated":true}]}}