{"id":1812,"date":"2024-11-27T07:37:47","date_gmt":"2024-11-27T07:37:47","guid":{"rendered":"https:\/\/fumotxpress.de\/?post_type=product&#038;p=1812"},"modified":"2025-11-28T13:31:37","modified_gmt":"2025-11-28T13:31:37","slug":"adalya-16000-sbuffi-acquista-la-penna-per-vaporizzatori-usa-e-getta-ricaricabile-originale-autentica","status":"publish","type":"product","link":"https:\/\/fumotxpress.de\/it\/prodotto\/adalya-16000-sbuffi-acquista-la-penna-per-vaporizzatori-usa-e-getta-ricaricabile-originale-autentica\/","title":{"rendered":"Adalya 16000 Disposable Vape: Nessun MOQ Quando Acquisti dal Nostro Magazzino Europeo."},"content":{"rendered":"<p>&nbsp;<\/p>\n<article style=\"background-color: #2c2c2c; color: #f1f1f1; padding: 20px; border-radius: 10px;\">\n<h2 style=\"font-family: Arial, sans-serif; color: #ffffff;\">Benvenuti al Festival dei Sapori: Il <a href=\"https:\/\/fumotxpress.de\/it\/w\/\">Adalya 16000<\/a> Puffs Vape!<\/h2>\n<p style=\"font-family: Arial, sans-serif; font-size: 16px; line-height: 1.6; color: #f1f1f1;\">Ehi, amante dei sapori! Stai cercando un vape che sia ricco di sapori famosi in tutto il mondo e che duri per un periodo super, super lungo? Di' ciao al tuo nuovo migliore amico, l'Adalya 16000! Questo fantastico piccolo dispositivo ti offre fino a 16.000 tiri di pura gioia. \u00c8 come avere una festa infinita di nuvole gustose nella tua tasca! \u00c8 perfetto per tutti coloro che amano i leggendari sapori di shisha di Adalya e vogliono un vape incredibilmente facile e divertente da usare.<\/p>\n<p style=\"font-family: Arial, sans-serif; font-size: 16px; line-height: 1.6; color: #f1f1f1;\">Ecco la notizia pi\u00f9 emozionante! Puoi ottenere il tuo Adalya 16000 proprio ora dal nostro fantastico sito web, fumotxpress.de! Siamo un enorme negozio online di gros wholesale di vape usa e getta in Europa. La parte migliore \u00e8 che non devi acquistarne un sacco. Non abbiamo una quantit\u00e0 minima di ordine (questo significa No MOQ!), quindi puoi semplicemente prenderne uno per iniziare il tuo viaggio di scoperta dei sapori. Lo spediamo direttamente dal nostro magazzino europeo, quindi arriver\u00e0 da te in soli 2 a 7 giorni!<\/p>\n<h3 style=\"font-family: Arial, sans-serif; color: #e0e0e0;\">Qual \u00e8 il grande segreto dietro l'awesomeness dell'Adalya 16000?<\/h3>\n<ul style=\"color: #f1f1f1;\">\n<li style=\"font-family: Arial, sans-serif; font-size: 16px; line-height: 1.6;\"><strong>Puffs che continuano a venire!<\/strong> Con un'enorme quantit\u00e0 di 16.000 tiri, questo vape \u00e8 un vero corridore di maratona. Puoi goderti i tuoi sapori preferiti per settimane di fila!<\/li>\n<li style=\"font-family: Arial, sans-serif; font-size: 16px; line-height: 1.6;\"><strong>Un enorme serbatoio di felicit\u00e0:<\/strong> Viene fornito pre-riempito con un gigantesco 20 ml di e-liquid super gustoso. Questo \u00e8 un sacco di deliziosit\u00e0 pronto per te!<\/li>\n<li style=\"font-family: Arial, sans-serif; font-size: 16px; line-height: 1.6;\"><strong>Liscio e Appena Destro:<\/strong> Ha un livello di nicotina 2%, che \u00e8 perfetto per un'esperienza delicata e super soddisfacente.<\/li>\n<li style=\"font-family: Arial, sans-serif; font-size: 16px; line-height: 1.6;\"><strong>Una batteria che non si arrende:<\/strong> La batteria da 650mAh \u00e8 una piccola centrale elettrica! Inoltre, \u00e8 ricaricabile con un cavo di tipo C, quindi puoi essere sicuro di utilizzare ogni ultima goccia del succoso succo all'interno.<\/li>\n<li style=\"font-family: Arial, sans-serif; font-size: 16px; line-height: 1.6;\"><strong>Si sente fantastico tenere in mano:<\/strong> \u00c8 progettato per adattarsi perfettamente alla tua mano, rendendolo un compagno comodo ovunque tu vada.<\/li>\n<li style=\"font-family: Arial, sans-serif; font-size: 16px; line-height: 1.6;\"><strong>Le nuvole pi\u00f9 saporite di sempre:<\/strong> La bobina da 1,2 ohm all'interno \u00e8 come un piccolo chef di sapori, che fa in modo che ogni aspirazione sia piena di puro e meraviglioso gusto dal primo all'ultimo.<\/li>\n<\/ul>\n<h3 style=\"font-family: Arial, sans-serif; color: #e0e0e0;\">Un mondo di sapori famosi ti aspetta!<\/h3>\n<p style=\"font-family: Arial, sans-serif; font-size: 16px; line-height: 1.6; color: #f1f1f1;\">Sii pronto a gustare la leggenda! Adalya \u00e8 conosciuta per i migliori sapori di shisha al mondo, e ora puoi goderteli in questo vaporizzatore super facile. Quale sar\u00e0 il tuo preferito?<\/p>\n<div style=\"font-family: Arial, sans-serif; font-size: 16px; line-height: 1.6; color: #f1f1f1;\">\n<p>1. Punto Menta<\/p>\n<p>2. Lady Killer<\/p>\n<p>3. Notti di Berlino<\/p>\n<p>4. Amore 66<\/p>\n<p>5. Sere Bratskie Moscovskie Vechera<\/p>\n<p>6. Hawaii<\/p>\n<p>7. Il mio amore<\/p>\n<\/div>\n<h3 style=\"font-family: Arial, sans-serif; color: #e0e0e0;\">Vediamo come si posiziona l'Adalya 16000!<\/h3>\n<div style=\"margin: 20px auto; width: 90%; overflow-x: auto;\">\n<table style=\"width: 100%; border-collapse: collapse; font-family: Arial, sans-serif; border-radius: 8px; box-shadow: 0 4px 8px 0 rgba(0,0,0,0.5);\">\n<thead>\n<tr style=\"background-color: #1e1e1e; color: #ffffff;\">\n<th style=\"padding: 12px; text-align: left;\">Funzionalit\u00e0 interessante<\/th>\n<th style=\"padding: 12px; text-align: left; background-color: #87ceeb; color: #ffffff;\">The Amazing Adalya 16000 \n\n(Remaining unchanged as it seems to be a proper noun\/title)<\/th>\n<th style=\"padding: 12px; text-align: left;\">Noiosi Vecchi Vape<\/th>\n<\/tr>\n<\/thead>\n<tbody>\n<tr style=\"background-color: #3d3d3d; color: #f1f1f1;\">\n<td style=\"padding: 12px; border-bottom: 1px solid #555;\">Conteggio di Puff<\/td>\n<td style=\"padding: 12px; border-bottom: 1px solid #555;\">Un super lungo 16.000!<\/td>\n<td style=\"padding: 12px; border-bottom: 1px solid #555;\">Si esaurisce super velocemente<\/td>\n<\/tr>\n<tr style=\"background-color: #4c4c4c; color: #f1f1f1;\">\n<td style=\"padding: 12px; border-bottom: 1px solid #555;\">E-Liquido<\/td>\n<td style=\"padding: 12px; border-bottom: 1px solid #555;\">Un enorme serbatoio di 20ml di divertimento<\/td>\n<td style=\"padding: 12px; border-bottom: 1px solid #555;\">Un carro armato minuscolo<\/td>\n<\/tr>\n<tr style=\"background-color: #3d3d3d; color: #f1f1f1;\">\n<td style=\"padding: 12px; border-bottom: 1px solid #555;\">Batteria<\/td>\n<td style=\"padding: 12px; border-bottom: 1px solid #555;\">Puoi ricaricarlo!<\/td>\n<td style=\"padding: 12px; border-bottom: 1px solid #555;\">Uno e basta<\/td>\n<\/tr>\n<tr style=\"background-color: #4c4c4c; color: #f1f1f1;\">\n<td style=\"padding: 12px;\">Acquisto su fumotxpress.de<\/td>\n<td style=\"padding: 12px;\">Acquista solo uno, niente preoccupazioni!<\/td>\n<td style=\"padding: 12px;\">Devi comprare una scatola intera<\/td>\n<\/tr>\n<\/tbody>\n<\/table>\n<\/div>\n<h3 style=\"font-family: Arial, sans-serif; color: #e0e0e0;\">Hai delle domande? Abbiamo le risposte!<\/h3>\n<div style=\"font-family: Arial, sans-serif; font-size: 16px; line-height: 1.6;\">\n<div style=\"background-color: #223344; border-left: 5px solid #87CEEB; padding: 15px; margin-bottom: 10px; border-radius: 5px; color: #ffffff;\">\n<p><strong>Come inizio il divertimento?<\/strong>\u00c8 pi\u00f9 facile che mangiare un biscotto! Basta prendere una piccola boccata dall'alto e si accende come per magia. Nessun pulsante, niente di complicato, solo divertimento!<\/p>\n<\/div>\n<div style=\"background-color: #223344; border-left: 5px solid #87CEEB; padding: 15px; margin-bottom: 10px; border-radius: 5px; color: #ffffff;\">\n<p><strong>Come faccio a sapere quando caricare la batteria?<\/strong>Molti di questi vapes hanno una piccola luce o schermo carino che ti avvisa quando la batteria sta per addormentarsi. Basta collegare un cavo di tipo C e sar\u00e0 sveglio e pronto per altre avventure in pochissimo tempo!<\/p>\n<\/div>\n<div style=\"background-color: #223344; border-left: 5px solid #87CEEB; padding: 15px; margin-bottom: 10px; border-radius: 5px; color: #ffffff;\">\n<p><strong>Perch\u00e9 dovrei comprare da fumotxpress.de?<\/strong>Perch\u00e9 siamo i vostri migliori amici per le vape in Europa! Spediamo il vostro ordine dal nostro magazzino europeo, quindi arriva da voi super velocemente (in 2-7 giorni). E poich\u00e9 non abbiamo un MOQ, potete ordinare anche solo uno. \u00c8 il modo pi\u00f9 facile, veloce e divertente per ottenere la vostra Adalya vape!<\/p>\n<\/div>\n<div style=\"background-color: #223344; border-left: 5px solid #87CEEB; padding: 15px; margin-bottom: 10px; border-radius: 5px; color: #ffffff;\">\n<p><strong>Posso riempirlo con altri sapori?<\/strong>Questo \u00e8 un vaporizzatore usa e getta, il che significa che viene fornito pronto per l'uso con il suo speciale sapore gi\u00e0 all'interno. Non devi preoccuparti di fastidiosi rifornimenti. Quando \u00e8 tutto finito, puoi<\/p>\n<p>Inizia subito una nuova avventura di sapori con una nuovissima!<\/p>\n<p><img loading=\"lazy\" decoding=\"async\" class=\"alignnone size-full wp-image-4631\" src=\"https:\/\/fumotxpress.de\/wp-content\/uploads\/2024\/11\/ADALYA-TWO-APPLES-16000-PUFFS.webp\" alt=\"ADALYA-DUE-MELI-16000-PUFFS\" width=\"984\" height=\"985\" srcset=\"https:\/\/fumotxpress.de\/wp-content\/uploads\/2024\/11\/ADALYA-TWO-APPLES-16000-PUFFS.webp 984w, https:\/\/fumotxpress.de\/wp-content\/uploads\/2024\/11\/ADALYA-TWO-APPLES-16000-PUFFS-300x300.webp 300w, https:\/\/fumotxpress.de\/wp-content\/uploads\/2024\/11\/ADALYA-TWO-APPLES-16000-PUFFS-150x150.webp 150w, https:\/\/fumotxpress.de\/wp-content\/uploads\/2024\/11\/ADALYA-TWO-APPLES-16000-PUFFS-768x769.webp 768w, https:\/\/fumotxpress.de\/wp-content\/uploads\/2024\/11\/ADALYA-TWO-APPLES-16000-PUFFS-12x12.webp 12w, https:\/\/fumotxpress.de\/wp-content\/uploads\/2024\/11\/ADALYA-TWO-APPLES-16000-PUFFS-247x247.webp 247w, https:\/\/fumotxpress.de\/wp-content\/uploads\/2024\/11\/ADALYA-TWO-APPLES-16000-PUFFS-600x601.webp 600w, https:\/\/fumotxpress.de\/wp-content\/uploads\/2024\/11\/ADALYA-TWO-APPLES-16000-PUFFS-100x100.webp 100w\" sizes=\"auto, (max-width: 984px) 100vw, 984px\" \/><\/p>\n<\/div>\n<\/div>\n<\/article>","protected":false},"excerpt":{"rendered":"<p><strong class=\"ng-star-inserted\"><span class=\"ng-star-inserted\">Adalya 16000: Il Vape Monouso Longeva per gli Amanti dei Sapori<\/span><\/strong><\/p>","protected":false},"featured_media":1811,"comment_status":"open","ping_status":"closed","template":"","meta":{"om_disable_all_campaigns":false},"product_brand":[],"product_cat":[33,91,92,94,96,97,99,100,101,103,104,107,108,109,111,112,78,79,80,81,82,83,84,85,86,87,88,89,90,70,75,56,61,63,65,67],"product_tag":[],"class_list":{"0":"post-1812","1":"product","2":"type-product","3":"status-publish","4":"has-post-thumbnail","6":"product_cat-adalya-disposable-vapes","7":"product_cat-buy-best-disposable-vape-flavors","8":"product_cat-apple-flavor-disposable-vapes","9":"product_cat-blueberry-flavor-disposable-vapes","10":"product_cat-cola-flavor-disposable-vapes","11":"product_cat-grape-flavor-disposable-vapes","12":"product_cat-ice-flavor-disposable-vapes","13":"product_cat-kiwi-flavor-disposable-vapes","14":"product_cat-lemon-flavor-disposable-vapes","15":"product_cat-mango-flavor-disposable-vapes","16":"product_cat-mint-flavor-disposable-vapes","17":"product_cat-peach-flavor-disposable-vapes","18":"product_cat-pineapple-flavor-disposable-vapes","19":"product_cat-raspberry-flavor-disposable-vapes","20":"product_cat-strawberry-flavor-disposable-vapes","21":"product_cat-watermelon-flavor-disposable-vapes","22":"product_cat-best-disposable-vape-in-europe","23":"product_cat-buy-disposable-vapes-in-austria","24":"product_cat-buy-disposable-vapes-in-belgium","25":"product_cat-buy-disposable-vapes-in-france","26":"product_cat-buy-disposable-vapes-in-germany","27":"product_cat-buy-disposable-vapes-in-italy","28":"product_cat-buy-disposable-vapes-in-netherlands","29":"product_cat-buy-disposable-vapes-in-norway","30":"product_cat-buy-disposable-vapes-in-poland","31":"product_cat-buy-disposable-vapes-in-portugal","32":"product_cat-buy-disposable-vapes-in-spain","33":"product_cat-buy-disposable-vapes-in-sweden","34":"product_cat-buy-disposable-vapes-in-switzerland","35":"product_cat-shop-disposable-vapes-by-puffs","36":"product_cat-16000-puff-disposable-vape","37":"product_cat-disposable-vape-types","38":"product_cat-big-puffs-disposable-vapes","39":"product_cat-digital-box-disposable-vapes","40":"product_cat-lower-nicotine-disposable-vapes","41":"product_cat-rechargeable-disposable-vapes","43":"first","44":"instock","45":"shipping-taxable","46":"purchasable","47":"product-type-variable","48":"has-default-attributes"},"_links":{"self":[{"href":"https:\/\/fumotxpress.de\/it\/wp-json\/wp\/v2\/product\/1812","targetHints":{"allow":["GET"]}}],"collection":[{"href":"https:\/\/fumotxpress.de\/it\/wp-json\/wp\/v2\/product"}],"about":[{"href":"https:\/\/fumotxpress.de\/it\/wp-json\/wp\/v2\/types\/product"}],"replies":[{"embeddable":true,"href":"https:\/\/fumotxpress.de\/it\/wp-json\/wp\/v2\/comments?post=1812"}],"wp:featuredmedia":[{"embeddable":true,"href":"https:\/\/fumotxpress.de\/it\/wp-json\/wp\/v2\/media\/1811"}],"wp:attachment":[{"href":"https:\/\/fumotxpress.de\/it\/wp-json\/wp\/v2\/media?parent=1812"}],"wp:term":[{"taxonomy":"product_brand","embeddable":true,"href":"https:\/\/fumotxpress.de\/it\/wp-json\/wp\/v2\/product_brand?post=1812"},{"taxonomy":"product_cat","embeddable":true,"href":"https:\/\/fumotxpress.de\/it\/wp-json\/wp\/v2\/product_cat?post=1812"},{"taxonomy":"product_tag","embeddable":true,"href":"https:\/\/fumotxpress.de\/it\/wp-json\/wp\/v2\/product_tag?post=1812"}],"curies":[{"name":"wp","href":"https:\/\/api.w.org\/{rel}","templated":true}]}}