{"id":1280,"date":"2024-11-09T09:06:45","date_gmt":"2024-11-09T09:06:45","guid":{"rendered":"https:\/\/fumotxpress.de\/?page_id=1280"},"modified":"2024-11-09T09:06:45","modified_gmt":"2024-11-09T09:06:45","slug":"come-acquistare-vaporizzatori-usa-e-getta-su-fumotxpress","status":"publish","type":"page","link":"https:\/\/fumotxpress.de\/it\/come-acquistare-vaporizzatori-usa-e-getta-su-fumotxpress\/","title":{"rendered":"Come acquistare vaporizzatori usa e getta su Fumotxpress"},"content":{"rendered":"<p>Benvenuti su Fumotxpress \u2013 la vostra fonte affidabile per vaporizzatori monouso premium consegnati velocemente e in sicurezza in tutta Europa. Che siate un esperto di vaporizzazione o nuovi nel mondo dei vaporizzatori monouso, fare acquisti con noi \u00e8 semplice e conveniente. Seguite questi semplici passaggi per effettuare il vostro ordine e godervi prodotti di vaporizzazione di alta qualit\u00e0 di marche rinomate come Al Fakher, Fizzy, SMPO DL02 e OBEELAB HHC.<\/p>\n<h4>1. <strong>Sfoglia la nostra vasta collezione di Vape<\/strong><\/h4>\n<p>Inizia esplorando la nostra ampia selezione di sigarette elettroniche usa e getta. Offriamo una variet\u00e0 di sapori e livelli di nicotina, tutti provenienti da alcuni dei marchi pi\u00f9 rispettati del settore. Che tu stia cercando opzioni morbide e fruttate o qualcosa di pi\u00f9 esotico, abbiamo qualcosa per tutti. Basta navigare attraverso le categorie dei nostri prodotti, dove troverai:<\/p>\n<ul>\n<li><strong>Al Fakher<\/strong>: Nota per i suoi sapori ricchi e autentici.<\/li>\n<li><strong>Fizzy<\/strong>Una scelta premium per un'esperienza di svapo rinfrescante.<\/li>\n<li><strong>SMPO DL02<\/strong>: Per coloro che cercano un'esperienza fluida e soddisfacente.<\/li>\n<li><strong>OBEELAB HHC<\/strong>: Un dispositivo di svapo monouso all'avanguardia e di alta qualit\u00e0 con un'esperienza unica.<\/li>\n<\/ul>\n<p>Ogni elenco di prodotti include descrizioni dettagliate, opzioni di gusto e prezzi in modo da poter prendere una decisione informata.<\/p>\n<h4>2. <strong>Scegli le Quantit\u00e0 Desiderate<\/strong><\/h4>\n<p>Una volta selezionate le tue vape monouso preferite, puoi scegliere la quantit\u00e0 che desideri acquistare. Su Fumotxpress non richiediamo un ordine minimo: che tu voglia solo una vape o diverse, la scelta \u00e8 interamente tua. Aggiungi le tue selezioni al carrello degli acquisti e sarai pronto a passare al passo successivo.<\/p>\n<h4>3. <strong>Prosegui verso il Checkout<\/strong><\/h4>\n<p>Quando sei pronto per completare l'acquisto, vai semplicemente alla pagina di checkout. Qui, ti verr\u00e0 chiesto di fornire i tuoi dati di spedizione, inclusi nome, indirizzo e informazioni di contatto. Assicurati che tutto sia corretto per garantire una consegna rapida e precisa. Se stai spedendo all'interno della Germania o dell'UE pi\u00f9 ampio, assicurati di prendere nota delle nostre offerte di spedizione gratuita:<\/p>\n<ul>\n<li><strong>Spedizione gratuita in Germania<\/strong> su ordini superiori a \u20ac49,99.<\/li>\n<li><strong>Spedizione gratuita all'interno dell'UE<\/strong> su ordini superiori a \u20ac99,99.<\/li>\n<\/ul>\n<h4>4. <strong>Seleziona il Metodo di Pagamento<\/strong><\/h4>\n<p>In Fumotxpress, offriamo molteplici opzioni di pagamento sicure per garantire una transazione facile e conveniente:<\/p>\n<ul>\n<li><strong>PayPal<\/strong>: Veloce e sicuro, con protezione per l'acquirente.<\/li>\n<li><strong>Criptovaluta<\/strong>: Per coloro che preferiscono utilizzare valuta digitale.<\/li>\n<li><strong>Bonifico bancario SEPA<\/strong>: Disponibile per i clienti nell'UE, fornisce un'opzione di bonifico bancario affidabile.<\/li>\n<\/ul>\n<p>Una volta selezionato il metodo di pagamento, seguire le istruzioni per completare il pagamento in modo sicuro.<\/p>\n<h4>5. <strong>Goditi una Spedizione Veloce e Affidabile<\/strong><\/h4>\n<p>Una volta che l'ordine \u00e8 stato effettuato e il pagamento \u00e8 stato confermato, il nostro team elaborer\u00e0 e spedir\u00e0 rapidamente i prodotti dal nostro magazzino europeo. Comprendiamo quanto sia importante ricevere i prodotti in tempo, motivo per cui ci impegniamo a consegnare entro <strong>3-7 giorni<\/strong>.<\/p>\n<ul>\n<li><strong>Spedizione gratuita<\/strong>: Goditi la spedizione gratuita in Germania sugli ordini superiori a \u20ac49,99 e in tutta l'UE sugli ordini superiori a \u20ac99,99.<\/li>\n<li><strong>Rilevamento \n Seguimiento \n Monitoraggio \n Controllo \n Rintracciamento \n Localizzazione \n Segn \n Monitorage \n Tracciamento \n Tracciabilit\u00e0<\/strong>: Riceverai i dettagli di tracciamento una volta spedito l'ordine, in modo da poter seguire la sua progressione fino alla tua porta.<\/li>\n<\/ul>\n<h4>6. <strong>Supporto Clienti \u2013 Siamo Qui per Te<\/strong><\/h4>\n<p>Se hai domande o hai bisogno di assistenza durante la tua esperienza di acquisto, il nostro team di servizio clienti \u00e8 sempre pronto ad aiutarti. Puoi contattarci via email all'indirizzo <strong><a rel=\"noopener\">info@fumotxpress.de<\/a><\/strong>Sia che tu abbia bisogno di aiuto per scegliere un prodotto, per tracciare il tuo ordine o per qualsiasi altra richiesta, siamo qui per assicurare che la tua esperienza sia il pi\u00f9 semplice possibile.<\/p>\n<hr \/>\n<h3>Perch\u00e9 scegliere Fumotxpress?<\/h3>\n<ul>\n<li><strong>Prodotti Premium<\/strong>Offriamo solo le migliori vape monouso di marche fidate, garantendo un'esperienza di alta qualit\u00e0 ad ogni acquisto.<\/li>\n<li><strong>Consegna Rapida<\/strong>: Con il nostro efficiente sistema di spedizione, puoi aspettarti che il tuo ordine arrivi entro 3-7 giorni in tutta Europa.<\/li>\n<li><strong>Opzioni di pagamento flessibili<\/strong>: Pagare con PayPal, criptovaluta o bonifico bancario SEPA per una transazione senza problemi.<\/li>\n<li><strong>Nessun ordine minimo<\/strong>: Sia che tu abbia bisogno di un singolo dispositivo di svapo usa e getta o di pi\u00f9, non abbiamo alcun requisito di ordine minimo.<\/li>\n<\/ul>\n<hr \/>\n<p>Goditi la tua esperienza di shopping da Fumotxpress, dove la convenienza incontra la qualit\u00e0. Siamo entusiasti di soddisfare le tue esigenze di svapo con i migliori prodotti, consegna rapida e un eccellente servizio clienti.<\/p>","protected":false},"excerpt":{"rendered":"<p>Benvenuti su Fumotxpress \u2013 la vostra fonte affidabile per vaporizzatori monouso premium consegnati velocemente e in sicurezza in tutta Europa. Che siate un esperto di vaporizzazione o nuovi nel mondo dei vaporizzatori monouso, fare acquisti con noi \u00e8 semplice e conveniente. Seguite questi semplici passaggi per effettuare il vostro ordine e godervi prodotti di vaporizzazione di alta qualit\u00e0 di marche rinomate come [\u2026]","protected":false},"author":1,"featured_media":0,"parent":0,"menu_order":0,"comment_status":"closed","ping_status":"closed","template":"page-blank-title-center.php","meta":{"om_disable_all_campaigns":false,"footnotes":""},"class_list":["post-1280","page","type-page","status-publish","hentry"],"_links":{"self":[{"href":"https:\/\/fumotxpress.de\/it\/wp-json\/wp\/v2\/pages\/1280","targetHints":{"allow":["GET"]}}],"collection":[{"href":"https:\/\/fumotxpress.de\/it\/wp-json\/wp\/v2\/pages"}],"about":[{"href":"https:\/\/fumotxpress.de\/it\/wp-json\/wp\/v2\/types\/page"}],"author":[{"embeddable":true,"href":"https:\/\/fumotxpress.de\/it\/wp-json\/wp\/v2\/users\/1"}],"replies":[{"embeddable":true,"href":"https:\/\/fumotxpress.de\/it\/wp-json\/wp\/v2\/comments?post=1280"}],"version-history":[{"count":0,"href":"https:\/\/fumotxpress.de\/it\/wp-json\/wp\/v2\/pages\/1280\/revisions"}],"wp:attachment":[{"href":"https:\/\/fumotxpress.de\/it\/wp-json\/wp\/v2\/media?parent=1280"}],"curies":[{"name":"wp","href":"https:\/\/api.w.org\/{rel}","templated":true}]}}