{"id":801,"date":"2024-11-05T07:33:45","date_gmt":"2024-11-05T07:33:45","guid":{"rendered":"https:\/\/fumotxpress.de\/?post_type=product&#038;p=801"},"modified":"2025-07-16T07:27:51","modified_gmt":"2025-07-16T07:27:51","slug":"europai-raktar-smpo-dl02-10000-puff-alacsony-nikotin-vasarlas-eredeti-autentikus-ujratoltheto-eldobhato-vapes-toll-egesz-doboz","status":"publish","type":"product","link":"https:\/\/fumotxpress.de\/hu\/termek\/europai-raktar-smpo-dl02-10000-puff-alacsony-nikotin-vasarlas-eredeti-autentikus-ujratoltheto-eldobhato-vapes-toll-egesz-doboz\/","title":{"rendered":"Eur\u00f3pai Rakt\u00e1r Shisha SMPO DL02 10000 Puff Low Nikotin V\u00e1s\u00e1roljon Eredeti Hiteles \u00dajrat\u00f6lthet\u0151 Eldobhat\u00f3 Vape Pen - teljes doboz"},"content":{"rendered":"<h2><img loading=\"lazy\" decoding=\"async\" class=\"alignnone size-full wp-image-802\" src=\"https:\/\/fumotxpress.de\/wp-content\/uploads\/2024\/11\/SMPO-DL02-product-profile_00-2048x1152-1.webp\" alt=\"SMPO-DL02-term\u00e9kprofil\" width=\"2048\" height=\"1152\" srcset=\"https:\/\/fumotxpress.de\/wp-content\/uploads\/2024\/11\/SMPO-DL02-product-profile_00-2048x1152-1.webp 2048w, https:\/\/fumotxpress.de\/wp-content\/uploads\/2024\/11\/SMPO-DL02-product-profile_00-2048x1152-1-600x338.webp 600w, https:\/\/fumotxpress.de\/wp-content\/uploads\/2024\/11\/SMPO-DL02-product-profile_00-2048x1152-1-300x169.webp 300w, https:\/\/fumotxpress.de\/wp-content\/uploads\/2024\/11\/SMPO-DL02-product-profile_00-2048x1152-1-1024x576.webp 1024w, https:\/\/fumotxpress.de\/wp-content\/uploads\/2024\/11\/SMPO-DL02-product-profile_00-2048x1152-1-768x432.webp 768w, https:\/\/fumotxpress.de\/wp-content\/uploads\/2024\/11\/SMPO-DL02-product-profile_00-2048x1152-1-1536x864.webp 1536w\" sizes=\"auto, (max-width: 2048px) 100vw, 2048px\" \/><\/h2>\n<h2>Eur\u00f3pai Rakt\u00e1r SMPO DL02 10000 Puff Rechargeable Eldobhat\u00f3 Vape Toll: Pr\u00e9mium G\u0151z\u00f6l\u00e9si \u00c9lvezet N\u00e9metorsz\u00e1g G\u0151z\u00f6l\u00e9s Szerelmeseinek<\/h2>\n<p>A FumotXpress-en, N\u00e9metorsz\u00e1g legnagyobb online kiskereskedelmi platformj\u00e1n az eldobhat\u00f3 vaperek sz\u00e1m\u00e1ra, izgatottan mutatjuk be <strong>S<a href=\"https:\/\/fumotxpress.de\/hu\/termek\/europai-raktar-smpo-dl02-10000-puff-alacsony-nikotin-vasarlas-eredeti-autentikus-ujratoltheto-eldobhato-vapes-toll-egesz-doboz\/\">MPOShashi DL02 10000 Puffs \u00dajrat\u00f6lthet\u0151 Eldobhat\u00f3 Vape Toll<\/a><\/strong>A kompromisszumok n\u00e9lk\u00fcli, fels\u0151 kateg\u00f3ri\u00e1s g\u0151z\u00f6l\u00e9si teljes\u00edtm\u00e9nyt keres\u0151k sz\u00e1m\u00e1ra tervezett SMPO DL02 ak\u00e1r 10 000 sz\u00edv\u00e1st is biztos\u00edt pr\u00e9mium \u00edzzel \u00e9s egyenletes g\u0151ztermel\u00e9ssel. Ak\u00e1r tapasztalt g\u0151z\u00f6l\u0151 vagy, ak\u00e1r csak most kezded a g\u0151z\u00f6l\u00e9si utaz\u00e1sodat, ez az eszk\u00f6z \u00fagy van tervezve, hogy az els\u0151 sz\u00edv\u00e1st\u00f3l az utols\u00f3ig kiv\u00e9teles \u00e9lm\u00e9nyt ny\u00fajtson.<\/p>\n<p>Ez a term\u00e9k k\u00e9nyelmes, nagy mennyis\u00e9g\u0171 csomagokban kaphat\u00f3, lehet\u0151v\u00e9 t\u00e9ve, hogy hosszabb ideig haszn\u00e1lja, vagy kiskereskedelmi c\u00e9lra k\u00e9szletet halmozzon fel. Nincs minim\u00e1lis rendel\u00e9si mennyis\u00e9g, \u00e9s gyors sz\u00e1ll\u00edt\u00e1s eur\u00f3pai rakt\u00e1runkb\u00f3l,<a href=\"https:\/\/fumotxpress.de\/hu\/\"> FumotXpress<\/a> biztos\u00edtja, hogy g\u0151z\u00f6l\u00e9si ig\u00e9nyei gyorsan \u00e9s hat\u00e9konyan legyenek kiel\u00e9g\u00edtve az EU-ban.<\/p>\n<h3>Mi\u00e9rt v\u00e1lassza az SMPO DL02 eldobhat\u00f3 vape tollat?<\/h3>\n<p>A <strong><a href=\"https:\/\/fumotxpress.de\/hu\/\">SMPO<\/a> Shisha DL02<\/strong> kiemelkedik az eldobhat\u00f3 vape tollak k\u00f6z\u00fcl figyelemrem\u00e9lt\u00f3 tart\u00f3ss\u00e1g\u00e1val \u00e9s \u00e9lvonalbeli funkci\u00f3ival. Ez az eszk\u00f6z \u00fagy van kialak\u00edtva, hogy z\u00f6kken\u0151mentes vape-\u00e9lm\u00e9nyt ny\u00fajtson hossz\u00fa \u00e9lettartam\u00fa teljes\u00edtm\u00e9nnyel \u00e9s kiel\u00e9g\u00edt\u0151 \u00edzv\u00e1laszt\u00e9kkal. Itt van, mi\u00e9rt a <strong>SMPO Shisha DL02<\/strong> egy fels\u0151 v\u00e1laszt\u00e1s a g\u0151z\u00f6l\u0151k sz\u00e1m\u00e1ra:<\/p>\n<ul>\n<li><strong>10 000 Puff kapacit\u00e1s<\/strong>: Az SMPO DL02 ak\u00e1r 10 000 f\u00faj\u00e1st is biztos\u00edt k\u00e9sz\u00fcl\u00e9kenk\u00e9nt, \u00edgy az egyik leghosszabb \u00e9lettartam\u00fa \u00e9lm\u00e9nyt ny\u00fajtja az eldobhat\u00f3 vape kateg\u00f3ri\u00e1ban. Ez a megn\u00f6velt kapacit\u00e1s biztos\u00edtja, hogy hosszabb ideig \u00e9lvezhesse a vape-ot an\u00e9lk\u00fcl, hogy gyakran kellene cser\u00e9lnie.<\/li>\n<li><strong>750mAh \u00dajrat\u00f6lthet\u0151 Akkumul\u00e1tor<\/strong>: A er\u0151s, \u00fajrat\u00f6lthet\u0151 akkumul\u00e1tor megb\u00edzhat\u00f3 teljes\u00edtm\u00e9nyt biztos\u00edt az eszk\u00f6z teljes \u00e9letciklus\u00e1ban. Egyszer\u0171en t\u00f6ltse \u00fajra USB-C-n kereszt\u00fcl a folyamatos haszn\u00e1lat \u00e9rdek\u00e9ben.<\/li>\n<li><strong>CRUX Sz\u00e1raz H\u0151v\u00e9delem Technol\u00f3gia<\/strong>: Ez az innovat\u00edv funkci\u00f3 megakad\u00e1lyozza a t\u00falmeleged\u00e9st, \u00e9s biztos\u00edtja, hogy az \u00d6n vape-ja minden sz\u00edv\u00e1sn\u00e1l egyenletes \u00edzt produk\u00e1ljon.<\/li>\n<li><strong>0,6\u03a9 h\u00e1l\u00f3s tekercs<\/strong>A h\u00e1l\u00f3 tekercs gyors f\u0171t\u00e9st \u00e9s sima p\u00e1r\u00e1t biztos\u00edt, optimaliz\u00e1lva az energiafogyaszt\u00e1st egy hosszabb \u00e9lettartam\u00fa \u00e9s hat\u00e9konyabb g\u0151z\u00f6l\u00e9si \u00e9lm\u00e9ny \u00e9rdek\u00e9ben.<\/li>\n<li><strong>20ml e-folyad\u00e9k kapacit\u00e1s<\/strong>: A SMPO DL02 nagy mennyis\u00e9g\u0171 e-folyad\u00e9k tart\u00e1llyal rendelkezik, biztos\u00edtva, hogy hossz\u00fa \u00e9s \u00e9lvezetes haszn\u00e1lati id\u0151szakokhoz elegend\u0151 folyad\u00e9kkal rendelkezzen, \u00edgy az ut\u00e1nt\u00f6lt\u00e9sek a m\u00falt\u00e9 lesznek.<\/li>\n<li><strong>\u00c1ll\u00edthat\u00f3 l\u00e9g\u00e1raml\u00e1s szab\u00e1lyoz\u00e1s<\/strong>: Szem\u00e9lyre szabhatja g\u0151z\u00f6l\u00e9si \u00e9lm\u00e9ny\u00e9t a szab\u00e1lyozhat\u00f3 l\u00e9g\u00e1raml\u00e1ssal, amely lehet\u0151v\u00e9 teszi a g\u0151z s\u0171r\u0171s\u00e9g\u00e9nek testreszab\u00e1s\u00e1t az \u00d6n preferenci\u00e1i szerint, legyen sz\u00f3 ak\u00e1r finom \u00fct\u00e9sekr\u0151l, ak\u00e1r vastag felh\u0151kr\u0151l.<\/li>\n<li><strong>Ergonomikus \u00e9s kompakt kialak\u00edt\u00e1s<\/strong>A karcs\u00fa, ergon\u00f3mikus kialak\u00edt\u00e1s k\u00e9nyelmesen tartja \u00e9s k\u00f6nnyen hordozhat\u00f3v\u00e1 teszi az SMPO DL02-t, ide\u00e1lis utaz\u00e1shoz.<\/li>\n<\/ul>\n<h3>SMPO DL02 \u2013 Egy pr\u00e9mium v\u00e1laszt\u00e1s a vaperek sz\u00e1m\u00e1ra<\/h3>\n<p>A <strong><a href=\"https:\/\/fumotxpress.de\/hu\/\">SMPOShisha DL02<\/a> 10000 Puffs Eldobhat\u00f3 Vape Toll<\/strong> \u00fagy k\u00e9sz\u00fclt, hogy megfeleljen a modern g\u0151z\u00f6l\u0151k ig\u00e9nyeinek, akik a teljes\u00edtm\u00e9nyt, az \u00edzt \u00e9s a k\u00e9nyelmet helyezik el\u0151t\u00e9rbe. Ak\u00e1r alkalmi g\u0151z\u00f6l\u0151 vagy rendszeres felhaszn\u00e1l\u00f3, ez az e-cigaretta toll garant\u00e1lja a kiel\u00e9g\u00edt\u00e9st a tart\u00f3s konstrukci\u00f3 \u00e9s az innovat\u00edv funkci\u00f3k \u00f6tv\u00f6z\u00e9s\u00e9vel.<\/p>\n<p>At <a href=\"https:\/\/fumotxpress.de\/hu\/\"><strong>FumotXpress<\/strong><\/a>B\u00fcszk\u00e9k vagyunk arra, hogy ezt a pr\u00e9mium term\u00e9ket k\u00f6zvetlen\u00fcl megb\u00edzhat\u00f3 gy\u00e1rt\u00f3kt\u00f3l szerezz\u00fck be. Nagy mennyis\u00e9gben is megv\u00e1s\u00e1rolhatja, nincs minim\u00e1lis rendel\u00e9si mennyis\u00e9g, \u00edgy kiv\u00e1l\u00f3 v\u00e1laszt\u00e1s mind az egy\u00e9ni felhaszn\u00e1l\u00f3k, mind a kiskereskedelmi csoportok sz\u00e1m\u00e1ra. K\u00f6zvetlen\u00fcl eur\u00f3pai rakt\u00e1runkb\u00f3l sz\u00e1ll\u00edtunk, biztos\u00edtva a gyors sz\u00e1ll\u00edt\u00e1si id\u0151ket 3-7 napon bel\u00fcl az EU-ban.<\/p>\n<h3>\u00cdzvil\u00e1g: Gazdag \u00cdzek Sk\u00e1l\u00e1ja<\/h3>\n<p>A <strong>SMPO DL02<\/strong> Az eldobhat\u00f3 vape toll sz\u00e9les sk\u00e1l\u00e1j\u00fa \u00edzekben kaphat\u00f3, lehet\u0151v\u00e9 t\u00e9ve, hogy minden egyes f\u00faj\u00e1sn\u00e1l \u00faj vapel\u00e9si \u00e9lm\u00e9nyt \u00e9lvezhessen. Az al\u00e1bbiakban r\u00e9szletes \u00e1ttekint\u00e9st adunk a k\u00fcl\u00f6nb\u00f6z\u0151 \u00edzprofilokr\u00f3l, amelyek k\u00f6z\u00fcl v\u00e1laszthat:<\/p>\n<ol>\n<li><strong>Mango Juice \nnem sz\u00fcks\u00e9ges ford\u00edt\u00e1s \nvagy \nMango l\u00e9<\/strong><br \/>\nEz a tr\u00f3pusi \u00edz a \u00e9rett mang\u00f3k \u00e9dess\u00e9g\u00e9vel robban, friss\u00edt\u0151, egzotikus \u00edzt k\u00edn\u00e1lva, amely egyenesen egy naps\u00fct\u00f6tte tengerpartra rep\u00edt. T\u00f6k\u00e9letes azok sz\u00e1m\u00e1ra, akik gy\u00fcm\u00f6lcs\u00f6s, \u00e9des \u00e9lm\u00e9nyre v\u00e1gynak.<\/li>\n<li><strong>Mogyor\u00f3kr\u00e9m<\/strong><br \/>\nEgyedi \u00e9s enged\u00e9keny \u00edz, amely \u00f6tv\u00f6zi a mogyor\u00f3vaj kr\u00e9mes, di\u00f3s gazdags\u00e1g\u00e1t egy sima befejez\u00e9ssel. Ide\u00e1lis azok sz\u00e1m\u00e1ra, akik \u00e9rt\u00e9kelik a t\u00f6bbet savory g\u0151z\u00f6l\u00e9si \u00e9lm\u00e9nyt, t\u00f6k\u00e9letes a mindennapi haszn\u00e1latra.<\/li>\n<li><strong>Eper J\u00e9gkr\u00e9m<\/strong><br \/>\n\u00c9des \u00e9s kr\u00e9mes kever\u00e9ke friss epernek \u00e9s selymes fagylaltnak, ez az \u00edz kiel\u00e9g\u00edt\u0151 desszert\u00e9lm\u00e9nyt ny\u00fajt. Ez egy sima \u00e9s friss\u00edt\u0151 lehet\u0151s\u00e9g, amely gy\u00fcm\u00f6lcs\u00f6s \u00e9s kr\u00e9mes jegyek kellemes egyens\u00faly\u00e1t biztos\u00edtja.<\/li>\n<li><strong>Citromos Cukorka<\/strong><br \/>\nHa a citrus \u00edzek kedvel\u0151je, ez a pik\u00e1ns, fanyar citrom \u00edz, keverve egy cukros \u00e9desess\u00e9ggel, hagyja majd, hogy \u00edzlel\u0151bimb\u00f3i bizseregjenek. T\u00f6k\u00e9letes v\u00e1laszt\u00e1s azok sz\u00e1m\u00e1ra, akik egy friss, \u00e9les \u00edzprofilt kedvelnek, \u00e9des befejez\u00e9ssel.<\/li>\n<li><strong>Vegyes Bogy\u00f3k<\/strong><br \/>\nEgy \u00e9l\u00e9nk, vegyes bogy\u00f3s gy\u00fcm\u00f6lcs\u00f6kb\u0151l \u00e1ll\u00f3 v\u00e1logat\u00e1s, ez az \u00edz egyes\u00edti az \u00e9des epret, a savany\u00fa m\u00e1ln\u00e1t \u00e9s a l\u00e9d\u00fas \u00e1fony\u00e1t. Ez egy t\u00f6k\u00e9letes egyens\u00faly a gy\u00fcm\u00f6lcs\u00f6s \u00edzek k\u00f6z\u00f6tt, ami egyszerre friss\u00edt\u0151 \u00e9s kiel\u00e9g\u00edt\u0151.<\/li>\n<li><strong>Eper Kivi<\/strong><br \/>\n\u00c9des eper \u00e9s savanyk\u00e1s kivi t\u00f6k\u00e9letes \u00f6tv\u00f6zete, ez a kombin\u00e1ci\u00f3 friss, \u00e9l\u00e9nk \u00edzt k\u00edn\u00e1l, ami egyszerre savanyk\u00e1s \u00e9s \u00e9des. Ez egy k\u00f6z\u00f6ns\u00e9gkedvenc \u00edz, amely ide\u00e1lis a gy\u00fcm\u00f6lcs\u00f6s vape rajong\u00f3knak.<\/li>\n<li><strong>\u00c1fonya Sz\u0151l\u0151<\/strong><br \/>\nEz a dinamikus \u00edz egyes\u00edti a \u00e1fonya fanyars\u00e1g\u00e1t \u00e9s a sz\u0151l\u0151 m\u00e9ly \u00e9dess\u00e9g\u00e9t. Az eredm\u00e9ny egy t\u00f6k\u00e9letesen kiegyens\u00falyozott vape, amely minden f\u00faj\u00e1sn\u00e1l komplexit\u00e1st \u00e9s el\u00e9gedetts\u00e9get ny\u00fajt.<\/li>\n<li><strong>V\u00edzimelon J\u00e9g<\/strong><br \/>\nHa szereted a h\u0171s, friss\u00edt\u0151 \u00edzeket, <strong>V\u00edzimelon J\u00e9g<\/strong> pontosan tal\u00e1lat lesz. A g\u00f6r\u00f6gdinnye l\u00e9d\u00fas, \u00e9des \u00edz\u00e9t egy h\u0171s\u00edt\u0151, j\u00e9ghideg befejez\u00e9s eg\u00e9sz\u00edti ki, ami t\u00f6k\u00e9letes a forr\u00f3 napokra vagy amikor csak valami k\u00f6nny\u0171 \u00e9s friss\u00edt\u0151re v\u00e1gysz.<\/li>\n<li><strong>K\u00e9k\u00e1fonya J\u00e9g<\/strong><br \/>\nEz az \u00edz \u00e9rett \u00e1fony\u00e1val \u00e9s egy ropog\u00f3s, h\u0171s mentolos robban\u00e1ssal \u00f6tv\u00f6z\u0151dik. Az eredm\u00e9ny egy sima, friss\u00edt\u0151 vape, \u00e9des gy\u00fcm\u00f6lcs\u00f6s alappal \u00e9s ment\u00e1s befejez\u00e9ssel, ami t\u00f6k\u00e9letes eg\u00e9sz napos vape-hez.<\/li>\n<li><strong>Van\u00edlia doh\u00e1ny<\/strong><br \/>\nA klasszikus \u00edzvil\u00e1got el\u0151nyben r\u00e9szes\u00edt\u0151k sz\u00e1m\u00e1ra, <strong>Van\u00edlia doh\u00e1ny<\/strong> er\u0151s doh\u00e1ny \u00e9s a van\u00edlia finom \u00e9dess\u00e9ge sima, gazdag kombin\u00e1ci\u00f3j\u00e1t k\u00edn\u00e1lja. Ez egy kifinomult \u00e9s kiegyens\u00falyozott \u00edz, amely t\u00f6k\u00e9letes azok sz\u00e1m\u00e1ra, akik egy hagyom\u00e1nyosabb vapet szeretnek egy kis \u00e9dess\u00e9ggel.<\/li>\n<\/ol>\n<h3>Mi\u00e9rt v\u00e1s\u00e1rolja meg az SMPO DL02 eldobhat\u00f3 vape tollat?<\/h3>\n<p>T\u00f6bb oka van annak, mi\u00e9rt a <strong>SMPO DL02 10000 Puffs Eldobhat\u00f3 Vape Toll<\/strong> kiv\u00e1l\u00f3 v\u00e1laszt\u00e1s az \u00d6n g\u0151z\u00f6l\u00e9si ig\u00e9nyeinek kiel\u00e9g\u00edt\u00e9s\u00e9re:<\/p>\n<ul>\n<li><strong>Tart\u00f3s Teljes\u00edtm\u00e9ny<\/strong>: Leny\u0171g\u00f6z\u0151, 10 000 f\u00faj\u00e1sos kapacit\u00e1s\u00e1val hosszabb ideig tart\u00f3 vape sessionokat \u00e9lvezhet an\u00e9lk\u00fcl, hogy gyakran kellene cser\u00e9lni.<\/li>\n<li><strong>\u00dajrat\u00f6lthet\u0151 k\u00e9nyelem<\/strong>: Az \u00fajrat\u00f6lthet\u0151 750mAh kapacit\u00e1s\u00fa akkumul\u00e1tor biztos\u00edtja, hogy hossz\u00fa ideig haszn\u00e1lhassa a vape-ot, miel\u0151tt \u00fajra kellene t\u00f6lteni, cs\u00f6kkentve a hullad\u00e9kot \u00e9s jav\u00edtva a felhaszn\u00e1l\u00f3i \u00e9lm\u00e9nyt.<\/li>\n<li><strong>Halad\u00f3 funkci\u00f3k<\/strong>: A CRUX sz\u00e1raz h\u0151v\u00e9delem, a mesh tekercs technol\u00f3gia \u00e9s a szab\u00e1lyozhat\u00f3 l\u00e9g\u00e1raml\u00e1s kiv\u00e1l\u00f3 g\u0151z\u00f6l\u00e9si \u00e9lm\u00e9nyt ny\u00fajt, amely riv\u00e1lisai\u00e9val vetekszik a piacon.<\/li>\n<li><strong>Sz\u00e9les \u00cdzv\u00e1laszt\u00e9k<\/strong>: Izgalmas \u00edzek sz\u00e9les sk\u00e1l\u00e1j\u00e1val a <strong>SMPO DL02<\/strong> T\u00f6k\u00e9letes azok sz\u00e1m\u00e1ra, akik k\u00fcl\u00f6nb\u00f6z\u0151 \u00edz\u00e9lm\u00e9nyeket szeretn\u00e9nek kipr\u00f3b\u00e1lni.<\/li>\n<li><strong>Nincs Minim\u00e1lis Rendel\u00e9si K\u00f6vetelm\u00e9ny<\/strong>: Ak\u00e1r szem\u00e9lyes haszn\u00e1latra, ak\u00e1r kiskereskedelmi \u00e9rt\u00e9kes\u00edt\u00e9sre v\u00e1s\u00e1rol, \u00fagy v\u00e1s\u00e1rolhat, hogy egyetlen tollat v\u00e1s\u00e1rol, nincs minim\u00e1lis rendel\u00e9si mennyis\u00e9g.<\/li>\n<li><strong>Gyors EU sz\u00e1ll\u00edt\u00e1s<\/strong>: A FumotXpress gyors \u00e9s megb\u00edzhat\u00f3 sz\u00e1ll\u00edt\u00e1st k\u00edn\u00e1l az EU-ban, a term\u00e9kek 3-7 napon bel\u00fcl t\u00f6rt\u00e9n\u0151 k\u00e9zbes\u00edt\u00e9s\u00e9vel.<\/li>\n<\/ul>\n<h3>Rendelje meg SMPO DL02 10000 Puffs Eldobhat\u00f3 Vape Toll\u00e1t m\u00e9g ma<\/h3>\n<p>A <a href=\"https:\/\/fumotxpress.de\/hu\/\"><strong>SMPO Shisha DL02 10000 Puffs Eldobhat\u00f3 Vape Toll<\/strong><\/a> Most m\u00e1r megv\u00e1s\u00e1rolhat\u00f3 a FumotXpress.de oldalon, N\u00e9metorsz\u00e1g vezet\u0151 eldobhat\u00f3 vape keresked\u0151j\u00e9n\u00e9l. A sz\u00e9les \u00edzv\u00e1laszt\u00e9kkal, nagy teljes\u00edtm\u00e9ny\u0171 funkci\u00f3kkal \u00e9s gyors sz\u00e1ll\u00edt\u00e1ssal eur\u00f3pai rakt\u00e1runkb\u00f3l, ez az ultimate eszk\u00f6z mind a h\u00e9tk\u00f6znapi vapereknek, mind az enthusiast\u00e1knak. L\u00e1togasson el <a href=\"https:\/\/fumotxpress.de\/hu\/\"><strong>FumotXpress.de<\/strong><\/a> Kattintson a megrendel\u00e9shez \u00e9s \u00e9lvezze a gyors, megb\u00edzhat\u00f3 sz\u00e1ll\u00edt\u00e1st k\u00f6zvetlen\u00fcl az \u00d6n ajtaj\u00e1ig.<\/p>\n<p>Minden eldobhat\u00f3 vape ig\u00e9ny\u00e9re b\u00edzza a FumotXpress-t a min\u0151s\u00e9g\u00e9rt, a szolg\u00e1ltat\u00e1s\u00e9rt \u00e9s a kiel\u00e9g\u00edtetts\u00e9g\u00e9rt!<\/p>","protected":false},"excerpt":{"rendered":"<p>V\u00e1s\u00e1rolja meg a<strong> SMPO DL02 10000 Puffs<\/strong> \u00dajrat\u00f6lthet\u0151 Eldobhat\u00f3 Vape Toll a FumotXpress.de-n. \u00c9lvezze a hossz\u00fa \u00e9lettartam\u00fa teljes\u00edtm\u00e9nyt, a sima g\u0151zt \u00e9s a sz\u00e9les \u00edzv\u00e1laszt\u00e9kot gyors EU-s sz\u00e1ll\u00edt\u00e1ssal!<\/p>","protected":false},"featured_media":838,"comment_status":"open","ping_status":"closed","template":"","meta":{"om_disable_all_campaigns":false},"product_brand":[],"product_cat":[22,91,94,97,99,100,101,103,104,105,111,112,78,79,80,81,82,83,84,85,86,87,88,89,90,70,72,56,61,65,67],"product_tag":[],"class_list":{"0":"post-801","1":"product","2":"type-product","3":"status-publish","4":"has-post-thumbnail","6":"product_cat-smpo-dl02-disposable-vapes","7":"product_cat-buy-best-disposable-vape-flavors","8":"product_cat-blueberry-flavor-disposable-vapes","9":"product_cat-grape-flavor-disposable-vapes","10":"product_cat-ice-flavor-disposable-vapes","11":"product_cat-kiwi-flavor-disposable-vapes","12":"product_cat-lemon-flavor-disposable-vapes","13":"product_cat-mango-flavor-disposable-vapes","14":"product_cat-mint-flavor-disposable-vapes","15":"product_cat-mixed-berries-flavor-disposable-vapes","16":"product_cat-strawberry-flavor-disposable-vapes","17":"product_cat-watermelon-flavor-disposable-vapes","18":"product_cat-best-disposable-vape-in-europe","19":"product_cat-buy-disposable-vapes-in-austria","20":"product_cat-buy-disposable-vapes-in-belgium","21":"product_cat-buy-disposable-vapes-in-france","22":"product_cat-buy-disposable-vapes-in-germany","23":"product_cat-buy-disposable-vapes-in-italy","24":"product_cat-buy-disposable-vapes-in-netherlands","25":"product_cat-buy-disposable-vapes-in-norway","26":"product_cat-buy-disposable-vapes-in-poland","27":"product_cat-buy-disposable-vapes-in-portugal","28":"product_cat-buy-disposable-vapes-in-spain","29":"product_cat-buy-disposable-vapes-in-sweden","30":"product_cat-buy-disposable-vapes-in-switzerland","31":"product_cat-shop-disposable-vapes-by-puffs","32":"product_cat-10000-puff-disposable-vape","33":"product_cat-disposable-vape-types","34":"product_cat-big-puffs-disposable-vapes","35":"product_cat-lower-nicotine-disposable-vapes","36":"product_cat-rechargeable-disposable-vapes","38":"first","39":"outofstock","40":"shipping-taxable","41":"product-type-variable"},"_links":{"self":[{"href":"https:\/\/fumotxpress.de\/hu\/wp-json\/wp\/v2\/product\/801","targetHints":{"allow":["GET"]}}],"collection":[{"href":"https:\/\/fumotxpress.de\/hu\/wp-json\/wp\/v2\/product"}],"about":[{"href":"https:\/\/fumotxpress.de\/hu\/wp-json\/wp\/v2\/types\/product"}],"replies":[{"embeddable":true,"href":"https:\/\/fumotxpress.de\/hu\/wp-json\/wp\/v2\/comments?post=801"}],"wp:featuredmedia":[{"embeddable":true,"href":"https:\/\/fumotxpress.de\/hu\/wp-json\/wp\/v2\/media\/838"}],"wp:attachment":[{"href":"https:\/\/fumotxpress.de\/hu\/wp-json\/wp\/v2\/media?parent=801"}],"wp:term":[{"taxonomy":"product_brand","embeddable":true,"href":"https:\/\/fumotxpress.de\/hu\/wp-json\/wp\/v2\/product_brand?post=801"},{"taxonomy":"product_cat","embeddable":true,"href":"https:\/\/fumotxpress.de\/hu\/wp-json\/wp\/v2\/product_cat?post=801"},{"taxonomy":"product_tag","embeddable":true,"href":"https:\/\/fumotxpress.de\/hu\/wp-json\/wp\/v2\/product_tag?post=801"}],"curies":[{"name":"wp","href":"https:\/\/api.w.org\/{rel}","templated":true}]}}