{"id":763,"date":"2024-11-05T07:04:55","date_gmt":"2024-11-05T07:04:55","guid":{"rendered":"https:\/\/fumotxpress.de\/?post_type=product&#038;p=763"},"modified":"2025-05-20T09:51:57","modified_gmt":"2025-05-20T09:51:57","slug":"europai-raktar-airmez-matrix-25000-fujas-alacsony-nikotin-vasarlas-eredeti-autentikus-ujratoltheto-eldobhato-vapes-toll","status":"publish","type":"product","link":"https:\/\/fumotxpress.de\/hu\/termek\/europai-raktar-airmez-matrix-25000-fujas-alacsony-nikotin-vasarlas-eredeti-autentikus-ujratoltheto-eldobhato-vapes-toll\/","title":{"rendered":"Eur\u00f3pai Rakt\u00e1r Airmez Matrix 25000 Puff Low Nikotin V\u00e1s\u00e1roljon Eredeti Hiteles \u00dajrat\u00f6lthet\u0151 Eldobhat\u00f3 Vape Tollat"},"content":{"rendered":"<h2>Airmez Matrix 25000 Puffs \u00dajrat\u00f6lthet\u0151 Eldobhat\u00f3 Vape Toll - Emelje Fel G\u0151z\u00f6l\u00e9si \u00c9lm\u00e9ny\u00e9t<\/h2>\n<h3>Bevezet\u00e9s az Airmez Matrix 25000 Puffs-ba<\/h3>\n<p>A <a href=\"https:\/\/fumotxpress.de\/hu\/termek\/europai-raktar-airmez-matrix-25000-fujas-alacsony-nikotin-vasarlas-eredeti-autentikus-ujratoltheto-eldobhato-vapes-toll\/\"><strong>Airmez Matrix 25000 Puffs \u00dajrat\u00f6lthet\u0151 Eldobhat\u00f3 Vape Toll<\/strong><\/a> \u00faj m\u00e9rc\u00e9t \u00e1ll\u00edt fel az e-cigaretta rajong\u00f3k sz\u00e1m\u00e1ra. Mind a tapasztalt vaperek, mind a kezd\u0151k sz\u00e1m\u00e1ra k\u00e9sz\u00fclt, ez a letisztult \u00e9s innovat\u00edv e-cigaretta k\u00e9sz\u00fcl\u00e9k \u00f6tv\u00f6zi a leg\u00fajabb technol\u00f3gi\u00e1t a kiv\u00e1l\u00f3 teljes\u00edtm\u00e9nnyel.  Kiz\u00e1r\u00f3lagosan el\u00e9rhet\u0151 a k\u00f6vetkez\u0151 helyen: <a href=\"https:\/\/fumotxpress.de\/hu\/\"><strong>FumotXpress.de<\/strong><\/a>N\u00e9metorsz\u00e1g vezet\u0151 online kiskereskedelmi platformja az eldobhat\u00f3 vape-k sz\u00e1m\u00e1ra, ez a term\u00e9k kiv\u00e9teles \u00edzt \u00e9s tart\u00f3ss\u00e1got k\u00edn\u00e1l. Azoknak tervezve, akik \u00e9rt\u00e9kelik a hossz\u00fa \u00e9lettartamot, a k\u00e9nyelmet \u00e9s a min\u0151s\u00e9get, az Airmez Matrix k\u00f6telez\u0151 kieg\u00e9sz\u00edt\u0151 mindenki sz\u00e1m\u00e1ra, aki pr\u00e9mium g\u0151z\u00f6l\u00e9si \u00e9lm\u00e9nyt keres. A leny\u0171g\u00f6z\u0151 k\u00e9pess\u00e9ggel, hogy ak\u00e1r 25 000 sz\u00edv\u00e1st is biztos\u00edtson, ez a \u00fajrat\u00f6lthet\u0151 vape toll biztos\u00edtja, hogy nincs sz\u00fcks\u00e9g \u00e1lland\u00f3 cser\u00e9re, \u00edgy t\u00f6k\u00e9letes v\u00e1laszt\u00e1s a napi g\u0151z\u00f6l\u0151k \u00e9s azok sz\u00e1m\u00e1ra, akik \u00fatk\u00f6zben vannak.<\/p>\n<p><img loading=\"lazy\" decoding=\"async\" class=\"alignnone size-full wp-image-798\" src=\"https:\/\/fumotxpress.de\/wp-content\/uploads\/2024\/11\/Airmez-Matrix-25000.webp\" alt=\"Airmez-Matrix-25000\" width=\"1016\" height=\"1452\" srcset=\"https:\/\/fumotxpress.de\/wp-content\/uploads\/2024\/11\/Airmez-Matrix-25000.webp 1016w, https:\/\/fumotxpress.de\/wp-content\/uploads\/2024\/11\/Airmez-Matrix-25000-600x857.webp 600w, https:\/\/fumotxpress.de\/wp-content\/uploads\/2024\/11\/Airmez-Matrix-25000-210x300.webp 210w, https:\/\/fumotxpress.de\/wp-content\/uploads\/2024\/11\/Airmez-Matrix-25000-717x1024.webp 717w, https:\/\/fumotxpress.de\/wp-content\/uploads\/2024\/11\/Airmez-Matrix-25000-768x1098.webp 768w\" sizes=\"auto, (max-width: 1016px) 100vw, 1016px\" \/><\/p>\n<h3>Mi teszi kiemeltt\u00e9 az Airmez Matrix 25000 Puffs-ot?<\/h3>\n<p>A <strong>Airmez Matrix 25000 Puffs Eldobhat\u00f3 Vape Toll<\/strong> Kiemelkedik a versenyb\u0151l fejlett funkci\u00f3inak \u00e9s felhaszn\u00e1l\u00f3bar\u00e1t kialak\u00edt\u00e1s\u00e1nak k\u00f6sz\u00f6nhet\u0151en. Az er\u0151s akkumul\u00e1torkapacit\u00e1st\u00f3l az innovat\u00edv l\u00e9g\u00e1raml\u00e1si technol\u00f3gi\u00e1ig, itt van, ami miatt ez az eszk\u00f6z kiemelked\u0151 v\u00e1laszt\u00e1s a vaporiz\u00e1ci\u00f3s rajong\u00f3k sz\u00e1m\u00e1ra:<\/p>\n<h4>Hosszantart\u00f3 Puff Kapacit\u00e1s<\/h4>\n<ul>\n<li><strong>Legfeljebb 25 000 sz\u00edv\u00e1s<\/strong> Norm\u00e1l m\u00f3dban \u00e9s <strong>15 000 puff<\/strong> Boost \u00fczemm\u00f3dban - t\u00f6k\u00e9letes a hosszabb vapeol\u00e1shoz, gyakori cser\u00e9k n\u00e9lk\u00fcl.<\/li>\n<\/ul>\n<h4>Kett\u0151s H\u00e1l\u00f3 Tekercs Technol\u00f3gia<\/h4>\n<ul>\n<li>\u00c9lvezze a sima, arom\u00e1s felh\u0151ket minden sz\u00edv\u00e1ssal. A kett\u0151s h\u00e1l\u00f3 tekercsek fokozz\u00e1k az \u00edzt \u00e9s a g\u0151ztermel\u00e9st, gazdag, \u00e1lland\u00f3 g\u0151z\u00f6l\u00e9si \u00e9lm\u00e9nyt ny\u00fajtva.<\/li>\n<\/ul>\n<h4>\u00c1ll\u00edthat\u00f3 l\u00e9g\u00e1raml\u00e1s<\/h4>\n<ul>\n<li>Szem\u00e9lyre szabhatja g\u0151z\u00f6l\u00e9si \u00e9lm\u00e9ny\u00e9t \u00e1ll\u00edthat\u00f3 l\u00e9g\u00e1raml\u00e1ssal, hogy megfeleljen szem\u00e9lyes preferenci\u00e1inak, legyen sz\u00f3 ak\u00e1r szoros, kiel\u00e9g\u00edt\u0151 sz\u00edv\u00e1sr\u00f3l, ak\u00e1r sim\u00e1bb bel\u00e9gz\u00e9sr\u0151l.<\/li>\n<\/ul>\n<h4>Magas Nikotin Tartalom<\/h4>\n<ul>\n<li>A <strong>5% nikotintartalma<\/strong> er\u0151s, kiel\u00e9g\u00edt\u0151 nikotinl\u00f6ketet biztos\u00edt, ide\u00e1lis azok sz\u00e1m\u00e1ra, akik er\u0151sebb \u00e9lm\u00e9nyre v\u00e1gynak.<\/li>\n<\/ul>\n<h4>2,1 h\u00fcvelykes \u00e9rint\u0151k\u00e9perny\u0151s kijelz\u0151<\/h4>\n<ul>\n<li>Egyed\u00fcl\u00e1ll\u00f3 tulajdons\u00e1ga az Airmez Matrix-nek annak <strong>\u00e9rint\u0151k\u00e9perny\u0151s kijelz\u0151<\/strong>amely lehet\u0151v\u00e9 teszi, hogy k\u00f6nnyen ellen\u0151rizze az akkumul\u00e1tor szintj\u00e9t \u00e9s az e-folyad\u00e9k \u00e1llapot\u00e1t val\u00f3s id\u0151ben.<\/li>\n<\/ul>\n<h4>USB Type-C csatlakoz\u00f3n kereszt\u00fcl t\u00f6lthet\u0151<\/h4>\n<ul>\n<li>A k\u00e9sz\u00fcl\u00e9khez tartozik egy <strong>USB Type-C t\u00f6lt\u0151port<\/strong>, lehet\u0151v\u00e9 t\u00e9ve a gyors \u00e9s k\u00f6nny\u0171 \u00fajrat\u00f6lt\u00e9st, ami k\u00f6rnyezetbar\u00e1t alternat\u00edv\u00e1t jelent az eldobhat\u00f3 vape-k helyett.<\/li>\n<\/ul>\n<h4>Rajzaktiv\u00e1lt technol\u00f3gia<\/h4>\n<ul>\n<li>Ez az eszk\u00f6z fel van szerelve <strong>rajzaktiv\u00e1lt technol\u00f3gia<\/strong>, ami azt jelenti, hogy nincs sz\u00fcks\u00e9g gombokra - egyszer\u0171en bel\u00e9legezve aktiv\u00e1lja a vape-ot \u00e9s \u00e9lvezze a sima p\u00e1r\u00e1t.<\/li>\n<\/ul>\n<h3>Mi\u00e9rt v\u00e1lassza az Airmez Matrix 25000 Puffs eldobhat\u00f3 vape tollat?<\/h3>\n<p>Ha \u00d6n egy nagy teljes\u00edtm\u00e9ny\u0171, k\u00f6rnyezettudatos \u00e9s \u00edzletes eldobhat\u00f3 vape-ot keres, akkor a <a href=\"https:\/\/fumotxpress.de\/hu\/\"><strong>Airmez Matrix 25000 Puffs<\/strong><\/a> a sz\u00e1modra t\u00f6k\u00e9letes v\u00e1laszt\u00e1s.  \u00cdme t\u00f6bb ok, mi\u00e9rt legyen ez a vape pen az els\u0151 v\u00e1laszt\u00e1sod:<\/p>\n<ol>\n<li><strong>Tart\u00f3s Teljes\u00edtm\u00e9ny<\/strong>: Legfeljebb <strong>25 000 sz\u00edv\u00e1s<\/strong> Norm\u00e1l m\u00f3dban ez az e-cigaretta toll hossz\u00fa t\u00e1von is megb\u00edzhat\u00f3, folyamatos el\u00e9gedetts\u00e9get ny\u00fajtva hosszabb id\u0151n kereszt\u00fcl.<\/li>\n<li><strong>Pr\u00e9mium \u00cdzmin\u0151s\u00e9g<\/strong>A kett\u0151s h\u00e1l\u00f3zat\u00fa tekercs technol\u00f3gia gazdag, \u00edzletes p\u00e1r\u00e1t biztos\u00edt minden egyes sz\u00edv\u00e1sn\u00e1l, rendk\u00edv\u00fcl kiel\u00e9g\u00edt\u0151 g\u0151z\u00f6l\u00e9si \u00e9lm\u00e9nyt ny\u00fajtva.<\/li>\n<li><strong>\u00c1ll\u00edthat\u00f3 l\u00e9g\u00e1raml\u00e1s<\/strong>: A fesz\u00fclts\u00e9g ellen\u00e1ll\u00e1s\u00e1t szem\u00e9lyre szabhatja, hogy megfeleljen az \u00d6n preferenci\u00e1inak, \u00edgy sokoldal\u00faan alkalmazhat\u00f3 k\u00fcl\u00f6nb\u00f6z\u0151 g\u0151z\u00f6l\u00e9si st\u00edlusokhoz.<\/li>\n<li><strong>K\u00f6rnyezetbar\u00e1t \u00dajrat\u00f6lthet\u0151 Kialak\u00edt\u00e1s<\/strong>: A hagyom\u00e1nyos eldobhat\u00f3 vape-kkal ellent\u00e9tben az Airmez Matrix <strong>\u00fajrat\u00f6lthet\u0151<\/strong>a hullad\u00e9k cs\u00f6kkent\u00e9se \u00e9s a fenntarthat\u00f3s\u00e1g el\u0151mozd\u00edt\u00e1sa.<\/li>\n<li><strong>Felhaszn\u00e1l\u00f3bar\u00e1t funkci\u00f3k<\/strong>: Az intuit\u00edv <strong>\u00e9rint\u0151k\u00e9perny\u0151s kijelz\u0151<\/strong> \u00e9s <strong>rajzaktiv\u00e1lt technol\u00f3gia<\/strong> Tegye az Airmez Matrix-ot a mai egyik legegyszer\u0171bben haszn\u00e1lhat\u00f3 eldobhat\u00f3 vape-j\u00e9v\u00e9.<\/li>\n<li><strong>Gyors Sz\u00e1ll\u00edt\u00e1s Eur\u00f3p\u00e1ban<\/strong>: Ezzel <strong>FumotXpress.de<\/strong> a rendel\u00e9s kezel\u00e9se sor\u00e1n gyors sz\u00e1ll\u00edt\u00e1st v\u00e1rhat eur\u00f3pai rakt\u00e1runkb\u00f3l, biztos\u00edtva, hogy vape pennel csak r\u00f6vid id\u0151n bel\u00fcl meg\u00e9rkezzen <strong>3-7 nap<\/strong>.<\/li>\n<\/ol>\n<h3>Airmez Matrix 25000 Puffs \u00cdzek<\/h3>\n<p>A <strong>Airmez Matrix 25000 Puffs<\/strong> Sz\u00e9lesk\u00f6r\u0171en gondosan elk\u00e9sz\u00edtett \u00edzekkel \u00e9rkezik, biztos\u00edtva, hogy minden \u00edzl\u00e9snek legyen valami. Az al\u00e1bbiakban r\u00e9szletes bont\u00e1sban bemutatjuk a rendelkez\u00e9sre \u00e1ll\u00f3 \u00edzeket, amelyek minden sz\u00edv\u00e1ssal egyedi, felejthetetlen \u00e9lm\u00e9nyt ny\u00fajtanak:<\/p>\n<ol>\n<li><strong>\u00c9jf\u00e9li Cseresznye<\/strong><br \/>\n\u00c9lje \u00e1t az \u00e9rett cseresznye m\u00e9ly, intenz\u00edv \u00edz\u00e9t, egy mer\u00e9sz, gazdag \u00edzprofillal, amelyet finom \u00e9dess\u00e9g eg\u00e9sz\u00edt ki. <strong>\u00c9jf\u00e9li Cseresznye<\/strong> Egy \u00e9l\u00e9nk, kiel\u00e9g\u00edt\u0151 vape-ot k\u00edn\u00e1l, amelyet a gy\u00fcm\u00f6lcs szerelmesei biztosan im\u00e1dni fognak. Minden bel\u00e9gz\u00e9sn\u00e9l egy l\u00e9d\u00fas cseresznye \u00edz robban, hagyva egy maradand\u00f3 \u00e9dess\u00e9get az \u00edzlel\u0151bimb\u00f3kon.<\/li>\n<li><strong>Nightcrawler \n(Nem v\u00e1ltakoz\u00e1s sz\u00fcks\u00e9ges)<\/strong><br \/>\n\u00c9rett bogy\u00f3k kellemes kever\u00e9ke, enyhe fanyars\u00e1ggal, <strong>Nightcrawler \n(Nem v\u00e1ltakoz\u00e1s sz\u00fcks\u00e9ges)<\/strong> kiegyens\u00falyozott, friss\u00edt\u0151 vape-\u00e9lm\u00e9nyt ny\u00fajt. Az \u00edzprofil minden egyes sz\u00edv\u00e1ssal fejl\u0151dik, \u00f6tv\u00f6zve a bogy\u00f3k \u00e9dess\u00e9g\u00e9t \u00e9s a citrusf\u00e9l\u00e9k fanyars\u00e1g\u00e1t, hogy l\u00e9trehozza azt az \u00edzt, amely \u00e9ppoly \u00e9rdekes, mint kiel\u00e9g\u00edt\u0151.<\/li>\n<li><strong>B\u00e1rsonyos Eper Torta<\/strong><br \/>\nK\u00e9nyeztesse mag\u00e1t egy desszert ihlette \u00edzzel <strong>B\u00e1rsonyos Eper Torta<\/strong>Ez a kever\u00e9k az \u00e9rett eper \u00e9dess\u00e9g\u00e9t egy frissen s\u00fclt torta alapj\u00e1nak melegs\u00e9g\u00e9vel \u00f6tv\u00f6zi. Ez egy sima, selymes \u00e9lm\u00e9ny, amely t\u00f6k\u00e9letes v\u00e1laszt\u00e1s azok sz\u00e1m\u00e1ra, akik \u00e9des, k\u00e9nyeztet\u0151 finoms\u00e1gra v\u00e1gynak.<\/li>\n<li><strong>Banana Berry Fantasy<\/strong><br \/>\nA k\u00fcl\u00f6nleges kombin\u00e1ci\u00f3 <strong>banana<\/strong> \u00e9s <strong>eper<\/strong> izgalmas \u00e9s friss\u00edt\u0151 \u00edzt hoz l\u00e9tre, amely \u00e9des \u00e9s gy\u00fcm\u00f6lcs\u00f6s, \u00e9ppen a megfelel\u0151 egyens\u00fallyal. Tr\u00f3pusi csavar, <strong>Banana Berry Fantasy<\/strong> A kr\u00e9mes ban\u00e1n \u00e9s a fanyar bogy\u00f3k ide\u00e1lis kever\u00e9k\u00e9t sz\u00e1ll\u00edtja, l\u00e9d\u00fas \u00e9s kiel\u00e9g\u00edt\u0151 vape-ot k\u00edn\u00e1lva.<\/li>\n<li><strong>Meggy Citrom H\u00e9ja<\/strong><br \/>\nEz a friss\u00edt\u0151 \u00e9des kever\u00e9k <strong>cseresznye<\/strong> \u00e9s pik\u00e1ns <strong>citrom<\/strong> t\u00f6k\u00e9letes azok sz\u00e1m\u00e1ra, akik szeretik a pik\u00e1ns, gy\u00fcm\u00f6lcs\u00f6s \u00edzt egy kis extra er\u0151vel. Az eredm\u00e9ny egy friss \u00e9s savanyk\u00e1s \u00edz, citrusos \u00e9llel, ami \u00e9rdekes marad. <strong>Meggy Citrom H\u00e9ja<\/strong> t\u00f6k\u00e9letes azoknak a vapereknek, akik vil\u00e1gos \u00e9s energikus vape-ot keresnek.<\/li>\n<li><strong>S\u00e1rk\u00e1nygy\u00fcm\u00f6lcs\u00f6s Limon\u00e1d\u00e9<\/strong><br \/>\nHozzon egy kis tr\u00f3pusi \u00edzt a vape rutinj\u00e1ba ezzel <strong>S\u00e1rk\u00e1nygy\u00fcm\u00f6lcs\u00f6s Limon\u00e1d\u00e9<\/strong>A egzotikus s\u00e1rk\u00e1nygy\u00fcm\u00f6lcs harmonikusan keveredik a savany\u00fa \u00e9s friss\u00edt\u0151 citroml\u00e9vel, k\u00edn\u00e1lva egy fanyar, tr\u00f3pusi \u00e9lm\u00e9nyt, ami sima \u00e9s kiel\u00e9g\u00edt\u0151. T\u00f6k\u00e9letes azok sz\u00e1m\u00e1ra, akik egy \u00e9l\u00e9nk\u00edt\u0151, gy\u00fcm\u00f6lcs\u00f6s \u00edzt szeretn\u00e9nek, ami nem t\u00fal er\u0151s.<\/li>\n<li><strong>Misztikus S\u00e1rk\u00e1ny F\u00fazi\u00f3<\/strong><br \/>\nEgy \u00e9rdekes \u00e9s mer\u00e9sz kever\u00e9k <strong>s\u00e1rk\u00e1nygy\u00fcm\u00f6lcs<\/strong> \u00e9s tr\u00f3pusi al\u00e1fest\u00e9sek, <strong>Misztikus S\u00e1rk\u00e1ny F\u00fazi\u00f3<\/strong> izgalmas vape, amely elsz\u00e1ll\u00edtja \u00d6nt egy egzotikus paradicsomba. Ez az \u00edz gazdag, titokzatos \u00e9s r\u00e9tegezett, olyan \u00e9lm\u00e9nyt ny\u00fajtva, amely minden egyes sz\u00edv\u00e1ssal fejl\u0151dik, \u00edgy nagyszer\u0171 v\u00e1laszt\u00e1s a kalandv\u00e1gy\u00f3 g\u0151z\u00f6l\u0151k sz\u00e1m\u00e1ra.<\/li>\n<li><strong>Mango Colada<\/strong><br \/>\nMenek\u00fclj\u00f6n egy tr\u00f3pusi tengerpartra <strong>Mango Colada<\/strong>\u00c9rett mang\u00f3 \u00e9s kr\u00e9mes k\u00f3kusz sima \u00e9s \u00e9des kever\u00e9ke. Ez az \u00edzletes kombin\u00e1ci\u00f3 minden f\u00faj\u00e1sn\u00e1l visszahozza egy friss\u00edt\u0151 tr\u00f3pusi ital esszenci\u00e1j\u00e1t, \u00edgy ide\u00e1lis v\u00e1laszt\u00e1s mindenki sz\u00e1m\u00e1ra, aki szereti a finom, egzotikus vape-ot.<\/li>\n<\/ol>\n<h3>V\u00e1s\u00e1rolja meg az Airmez Matrix 25000 Puffs-ot a FumotXpress.de oldalon<\/h3>\n<p>Keres valamit, amivel fejlesztheti az e-cigarett\u00e1z\u00e1s \u00e9lm\u00e9ny\u00e9t? <strong>FumotXpress.de<\/strong> k\u00edn\u00e1lja a <strong>Airmez Matrix 25000 Puffs<\/strong> versenyk\u00e9pes \u00e1rakon.  N\u00e9metorsz\u00e1g legnagyobb online eldobhat\u00f3 vape keresked\u0151jek\u00e9nt biztos\u00edtjuk a legfels\u0151 szint\u0171 \u00fcgyf\u00e9lszolg\u00e1latot, gyors sz\u00e1ll\u00edt\u00e1st \u00e9s sz\u00e9les v\u00e1laszt\u00e9kot a pr\u00e9mium g\u0151z\u00f6l\u0151 term\u00e9kekb\u0151l.<\/p>\n<p>A FumotXpress.de v\u00e1laszt\u00e1s\u00e1val hozz\u00e1f\u00e9r\u00e9st kap:<\/p>\n<ul>\n<li><strong>Kiz\u00e1r\u00f3lagos hozz\u00e1f\u00e9r\u00e9s<\/strong> a <strong>Airmez Matrix 25000 Puffs<\/strong> \u00e9s egy\u00e9b els\u0151 oszt\u00e1ly\u00fa eldobhat\u00f3 vape term\u00e9kek.<\/li>\n<li><strong>Nincs minim\u00e1lis rendel\u00e9si mennyis\u00e9g<\/strong>, \u00edgy k\u00f6nnyebb, mint valaha, hogy megtal\u00e1lja az \u00d6n sz\u00e1m\u00e1ra t\u00f6k\u00e9letes vape-ot.<\/li>\n<li><strong>Gyors eur\u00f3pai sz\u00e1ll\u00edt\u00e1s<\/strong> t\u0151l\u00fcnk <strong>Eur\u00f3pai rakt\u00e1r<\/strong>\u00e9rkez\u0151 bel\u00fcl <strong>3-7 nap<\/strong>.<\/li>\n<li><strong>Versenyk\u00e9pes \u00e1rak<\/strong> rejtett d\u00edjak n\u00e9lk\u00fcl.<\/li>\n<\/ul>\n<p>Rendeljen m\u00e9g ma \u00e9s tudja meg, mi\u00e9rt a<a href=\"https:\/\/fumotxpress.de\/hu\/\"> <strong>Airmez Matrix 25000 Puffs<\/strong><\/a> forradalmi v\u00e1ltoz\u00e1st hoz a eldobhat\u00f3 vapek vil\u00e1g\u00e1ban.<\/p>","protected":false},"excerpt":{"rendered":"<p>V\u00e1s\u00e1rolja meg az Airmez Matrix 25000 Puffs \u00dajrat\u00f6lthet\u0151 Eldobhat\u00f3 Vape Tollat a FumotXpress.de oldalon. \u00c9lvezze a hossz\u00fa \u00e9lettartam\u00fa teljes\u00edtm\u00e9nyt, a szem\u00e9lyre szabhat\u00f3 l\u00e9g\u00e1raml\u00e1st \u00e9s a gazdag \u00edzprofilokat ak\u00e1r 25 000 sz\u00edv\u00e1ssal. Gyors sz\u00e1ll\u00edt\u00e1s eg\u00e9sz Eur\u00f3p\u00e1ban!<\/p>","protected":false},"featured_media":764,"comment_status":"open","ping_status":"closed","template":"","meta":{"om_disable_all_campaigns":false},"product_brand":[],"product_cat":[21,91,95,96,97,99,101,103,111,112,78,79,80,81,82,83,84,85,86,87,88,89,90,70,114,56,61,63,64,60,65,67],"product_tag":[],"class_list":{"0":"post-763","1":"product","2":"type-product","3":"status-publish","4":"has-post-thumbnail","6":"product_cat-airmez-matrix-disposable-vapes","7":"product_cat-buy-best-disposable-vape-flavors","8":"product_cat-cherry-flavor-disposable-vapes","9":"product_cat-cola-flavor-disposable-vapes","10":"product_cat-grape-flavor-disposable-vapes","11":"product_cat-ice-flavor-disposable-vapes","12":"product_cat-lemon-flavor-disposable-vapes","13":"product_cat-mango-flavor-disposable-vapes","14":"product_cat-strawberry-flavor-disposable-vapes","15":"product_cat-watermelon-flavor-disposable-vapes","16":"product_cat-best-disposable-vape-in-europe","17":"product_cat-buy-disposable-vapes-in-austria","18":"product_cat-buy-disposable-vapes-in-belgium","19":"product_cat-buy-disposable-vapes-in-france","20":"product_cat-buy-disposable-vapes-in-germany","21":"product_cat-buy-disposable-vapes-in-italy","22":"product_cat-buy-disposable-vapes-in-netherlands","23":"product_cat-buy-disposable-vapes-in-norway","24":"product_cat-buy-disposable-vapes-in-poland","25":"product_cat-buy-disposable-vapes-in-portugal","26":"product_cat-buy-disposable-vapes-in-spain","27":"product_cat-buy-disposable-vapes-in-sweden","28":"product_cat-buy-disposable-vapes-in-switzerland","29":"product_cat-shop-disposable-vapes-by-puffs","30":"product_cat-25000-puff-disposable-vape","31":"product_cat-disposable-vape-types","32":"product_cat-big-puffs-disposable-vapes","33":"product_cat-digital-box-disposable-vapes","34":"product_cat-dual-mesh-disposable-vapes","35":"product_cat-full-screen-disposable-vapes","36":"product_cat-lower-nicotine-disposable-vapes","37":"product_cat-rechargeable-disposable-vapes","39":"first","40":"instock","41":"shipping-taxable","42":"purchasable","43":"product-type-variable"},"_links":{"self":[{"href":"https:\/\/fumotxpress.de\/hu\/wp-json\/wp\/v2\/product\/763","targetHints":{"allow":["GET"]}}],"collection":[{"href":"https:\/\/fumotxpress.de\/hu\/wp-json\/wp\/v2\/product"}],"about":[{"href":"https:\/\/fumotxpress.de\/hu\/wp-json\/wp\/v2\/types\/product"}],"replies":[{"embeddable":true,"href":"https:\/\/fumotxpress.de\/hu\/wp-json\/wp\/v2\/comments?post=763"}],"wp:featuredmedia":[{"embeddable":true,"href":"https:\/\/fumotxpress.de\/hu\/wp-json\/wp\/v2\/media\/764"}],"wp:attachment":[{"href":"https:\/\/fumotxpress.de\/hu\/wp-json\/wp\/v2\/media?parent=763"}],"wp:term":[{"taxonomy":"product_brand","embeddable":true,"href":"https:\/\/fumotxpress.de\/hu\/wp-json\/wp\/v2\/product_brand?post=763"},{"taxonomy":"product_cat","embeddable":true,"href":"https:\/\/fumotxpress.de\/hu\/wp-json\/wp\/v2\/product_cat?post=763"},{"taxonomy":"product_tag","embeddable":true,"href":"https:\/\/fumotxpress.de\/hu\/wp-json\/wp\/v2\/product_tag?post=763"}],"curies":[{"name":"wp","href":"https:\/\/api.w.org\/{rel}","templated":true}]}}