{"id":740,"date":"2024-11-05T05:03:44","date_gmt":"2024-11-05T05:03:44","guid":{"rendered":"https:\/\/fumotxpress.de\/?post_type=product&#038;p=740"},"modified":"2025-05-20T04:44:34","modified_gmt":"2025-05-20T04:44:34","slug":"al-fakher-koronarud-15000-puff-0-5-alacsony-nikotin-vasarlas-eredeti-autentikus-ujratoltheto-eldobhato-vapes-toll-masolat","status":"publish","type":"product","link":"https:\/\/fumotxpress.de\/hu\/termek\/al-fakher-koronarud-15000-puff-0-5-alacsony-nikotin-vasarlas-eredeti-autentikus-ujratoltheto-eldobhato-vapes-toll-masolat\/","title":{"rendered":"AL Fakher Crown Bar 15000 Puffs 0.5% Alacsony Nikotin V\u00e1s\u00e1roljon Eredeti Hiteles \u00dajrat\u00f6lthet\u0151 Eldobhat\u00f3 Vape Tollat"},"content":{"rendered":"<h2>AL Fakher Crown Bar 15000 Puffs 0.5% Alacsony Nikotin \u2013 Pr\u00e9mium \u00dajrat\u00f6lthet\u0151 Eldobhat\u00f3 Vape Toll<\/h2>\n<h3>Bevezet\u00e9s az AL Fakher Crown Bar 15000 Puffs eldobhat\u00f3 vape-ba<\/h3>\n<p>Emelje a vape-\u00e9lm\u00e9ny\u00e9t a k\u00f6vetkez\u0151vel:<a href=\"https:\/\/fumotxpress.de\/hu\/termek\/l-fakher-crown-bar-15000-puffs-0-5-low-nikotin-buy-original-authentisch-rechargeable-disposable-vapes-pen\/\"> <strong>AL Fakher Crown Bar 15000 Puffs<\/strong><\/a> - egy \u00fatt\u00f6r\u0151 eldobhat\u00f3 vape, amely \u00f6tv\u00f6zi a k\u00e9nyelmet, a teljes\u00edtm\u00e9nyt \u00e9s az \u00edzt egy \u00e1ramvonalas, \u00fajrat\u00f6lthet\u0151 csomagban. Ak\u00e1r tapasztalt vapper vagy, ak\u00e1r csak most kezded, ez a kiv\u00e1l\u00f3 min\u0151s\u00e9g\u0171 vape tollat \u00fagy tervezt\u00e9k, hogy kiel\u00e9g\u00edt\u0151, hossz\u00fa t\u00e1v\u00fa \u00e9lm\u00e9nyt ny\u00fajtson minden egyes sz\u00edv\u00e1ssal. Figyelemre m\u00e9lt\u00f3 15000 sz\u00edv\u00e1st k\u00edn\u00e1l \u00e9s \u00fajrat\u00f6lthet\u0151 600mAh USB-C akkumul\u00e1torral van felszerelve, ez az eszk\u00f6z \u00fagy van kialak\u00edtva, hogy tart\u00f3s legyen, mik\u00f6zben sima \u00e9s \u00e9lvezetes vape-ot biztos\u00edt. A <strong>0,5% alacsony nikotin<\/strong> A k\u00e9sz\u00edtm\u00e9ny biztos\u00edtja a kiel\u00e9g\u00edt\u0151 hat\u00e1st an\u00e9lk\u00fcl, hogy t\u00falzottan durva lenne, \u00edgy t\u00f6k\u00e9letes mind a h\u00e9tk\u00f6znapi g\u0151z\u00f6l\u0151k sz\u00e1m\u00e1ra, mind azoknak, akik cs\u00f6kkenteni szeretn\u00e9k nikotinbevitel\u00fcket.<\/p>\n<p>Leny\u0171g\u00f6z\u0151vel <strong>22ml e-folyad\u00e9k kapacit\u00e1s<\/strong>Ez az eszk\u00f6z biztos\u00edtja, hogy minden t\u00f6lt\u00e9sb\u0151l a legt\u00f6bbet hozza ki, an\u00e9lk\u00fcl, hogy folyamatosan ut\u00e1nt\u00f6ltenie vagy cser\u00e9lnie kellene. Ak\u00e1r \u00faton van, ak\u00e1r munk\u00e1ban, ak\u00e1r egyszer\u0171en otthon pihen, a <strong><a href=\"https:\/\/fumotxpress.de\/hu\/\">AL Fakher<\/a> Crown Bar 15000 Puffs<\/strong> \u00fagy tervezt\u00e9k, hogy l\u00e9p\u00e9st tartson az \u00d6n \u00e9letst\u00edlus\u00e1val, k\u00e9nyelmet, teljes\u00edtm\u00e9nyt \u00e9s \u00edzt k\u00edn\u00e1lva egy csomagban.<\/p>\n<p><img loading=\"lazy\" decoding=\"async\" class=\"alignnone size-full wp-image-739\" src=\"https:\/\/fumotxpress.de\/wp-content\/uploads\/2024\/11\/al-fakher_crown_bar-15000-disposable_vape_device-flavors_.webp\" alt=\"l-fakher_crown_bar-15000-disposable_vape_\" width=\"500\" height=\"500\" srcset=\"https:\/\/fumotxpress.de\/wp-content\/uploads\/2024\/11\/al-fakher_crown_bar-15000-disposable_vape_device-flavors_.webp 500w, https:\/\/fumotxpress.de\/wp-content\/uploads\/2024\/11\/al-fakher_crown_bar-15000-disposable_vape_device-flavors_-247x247.webp 247w, https:\/\/fumotxpress.de\/wp-content\/uploads\/2024\/11\/al-fakher_crown_bar-15000-disposable_vape_device-flavors_-100x100.webp 100w, https:\/\/fumotxpress.de\/wp-content\/uploads\/2024\/11\/al-fakher_crown_bar-15000-disposable_vape_device-flavors_-300x300.webp 300w, https:\/\/fumotxpress.de\/wp-content\/uploads\/2024\/11\/al-fakher_crown_bar-15000-disposable_vape_device-flavors_-150x150.webp 150w\" sizes=\"auto, (max-width: 500px) 100vw, 500px\" \/><\/p>\n<h3>Mi teszi ki az AL Fakher Crown Bar 15000 Puffs-ot?\n \n(M\u00e1sk\u00e9nt nem lehet megfogalmazni, ez\u00e9rt:) \nMi teszi k\u00fcl\u00f6nlegess\u00e9 az AL Fakher Crown Bar 15000 Puffs-ot?<\/h3>\n<p>Ez <strong>pr\u00e9mium eldobhat\u00f3 vape<\/strong> \u00f6sszehozza a fejlett technol\u00f3gi\u00e1t \u00e9s a felhaszn\u00e1l\u00f3bar\u00e1t funkci\u00f3kat, hogy \u00fajra\u00e9rtelmezze a vaporiz\u00e1l\u00e1s \u00e9lm\u00e9ny\u00e9t. Itt vannak a legfontosabb kiemel\u00e9sek, amelyek meghat\u00e1rozz\u00e1k a <strong>Crown Bar 15000 Puffs<\/strong> k\u00fcl\u00f6n:<\/p>\n<h4>1. <strong>Kiterjesztett Puff Kapacit\u00e1s<\/strong><\/h4>\n<p>A <strong>Crown Bar 15000 Puffs<\/strong> k\u00fcl\u00f6nleges aj\u00e1nlatot ny\u00fajt <strong>15000-puff kapacit\u00e1s<\/strong>Ez\u00e9rt t\u00f6k\u00e9letes azoknak a vapereknek, akik nem szeretn\u00e9nek folyamatosan agg\u00f3dni az e-liquid kifogy\u00e1sa vagy a k\u00e9sz\u00fcl\u00e9k cser\u00e9je miatt. Ez a hossz\u00fa \u00e9lettartam\u00fa teljes\u00edtm\u00e9ny t\u00f6bb \u00e9lvezetet jelent kevesebb megszak\u00edt\u00e1ssal.<\/p>\n<h4>2. <strong>\u00dajrat\u00f6lthet\u0151 600mAh USB-C Akkumul\u00e1tor<\/strong><\/h4>\n<p>Ellent\u00e9tben a legt\u00f6bb eldobhat\u00f3 vape-pal, a <strong>Korona B\u00e1r<\/strong> egy\u00fctt j\u00e1r egy <strong>\u00fajrat\u00f6lthet\u0151 600mAh akkumul\u00e1tor<\/strong> amely k\u00e9nyelmesen felt\u00f6lthet\u0151 egy <strong>USB-C<\/strong> k\u00e1bel (k\u00fcl\u00f6n megv\u00e1s\u00e1rolhat\u00f3). Ez a kieg\u00e9sz\u00edt\u0151 funkci\u00f3 biztos\u00edtja, hogy a k\u00e9sz\u00fcl\u00e9ket annyira hossz\u00fa ideig haszn\u00e1lhassa, am\u00edg szeretn\u00e9, an\u00e9lk\u00fcl, hogy gyakran kellene cser\u00e9lni, \u00edgy k\u00f6lts\u00e9ghat\u00e9konyabb \u00e9s k\u00f6rnyezetbar\u00e1tabb.<\/p>\n<h4>3. <strong>B\u0151s\u00e9ges E-Liquid Kapacit\u00e1s<\/strong><\/h4>\n<p>Mindegyik <strong>Crown Bar 15000 Puffs<\/strong> el\u0151re kit\u00f6ltve van <strong>22ml e-folyad\u00e9k<\/strong>B\u0151s\u00e9ges kapacit\u00e1st k\u00edn\u00e1lva a hosszabb haszn\u00e1lat \u00e9rdek\u00e9ben. Ez a nagy folyad\u00e9kkapacit\u00e1s seg\u00edt elker\u00fclni a gyakori ut\u00e1nt\u00f6lt\u00e9st, biztos\u00edtva, hogy ink\u00e1bb a vape \u00e9lvezet\u00e9re koncentr\u00e1lhasson, mint a karbantart\u00e1sra.<\/p>\n<h4>4. <strong>K\u00f6nny\u0171 Megfigyel\u00e9shez LED Kijelz\u0151<\/strong><\/h4>\n<p>Maradjon ir\u00e1ny\u00edt\u00e1sa alatt az \u00d6n g\u0151z\u00f6l\u00e9si tapasztalata az be\u00e9p\u00edtett seg\u00edts\u00e9g\u00e9vel <strong>LED kijelz\u0151<\/strong>Ez az intuit\u00edv k\u00e9perny\u0151 lehet\u0151v\u00e9 teszi, hogy mindk\u00e9t <strong>akkumul\u00e1tor \u00e9lettartam<\/strong> \u00e9s <strong>folyad\u00e9kszint<\/strong>, biztos\u00edtva, hogy mindig tiszt\u00e1ban legyen azzal, mikor kell \u00fajra t\u00f6lteni vagy ut\u00e1nt\u00f6lteni.<\/p>\n<h4>5. <strong>Kiv\u00e1l\u00f3 P\u00e1ra Termel\u00e9s<\/strong><\/h4>\n<p>Halad\u00f3 l\u00e9g\u00e1raml\u00e1si technol\u00f3gi\u00e1val tervezve, a <strong>Crown Bar 15000 Puffs<\/strong> Gazdag, s\u0171r\u0171 p\u00e1rafelh\u0151ket termel. Minden bel\u00e9gz\u00e9s sima, kiel\u00e9g\u00edt\u0151 \u00e9lm\u00e9nyt ny\u00fajt, amelyet a k\u00e9sz\u00fcl\u00e9k azon k\u00e9pess\u00e9ge fokoz, hogy er\u0151s p\u00e1rat termeljen an\u00e9lk\u00fcl, hogy fel\u00e1ldozn\u00e1 az \u00edzt.<\/p>\n<h4>6. <strong>Nikotin er\u0151ss\u00e9ge \u00e9s simas\u00e1ga<\/strong><\/h4>\n<p>At <strong>0,5% nikotintartalom<\/strong>a, <strong>Korona B\u00e1r<\/strong> kiegyens\u00falyozott, sima torok\u00fct\u00e9st biztos\u00edt. Ez ide\u00e1liss\u00e1 teszi azok sz\u00e1m\u00e1ra, akik alacsonyabb nikotinbev\u00e9telt prefer\u00e1lnak, mik\u00f6zben tov\u00e1bbra is kiel\u00e9g\u00edt\u0151 \u00e9rz\u00e9st \u00e9lveznek.<\/p>\n<h4>7. <strong>K\u00e9nyelmes \u00e9s St\u00edlusos Kialak\u00edt\u00e1s<\/strong><\/h4>\n<p>Sleek, kompakt \u00e9s hordozhat\u00f3, a <strong>Crown Bar 15000 Puffs<\/strong> \u00dagy tervezt\u00e9k, hogy k\u00f6nnyen hordozhat\u00f3 legyen \u00e9s b\u00e1rhol haszn\u00e1lhat\u00f3. Modern diz\u00e1jnja \u00e9s k\u00e9nyelmes m\u00e9rete t\u00f6k\u00e9letes v\u00e1laszt\u00e1ss\u00e1 teszi azok sz\u00e1m\u00e1ra, akik st\u00edlust \u00e9s funkcionalit\u00e1st k\u00f6vetelnek meg g\u0151z\u00f6l\u0151 eszk\u00f6zeikt\u0151l.<\/p>\n<h3>A legjobb \u00edzek az AL Fakher Crown Bar 15000 Puffs-b\u00f3l<\/h3>\n<p>A kiemelked\u0151 tulajdons\u00e1gai k\u00f6z\u00fcl az egyik <strong>Crown Bar 15000 Puffs<\/strong> impoz\u00e1ns \u00edzv\u00e1laszt\u00e9k\u00e1r\u00f3l van sz\u00f3. Az AL Fakher gondosan k\u00e9sz\u00edtette el minden \u00edz\u00e9t, hogy minden sz\u00edv\u00e1sn\u00e1l k\u00fcl\u00f6nleges, kiel\u00e9g\u00edt\u0151 \u00edzt k\u00edn\u00e1ljon. Ak\u00e1r gy\u00fcm\u00f6lcs\u00f6s, friss\u00edt\u0151, vagy h\u0171s\u00edt\u0151 jegyeket kedveli, mindenki sz\u00e1m\u00e1ra van valami. Itt van a legn\u00e9pszer\u0171bb el\u00e9rhet\u0151 \u00edzek bont\u00e1sa:<\/p>\n<ol>\n<li><strong>Bogy\u00f3 J\u00e9g<\/strong><br \/>\n\u00c9rett, \u00e9des bogy\u00f3k h\u0171s\u00edt\u0151 f\u00fazi\u00f3ja, melyet j\u00e9ghideg befejez\u00e9s eg\u00e9sz\u00edt ki. A friss, fanyar \u00edz t\u00f6k\u00e9letesen egyens\u00falyban van a friss\u00edt\u0151 mentolos alhanggal, ami ropog\u00f3s \u00e9s \u00e9l\u00e9nk\u00edt\u0151 \u00e9rz\u00e9st ny\u00fajt.<\/li>\n<li><strong>K\u00e9k Razz Citroml\u00e9<\/strong><br \/>\nEgy cs\u00e1b\u00edt\u00f3an pik\u00e1ns kever\u00e9ke a savany\u00fa k\u00e9k m\u00e1ln\u00e1nak \u00e9s a fanyar citroml\u00e9nek. A m\u00e1lna \u00e9les \u00edze t\u00f6k\u00e9letesen ellens\u00falyozza a citroml\u00e9 \u00e9dess\u00e9g\u00e9t, ezzel ezt az \u00edzt egy friss\u00edt\u0151 finoms\u00e1gg\u00e1 t\u00e9ve, ami b\u00e1rmilyen alkalomra t\u00f6k\u00e9letes.<\/li>\n<li><strong>Mango j\u00e9g<\/strong><br \/>\n\u00c9lje \u00e1t az \u00e9rett mang\u00f3 tr\u00f3pusi \u00e9dess\u00e9g\u00e9t, amelyet egy h\u0171s mentolos kil\u00e9gz\u00e9s k\u00f6vet. Ez az \u00edz friss\u00edt\u0151 menek\u00fcl\u00e9st ny\u00fajt, ide\u00e1lis azok sz\u00e1m\u00e1ra, akik egzotikus gy\u00fcm\u00f6lcs \u00edzekre v\u00e1gynak, h\u0171s csavarral.<\/li>\n<li><strong>Sz\u0151l\u0151 Menta<\/strong><br \/>\nEgy mer\u00e9sz \u00e9s \u00edzletes kever\u00e9k l\u00e9d\u00fas sz\u0151l\u0151b\u0151l, melyhez egy kis mentalevelet adtak. Ez a friss\u00edt\u0151 kombin\u00e1ci\u00f3 t\u00f6k\u00e9letes azok sz\u00e1m\u00e1ra, akik gy\u00fcm\u00f6lcs\u00f6s, \u00e9des \u00edzeket szeretnek, egy kis h\u0171v\u00f6ss\u00e9ggel, sima \u00e9s kiel\u00e9g\u00edt\u0151 vape-\u00e9lm\u00e9ny\u00e9rt.<\/li>\n<li><strong>Lush J\u00e9g<\/strong><br \/>\nL\u00e9d\u00fas \u00e9s \u00e9des g\u00f6r\u00f6gdinnye \u00edz, p\u00e1ros\u00edtva egy friss\u00edt\u0151 mentol befejez\u00e9ssel. Ez az \u00edz t\u00f6k\u00e9letes a meleg id\u0151j\u00e1r\u00e1sban vagy b\u00e1rmikor, amikor \u00e9lvezni szeretn\u00e9 a g\u00f6r\u00f6gdinnye friss\u00edt\u0151 \u00edz\u00e9t egy plusz h\u0171s\u00edt\u0151 szell\u0151vel.<\/li>\n<li><strong>M\u00e1gikus Szerelem<\/strong><br \/>\nEgy titokzatos \u00e9s \u00f6sszetett egzotikus gy\u00fcm\u00f6lcs\u00f6kb\u0151l \u00e1ll\u00f3 kever\u00e9k. Minden sz\u00edv\u00e1s k\u00fcl\u00f6nb\u00f6z\u0151 jegyeket t\u00e1r fel, egyedi \u00e9s kisz\u00e1m\u00edthatatlan g\u0151z\u00f6l\u00e9si \u00e9lm\u00e9nyt teremtve. Ez a t\u00f6k\u00e9letes v\u00e1laszt\u00e1s azok sz\u00e1m\u00e1ra, akik valami \u00fajat \u00e9s izgalmasat szeretn\u00e9nek minden egyes l\u00e9legzetv\u00e9teln\u00e9l.<\/li>\n<\/ol>\n<h3>Mi\u00e9rt v\u00e1lassza az AL Fakher Crown Bar 15000 Puffot?<\/h3>\n<h4>Min\u0151s\u00e9g \u00e9s Hiteless\u00e9g<\/h4>\n<p>Amikor kiv\u00e1lasztja a<a href=\"https:\/\/fumotxpress.de\/hu\/\"> <strong>AL Fakher Crown Bar<\/strong><\/a>, egy hiteles, pr\u00e9mium term\u00e9ket v\u00e1laszt, amelyet a p\u00e1rologtat\u00e1s ipar\u00e1nak egyik legmegb\u00edzhat\u00f3bb m\u00e1rk\u00e1ja k\u00e9sz\u00edt.  Min\u0151s\u00e9g ir\u00e1nti elk\u00f6telezetts\u00e9g\u00e9r\u0151l ismert, az AL Fakher biztos\u00edtja, hogy minden k\u00e9sz\u00fcl\u00e9ket a legmagasabb sz\u00ednvonalon k\u00e9sz\u00edtsenek, \u00e9s a p\u00e1rologtat\u00f3knak kiv\u00e1l\u00f3 \u00e9lm\u00e9nyt ny\u00fajtsanak.<\/p>\n<h4>K\u00e9nyelem \u00e9s hordozhat\u00f3s\u00e1g<\/h4>\n<p>A <strong>Crown Bar 15000 Puffs<\/strong> K\u00e9nyelmet szem el\u0151tt tartva tervezt\u00e9k. T\u00f6k\u00e9letes \u00fatk\u00f6zbeni vapoz\u00e1shoz, lehet\u0151v\u00e9 t\u00e9ve, hogy kiel\u00e9g\u00edt\u0151 vape-ot \u00e9lvezzen b\u00e1rhol, ahova az \u00e9let viszi. Ak\u00e1r az irod\u00e1ban, utaz\u00e1s k\u00f6zben, vagy bar\u00e1tokkal t\u00e1rsalognak, ez a vape z\u00f6kken\u0151mentesen illeszkedik az \u00e9letst\u00edlus\u00e1ba.<\/p>\n<h4>Versenyk\u00e9pes \u00c1raz\u00e1s \u00e9s Eur\u00f3pai Sz\u00e1ll\u00edt\u00e1s<\/h4>\n<p>At <a href=\"https:\/\/fumotxpress.de\/hu\/\"><strong>FumotXpress.de<\/strong><\/a>, aj\u00e1nljuk a <strong>AL Fakher Crown Bar 15000 Puffs<\/strong> versenyk\u00e9pes \u00e1ron, minim\u00e1lis rendel\u00e9si mennyis\u00e9g n\u00e9lk\u00fcl.  N\u00e9metorsz\u00e1g legnagyobb online eldobhat\u00f3 vape keresked\u0151jek\u00e9nt eur\u00f3pai rakt\u00e1runkb\u00f3l sz\u00e1ll\u00edtunk, biztos\u00edtva <strong>Gyors sz\u00e1ll\u00edt\u00e1s<\/strong> (3-7 nap) az EU-ban.<\/p>\n<h3>Hogyan rendelhet\u0151 az AL Fakher Crown Bar 15000 Puffs<\/h3>\n<p>K\u00f6vetkez\u0151 szint\u0171 g\u0151z\u00f6l\u00e9si \u00e9lm\u00e9nyhez a <strong>AL Fakher Crown Bar 15000 Puffs<\/strong>l\u00e1togasson el <strong>FumotXpress.de<\/strong>, a megb\u00edzhat\u00f3 platform a pr\u00e9mium eldobhat\u00f3 vape-k sz\u00e1m\u00e1ra. Ak\u00e1r nagy mennyis\u00e9gben v\u00e1s\u00e1rol, ak\u00e1r csak egy k\u00e9sz\u00fcl\u00e9kre van sz\u00fcks\u00e9ge, rugalmas v\u00e1s\u00e1rl\u00e1si lehet\u0151s\u00e9geket k\u00edn\u00e1lunk, amelyek \u00e1ra <strong>1 darab<\/strong>nincs minim\u00e1lis rendel\u00e9si mennyis\u00e9g. K\u00f6nny\u0171 p\u00e9nzt\u00e1rfolyamatunkkal \u00e9s gyors sz\u00e1ll\u00edt\u00e1ssal hamarosan megkapja \u00faj kedvenc vape-j\u00e1t.<\/p>\n<h3>K\u00f6vetkeztet\u00e9s<\/h3>\n<p>A <strong>AL Fakher Crown Bar 15000 Puffs<\/strong> t\u00f6bb mint egy egyszer\u0171 vape - ez egy \u00e9lm\u00e9ny. A vele val\u00f3 <strong>tart\u00f3s kapacit\u00e1s<\/strong>, <strong>\u00fajrat\u00f6lthet\u0151 akkumul\u00e1tor<\/strong>\u00e9s <strong>sz\u00e9les \u00edzv\u00e1laszt\u00e9k<\/strong>, \u00fagy tervezt\u00e9k, hogy minden alkalommal p\u00e1ratlan vaporiz\u00e1ci\u00f3s \u00e9lm\u00e9nyt ny\u00fajtson. Ak\u00e1r a k\u00e9nyelmet, a teljes\u00edtm\u00e9nyt, vagy a kiv\u00e9teles \u00edzt keresed, a <strong>Crown Bar 15000 Puffs<\/strong> kiemelkedik az uni\u00f3s g\u0151z\u00f6l\u0151k legjobb v\u00e1laszt\u00e1sak\u00e9nt. Rendeljen most a <strong>FumotXpress.de<\/strong> \u00e9s megtudhatja, mi\u00e9rt vagyunk a legnagyobb \u00e9s legmegb\u00edzhat\u00f3bb online platform <strong>eldobhat\u00f3 vape-ok<\/strong> N\u00e9metorsz\u00e1gban.<\/p>","protected":false},"excerpt":{"rendered":"<p>V\u00e1s\u00e1rolja meg az AL Fakher Crown Bar 15000 Puffs 0.5% alacsony nikotintartalm\u00fa \u00fajrat\u00f6lthet\u0151 eldobhat\u00f3 vape tollat a FumotXpress.de oldalon. \u00c9lvezze a pr\u00e9mium \u00edzeket, a hossz\u00fa \u00e9lettartam\u00fa teljes\u00edtm\u00e9nyt \u00e9s a gyors eur\u00f3pai sz\u00e1ll\u00edt\u00e1st N\u00e9metorsz\u00e1g vezet\u0151 online eldobhat\u00f3 vape keresked\u0151j\u00e9t\u0151l.<\/p>","protected":false},"featured_media":696,"comment_status":"open","ping_status":"closed","template":"","meta":{"om_disable_all_campaigns":false},"product_brand":[],"product_cat":[74,16,56,61,63,65,67,68],"product_tag":[],"class_list":{"0":"post-740","1":"product","2":"type-product","3":"status-publish","4":"has-post-thumbnail","6":"product_cat-15000-puff-disposable-vape","7":"product_cat-al-fakher-disposable-vapes","8":"product_cat-disposable-vape-types","9":"product_cat-big-puffs-disposable-vapes","10":"product_cat-digital-box-disposable-vapes","11":"product_cat-lower-nicotine-disposable-vapes","12":"product_cat-rechargeable-disposable-vapes","13":"product_cat-shisha-hookah-disposable-vapes","15":"first","16":"outofstock","17":"shipping-taxable","18":"product-type-variable"},"_links":{"self":[{"href":"https:\/\/fumotxpress.de\/hu\/wp-json\/wp\/v2\/product\/740","targetHints":{"allow":["GET"]}}],"collection":[{"href":"https:\/\/fumotxpress.de\/hu\/wp-json\/wp\/v2\/product"}],"about":[{"href":"https:\/\/fumotxpress.de\/hu\/wp-json\/wp\/v2\/types\/product"}],"replies":[{"embeddable":true,"href":"https:\/\/fumotxpress.de\/hu\/wp-json\/wp\/v2\/comments?post=740"}],"wp:featuredmedia":[{"embeddable":true,"href":"https:\/\/fumotxpress.de\/hu\/wp-json\/wp\/v2\/media\/696"}],"wp:attachment":[{"href":"https:\/\/fumotxpress.de\/hu\/wp-json\/wp\/v2\/media?parent=740"}],"wp:term":[{"taxonomy":"product_brand","embeddable":true,"href":"https:\/\/fumotxpress.de\/hu\/wp-json\/wp\/v2\/product_brand?post=740"},{"taxonomy":"product_cat","embeddable":true,"href":"https:\/\/fumotxpress.de\/hu\/wp-json\/wp\/v2\/product_cat?post=740"},{"taxonomy":"product_tag","embeddable":true,"href":"https:\/\/fumotxpress.de\/hu\/wp-json\/wp\/v2\/product_tag?post=740"}],"curies":[{"name":"wp","href":"https:\/\/api.w.org\/{rel}","templated":true}]}}