{"id":52,"date":"2024-09-23T08:32:31","date_gmt":"2024-09-23T08:32:31","guid":{"rendered":"https:\/\/fumotxpress.de\/?post_type=product&#038;p=52"},"modified":"2025-07-13T13:10:35","modified_gmt":"2025-07-13T13:10:35","slug":"szensavas-nagyszeru-10000-fujas-2-5-gramm-alacsony-nikotintartalmu-rud-ujratoltheto-eldobhato-vape","status":"publish","type":"product","link":"https:\/\/fumotxpress.de\/hu\/termek\/szensavas-nagyszeru-10000-fujas-2-5-gramm-alacsony-nikotintartalmu-rud-ujratoltheto-eldobhato-vape\/","title":{"rendered":"Fizzy Great 10000 Puffs 2% 5% Alacsony Nikotin  GRAMM Bar \u00dajrat\u00f6lthet\u0151 Eldobhat\u00f3 Vape"},"content":{"rendered":"<h2><strong>P\u00e1ratlan Vaping a Fizzy Great 10000 Puffs Eldobhat\u00f3 Vape-pal<\/strong><\/h2>\n<p>A<a href=\"https:\/\/fumotxpress.de\/hu\/termek\/szensavas-nagyszeru-10000-fujas-2-5-gramm-alacsony-nikotintartalmu-rud-ujratoltheto-eldobhato-vape\/\"> <strong>Fizzy Great 10000 Puffs<\/strong> Eldobhat\u00f3 Vape<\/a> \u00fajradefini\u00e1lja az eldobhat\u00f3 vape-ok szabv\u00e1nyait a sz\u00e9lesk\u00f6r\u0171 f\u00faj\u00e1ssz\u00e1mmal, a \u00fajrat\u00f6lthet\u0151 k\u00e9nyelemmel \u00e9s a kiv\u00e1l\u00f3 \u00edz\u00e1tad\u00e1ssal. A leg\u00fajabb vaporiz\u00e1ci\u00f3s technol\u00f3gi\u00e1t \u00f6tv\u00f6zve egy kompakt, \u00e1ramvonalas kialak\u00edt\u00e1ssal, ez az eldobhat\u00f3 vape t\u00f6k\u00e9letes mind a kezd\u0151, mind a tapasztalt vaperek sz\u00e1m\u00e1ra, akik min\u0151s\u00e9get \u00e9s k\u00f6nny\u0171s\u00e9get keresnek. Minden k\u00e9sz\u00fcl\u00e9k 21 \u00e9s 51 k\u00f6z\u00f6tti alacsony nikotintartalommal k\u00edn\u00e1l opci\u00f3kat, kiel\u00e9g\u00edtve azokat a felhaszn\u00e1l\u00f3kat, akik szem\u00e9lyre szabott vaporiz\u00e1ci\u00f3s \u00e9lm\u00e9nyt keresnek leny\u0171g\u00f6z\u0151 hossz\u00fa \u00e9lettartammal.<\/p>\n<p><strong>El\u00e9rhet\u0151 a FumotXpress.de oldalon<\/strong>N\u00e9metorsz\u00e1g legnagyobb online kiskereskedelmi platformja az eldobhat\u00f3 g\u0151z\u00f6l\u0151kh\u00f6z, az<a href=\"https:\/\/fumotxpress.de\/hu\/\"> Fizzy<\/a> A term\u00e9ket eur\u00f3pai rakt\u00e1runkb\u00f3l sz\u00e1ll\u00edtjuk, biztos\u00edtva a gyors sz\u00e1ll\u00edt\u00e1st az EU-ba 3-7 napon bel\u00fcl. Weboldalunkon nincs minim\u00e1lis rendel\u00e9si mennyis\u00e9g politika, lehet\u0151v\u00e9 t\u00e9ve \u00fcgyfeleink sz\u00e1m\u00e1ra, hogy egy vagy t\u00f6bb egys\u00e9get rendeljenek ig\u00e9nyeik szerint.<\/p>\n<p><img loading=\"lazy\" decoding=\"async\" class=\"alignnone size-full wp-image-190\" src=\"https:\/\/fumotxpress.de\/wp-content\/uploads\/2024\/09\/Fizzy-Great-10000-Puffs-2-5-Low-Nicotine-Rechargeable-Disposable-Vapes-scaled.jpg\" alt=\"Fizzy Great 10000 Puffs 2% 5% Alacsony Nikotin T\u00f6lthet\u0151 Eldobhat\u00f3 Vape.\" width=\"1810\" height=\"2560\" srcset=\"https:\/\/fumotxpress.de\/wp-content\/uploads\/2024\/09\/Fizzy-Great-10000-Puffs-2-5-Low-Nicotine-Rechargeable-Disposable-Vapes-scaled.jpg 1810w, https:\/\/fumotxpress.de\/wp-content\/uploads\/2024\/09\/Fizzy-Great-10000-Puffs-2-5-Low-Nicotine-Rechargeable-Disposable-Vapes-scaled-600x849.jpg 600w, https:\/\/fumotxpress.de\/wp-content\/uploads\/2024\/09\/Fizzy-Great-10000-Puffs-2-5-Low-Nicotine-Rechargeable-Disposable-Vapes-212x300.jpg 212w, https:\/\/fumotxpress.de\/wp-content\/uploads\/2024\/09\/Fizzy-Great-10000-Puffs-2-5-Low-Nicotine-Rechargeable-Disposable-Vapes-724x1024.jpg 724w, https:\/\/fumotxpress.de\/wp-content\/uploads\/2024\/09\/Fizzy-Great-10000-Puffs-2-5-Low-Nicotine-Rechargeable-Disposable-Vapes-768x1086.jpg 768w, https:\/\/fumotxpress.de\/wp-content\/uploads\/2024\/09\/Fizzy-Great-10000-Puffs-2-5-Low-Nicotine-Rechargeable-Disposable-Vapes-1086x1536.jpg 1086w, https:\/\/fumotxpress.de\/wp-content\/uploads\/2024\/09\/Fizzy-Great-10000-Puffs-2-5-Low-Nicotine-Rechargeable-Disposable-Vapes-1448x2048.jpg 1448w\" sizes=\"auto, (max-width: 1810px) 100vw, 1810px\" \/><\/p>\n<h3>Mik azok a tulajdons\u00e1gok, amelyek kiemelik a Fizzy-t a t\u00f6bbiek k\u00f6z\u00fcl<\/h3>\n<p>A Fizzy Great eldobhat\u00f3 vape csomagjai pr\u00e9mium funkci\u00f3kat tartalmaznak, kezdve egy nagy kapacit\u00e1s\u00fa \u00fajrat\u00f6lthet\u0151 akkumul\u00e1tort\u00f3l az innovat\u00edv tekercsrendszerig. Itt van, ami miatt a legjobb v\u00e1laszt\u00e1s:<\/p>\n<ul>\n<li><strong>Legfeljebb 10 000 Puff<\/strong>: Nagy kapacit\u00e1s, hosszabb haszn\u00e1latra tervezve, ide\u00e1lis azok sz\u00e1m\u00e1ra, akik hossz\u00fa t\u00e1v\u00fa k\u00e9nyelmet keresnek.<\/li>\n<li><strong>\u00dajrat\u00f6lthet\u0151 650mAh Akkumul\u00e1tor<\/strong>A \u00fajrat\u00f6lthet\u0151 akkumul\u00e1tor minimaliz\u00e1lja a hullad\u00e9kot, meghosszabb\u00edtja az eszk\u00f6z \u00e9lettartam\u00e1t \u00e9s maximaliz\u00e1lja az \u00e9rt\u00e9ket.<\/li>\n<li><strong>18ml e-folyad\u00e9k kapacit\u00e1s<\/strong>: Biztos\u00edtja a folyamatos haszn\u00e1latot minim\u00e1lis ut\u00e1nt\u00f6lt\u00e9ssel, t\u00f6k\u00e9letes egy gondtalan vaporiz\u00e1ci\u00f3s \u00e9lm\u00e9nyhez.<\/li>\n<li><strong>H\u00e1l\u00f3 Tekercs Technol\u00f3gia<\/strong>: A fejlett h\u00e1l\u00f3 tekercs gazdag, testes \u00edzeket eredm\u00e9nyez minden egyes sz\u00edv\u00e1sn\u00e1l, tov\u00e1bb er\u0151s\u00edtve az \u00edzprofilt.<\/li>\n<li><strong>Alacsony Nikotin T\u00edpusok (2% \u00e9s 5%)<\/strong>: Testreszabhat\u00f3 nikotiner\u0151t k\u00edn\u00e1l, lehet\u0151v\u00e9 t\u00e9ve, hogy az \u00d6n preferenci\u00e1i alapj\u00e1n v\u00e1lasszon.<\/li>\n<li><strong>Kompakt \u00e9s hordozhat\u00f3<\/strong>K\u00f6nny\u0171, tart\u00f3s kialak\u00edt\u00e1s\u00e1nak k\u00f6sz\u00f6nhet\u0151en b\u00e1rhov\u00e1 k\u00f6nnyen mag\u00e1val viheti, \u00edgy az \u00f6r\u00f6m mindig el\u00e9rhet\u0151 k\u00f6zels\u00e9gben van.<\/li>\n<li><strong>K\u00f6rnyezetbar\u00e1t tervez\u00e9s<\/strong>: Az \u00fajrat\u00f6lthet\u0151 technol\u00f3gia cs\u00f6kkenti a hullad\u00e9kot, \u00edgy k\u00f6rnyezetbar\u00e1t v\u00e1laszt\u00e1s.<\/li>\n<\/ul>\n<p>A Fizzy Great 10000 Puffs Disposable Vape minden egyes \u00f6sszetev\u0151j\u00e9t gondosan tervezt\u00e9k, hogy sima, \u00e9lvezetes vape-\u00e9lm\u00e9nyt ny\u00fajtson. \u00dajrat\u00f6lthet\u0151 funkci\u00f3j\u00e1val \u00e9s hossz\u00fa \u00e9lettartam\u00fa teljes\u00edtm\u00e9ny\u00e9vel kiemelkedik a pr\u00e9mium opci\u00f3nak a eldobhat\u00f3 vape-ok k\u00f6z\u00f6tt.<\/p>\n<h3>\u00cdzletes Kaland a Fizzy Great-tel<\/h3>\n<p>A <strong>Fizzy Great 10000 Puffs Eldobhat\u00f3 Vape<\/strong> k\u00fcl\u00f6nb\u00f6z\u0151 friss\u00edt\u0151 \u00edzekkel k\u00e9sz\u00fcl, amelyek a v\u00e1ltozatos \u00edzl\u00e9snek megfelelnek. Minden \u00edzprofil gazdag \u00e9s kiel\u00e9g\u00edt\u0151, \u00fagy tervezve, hogy sima, testes \u00e9lm\u00e9nyt ny\u00fajtson az els\u0151 sz\u00edv\u00e1st\u00f3l az utols\u00f3ig. \u00cdme, egy vonz\u00f3 \u00edzv\u00e1laszt\u00e9k, amely a Fizzy Great-tal \u00e9rhet\u0151 el:<\/p>\n<ol>\n<li><strong>Limon\u00e1d\u00e9<\/strong>: Egy vil\u00e1gos, f\u0171szeres kever\u00e9k, amely minden bel\u00e9gz\u00e9ssel egy kis nyarat hoz.<\/li>\n<li><strong>Eper S\u00e1rgadinnye<\/strong>: \u00c9des eper \u00e9s l\u00e9d\u00fas g\u00f6r\u00f6gdinnye egyes\u00fcl egy t\u00f6k\u00e9letes p\u00e1ros\u00edt\u00e1sban.<\/li>\n<li><strong>K\u00e9k\u00e1fonya J\u00e9g<\/strong>\u00c9rett \u00e1fonya friss\u00edt\u0151 mentolos befejez\u00e9ssel.<\/li>\n<li><strong>\u0150szibar\u00e1t Mang\u00f3<\/strong>: Tr\u00f3pusi \u0151szibarack \u00e9s mang\u00f3 kever\u00e9k gazdag, sima \u00edzzel.<\/li>\n<li><strong>H\u0171s Menta<\/strong>: Klasszikus ment\u00e1s \u00edz, amely egyszerre friss\u00edt\u0151 \u00e9s \u00e9l\u00e9nk\u00edt\u0151.<\/li>\n<li><strong>Vegyes Bogy\u00f3k<\/strong>: Egyfajta bogy\u00f3s gy\u00fcm\u00f6lcs kever\u00e9k, mely kiegyens\u00falyozott, fanyar \u00e9s \u00e9des \u00edzprofilt eredm\u00e9nyez.<\/li>\n<li><strong>Anan\u00e1sz j\u00e9g<\/strong>Tr\u00f3pusi anan\u00e1sz \u00edz h\u0171s lehellettel egy tr\u00f3pusi csavarral.<\/li>\n<li><strong>Piros Alma J\u00e9g<\/strong>: \u00c9les alma \u00edz, melyet h\u0171s\u00edt\u0151 mentol \u00e1rnyal\u00e9ka eg\u00e9sz\u00edt ki.<\/li>\n<li><strong>Eper Ban\u00e1n<\/strong>: A sima ban\u00e1n \u00e9s a friss eper kr\u00e9mes kever\u00e9ket alkot.<\/li>\n<li><strong>Aloe sz\u0151l\u0151<\/strong>Egyedi aloe \u00edz \u00e9des sz\u0151l\u0151 befejez\u00e9ssel.<\/li>\n<\/ol>\n<p>Minden \u00edz egyedi \u00e9lm\u00e9nyt k\u00edn\u00e1l, amelyet \u00fagy alak\u00edtottak ki, hogy minden sz\u00edv\u00e1sn\u00e1l kiel\u00e9g\u00edt\u00e9st \u00e9s \u00f6r\u00f6met ny\u00fajtson. Ak\u00e1r valami gy\u00fcm\u00f6lcs\u00f6s, mentolos vagy tr\u00f3pusi \u00edzt prefer\u00e1l, a Fizzy Great v\u00e1laszt\u00e9k\u00e1ban biztosan tal\u00e1l valami minden \u00edzl\u00e9shez.<\/p>\n<h3>Mi\u00e9rt v\u00e1lassza a FumotXpress.de-t?<\/h3>\n<p>Mint <strong>N\u00e9metorsz\u00e1g vezet\u0151 online platformja az eldobhat\u00f3 g\u0151z\u00f6l\u0151kh\u00f6z<\/strong>FumotXpress.de p\u00e1ratlan v\u00e1s\u00e1rl\u00e1si \u00e9lm\u00e9nyt k\u00edn\u00e1l.  Sz\u00e1mos n\u00e9pszer\u0171 m\u00e1rk\u00e1t forgalmazunk, bele\u00e9rtve az Al Fakher-t, a Fizzy-t, az OBEELAB HHC-t \u00e9s az SMPO DL02-t, gyors EU-szint\u0171 sz\u00e1ll\u00edt\u00e1ssal \u00e9s minim\u00e1lis rendel\u00e9si mennyis\u00e9g n\u00e9lk\u00fcl.<\/p>\n<p>Itt van, mi\u00e9rt a FumotXpress.de-r\u0151l val\u00f3 v\u00e1s\u00e1rl\u00e1s a legjobb v\u00e1laszt\u00e1s a kiv\u00e1l\u00f3 min\u0151s\u00e9g\u0171 eldobhat\u00f3 vaperekhez:<\/p>\n<ul>\n<li><strong>Sz\u00e9les V\u00e1laszt\u00e9k<\/strong>A HHC-inf\u00fazi\u00f3s tollakt\u00f3l a \u00fajrat\u00f6lthet\u0151 eldobhat\u00f3 eszk\u00f6z\u00f6kig, gy\u0171jtem\u00e9ny\u00fcnket \u00fagy alak\u00edtottuk ki, hogy megfeleljen minden ig\u00e9nynek.<\/li>\n<li><strong>Gyors Sz\u00e1ll\u00edt\u00e1s<\/strong>: Eur\u00f3pai rakt\u00e1runk biztos\u00edtja, hogy megrendel\u00e9se 3-7 napon bel\u00fcl meg\u00e9rkezzen az EU-ban.<\/li>\n<li><strong>Nincs Minim\u00e1lis Rendel\u00e9si K\u00f6vetelm\u00e9ny<\/strong>Rendel\u00e9s ak\u00e1r egy darabt\u00f3l, lehet\u0151v\u00e9 t\u00e9ve a k\u00e9nyelmes, rugalmas v\u00e1s\u00e1rl\u00e1si \u00e9lm\u00e9nyt.<\/li>\n<li><strong>Kiv\u00e9teles \u00dcgyf\u00e9lszolg\u00e1lat<\/strong>Csapatunk elk\u00f6telezett amellett, hogy z\u00f6kken\u0151mentes \u00e9s kiel\u00e9g\u00edt\u0151 v\u00e1s\u00e1rl\u00e1si \u00e9lm\u00e9nyt biztos\u00edtson az elej\u00e9t\u0151l a v\u00e9g\u00e9ig.<\/li>\n<li><strong>Versenyk\u00e9pes \u00c1raz\u00e1s<\/strong>: Megfizethet\u0151 \u00e1rak a pr\u00e9mium term\u00e9kekn\u00e9l, hogy \u00e9lvezhesd a min\u0151s\u00e9get kompromisszumok n\u00e9lk\u00fcl.<\/li>\n<\/ul>\n<p>A FumotXpress.de v\u00e1laszt\u00e1s\u00e1val felfedezheti a piacon el\u00e9rhet\u0151 legjobb eldobhat\u00f3 vape-eket, amelyeket k\u00f6zvetlen\u00fcl az \u00d6n ajtaj\u00e1ig sz\u00e1ll\u00edtanak az online v\u00e1s\u00e1rl\u00e1s k\u00e9nyelm\u00e9vel.<\/p>\n<h3>Mi\u00e9rt a Fizzy Great 10000 Puffs az ide\u00e1lis minden vaporiz\u00e1l\u00f3 sz\u00e1m\u00e1ra<\/h3>\n<p>A <strong>Fizzy Great 10000 Puffs<\/strong> Az eldobhat\u00f3 vape \u00f6tv\u00f6zi a modern p\u00e1rologtat\u00e1si technol\u00f3gia legjobbj\u00e1t az \u00e9lvezetes \u00edzek \u00e9s a felhaszn\u00e1l\u00f3bar\u00e1t funkci\u00f3k sz\u00e9les sk\u00e1l\u00e1j\u00e1val. Hossz\u00fa \u00e9lettartam\u00fa f\u00faj\u00e1ssz\u00e1ma, \u00fajrat\u00f6lthet\u0151 akkumul\u00e1tora \u00e9s gazdag \u00edzlehet\u0151s\u00e9gei kiemelked\u0151 v\u00e1laszt\u00e1ss\u00e1 teszik, ak\u00e1r alkalmi p\u00e1rologtat\u00f3r\u00f3l, ak\u00e1r napi haszn\u00e1l\u00f3r\u00f3l van sz\u00f3. A karcs\u00fa kialak\u00edt\u00e1s \u00e9s a min\u0151s\u00e9gi konstrukci\u00f3 r\u00e9v\u00e9n a Fizzy Great biztos\u00edtja a v\u00e9gs\u0151 p\u00e1rologtat\u00e1si \u00e9lm\u00e9nyt.<\/p>\n<p>L\u00e1togat\u00e1s <a href=\"https:\/\/fumotxpress.de\/hu\/\"><strong>FumotXpress.de<\/strong><\/a> Ma adja le rendel\u00e9s\u00e9t a<a href=\"https:\/\/fumotxpress.de\/hu\/\"> <strong>Fizzy Great 10000 Puffs<\/strong> <\/a>\u00c9s \u00e9lvezze az eldobhat\u00f3 vape k\u00e9nyelm\u00e9t, amely minden egyes f\u00faj\u00e1sn\u00e1l tart\u00f3s el\u00e9gedetts\u00e9get \u00e9s robusztus \u00edzt k\u00edn\u00e1l.<\/p>","protected":false},"excerpt":{"rendered":"<p>Fedezze fel a hossz\u00fa \u00e9lettartam\u00fa, \u00edzben gazdag \u00e9lm\u00e9nyt <strong>Fizzy Great 10000 Puffs \u00dajrat\u00f6lthet\u0151 Eldobhat\u00f3 Vape<\/strong>, most gyors EU sz\u00e1ll\u00edt\u00e1ssal el\u00e9rhet\u0151 a FumotXpress.de oldalon.<\/p>","protected":false},"featured_media":54,"comment_status":"open","ping_status":"closed","template":"","meta":{"om_disable_all_campaigns":false},"product_brand":[],"product_cat":[20,91,92,94,97,99,101,103,104,105,106,107,108,109,111,112,78,79,80,81,82,83,84,85,86,87,88,89,90,70,72,56,61,65,67],"product_tag":[],"class_list":{"0":"post-52","1":"product","2":"type-product","3":"status-publish","4":"has-post-thumbnail","6":"product_cat-fizzy-disposable-vapes","7":"product_cat-buy-best-disposable-vape-flavors","8":"product_cat-apple-flavor-disposable-vapes","9":"product_cat-blueberry-flavor-disposable-vapes","10":"product_cat-grape-flavor-disposable-vapes","11":"product_cat-ice-flavor-disposable-vapes","12":"product_cat-lemon-flavor-disposable-vapes","13":"product_cat-mango-flavor-disposable-vapes","14":"product_cat-mint-flavor-disposable-vapes","15":"product_cat-mixed-berries-flavor-disposable-vapes","16":"product_cat-passion-fruit-flavor-disposable-vapes","17":"product_cat-peach-flavor-disposable-vapes","18":"product_cat-pineapple-flavor-disposable-vapes","19":"product_cat-raspberry-flavor-disposable-vapes","20":"product_cat-strawberry-flavor-disposable-vapes","21":"product_cat-watermelon-flavor-disposable-vapes","22":"product_cat-best-disposable-vape-in-europe","23":"product_cat-buy-disposable-vapes-in-austria","24":"product_cat-buy-disposable-vapes-in-belgium","25":"product_cat-buy-disposable-vapes-in-france","26":"product_cat-buy-disposable-vapes-in-germany","27":"product_cat-buy-disposable-vapes-in-italy","28":"product_cat-buy-disposable-vapes-in-netherlands","29":"product_cat-buy-disposable-vapes-in-norway","30":"product_cat-buy-disposable-vapes-in-poland","31":"product_cat-buy-disposable-vapes-in-portugal","32":"product_cat-buy-disposable-vapes-in-spain","33":"product_cat-buy-disposable-vapes-in-sweden","34":"product_cat-buy-disposable-vapes-in-switzerland","35":"product_cat-shop-disposable-vapes-by-puffs","36":"product_cat-10000-puff-disposable-vape","37":"product_cat-disposable-vape-types","38":"product_cat-big-puffs-disposable-vapes","39":"product_cat-lower-nicotine-disposable-vapes","40":"product_cat-rechargeable-disposable-vapes","42":"first","43":"instock","44":"shipping-taxable","45":"purchasable","46":"product-type-variable"},"_links":{"self":[{"href":"https:\/\/fumotxpress.de\/hu\/wp-json\/wp\/v2\/product\/52","targetHints":{"allow":["GET"]}}],"collection":[{"href":"https:\/\/fumotxpress.de\/hu\/wp-json\/wp\/v2\/product"}],"about":[{"href":"https:\/\/fumotxpress.de\/hu\/wp-json\/wp\/v2\/types\/product"}],"replies":[{"embeddable":true,"href":"https:\/\/fumotxpress.de\/hu\/wp-json\/wp\/v2\/comments?post=52"}],"wp:featuredmedia":[{"embeddable":true,"href":"https:\/\/fumotxpress.de\/hu\/wp-json\/wp\/v2\/media\/54"}],"wp:attachment":[{"href":"https:\/\/fumotxpress.de\/hu\/wp-json\/wp\/v2\/media?parent=52"}],"wp:term":[{"taxonomy":"product_brand","embeddable":true,"href":"https:\/\/fumotxpress.de\/hu\/wp-json\/wp\/v2\/product_brand?post=52"},{"taxonomy":"product_cat","embeddable":true,"href":"https:\/\/fumotxpress.de\/hu\/wp-json\/wp\/v2\/product_cat?post=52"},{"taxonomy":"product_tag","embeddable":true,"href":"https:\/\/fumotxpress.de\/hu\/wp-json\/wp\/v2\/product_tag?post=52"}],"curies":[{"name":"wp","href":"https:\/\/api.w.org\/{rel}","templated":true}]}}