{"id":476,"date":"2024-10-23T08:42:47","date_gmt":"2024-10-23T08:42:47","guid":{"rendered":"https:\/\/fumotxpress.de\/?post_type=product&#038;p=476"},"modified":"2025-07-16T07:27:51","modified_gmt":"2025-07-16T07:27:51","slug":"al-fakher-koronarud-12000-zuege-einweg-e-zigarette-mit-nikotin","status":"publish","type":"product","link":"https:\/\/fumotxpress.de\/hu\/termek\/al-fakher-koronarud-12000-zuege-einweg-e-zigarette-mit-nikotin\/","title":{"rendered":"Eur\u00f3pai Rakt\u00e1r Al Fakher Crown Bar 12000 Puff Integrated Hookah Sound Wave Alacsony Nikotin Eredeti Hiteles \u00dajrat\u00f6lthet\u0151 Eldobhat\u00f3 Vape Toll"},"content":{"rendered":"<h2><strong>Eur\u00f3pai Rakt\u00e1r Al Fakher Crown Bar 12000 Puff<\/strong> Integr\u00e1lt Hookah Hanghull\u00e1m Alacsony Nikotin V\u00e1s\u00e1roljon Eredeti Eredeti \u00dajrat\u00f6lthet\u0151 Eldobhat\u00f3 Vape Tollat<\/h2>\n<p>A <a href=\"https:\/\/fumotxpress.de\/hu\/termek\/al-fakher-koronarud-12000-zuege-einweg-e-zigarette-mit-nikotin\/\">AL Fakher Crown Bar 12000 Puff \nm\u00e1rka: \nmodell: \nt\u00edpus: \nle\u00edr\u00e1s nem sz\u00fcks\u00e9ges \nterm\u00e9kazonos\u00edt\u00f3 : AL Fakher Crown Bar 12000 Puff<\/a> \u00dajrat\u00f6lthet\u0151 Eldobhat\u00f3 Vape Toll \u00f6tv\u00f6zi a luxust \u00e9s a k\u00e9nyelmet egy p\u00e1ratlan vap\u00e9l\u00e9si \u00e9lm\u00e9ny\u00e9rt. Legfeljebb 12 000 sz\u00edv\u00e1s, \u00e1ramvonalas kialak\u00edt\u00e1s \u00e9s er\u0151s, \u00fajrat\u00f6lthet\u0151 550mAh akkumul\u00e1tor jellemzi, ez a pr\u00e9mium eldobhat\u00f3 vape c\u00e9lja, hogy magasabb szintre emelje a vap\u00e9l\u00e9si \u00f6r\u00f6m\u00f6t. Innovat\u00edv mesh tekercs technol\u00f3gi\u00e1val, intuit\u00edv digit\u00e1lis kijelz\u0151vel az akkumul\u00e1tor \u00e9s az olajszintekhez, valamint USB Type-C t\u00f6lt\u0151porttal, a <a href=\"https:\/\/fumotxpress.de\/hu\/\">AL Fakher<\/a> A Crown Bar egy leny\u0171g\u00f6z\u0151, sima sz\u00edv\u00e1st k\u00edn\u00e1l, amely minden l\u00e9legzetv\u00e9teln\u00e9l megragadja a shisha l\u00e9nyeg\u00e9t.  Kiz\u00e1r\u00f3lagosan el\u00e9rhet\u0151<a href=\"https:\/\/fumotxpress.de\/hu\/\"> FumotXpress.de<\/a>, N\u00e9metorsz\u00e1g legnagyobb online eldobhat\u00f3 vape keresked\u0151je, gyors sz\u00e1ll\u00edt\u00e1st biztos\u00edtunk eg\u00e9sz Eur\u00f3p\u00e1ban 3-7 napon bel\u00fcl eur\u00f3pai rakt\u00e1runkb\u00f3l. V\u00e1s\u00e1roljon eredeti Al Fakher eldobhat\u00f3 vape-eket minim\u00e1lis rendel\u00e9si mennyis\u00e9g n\u00e9lk\u00fcl, ide\u00e1lis szem\u00e9lyes haszn\u00e1latra vagy kiskereskedelemben.<\/p>\n<p><img loading=\"lazy\" decoding=\"async\" class=\"alignnone wp-image-484 size-full\" src=\"https:\/\/fumotxpress.de\/wp-content\/uploads\/2024\/10\/AL-Fakher-Crown-Bar-12000-Zuge-Einweg-E-Zigarette-Mit-Nikotin.webp\" alt=\"Al Fakher Crown Bar 12000 Puffs\" width=\"800\" height=\"980\" srcset=\"https:\/\/fumotxpress.de\/wp-content\/uploads\/2024\/10\/AL-Fakher-Crown-Bar-12000-Zuge-Einweg-E-Zigarette-Mit-Nikotin.webp 800w, https:\/\/fumotxpress.de\/wp-content\/uploads\/2024\/10\/AL-Fakher-Crown-Bar-12000-Zuge-Einweg-E-Zigarette-Mit-Nikotin-600x735.webp 600w, https:\/\/fumotxpress.de\/wp-content\/uploads\/2024\/10\/AL-Fakher-Crown-Bar-12000-Zuge-Einweg-E-Zigarette-Mit-Nikotin-245x300.webp 245w, https:\/\/fumotxpress.de\/wp-content\/uploads\/2024\/10\/AL-Fakher-Crown-Bar-12000-Zuge-Einweg-E-Zigarette-Mit-Nikotin-768x941.webp 768w\" sizes=\"auto, (max-width: 800px) 100vw, 800px\" \/><\/p>\n<p>&nbsp;<\/p>\n<h2>Al Fakher Crown Bar 12000 Puffs Term\u00e9k Jellemz\u0151k<\/h2>\n<ul>\n<li><strong>Magas Puff Sz\u00e1m:<\/strong> Legfeljebb 12 000 sz\u00edv\u00e1sra elegend\u0151, hossz\u00fa t\u00e1v\u00fa \u00e9lvezet a gyakori cser\u00e9k n\u00e9lk\u00fcl.<\/li>\n<li><strong>\u00dajrat\u00f6lthet\u0151 akkumul\u00e1tor:<\/strong> 550mAh-os \u00fajrat\u00f6lthet\u0151 akkumul\u00e1torral van ell\u00e1tva, amely t\u00e1mogatja a hosszabb haszn\u00e1latot \u00e9s fenntartja a folyamatos teljes\u00edtm\u00e9nyt.<\/li>\n<li><strong>H\u00e1l\u00f3 Tekercs Technol\u00f3gia:<\/strong> Halad\u00f3 0,6 ohmos h\u00e1l\u00f3 tekercs gazdag, \u00edzletes felh\u0151kh\u00f6z \u00e9s sima, k\u00f6zvetlen t\u00fcd\u0151be (DTL) t\u00f6rt\u00e9n\u0151 sz\u00edv\u00e1sokhoz.<\/li>\n<li><strong>Type-C t\u00f6lt\u0151port:<\/strong> K\u00e9nyelmes Type-C t\u00f6lt\u0151port a gyors \u00e9s megb\u00edzhat\u00f3 energia p\u00f3tl\u00e1shoz.<\/li>\n<li><strong>Digit\u00e1lis kijelz\u0151:<\/strong> Tiszt\u00e1n l\u00e1that\u00f3 LED kijelz\u0151, amely jelzi az akkumul\u00e1tor \u00e9s az olajszintet is, hogy megel\u0151zze a haszn\u00e1lat k\u00f6zbeni megszak\u00edt\u00e1sokat.<\/li>\n<li><strong>Sziv\u00e1rg\u00e1smentes kialak\u00edt\u00e1s:<\/strong> Sziv\u00e1rg\u00e1sg\u00e1tl\u00f3 technol\u00f3gi\u00e1val k\u00e9sz\u00fclt, a tiszta, gondtalan haszn\u00e1lat \u00e9rdek\u00e9ben.<\/li>\n<li><strong>Kompakt \u00e9s k\u00f6nny\u0171:<\/strong> Hordozhat\u00f3 kialak\u00edt\u00e1s, ide\u00e1lis \u00fatk\u00f6zbeni haszn\u00e1latra, ugyanakkor er\u0151s \u00e9s hat\u00e9kony.<\/li>\n<li><strong>Alacsony Nikotintartalom:<\/strong> T\u00f6k\u00e9letes azok sz\u00e1m\u00e1ra, akik alacsonyabb nikotintartalm\u00fa lehet\u0151s\u00e9get keresnek az \u00edz \u00e9s a g\u0151zmin\u0151s\u00e9g fel\u00e1ldoz\u00e1sa n\u00e9lk\u00fcl.<\/li>\n<li><strong>\u00c9l\u00e9nk RGB vil\u00e1g\u00edt\u00e1s:<\/strong> Stilb\u00f6z\u0151 RGB vil\u00e1g\u00edt\u00e1si funkci\u00f3 aktiv\u00e1l\u00f3dik minden egyes sz\u00edv\u00e1ssal, szemet gy\u00f6ny\u00f6rk\u00f6dtet\u0151 hat\u00e1st keltve a plusz d\u00edsz\u00edt\u00e9s \u00e9rdek\u00e9ben.<\/li>\n<\/ul>\n<h2>Al Fakher Crown Bar 12000 Puffs Egyedi \u00cdzek: R\u00e9szletes \u00datmutat\u00f3<\/h2>\n<p>Az AL Fakher Crown Bar 12000 Puff sz\u00e1mos vibr\u00e1l\u00f3, friss\u00edt\u0151 \u00edzben kaphat\u00f3, amelyek c\u00e9lja a k\u00fcl\u00f6nb\u00f6z\u0151 \u00edzl\u00e9si preferenci\u00e1k kiel\u00e9g\u00edt\u00e9se. Itt van egy k\u00f6zelebbi pillant\u00e1s az egyes el\u00e9rhet\u0151 \u00edzekre:<\/p>\n<h3>1. <strong>\u00c1fony\u00e1s Menta<\/strong><\/h3>\n<p>Egy klasszikus kever\u00e9k, amely harmonikusan egyens\u00falyozza az \u00e9rett \u00e1fonya \u00e9dess\u00e9g\u00e9t egy friss\u00edt\u0151 ment\u00e1s befejez\u00e9ssel. Minden bel\u00e9gz\u00e9s sor\u00e1n az \u00e1fonya term\u00e9szetes \u00edze ker\u00fcl el\u0151t\u00e9rbe, m\u00edg a menta h\u0171s\u00edt\u0151 \u00e9rz\u00e9st hagy maga ut\u00e1n, t\u00f6k\u00e9letes egy ropog\u00f3s, friss\u00edt\u0151 \u00e9lm\u00e9nyhez.<\/p>\n<h3>2. <strong>Mango Passion<\/strong><\/h3>\n<p>Ez a tr\u00f3pusi gy\u00fcm\u00f6lcs \u00e9lvezet a \u00e9rett mang\u00f3 l\u00e9d\u00fas esszenci\u00e1j\u00e1t \u00f6tv\u00f6zi a passi\u00f3gy\u00fcm\u00f6lcs finom savass\u00e1g\u00e1val, gazdag \u00e9s egzotikus profilt l\u00e9trehozva. Ide\u00e1lis azoknak a vapereknek, akik a gy\u00fcm\u00f6lcs\u00f6s \u00edzvil\u00e1got kedvelik, amely egy kis \u00e9dess\u00e9get \u00e9s egy \u00e9rint\u00e9snyi savass\u00e1got k\u00edn\u00e1l.<\/p>\n<h3>3. <strong>V\u00edzimelon J\u00e9g<\/strong><\/h3>\n<p>Ny\u00e1r kedvenc\u00e9nek, a g\u00f6r\u00f6gdinnye j\u00e9g a g\u00f6r\u00f6gdinnye l\u00e9d\u00fas, ny\u00e1lk\u00e1s \u00edz\u00e9t adja hozz\u00e1 egy h\u0171v\u00f6s alaphanggal, hagyva egy h\u0171t\u0151 \u00e9rzetet, amely minden kil\u00e9gz\u00e9ssel elh\u00faz\u00f3dik. Ez a t\u00f6k\u00e9letes v\u00e1laszt\u00e1s egy friss\u00edt\u0151, eg\u00e9sz napos vape-hoz.<\/p>\n<h3>4. <strong>Sz\u0151l\u0151 \u00dcd\u00edt\u0151<\/strong><\/h3>\n<p>Ez az \u00edz megragadja a sz\u0151l\u0151soda pezsg\u0151, \u00e9des l\u00e9nyeg\u00e9t, minden sz\u00edv\u00e1sn\u00e1l nosztalgi\u00e1t \u00e9bresztve. A hat\u00e1rozott sz\u0151l\u0151\u00edz sima \u00e9s j\u00e1t\u00e9kos pezsg\u00e9ssel rendelkezik, ami minden sz\u00edv\u00e1st sz\u00e9nsavas \u00e9lm\u00e9nny\u00e9 tesz.<\/p>\n<h3>5. <strong>Eper Kivi<\/strong><\/h3>\n<p>Egy klasszikus p\u00e1ros, a Strawberry Kiwi \u00f6tv\u00f6zi az \u00e9rett eper \u00e9dess\u00e9g\u00e9t a kivi enyh\u00e9n savanyk\u00e1s \u00edz\u00e9vel. Egy\u00fctt kiegyens\u00falyozott, gy\u00fcm\u00f6lcs\u00f6s \u00edzt hoznak l\u00e9tre, ami egyszerre friss\u00edt\u0151 \u00e9s kiel\u00e9g\u00edt\u0151, nagyszer\u0171 a mindennapi fogyaszt\u00e1shoz.<\/p>\n<h3>6. <strong>Anan\u00e1sz K\u00f3kusz<\/strong><\/h3>\n<p>A tr\u00f3pusi \u00edzek \u00e1ltal ihletett Pineapple Coconut kr\u00e9mes, friss\u00edt\u0151 \u00edzt k\u00edn\u00e1l, amely elrep\u00edt egy tengerparti kiruccan\u00e1sra. A l\u00e9d\u00fas anan\u00e1sz jegyeket a kr\u00e9mes k\u00f3kusz l\u00e1gy\u00edtja, l\u00e9trehozva egy kellemes, kiegyens\u00falyozott profilt.<\/p>\n<h3>7. <strong>K\u00f3la j\u00e9g<\/strong><\/h3>\n<p>Azok sz\u00e1m\u00e1ra, akik szeretik az egyedi, kalandos \u00edzeket, a Cola Ice elhozza a j\u00f3l ismert k\u00f3la \u00edz\u00e9t egy h\u0171v\u00f6s, j\u00e9ghideg csavarral. Az \u00edzprofil eml\u00e9keztet egy hideg \u00fcd\u00edt\u0151re egy forr\u00f3 napon, friss\u00edt\u0151, sz\u00e9nsavas \u00e9rz\u00e9st ny\u00fajtva minden egyes h\u00faz\u00e1ssal.<\/p>\n<h3>8. <strong>\u0150szibar\u00e1t Gy\u0171r\u0171k<\/strong><\/h3>\n<p>Ez a cukorka ihlette \u00edz minden p\u00f6f\u00e9kel\u00e9sn\u00e9l elhozza a barackgy\u0171r\u0171k cukros-\u00e9des, l\u00e9d\u00fas \u00edz\u00e9t. T\u00f6k\u00e9letes az \u00e9dessz\u00e1j\u00fa vaperek sz\u00e1m\u00e1ra, az \u00edz pont olyan, mint a klasszikus cukorka, l\u00e9d\u00fas barack ut\u00f3\u00edzzel.<\/p>\n<h3>9. <strong>Ment\u00e1s Melon<\/strong><\/h3>\n<p>Egy kifinomult menta \u00e9s g\u00f6r\u00f6gdinnye f\u00fazi\u00f3, ez az \u00edz friss\u00edt\u0151, m\u00e9gis finoman \u00e9des. A g\u00f6r\u00f6gdinnye l\u00e9d\u00fas alapot ad, m\u00edg a menta kieg\u00e9sz\u00edti az \u00edzprofilt, ide\u00e1lis azok sz\u00e1m\u00e1ra, akik h\u0171s, ropog\u00f3s \u00e9lm\u00e9nyt r\u00e9szes\u00edtenek el\u0151nyben.<\/p>\n<h3>10. <strong>Citromh\u00e9j<\/strong><\/h3>\n<p>Egy f\u0171szeres \u00e9s \u00e9l\u00e9nk\u00edt\u0151 lehet\u0151s\u00e9g, a Lemon Zest \u00f6tv\u00f6zi a citrom fanyars\u00e1g\u00e1t egy enyhe \u00e9dess\u00e9ggel, \u00e9les \u00e9s friss\u00edt\u0151 profilt ny\u00fajtva, ami egyszerre csalogat\u00f3 \u00e9s vibr\u00e1l\u00f3.<\/p>\n<h3>11. <strong>Berry Blast \n\n(or possible translation, if necessary) \nBogy\u00f3 Robban\u00e1s \n(or)\n Gy\u00fcm\u00f6lcs Robban\u00e1s \n More likely and simple: \nBerry Blast \nremains \nBerry Blast<\/strong><\/h3>\n<p>Gazdag, m\u00e9ly vegyes bogy\u00f3s gy\u00fcm\u00f6lcs\u00f6k \u00edzeivel t\u00f6ltve, a Berry Blast bogy\u00f3s gy\u00fcm\u00f6lcs\u00f6k robban\u00e1s\u00e1t k\u00edn\u00e1lja, amely \u00e9des, m\u00e9gis kiegyens\u00falyozott a gy\u00fcm\u00f6lcs\u00f6k term\u00e9szetes savass\u00e1g\u00e1val. T\u00f6k\u00e9letes azoknak a bogy\u00f3s gy\u00fcm\u00f6lcs\u00f6k rajong\u00f3inak, akik szeretik az er\u0151s \u00e9s gy\u00fcm\u00f6lcs\u00f6s vape-ot.<\/p>\n<h3>12. <strong>Alma \u00c1fonya<\/strong><\/h3>\n<p>Egyedi kever\u00e9k, amely egyens\u00falyba hozza a friss alm\u00e1k ropog\u00f3ss\u00e1g\u00e1t a \u00e1fony\u00e1k fanyar harap\u00e1s\u00e1val, az Apple Cranberry dinamikus \u00edzt ny\u00fajt, amely egyszerre l\u00e9d\u00fas \u00e9s enyh\u00e9n fanyar, \u00e9rdekes, eg\u00e9sz napos vape-ot eredm\u00e9nyezve.<\/p>\n<h3>13. <strong>Van\u00edlia kr\u00e9m<\/strong><\/h3>\n<p>Egy m\u00e9g ink\u00e1bb enged\u00e9keny \u00e9lm\u00e9ny\u00e9rt a Vanilla Custard minden p\u00f6f\u00e9kel\u00e9sn\u00e9l k\u00edn\u00e1lja a van\u00edlia kr\u00e9m kr\u00e9mes, gazdag \u00edz\u00e9t. Sima, selymes \u00e9s enyh\u00e9n \u00e9des, ez az \u00edz t\u00f6k\u00e9letes azok sz\u00e1m\u00e1ra, akik desszertszer\u0171 lehet\u0151s\u00e9get keresnek.<\/p>\n<h3>14. <strong>Narancs Fizz<\/strong><\/h3>\n<p>Egy friss\u00edt\u0151 csavar, az Orange Fizz \u00f6tv\u00f6zi a narancs fanyar, citrusos \u00edz\u00e9t egy sz\u00e9nsavas alhanggal, amely egy sz\u00e9nsavas narancsl\u00e9re eml\u00e9keztet. Ez az \u00edz vil\u00e1gos, vid\u00e1m \u00e9s finom, szikr\u00e1z\u00f3 \u00e9rzetet hagy maga ut\u00e1n.<\/p>\n<h3>15. <strong>Tr\u00f3pusi Gy\u00fcm\u00f6lcsl\u00e9<\/strong><\/h3>\n<p>\u00c9lje \u00e1t t\u00f6bb tr\u00f3pusi gy\u00fcm\u00f6lcs kever\u00e9k\u00e9t az anan\u00e1szt\u00f3l a mang\u00f3ig \u00e9s tov\u00e1bb, mindezt egyetlen \u00fct\u0151s \u00edzbe csomagolva. Ez ide\u00e1lis azok sz\u00e1m\u00e1ra, akik minden egyes sz\u00edv\u00e1sn\u00e1l a tr\u00f3pusok \u00edz\u00e9t szeretn\u00e9k \u00e9rezni.<\/p>\n<h2>Mi\u00e9rt v\u00e1lassza az Al Fakher Crown Bar 12000 Puff-ot?<\/h2>\n<p>At<a href=\"https:\/\/fumotxpress.de\/hu\/\"> FumotXpress.de<\/a>Elk\u00f6telezettek vagyunk a legmagasabb min\u0151s\u00e9g\u0171 eldobhat\u00f3 vape term\u00e9kek biztos\u00edt\u00e1sa mellett, gyors \u00e9s megb\u00edzhat\u00f3 szolg\u00e1ltat\u00e1ssal az eur\u00f3pai piacon.  N\u00e9metorsz\u00e1g legnagyobb online platformjak\u00e9nt az eldobhat\u00f3 vape term\u00e9kek sz\u00e1m\u00e1ra, sz\u00e9les k\u00f6r\u0171 pr\u00e9mium m\u00e1rk\u00e1k v\u00e1laszt\u00e9k\u00e1t k\u00edn\u00e1ljuk, bele\u00e9rtve az AL Fakher-t, a Fizzy-t, az OBEELAB HHC-t \u00e9s az SMPO DL02-t.  Term\u00e9keinket eur\u00f3pai rakt\u00e1runkb\u00f3l szerezz\u00fck be, biztos\u00edtva a gyors sz\u00e1ll\u00edt\u00e1st (3-7 napon bel\u00fcl) minim\u00e1lis rendel\u00e9si mennyis\u00e9g n\u00e9lk\u00fcl.<\/p>\n<p>K\u00f6nnyen navig\u00e1lhat\u00f3 weboldalunkkal \u00e9s kiv\u00e1l\u00f3 \u00fcgyf\u00e9lszolg\u00e1latunkkal a FumotXpress.de a kedvenc eldobhat\u00f3 vape m\u00e1rk\u00e1inak megv\u00e1s\u00e1rl\u00e1s\u00e1t z\u00f6kken\u0151mentes \u00e9s kiel\u00e9g\u00edt\u0151 \u00e9lm\u00e9nny\u00e9 teszi.<\/p>","protected":false},"excerpt":{"rendered":"<p>V\u00e1s\u00e1rolja az eredetit<strong> AL Fakher Crown Bar 12000 Puffs<\/strong> \u00dajrat\u00f6lthet\u0151 Eldobhat\u00f3 Vape Toll a FumotXpress.de oldalon - pr\u00e9mium \u00edzek, ak\u00e1r 12 000 sz\u00edv\u00e1s \u00e9s gyors EU-s sz\u00e1ll\u00edt\u00e1s eur\u00f3pai rakt\u00e1runkb\u00f3l.<\/p>","protected":false},"featured_media":478,"comment_status":"open","ping_status":"closed","template":"","meta":{"om_disable_all_campaigns":false},"product_brand":[],"product_cat":[16,91,92,93,94,95,96,97,99,100,101,102,103,104,105,106,107,108,111,112,78,79,80,81,82,83,84,85,86,87,88,89,90,70,73,56,61,63,65,67,68],"product_tag":[],"class_list":{"0":"post-476","1":"product","2":"type-product","3":"status-publish","4":"has-post-thumbnail","6":"product_cat-al-fakher-disposable-vapes","7":"product_cat-buy-best-disposable-vape-flavors","8":"product_cat-apple-flavor-disposable-vapes","9":"product_cat-blue-razz-flavor-disposable-vapes","10":"product_cat-blueberry-flavor-disposable-vapes","11":"product_cat-cherry-flavor-disposable-vapes","12":"product_cat-cola-flavor-disposable-vapes","13":"product_cat-grape-flavor-disposable-vapes","14":"product_cat-ice-flavor-disposable-vapes","15":"product_cat-kiwi-flavor-disposable-vapes","16":"product_cat-lemon-flavor-disposable-vapes","17":"product_cat-lush-flavor-disposable-vapes","18":"product_cat-mango-flavor-disposable-vapes","19":"product_cat-mint-flavor-disposable-vapes","20":"product_cat-mixed-berries-flavor-disposable-vapes","21":"product_cat-passion-fruit-flavor-disposable-vapes","22":"product_cat-peach-flavor-disposable-vapes","23":"product_cat-pineapple-flavor-disposable-vapes","24":"product_cat-strawberry-flavor-disposable-vapes","25":"product_cat-watermelon-flavor-disposable-vapes","26":"product_cat-best-disposable-vape-in-europe","27":"product_cat-buy-disposable-vapes-in-austria","28":"product_cat-buy-disposable-vapes-in-belgium","29":"product_cat-buy-disposable-vapes-in-france","30":"product_cat-buy-disposable-vapes-in-germany","31":"product_cat-buy-disposable-vapes-in-italy","32":"product_cat-buy-disposable-vapes-in-netherlands","33":"product_cat-buy-disposable-vapes-in-norway","34":"product_cat-buy-disposable-vapes-in-poland","35":"product_cat-buy-disposable-vapes-in-portugal","36":"product_cat-buy-disposable-vapes-in-spain","37":"product_cat-buy-disposable-vapes-in-sweden","38":"product_cat-buy-disposable-vapes-in-switzerland","39":"product_cat-shop-disposable-vapes-by-puffs","40":"product_cat-12000-puff-disposable-vape","41":"product_cat-disposable-vape-types","42":"product_cat-big-puffs-disposable-vapes","43":"product_cat-digital-box-disposable-vapes","44":"product_cat-lower-nicotine-disposable-vapes","45":"product_cat-rechargeable-disposable-vapes","46":"product_cat-shisha-hookah-disposable-vapes","48":"first","49":"outofstock","50":"shipping-taxable","51":"product-type-variable"},"_links":{"self":[{"href":"https:\/\/fumotxpress.de\/hu\/wp-json\/wp\/v2\/product\/476","targetHints":{"allow":["GET"]}}],"collection":[{"href":"https:\/\/fumotxpress.de\/hu\/wp-json\/wp\/v2\/product"}],"about":[{"href":"https:\/\/fumotxpress.de\/hu\/wp-json\/wp\/v2\/types\/product"}],"replies":[{"embeddable":true,"href":"https:\/\/fumotxpress.de\/hu\/wp-json\/wp\/v2\/comments?post=476"}],"wp:featuredmedia":[{"embeddable":true,"href":"https:\/\/fumotxpress.de\/hu\/wp-json\/wp\/v2\/media\/478"}],"wp:attachment":[{"href":"https:\/\/fumotxpress.de\/hu\/wp-json\/wp\/v2\/media?parent=476"}],"wp:term":[{"taxonomy":"product_brand","embeddable":true,"href":"https:\/\/fumotxpress.de\/hu\/wp-json\/wp\/v2\/product_brand?post=476"},{"taxonomy":"product_cat","embeddable":true,"href":"https:\/\/fumotxpress.de\/hu\/wp-json\/wp\/v2\/product_cat?post=476"},{"taxonomy":"product_tag","embeddable":true,"href":"https:\/\/fumotxpress.de\/hu\/wp-json\/wp\/v2\/product_tag?post=476"}],"curies":[{"name":"wp","href":"https:\/\/api.w.org\/{rel}","templated":true}]}}