{"id":444,"date":"2024-10-23T08:22:10","date_gmt":"2024-10-23T08:22:10","guid":{"rendered":"https:\/\/fumotxpress.de\/?post_type=product&#038;p=444"},"modified":"2025-07-16T07:27:51","modified_gmt":"2025-07-16T07:27:51","slug":"444","status":"publish","type":"product","link":"https:\/\/fumotxpress.de\/hu\/termek\/444\/","title":{"rendered":"Al Fakher Crown Bar Big Cloud 8000 PRO AL Fakher Crown Bar Rakt\u00e1r \u00dajrat\u00f6lthet\u0151 Eldobhat\u00f3 Vape Toll"},"content":{"rendered":"<h2><strong>Emelje Fel G\u0151z\u00f6l\u00e9si \u00c9lm\u00e9ny\u00e9t Az Al Fakher Crown Bar Big Cloud 8000 PRO-val<\/strong><\/h2>\n<p>Fedezze fel a <a href=\"https:\/\/fumotxpress.de\/hu\/termek\/444\/\">Al Fakher Crown Bar Big Cloud 8000 PRO<\/a> Eldobhat\u00f3 Vape, egy olyan eszk\u00f6z, amely \u00f6tv\u00f6zi a kiv\u00e9teles technol\u00f3gi\u00e1t, a st\u00edlusos diz\u00e1jnt \u00e9s a p\u00e1ratlan k\u00e9nyelmet. Kifejezetten a n\u00e9met piacra tervezve, ez a nagy kapacit\u00e1s\u00fa eldobhat\u00f3 vape toll egyed\u00fcl\u00e1ll\u00f3an \u00f6tv\u00f6zi a fejlett funkci\u00f3kat \u00e9s a sz\u00e9les k\u00f6r\u0171 f\u00faj\u00e1ssz\u00e1mot, ak\u00e1r 8000 kiel\u00e9g\u00edt\u0151 f\u00faj\u00e1st biztos\u00edtva. Ide\u00e1lis mind a kezd\u0151 felhaszn\u00e1l\u00f3k, mind a tapasztalt vape rajong\u00f3k sz\u00e1m\u00e1ra, a Big Cloud 8000 PRO \u00faj szintre emeli az eldobhat\u00f3 vapinget.<\/p>\n<p>A eldobhat\u00f3 vape-k pr\u00e9mium v\u00e1logat\u00e1s\u00e1\u00e9rt, <a href=\"https:\/\/FumotXpress.de\" target=\"_blank\" rel=\"noopener\">FumotXpress.de<\/a> a megb\u00edzhat\u00f3 forr\u00e1s.  N\u00e9metorsz\u00e1g legnagyobb eldobhat\u00f3 vape online keresked\u0151jek\u00e9nt gyors \u00e9s k\u00e9nyelmes sz\u00e1ll\u00edt\u00e1st k\u00edn\u00e1lunk eur\u00f3pai rakt\u00e1runkb\u00f3l, 3-7 napon bel\u00fcl sz\u00e1ll\u00edtva eg\u00e9sz Eur\u00f3p\u00e1ba.  Keresse a legjobb m\u00e1rk\u00e1kat, mint p\u00e9ld\u00e1ul az Al Fakher, Fizzy, OBEELAB HHC \u00e9s SMPO DL02 oldalunkon, minim\u00e1lis rendel\u00e9si mennyis\u00e9g n\u00e9lk\u00fcl.<\/p>\n<h2>Term\u00e9kkiemel\u00e9sek: Egyed\u00fcl\u00e1ll\u00f3 Min\u0151s\u00e9g \u00e9s Teljes\u00edtm\u00e9ny<\/h2>\n<p>Az Al Fakher Crown Bar Big Cloud 8000 PRO a legjobb v\u00e1laszt\u00e1s az eldobhat\u00f3 vape-k k\u00f6z\u00f6tt, k\u00f6sz\u00f6nhet\u0151en a nagy kapacit\u00e1s\u00fa kialak\u00edt\u00e1s \u00e9s a modern g\u0151z\u00f6l\u00e9si technol\u00f3gia egyed\u00fcl\u00e1ll\u00f3 \u00f6tv\u00f6zet\u00e9nek. 18 ml e-folyad\u00e9k kapacit\u00e1s\u00e1val \u00e9s 5 mg nikotintartalommal ez a vape toll sima, egyenletes \u00e9lm\u00e9nyt ny\u00fajt, amely kiel\u00e9g\u00edt an\u00e9lk\u00fcl, hogy t\u00falterheln\u00e9. Minden funkci\u00f3t gondosan terveztek a k\u00e9nyelem, a megb\u00edzhat\u00f3s\u00e1g \u00e9s a kiemelked\u0151 teljes\u00edtm\u00e9ny biztos\u00edt\u00e1sa \u00e9rdek\u00e9ben.<\/p>\n<p>&nbsp;<\/p>\n<h3>Kulcs Term\u00e9k Jellemz\u0151k<\/h3>\n<ul>\n<li><strong>Kiterjesztett Puff Kapacit\u00e1s:<\/strong> Ak\u00e1r 8000 sz\u00edv\u00e1st is biztos\u00edt, lehet\u0151v\u00e9 t\u00e9ve, hogy t\u00f6bb alkalommal \u00e9lvezze a k\u00e9sz\u00fcl\u00e9ket an\u00e9lk\u00fcl, hogy gyakran kellene cser\u00e9lnie.<\/li>\n<li><strong>H\u00e1l\u00f3 Tekercs Technol\u00f3gia:<\/strong> 1,2 ohmos h\u00e1l\u00f3tekercsel felszerelve az optimaliz\u00e1lt g\u0151ztermel\u00e9s \u00e9s a tov\u00e1bbfejlesztett \u00edz tisztas\u00e1g \u00e9rdek\u00e9ben, biztos\u00edtva, hogy minden sz\u00edv\u00e1s teljes test\u0171 \u00e9s kiel\u00e9g\u00edt\u0151 legyen.<\/li>\n<li><strong>USB Type-C gyors t\u00f6lt\u00e9s:<\/strong> Gyorsan t\u00f6ltse fel k\u00e9sz\u00fcl\u00e9k\u00e9t az USB Type-C port seg\u00edts\u00e9g\u00e9vel, \u00edgy mindig k\u00e9szen \u00e1ll, amikor \u00d6nnek sz\u00fcks\u00e9ge van r\u00e1.<\/li>\n<li><strong>Robusztus 600mAh-es akkumul\u00e1tor:<\/strong> Egy er\u0151s be\u00e9p\u00edtett \u00fajrat\u00f6lthet\u0151 akkumul\u00e1tor, amely hossz\u00fa t\u00e1v\u00fa teljes\u00edtm\u00e9nyt ny\u00fajt.<\/li>\n<li><strong>T\u00fcd\u0151be K\u00f6zvetlen\u00fcl (DTL) Bel\u00e9gz\u00e9si Tervez\u00e9s:<\/strong> Ide\u00e1lis azoknak a vapereknek, akik m\u00e9lyebb, t\u00fcd\u0151t megt\u00f6lt\u0151 sz\u00edv\u00e1st prefer\u00e1lnak, intenzit\u00e1st adva minden egyes f\u00faj\u00e1snak.<\/li>\n<li><strong>Kompakt \u00e9s hordozhat\u00f3:<\/strong> 19 x 109 mm-es m\u00e9ret\u00e9vel ez a vape v\u00e9kony, k\u00f6nny\u0171 \u00e9s k\u00f6nnyen hordozhat\u00f3, k\u00e9nyelmesen elf\u00e9r a kezedben vagy a zsebedben.<\/li>\n<li><strong>Sziv\u00e1rg\u00e1sbiztos konstrukci\u00f3:<\/strong> Az anti-sziv\u00e1rg\u00e1s technol\u00f3gi\u00e1val \u00e9p\u00fclt, hogy megakad\u00e1lyozza a rendetlens\u00e9get, biztos\u00edtva a tiszta, z\u00f6kken\u0151mentes p\u00e1rologtat\u00e1st.<\/li>\n<li><strong>H\u0151\u00e1ll\u00f3 kialak\u00edt\u00e1s:<\/strong> Z\u00f6kken\u0151mentesen m\u0171k\u00f6dik sz\u00e9les h\u0151m\u00e9rs\u00e9kleti tartom\u00e1nyban (-10\u00b0C \u00e9s +40\u00b0C k\u00f6z\u00f6tt), \u00edgy minden id\u0151j\u00e1r\u00e1si k\u00f6r\u00fclm\u00e9nyhez t\u00f6k\u00e9letesen megfelel.<\/li>\n<\/ul>\n<p>Az Al Fakher Crown Bar Big Cloud 8000 PRO minden eleme \u00fagy van kialak\u00edtva, hogy tart\u00f3s \u00e9s k\u00e9nyelmes legyen, kezdve a nagy folyad\u00e9kkapacit\u00e1st\u00f3l az er\u0151s akkumul\u00e1tor-\u00e9lettartamig. A hat\u00e9kony specifik\u00e1ci\u00f3k \u00e9s a felhaszn\u00e1l\u00f3bar\u00e1t kialak\u00edt\u00e1s kombin\u00e1ci\u00f3ja ide\u00e1lis v\u00e1laszt\u00e1ss\u00e1 teszi azok sz\u00e1m\u00e1ra, akik \u00e9rt\u00e9kelik a kiel\u00e9g\u00edt\u0151, probl\u00e9mamentes g\u0151z\u00f6l\u00e9si \u00e9lm\u00e9nyt.<\/p>\n<h2>\u00cdzl\u00e9sv\u00e1laszt\u00e9k \u2013 Minden Puffaszt\u00e1s Finoms\u00e1g<\/h2>\n<p>A <a href=\"https:\/\/FumotXpress.de\" target=\"_blank\" rel=\"noopener\">Al Fakher<\/a> Crown Bar Big Cloud 8000 PRO egy gondosan v\u00e1logatott, vonz\u00f3 \u00edzekben kaphat\u00f3, melyeket egyenk\u00e9nt \u00fagy alak\u00edtottak ki, hogy \u00e9lvezetes, t\u00f6bbr\u00e9teg\u0171 \u00edz\u00e9lm\u00e9nyt ny\u00fajtsanak. Az al\u00e1bbiakban egy k\u00f6zelebbi pillant\u00e1st vet\u00fcnk az egyik legjobban fogy\u00f3 \u00edzre:<\/p>\n<h3>1. <strong>K\u00e9k\u00e1fonya R\u00e1g\u00f3 - Friss Csavar egy Gy\u00fcm\u00f6lcs\u00f6s Klasszikuson<\/strong><\/h3>\n<p>A Blueberry Gum egy kellemes kever\u00e9ke az \u00e9des, \u00e9rett \u00e1fony\u00e1nak \u00e9s a bubor\u00e9kos r\u00e1g\u00f3gumi nosztalgikus esszenci\u00e1j\u00e1nak, amely friss\u00edt\u0151 \u00e9s sz\u00f3rakoztat\u00f3 \u00edz\u00e9lm\u00e9nyt ny\u00fajt. Minden bel\u00e9gz\u00e9sn\u00e9l egy l\u00e9d\u00fas \u00e1fony\u00e1s \u00edzrobbant\u00e1s k\u00f6vetkezik, m\u00edg a bubor\u00e9kos r\u00e1g\u00f3gumi alaphangja sima, \u00e9des befejez\u00e9st biztos\u00edt, amely kellemesen megmarad az \u00ednyen.<\/p>\n<p>A gy\u00fcm\u00f6lcs \u00e9s a cukorka kiegyens\u00falyozott kombin\u00e1ci\u00f3ja teszi a Blueberry Gumot ide\u00e1lis v\u00e1laszt\u00e1ss\u00e1 a napi vapoz\u00e1shoz. A fejlett mesh coil technol\u00f3gi\u00e1nak k\u00f6sz\u00f6nhet\u0151en minden sz\u00edv\u00e1s gazdag \u00e9s \u00edzletes marad, fenntartva az intenzit\u00e1st \u00e9s a tisztas\u00e1got m\u00e9g az utols\u00f3 sz\u00edv\u00e1sok sor\u00e1n is.<\/p>\n<h3>2. <strong>Mango Bliss \u2013 Tr\u00f3pusi Kaland<\/strong><\/h3>\n<p>Mango Bliss megragadja az \u00e9rett, tr\u00f3pusi mang\u00f3 hiteles \u00edz\u00e9t, \u00e9dess\u00e9get \u00e9s finom savany\u00fas\u00e1got egyar\u00e1nt sz\u00e1ll\u00edtva. T\u00f6k\u00e9letes azok sz\u00e1m\u00e1ra, akik szeretik azt az \u00edzt, amely minden sz\u00edv\u00e1sn\u00e1l egy tengerparti menek\u00fcl\u00e9sre eml\u00e9kezteti \u0151ket, \u00e9s finoman gy\u00fcm\u00f6lcs\u00f6s, m\u00e9gis \u00f6sszetett profilt k\u00edn\u00e1l.<\/p>\n<h3>3. <strong>H\u0171s\u00edt\u0151 Menta - Tiszta \u00e9s Friss\u00edt\u0151<\/strong><\/h3>\n<p>A Cool Mint ide\u00e1lis azok sz\u00e1m\u00e1ra, akik friss\u00edt\u0151, ropog\u00f3s \u00edzt keresnek, amely kitiszt\u00edtja az \u00ednyeket. Minden sz\u00edv\u00e1s sima ment\u00e1s \u00e9rzetet eredm\u00e9nyez, amelyet h\u0171s\u00edt\u0151, \u00e9l\u00e9nk\u00edt\u0151 befejez\u00e9s k\u00f6vet. T\u00f6k\u00e9letes eg\u00e9sz napos \u00e9lvezethez, ez az \u00edz egyszerre pihentet\u0151 \u00e9s revitaliz\u00e1l\u00f3.<\/p>\n<h3>4. <strong>Anan\u00e1sz K\u00f3kusz - Tr\u00f3pusi Harm\u00f3nia<\/strong><\/h3>\n<p>Szaftos anan\u00e1sz \u00e9s kr\u00e9mes k\u00f3kusz kever\u00e9ke, ez az \u00edz elhozza a tr\u00f3pusi sziget l\u00e9nyeg\u00e9t. A gazdag anan\u00e1sz \u00edzt sima, kr\u00e9mes k\u00f3kusz eg\u00e9sz\u00edti ki, kiegyens\u00falyozott, friss\u00edt\u0151 \u00e9lm\u00e9nyt ny\u00fajtva.<\/p>\n<h3>5. <strong>Eper Kivi - \u00c9des \u00e9s Fanyar F\u00fazi\u00f3<\/strong><\/h3>\n<p>Eper Kiwi \u00f6tv\u00f6zi az eper term\u00e9szetes \u00e9dess\u00e9g\u00e9t a kivi enyh\u00e9n savanyk\u00e1s \u00edz\u00e9vel, friss, gy\u00fcm\u00f6lcs\u00f6s profilt biztos\u00edtva. Minden bel\u00e9gz\u00e9sn\u00e9l az eper jegyek ker\u00fclnek el\u0151t\u00e9rbe, m\u00edg a kivi pik\u00e1ns befejez\u00e9st ad, ami k\u00f6nny\u0171v\u00e9 \u00e9s \u00e9lvezetess\u00e9 teszi az \u00e9lm\u00e9nyt.<\/p>\n<h3>6. <strong>Alma \u0150szibar\u00e1t - Egy Krokant \u00e9s Sima Kombin\u00e1ci\u00f3<\/strong><\/h3>\n<p>Apple Peach \u00f6tv\u00f6zi az alma ropog\u00f3ss\u00e1g\u00e1t a barack sima, l\u00e9d\u00fas \u00edz\u00e9vel, eredm\u00e9nyek\u00e9nt egy t\u00f6k\u00e9letesen kiegyens\u00falyozott \u00edzprofil sz\u00fcletik, amely egyszerre friss\u00edt\u0151 \u00e9s megnyugtat\u00f3. Ide\u00e1lis azoknak a vapereknek, akik kifinomult gy\u00fcm\u00f6lcskombin\u00e1ci\u00f3t keresnek.<\/p>\n<h3>7. <strong>K\u00f3la J\u00e9g - Habz\u00f3 Friss\u00edt\u0151<\/strong><\/h3>\n<p>A Cola Ice a k\u00f3la jellegzetes \u00edz\u00e9t h\u0171s\u00edt\u0151 cs\u00edp\u00e9ssel sz\u00e1ll\u00edtja, l\u00e9trehozva egy \u00edz\u00e9lm\u00e9nyt, ami egyszerre ismer\u0151s \u00e9s friss\u00edt\u0151. A sz\u00e9nsavas k\u00f3la \u00edz a mentolos befejez\u00e9ssel olyan \u00e9rz\u00e9st kelt, mintha egy hideg sz\u00f3d\u00e1t inn\u00e1nk egy forr\u00f3 napon.<\/p>\n<h3>8. <strong>Sz\u0151l\u0151 Soda - Mer\u00e9sz \u00e9s Pezsg\u0151<\/strong><\/h3>\n<p>Sz\u0151l\u0151 \u00dcd\u00edt\u0151 megragadja a sz\u0151l\u0151 m\u00e9ly, l\u00e9d\u00fas \u00edz\u00e9t egy pezsg\u0151 csavarral, t\u00f6k\u00e9letes azoknak a vapereknek, akik robusztus, testes \u00edzeket kedvelnek. Minden sz\u00edv\u00e1s olyan, mint egy friss\u00edt\u0151 sz\u0151l\u0151 \u00fcd\u00edt\u0151, enyhe \u00e9dess\u00e9get hagyva a sz\u00e1jpadon.<\/p>\n<h3>9. <strong>\u0150szibar\u00e1t Gy\u0171r\u0171k \u2013 \u00c9des \u00e9s Nosztalgikus<\/strong><\/h3>\n<p>A Peach Rings egy \u00e9dess\u00e9g ihlette \u00edz, amely \u00fajraalkotja a klasszikus \u0151szibar\u00e1t gumigy\u0171r\u0171 \u00edz\u00e9t. \u00c9des, l\u00e9d\u00fas profilt k\u00edn\u00e1l, l\u00e1gy barackos ut\u00f3\u00edzzel, t\u00f6k\u00e9letes azok sz\u00e1m\u00e1ra, akik szeretik a desszertszer\u0171 vape-\u00e9lm\u00e9nyt.<\/p>\n<h3>10. <strong>Citromh\u00e9j \u2013 Savany\u00fa \u00e9s F\u00e9nyes<\/strong><\/h3>\n<p>A Lemon Zest a citromok fanyar, friss\u00edt\u0151 \u00edz\u00e9t enyhe \u00e9dess\u00e9ggel hozza, tiszta \u00e9s \u00e9l\u00e9nk\u00edt\u0151 \u00edzt biztos\u00edtva, amely t\u00f6k\u00e9letes a forr\u00f3 napokra vagy a sz\u00e1j tiszt\u00edt\u00e1s\u00e1ra.<\/p>\n<h3>11. <strong>Bogy\u00f3 Mix \u2013 Gazdag, Gy\u00fcm\u00f6lcs\u00f6kkel Teli Robban\u00e1s<\/strong><\/h3>\n<p>Bogy\u00f3 Mix a f\u00f6ldimogyor\u00f3, az \u00e1fonya \u00e9s a m\u00e1lna gazdags\u00e1g\u00e1t \u00f6tv\u00f6zi egy \u00edzletes, kiegyens\u00falyozott kever\u00e9kk\u00e9. Minden bel\u00e9gz\u00e9s sor\u00e1n komplex gy\u00fcm\u00f6lcs\u00e9lm\u00e9nyt ny\u00fajt, a bogy\u00f3k \u00e9dess\u00e9get \u00e9s m\u00e9lys\u00e9get egyar\u00e1nt k\u00edn\u00e1lnak.<\/p>\n<h3>12. <strong>Narancs Crush \u2013 \u00c9l\u00e9nk \u00e9s Cs\u00edp\u0151s<\/strong><\/h3>\n<p>Az Orange Crush elkapja a friss narancsok vil\u00e1gos, l\u00e9d\u00fas \u00edz\u00e9t, l\u00e9trehozva egy \u00e9l\u00e9nk profilt, ami egyszerre \u00e9des \u00e9s fanyar. Ez az \u00edz t\u00f6k\u00e9letes azok sz\u00e1m\u00e1ra, akik szeretik a citrusos \u00edzt egy friss\u00edt\u0151 csavarral.<\/p>\n<h2>Mi\u00e9rt v\u00e1lassza a FumotXpress.de-t az \u00d6n g\u0151z\u00f6l\u00e9si ig\u00e9nyeire?<\/h2>\n<p><a href=\"https:\/\/FumotXpress.de\" target=\"_blank\" rel=\"noopener\">FumotXpress.de<\/a> N\u00e9metorsz\u00e1g legnagyobb \u00e9s legmegb\u00edzhat\u00f3bb online keresked\u0151je az eldobhat\u00f3 vape term\u00e9keknek, amely pr\u00e9mium m\u00e1rk\u00e1kat k\u00edn\u00e1l, mint p\u00e9ld\u00e1ul az Al Fakher, Fizzy, OBEELAB HHC \u00e9s SMPO DL02. Gyors \u00e9s megb\u00edzhat\u00f3 sz\u00e1ll\u00edt\u00e1st biztos\u00edtunk eur\u00f3pai rakt\u00e1runkb\u00f3l, az uni\u00f3s v\u00e1s\u00e1rl\u00f3k sz\u00e1m\u00e1ra 3-7 napon bel\u00fcl. Minden v\u00e1s\u00e1rl\u00e1s k\u00e9nyelmes \u00e9s z\u00f6kken\u0151mentes, minim\u00e1lis rendel\u00e9si mennyis\u00e9g n\u00e9lk\u00fcl.<\/p>\n<p>Min\u0151s\u00e9gi, hiteless\u00e9gi \u00e9s kiv\u00e1l\u00f3 \u00fcgyf\u00e9lszolg\u00e1lati k\u00f6telezetts\u00e9gv\u00e1llal\u00e1sunkkal biztos\u00edtjuk, hogy a g\u0151z\u00f6l\u00e9si \u00e9lm\u00e9ny mind kiel\u00e9g\u00edt\u0151, mind megb\u00edzhat\u00f3 legyen. Ak\u00e1r \u00faj vagy a g\u0151z\u00f6l\u00e9sben, ak\u00e1r tapasztalt felhaszn\u00e1l\u00f3, a FumotXpress.de a legjobb min\u0151s\u00e9g\u0171 eldobhat\u00f3 vape term\u00e9kek c\u00e9lpontja.<\/p>","protected":false},"excerpt":{"rendered":"<p>Az Al Fakher Crown Bar Big Cloud 8000 PRO h\u00faz\u00f3egyszer haszn\u00e1latos e-cigaretta fejlett mesh-tekercs\u00e9vel, 18 ml-es e-folyad\u00e9k-kapacit\u00e1s\u00e1val \u00e9s ak\u00e1r 8000 h\u00faz\u00e1s\u00e1val intenz\u00edv, hossz\u00fa t\u00e1v\u00fa p\u00e1rologtat\u00e1si \u00e9lm\u00e9nyt ny\u00fajt sz\u00e1mos \u00edzes\u00edt\u00e9sben, t\u00f6k\u00e9letes a kifinomult g\u0151z\u00f6l\u0151k sz\u00e1m\u00e1ra.<\/p>","protected":false},"featured_media":475,"comment_status":"open","ping_status":"closed","template":"","meta":{"om_disable_all_campaigns":false},"product_brand":[],"product_cat":[16,91,92,93,94,95,96,97,99,100,101,102,103,104,107,108,111,78,79,80,81,82,83,84,85,86,87,88,89,90,70,71,56,61,63,60,65,67,68],"product_tag":[],"class_list":{"0":"post-444","1":"product","2":"type-product","3":"status-publish","4":"has-post-thumbnail","6":"product_cat-al-fakher-disposable-vapes","7":"product_cat-buy-best-disposable-vape-flavors","8":"product_cat-apple-flavor-disposable-vapes","9":"product_cat-blue-razz-flavor-disposable-vapes","10":"product_cat-blueberry-flavor-disposable-vapes","11":"product_cat-cherry-flavor-disposable-vapes","12":"product_cat-cola-flavor-disposable-vapes","13":"product_cat-grape-flavor-disposable-vapes","14":"product_cat-ice-flavor-disposable-vapes","15":"product_cat-kiwi-flavor-disposable-vapes","16":"product_cat-lemon-flavor-disposable-vapes","17":"product_cat-lush-flavor-disposable-vapes","18":"product_cat-mango-flavor-disposable-vapes","19":"product_cat-mint-flavor-disposable-vapes","20":"product_cat-peach-flavor-disposable-vapes","21":"product_cat-pineapple-flavor-disposable-vapes","22":"product_cat-strawberry-flavor-disposable-vapes","23":"product_cat-best-disposable-vape-in-europe","24":"product_cat-buy-disposable-vapes-in-austria","25":"product_cat-buy-disposable-vapes-in-belgium","26":"product_cat-buy-disposable-vapes-in-france","27":"product_cat-buy-disposable-vapes-in-germany","28":"product_cat-buy-disposable-vapes-in-italy","29":"product_cat-buy-disposable-vapes-in-netherlands","30":"product_cat-buy-disposable-vapes-in-norway","31":"product_cat-buy-disposable-vapes-in-poland","32":"product_cat-buy-disposable-vapes-in-portugal","33":"product_cat-buy-disposable-vapes-in-spain","34":"product_cat-buy-disposable-vapes-in-sweden","35":"product_cat-buy-disposable-vapes-in-switzerland","36":"product_cat-shop-disposable-vapes-by-puffs","37":"product_cat-8000-puff-disposable-vape","38":"product_cat-disposable-vape-types","39":"product_cat-big-puffs-disposable-vapes","40":"product_cat-digital-box-disposable-vapes","41":"product_cat-full-screen-disposable-vapes","42":"product_cat-lower-nicotine-disposable-vapes","43":"product_cat-rechargeable-disposable-vapes","44":"product_cat-shisha-hookah-disposable-vapes","46":"first","47":"outofstock","48":"shipping-taxable","49":"product-type-variable"},"_links":{"self":[{"href":"https:\/\/fumotxpress.de\/hu\/wp-json\/wp\/v2\/product\/444","targetHints":{"allow":["GET"]}}],"collection":[{"href":"https:\/\/fumotxpress.de\/hu\/wp-json\/wp\/v2\/product"}],"about":[{"href":"https:\/\/fumotxpress.de\/hu\/wp-json\/wp\/v2\/types\/product"}],"replies":[{"embeddable":true,"href":"https:\/\/fumotxpress.de\/hu\/wp-json\/wp\/v2\/comments?post=444"}],"wp:featuredmedia":[{"embeddable":true,"href":"https:\/\/fumotxpress.de\/hu\/wp-json\/wp\/v2\/media\/475"}],"wp:attachment":[{"href":"https:\/\/fumotxpress.de\/hu\/wp-json\/wp\/v2\/media?parent=444"}],"wp:term":[{"taxonomy":"product_brand","embeddable":true,"href":"https:\/\/fumotxpress.de\/hu\/wp-json\/wp\/v2\/product_brand?post=444"},{"taxonomy":"product_cat","embeddable":true,"href":"https:\/\/fumotxpress.de\/hu\/wp-json\/wp\/v2\/product_cat?post=444"},{"taxonomy":"product_tag","embeddable":true,"href":"https:\/\/fumotxpress.de\/hu\/wp-json\/wp\/v2\/product_tag?post=444"}],"curies":[{"name":"wp","href":"https:\/\/api.w.org\/{rel}","templated":true}]}}