{"id":4413,"date":"2025-07-25T05:07:59","date_gmt":"2025-07-25T05:07:59","guid":{"rendered":"https:\/\/fumotxpress.de\/?post_type=product&#038;p=4413"},"modified":"2025-07-26T04:49:24","modified_gmt":"2025-07-26T04:49:24","slug":"elfbar-combo-pro-30000-szivas-eldobhato-vape","status":"publish","type":"product","link":"https:\/\/fumotxpress.de\/hu\/termek\/elfbar-combo-pro-30000-szivas-eldobhato-vape\/","title":{"rendered":"ELFBAR Combo Pro 30000 Puffs Eldobhat\u00f3 Vape  Egy doboz (10 darab)"},"content":{"rendered":"<h2><strong>R\u00e9szletek:<\/strong>A maxim\u00e1lis vonatsz\u00e1m\u00a0<strong>ELF Bar Combo Pro 30000<\/strong><\/h2>\n<p>30 000 h\u00faz\u00e1s. Ez az innovat\u00edv, eldobhat\u00f3 vape k\u00e9sz\u00fcl\u00e9k h\u00e1rom \u00edzt, k\u00e9t \u00fczemm\u00f3dot \u00e9s k\u00e9t l\u00e9g\u00e1raml\u00e1si rendszert egyes\u00edt egy k\u00e9sz\u00fcl\u00e9kben, \u00e9s \u00edgy p\u00e1ratlan g\u0151z\u00f6l\u00e9si \u00e9lm\u00e9nyt ny\u00fajt. Ez a legmodernebb tervez\u00e9si koncepci\u00f3k \u00e9s gy\u00e1rt\u00e1si technik\u00e1k alkalmaz\u00e1s\u00e1val \u00e9rhet\u0151 el. A kett\u0151s l\u00e9g\u00e1raml\u00e1s\u00fa kialak\u00edt\u00e1s \u00e9s az \u00edzkombin\u00e1ci\u00f3 az ELF Bar Combo Pro 30000 legnagyobb er\u0151ss\u00e9gei. A kombin\u00e1lt kapcsol\u00f3 h\u00e1rom v\u00e1ltozatot tesz lehet\u0151v\u00e9 a Combo Pro 30000 sz\u00e1m\u00e1ra. A kapcsol\u00f3 h\u00e1rom poz\u00edci\u00f3ja - oldal \u00e9s k\u00f6z\u00e9pen - mindegyike m\u00e1s \u00edz \u00fczemm\u00f3dot k\u00e9pvisel. A kombin\u00e1lt kapcsol\u00f3 mindk\u00e9t oldala \u00e1ll\u00edthat\u00f3.<\/p>\n<p><strong>M\u0171szaki adatok:<\/strong><br \/>\n700 mAh Akku<br \/>\n17 ml \u0171rtartalom<br \/>\n5 % er\u0151ss\u00e9g<br \/>\nLegfeljebb 30 000 vonat<br \/>\nDupla l\u00e9g\u00e1raml\u00e1s\u00fa rendszer<br \/>\nMegjelen\u00edt\u00e9s<br \/>\nTyp-C-Ladeanschluss \n\n becomes \n\nType-C t\u00f6lt\u0151csatlakoz\u00f3<\/p>\n<p><strong>A csomag tartalmazza:<\/strong><br \/>\n1 darab* ELF Bar Combo Pro 30000 eldobhat\u00f3 k\u00e9szlet<\/p>\n<p><img decoding=\"async\" src=\"https:\/\/fumotxpress.de\/wp-content\/uploads\/2025\/07\/1750413917740.png\" alt=\"\" \/><\/p>","protected":false},"excerpt":{"rendered":"<p>700 mAh Akku<br \/>\n17 ml \u0171rtartalom<br \/>\n5 % er\u0151ss\u00e9g<br \/>\nLegfeljebb 30 000 vonat<br \/>\nDupla l\u00e9g\u00e1raml\u00e1s\u00fa rendszer<br \/>\nMegjelen\u00edt\u00e9s<br \/>\nTyp-C-Ladeanschluss \n\n becomes \n\nType-C t\u00f6lt\u0151csatlakoz\u00f3<\/p>","protected":false},"featured_media":4414,"comment_status":"open","ping_status":"closed","template":"","meta":{"om_disable_all_campaigns":false},"product_brand":[],"product_cat":[130],"product_tag":[],"class_list":{"0":"post-4413","1":"product","2":"type-product","3":"status-publish","4":"has-post-thumbnail","6":"product_cat-elfbar-combo-pro-30000-puffs","8":"first","9":"instock","10":"shipping-taxable","11":"purchasable","12":"product-type-variable"},"_links":{"self":[{"href":"https:\/\/fumotxpress.de\/hu\/wp-json\/wp\/v2\/product\/4413","targetHints":{"allow":["GET"]}}],"collection":[{"href":"https:\/\/fumotxpress.de\/hu\/wp-json\/wp\/v2\/product"}],"about":[{"href":"https:\/\/fumotxpress.de\/hu\/wp-json\/wp\/v2\/types\/product"}],"replies":[{"embeddable":true,"href":"https:\/\/fumotxpress.de\/hu\/wp-json\/wp\/v2\/comments?post=4413"}],"wp:featuredmedia":[{"embeddable":true,"href":"https:\/\/fumotxpress.de\/hu\/wp-json\/wp\/v2\/media\/4414"}],"wp:attachment":[{"href":"https:\/\/fumotxpress.de\/hu\/wp-json\/wp\/v2\/media?parent=4413"}],"wp:term":[{"taxonomy":"product_brand","embeddable":true,"href":"https:\/\/fumotxpress.de\/hu\/wp-json\/wp\/v2\/product_brand?post=4413"},{"taxonomy":"product_cat","embeddable":true,"href":"https:\/\/fumotxpress.de\/hu\/wp-json\/wp\/v2\/product_cat?post=4413"},{"taxonomy":"product_tag","embeddable":true,"href":"https:\/\/fumotxpress.de\/hu\/wp-json\/wp\/v2\/product_tag?post=4413"}],"curies":[{"name":"wp","href":"https:\/\/api.w.org\/{rel}","templated":true}]}}