{"id":4175,"date":"2025-07-20T05:14:13","date_gmt":"2025-07-20T05:14:13","guid":{"rendered":"https:\/\/fumotxpress.de\/?post_type=product&#038;p=4175"},"modified":"2025-07-20T05:18:14","modified_gmt":"2025-07-20T05:18:14","slug":"adalya-adl-16k-puffs-pro-eldobhato-vape-e-cigaretta-2-eros-nikotin-nagykereskedelem-egy-doboz-10-db","status":"publish","type":"product","link":"https:\/\/fumotxpress.de\/hu\/termek\/adalya-adl-16k-puffs-pro-eldobhato-vape-e-cigaretta-2-eros-nikotin-nagykereskedelem-egy-doboz-10-db\/","title":{"rendered":"ADALYA ADL 16K puff Pro Eldobhat\u00f3 Vape E cigi 2% Er\u0151s Nikotin Nagykereskedelem egy doboz (10PCS)"},"content":{"rendered":"<p><img loading=\"lazy\" decoding=\"async\" class=\"alignnone size-full wp-image-4176\" src=\"https:\/\/fumotxpress.de\/wp-content\/uploads\/2025\/07\/Adalya16kpuffs-3.webp\" alt=\"\" width=\"959\" height=\"547\" srcset=\"https:\/\/fumotxpress.de\/wp-content\/uploads\/2025\/07\/Adalya16kpuffs-3.webp 959w, https:\/\/fumotxpress.de\/wp-content\/uploads\/2025\/07\/Adalya16kpuffs-3-300x171.webp 300w, https:\/\/fumotxpress.de\/wp-content\/uploads\/2025\/07\/Adalya16kpuffs-3-768x438.webp 768w, https:\/\/fumotxpress.de\/wp-content\/uploads\/2025\/07\/Adalya16kpuffs-3-18x10.webp 18w, https:\/\/fumotxpress.de\/wp-content\/uploads\/2025\/07\/Adalya16kpuffs-3-600x342.webp 600w\" sizes=\"auto, (max-width: 959px) 100vw, 959px\" \/><\/p>\n<p><strong><b>M\u0171szaki adatok<\/b><\/strong><\/p>\n<ul>\n<li>Puff kapacit\u00e1s: ak\u00e1r 16000 sz\u00edv\u00e1s<\/li>\n<li>Spray St\u00edlus: DTL (Direct-To-Lung)<\/li>\n<li>Nicotintartalom: 20mg (2%)<\/li>\n<li>Biztons\u00e1g: Z\u00e1r gomb<\/li>\n<li>L\u00e9g\u00e1raml\u00e1s t\u00edpusa: \u00e1ll\u00edthat\u00f3 huzat<\/li>\n<li>Tekercs ellen\u00e1ll\u00e1s: 0,6 Ohm ellen\u00e1ll\u00e1s<\/li>\n<li>Tekercs konstrukci\u00f3: Tekercs ellen\u00e1ll\u00e1s<\/li>\n<li>\u00c1ll\u00edthat\u00f3 l\u00e9g\u00e1raml\u00e1s<\/li>\n<li>E-liquid t\u00e9rfogat: 25 ml<\/li>\n<li>Akku kapacit\u00e1s: 850 mAh<\/li>\n<li>T\u00f6lt\u00e9s: C port<\/li>\n<li>Akku t\u00edpusa: \u00dajrat\u00f6lthet\u0151<\/li>\n<li>Sziv\u00e1rg\u00e1s\u00e1ll\u00f3<\/li>\n<li>Digit\u00e1lis kijelz\u0151 az akkumul\u00e1tor \u00e9s az olajszint kijelz\u00e9s\u00e9vel<\/li>\n<li>Karbantart\u00e1s nem sz\u00fcks\u00e9ges<\/li>\n<\/ul>\n<p>&nbsp;<\/p>\n<p><strong><b>F\u0151 Okok A V\u00e1s\u00e1rl\u00e1sra<\/b><\/strong><\/p>\n<ul>\n<li>Ingyenes sz\u00e1ll\u00edt\u00e1s<\/li>\n<li>\u00c9rt\u00e9kes\u00edt\u00e9s ut\u00e1ni garancia<\/li>\n<li>Biztons\u00e1gos fizet\u00e9s<\/li>\n<li>Vil\u00e1gszerte ajt\u00f3t\u00f3l ajt\u00f3ig sz\u00e1ll\u00edt\u00e1s<\/li>\n<li>V\u00e1mkezel\u00e9s \u00e9s biztos\u00edt\u00e1s<\/li>\n<li>Online k\u00f6vet\u00e9s<\/li>\n<li>24 \u00f3r\u00e1s online \u00fcgyf\u00e9lszolg\u00e1lat<\/li>\n<\/ul>","protected":false},"excerpt":{"rendered":"<ul>\n<li>Puff kapacit\u00e1s: ak\u00e1r 16000 sz\u00edv\u00e1s<\/li>\n<li>Spray St\u00edlus: DTL (Direct-To-Lung)<\/li>\n<li>Nicotintartalom: 20mg (2%)<\/li>\n<\/ul>","protected":false},"featured_media":4177,"comment_status":"open","ping_status":"closed","template":"","meta":{"om_disable_all_campaigns":false},"product_brand":[],"product_cat":[126],"product_tag":[],"class_list":{"0":"post-4175","1":"product","2":"type-product","3":"status-publish","4":"has-post-thumbnail","6":"product_cat-adalya-adl-16k-puffs-pro","8":"first","9":"instock","10":"shipping-taxable","11":"purchasable","12":"product-type-variable"},"_links":{"self":[{"href":"https:\/\/fumotxpress.de\/hu\/wp-json\/wp\/v2\/product\/4175","targetHints":{"allow":["GET"]}}],"collection":[{"href":"https:\/\/fumotxpress.de\/hu\/wp-json\/wp\/v2\/product"}],"about":[{"href":"https:\/\/fumotxpress.de\/hu\/wp-json\/wp\/v2\/types\/product"}],"replies":[{"embeddable":true,"href":"https:\/\/fumotxpress.de\/hu\/wp-json\/wp\/v2\/comments?post=4175"}],"wp:featuredmedia":[{"embeddable":true,"href":"https:\/\/fumotxpress.de\/hu\/wp-json\/wp\/v2\/media\/4177"}],"wp:attachment":[{"href":"https:\/\/fumotxpress.de\/hu\/wp-json\/wp\/v2\/media?parent=4175"}],"wp:term":[{"taxonomy":"product_brand","embeddable":true,"href":"https:\/\/fumotxpress.de\/hu\/wp-json\/wp\/v2\/product_brand?post=4175"},{"taxonomy":"product_cat","embeddable":true,"href":"https:\/\/fumotxpress.de\/hu\/wp-json\/wp\/v2\/product_cat?post=4175"},{"taxonomy":"product_tag","embeddable":true,"href":"https:\/\/fumotxpress.de\/hu\/wp-json\/wp\/v2\/product_tag?post=4175"}],"curies":[{"name":"wp","href":"https:\/\/api.w.org\/{rel}","templated":true}]}}