{"id":4063,"date":"2025-07-16T07:48:22","date_gmt":"2025-07-16T07:48:22","guid":{"rendered":"https:\/\/fumotxpress.de\/?post_type=product&#038;p=4063"},"modified":"2025-07-18T04:50:04","modified_gmt":"2025-07-18T04:50:04","slug":"nr-mega-shisha-hookah-100k-ujratoltheto-eldobhato-keszlet-60ml","status":"publish","type":"product","link":"https:\/\/fumotxpress.de\/hu\/termek\/nr-mega-shisha-hookah-100k-ujratoltheto-eldobhato-keszlet-60ml\/","title":{"rendered":"NR Mega Shisha Hookah 100K \u00dajrat\u00f6lthet\u0151 Eldobhat\u00f3 Kit 60ml"},"content":{"rendered":"<p><strong>R\u00e9szletek:<\/strong><br \/>\nDas\u00a0<strong><a href=\"https:\/\/fumotxpress.de\/hu\/termek\/nr-mega-shisha-hookah-100k-ujratoltheto-eldobhato-keszlet-60ml\/\">JNR Mega Shisha Hookah 100K<\/a> Egyutas k\u00e9szlet<\/strong>\u00a0Ez egy leny\u0171g\u00f6z\u0151en tart\u00f3s eldobhat\u00f3 vape. 0,2 \u03a9-os mesh tekercsel, 60 ml kapacit\u00e1ssal \u00e9s ak\u00e1r 100 000 f\u00faj\u00e1ssal rendelkezik. A 2200 mAh-s akkumul\u00e1tor \u00e9s a Type-C t\u00f6lt\u00e9si funkci\u00f3 miatt folyamatos haszn\u00e1latra k\u00e9sz - mindezt kompakt m\u00e9retben, 2 % g\u0151z er\u0151ss\u00e9ggel. Asztali shisha-kompatibilit\u00e1st, \u00e1ll\u00edthat\u00f3 l\u00e9g\u00e1raml\u00e1st \u00e9s DTL-g\u0151z\u00f6l\u00e9st k\u00edn\u00e1l szem\u00e9lyre szabott \u00e9lm\u00e9ny\u00e9rt. K\u00e9t sz\u00e1jr\u00e9sz, 8 m\u00e1sodperces g\u0151zid\u0151 \u00e9s automatikus t\u00fal\u00f3rav\u00e9delem k\u00e9nyelm\u00e9t \u00e9lvezheti.<\/p>\n<p><strong>M\u0171szaki adatok:<\/strong><br \/>\n\u2022 \u00dajrat\u00f6lthet\u0151 be\u00e9p\u00edtett 2200 mAh-s akkumul\u00e1tor<br \/>\n\u2022 El\u0151ret\u00f6lt\u00f6tt (60 ml)<br \/>\n\u2022 60 W kimeneti teljes\u00edtm\u00e9ny<br \/>\n\u2022 l\u00e9g\u00e1raml\u00e1s-szab\u00e1lyoz\u00e1s<br \/>\n\u2022 Legfeljebb 100 000 vonat<br \/>\n\u2022 DTL-Dampfen unterst\u00fctzt<br \/>\n\u2022 Kompatibilis az asztali v\u00edzipipa k\u00e9sz\u00fcl\u00e9kekkel<br \/>\n\u2022 Okos kijelz\u0151 \u00e9s l\u00e9gf\u00e9ny<br \/>\n\u2022 Dupla f\u00fav\u00f3k\u00e1k<br \/>\n\u2022 l\u00e9g\u00e1raml\u00e1s-szab\u00e1lyoz\u00e1s<br \/>\n\u2022 2 % er\u0151sebb g\u0151z er\u0151ss\u00e9g<br \/>\n\u2022 USB Type-C t\u00f6lt\u00e9si funkci\u00f3 (nem tartoz\u00e9k)<\/p>\n<p><strong>A csomag tartalmazza:<\/strong><br \/>\n1* JNR Mega Shisha Hookah 100K \u00dajrat\u00f6lthet\u0151 Eldobhat\u00f3 Kit 60ml<\/p>\n<p>\u3001<img decoding=\"async\" src=\"https:\/\/fumotxpress.de\/wp-content\/uploads\/2025\/07\/JMSH100K20250312_2.jpg\" alt=\"\" \/><\/p>\n<div><iframe title=\"JNR Mega Shisha Hookah 100K\" src=\"https:\/\/player.vimeo.com\/video\/1064999286?badge=0&amp;autopause=0&amp;player_id=0&amp;app_id=58479\" data-ready=\"true\" data-mce-fragment=\"1\"><\/iframe><\/div>","protected":false},"excerpt":{"rendered":"<p>R\u00e9szletek: A JNR Mega Shisha Hookah 100K eldobhat\u00f3 k\u00e9szlet  egy leny\u0171g\u00f6z\u0151en tart\u00f3s eldobhat\u00f3 vape. 0,2 \u03a9-os mesh tekercsel, 60 ml-es kapacit\u00e1ssal \u00e9s ak\u00e1r 100 000 sz\u00edv\u00e1ssal rendelkezik. A 2200 mAh-s akkumul\u00e1tor \u00e9s a Type-C t\u00f6lt\u00e9si funkci\u00f3 miatt folyamatos haszn\u00e1latra k\u00e9sz - mindezt kompakt m\u00e9retben, 2 % g\u0151z er\u0151ss\u00e9ggel. Asztali shisha-kompatibilit\u00e1st, \u00e1ll\u00edthat\u00f3 l\u00e9g\u00e1raml\u00e1st \u00e9s DTL g\u0151z\u00f6l\u00e9st k\u00edn\u00e1l [\u2026]","protected":false},"featured_media":4092,"comment_status":"open","ping_status":"closed","template":"","meta":{"om_disable_all_campaigns":false},"product_brand":[],"product_cat":[124],"product_tag":[],"class_list":{"0":"post-4063","1":"product","2":"type-product","3":"status-publish","4":"has-post-thumbnail","6":"product_cat-nr-mega-shisha-hookah-100k","8":"first","9":"instock","10":"shipping-taxable","11":"purchasable","12":"product-type-variable"},"_links":{"self":[{"href":"https:\/\/fumotxpress.de\/hu\/wp-json\/wp\/v2\/product\/4063","targetHints":{"allow":["GET"]}}],"collection":[{"href":"https:\/\/fumotxpress.de\/hu\/wp-json\/wp\/v2\/product"}],"about":[{"href":"https:\/\/fumotxpress.de\/hu\/wp-json\/wp\/v2\/types\/product"}],"replies":[{"embeddable":true,"href":"https:\/\/fumotxpress.de\/hu\/wp-json\/wp\/v2\/comments?post=4063"}],"wp:featuredmedia":[{"embeddable":true,"href":"https:\/\/fumotxpress.de\/hu\/wp-json\/wp\/v2\/media\/4092"}],"wp:attachment":[{"href":"https:\/\/fumotxpress.de\/hu\/wp-json\/wp\/v2\/media?parent=4063"}],"wp:term":[{"taxonomy":"product_brand","embeddable":true,"href":"https:\/\/fumotxpress.de\/hu\/wp-json\/wp\/v2\/product_brand?post=4063"},{"taxonomy":"product_cat","embeddable":true,"href":"https:\/\/fumotxpress.de\/hu\/wp-json\/wp\/v2\/product_cat?post=4063"},{"taxonomy":"product_tag","embeddable":true,"href":"https:\/\/fumotxpress.de\/hu\/wp-json\/wp\/v2\/product_tag?post=4063"}],"curies":[{"name":"wp","href":"https:\/\/api.w.org\/{rel}","templated":true}]}}