{"id":3713,"date":"2025-04-11T12:41:26","date_gmt":"2025-04-11T12:41:26","guid":{"rendered":"https:\/\/fumotxpress.de\/?post_type=product&#038;p=3713"},"modified":"2025-05-20T09:51:56","modified_gmt":"2025-05-20T09:51:56","slug":"request-failed-with-status-code-574","status":"publish","type":"product","link":"https:\/\/fumotxpress.de\/hu\/termek\/request-failed-with-status-code-574\/","title":{"rendered":"Eur\u00f3pai Rakt\u00e1r Fumot RandM Tornado 7000 Puff Alacsony Nikotin V\u00e1s\u00e1roljon Eredeti Hiteles \u00dajrat\u00f6lthet\u0151 Eldobhat\u00f3 Vape Tollat"},"content":{"rendered":"<h1 class=\"\" data-start=\"0\" data-end=\"81\"><a href=\"https:\/\/fumotxpress.de\/hu\/\">FUMOT RandM Tornado 7000 Puffs Eldobhat\u00f3 Vape<\/a> \u2013 Az Ultimate Vaping \u00c9lvezet<\/h1>\n<div style=\"width: 1020px;\" class=\"wp-video\"><!--[if lt IE 9]><script>document.createElement('video');<\/script><![endif]-->\n<video class=\"wp-video-shortcode\" id=\"video-3713-1\" width=\"1020\" height=\"574\" preload=\"metadata\" controls=\"controls\"><source type=\"video\/mp4\" src=\"https:\/\/fumotxpress.de\/wp-content\/uploads\/2025\/04\/AQOLfTyix6axaeO6TzluAYl6Rgo7NvU7N2qWjsiurqiQkUiM7ncEfMbEHWZKEcD4zPZgte2F6yGG9ZsX7hkJlXhH.mp4?_=1\" \/><a href=\"https:\/\/fumotxpress.de\/wp-content\/uploads\/2025\/04\/AQOLfTyix6axaeO6TzluAYl6Rgo7NvU7N2qWjsiurqiQkUiM7ncEfMbEHWZKEcD4zPZgte2F6yGG9ZsX7hkJlXhH.mp4\">https:\/\/fumotxpress.de\/wp-content\/uploads\/2025\/04\/AQOLfTyix6axaeO6TzluAYl6Rgo7NvU7N2qWjsiurqiQkUiM7ncEfMbEHWZKEcD4zPZgte2F6yGG9ZsX7hkJlXhH.mp4<\/a><\/video><\/div>\n<p class=\"\" data-start=\"83\" data-end=\"669\"><strong data-start=\"83\" data-end=\"118\">Innov\u00e1ci\u00f3 Kiszabad\u00edt\u00e1sa az E-Cigarett\u00e1z\u00e1sban<\/strong><br data-start=\"118\" data-end=\"121\" \/>Az FUMOT RandM Tornado 7000 Puffs eldobhat\u00f3 vape val\u00f3di forradalom a vapoz\u00e1s vil\u00e1g\u00e1ban. Azok sz\u00e1m\u00e1ra tervezve, akik mind a magas teljes\u00edtm\u00e9nyt, mind a st\u00edlust \u00e9rt\u00e9kelik, ez az eldobhat\u00f3 vape toll \u00fajra\u00e9rtelmezi a szabv\u00e1nyt. Ak\u00e1r tapasztalt vaperr\u0151l, ak\u00e1r \u00fajoncr\u00f3l van sz\u00f3, a Tornado 7000 kiv\u00e9teles \u00e9lm\u00e9nyt \u00edg\u00e9r, amely \u00f6tv\u00f6zi a hat\u00e9kony technol\u00f3gi\u00e1t a modern eszt\u00e9tik\u00e1val. Kiz\u00e1r\u00f3lagosan el\u00e9rhet\u0151 a <strong data-start=\"512\" data-end=\"530\">FumotXpress.de<\/strong>, N\u00e9metorsz\u00e1g legnagyobb online kiskereskedelmi platformja az eldobhat\u00f3 vape term\u00e9kek sz\u00e1m\u00e1ra, ez a term\u00e9k a kapu a legjobb g\u0151z\u00f6l\u00e9si \u00e9lm\u00e9nyhez Eur\u00f3p\u00e1ban.<\/p>\n<p class=\"\" data-start=\"671\" data-end=\"1145\">Kiemelt figyelemmel megalkotva, az FUMOT RandM Tornado 7000 nem csup\u00e1n egy \u00fajabb eldobhat\u00f3 vape toll - hanem a kiv\u00e1l\u00f3 min\u0151s\u00e9g, nagy kapacit\u00e1s \u00e9s szem\u00e9lyre szabott testreszab\u00e1s \u00f6tv\u00f6zete. Graffiti ihlette diz\u00e1jnnal, RGB vil\u00e1g\u00edt\u00e1ssal \u00e9s \u00e1ramvonalas, ergon\u00f3mikus fel\u00e9p\u00edt\u00e9ssel a Tornado 7000 \u00e9ppoly vizu\u00e1lisan leny\u0171g\u00f6z\u0151, mint funkcion\u00e1lis. T\u00f6k\u00e9letes azok sz\u00e1m\u00e1ra, akik k\u00e9nyelmet, teljes\u00edtm\u00e9nyt \u00e9s sokf\u00e9le \u00edzvil\u00e1got keresnek, ez az eszk\u00f6z \u00fagy van tervezve, hogy fel\u00fclm\u00falja az elv\u00e1r\u00e1sokat.<\/p>\n<p class=\"\" data-start=\"1147\" data-end=\"1444\"><strong data-start=\"1147\" data-end=\"1190\">Kiz\u00e1r\u00f3lagosan el\u00e9rhet\u0151 a FumotXpress.de oldalon<\/strong>nincs minim\u00e1lis rendel\u00e9si mennyis\u00e9g\u00fcnk biztos\u00edtja, hogy mind az egy\u00e9ni v\u00e1s\u00e1rl\u00f3k, mind a kiskereskedelmi csoportok hozz\u00e1f\u00e9rjenek a Tornado 7000-hez. Gyors, megb\u00edzhat\u00f3 sz\u00e1ll\u00edt\u00e1ssal <strong data-start=\"1341\" data-end=\"1363\">Eur\u00f3pai rakt\u00e1r<\/strong>, v\u00e1rhat\u00f3an 3-7 napon bel\u00fcl meg\u00e9rkezik a rendel\u00e9sed, b\u00e1rhol is legy\u00e9l az EU-ban.<\/p>\n<hr class=\"\" data-start=\"1446\" data-end=\"1449\" \/>\n<h2 class=\"\" data-start=\"1451\" data-end=\"1494\">Mi\u00e9rt v\u00e1lassza az FUMOT-ot?<a href=\"https:\/\/fumotxpress.de\/hu\/\"> RandM Tornado 7000<\/a>?<\/h2>\n<p class=\"\" data-start=\"1496\" data-end=\"1631\">A FUMOT RandM Tornado 7000 t\u00f6bb, mint egy eldobhat\u00f3 vape - ez egy nyilatkozat. Itt van, mi\u00e9rt t\u0171nik ki a zs\u00fafolt vape piacon:<\/p>\n<h3 class=\"\" data-start=\"1633\" data-end=\"1672\"><strong data-start=\"1637\" data-end=\"1670\">F\u0151bb jellemz\u0151k \u00e9s m\u0171szaki adatok<\/strong><\/h3>\n<ul data-start=\"1674\" data-end=\"3283\">\n<li class=\"\" data-start=\"1674\" data-end=\"1870\">\n<p class=\"\" data-start=\"1676\" data-end=\"1870\"><strong data-start=\"1676\" data-end=\"1701\">7000 f\u00faj\u00e1s k\u00e9sz\u00fcl\u00e9kenk\u00e9nt<\/strong>T\u00f6k\u00e9letes hossz\u00fa t\u00e1v\u00fa haszn\u00e1latra, a Tornado 7000 ak\u00e1r <strong data-start=\"1760\" data-end=\"1774\">7000 sz\u00edv\u00e1s<\/strong> Eszk\u00f6z\u00f6nk\u00e9nt, hosszabb\u00edtott g\u0151z\u00f6l\u00e9si \u00e9lm\u00e9nyt ny\u00fajtva az \u00e1lland\u00f3 cser\u00e9k sz\u00fcks\u00e9gess\u00e9ge n\u00e9lk\u00fcl.<\/p>\n<\/li>\n<li class=\"\" data-start=\"1874\" data-end=\"2051\">\n<p class=\"\" data-start=\"1876\" data-end=\"2051\"><strong data-start=\"1876\" data-end=\"1902\">14ml E-folyad\u00e9k kapacit\u00e1s<\/strong>El\u0151re kit\u00f6ltve <strong data-start=\"1920\" data-end=\"1948\">pr\u00e9mium min\u0151s\u00e9g\u0171 e-folyad\u00e9k<\/strong>A Tornado 7000 modell 14 ml-es kapacit\u00e1ssal rendelkezik, ami minden sz\u00edv\u00e1sn\u00e1l hossz\u00fa t\u00e1v\u00fa el\u00e9gedetts\u00e9get biztos\u00edt.<\/p>\n<\/li>\n<li class=\"\" data-start=\"2055\" data-end=\"2235\">\n<p class=\"\" data-start=\"2057\" data-end=\"2235\"><strong data-start=\"2057\" data-end=\"2092\">Testreszabhat\u00f3 nikotiner\u0151ss\u00e9gek<\/strong>V\u00e1lasszon k\u00f6z\u00fcl\u00fck <strong data-start=\"2106\" data-end=\"2136\">0%, 2%, 3% vagy 5% nikotin<\/strong> Lehet\u0151s\u00e9gek, amelyek szem\u00e9lyes preferenci\u00e1ihoz igazodnak, lehet\u0151v\u00e9 t\u00e9ve, hogy a tapasztalatot saj\u00e1t ig\u00e9nyeihez igaz\u00edtsa.<\/p>\n<\/li>\n<li class=\"\" data-start=\"2239\" data-end=\"2414\">\n<p class=\"\" data-start=\"2241\" data-end=\"2414\"><strong data-start=\"2241\" data-end=\"2284\">Integr\u00e1lt 1000mAh \u00fajrat\u00f6lthet\u0151 akkumul\u00e1tor<\/strong>: Bemutatkozva egy <strong data-start=\"2298\" data-end=\"2326\">USB-\u00fajrat\u00f6lthet\u0151 akkumul\u00e1tor<\/strong>A Tornado 7000 lehet\u0151v\u00e9 teszi, hogy az utols\u00f3 e-folyad\u00e9k cseppig \u00e9lvezze k\u00e9sz\u00fcl\u00e9k\u00e9t.<\/p>\n<\/li>\n<li class=\"\" data-start=\"2418\" data-end=\"2602\">\n<p class=\"\" data-start=\"2420\" data-end=\"2602\"><strong data-start=\"2420\" data-end=\"2449\">\u00c1ll\u00edthat\u00f3 l\u00e9g\u00e1raml\u00e1s rendszer<\/strong>: A <strong data-start=\"2455\" data-end=\"2477\">\u00e1ll\u00edthat\u00f3 l\u00e9g\u00e1raml\u00e1s<\/strong> a funkci\u00f3 lehet\u0151v\u00e9 teszi, hogy szem\u00e9lyre szabja a sz\u00edv\u00e1st, legyen sz\u00f3 ak\u00e1r egy szorosabb, kontroll\u00e1ltabb bel\u00e9gz\u00e9sr\u0151l, ak\u00e1r egy leveg\u0151sebb, nyitottabb f\u00faj\u00e1sr\u00f3l.<\/p>\n<\/li>\n<li class=\"\" data-start=\"2606\" data-end=\"2761\">\n<p class=\"\" data-start=\"2608\" data-end=\"2761\"><strong data-start=\"2608\" data-end=\"2632\">H\u00e1l\u00f3 Tekercs Technol\u00f3gia<\/strong>A Tornado 7000-et haszn\u00e1lja <strong data-start=\"2656\" data-end=\"2680\">h\u00e1l\u00f3s tekercstechnol\u00f3gia<\/strong>sim\u00e1bb g\u0151zt, tiszt\u00e1bb f\u00fcst\u00f6t \u00e9s intenz\u00edvebb \u00edzt biztos\u00edtva minden egyes sz\u00edv\u00e1ssal.<\/p>\n<\/li>\n<li class=\"\" data-start=\"2765\" data-end=\"2922\">\n<p class=\"\" data-start=\"2767\" data-end=\"2922\"><strong data-start=\"2767\" data-end=\"2787\">Ergonomikus tervez\u00e9s<\/strong>:Felszerelve egy <strong data-start=\"2805\" data-end=\"2843\">l\u00e1gy, \u00e9lelmiszer-min\u0151s\u00e9g\u0171 gumisz\u00e1jdarab<\/strong>Ez az e-cigaretta toll minden haszn\u00e1lat sor\u00e1n k\u00e9nyelmes \u00e9s pr\u00e9mium bel\u00e9gz\u00e9si \u00e9lm\u00e9nyt biztos\u00edt.<\/p>\n<\/li>\n<li class=\"\" data-start=\"2926\" data-end=\"3089\">\n<p class=\"\" data-start=\"2928\" data-end=\"3089\"><strong data-start=\"2928\" data-end=\"2949\">RGB F\u00e9nykijelz\u0151<\/strong>: A vizu\u00e1lis d\u00edsz\u00edt\u00e9s hozz\u00e1ad\u00e1sa, a <strong data-start=\"2978\" data-end=\"3007\">6 sz\u00edn\u0171 RGB vil\u00e1g\u00edt\u00e1s kijelz\u0151<\/strong> A Tornado 7000-at figyelemfelkelt\u0151 eszk\u00f6zz\u00e9 teszi, amely minden sz\u00edv\u00e1sn\u00e1l kivil\u00e1g\u00edt.<\/p>\n<\/li>\n<li class=\"\" data-start=\"3093\" data-end=\"3283\">\n<p class=\"\" data-start=\"3095\" data-end=\"3283\"><strong data-start=\"3095\" data-end=\"3121\">Kiskereskedelmi k\u00e9sz csomagol\u00e1s<\/strong>: Kiskeresked\u0151k sz\u00e1m\u00e1ra ide\u00e1lis a Tornado 7000 kaphat\u00f3 <strong data-start=\"3170\" data-end=\"3195\">10 egys\u00e9gnyi kijelz\u0151 dobozok<\/strong> \u00e9s <strong data-start=\"3200\" data-end=\"3224\">240 darab\/karton<\/strong>, \u00edgy a kiskereskedelmi \u00e9s nagykereskedelmi rendel\u00e9sekhez is t\u00f6k\u00e9letes term\u00e9k.<\/p>\n<\/li>\n<\/ul>\n<hr class=\"\" data-start=\"3285\" data-end=\"3288\" \/>\n<h2 class=\"\" data-start=\"3290\" data-end=\"3356\">\u00cdz\u00e9lm\u00e9ny \u2013 20 K\u00fcl\u00f6nb\u00f6z\u0151 Profil Minden \u00cdzl\u00e9shez<\/h2>\n<p class=\"\" data-start=\"3358\" data-end=\"3735\">A FUMOT RandM Tornado 7000 egyik f\u0151 vonzereje a leny\u0171g\u00f6z\u0151 v\u00e1laszt\u00e9k <strong data-start=\"3448\" data-end=\"3481\">20 finom, dinamikus \u00edz<\/strong>. Ak\u00e1r gy\u00fcm\u00f6lcs\u00f6s kever\u00e9kekre, jeges friss\u00edt\u0151kre, vagy desszert ihlette finoms\u00e1gokra v\u00e1gysz, a Tornado 7000 biztosan tal\u00e1l valamit, ami minden vappernek megfelel. Az al\u00e1bbiakban tal\u00e1lhat\u00f3 a teljes lista a rendelkez\u00e9sre \u00e1ll\u00f3 \u00edzekr\u0151l, melyeket gondosan k\u00e9sz\u00edtettek, hogy felejthetetlen vapel\u00e9si \u00e9lm\u00e9nyt ny\u00fajtsanak:<\/p>\n<h3 class=\"\" data-start=\"3737\" data-end=\"3766\"><strong data-start=\"3741\" data-end=\"3764\">Fekete Ribizli J\u00e9g<\/strong><\/h3>\n<p class=\"\" data-start=\"3767\" data-end=\"3903\">\u00c9les, mer\u00e9sz feketeribizli robban\u00e1s, t\u00f6k\u00e9letesen egyens\u00falyban egy h\u0171s mentol befejez\u00e9ssel. Ide\u00e1lis a gy\u00fcm\u00f6lcs szerelmeseinek, akik szeretnek egy friss\u00edt\u0151 hideget.<\/p>\n<h3 class=\"\" data-start=\"3905\" data-end=\"3925\"><strong data-start=\"3909\" data-end=\"3923\">2. J\u00e9gkr\u00e9m<\/strong><\/h3>\n<p class=\"\" data-start=\"3926\" data-end=\"4062\">Egy nosztalgikus gy\u00fcm\u00f6lcs\u00f6s j\u00e9gkr\u00e9m \u00edzkever\u00e9k, amely visszavisz a ny\u00e1rba. A friss\u00edt\u0151 mentolos ut\u00f3\u00edz a hab a tort\u00e1n.<\/p>\n<h3 class=\"\" data-start=\"4064\" data-end=\"4095\"><strong data-start=\"4068\" data-end=\"4093\">3. Bluesour M\u00e1lna<\/strong><\/h3>\n<p class=\"\" data-start=\"4096\" data-end=\"4213\">Egy fanyar k\u00e9k m\u00e1lna f\u00fazi\u00f3 citrusos lend\u00fclettel, amely csalogatja az \u00edzlel\u0151bimb\u00f3kat. T\u00f6k\u00e9letes egyens\u00faly az \u00e9des \u00e9s a savany\u00fa k\u00f6z\u00f6tt.<\/p>\n<h3 class=\"\" data-start=\"4215\" data-end=\"4245\"><strong data-start=\"4219\" data-end=\"4243\">4. Alma M\u00e1lna Robban\u00e1s<\/strong><\/h3>\n<p class=\"\" data-start=\"4246\" data-end=\"4355\">\u00c9des \u00e9s l\u00e9d\u00fas kever\u00e9ke az \u00e9rett alm\u00e1nak, kombin\u00e1lva egy vegyes erdei gy\u00fcm\u00f6lcs\u00f6kkel, egy friss\u00edt\u0151, kiegyens\u00falyozott \u00edz\u00e9rt.<\/p>\n<h3 class=\"\" data-start=\"4357\" data-end=\"4376\"><strong data-start=\"4361\" data-end=\"4374\">5. Cseresznye<\/strong><\/h3>\n<p class=\"\" data-start=\"4377\" data-end=\"4500\">Tiszta, \u00e9des cseresznye \u00edz, \u00e9ppen megfelel\u0151 mennyis\u00e9g\u0171 savany\u00fas\u00e1ggal. Egyszer\u0171, m\u00e9gis kiel\u00e9g\u00edt\u0151, ez az \u00edz \u00f6r\u00f6k klasszikus.<\/p>\n<h3 class=\"\" data-start=\"4502\" data-end=\"4529\"><strong data-start=\"4506\" data-end=\"4527\">6. Pacific Cooler<\/strong><\/h3>\n<p class=\"\" data-start=\"4530\" data-end=\"4659\">Tr\u00f3pusi gy\u00fcm\u00f6lcspuncs anan\u00e1sz, mang\u00f3 \u00e9s citrus, mindet h\u0171s\u00edt\u0151 mentolos szell\u0151be csomagolva. Igazi egzotikus \u00e9s friss\u00edt\u0151 \u00e9lm\u00e9ny.<\/p>\n<h3 class=\"\" data-start=\"4661\" data-end=\"4688\"><strong data-start=\"4665\" data-end=\"4686\">7. Bogy\u00f3s Citroml\u00e9<\/strong><\/h3>\n<p class=\"\" data-start=\"4689\" data-end=\"4798\">\u00c9rett bogy\u00f3k \u00e9s savany\u00fa citroml\u00e9 t\u00f6k\u00e9letes kever\u00e9ke, \u00e9des-savany\u00fa elegyet l\u00e9trehozva, ami minden korttyal friss\u00edt.<\/p>\n<h3 class=\"\" data-start=\"4800\" data-end=\"4824\"><strong data-start=\"4804\" data-end=\"4822\">8. Tigrisv\u00e9r<\/strong><\/h3>\n<p class=\"\" data-start=\"4825\" data-end=\"4936\">Egy egzotikus eper, g\u00f6r\u00f6gdinnye \u00e9s k\u00f3kusz kever\u00e9k, amely mer\u00e9sz \u00e9s intenz\u00edv \u00edzt k\u00edn\u00e1l, ami hat\u00e1rozottan kit\u0171nik.<\/p>\n<h3 class=\"\" data-start=\"4938\" data-end=\"4958\"><strong data-start=\"4942\" data-end=\"4956\">9. Mr Blue<\/strong><\/h3>\n<p class=\"\" data-start=\"4959\" data-end=\"5075\">Egy titokzatos bogy\u00f3s \u00e9s mentolos kombin\u00e1ci\u00f3, \u00e9dess\u00e9ggel \u00e9rintve, ami h\u0171s csavart ad az \u00e9lm\u00e9nyhez.<\/p>\n<h3 class=\"\" data-start=\"5077\" data-end=\"5105\"><strong data-start=\"5081\" data-end=\"5103\">10. V\u00f6r\u00f6s Energia J\u00e9g<\/strong><\/h3>\n<p class=\"\" data-start=\"5106\" data-end=\"5254\">Az energiaitalok ihlette ez az \u00edz, amely energiz\u00e1l\u00f3 hat\u00e1st ny\u00fajt h\u0171s\u00edt\u0151, friss\u00edt\u0151 mentolos befejez\u00e9ssel. T\u00f6k\u00e9letes azok sz\u00e1m\u00e1ra, akiknek sz\u00fcks\u00e9g\u00fck van egy kis fellend\u00edt\u00e9sre.<\/p>\n<h3 class=\"\" data-start=\"5256\" data-end=\"5283\"><strong data-start=\"5260\" data-end=\"5281\">11. V\u00f6r\u00f6s Alma J\u00e9g<\/strong><\/h3>\n<p class=\"\" data-start=\"5284\" data-end=\"5415\">\u00c9les v\u00f6r\u00f6s alma \u00edz, amelyet friss\u00edt\u0151 mentol alhangsz\u00edn k\u00eds\u00e9r.  \u00d6r\u00f6m \u00e9s ropog\u00f3s vape, amely minden bel\u00e9gz\u00e9ssel felfriss\u00edt.<\/p>\n<h3 class=\"\" data-start=\"5417\" data-end=\"5457\"><strong data-start=\"5421\" data-end=\"5455\">12. \u00c1fonya Cseresznye Cranberry<\/strong><\/h3>\n<p class=\"\" data-start=\"5458\" data-end=\"5587\">Egy gy\u00fcm\u00f6lcsh\u00e1rmas - \u00e1fonya, cseresznye \u00e9s \u00e1 cranberry - egyes\u00fcl, hogy \u00e9des, savany\u00fa \u00e9s fanyar \u00e9lm\u00e9nyt ny\u00fajtson egyetlen f\u00faj\u00e1ssal.<\/p>\n<h3 class=\"\" data-start=\"5589\" data-end=\"5619\"><strong data-start=\"5593\" data-end=\"5617\">13. Blue Razz Cherry<\/strong><\/h3>\n<p class=\"\" data-start=\"5620\" data-end=\"5737\">\u00c9l\u00e9nk k\u00e9k m\u00e1ln\u00e1s \u00edz, amelyhez l\u00e9d\u00fas cseresznye t\u00e1rsul, \u00e9s ez adja a savanyk\u00e1s-\u00e9des \u00e9lm\u00e9nyt, ami biztosan elnyeri az \u00edzl\u00e9sedet.<\/p>\n<h3 class=\"\" data-start=\"5739\" data-end=\"5762\"><strong data-start=\"5743\" data-end=\"5760\">14. Sz\u0151l\u0151 J\u00e9g<\/strong><\/h3>\n<p class=\"\" data-start=\"5763\" data-end=\"5857\">Lush, \u00e9des sz\u0151l\u0151 \u00edz, jeges mentollal r\u00e9tegezve, egy testes, h\u0171t\u00f6tt vape \u00e9lm\u00e9ny\u00e9rt.<\/p>\n<h3 class=\"\" data-start=\"5859\" data-end=\"5882\"><strong data-start=\"5863\" data-end=\"5880\">15. Mang\u00f3 J\u00e9g<\/strong><\/h3>\n<p class=\"\" data-start=\"5883\" data-end=\"5989\">Tr\u00f3pusi egzotikus mang\u00f3 \u00edz, melyet friss\u00edt\u0151 mentolos kil\u00e9gz\u00e9s eg\u00e9sz\u00edt ki. A v\u00e9gs\u0151 gy\u00fcm\u00f6lcs\u00f6s, h\u0171s\u00edt\u0151 kombin\u00e1ci\u00f3.<\/p>\n<h3 class=\"\" data-start=\"5991\" data-end=\"6021\"><strong data-start=\"5995\" data-end=\"6019\">16. Ban\u00e1n Turmix<\/strong><\/h3>\n<p class=\"\" data-start=\"6022\" data-end=\"6157\">Kr\u00e9mes \u00e9s \u00e1lomszer\u0171 ban\u00e1n desszert \u00edz, amely \u00fagy \u00e9rzi, mintha egy gazdag milkshaket k\u00e9nyeztetne. T\u00f6k\u00e9letes egy \u00e9des, sima vape \u00e9lm\u00e9nyhez.<\/p>\n<h3 class=\"\" data-start=\"6159\" data-end=\"6194\"><strong data-start=\"6163\" data-end=\"6192\">17. Eper S\u00e1rgadinnye<\/strong><\/h3>\n<p class=\"\" data-start=\"6195\" data-end=\"6325\">Egy l\u00e9d\u00fas, friss\u00edt\u0151 ny\u00e1ri gy\u00fcm\u00f6lcs\u00f6kb\u0151l \u00e1ll\u00f3 kever\u00e9k, amely az \u00e9des epret \u00e9s a g\u00f6r\u00f6gdinny\u00e9t \u00f6tv\u00f6zi, egy gy\u00fcm\u00f6lcs\u00f6s vape-hoz, amely ide\u00e1lis a forr\u00f3 napokra.<\/p>\n<h3 class=\"\" data-start=\"6327\" data-end=\"6350\"><strong data-start=\"6331\" data-end=\"6348\">18. \u0150szibar\u00e1t J\u00e9g<\/strong><\/h3>\n<p class=\"\" data-start=\"6351\" data-end=\"6461\">Finom \u0151szibar\u00e1t \u00edz, friss\u00edt\u0151 mentolos befejez\u00e9ssel. \u00c9des \u00e9s sima, \u00e9ppen megfelel\u0151 mennyis\u00e9g\u0171 h\u0171v\u00f6ss\u00e9ggel.<\/p>\n<h3 class=\"\" data-start=\"6463\" data-end=\"6493\"><strong data-start=\"6467\" data-end=\"6491\">19. \u00c1fonya J\u00e9ggel<\/strong><\/h3>\n<p class=\"\" data-start=\"6494\" data-end=\"6595\">L\u00e9d\u00fas \u00e1fonya, p\u00e1ros\u00edtva egy friss\u00edt\u0151 mentolos fuvallal, ami j\u00e9ghideg vape-\u00e9lm\u00e9nyt ny\u00fajt.<\/p>\n<h3 class=\"\" data-start=\"6597\" data-end=\"6624\"><strong data-start=\"6601\" data-end=\"6622\">20. R\u00f3zsasz\u00edn Citromos \u00dcd\u00edt\u0151<\/strong><\/h3>\n<p class=\"\" data-start=\"6625\" data-end=\"6733\">Egy pik\u00e1ns r\u00f3zsasz\u00edn citrus kever\u00e9k, savany\u00fa \u00e9s \u00e9des \u00edzekkel, ami egyedi \u00e9s karakteres vape \u00e9lm\u00e9nyt ny\u00fajt.<\/p>\n<hr class=\"\" data-start=\"6735\" data-end=\"6738\" \/>\n<h2 class=\"\" data-start=\"6740\" data-end=\"6787\">Kinek \u00e9rdemes megv\u00e1s\u00e1rolnia az FUMOT RandM Tornado 7000-et?<\/h2>\n<p class=\"\" data-start=\"6789\" data-end=\"7119\">A <strong data-start=\"6793\" data-end=\"6821\">FUMOT RandM Tornado 7000<\/strong> Mind a tapasztalt g\u0151z\u00f6l\u0151kh\u00f6z, mind az \u00fajoncokhoz tervezve. Ha nagy teljes\u00edtm\u00e9nyt, k\u00f6nny\u0171 haszn\u00e1lhat\u00f3s\u00e1got \u00e9s sz\u00e9les \u00edzv\u00e1laszt\u00e9kot \u00e9rt\u00e9kel, akkor ez az eszk\u00f6z t\u00f6k\u00e9letes v\u00e1laszt\u00e1s. Ak\u00e1r egy\u00e9ni g\u0151z\u00f6l\u0151 vagy keresked\u0151, aki a legjobb min\u0151s\u00e9g\u0171 eldobhat\u00f3 g\u0151z\u00f6l\u0151ket szeretn\u00e9 k\u00edn\u00e1lni \u00fcgyfeleinek, a Tornado 7000 megfelel az ig\u00e9nyeknek.<\/p>\n<p class=\"\" data-start=\"7121\" data-end=\"7420\">Kiskeresked\u0151k sz\u00e1m\u00e1ra, <strong data-start=\"7136\" data-end=\"7154\">FumotXpress.de<\/strong> rugalmas v\u00e1s\u00e1rl\u00e1si lehet\u0151s\u00e9geket k\u00edn\u00e1l <strong data-start=\"7195\" data-end=\"7215\">Nincs minim\u00e1lis rendel\u00e9si mennyis\u00e9g<\/strong>. Ak\u00e1r csak egy darabra van sz\u00fcks\u00e9ge, ak\u00e1r nagy mennyis\u00e9gben szeretne v\u00e1s\u00e1rolni, mi gondoskodunk r\u00f3la. Gyors, megb\u00edzhat\u00f3 sz\u00e1ll\u00edt\u00e1s k\u00f6zvetlen\u00fcl a mi <strong data-start=\"7337\" data-end=\"7359\">Eur\u00f3pai rakt\u00e1r<\/strong> biztos\u00edtja, hogy term\u00e9kei 3-7 napon bel\u00fcl meg\u00e9rkezzenek.<\/p>\n<hr class=\"\" data-start=\"7422\" data-end=\"7425\" \/>\n<h2 class=\"\" data-start=\"7427\" data-end=\"7457\">Mi\u00e9rt v\u00e1s\u00e1roljon a FumotXpress.de-n?<\/h2>\n<p class=\"\" data-start=\"7459\" data-end=\"7651\">At <strong data-start=\"7462\" data-end=\"7480\">FumotXpress.de<\/strong>Mi b\u00fcszk\u00e9k vagyunk arra, hogy a legjobb eldobhat\u00f3 vape-eket k\u00edn\u00e1ljuk a legjobb m\u00e1rk\u00e1kt\u00f3l, mint p\u00e9ld\u00e1ul <strong data-start=\"7560\" data-end=\"7604\"><a href=\"https:\/\/fumotxpress.de\/hu\/\">FUMOT,<\/a> Al Fakher, OBEELAB HHC, SMPO DL02<\/strong>\u00e9s m\u00e9g sok m\u00e1s. Itt van, mi\u00e9rt \u00e9rdemes n\u00e1lunk v\u00e1s\u00e1rolnia:<\/p>\n<ul data-start=\"7653\" data-end=\"7994\">\n<li class=\"\" data-start=\"7653\" data-end=\"7710\">\n<p class=\"\" data-start=\"7655\" data-end=\"7710\"><strong data-start=\"7655\" data-end=\"7708\">N\u00e9metorsz\u00e1g legnagyobb online eldobhat\u00f3 vape keresked\u0151je<\/strong><\/p>\n<\/li>\n<li class=\"\" data-start=\"7711\" data-end=\"7784\">\n<p class=\"\" data-start=\"7713\" data-end=\"7784\"><strong data-start=\"7713\" data-end=\"7732\">Csak a Legn\u00e9pszer\u0171bb M\u00e1rk\u00e1k<\/strong> \u2013 FUMOT, Al Fakher, OBEELAB HHC, Fizzy, \u00e9s m\u00e9g t\u00f6bb.<\/p>\n<\/li>\n<li class=\"\" data-start=\"7785\" data-end=\"7840\">\n<p class=\"\" data-start=\"7787\" data-end=\"7840\"><strong data-start=\"7787\" data-end=\"7807\">Nincs Minim\u00e1lis Rendel\u00e9s<\/strong> \u2013 Egyetlen darabot is v\u00e1s\u00e1rolhat.<\/p>\n<\/li>\n<li class=\"\" data-start=\"7841\" data-end=\"7921\">\n<p class=\"\" data-start=\"7843\" data-end=\"7921\"><strong data-start=\"7843\" data-end=\"7864\">Gyors EU sz\u00e1ll\u00edt\u00e1s<\/strong> \u2013 Gyors, megb\u00edzhat\u00f3 sz\u00e1ll\u00edt\u00e1s eur\u00f3pai rakt\u00e1runkb\u00f3l.<\/p>\n<\/li>\n<li class=\"\" data-start=\"7922\" data-end=\"7994\">\n<p class=\"\" data-start=\"7924\" data-end=\"7994\"><strong data-start=\"7924\" data-end=\"7949\">Elk\u00f6telezetts\u00e9g a Min\u0151s\u00e9g mellett<\/strong> \u2013 Eredeti, hiteles term\u00e9keket forgalmazunk csak.<\/p>\n<\/li>\n<\/ul>\n<hr class=\"\" data-start=\"7996\" data-end=\"7999\" \/>\n<h2 class=\"\" data-start=\"8001\" data-end=\"8008\">GYIK<\/h2>\n<p class=\"\" data-start=\"8010\" data-end=\"8218\"><strong data-start=\"8010\" data-end=\"8075\">A FUMOT RandM Tornado 7000 eldobhat\u00f3 vape \u00fajrat\u00f6lthet\u0151?<\/strong><br data-start=\"8075\" data-end=\"8078\" \/>Igen, a Tornado 7000 rendelkezik egy <strong data-start=\"8111\" data-end=\"8143\">1000mAh \u00fajrat\u00f6lthet\u0151 akkumul\u00e1tor<\/strong> amelyet USB-n kereszt\u00fcl lehet t\u00f6lteni, \u00edgy biztos\u00edtva, hogy a legt\u00f6bbet hozza ki k\u00e9sz\u00fcl\u00e9k\u00e9b\u0151l.<\/p>\n<p class=\"\" data-start=\"8220\" data-end=\"8375\"><strong data-start=\"8220\" data-end=\"8259\">Milyen nikotinszintek \u00e9rhet\u0151k el?<\/strong><br data-start=\"8259\" data-end=\"8262\" \/>A Tornado 7000 k\u00edn\u00e1lja <strong data-start=\"8286\" data-end=\"8317\">0%, 2%, 3% \u00e9s 5% nikotin<\/strong> opci\u00f3kat, \u00edgy kiv\u00e1laszthatja az \u00d6nnek legmegfelel\u0151bb szintet.<\/p>\n<p class=\"\" data-start=\"8377\" data-end=\"8521\"><strong data-start=\"8377\" data-end=\"8412\">Alkalmas-e kezd\u0151k sz\u00e1m\u00e1ra?<\/strong><br data-start=\"8412\" data-end=\"8415\" \/>Term\u00e9szetesen! A Tornado 7000 rendk\u00edv\u00fcl k\u00f6nnyen haszn\u00e1lhat\u00f3 - egyszer\u0171en csomagolja ki, t\u00f6ltse fel (ha sz\u00fcks\u00e9ges), \u00e9s kezdje el a vapoz\u00e1st.<\/p>\n<p class=\"\" data-start=\"8523\" data-end=\"8659\"><strong data-start=\"8523\" data-end=\"8558\">H\u00e1ny \u00edzes\u00edt\u00e9s \u00e9rhet\u0151 el?<\/strong><br data-start=\"8558\" data-end=\"8561\" \/>A Tornado 7000 tartoz\u00e9kai k\u00f6z\u00e9 tartozik <strong data-start=\"8589\" data-end=\"8613\">20 finom \u00edzes\u00edt\u00e9s<\/strong>az h\u0171s mentolos v\u00e1ltozatokt\u00f3l a gy\u00fcm\u00f6lcs\u00f6s kever\u00e9kekig.<\/p>\n<p class=\"\" data-start=\"8661\" data-end=\"8790\"><strong data-start=\"8661\" data-end=\"8697\">FumotXpress.de<\/strong><br data-start=\"8697\" data-end=\"8700\" \/>N\u00e9metorsz\u00e1gb\u00f3l \u00fczemel\u00fcnk \u00e9s az EU-ban sz\u00e1ll\u00edtunk, k\u00f6zvetlen\u00fcl a saj\u00e1t <strong data-start=\"8766\" data-end=\"8788\">Eur\u00f3pai rakt\u00e1r<\/strong>.<\/p>\n<hr class=\"\" data-start=\"8792\" data-end=\"8795\" \/>\n<p class=\"\" data-start=\"8797\" data-end=\"8894\"><strong data-start=\"8797\" data-end=\"8827\">V\u00e1s\u00e1roljon most<a href=\"https:\/\/fumotxpress.de\/hu\/\"> FumotXpress.de<\/a><\/strong> \u00e9s emelje magasabb szintre az e-cigarett\u00e1z\u00e1s \u00e9lm\u00e9ny\u00e9t a **FUMOT RandM Tornado** seg\u00edts\u00e9g\u00e9vel<\/p>","protected":false},"excerpt":{"rendered":"<p>V\u00e1s\u00e1rolja meg a FUMOT RandM Tornado 7000 Puffs eldobhat\u00f3 vape-ot a FumotXpress.de oldalon. \u00c9lvezze ak\u00e1r 7000 sz\u00edv\u00e1st, szem\u00e9lyre szabhat\u00f3 nikotin opci\u00f3kat \u00e9s pr\u00e9mium \u00edzek sz\u00e9les sk\u00e1l\u00e1j\u00e1t. Gyors EU-s sz\u00e1ll\u00edt\u00e1s eur\u00f3pai rakt\u00e1runkb\u00f3l!<\/p>","protected":false},"featured_media":3737,"comment_status":"open","ping_status":"closed","template":"","meta":{"om_disable_all_campaigns":false},"product_brand":[],"product_cat":[24],"product_tag":[],"class_list":{"0":"post-3713","1":"product","2":"type-product","3":"status-publish","4":"has-post-thumbnail","6":"product_cat-fumot-tornado-disposable-vapes","8":"first","9":"instock","10":"shipping-taxable","11":"purchasable","12":"product-type-variable"},"_links":{"self":[{"href":"https:\/\/fumotxpress.de\/hu\/wp-json\/wp\/v2\/product\/3713","targetHints":{"allow":["GET"]}}],"collection":[{"href":"https:\/\/fumotxpress.de\/hu\/wp-json\/wp\/v2\/product"}],"about":[{"href":"https:\/\/fumotxpress.de\/hu\/wp-json\/wp\/v2\/types\/product"}],"replies":[{"embeddable":true,"href":"https:\/\/fumotxpress.de\/hu\/wp-json\/wp\/v2\/comments?post=3713"}],"wp:featuredmedia":[{"embeddable":true,"href":"https:\/\/fumotxpress.de\/hu\/wp-json\/wp\/v2\/media\/3737"}],"wp:attachment":[{"href":"https:\/\/fumotxpress.de\/hu\/wp-json\/wp\/v2\/media?parent=3713"}],"wp:term":[{"taxonomy":"product_brand","embeddable":true,"href":"https:\/\/fumotxpress.de\/hu\/wp-json\/wp\/v2\/product_brand?post=3713"},{"taxonomy":"product_cat","embeddable":true,"href":"https:\/\/fumotxpress.de\/hu\/wp-json\/wp\/v2\/product_cat?post=3713"},{"taxonomy":"product_tag","embeddable":true,"href":"https:\/\/fumotxpress.de\/hu\/wp-json\/wp\/v2\/product_tag?post=3713"}],"curies":[{"name":"wp","href":"https:\/\/api.w.org\/{rel}","templated":true}]}}